{"id":20627,"date":"2024-07-27T13:37:26","date_gmt":"2024-07-27T17:37:26","guid":{"rendered":"https:\/\/naturalbikes.cl\/?post_type=product&#038;p=20627"},"modified":"2026-01-06T17:11:57","modified_gmt":"2026-01-06T20:11:57","slug":"pastillas-a2z-resina-organica-magura-mt5-mt5e-mttrail","status":"publish","type":"product","link":"https:\/\/naturalbikes.cl\/?product=pastillas-a2z-resina-organica-magura-mt5-mt5e-mttrail","title":{"rendered":"Pastillas A2z Resina Org\u00e1nica Magura Mt5\/Mt5e\/Mttrail"},"content":{"rendered":"<p>Las pastillas de freno A2Z Resina Org\u00e1nica, Dise\u00f1o con arco que facilita la instalaci\u00f3n del rotor, est\u00e1n equipadas con indicadores de desgaste que se\u00f1alan la necesidad de sustituir las pastillas. Magura MT5\/MT5e\/MT Trail<\/p>\n","protected":false},"excerpt":{"rendered":"<p><a href=\"https:\/\/naturalbikes.cl\/wp-content\/uploads\/2024\/07\/a2z-business-logo-modern-minimalist-260nw-2396118851.jpg.webp\"><img decoding=\"async\" class=\"wp-image-20626 alignleft\" src=\"https:\/\/naturalbikes.cl\/wp-content\/uploads\/2024\/07\/a2z-business-logo-modern-minimalist-260nw-2396118851.jpg.webp\" alt=\"\" width=\"100\" height=\"108\" \/><\/a><\/p>\n<p><strong>Las pastillas A2z de resina org\u00e1nica para Magura MT5, MT5e y MTtrail ofrecen una frenada suave y potente. Perfectas para mejorar el rendimiento y la seguridad de tu bicicleta en cualquier terreno.<\/strong><\/p>\n","protected":false},"featured_media":20628,"comment_status":"open","ping_status":"closed","template":"","meta":[],"product_cat":[312,198,243],"product_tag":[1328,1324,1323],"class_list":{"0":"post-20627","1":"product","2":"type-product","3":"status-publish","4":"has-post-thumbnail","6":"product_brand-a2z","7":"product_cat-a2z","8":"product_cat-componentes","9":"product_cat-frenos-discos-pastillas-adaptadores","10":"product_tag-a2z","11":"product_tag-brake-pads","12":"product_tag-pastillas-de-freno","14":"first","15":"instock","16":"taxable","17":"shipping-taxable","18":"purchasable","19":"product-type-simple"},"yoast_head":"<!-- This site is optimized with the Yoast SEO Premium plugin v24.8 (Yoast SEO v25.6) - https:\/\/yoast.com\/wordpress\/plugins\/seo\/ -->\n<title>Pastillas A2z Resina Org\u00e1nica Magura Mt5\/Mt5e\/Mttrail - NaturalBikes<\/title>\n<meta name=\"description\" content=\"Las pastillas A2z de resina org\u00e1nica para Magura MT5, MT5e y MTtrail ofrecen una frenada suave y potente. Perfectas para mejorar el rendimiento y la seguridad de tu bicicleta en cualquier terreno.\" \/>\n<meta name=\"robots\" content=\"index, follow, max-snippet:-1, max-image-preview:large, max-video-preview:-1\" \/>\n<link rel=\"canonical\" href=\"https:\/\/naturalbikes.cl\/?product=pastillas-a2z-resina-organica-magura-mt5-mt5e-mttrail\" \/>\n<meta property=\"og:locale\" content=\"es_ES\" \/>\n<meta property=\"og:type\" content=\"article\" \/>\n<meta property=\"og:title\" content=\"Pastillas A2z Resina Org\u00e1nica Magura Mt5\/Mt5e\/Mttrail\" \/>\n<meta property=\"og:description\" content=\"Ofrecer a nuestros clientes apasionados por el ciclismo de monta\u00f1a la mejor experiencia en productos, conocimientos especializados y servicios excepcionales. Nos comprometemos a proporcionar una amplia gama de bicicletas, accesorios y equipo de alta calidad, junto con asesoramiento experto y atenci\u00f3n personalizada para cada ciclista, para que puedan explorar, disfrutar y maximizar su aventura en el mundo del MTB\" \/>\n<meta property=\"og:url\" content=\"https:\/\/naturalbikes.cl\/?product=pastillas-a2z-resina-organica-magura-mt5-mt5e-mttrail\" \/>\n<meta property=\"og:site_name\" content=\"NaturalBikes\" \/>\n<meta property=\"article:publisher\" content=\"https:\/\/www.facebook.com\/naturalbikescl\" \/>\n<meta property=\"article:modified_time\" content=\"2026-01-06T20:11:57+00:00\" \/>\n<meta property=\"og:image\" content=\"https:\/\/naturalbikes.cl\/wp-content\/uploads\/2024\/07\/P2111-21719941822228.jpg\" \/>\n\t<meta property=\"og:image:width\" content=\"1500\" \/>\n\t<meta property=\"og:image:height\" content=\"1500\" \/>\n\t<meta property=\"og:image:type\" content=\"image\/jpeg\" \/>\n<meta name=\"twitter:card\" content=\"summary_large_image\" \/>\n<meta name=\"twitter:label1\" content=\"Tiempo de lectura\" \/>\n\t<meta name=\"twitter:data1\" content=\"1 minuto\" \/>\n<script type=\"application\/ld+json\" class=\"yoast-schema-graph\">{\"@context\":\"https:\/\/schema.org\",\"@graph\":[{\"@type\":\"WebPage\",\"@id\":\"https:\/\/naturalbikes.cl\/?product=pastillas-a2z-resina-organica-magura-mt5-mt5e-mttrail\",\"url\":\"https:\/\/naturalbikes.cl\/?product=pastillas-a2z-resina-organica-magura-mt5-mt5e-mttrail\",\"name\":\"Pastillas A2z Resina Org\u00e1nica Magura Mt5\/Mt5e\/Mttrail - NaturalBikes\",\"isPartOf\":{\"@id\":\"https:\/\/naturalbikes.cl\/#website\"},\"primaryImageOfPage\":{\"@id\":\"https:\/\/naturalbikes.cl\/?product=pastillas-a2z-resina-organica-magura-mt5-mt5e-mttrail#primaryimage\"},\"image\":{\"@id\":\"https:\/\/naturalbikes.cl\/?product=pastillas-a2z-resina-organica-magura-mt5-mt5e-mttrail#primaryimage\"},\"thumbnailUrl\":\"https:\/\/naturalbikes.cl\/wp-content\/uploads\/2024\/07\/P2111-21719941822228.jpg\",\"datePublished\":\"2024-07-27T17:37:26+00:00\",\"dateModified\":\"2026-01-06T20:11:57+00:00\",\"description\":\"Las pastillas A2z de resina org\u00e1nica para Magura MT5, MT5e y MTtrail ofrecen una frenada suave y potente. Perfectas para mejorar el rendimiento y la seguridad de tu bicicleta en cualquier terreno.\",\"breadcrumb\":{\"@id\":\"https:\/\/naturalbikes.cl\/?product=pastillas-a2z-resina-organica-magura-mt5-mt5e-mttrail#breadcrumb\"},\"inLanguage\":\"es\",\"potentialAction\":[{\"@type\":\"ReadAction\",\"target\":[\"https:\/\/naturalbikes.cl\/?product=pastillas-a2z-resina-organica-magura-mt5-mt5e-mttrail\"]}]},{\"@type\":\"ImageObject\",\"inLanguage\":\"es\",\"@id\":\"https:\/\/naturalbikes.cl\/?product=pastillas-a2z-resina-organica-magura-mt5-mt5e-mttrail#primaryimage\",\"url\":\"https:\/\/naturalbikes.cl\/wp-content\/uploads\/2024\/07\/P2111-21719941822228.jpg\",\"contentUrl\":\"https:\/\/naturalbikes.cl\/wp-content\/uploads\/2024\/07\/P2111-21719941822228.jpg\",\"width\":1500,\"height\":1500},{\"@type\":\"BreadcrumbList\",\"@id\":\"https:\/\/naturalbikes.cl\/?product=pastillas-a2z-resina-organica-magura-mt5-mt5e-mttrail#breadcrumb\",\"itemListElement\":[{\"@type\":\"ListItem\",\"position\":1,\"name\":\"Portada\",\"item\":\"https:\/\/naturalbikes.cl\/\"},{\"@type\":\"ListItem\",\"position\":2,\"name\":\"Tienda NB\",\"item\":\"https:\/\/naturalbikes.cl\/?page_id=7843\"},{\"@type\":\"ListItem\",\"position\":3,\"name\":\"A2Z\",\"item\":\"https:\/\/naturalbikes.cl\/?product_brand=a2z\"},{\"@type\":\"ListItem\",\"position\":4,\"name\":\"Pastillas A2z Resina Org\u00e1nica Magura Mt5\/Mt5e\/Mttrail\"}]},{\"@type\":\"WebSite\",\"@id\":\"https:\/\/naturalbikes.cl\/#website\",\"url\":\"https:\/\/naturalbikes.cl\/\",\"name\":\"Natural Bikes\",\"description\":\"Tienda de bicicletas repuestos accesorios taller mantenimiento clases salidas\",\"publisher\":{\"@id\":\"https:\/\/naturalbikes.cl\/#organization\"},\"alternateName\":\"Natural Bikes\",\"potentialAction\":[{\"@type\":\"SearchAction\",\"target\":{\"@type\":\"EntryPoint\",\"urlTemplate\":\"https:\/\/naturalbikes.cl\/?s={search_term_string}\"},\"query-input\":{\"@type\":\"PropertyValueSpecification\",\"valueRequired\":true,\"valueName\":\"search_term_string\"}}],\"inLanguage\":\"es\"},{\"@type\":\"Organization\",\"@id\":\"https:\/\/naturalbikes.cl\/#organization\",\"name\":\"Natural Bikes\",\"alternateName\":\"Natural Bikes\",\"url\":\"https:\/\/naturalbikes.cl\/\",\"logo\":{\"@type\":\"ImageObject\",\"inLanguage\":\"es\",\"@id\":\"https:\/\/naturalbikes.cl\/#\/schema\/logo\/image\/\",\"url\":\"https:\/\/naturalbikes.cl\/wp-content\/uploads\/2024\/05\/2023-10-10-10.44.12.jpg\",\"contentUrl\":\"https:\/\/naturalbikes.cl\/wp-content\/uploads\/2024\/05\/2023-10-10-10.44.12.jpg\",\"width\":650,\"height\":650,\"caption\":\"Natural Bikes\"},\"image\":{\"@id\":\"https:\/\/naturalbikes.cl\/#\/schema\/logo\/image\/\"},\"sameAs\":[\"https:\/\/www.facebook.com\/naturalbikescl\",\"https:\/\/www.instagram.com\/natural.bikes\",\"https:\/\/www.tiktok.com\/@natural.bikes\"],\"description\":\"Ofrecer a nuestros clientes apasionados por el ciclismo de monta\u00f1a la mejor experiencia en productos, conocimientos especializados y servicios excepcionales. Nos comprometemos a proporcionar una amplia gama de bicicletas, accesorios y equipo de alta calidad, junto con asesoramiento experto y atenci\u00f3n personalizada para cada ciclista, para que puedan explorar, disfrutar y maximizar su aventura en el mundo del MTB\",\"email\":\"naturalbikes1@gmail.com\",\"telephone\":\"56977043878\",\"legalName\":\"Natural Bikes Limitada\",\"foundingDate\":\"2024-01-01\",\"vatID\":\"76699553-5\",\"taxID\":\"76699553-5\",\"numberOfEmployees\":{\"@type\":\"QuantitativeValue\",\"minValue\":\"1\",\"maxValue\":\"10\"},\"publishingPrinciples\":\"https:\/\/naturalbikes.cl\/?page_id=7843\",\"ownershipFundingInfo\":\"https:\/\/naturalbikes.cl\/?page_id=7843\",\"actionableFeedbackPolicy\":\"https:\/\/naturalbikes.cl\/?page_id=14797\",\"correctionsPolicy\":\"https:\/\/naturalbikes.cl\/?page_id=3\",\"ethicsPolicy\":\"https:\/\/naturalbikes.cl\/?page_id=7843\",\"diversityPolicy\":\"https:\/\/naturalbikes.cl\/?page_id=11734\",\"diversityStaffingReport\":\"https:\/\/naturalbikes.cl\/?page_id=12161\"}]}<\/script>\n<!-- \/ Yoast SEO Premium plugin. -->","yoast_head_json":{"title":"Pastillas A2z Resina Org\u00e1nica Magura Mt5\/Mt5e\/Mttrail - NaturalBikes","description":"Las pastillas A2z de resina org\u00e1nica para Magura MT5, MT5e y MTtrail ofrecen una frenada suave y potente. Perfectas para mejorar el rendimiento y la seguridad de tu bicicleta en cualquier terreno.","robots":{"index":"index","follow":"follow","max-snippet":"max-snippet:-1","max-image-preview":"max-image-preview:large","max-video-preview":"max-video-preview:-1"},"canonical":"https:\/\/naturalbikes.cl\/?product=pastillas-a2z-resina-organica-magura-mt5-mt5e-mttrail","og_locale":"es_ES","og_type":"article","og_title":"Pastillas A2z Resina Org\u00e1nica Magura Mt5\/Mt5e\/Mttrail","og_description":"Ofrecer a nuestros clientes apasionados por el ciclismo de monta\u00f1a la mejor experiencia en productos, conocimientos especializados y servicios excepcionales. Nos comprometemos a proporcionar una amplia gama de bicicletas, accesorios y equipo de alta calidad, junto con asesoramiento experto y atenci\u00f3n personalizada para cada ciclista, para que puedan explorar, disfrutar y maximizar su aventura en el mundo del MTB","og_url":"https:\/\/naturalbikes.cl\/?product=pastillas-a2z-resina-organica-magura-mt5-mt5e-mttrail","og_site_name":"NaturalBikes","article_publisher":"https:\/\/www.facebook.com\/naturalbikescl","article_modified_time":"2026-01-06T20:11:57+00:00","og_image":[{"width":1500,"height":1500,"url":"https:\/\/naturalbikes.cl\/wp-content\/uploads\/2024\/07\/P2111-21719941822228.jpg","type":"image\/jpeg"}],"twitter_card":"summary_large_image","twitter_misc":{"Tiempo de lectura":"1 minuto"},"schema":{"@context":"https:\/\/schema.org","@graph":[{"@type":"WebPage","@id":"https:\/\/naturalbikes.cl\/?product=pastillas-a2z-resina-organica-magura-mt5-mt5e-mttrail","url":"https:\/\/naturalbikes.cl\/?product=pastillas-a2z-resina-organica-magura-mt5-mt5e-mttrail","name":"Pastillas A2z Resina Org\u00e1nica Magura Mt5\/Mt5e\/Mttrail - NaturalBikes","isPartOf":{"@id":"https:\/\/naturalbikes.cl\/#website"},"primaryImageOfPage":{"@id":"https:\/\/naturalbikes.cl\/?product=pastillas-a2z-resina-organica-magura-mt5-mt5e-mttrail#primaryimage"},"image":{"@id":"https:\/\/naturalbikes.cl\/?product=pastillas-a2z-resina-organica-magura-mt5-mt5e-mttrail#primaryimage"},"thumbnailUrl":"https:\/\/naturalbikes.cl\/wp-content\/uploads\/2024\/07\/P2111-21719941822228.jpg","datePublished":"2024-07-27T17:37:26+00:00","dateModified":"2026-01-06T20:11:57+00:00","description":"Las pastillas A2z de resina org\u00e1nica para Magura MT5, MT5e y MTtrail ofrecen una frenada suave y potente. Perfectas para mejorar el rendimiento y la seguridad de tu bicicleta en cualquier terreno.","breadcrumb":{"@id":"https:\/\/naturalbikes.cl\/?product=pastillas-a2z-resina-organica-magura-mt5-mt5e-mttrail#breadcrumb"},"inLanguage":"es","potentialAction":[{"@type":"ReadAction","target":["https:\/\/naturalbikes.cl\/?product=pastillas-a2z-resina-organica-magura-mt5-mt5e-mttrail"]}]},{"@type":"ImageObject","inLanguage":"es","@id":"https:\/\/naturalbikes.cl\/?product=pastillas-a2z-resina-organica-magura-mt5-mt5e-mttrail#primaryimage","url":"https:\/\/naturalbikes.cl\/wp-content\/uploads\/2024\/07\/P2111-21719941822228.jpg","contentUrl":"https:\/\/naturalbikes.cl\/wp-content\/uploads\/2024\/07\/P2111-21719941822228.jpg","width":1500,"height":1500},{"@type":"BreadcrumbList","@id":"https:\/\/naturalbikes.cl\/?product=pastillas-a2z-resina-organica-magura-mt5-mt5e-mttrail#breadcrumb","itemListElement":[{"@type":"ListItem","position":1,"name":"Portada","item":"https:\/\/naturalbikes.cl\/"},{"@type":"ListItem","position":2,"name":"Tienda NB","item":"https:\/\/naturalbikes.cl\/?page_id=7843"},{"@type":"ListItem","position":3,"name":"A2Z","item":"https:\/\/naturalbikes.cl\/?product_brand=a2z"},{"@type":"ListItem","position":4,"name":"Pastillas A2z Resina Org\u00e1nica Magura Mt5\/Mt5e\/Mttrail"}]},{"@type":"WebSite","@id":"https:\/\/naturalbikes.cl\/#website","url":"https:\/\/naturalbikes.cl\/","name":"Natural Bikes","description":"Tienda de bicicletas repuestos accesorios taller mantenimiento clases salidas","publisher":{"@id":"https:\/\/naturalbikes.cl\/#organization"},"alternateName":"Natural Bikes","potentialAction":[{"@type":"SearchAction","target":{"@type":"EntryPoint","urlTemplate":"https:\/\/naturalbikes.cl\/?s={search_term_string}"},"query-input":{"@type":"PropertyValueSpecification","valueRequired":true,"valueName":"search_term_string"}}],"inLanguage":"es"},{"@type":"Organization","@id":"https:\/\/naturalbikes.cl\/#organization","name":"Natural Bikes","alternateName":"Natural Bikes","url":"https:\/\/naturalbikes.cl\/","logo":{"@type":"ImageObject","inLanguage":"es","@id":"https:\/\/naturalbikes.cl\/#\/schema\/logo\/image\/","url":"https:\/\/naturalbikes.cl\/wp-content\/uploads\/2024\/05\/2023-10-10-10.44.12.jpg","contentUrl":"https:\/\/naturalbikes.cl\/wp-content\/uploads\/2024\/05\/2023-10-10-10.44.12.jpg","width":650,"height":650,"caption":"Natural Bikes"},"image":{"@id":"https:\/\/naturalbikes.cl\/#\/schema\/logo\/image\/"},"sameAs":["https:\/\/www.facebook.com\/naturalbikescl","https:\/\/www.instagram.com\/natural.bikes","https:\/\/www.tiktok.com\/@natural.bikes"],"description":"Ofrecer a nuestros clientes apasionados por el ciclismo de monta\u00f1a la mejor experiencia en productos, conocimientos especializados y servicios excepcionales. Nos comprometemos a proporcionar una amplia gama de bicicletas, accesorios y equipo de alta calidad, junto con asesoramiento experto y atenci\u00f3n personalizada para cada ciclista, para que puedan explorar, disfrutar y maximizar su aventura en el mundo del MTB","email":"naturalbikes1@gmail.com","telephone":"56977043878","legalName":"Natural Bikes Limitada","foundingDate":"2024-01-01","vatID":"76699553-5","taxID":"76699553-5","numberOfEmployees":{"@type":"QuantitativeValue","minValue":"1","maxValue":"10"},"publishingPrinciples":"https:\/\/naturalbikes.cl\/?page_id=7843","ownershipFundingInfo":"https:\/\/naturalbikes.cl\/?page_id=7843","actionableFeedbackPolicy":"https:\/\/naturalbikes.cl\/?page_id=14797","correctionsPolicy":"https:\/\/naturalbikes.cl\/?page_id=3","ethicsPolicy":"https:\/\/naturalbikes.cl\/?page_id=7843","diversityPolicy":"https:\/\/naturalbikes.cl\/?page_id=11734","diversityStaffingReport":"https:\/\/naturalbikes.cl\/?page_id=12161"}]}},"_links":{"self":[{"href":"https:\/\/naturalbikes.cl\/index.php?rest_route=\/wp\/v2\/product\/20627"}],"collection":[{"href":"https:\/\/naturalbikes.cl\/index.php?rest_route=\/wp\/v2\/product"}],"about":[{"href":"https:\/\/naturalbikes.cl\/index.php?rest_route=\/wp\/v2\/types\/product"}],"replies":[{"embeddable":true,"href":"https:\/\/naturalbikes.cl\/index.php?rest_route=%2Fwp%2Fv2%2Fcomments&post=20627"}],"wp:featuredmedia":[{"embeddable":true,"href":"https:\/\/naturalbikes.cl\/index.php?rest_route=\/wp\/v2\/media\/20628"}],"wp:attachment":[{"href":"https:\/\/naturalbikes.cl\/index.php?rest_route=%2Fwp%2Fv2%2Fmedia&parent=20627"}],"wp:term":[{"taxonomy":"product_cat","embeddable":true,"href":"https:\/\/naturalbikes.cl\/index.php?rest_route=%2Fwp%2Fv2%2Fproduct_cat&post=20627"},{"taxonomy":"product_tag","embeddable":true,"href":"https:\/\/naturalbikes.cl\/index.php?rest_route=%2Fwp%2Fv2%2Fproduct_tag&post=20627"}],"curies":[{"name":"wp","href":"https:\/\/api.w.org\/{rel}","templated":true}]}}