{"id":20580,"date":"2024-07-21T19:13:14","date_gmt":"2024-07-21T23:13:14","guid":{"rendered":"https:\/\/naturalbikes.cl\/?post_type=product&#038;p=20580"},"modified":"2026-01-06T17:11:58","modified_gmt":"2026-01-06T20:11:58","slug":"bicicleta-orbea-eg-occam-lt-team","status":"publish","type":"product","link":"https:\/\/naturalbikes.cl\/?product=bicicleta-orbea-eg-occam-lt-team","title":{"rendered":"Bicicleta Orbea EG Occam LT Team"},"content":{"rendered":"<p><a href=\"https:\/\/naturalbikes.cl\/wp-content\/uploads\/2024\/07\/orbea-logo.webp\"><img decoding=\"async\" class=\"size-medium wp-image-20567 aligncenter\" src=\"https:\/\/naturalbikes.cl\/wp-content\/uploads\/2024\/07\/orbea-logo-300x32.webp\" alt=\"\" width=\"300\" height=\"32\" srcset=\"https:\/\/naturalbikes.cl\/wp-content\/uploads\/2024\/07\/orbea-logo-300x32.webp 300w, https:\/\/naturalbikes.cl\/wp-content\/uploads\/2024\/07\/orbea-logo-1024x111.webp 1024w, https:\/\/naturalbikes.cl\/wp-content\/uploads\/2024\/07\/orbea-logo-768x83.webp 768w, https:\/\/naturalbikes.cl\/wp-content\/uploads\/2024\/07\/orbea-logo-1536x166.webp 1536w, https:\/\/naturalbikes.cl\/wp-content\/uploads\/2024\/07\/orbea-logo-2048x221.webp 2048w, https:\/\/naturalbikes.cl\/wp-content\/uploads\/2024\/07\/orbea-logo-800x86.webp 800w\" sizes=\"(max-width: 300px) 100vw, 300px\" \/><\/a><\/p>\n<p>&nbsp;<\/p>\n<h3 style=\"text-align: center;\"><strong>DESCRIPCION\u00a0<\/strong><\/h3>\n<h6 style=\"text-align: center;\">EG OCCAM LT<\/h6>\n<p style=\"text-align: center;\"><strong>Tu bici debe responder a tu manera de montar, adapt\u00e1ndose a cualquier aventura que imagines. Occam LT es esa voz en tu cabeza que te dice que sueltes frenos, vayas m\u00e1s r\u00e1pido y apures m\u00e1s.<\/strong><\/p>\n<p style=\"text-align: center;\"><img decoding=\"async\" src=\"https:\/\/cdn.shopify.com\/s\/files\/1\/0084\/1151\/2896\/files\/occam-lt-pc.jpg?v=1718384615\" alt=\"\" \/><\/p>\n<p style=\"padding-left: 40px;\"><strong>QUICK FLIP ADJUST<\/strong><br \/>\nEn menos de quince segundos puedes modificar la geometr\u00eda, con 8 mm de diferencia en la altura del pedalier y 0,5\u00ba en el \u00e1ngulo de direcci\u00f3n.<\/p>\n<p><img fetchpriority=\"high\" decoding=\"async\" style=\"display: block; margin-left: auto; margin-right: auto;\" src=\"https:\/\/cdn.shopify.com\/s\/files\/1\/0084\/1151\/2896\/files\/02a_quick-flip-adjust.jpg?v=1718383533\" alt=\"\" width=\"500\" height=\"464\" \/><\/p>\n<p style=\"padding-left: 40px;\"><strong>GUIADO DE CABLES<\/strong><br \/>\nLos cables est\u00e1n completamente guiados desde la parte trasera hasta el LOCKR y desde ah\u00ed, en caso de tener que sustituir las fundas, es f\u00e1cil alcanzar la pipa de direcci\u00f3n.<\/p>\n<p><img decoding=\"async\" style=\"display: block; margin-left: auto; margin-right: auto;\" src=\"https:\/\/cdn.shopify.com\/s\/files\/1\/0084\/1151\/2896\/files\/02b_easy-cable-routing.jpg?v=1718384292\" alt=\"\" width=\"500\" height=\"489\" \/><\/p>\n<p style=\"padding-left: 40px;\"><strong>SECOND SKIN<\/strong><br \/>\nLa Occam est\u00e1 preparada para un uso exigente y sus vinilos reemplazables aportan nuevos dise\u00f1os y protegen su pintura para que se mantenga como nueva por m\u00e1s tiempo.<\/p>\n<p><img loading=\"lazy\" decoding=\"async\" style=\"display: block; margin-left: auto; margin-right: auto;\" src=\"https:\/\/cdn.shopify.com\/s\/files\/1\/0084\/1151\/2896\/files\/02c_second-skin.jpg?v=1718384362\" alt=\"\" width=\"500\" height=\"504\" \/><\/p>\n<p style=\"padding-left: 40px;\"><strong>STEEP\u00b4N\u00b4DEEP<\/strong><br \/>\nGracias a la longitud del tubo de sill\u00edn, es posible insertar por completo una tija telesc\u00f3pica de 230mm en cualquier Occam.<\/p>\n<p><img loading=\"lazy\" decoding=\"async\" style=\"display: block; margin-left: auto; margin-right: auto;\" src=\"https:\/\/cdn.shopify.com\/s\/files\/1\/0084\/1151\/2896\/files\/02d_steep-n-deep_0ba314fd-bf75-49bb-98a6-c95e8620bad4.jpg?v=1718384471\" alt=\"\" width=\"500\" height=\"495\" \/><\/p>\n<p style=\"padding-left: 40px;\"><strong>LOCKR<\/strong><br \/>\nEscojas aluminio o carbono, disfruta de las ventajas de nuestro renovado LOCKR, m\u00e1s accesible que nunca. Guarda f\u00e1cilmente debajo del portabid\u00f3n y ten siempre a mano recambios, comida e incluso un chubasquero.<\/p>\n<h3><img loading=\"lazy\" decoding=\"async\" style=\"display: block; margin-left: auto; margin-right: auto;\" src=\"https:\/\/cdn.shopify.com\/s\/files\/1\/0084\/1151\/2896\/files\/02e_lockr.jpg?v=1718384408\" alt=\"\" width=\"499\" height=\"503\" \/><br \/>\n<strong>ESPECIFICACIONES<\/strong><\/h3>\n<div class=\"title-row\">\n<p><strong>CUADRO<\/strong><br \/>\nOrbea Occam OMR. Concentric Boost 12&#215;148 rear axle. Pure Trail geometry. Internal cable routing. Asymmetric design. 29&#8243; wheels<\/p>\n<p><strong>AMORTIGUADOR<\/strong><br \/>\nFox DHX Factory 2-Position Adjust custom tune 210x55mm<\/p>\n<p><strong>HORQUILLA<\/strong><br \/>\nFox 36 Float Factory 160 Grip2 QR15x110 Kashima<\/p>\n<p><strong>DIRECCION<\/strong><br \/>\nAlloy 1-1\/2&#8243;, Black Oxidated Bearing<\/p>\n<p><strong>PLATO\/BIELA<\/strong><br \/>\nSRAM X0 Eagle Dub Black 32t<\/p>\n<p><strong>MANETAS<\/strong><br \/>\nSRAM AXS Pod<\/p>\n<p><strong>PI\u00d1ON<\/strong><br \/>\nSRAM GX-1275 Eagle 10-52t 12-Speed<\/p>\n<p><strong>CAMBIO<\/strong><br \/>\nSRAM X0 Eagle AXS<\/p>\n<p><strong>CADENA<\/strong><br \/>\nSRAM GX Eagle 12-Speed<\/p>\n<p><strong>MANILLAR<\/strong><br \/>\nOC Mountain Control MC10 Carbon, Rise 20, Width 800<\/p>\n<p><strong>POTENCIA<\/strong><br \/>\nOC Mountain Control MC10 Alu SL, 0\u00ba<\/p>\n<p><strong>COMPUTER MOUNT<\/strong><br \/>\nOC Computer Mount CM-05, Garmin\/Sigma<\/p>\n<p><strong>FRENO<\/strong><br \/>\nSRAM Code Silver Hydraulic Disc<\/p>\n<p><strong>RUEDA<\/strong><br \/>\nOquo Mountain Control MC32TEAM<\/p>\n<p><strong>CUBIERTA<\/strong><br \/>\nMaxxis Dissector 2.40&#8243; 60 TPI 3CMaxxTerra Exo TLR<\/p>\n<p><strong>TIJA SILLIN<\/strong><br \/>\nFox Transfer Factory Kashima Dropper 31.6<\/p>\n<p><strong>REMOTO DE TIJA<\/strong><br \/>\nFOX Transfer 1X<\/p>\n<p><strong>SILLIN<\/strong><br \/>\nERGON SM Enduro Comp Men S\/M<\/p>\n<p><strong>PU\u00d1OS<\/strong><br \/>\nErgon GE10<\/p>\n<\/div>\n<p>&nbsp;<\/p>\n","protected":false},"excerpt":{"rendered":"<p><a href=\"https:\/\/naturalbikes.cl\/wp-content\/uploads\/2024\/07\/orbea-logo.webp\"><img loading=\"lazy\" decoding=\"async\" class=\"size-medium wp-image-20567 alignleft\" src=\"https:\/\/naturalbikes.cl\/wp-content\/uploads\/2024\/07\/orbea-logo-300x32.webp\" alt=\"\" width=\"300\" height=\"32\" srcset=\"https:\/\/naturalbikes.cl\/wp-content\/uploads\/2024\/07\/orbea-logo-300x32.webp 300w, https:\/\/naturalbikes.cl\/wp-content\/uploads\/2024\/07\/orbea-logo-1024x111.webp 1024w, https:\/\/naturalbikes.cl\/wp-content\/uploads\/2024\/07\/orbea-logo-768x83.webp 768w, https:\/\/naturalbikes.cl\/wp-content\/uploads\/2024\/07\/orbea-logo-1536x166.webp 1536w, https:\/\/naturalbikes.cl\/wp-content\/uploads\/2024\/07\/orbea-logo-2048x221.webp 2048w, https:\/\/naturalbikes.cl\/wp-content\/uploads\/2024\/07\/orbea-logo-800x86.webp 800w\" sizes=\"(max-width: 300px) 100vw, 300px\" \/><\/a><\/p>\n<p><strong>Tu bici debe responder a tu manera de montar, adapt\u00e1ndose a cualquier aventura que imagines. Occam LT es esa voz en tu cabeza que te dice que sueltes frenos, vayas m\u00e1s r\u00e1pido y apures m\u00e1s.<\/strong><\/p>\n","protected":false},"featured_media":20581,"comment_status":"open","ping_status":"closed","template":"","meta":[],"product_cat":[293,202,195,288,294],"product_tag":[1319,1182,849,822],"class_list":{"0":"post-20580","1":"product","2":"type-product","3":"status-publish","4":"has-post-thumbnail","6":"product_brand-orbea","7":"product_cat-bicicleta-enduro","8":"product_cat-bicicleta-trail-enduro","9":"product_cat-bicicletas","10":"product_cat-orbea","11":"product_cat-orbea-bicicleta-enduro","12":"product_tag-bicicleta-enduro","13":"product_tag-bicicleta-mtb","14":"product_tag-mtb","15":"product_tag-orbea","17":"first","18":"instock","19":"taxable","20":"shipping-taxable","21":"purchasable","22":"product-type-variable","23":"rtwpvg-product"},"yoast_head":"<!-- This site is optimized with the Yoast SEO Premium plugin v24.8 (Yoast SEO v25.6) - https:\/\/yoast.com\/wordpress\/plugins\/seo\/ -->\n<title>Bicicleta Orbea EG Occam LT Team - NaturalBikes<\/title>\n<meta name=\"description\" content=\"Tu bici debe responder a tu manera de montar, adapt\u00e1ndose a cualquier aventura que imagines. Occam LT es esa voz en tu cabeza que te dice que sueltes frenos, vayas m\u00e1s r\u00e1pido y apures m\u00e1s.\" \/>\n<meta name=\"robots\" content=\"index, follow, max-snippet:-1, max-image-preview:large, max-video-preview:-1\" \/>\n<link rel=\"canonical\" href=\"https:\/\/naturalbikes.cl\/?product=bicicleta-orbea-eg-occam-lt-team\" \/>\n<meta property=\"og:locale\" content=\"es_ES\" \/>\n<meta property=\"og:type\" content=\"article\" \/>\n<meta property=\"og:title\" content=\"Bicicleta Orbea EG Occam LT Team\" \/>\n<meta property=\"og:description\" content=\"Ofrecer a nuestros clientes apasionados por el ciclismo de monta\u00f1a la mejor experiencia en productos, conocimientos especializados y servicios excepcionales. Nos comprometemos a proporcionar una amplia gama de bicicletas, accesorios y equipo de alta calidad, junto con asesoramiento experto y atenci\u00f3n personalizada para cada ciclista, para que puedan explorar, disfrutar y maximizar su aventura en el mundo del MTB\" \/>\n<meta property=\"og:url\" content=\"https:\/\/naturalbikes.cl\/?product=bicicleta-orbea-eg-occam-lt-team\" \/>\n<meta property=\"og:site_name\" content=\"NaturalBikes\" \/>\n<meta property=\"article:publisher\" content=\"https:\/\/www.facebook.com\/naturalbikescl\" \/>\n<meta property=\"article:modified_time\" content=\"2026-01-06T20:11:58+00:00\" \/>\n<meta property=\"og:image\" content=\"https:\/\/naturalbikes.cl\/wp-content\/uploads\/2024\/07\/R267TTCC-P5-SIDE-OCCAM_LT_M-TEAM_over_700x.webp\" \/>\n\t<meta property=\"og:image:width\" content=\"700\" \/>\n\t<meta property=\"og:image:height\" content=\"605\" \/>\n\t<meta property=\"og:image:type\" content=\"image\/webp\" \/>\n<meta name=\"twitter:card\" content=\"summary_large_image\" \/>\n<meta name=\"twitter:label1\" content=\"Tiempo de lectura\" \/>\n\t<meta name=\"twitter:data1\" content=\"4 minutos\" \/>\n<script type=\"application\/ld+json\" class=\"yoast-schema-graph\">{\"@context\":\"https:\/\/schema.org\",\"@graph\":[{\"@type\":\"WebPage\",\"@id\":\"https:\/\/naturalbikes.cl\/?product=bicicleta-orbea-eg-occam-lt-team\",\"url\":\"https:\/\/naturalbikes.cl\/?product=bicicleta-orbea-eg-occam-lt-team\",\"name\":\"Bicicleta Orbea EG Occam LT Team - NaturalBikes\",\"isPartOf\":{\"@id\":\"https:\/\/naturalbikes.cl\/#website\"},\"primaryImageOfPage\":{\"@id\":\"https:\/\/naturalbikes.cl\/?product=bicicleta-orbea-eg-occam-lt-team#primaryimage\"},\"image\":{\"@id\":\"https:\/\/naturalbikes.cl\/?product=bicicleta-orbea-eg-occam-lt-team#primaryimage\"},\"thumbnailUrl\":\"https:\/\/naturalbikes.cl\/wp-content\/uploads\/2024\/07\/R267TTCC-P5-SIDE-OCCAM_LT_M-TEAM_over_700x.webp\",\"datePublished\":\"2024-07-21T23:13:14+00:00\",\"dateModified\":\"2026-01-06T20:11:58+00:00\",\"description\":\"Tu bici debe responder a tu manera de montar, adapt\u00e1ndose a cualquier aventura que imagines. Occam LT es esa voz en tu cabeza que te dice que sueltes frenos, vayas m\u00e1s r\u00e1pido y apures m\u00e1s.\",\"breadcrumb\":{\"@id\":\"https:\/\/naturalbikes.cl\/?product=bicicleta-orbea-eg-occam-lt-team#breadcrumb\"},\"inLanguage\":\"es\",\"potentialAction\":[{\"@type\":\"ReadAction\",\"target\":[\"https:\/\/naturalbikes.cl\/?product=bicicleta-orbea-eg-occam-lt-team\"]}]},{\"@type\":\"ImageObject\",\"inLanguage\":\"es\",\"@id\":\"https:\/\/naturalbikes.cl\/?product=bicicleta-orbea-eg-occam-lt-team#primaryimage\",\"url\":\"https:\/\/naturalbikes.cl\/wp-content\/uploads\/2024\/07\/R267TTCC-P5-SIDE-OCCAM_LT_M-TEAM_over_700x.webp\",\"contentUrl\":\"https:\/\/naturalbikes.cl\/wp-content\/uploads\/2024\/07\/R267TTCC-P5-SIDE-OCCAM_LT_M-TEAM_over_700x.webp\",\"width\":700,\"height\":605},{\"@type\":\"BreadcrumbList\",\"@id\":\"https:\/\/naturalbikes.cl\/?product=bicicleta-orbea-eg-occam-lt-team#breadcrumb\",\"itemListElement\":[{\"@type\":\"ListItem\",\"position\":1,\"name\":\"Portada\",\"item\":\"https:\/\/naturalbikes.cl\/\"},{\"@type\":\"ListItem\",\"position\":2,\"name\":\"Tienda NB\",\"item\":\"https:\/\/naturalbikes.cl\/?page_id=7843\"},{\"@type\":\"ListItem\",\"position\":3,\"name\":\"Orbea\",\"item\":\"https:\/\/naturalbikes.cl\/?product_brand=orbea\"},{\"@type\":\"ListItem\",\"position\":4,\"name\":\"Bicicleta Orbea EG Occam LT Team\"}]},{\"@type\":\"WebSite\",\"@id\":\"https:\/\/naturalbikes.cl\/#website\",\"url\":\"https:\/\/naturalbikes.cl\/\",\"name\":\"Natural Bikes\",\"description\":\"Tienda de bicicletas repuestos accesorios taller mantenimiento clases salidas\",\"publisher\":{\"@id\":\"https:\/\/naturalbikes.cl\/#organization\"},\"alternateName\":\"Natural Bikes\",\"potentialAction\":[{\"@type\":\"SearchAction\",\"target\":{\"@type\":\"EntryPoint\",\"urlTemplate\":\"https:\/\/naturalbikes.cl\/?s={search_term_string}\"},\"query-input\":{\"@type\":\"PropertyValueSpecification\",\"valueRequired\":true,\"valueName\":\"search_term_string\"}}],\"inLanguage\":\"es\"},{\"@type\":\"Organization\",\"@id\":\"https:\/\/naturalbikes.cl\/#organization\",\"name\":\"Natural Bikes\",\"alternateName\":\"Natural Bikes\",\"url\":\"https:\/\/naturalbikes.cl\/\",\"logo\":{\"@type\":\"ImageObject\",\"inLanguage\":\"es\",\"@id\":\"https:\/\/naturalbikes.cl\/#\/schema\/logo\/image\/\",\"url\":\"https:\/\/naturalbikes.cl\/wp-content\/uploads\/2024\/05\/2023-10-10-10.44.12.jpg\",\"contentUrl\":\"https:\/\/naturalbikes.cl\/wp-content\/uploads\/2024\/05\/2023-10-10-10.44.12.jpg\",\"width\":650,\"height\":650,\"caption\":\"Natural Bikes\"},\"image\":{\"@id\":\"https:\/\/naturalbikes.cl\/#\/schema\/logo\/image\/\"},\"sameAs\":[\"https:\/\/www.facebook.com\/naturalbikescl\",\"https:\/\/www.instagram.com\/natural.bikes\",\"https:\/\/www.tiktok.com\/@natural.bikes\"],\"description\":\"Ofrecer a nuestros clientes apasionados por el ciclismo de monta\u00f1a la mejor experiencia en productos, conocimientos especializados y servicios excepcionales. Nos comprometemos a proporcionar una amplia gama de bicicletas, accesorios y equipo de alta calidad, junto con asesoramiento experto y atenci\u00f3n personalizada para cada ciclista, para que puedan explorar, disfrutar y maximizar su aventura en el mundo del MTB\",\"email\":\"naturalbikes1@gmail.com\",\"telephone\":\"56977043878\",\"legalName\":\"Natural Bikes Limitada\",\"foundingDate\":\"2024-01-01\",\"vatID\":\"76699553-5\",\"taxID\":\"76699553-5\",\"numberOfEmployees\":{\"@type\":\"QuantitativeValue\",\"minValue\":\"1\",\"maxValue\":\"10\"},\"publishingPrinciples\":\"https:\/\/naturalbikes.cl\/?page_id=7843\",\"ownershipFundingInfo\":\"https:\/\/naturalbikes.cl\/?page_id=7843\",\"actionableFeedbackPolicy\":\"https:\/\/naturalbikes.cl\/?page_id=14797\",\"correctionsPolicy\":\"https:\/\/naturalbikes.cl\/?page_id=3\",\"ethicsPolicy\":\"https:\/\/naturalbikes.cl\/?page_id=7843\",\"diversityPolicy\":\"https:\/\/naturalbikes.cl\/?page_id=11734\",\"diversityStaffingReport\":\"https:\/\/naturalbikes.cl\/?page_id=12161\"}]}<\/script>\n<!-- \/ Yoast SEO Premium plugin. -->","yoast_head_json":{"title":"Bicicleta Orbea EG Occam LT Team - NaturalBikes","description":"Tu bici debe responder a tu manera de montar, adapt\u00e1ndose a cualquier aventura que imagines. Occam LT es esa voz en tu cabeza que te dice que sueltes frenos, vayas m\u00e1s r\u00e1pido y apures m\u00e1s.","robots":{"index":"index","follow":"follow","max-snippet":"max-snippet:-1","max-image-preview":"max-image-preview:large","max-video-preview":"max-video-preview:-1"},"canonical":"https:\/\/naturalbikes.cl\/?product=bicicleta-orbea-eg-occam-lt-team","og_locale":"es_ES","og_type":"article","og_title":"Bicicleta Orbea EG Occam LT Team","og_description":"Ofrecer a nuestros clientes apasionados por el ciclismo de monta\u00f1a la mejor experiencia en productos, conocimientos especializados y servicios excepcionales. Nos comprometemos a proporcionar una amplia gama de bicicletas, accesorios y equipo de alta calidad, junto con asesoramiento experto y atenci\u00f3n personalizada para cada ciclista, para que puedan explorar, disfrutar y maximizar su aventura en el mundo del MTB","og_url":"https:\/\/naturalbikes.cl\/?product=bicicleta-orbea-eg-occam-lt-team","og_site_name":"NaturalBikes","article_publisher":"https:\/\/www.facebook.com\/naturalbikescl","article_modified_time":"2026-01-06T20:11:58+00:00","og_image":[{"width":700,"height":605,"url":"https:\/\/naturalbikes.cl\/wp-content\/uploads\/2024\/07\/R267TTCC-P5-SIDE-OCCAM_LT_M-TEAM_over_700x.webp","type":"image\/webp"}],"twitter_card":"summary_large_image","twitter_misc":{"Tiempo de lectura":"4 minutos"},"schema":{"@context":"https:\/\/schema.org","@graph":[{"@type":"WebPage","@id":"https:\/\/naturalbikes.cl\/?product=bicicleta-orbea-eg-occam-lt-team","url":"https:\/\/naturalbikes.cl\/?product=bicicleta-orbea-eg-occam-lt-team","name":"Bicicleta Orbea EG Occam LT Team - NaturalBikes","isPartOf":{"@id":"https:\/\/naturalbikes.cl\/#website"},"primaryImageOfPage":{"@id":"https:\/\/naturalbikes.cl\/?product=bicicleta-orbea-eg-occam-lt-team#primaryimage"},"image":{"@id":"https:\/\/naturalbikes.cl\/?product=bicicleta-orbea-eg-occam-lt-team#primaryimage"},"thumbnailUrl":"https:\/\/naturalbikes.cl\/wp-content\/uploads\/2024\/07\/R267TTCC-P5-SIDE-OCCAM_LT_M-TEAM_over_700x.webp","datePublished":"2024-07-21T23:13:14+00:00","dateModified":"2026-01-06T20:11:58+00:00","description":"Tu bici debe responder a tu manera de montar, adapt\u00e1ndose a cualquier aventura que imagines. Occam LT es esa voz en tu cabeza que te dice que sueltes frenos, vayas m\u00e1s r\u00e1pido y apures m\u00e1s.","breadcrumb":{"@id":"https:\/\/naturalbikes.cl\/?product=bicicleta-orbea-eg-occam-lt-team#breadcrumb"},"inLanguage":"es","potentialAction":[{"@type":"ReadAction","target":["https:\/\/naturalbikes.cl\/?product=bicicleta-orbea-eg-occam-lt-team"]}]},{"@type":"ImageObject","inLanguage":"es","@id":"https:\/\/naturalbikes.cl\/?product=bicicleta-orbea-eg-occam-lt-team#primaryimage","url":"https:\/\/naturalbikes.cl\/wp-content\/uploads\/2024\/07\/R267TTCC-P5-SIDE-OCCAM_LT_M-TEAM_over_700x.webp","contentUrl":"https:\/\/naturalbikes.cl\/wp-content\/uploads\/2024\/07\/R267TTCC-P5-SIDE-OCCAM_LT_M-TEAM_over_700x.webp","width":700,"height":605},{"@type":"BreadcrumbList","@id":"https:\/\/naturalbikes.cl\/?product=bicicleta-orbea-eg-occam-lt-team#breadcrumb","itemListElement":[{"@type":"ListItem","position":1,"name":"Portada","item":"https:\/\/naturalbikes.cl\/"},{"@type":"ListItem","position":2,"name":"Tienda NB","item":"https:\/\/naturalbikes.cl\/?page_id=7843"},{"@type":"ListItem","position":3,"name":"Orbea","item":"https:\/\/naturalbikes.cl\/?product_brand=orbea"},{"@type":"ListItem","position":4,"name":"Bicicleta Orbea EG Occam LT Team"}]},{"@type":"WebSite","@id":"https:\/\/naturalbikes.cl\/#website","url":"https:\/\/naturalbikes.cl\/","name":"Natural Bikes","description":"Tienda de bicicletas repuestos accesorios taller mantenimiento clases salidas","publisher":{"@id":"https:\/\/naturalbikes.cl\/#organization"},"alternateName":"Natural Bikes","potentialAction":[{"@type":"SearchAction","target":{"@type":"EntryPoint","urlTemplate":"https:\/\/naturalbikes.cl\/?s={search_term_string}"},"query-input":{"@type":"PropertyValueSpecification","valueRequired":true,"valueName":"search_term_string"}}],"inLanguage":"es"},{"@type":"Organization","@id":"https:\/\/naturalbikes.cl\/#organization","name":"Natural Bikes","alternateName":"Natural Bikes","url":"https:\/\/naturalbikes.cl\/","logo":{"@type":"ImageObject","inLanguage":"es","@id":"https:\/\/naturalbikes.cl\/#\/schema\/logo\/image\/","url":"https:\/\/naturalbikes.cl\/wp-content\/uploads\/2024\/05\/2023-10-10-10.44.12.jpg","contentUrl":"https:\/\/naturalbikes.cl\/wp-content\/uploads\/2024\/05\/2023-10-10-10.44.12.jpg","width":650,"height":650,"caption":"Natural Bikes"},"image":{"@id":"https:\/\/naturalbikes.cl\/#\/schema\/logo\/image\/"},"sameAs":["https:\/\/www.facebook.com\/naturalbikescl","https:\/\/www.instagram.com\/natural.bikes","https:\/\/www.tiktok.com\/@natural.bikes"],"description":"Ofrecer a nuestros clientes apasionados por el ciclismo de monta\u00f1a la mejor experiencia en productos, conocimientos especializados y servicios excepcionales. Nos comprometemos a proporcionar una amplia gama de bicicletas, accesorios y equipo de alta calidad, junto con asesoramiento experto y atenci\u00f3n personalizada para cada ciclista, para que puedan explorar, disfrutar y maximizar su aventura en el mundo del MTB","email":"naturalbikes1@gmail.com","telephone":"56977043878","legalName":"Natural Bikes Limitada","foundingDate":"2024-01-01","vatID":"76699553-5","taxID":"76699553-5","numberOfEmployees":{"@type":"QuantitativeValue","minValue":"1","maxValue":"10"},"publishingPrinciples":"https:\/\/naturalbikes.cl\/?page_id=7843","ownershipFundingInfo":"https:\/\/naturalbikes.cl\/?page_id=7843","actionableFeedbackPolicy":"https:\/\/naturalbikes.cl\/?page_id=14797","correctionsPolicy":"https:\/\/naturalbikes.cl\/?page_id=3","ethicsPolicy":"https:\/\/naturalbikes.cl\/?page_id=7843","diversityPolicy":"https:\/\/naturalbikes.cl\/?page_id=11734","diversityStaffingReport":"https:\/\/naturalbikes.cl\/?page_id=12161"}]}},"_links":{"self":[{"href":"https:\/\/naturalbikes.cl\/index.php?rest_route=\/wp\/v2\/product\/20580"}],"collection":[{"href":"https:\/\/naturalbikes.cl\/index.php?rest_route=\/wp\/v2\/product"}],"about":[{"href":"https:\/\/naturalbikes.cl\/index.php?rest_route=\/wp\/v2\/types\/product"}],"replies":[{"embeddable":true,"href":"https:\/\/naturalbikes.cl\/index.php?rest_route=%2Fwp%2Fv2%2Fcomments&post=20580"}],"wp:featuredmedia":[{"embeddable":true,"href":"https:\/\/naturalbikes.cl\/index.php?rest_route=\/wp\/v2\/media\/20581"}],"wp:attachment":[{"href":"https:\/\/naturalbikes.cl\/index.php?rest_route=%2Fwp%2Fv2%2Fmedia&parent=20580"}],"wp:term":[{"taxonomy":"product_cat","embeddable":true,"href":"https:\/\/naturalbikes.cl\/index.php?rest_route=%2Fwp%2Fv2%2Fproduct_cat&post=20580"},{"taxonomy":"product_tag","embeddable":true,"href":"https:\/\/naturalbikes.cl\/index.php?rest_route=%2Fwp%2Fv2%2Fproduct_tag&post=20580"}],"curies":[{"name":"wp","href":"https:\/\/api.w.org\/{rel}","templated":true}]}}