{"id":20485,"date":"2024-07-10T08:42:40","date_gmt":"2024-07-10T12:42:40","guid":{"rendered":"https:\/\/naturalbikes.cl\/?post_type=product&#038;p=20485"},"modified":"2026-01-06T17:11:58","modified_gmt":"2026-01-06T20:11:58","slug":"bicicleta-giant-contend-1","status":"publish","type":"product","link":"https:\/\/naturalbikes.cl\/?product=bicicleta-giant-contend-1","title":{"rendered":"Bicicleta Giant Contend 1"},"content":{"rendered":"<div id=\"intro\" class=\"content-wrapper-grey text-center padding-top-and-bottom\">\n<div class=\"container\">\n<h5 class=\"lead headline\">SUAVE, R\u00c1PIDA Y DIVERTIDA. ESTA VERS\u00c1TIL BICICLETA DE RUTA DE ALUMINIO TE AYUDA A APRETAR EL RITMO, RECORRER M\u00c1S KIL\u00d3METROS Y AMPLIA TU EXPERIENCIA EN CARRETERA.<\/h5>\n<div id=\"keyperformancefactors\">\n<h5 class=\"line-behind\">FACTORES CLAVES DE RENDIMIENTO<\/h5>\n<div class=\"row\">\n<div class=\"item col-md-4 col-sm-12\">\n<h5>Geometr\u00eda equilibrada<\/h5>\n<p>El cuadro se ha dise\u00f1ado espec\u00edficamente para producir una sensaci\u00f3n equilibrada y polivalente que combina una posici\u00f3n segura del piloto con un paso por curva y una aceleraci\u00f3n \u00e1gil<\/p>\n<\/div>\n<div class=\"item col-md-4 col-sm-12\">\n<h5>Pedaleo eficiente<\/h5>\n<p>El innovador dise\u00f1o de la tija de sill\u00edn D-Fuse reduce los impactos y las vibraciones de la carretera, y el sistema de ruedas Giant WheelSystem permite montar cubiertas tubeless de hasta 32c para una conducci\u00f3n m\u00e1s suave y un menor riesgo de pinchazos.<\/p>\n<\/div>\n<div class=\"item col-md-4 col-sm-12\">\n<h5>Control total<\/h5>\n<p>La perfecta integraci\u00f3n de los frenos de herradura produce una potencia de frenado m\u00e1s consistente para un mejor control, incluso en tiempo h\u00famedo y carreteras en mal estado.<\/p>\n<\/div>\n<\/div>\n<\/div>\n<\/div>\n<\/div>\n<div id=\"geometry\" class=\"content-wrapper content-wrapper-white padding-top-and-bottom scrollmenu-target\" tabindex=\"-1\">\n<div class=\"container\"><\/div>\n<\/div>\n<div id=\"specifications\" class=\"content-wrapper content-wrapper-black padding-top-and-bottom scrollmenu-target\" tabindex=\"-1\">\n<h5 class=\"container helveticaneuesubstitute\"><span class=\"sr-only\">Specs<\/span><\/h5>\n<div><\/div>\n<div class=\"container helveticaneuesubstitute\">\n<div class=\"row\">\n<div class=\"col-md-12\">\n<ul class=\"specifications\">\n<li class=\"datarow\">\n<div class=\"label\">Tallas<\/div>\n<div class=\"value\">XS, S, M, M\/L, L, XL<\/div>\n<\/li>\n<li class=\"datarow\">\n<div class=\"label\">Colores<\/div>\n<div class=\"value\">Rosewood<\/div>\n<\/li>\n<li class=\"datarow\">\n<div class=\"label\">Cuadro<\/div>\n<div class=\"value\">ALUXX-Grade Aluminum<\/div>\n<\/li>\n<li class=\"datarow\">\n<div class=\"label\">Horquilla<\/div>\n<div class=\"value\">Advanced-Grade Composite, full-composite OverDrive steerer<\/div>\n<\/li>\n<li class=\"datarow\">\n<div class=\"label\">Shock<\/div>\n<div class=\"value\">N\/A<\/div>\n<\/li>\n<li class=\"datarow\">\n<div class=\"label\">Manillar<\/div>\n<div class=\"value\">Giant Connect XS:40cm, S:40cm, M:42cm, M\/L:42cm, L:44cm, XL:44cm<\/div>\n<\/li>\n<li class=\"datarow\">\n<div class=\"label\">Pu\u00f1os<\/div>\n<div class=\"value\">Velo cork tape with gel<\/div>\n<\/li>\n<li class=\"datarow\">\n<div class=\"label\">Potencia<\/div>\n<div class=\"value\">Giant Sport XS:80mm, S:90mm, M:100mm, M\/L:110mm, L:110mm, XL:110mm<\/div>\n<\/li>\n<li class=\"datarow\">\n<div class=\"label\">Tija de sill\u00edn<\/div>\n<div class=\"value\">Giant D-Fuse, alloy, 14mm offset<\/div>\n<\/li>\n<li class=\"datarow\">\n<div class=\"label\">Sill\u00edn<\/div>\n<div class=\"value\">Giant Approach<\/div>\n<\/li>\n<li class=\"datarow\">\n<div class=\"label\">Pedales<\/div>\n<div class=\"value\">platform pedal [GU,GV,GJ] pedal with toe clips\/straps [rest of GSC]<\/div>\n<\/li>\n<li class=\"datarow\">\n<div class=\"label\">Shifters<\/div>\n<div class=\"value\">Shimano Sora<\/div>\n<\/li>\n<li class=\"datarow\">\n<div class=\"label\">Desviador delantero<\/div>\n<div class=\"value\">Shimano Sora<\/div>\n<\/li>\n<li class=\"datarow\">\n<div class=\"label\">Cambio trasero<\/div>\n<div class=\"value\">Shimano Sora<\/div>\n<\/li>\n<li class=\"datarow\">\n<div class=\"label\">Frenos<\/div>\n<div class=\"value\">Tektro TK-B177<\/div>\n<\/li>\n<li class=\"datarow\">\n<div class=\"label\">Palancas de freno<\/div>\n<div class=\"value\">Shimano Sora<\/div>\n<\/li>\n<li class=\"datarow\">\n<div class=\"label\">Cassette<\/div>\n<div class=\"value\">Shimano CS-HG400, 11&#215;34<\/div>\n<\/li>\n<li class=\"datarow\">\n<div class=\"label\">Cadena<\/div>\n<div class=\"value\">KMC X9<\/div>\n<\/li>\n<li class=\"datarow\">\n<div class=\"label\">Bielas<\/div>\n<div class=\"value\">Shimano Sora, 34\/50 XS:170mm, S:170mm, M:172.5mm, M\/L:172.5mm, L:175mm, XL:175mm<\/div>\n<\/li>\n<li class=\"datarow\">\n<div class=\"label\">Bottom Bracket<\/div>\n<div class=\"value\">cartridge<\/div>\n<\/li>\n<li class=\"datarow\">\n<div class=\"label\">Llantas<\/div>\n<div class=\"value\">Giant S-R3 wheelset<\/div>\n<\/li>\n<li class=\"datarow\">\n<div class=\"label\">Mazas<\/div>\n<div class=\"value\">Giant S-R3 wheelset<\/div>\n<\/li>\n<li class=\"datarow\">\n<div class=\"label\">Rayos<\/div>\n<div class=\"value\">Giant S-R3 wheelset<\/div>\n<\/li>\n<li class=\"datarow\">\n<div class=\"label\">Neum\u00e1ticos<\/div>\n<div class=\"value\">Giant S-R3-AC, 700x28c (30mm)<\/div>\n<\/li>\n<li class=\"datarow\">\n<div class=\"label\">Extras<\/div>\n<div class=\"value\">30mm max tire size<\/div>\n<\/li>\n<li class=\"datarow\">\n<div class=\"label\">Peso<\/div>\n<div class=\"value\">La forma m\u00e1s precisa de determinar el peso de una bicicleta es pedir a su distribuidor local que la pese. Muchas marcas se esfuerzan por indicar el peso m\u00e1s bajo posible, pero en realidad el peso puede variar en funci\u00f3n del tama\u00f1o, el acabado, el hardware y los accesorios. Todas nuestras bicicletas est\u00e1n dise\u00f1adas para ofrecer el mejor peso y calidad de conducci\u00f3n de su clase.<\/div>\n<\/li>\n<\/ul>\n<\/div>\n<\/div>\n<\/div>\n<\/div>\n","protected":false},"excerpt":{"rendered":"<p><a href=\"https:\/\/naturalbikes.cl\/wp-content\/uploads\/2024\/06\/Giant-Logo-2022.png\"><img decoding=\"async\" class=\"size-medium wp-image-20422 alignleft\" src=\"https:\/\/naturalbikes.cl\/wp-content\/uploads\/2024\/06\/Giant-Logo-2022-300x59.png\" alt=\"\" width=\"300\" height=\"59\" srcset=\"https:\/\/naturalbikes.cl\/wp-content\/uploads\/2024\/06\/Giant-Logo-2022-300x59.png 300w, https:\/\/naturalbikes.cl\/wp-content\/uploads\/2024\/06\/Giant-Logo-2022.png 500w\" sizes=\"(max-width: 300px) 100vw, 300px\" \/><\/a><strong>Descubre la Bicicleta Giant Contend 1, dise\u00f1ada para ofrecer una conducci\u00f3n suave y eficiente en carretera. Con su cuadro ligero y componentes de alta calidad, es ideal para ciclistas que buscan rendimiento y confort. Conoce todas sus caracter\u00edsticas y beneficios en nuestra rese\u00f1a completa.<\/strong><\/p>\n","protected":false},"featured_media":20486,"comment_status":"open","ping_status":"closed","template":"","meta":[],"product_cat":[204,195,1317],"product_tag":[817,827,995,826],"class_list":{"0":"post-20485","1":"product","2":"type-product","3":"status-publish","4":"has-post-thumbnail","6":"product_brand-giant","7":"product_cat-bicicleta-ruta","8":"product_cat-bicicletas","9":"product_cat-giant-bicicleta-ruta","10":"product_tag-bicicleta","11":"product_tag-bicicleta-ruta","12":"product_tag-giant","13":"product_tag-ruta","15":"first","16":"instock","17":"taxable","18":"shipping-taxable","19":"purchasable","20":"product-type-variable","21":"rtwpvg-product"},"yoast_head":"<!-- This site is optimized with the Yoast SEO Premium plugin v24.8 (Yoast SEO v25.6) - https:\/\/yoast.com\/wordpress\/plugins\/seo\/ -->\n<title>Bicicleta Giant Contend 1 - NaturalBikes<\/title>\n<meta name=\"description\" content=\"Descubre la Bicicleta Giant Contend 1, dise\u00f1ada para ofrecer una conducci\u00f3n suave y eficiente en carretera. Con su cuadro ligero y componentes de alta calidad, es ideal para ciclistas que buscan rendimiento y confort. Conoce todas sus caracter\u00edsticas y beneficios en nuestra rese\u00f1a completa.\" \/>\n<meta name=\"robots\" content=\"index, follow, max-snippet:-1, max-image-preview:large, max-video-preview:-1\" \/>\n<link rel=\"canonical\" href=\"https:\/\/naturalbikes.cl\/?product=bicicleta-giant-contend-1\" \/>\n<meta property=\"og:locale\" content=\"es_ES\" \/>\n<meta property=\"og:type\" content=\"article\" \/>\n<meta property=\"og:title\" content=\"Bicicleta Giant Contend 1\" \/>\n<meta property=\"og:description\" content=\"Ofrecer a nuestros clientes apasionados por el ciclismo de monta\u00f1a la mejor experiencia en productos, conocimientos especializados y servicios excepcionales. Nos comprometemos a proporcionar una amplia gama de bicicletas, accesorios y equipo de alta calidad, junto con asesoramiento experto y atenci\u00f3n personalizada para cada ciclista, para que puedan explorar, disfrutar y maximizar su aventura en el mundo del MTB\" \/>\n<meta property=\"og:url\" content=\"https:\/\/naturalbikes.cl\/?product=bicicleta-giant-contend-1\" \/>\n<meta property=\"og:site_name\" content=\"NaturalBikes\" \/>\n<meta property=\"article:publisher\" content=\"https:\/\/www.facebook.com\/naturalbikescl\" \/>\n<meta property=\"article:modified_time\" content=\"2026-01-06T20:11:58+00:00\" \/>\n<meta property=\"og:image\" content=\"https:\/\/naturalbikes.cl\/wp-content\/uploads\/2024\/07\/32328c7155292a7e9494bd36abb1a534_ace21675-94a2-4fb7-a71e-13bc26e7ce79.jpg.webp\" \/>\n\t<meta property=\"og:image:width\" content=\"867\" \/>\n\t<meta property=\"og:image:height\" content=\"650\" \/>\n\t<meta property=\"og:image:type\" content=\"image\/webp\" \/>\n<meta name=\"twitter:card\" content=\"summary_large_image\" \/>\n<meta name=\"twitter:label1\" content=\"Tiempo de lectura\" \/>\n\t<meta name=\"twitter:data1\" content=\"2 minutos\" \/>\n<script type=\"application\/ld+json\" class=\"yoast-schema-graph\">{\"@context\":\"https:\/\/schema.org\",\"@graph\":[{\"@type\":\"WebPage\",\"@id\":\"https:\/\/naturalbikes.cl\/?product=bicicleta-giant-contend-1\",\"url\":\"https:\/\/naturalbikes.cl\/?product=bicicleta-giant-contend-1\",\"name\":\"Bicicleta Giant Contend 1 - NaturalBikes\",\"isPartOf\":{\"@id\":\"https:\/\/naturalbikes.cl\/#website\"},\"primaryImageOfPage\":{\"@id\":\"https:\/\/naturalbikes.cl\/?product=bicicleta-giant-contend-1#primaryimage\"},\"image\":{\"@id\":\"https:\/\/naturalbikes.cl\/?product=bicicleta-giant-contend-1#primaryimage\"},\"thumbnailUrl\":\"https:\/\/naturalbikes.cl\/wp-content\/uploads\/2024\/07\/32328c7155292a7e9494bd36abb1a534_ace21675-94a2-4fb7-a71e-13bc26e7ce79.jpg.webp\",\"datePublished\":\"2024-07-10T12:42:40+00:00\",\"dateModified\":\"2026-01-06T20:11:58+00:00\",\"description\":\"Descubre la Bicicleta Giant Contend 1, dise\u00f1ada para ofrecer una conducci\u00f3n suave y eficiente en carretera. Con su cuadro ligero y componentes de alta calidad, es ideal para ciclistas que buscan rendimiento y confort. Conoce todas sus caracter\u00edsticas y beneficios en nuestra rese\u00f1a completa.\",\"breadcrumb\":{\"@id\":\"https:\/\/naturalbikes.cl\/?product=bicicleta-giant-contend-1#breadcrumb\"},\"inLanguage\":\"es\",\"potentialAction\":[{\"@type\":\"ReadAction\",\"target\":[\"https:\/\/naturalbikes.cl\/?product=bicicleta-giant-contend-1\"]}]},{\"@type\":\"ImageObject\",\"inLanguage\":\"es\",\"@id\":\"https:\/\/naturalbikes.cl\/?product=bicicleta-giant-contend-1#primaryimage\",\"url\":\"https:\/\/naturalbikes.cl\/wp-content\/uploads\/2024\/07\/32328c7155292a7e9494bd36abb1a534_ace21675-94a2-4fb7-a71e-13bc26e7ce79.jpg.webp\",\"contentUrl\":\"https:\/\/naturalbikes.cl\/wp-content\/uploads\/2024\/07\/32328c7155292a7e9494bd36abb1a534_ace21675-94a2-4fb7-a71e-13bc26e7ce79.jpg.webp\",\"width\":867,\"height\":650},{\"@type\":\"BreadcrumbList\",\"@id\":\"https:\/\/naturalbikes.cl\/?product=bicicleta-giant-contend-1#breadcrumb\",\"itemListElement\":[{\"@type\":\"ListItem\",\"position\":1,\"name\":\"Portada\",\"item\":\"https:\/\/naturalbikes.cl\/\"},{\"@type\":\"ListItem\",\"position\":2,\"name\":\"Tienda NB\",\"item\":\"https:\/\/naturalbikes.cl\/?page_id=7843\"},{\"@type\":\"ListItem\",\"position\":3,\"name\":\"Giant\",\"item\":\"https:\/\/naturalbikes.cl\/?product_brand=giant\"},{\"@type\":\"ListItem\",\"position\":4,\"name\":\"Bicicleta Giant Contend 1\"}]},{\"@type\":\"WebSite\",\"@id\":\"https:\/\/naturalbikes.cl\/#website\",\"url\":\"https:\/\/naturalbikes.cl\/\",\"name\":\"Natural Bikes\",\"description\":\"Tienda de bicicletas repuestos accesorios taller mantenimiento clases salidas\",\"publisher\":{\"@id\":\"https:\/\/naturalbikes.cl\/#organization\"},\"alternateName\":\"Natural Bikes\",\"potentialAction\":[{\"@type\":\"SearchAction\",\"target\":{\"@type\":\"EntryPoint\",\"urlTemplate\":\"https:\/\/naturalbikes.cl\/?s={search_term_string}\"},\"query-input\":{\"@type\":\"PropertyValueSpecification\",\"valueRequired\":true,\"valueName\":\"search_term_string\"}}],\"inLanguage\":\"es\"},{\"@type\":\"Organization\",\"@id\":\"https:\/\/naturalbikes.cl\/#organization\",\"name\":\"Natural Bikes\",\"alternateName\":\"Natural Bikes\",\"url\":\"https:\/\/naturalbikes.cl\/\",\"logo\":{\"@type\":\"ImageObject\",\"inLanguage\":\"es\",\"@id\":\"https:\/\/naturalbikes.cl\/#\/schema\/logo\/image\/\",\"url\":\"https:\/\/naturalbikes.cl\/wp-content\/uploads\/2024\/05\/2023-10-10-10.44.12.jpg\",\"contentUrl\":\"https:\/\/naturalbikes.cl\/wp-content\/uploads\/2024\/05\/2023-10-10-10.44.12.jpg\",\"width\":650,\"height\":650,\"caption\":\"Natural Bikes\"},\"image\":{\"@id\":\"https:\/\/naturalbikes.cl\/#\/schema\/logo\/image\/\"},\"sameAs\":[\"https:\/\/www.facebook.com\/naturalbikescl\",\"https:\/\/www.instagram.com\/natural.bikes\",\"https:\/\/www.tiktok.com\/@natural.bikes\"],\"description\":\"Ofrecer a nuestros clientes apasionados por el ciclismo de monta\u00f1a la mejor experiencia en productos, conocimientos especializados y servicios excepcionales. Nos comprometemos a proporcionar una amplia gama de bicicletas, accesorios y equipo de alta calidad, junto con asesoramiento experto y atenci\u00f3n personalizada para cada ciclista, para que puedan explorar, disfrutar y maximizar su aventura en el mundo del MTB\",\"email\":\"naturalbikes1@gmail.com\",\"telephone\":\"56977043878\",\"legalName\":\"Natural Bikes Limitada\",\"foundingDate\":\"2024-01-01\",\"vatID\":\"76699553-5\",\"taxID\":\"76699553-5\",\"numberOfEmployees\":{\"@type\":\"QuantitativeValue\",\"minValue\":\"1\",\"maxValue\":\"10\"},\"publishingPrinciples\":\"https:\/\/naturalbikes.cl\/?page_id=7843\",\"ownershipFundingInfo\":\"https:\/\/naturalbikes.cl\/?page_id=7843\",\"actionableFeedbackPolicy\":\"https:\/\/naturalbikes.cl\/?page_id=14797\",\"correctionsPolicy\":\"https:\/\/naturalbikes.cl\/?page_id=3\",\"ethicsPolicy\":\"https:\/\/naturalbikes.cl\/?page_id=7843\",\"diversityPolicy\":\"https:\/\/naturalbikes.cl\/?page_id=11734\",\"diversityStaffingReport\":\"https:\/\/naturalbikes.cl\/?page_id=12161\"}]}<\/script>\n<!-- \/ Yoast SEO Premium plugin. -->","yoast_head_json":{"title":"Bicicleta Giant Contend 1 - NaturalBikes","description":"Descubre la Bicicleta Giant Contend 1, dise\u00f1ada para ofrecer una conducci\u00f3n suave y eficiente en carretera. Con su cuadro ligero y componentes de alta calidad, es ideal para ciclistas que buscan rendimiento y confort. Conoce todas sus caracter\u00edsticas y beneficios en nuestra rese\u00f1a completa.","robots":{"index":"index","follow":"follow","max-snippet":"max-snippet:-1","max-image-preview":"max-image-preview:large","max-video-preview":"max-video-preview:-1"},"canonical":"https:\/\/naturalbikes.cl\/?product=bicicleta-giant-contend-1","og_locale":"es_ES","og_type":"article","og_title":"Bicicleta Giant Contend 1","og_description":"Ofrecer a nuestros clientes apasionados por el ciclismo de monta\u00f1a la mejor experiencia en productos, conocimientos especializados y servicios excepcionales. Nos comprometemos a proporcionar una amplia gama de bicicletas, accesorios y equipo de alta calidad, junto con asesoramiento experto y atenci\u00f3n personalizada para cada ciclista, para que puedan explorar, disfrutar y maximizar su aventura en el mundo del MTB","og_url":"https:\/\/naturalbikes.cl\/?product=bicicleta-giant-contend-1","og_site_name":"NaturalBikes","article_publisher":"https:\/\/www.facebook.com\/naturalbikescl","article_modified_time":"2026-01-06T20:11:58+00:00","og_image":[{"width":867,"height":650,"url":"https:\/\/naturalbikes.cl\/wp-content\/uploads\/2024\/07\/32328c7155292a7e9494bd36abb1a534_ace21675-94a2-4fb7-a71e-13bc26e7ce79.jpg.webp","type":"image\/webp"}],"twitter_card":"summary_large_image","twitter_misc":{"Tiempo de lectura":"2 minutos"},"schema":{"@context":"https:\/\/schema.org","@graph":[{"@type":"WebPage","@id":"https:\/\/naturalbikes.cl\/?product=bicicleta-giant-contend-1","url":"https:\/\/naturalbikes.cl\/?product=bicicleta-giant-contend-1","name":"Bicicleta Giant Contend 1 - NaturalBikes","isPartOf":{"@id":"https:\/\/naturalbikes.cl\/#website"},"primaryImageOfPage":{"@id":"https:\/\/naturalbikes.cl\/?product=bicicleta-giant-contend-1#primaryimage"},"image":{"@id":"https:\/\/naturalbikes.cl\/?product=bicicleta-giant-contend-1#primaryimage"},"thumbnailUrl":"https:\/\/naturalbikes.cl\/wp-content\/uploads\/2024\/07\/32328c7155292a7e9494bd36abb1a534_ace21675-94a2-4fb7-a71e-13bc26e7ce79.jpg.webp","datePublished":"2024-07-10T12:42:40+00:00","dateModified":"2026-01-06T20:11:58+00:00","description":"Descubre la Bicicleta Giant Contend 1, dise\u00f1ada para ofrecer una conducci\u00f3n suave y eficiente en carretera. Con su cuadro ligero y componentes de alta calidad, es ideal para ciclistas que buscan rendimiento y confort. Conoce todas sus caracter\u00edsticas y beneficios en nuestra rese\u00f1a completa.","breadcrumb":{"@id":"https:\/\/naturalbikes.cl\/?product=bicicleta-giant-contend-1#breadcrumb"},"inLanguage":"es","potentialAction":[{"@type":"ReadAction","target":["https:\/\/naturalbikes.cl\/?product=bicicleta-giant-contend-1"]}]},{"@type":"ImageObject","inLanguage":"es","@id":"https:\/\/naturalbikes.cl\/?product=bicicleta-giant-contend-1#primaryimage","url":"https:\/\/naturalbikes.cl\/wp-content\/uploads\/2024\/07\/32328c7155292a7e9494bd36abb1a534_ace21675-94a2-4fb7-a71e-13bc26e7ce79.jpg.webp","contentUrl":"https:\/\/naturalbikes.cl\/wp-content\/uploads\/2024\/07\/32328c7155292a7e9494bd36abb1a534_ace21675-94a2-4fb7-a71e-13bc26e7ce79.jpg.webp","width":867,"height":650},{"@type":"BreadcrumbList","@id":"https:\/\/naturalbikes.cl\/?product=bicicleta-giant-contend-1#breadcrumb","itemListElement":[{"@type":"ListItem","position":1,"name":"Portada","item":"https:\/\/naturalbikes.cl\/"},{"@type":"ListItem","position":2,"name":"Tienda NB","item":"https:\/\/naturalbikes.cl\/?page_id=7843"},{"@type":"ListItem","position":3,"name":"Giant","item":"https:\/\/naturalbikes.cl\/?product_brand=giant"},{"@type":"ListItem","position":4,"name":"Bicicleta Giant Contend 1"}]},{"@type":"WebSite","@id":"https:\/\/naturalbikes.cl\/#website","url":"https:\/\/naturalbikes.cl\/","name":"Natural Bikes","description":"Tienda de bicicletas repuestos accesorios taller mantenimiento clases salidas","publisher":{"@id":"https:\/\/naturalbikes.cl\/#organization"},"alternateName":"Natural Bikes","potentialAction":[{"@type":"SearchAction","target":{"@type":"EntryPoint","urlTemplate":"https:\/\/naturalbikes.cl\/?s={search_term_string}"},"query-input":{"@type":"PropertyValueSpecification","valueRequired":true,"valueName":"search_term_string"}}],"inLanguage":"es"},{"@type":"Organization","@id":"https:\/\/naturalbikes.cl\/#organization","name":"Natural Bikes","alternateName":"Natural Bikes","url":"https:\/\/naturalbikes.cl\/","logo":{"@type":"ImageObject","inLanguage":"es","@id":"https:\/\/naturalbikes.cl\/#\/schema\/logo\/image\/","url":"https:\/\/naturalbikes.cl\/wp-content\/uploads\/2024\/05\/2023-10-10-10.44.12.jpg","contentUrl":"https:\/\/naturalbikes.cl\/wp-content\/uploads\/2024\/05\/2023-10-10-10.44.12.jpg","width":650,"height":650,"caption":"Natural Bikes"},"image":{"@id":"https:\/\/naturalbikes.cl\/#\/schema\/logo\/image\/"},"sameAs":["https:\/\/www.facebook.com\/naturalbikescl","https:\/\/www.instagram.com\/natural.bikes","https:\/\/www.tiktok.com\/@natural.bikes"],"description":"Ofrecer a nuestros clientes apasionados por el ciclismo de monta\u00f1a la mejor experiencia en productos, conocimientos especializados y servicios excepcionales. Nos comprometemos a proporcionar una amplia gama de bicicletas, accesorios y equipo de alta calidad, junto con asesoramiento experto y atenci\u00f3n personalizada para cada ciclista, para que puedan explorar, disfrutar y maximizar su aventura en el mundo del MTB","email":"naturalbikes1@gmail.com","telephone":"56977043878","legalName":"Natural Bikes Limitada","foundingDate":"2024-01-01","vatID":"76699553-5","taxID":"76699553-5","numberOfEmployees":{"@type":"QuantitativeValue","minValue":"1","maxValue":"10"},"publishingPrinciples":"https:\/\/naturalbikes.cl\/?page_id=7843","ownershipFundingInfo":"https:\/\/naturalbikes.cl\/?page_id=7843","actionableFeedbackPolicy":"https:\/\/naturalbikes.cl\/?page_id=14797","correctionsPolicy":"https:\/\/naturalbikes.cl\/?page_id=3","ethicsPolicy":"https:\/\/naturalbikes.cl\/?page_id=7843","diversityPolicy":"https:\/\/naturalbikes.cl\/?page_id=11734","diversityStaffingReport":"https:\/\/naturalbikes.cl\/?page_id=12161"}]}},"_links":{"self":[{"href":"https:\/\/naturalbikes.cl\/index.php?rest_route=\/wp\/v2\/product\/20485"}],"collection":[{"href":"https:\/\/naturalbikes.cl\/index.php?rest_route=\/wp\/v2\/product"}],"about":[{"href":"https:\/\/naturalbikes.cl\/index.php?rest_route=\/wp\/v2\/types\/product"}],"replies":[{"embeddable":true,"href":"https:\/\/naturalbikes.cl\/index.php?rest_route=%2Fwp%2Fv2%2Fcomments&post=20485"}],"wp:featuredmedia":[{"embeddable":true,"href":"https:\/\/naturalbikes.cl\/index.php?rest_route=\/wp\/v2\/media\/20486"}],"wp:attachment":[{"href":"https:\/\/naturalbikes.cl\/index.php?rest_route=%2Fwp%2Fv2%2Fmedia&parent=20485"}],"wp:term":[{"taxonomy":"product_cat","embeddable":true,"href":"https:\/\/naturalbikes.cl\/index.php?rest_route=%2Fwp%2Fv2%2Fproduct_cat&post=20485"},{"taxonomy":"product_tag","embeddable":true,"href":"https:\/\/naturalbikes.cl\/index.php?rest_route=%2Fwp%2Fv2%2Fproduct_tag&post=20485"}],"curies":[{"name":"wp","href":"https:\/\/api.w.org\/{rel}","templated":true}]}}