{"id":20456,"date":"2024-06-22T10:45:50","date_gmt":"2024-06-22T14:45:50","guid":{"rendered":"https:\/\/naturalbikes.cl\/?post_type=product&#038;p=20456"},"modified":"2026-01-06T17:12:19","modified_gmt":"2026-01-06T20:12:19","slug":"bicicleta-cube-stereo-one77-c68x-tm-29","status":"publish","type":"product","link":"https:\/\/naturalbikes.cl\/?product=bicicleta-cube-stereo-one77-c68x-tm-29","title":{"rendered":"Bicicleta Cube Stereo One77 C:68X TM 29"},"content":{"rendered":"<p><a href=\"https:\/\/naturalbikes.cl\/wp-content\/uploads\/2024\/06\/CUBELogo-schwarz_RGB_480x480-1.svg\"><img fetchpriority=\"high\" decoding=\"async\" class=\"size-full wp-image-20453 aligncenter\" src=\"https:\/\/naturalbikes.cl\/wp-content\/uploads\/2024\/06\/CUBELogo-schwarz_RGB_480x480-1.svg\" alt=\"\" width=\"476\" height=\"117\" \/><\/a><\/p>\n<p>&nbsp;<\/p>\n<h2>TOUGH<br \/>\nTOUGHER<br \/>\nTOUGHEST<\/h2>\n<p>Sabemos que es dif\u00edcil mejorar la perfecci\u00f3n, pero con el cuadro Stereo ONE77 C:68X, lo hemos hecho. En primer lugar, es ligero, solo pesa 2,3 kg. Sentir\u00e1s la diferencia en las subidas y en las bajadas. El flip chip y los dos puntos de montaje para amortiguadores de muelles helicoidales y de aire abren paso a un mundo lleno de posibilidades en cuanto a la progresi\u00f3n y el rendimiento del amortiguador. Las inserciones de ajuste de \u00e1ngulo te permiten cambiar entre los \u00e1ngulos de direcci\u00f3n de 63,8 y 64,4, y el eje de pedalier es de rosca, para ofrecerte la m\u00e1xima versatilidad y durabilidad. Hemos decidido premeditadamente no incluir un compartimento de almacenamiento en el cuadro porque quer\u00edamos mantener el peso bajo y la resistencia bien alta. Eso s\u00ed: dispone de un anclaje debajo del tubo diagonal para que puedas llevar encima la herramienta de ajuste que decidas. En resumen: ya est\u00e1 todo listo. \u00a1Arranca!<\/p>\n<p><img decoding=\"async\" src=\"https:\/\/cdn.shopify.com\/s\/files\/1\/0084\/1151\/2896\/files\/756300_D_00.jpg?v=1718724440\" alt=\"\" \/><\/p>\n<p><strong>TECNOLOGIA DE FIBRA DE CARBON<\/strong><\/p>\n<p>Combinando toda nuestra experiencia desde la construcci\u00f3n de cuadros de carbono hasta el material definitivo, el carbono C:68X\u00ae utiliza la mezcla \u00f3ptima de fibra y resina con infusi\u00f3n de nanopart\u00edculas. La fabricaci\u00f3n de Advanced Twin Mold de alta precisi\u00f3n significa que tambi\u00e9n podemos evitar las inserciones o casquillos adheridos. Es todo un nuevo punto de referencia en cuanto a ligereza, rigidez y resistencia.<\/p>\n<p><img decoding=\"async\" src=\"https:\/\/cdn.shopify.com\/s\/files\/1\/0084\/1151\/2896\/files\/756300_D_04.jpg?v=1718724440\" alt=\"\" \/><\/p>\n<p><strong>AJUSTE DEL ANGULO EN EL TUBNO DE DIRECCION<\/strong><\/p>\n<p>Cuando est\u00e1s sacando partido de la gravedad, el camino es todo un reto y cada segundo cuenta, la geometr\u00eda de tu CUBE resulta clave. Por eso, nuestra direcci\u00f3n ajustable te permite regular el \u00e1ngulo de direcci\u00f3n para que configures tu bicicleta exactamente como a ti te gusta. Un poco m\u00e1s floja para una mayor estabilidad o un poco m\u00e1s inclinada para que resulte m\u00e1s \u00e1gil. T\u00fa decides!<\/p>\n<p><img decoding=\"async\" src=\"https:\/\/cdn.shopify.com\/s\/files\/1\/0084\/1151\/2896\/files\/756300_D_01.jpg?v=1718724440\" alt=\"\" \/><\/p>\n<p><strong>BOOST 148<\/strong><\/p>\n<p>Un buje m\u00e1s ancho aumenta la rigidez de la rueda, y una rueda m\u00e1s r\u00edgida significa mejor maniobrabilidad. Ese es el pensamiento detr\u00e1s del est\u00e1ndar de buje trasero Boost 148, que permite un mayor espacio entre las bridas para un mejor rendimiento de la rueda sin que ello influya en la precisi\u00f3n de los cambios o en la eficiencia de la transmisi\u00f3n. En pocas palabras, podr\u00e1s ir m\u00e1s r\u00e1pido y darlo todo disfrutando de un mejor manejo y de ruedas m\u00e1s fuertes.<\/p>\n<p><img decoding=\"async\" src=\"https:\/\/cdn.shopify.com\/s\/files\/1\/0084\/1151\/2896\/files\/756300_D_02.jpg?v=1718724440\" alt=\"\" \/><\/p>\n<p><strong>FLIP CHIP<\/strong><\/p>\n<p>Una gran capacidad de ajuste es la mejor manera de obtener el m\u00e1ximo rendimiento de la configuraci\u00f3n de tu suspensi\u00f3n. Flip Chip de CUBE lleva la personalizaci\u00f3n a un nuevo nivel al permitirte decidir con rapidez el rendimiento de los amortiguadores helicoidales y de aire para adaptarse mejor a tu estilo de conducci\u00f3n, a tus preferencias personales y a las condiciones del camino. Ajusta la Flip Chip, s\u00fabete y arranca. Es as\u00ed de simple.<\/p>\n<p><img decoding=\"async\" src=\"https:\/\/cdn.shopify.com\/s\/files\/1\/0084\/1151\/2896\/files\/756300_D_05.jpg?v=1718724440\" alt=\"\" \/><\/p>\n<p><strong>TWIN MOLD<\/strong><\/p>\n<p>Con nuestro proceso Advanced Twin Mold, utilizamos dos formas fabricadas con precisi\u00f3n para nuestros cuadros de carbono C:62\u00ae, C:68\u00ae y C:68X\u00ae. La primera forma asegura una disposici\u00f3n precisa. La segunda forma interna mantiene cada fibra individual exactamente donde debe estar mientras el cuadro se endurece. El resultado es un cuadro mucho m\u00e1s ligero y fuerte, con una densidad de fibra adaptada a las cargas previstas en puntos espec\u00edficos.<\/p>\n<p><img decoding=\"async\" src=\"https:\/\/cdn.shopify.com\/s\/files\/1\/0084\/1151\/2896\/files\/756300_D_03.jpg?v=1718724440\" alt=\"\" \/><\/p>\n<h3><strong>ESPECIFICACIONES<\/strong><\/h3>\n<p><strong>CUADRO<\/strong><br \/>\nC:68X\u00ae Monocoque Advanced Twin Mold Technology, Air\/Coil Shock Mount Flip-Chip, ISCG, Boost148, UDH\u2122, 170mm travel<\/p>\n<p><strong>TALLA<\/strong><br \/>\n29: M, L, XL, XXL<\/p>\n<p><strong>HORQUILLA DE SUSPENS\u00cdON<\/strong><br \/>\nRockShox ZEB Select+ RC2, Tapered, 15x110mm, 170mm<\/p>\n<p><strong>AMORTIGUADOR<\/strong><br \/>\nRockShox Super Deluxe Select+ Coil, 230x65mm<\/p>\n<p><strong>HARDWARE DE MONTAJE<\/strong><br \/>\nTop: 40x8mm, Bottom: 22.2x8mm<\/p>\n<p><strong>JUEGO DE FRENOS<\/strong><br \/>\nHayes Dominion A4, Hydr. Disc Brake (203\/180)<\/p>\n<p><strong>CAMBIO TRASERO<\/strong><br \/>\nSram GX Eagle\u2122, 12-Speed<\/p>\n<p><strong>MANETAS<\/strong><br \/>\nSram GX Eagle\u2122 Trigger<\/p>\n<p><strong>CAJA PEDALIER<\/strong><br \/>\nSram DUB MTB, 73mm BSA<\/p>\n<p><strong>BIELAS<\/strong><br \/>\nSram GX Eagle\u2122 Boost DUB, 30T<\/p>\n<p><strong>PI\u00d1\u00d3N<\/strong><br \/>\nSram XG-1275 Eagle\u2122, 10-52T<\/p>\n<p><strong>CADENA<\/strong><br \/>\nSram SX Eagle\u2122<\/p>\n<p><strong>GUIACADENAS<\/strong><br \/>\nMRP SXg Chain Guide<\/p>\n<p><strong>DIRECCI\u00d3N<\/strong><br \/>\nACROS AZF-675, ICR (Integrated Cable Routing), Top Zero-Stack 1 1\/2&#8243; (ZS 56mm), Bottom Zero-Stack 1 1\/2&#8243; (ZS 56mm), Fiber Inserts for Angle Adjustment<\/p>\n<p><strong>POTENCIA<\/strong><br \/>\nRace Face Turbine R 35<\/p>\n<p><strong>MANILLAR<\/strong><br \/>\nRace Face Turbine R 35, 800mm<\/p>\n<p><strong>PU\u00d1OS<\/strong><br \/>\nSDG Thrice<\/p>\n<p><strong>RUEDAS<\/strong><br \/>\nNewmen Evolution SL A.30, 28\/28 Spokes, 15x110mm\/12x148mm, Tubeless Ready<\/p>\n<p><strong>NEUM\u00c1TICO<\/strong>\u00a0<strong>DELANTERO<\/strong><br \/>\nMaxxis Assegai, MaxxGrip\/EXO+, Tubeless Ready, 2.5 WT<\/p>\n<p><strong>NEUM\u00c1TICO TRASERO<\/strong><br \/>\nMaxxis Minion DHR II, MaxxTerra\/EXO+, Tubeless Ready, 2.4 WT<\/p>\n<p><strong>SILL\u00cdN<\/strong><br \/>\nSDG Bel Air V3 Lux Alloy<\/p>\n<p><strong>TIJA<\/strong><br \/>\nSDG Tellis, Handlebar Lever, Internal Cable Routing, 31.6mm<\/p>\n<div class=\"label\">\n<p><strong>AJUSTE DEL \u00c1NGULO DE GIRO<\/strong><br \/>\n0,6\u00b0<\/p>\n<\/div>\n<p><strong>PESO<\/strong><br \/>\n15,1 kg<\/p>\n<div class=\"label\"><\/div>\n","protected":false},"excerpt":{"rendered":"<p><a href=\"https:\/\/naturalbikes.cl\/wp-content\/uploads\/2024\/06\/CUBELogo-schwarz_RGB_480x480-1.svg\"><img decoding=\"async\" class=\"size-full wp-image-20453 alignleft\" src=\"https:\/\/naturalbikes.cl\/wp-content\/uploads\/2024\/06\/CUBELogo-schwarz_RGB_480x480-1.svg\" alt=\"\" width=\"476\" height=\"117\" \/><\/a><\/p>\n<p>&nbsp;<\/p>\n<p><strong>Que no te enga\u00f1e la discreci\u00f3n de su caracter\u00edstico color olive &#8216;n&#8217; chrome: es pura potencia t\u00e9cnica. El carbono C:68X\u00ae de alta calidad convierte a la Stereo ONE77 C:68X TM en una aut\u00e9ntica cabra montesa: \u00e1gil en las subidas e incre\u00edblemente precisa en los descensos. Te preguntar\u00e1s c\u00f3mo te las has arreglado hasta ahora sin ella.<\/strong><\/p>\n","protected":false},"featured_media":20458,"comment_status":"open","ping_status":"closed","template":"","meta":[],"product_cat":[293,195,1310],"product_tag":[1319,1182,814,1318,1320],"class_list":{"0":"post-20456","1":"product","2":"type-product","3":"status-publish","4":"has-post-thumbnail","6":"product_brand-cube","7":"product_cat-bicicleta-enduro","8":"product_cat-bicicletas","9":"product_cat-cube-bicicleta-enduro","10":"product_tag-bicicleta-enduro","11":"product_tag-bicicleta-mtb","12":"product_tag-cube","13":"product_tag-cube-estereo","14":"product_tag-cube-one-77","16":"first","17":"instock","18":"sale","19":"taxable","20":"shipping-taxable","21":"purchasable","22":"product-type-variable","23":"rtwpvg-product"},"yoast_head":"<!-- This site is optimized with the Yoast SEO Premium plugin v24.8 (Yoast SEO v25.6) - https:\/\/yoast.com\/wordpress\/plugins\/seo\/ -->\n<title>Bicicleta Cube Stereo One77 C:68X TM 29 - NaturalBikes<\/title>\n<meta name=\"description\" content=\"Que no te enga\u00f1e la discreci\u00f3n de su caracter\u00edstico color olive &#039;n&#039; chrome: es pura potencia t\u00e9cnica. El carbono C:68X\u00ae de alta calidad convierte a la Stereo ONE77 C:68X TM en una aut\u00e9ntica cabra montesa: \u00e1gil en las subidas e incre\u00edblemente precisa en los descensos. Te preguntar\u00e1s c\u00f3mo te las has arreglado hasta ahora sin ella.\" \/>\n<meta name=\"robots\" content=\"index, follow, max-snippet:-1, max-image-preview:large, max-video-preview:-1\" \/>\n<link rel=\"canonical\" href=\"https:\/\/naturalbikes.cl\/?product=bicicleta-cube-stereo-one77-c68x-tm-29\" \/>\n<meta property=\"og:locale\" content=\"es_ES\" \/>\n<meta property=\"og:type\" content=\"article\" \/>\n<meta property=\"og:title\" content=\"Bicicleta Cube Stereo One77 C:68X TM 29\" \/>\n<meta property=\"og:description\" content=\"Ofrecer a nuestros clientes apasionados por el ciclismo de monta\u00f1a la mejor experiencia en productos, conocimientos especializados y servicios excepcionales. Nos comprometemos a proporcionar una amplia gama de bicicletas, accesorios y equipo de alta calidad, junto con asesoramiento experto y atenci\u00f3n personalizada para cada ciclista, para que puedan explorar, disfrutar y maximizar su aventura en el mundo del MTB\" \/>\n<meta property=\"og:url\" content=\"https:\/\/naturalbikes.cl\/?product=bicicleta-cube-stereo-one77-c68x-tm-29\" \/>\n<meta property=\"og:site_name\" content=\"NaturalBikes\" \/>\n<meta property=\"article:publisher\" content=\"https:\/\/www.facebook.com\/naturalbikescl\" \/>\n<meta property=\"article:modified_time\" content=\"2026-01-06T20:12:19+00:00\" \/>\n<meta property=\"og:image\" content=\"https:\/\/naturalbikes.cl\/wp-content\/uploads\/2024\/06\/656300_360V_03_700x.webp\" \/>\n\t<meta property=\"og:image:width\" content=\"700\" \/>\n\t<meta property=\"og:image:height\" content=\"415\" \/>\n\t<meta property=\"og:image:type\" content=\"image\/webp\" \/>\n<meta name=\"twitter:card\" content=\"summary_large_image\" \/>\n<meta name=\"twitter:label1\" content=\"Tiempo de lectura\" \/>\n\t<meta name=\"twitter:data1\" content=\"5 minutos\" \/>\n<script type=\"application\/ld+json\" class=\"yoast-schema-graph\">{\"@context\":\"https:\/\/schema.org\",\"@graph\":[{\"@type\":\"WebPage\",\"@id\":\"https:\/\/naturalbikes.cl\/?product=bicicleta-cube-stereo-one77-c68x-tm-29\",\"url\":\"https:\/\/naturalbikes.cl\/?product=bicicleta-cube-stereo-one77-c68x-tm-29\",\"name\":\"Bicicleta Cube Stereo One77 C:68X TM 29 - NaturalBikes\",\"isPartOf\":{\"@id\":\"https:\/\/naturalbikes.cl\/#website\"},\"primaryImageOfPage\":{\"@id\":\"https:\/\/naturalbikes.cl\/?product=bicicleta-cube-stereo-one77-c68x-tm-29#primaryimage\"},\"image\":{\"@id\":\"https:\/\/naturalbikes.cl\/?product=bicicleta-cube-stereo-one77-c68x-tm-29#primaryimage\"},\"thumbnailUrl\":\"https:\/\/naturalbikes.cl\/wp-content\/uploads\/2024\/06\/656300_360V_03_700x.webp\",\"datePublished\":\"2024-06-22T14:45:50+00:00\",\"dateModified\":\"2026-01-06T20:12:19+00:00\",\"description\":\"Que no te enga\u00f1e la discreci\u00f3n de su caracter\u00edstico color olive 'n' chrome: es pura potencia t\u00e9cnica. El carbono C:68X\u00ae de alta calidad convierte a la Stereo ONE77 C:68X TM en una aut\u00e9ntica cabra montesa: \u00e1gil en las subidas e incre\u00edblemente precisa en los descensos. Te preguntar\u00e1s c\u00f3mo te las has arreglado hasta ahora sin ella.\",\"breadcrumb\":{\"@id\":\"https:\/\/naturalbikes.cl\/?product=bicicleta-cube-stereo-one77-c68x-tm-29#breadcrumb\"},\"inLanguage\":\"es\",\"potentialAction\":[{\"@type\":\"ReadAction\",\"target\":[\"https:\/\/naturalbikes.cl\/?product=bicicleta-cube-stereo-one77-c68x-tm-29\"]}]},{\"@type\":\"ImageObject\",\"inLanguage\":\"es\",\"@id\":\"https:\/\/naturalbikes.cl\/?product=bicicleta-cube-stereo-one77-c68x-tm-29#primaryimage\",\"url\":\"https:\/\/naturalbikes.cl\/wp-content\/uploads\/2024\/06\/656300_360V_03_700x.webp\",\"contentUrl\":\"https:\/\/naturalbikes.cl\/wp-content\/uploads\/2024\/06\/656300_360V_03_700x.webp\",\"width\":700,\"height\":415},{\"@type\":\"BreadcrumbList\",\"@id\":\"https:\/\/naturalbikes.cl\/?product=bicicleta-cube-stereo-one77-c68x-tm-29#breadcrumb\",\"itemListElement\":[{\"@type\":\"ListItem\",\"position\":1,\"name\":\"Portada\",\"item\":\"https:\/\/naturalbikes.cl\/\"},{\"@type\":\"ListItem\",\"position\":2,\"name\":\"Tienda NB\",\"item\":\"https:\/\/naturalbikes.cl\/?page_id=7843\"},{\"@type\":\"ListItem\",\"position\":3,\"name\":\"Cube\",\"item\":\"https:\/\/naturalbikes.cl\/?product_brand=cube\"},{\"@type\":\"ListItem\",\"position\":4,\"name\":\"Bicicleta Cube Stereo One77 C:68X TM 29\"}]},{\"@type\":\"WebSite\",\"@id\":\"https:\/\/naturalbikes.cl\/#website\",\"url\":\"https:\/\/naturalbikes.cl\/\",\"name\":\"Natural Bikes\",\"description\":\"Tienda de bicicletas repuestos accesorios taller mantenimiento clases salidas\",\"publisher\":{\"@id\":\"https:\/\/naturalbikes.cl\/#organization\"},\"alternateName\":\"Natural Bikes\",\"potentialAction\":[{\"@type\":\"SearchAction\",\"target\":{\"@type\":\"EntryPoint\",\"urlTemplate\":\"https:\/\/naturalbikes.cl\/?s={search_term_string}\"},\"query-input\":{\"@type\":\"PropertyValueSpecification\",\"valueRequired\":true,\"valueName\":\"search_term_string\"}}],\"inLanguage\":\"es\"},{\"@type\":\"Organization\",\"@id\":\"https:\/\/naturalbikes.cl\/#organization\",\"name\":\"Natural Bikes\",\"alternateName\":\"Natural Bikes\",\"url\":\"https:\/\/naturalbikes.cl\/\",\"logo\":{\"@type\":\"ImageObject\",\"inLanguage\":\"es\",\"@id\":\"https:\/\/naturalbikes.cl\/#\/schema\/logo\/image\/\",\"url\":\"https:\/\/naturalbikes.cl\/wp-content\/uploads\/2024\/05\/2023-10-10-10.44.12.jpg\",\"contentUrl\":\"https:\/\/naturalbikes.cl\/wp-content\/uploads\/2024\/05\/2023-10-10-10.44.12.jpg\",\"width\":650,\"height\":650,\"caption\":\"Natural Bikes\"},\"image\":{\"@id\":\"https:\/\/naturalbikes.cl\/#\/schema\/logo\/image\/\"},\"sameAs\":[\"https:\/\/www.facebook.com\/naturalbikescl\",\"https:\/\/www.instagram.com\/natural.bikes\",\"https:\/\/www.tiktok.com\/@natural.bikes\"],\"description\":\"Ofrecer a nuestros clientes apasionados por el ciclismo de monta\u00f1a la mejor experiencia en productos, conocimientos especializados y servicios excepcionales. Nos comprometemos a proporcionar una amplia gama de bicicletas, accesorios y equipo de alta calidad, junto con asesoramiento experto y atenci\u00f3n personalizada para cada ciclista, para que puedan explorar, disfrutar y maximizar su aventura en el mundo del MTB\",\"email\":\"naturalbikes1@gmail.com\",\"telephone\":\"56977043878\",\"legalName\":\"Natural Bikes Limitada\",\"foundingDate\":\"2024-01-01\",\"vatID\":\"76699553-5\",\"taxID\":\"76699553-5\",\"numberOfEmployees\":{\"@type\":\"QuantitativeValue\",\"minValue\":\"1\",\"maxValue\":\"10\"},\"publishingPrinciples\":\"https:\/\/naturalbikes.cl\/?page_id=7843\",\"ownershipFundingInfo\":\"https:\/\/naturalbikes.cl\/?page_id=7843\",\"actionableFeedbackPolicy\":\"https:\/\/naturalbikes.cl\/?page_id=14797\",\"correctionsPolicy\":\"https:\/\/naturalbikes.cl\/?page_id=3\",\"ethicsPolicy\":\"https:\/\/naturalbikes.cl\/?page_id=7843\",\"diversityPolicy\":\"https:\/\/naturalbikes.cl\/?page_id=11734\",\"diversityStaffingReport\":\"https:\/\/naturalbikes.cl\/?page_id=12161\"}]}<\/script>\n<!-- \/ Yoast SEO Premium plugin. -->","yoast_head_json":{"title":"Bicicleta Cube Stereo One77 C:68X TM 29 - NaturalBikes","description":"Que no te enga\u00f1e la discreci\u00f3n de su caracter\u00edstico color olive 'n' chrome: es pura potencia t\u00e9cnica. El carbono C:68X\u00ae de alta calidad convierte a la Stereo ONE77 C:68X TM en una aut\u00e9ntica cabra montesa: \u00e1gil en las subidas e incre\u00edblemente precisa en los descensos. Te preguntar\u00e1s c\u00f3mo te las has arreglado hasta ahora sin ella.","robots":{"index":"index","follow":"follow","max-snippet":"max-snippet:-1","max-image-preview":"max-image-preview:large","max-video-preview":"max-video-preview:-1"},"canonical":"https:\/\/naturalbikes.cl\/?product=bicicleta-cube-stereo-one77-c68x-tm-29","og_locale":"es_ES","og_type":"article","og_title":"Bicicleta Cube Stereo One77 C:68X TM 29","og_description":"Ofrecer a nuestros clientes apasionados por el ciclismo de monta\u00f1a la mejor experiencia en productos, conocimientos especializados y servicios excepcionales. Nos comprometemos a proporcionar una amplia gama de bicicletas, accesorios y equipo de alta calidad, junto con asesoramiento experto y atenci\u00f3n personalizada para cada ciclista, para que puedan explorar, disfrutar y maximizar su aventura en el mundo del MTB","og_url":"https:\/\/naturalbikes.cl\/?product=bicicleta-cube-stereo-one77-c68x-tm-29","og_site_name":"NaturalBikes","article_publisher":"https:\/\/www.facebook.com\/naturalbikescl","article_modified_time":"2026-01-06T20:12:19+00:00","og_image":[{"width":700,"height":415,"url":"https:\/\/naturalbikes.cl\/wp-content\/uploads\/2024\/06\/656300_360V_03_700x.webp","type":"image\/webp"}],"twitter_card":"summary_large_image","twitter_misc":{"Tiempo de lectura":"5 minutos"},"schema":{"@context":"https:\/\/schema.org","@graph":[{"@type":"WebPage","@id":"https:\/\/naturalbikes.cl\/?product=bicicleta-cube-stereo-one77-c68x-tm-29","url":"https:\/\/naturalbikes.cl\/?product=bicicleta-cube-stereo-one77-c68x-tm-29","name":"Bicicleta Cube Stereo One77 C:68X TM 29 - NaturalBikes","isPartOf":{"@id":"https:\/\/naturalbikes.cl\/#website"},"primaryImageOfPage":{"@id":"https:\/\/naturalbikes.cl\/?product=bicicleta-cube-stereo-one77-c68x-tm-29#primaryimage"},"image":{"@id":"https:\/\/naturalbikes.cl\/?product=bicicleta-cube-stereo-one77-c68x-tm-29#primaryimage"},"thumbnailUrl":"https:\/\/naturalbikes.cl\/wp-content\/uploads\/2024\/06\/656300_360V_03_700x.webp","datePublished":"2024-06-22T14:45:50+00:00","dateModified":"2026-01-06T20:12:19+00:00","description":"Que no te enga\u00f1e la discreci\u00f3n de su caracter\u00edstico color olive 'n' chrome: es pura potencia t\u00e9cnica. El carbono C:68X\u00ae de alta calidad convierte a la Stereo ONE77 C:68X TM en una aut\u00e9ntica cabra montesa: \u00e1gil en las subidas e incre\u00edblemente precisa en los descensos. Te preguntar\u00e1s c\u00f3mo te las has arreglado hasta ahora sin ella.","breadcrumb":{"@id":"https:\/\/naturalbikes.cl\/?product=bicicleta-cube-stereo-one77-c68x-tm-29#breadcrumb"},"inLanguage":"es","potentialAction":[{"@type":"ReadAction","target":["https:\/\/naturalbikes.cl\/?product=bicicleta-cube-stereo-one77-c68x-tm-29"]}]},{"@type":"ImageObject","inLanguage":"es","@id":"https:\/\/naturalbikes.cl\/?product=bicicleta-cube-stereo-one77-c68x-tm-29#primaryimage","url":"https:\/\/naturalbikes.cl\/wp-content\/uploads\/2024\/06\/656300_360V_03_700x.webp","contentUrl":"https:\/\/naturalbikes.cl\/wp-content\/uploads\/2024\/06\/656300_360V_03_700x.webp","width":700,"height":415},{"@type":"BreadcrumbList","@id":"https:\/\/naturalbikes.cl\/?product=bicicleta-cube-stereo-one77-c68x-tm-29#breadcrumb","itemListElement":[{"@type":"ListItem","position":1,"name":"Portada","item":"https:\/\/naturalbikes.cl\/"},{"@type":"ListItem","position":2,"name":"Tienda NB","item":"https:\/\/naturalbikes.cl\/?page_id=7843"},{"@type":"ListItem","position":3,"name":"Cube","item":"https:\/\/naturalbikes.cl\/?product_brand=cube"},{"@type":"ListItem","position":4,"name":"Bicicleta Cube Stereo One77 C:68X TM 29"}]},{"@type":"WebSite","@id":"https:\/\/naturalbikes.cl\/#website","url":"https:\/\/naturalbikes.cl\/","name":"Natural Bikes","description":"Tienda de bicicletas repuestos accesorios taller mantenimiento clases salidas","publisher":{"@id":"https:\/\/naturalbikes.cl\/#organization"},"alternateName":"Natural Bikes","potentialAction":[{"@type":"SearchAction","target":{"@type":"EntryPoint","urlTemplate":"https:\/\/naturalbikes.cl\/?s={search_term_string}"},"query-input":{"@type":"PropertyValueSpecification","valueRequired":true,"valueName":"search_term_string"}}],"inLanguage":"es"},{"@type":"Organization","@id":"https:\/\/naturalbikes.cl\/#organization","name":"Natural Bikes","alternateName":"Natural Bikes","url":"https:\/\/naturalbikes.cl\/","logo":{"@type":"ImageObject","inLanguage":"es","@id":"https:\/\/naturalbikes.cl\/#\/schema\/logo\/image\/","url":"https:\/\/naturalbikes.cl\/wp-content\/uploads\/2024\/05\/2023-10-10-10.44.12.jpg","contentUrl":"https:\/\/naturalbikes.cl\/wp-content\/uploads\/2024\/05\/2023-10-10-10.44.12.jpg","width":650,"height":650,"caption":"Natural Bikes"},"image":{"@id":"https:\/\/naturalbikes.cl\/#\/schema\/logo\/image\/"},"sameAs":["https:\/\/www.facebook.com\/naturalbikescl","https:\/\/www.instagram.com\/natural.bikes","https:\/\/www.tiktok.com\/@natural.bikes"],"description":"Ofrecer a nuestros clientes apasionados por el ciclismo de monta\u00f1a la mejor experiencia en productos, conocimientos especializados y servicios excepcionales. Nos comprometemos a proporcionar una amplia gama de bicicletas, accesorios y equipo de alta calidad, junto con asesoramiento experto y atenci\u00f3n personalizada para cada ciclista, para que puedan explorar, disfrutar y maximizar su aventura en el mundo del MTB","email":"naturalbikes1@gmail.com","telephone":"56977043878","legalName":"Natural Bikes Limitada","foundingDate":"2024-01-01","vatID":"76699553-5","taxID":"76699553-5","numberOfEmployees":{"@type":"QuantitativeValue","minValue":"1","maxValue":"10"},"publishingPrinciples":"https:\/\/naturalbikes.cl\/?page_id=7843","ownershipFundingInfo":"https:\/\/naturalbikes.cl\/?page_id=7843","actionableFeedbackPolicy":"https:\/\/naturalbikes.cl\/?page_id=14797","correctionsPolicy":"https:\/\/naturalbikes.cl\/?page_id=3","ethicsPolicy":"https:\/\/naturalbikes.cl\/?page_id=7843","diversityPolicy":"https:\/\/naturalbikes.cl\/?page_id=11734","diversityStaffingReport":"https:\/\/naturalbikes.cl\/?page_id=12161"}]}},"_links":{"self":[{"href":"https:\/\/naturalbikes.cl\/index.php?rest_route=\/wp\/v2\/product\/20456"}],"collection":[{"href":"https:\/\/naturalbikes.cl\/index.php?rest_route=\/wp\/v2\/product"}],"about":[{"href":"https:\/\/naturalbikes.cl\/index.php?rest_route=\/wp\/v2\/types\/product"}],"replies":[{"embeddable":true,"href":"https:\/\/naturalbikes.cl\/index.php?rest_route=%2Fwp%2Fv2%2Fcomments&post=20456"}],"wp:featuredmedia":[{"embeddable":true,"href":"https:\/\/naturalbikes.cl\/index.php?rest_route=\/wp\/v2\/media\/20458"}],"wp:attachment":[{"href":"https:\/\/naturalbikes.cl\/index.php?rest_route=%2Fwp%2Fv2%2Fmedia&parent=20456"}],"wp:term":[{"taxonomy":"product_cat","embeddable":true,"href":"https:\/\/naturalbikes.cl\/index.php?rest_route=%2Fwp%2Fv2%2Fproduct_cat&post=20456"},{"taxonomy":"product_tag","embeddable":true,"href":"https:\/\/naturalbikes.cl\/index.php?rest_route=%2Fwp%2Fv2%2Fproduct_tag&post=20456"}],"curies":[{"name":"wp","href":"https:\/\/api.w.org\/{rel}","templated":true}]}}