{"id":20447,"date":"2024-06-22T10:01:36","date_gmt":"2024-06-22T14:01:36","guid":{"rendered":"https:\/\/naturalbikes.cl\/?post_type=product&#038;p=20447"},"modified":"2026-04-13T10:46:34","modified_gmt":"2026-04-13T14:46:34","slug":"bicicleta-cube-stereo-one55-c62-tm-29","status":"publish","type":"product","link":"https:\/\/naturalbikes.cl\/?product=bicicleta-cube-stereo-one55-c62-tm-29","title":{"rendered":"Bicicleta Cube Stereo ONE55 C:62 TM 29"},"content":{"rendered":"<p><a href=\"https:\/\/naturalbikes.cl\/wp-content\/uploads\/2024\/06\/CUBELogo-schwarz_RGB_480x480-1.svg\"><img fetchpriority=\"high\" decoding=\"async\" class=\"size-full wp-image-20453 aligncenter\" src=\"https:\/\/naturalbikes.cl\/wp-content\/uploads\/2024\/06\/CUBELogo-schwarz_RGB_480x480-1.svg\" alt=\"\" width=\"476\" height=\"117\" \/><\/a><\/p>\n<h3 class=\"col-12 col-lg-5\" style=\"text-align: center;\"><strong>ESPECIFICACIONES<\/strong><\/h3>\n<div class=\"section\">\n<div class=\"table-row row no-gutters\">\n<div class=\"col-5 col-md-3 col-lg-2\">\n<p><strong>CUADRO<\/strong><br \/>\nC:62\u00ae Monocoque Advanced Twin Mold Technology, ISCG05, Boost 148, UDH\u2122, 155mm travel<\/p>\n<p><strong>HORQUILLA DE SUSPENSI\u00d3N<\/strong><br \/>\nRockShox Lyrik Ultimate RC2, Tapered, 15x110mm, 160mm<\/p>\n<p><strong>AMORTIGUADOR<\/strong><br \/>\nRockShox Super Deluxe Ultimate DebonAir, 205x60mm, Low Speed Compression &amp; Rebound Adjust, Lockout<\/p>\n<p><strong>HARDWARE DE MONTAJE<\/strong><br \/>\nTop: 54mm Trunnion Mount, Bottom: 22x8mm<\/p>\n<p><strong>JUEGO DE FRENOS<\/strong><br \/>\nMagura MT7, Hydr. Disc Brake (203\/180)<\/p>\n<p><strong>CAMBIO TRASERO<\/strong><br \/>\nSram X01 Eagle\u2122 AXS, 12-Speed<\/p>\n<p><strong>MANETAS<\/strong><br \/>\nSram Eagle AXS\u2122 Controller<\/p>\n<p><strong>CAJA PEDALIER<\/strong><br \/>\nSram DUB MTB, 73mm BSA<\/p>\n<p><strong>BIELAS<\/strong><br \/>\nSram X01 Eagle\u2122 Carbon 32T, Boost<\/p>\n<p><strong>PI\u00d1\u00d3N<\/strong><br \/>\nSram XG-1295, 10-52T<\/p>\n<p><strong>CADENA<\/strong><br \/>\nSram PC-XO1 Eagle\u2122<\/p>\n<p><strong>GUIACADENAS<\/strong><br \/>\nMRP SXg Chain Guide<\/p>\n<p><strong>DIRECCI\u00d3N<\/strong><br \/>\nACROS AZF-675, ICR (Integrated Cable Routing), Top Zero-Stack 1 1\/2&#8243; (ZS 56mm), Bottom Zero-Stack 1 1\/2&#8243; (ZS 56mm), Fiber Inserts for Angle Adjustment<\/p>\n<p><strong>MANILLAR Y POTENCIA INTEGRADA<\/strong><br \/>\nCUBE Stereo Carbon Cockpit System<\/p>\n<p><strong>PU\u00d1OS<\/strong><br \/>\nSDG Thrice<\/p>\n<p><strong>RUEDAS<\/strong><br \/>\nNewmen Evolution SL A.30, 28\/28 Spokes, 15x110mm\/12x148mm, Tubeless Ready<\/p>\n<p><strong>NEUM\u00c1TICO DELANTERO<\/strong><br \/>\nMaxxis Assegai, MaxxGrip\/EXO+, Tubeless Ready, 2.5 WT<\/p>\n<p><strong>NEUM\u00c1TICO TRASERO<\/strong><br \/>\nMaxxis Minion DHR II, MaxxTerra\/EXO+, Tubeless Ready, 2.4 WT<\/p>\n<p><strong>SILL\u00cdN<\/strong><br \/>\nSDG Bel Air V3 Lux Alloy<\/p>\n<p><strong>TIJA<\/strong><br \/>\nSDG Tellis, Handlebar Lever, Internal Cable Routing, 30.9mm<\/p>\n<p><strong>EXTRAS<\/strong><br \/>\nACID Downtube Storage Bag &amp; HUSK24 Multi Tool<\/p>\n<p><strong>PESO<\/strong><br \/>\n13,6 kg<\/p>\n<\/div>\n<\/div>\n<\/div>\n","protected":false},"excerpt":{"rendered":"<p><a href=\"https:\/\/naturalbikes.cl\/wp-content\/uploads\/2024\/06\/CUBELogo-schwarz_RGB_480x480-1.svg\"><img decoding=\"async\" class=\"size-full wp-image-20453 alignleft\" src=\"https:\/\/naturalbikes.cl\/wp-content\/uploads\/2024\/06\/CUBELogo-schwarz_RGB_480x480-1.svg\" alt=\"\" width=\"476\" height=\"117\" \/><\/a><\/p>\n<p>&nbsp;<\/p>\n<p><strong>\u00bfC\u00f3mo de buena puede llegar a ser una bicicleta de monta\u00f1a? Pues as\u00ed de buena. El cuadro de carbono de la Stereo ONE55 C:62 TM 29 con un llamativo acabado olive &#8216;n&#8217; chrome no es m\u00e1s que el principio. Los componentes cuidadosamente seleccionados, incluida la transmisi\u00f3n electr\u00f3nica X01 Eagle de Sram, te proporcionan todo lo que necesitas para emprender la ruta y ganarla.<\/strong><\/p>\n","protected":false},"featured_media":20452,"comment_status":"open","ping_status":"closed","template":"","meta":[],"product_cat":[293,195,1310],"product_tag":[1319,1182,814,1318,849],"class_list":{"0":"post-20447","1":"product","2":"type-product","3":"status-publish","4":"has-post-thumbnail","6":"product_brand-cube","7":"product_cat-bicicleta-enduro","8":"product_cat-bicicletas","9":"product_cat-cube-bicicleta-enduro","10":"product_tag-bicicleta-enduro","11":"product_tag-bicicleta-mtb","12":"product_tag-cube","13":"product_tag-cube-estereo","14":"product_tag-mtb","16":"first","17":"outofstock","18":"sale","19":"taxable","20":"shipping-taxable","21":"purchasable","22":"product-type-variable","23":"rtwpvg-product"},"yoast_head":"<!-- This site is optimized with the Yoast SEO Premium plugin v24.8 (Yoast SEO v25.6) - https:\/\/yoast.com\/wordpress\/plugins\/seo\/ -->\n<title>Bicicleta Cube Stereo ONE55 C:62 TM 29 - NaturalBikes<\/title>\n<meta name=\"description\" content=\"\u00bfC\u00f3mo de buena puede llegar a ser una bicicleta de monta\u00f1a? Pues as\u00ed de buena. El cuadro de carbono de la Stereo ONE55 C:62 TM 29 con un llamativo acabado olive &#039;n&#039; chrome no es m\u00e1s que el principio. Los componentes cuidadosamente seleccionados, incluida la transmisi\u00f3n electr\u00f3nica X01 Eagle de Sram, te proporcionan todo lo que necesitas para emprender la ruta y ganarla.\" \/>\n<meta name=\"robots\" content=\"index, follow, max-snippet:-1, max-image-preview:large, max-video-preview:-1\" \/>\n<link rel=\"canonical\" href=\"https:\/\/naturalbikes.cl\/?product=bicicleta-cube-stereo-one55-c62-tm-29\" \/>\n<meta property=\"og:locale\" content=\"es_ES\" \/>\n<meta property=\"og:type\" content=\"article\" \/>\n<meta property=\"og:title\" content=\"Bicicleta Cube Stereo ONE55 C:62 TM 29\" \/>\n<meta property=\"og:description\" content=\"Ofrecer a nuestros clientes apasionados por el ciclismo de monta\u00f1a la mejor experiencia en productos, conocimientos especializados y servicios excepcionales. Nos comprometemos a proporcionar una amplia gama de bicicletas, accesorios y equipo de alta calidad, junto con asesoramiento experto y atenci\u00f3n personalizada para cada ciclista, para que puedan explorar, disfrutar y maximizar su aventura en el mundo del MTB\" \/>\n<meta property=\"og:url\" content=\"https:\/\/naturalbikes.cl\/?product=bicicleta-cube-stereo-one55-c62-tm-29\" \/>\n<meta property=\"og:site_name\" content=\"NaturalBikes\" \/>\n<meta property=\"article:publisher\" content=\"https:\/\/www.facebook.com\/naturalbikescl\" \/>\n<meta property=\"article:modified_time\" content=\"2026-04-13T14:46:34+00:00\" \/>\n<meta property=\"og:image\" content=\"https:\/\/naturalbikes.cl\/wp-content\/uploads\/2024\/06\/755300_S_00_1920x1920_0a218741-1ff0-42e9-9e3a-01cfba02a304_700x.webp\" \/>\n\t<meta property=\"og:image:width\" content=\"700\" \/>\n\t<meta property=\"og:image:height\" content=\"408\" \/>\n\t<meta property=\"og:image:type\" content=\"image\/webp\" \/>\n<meta name=\"twitter:card\" content=\"summary_large_image\" \/>\n<meta name=\"twitter:label1\" content=\"Tiempo de lectura\" \/>\n\t<meta name=\"twitter:data1\" content=\"2 minutos\" \/>\n<script type=\"application\/ld+json\" class=\"yoast-schema-graph\">{\"@context\":\"https:\/\/schema.org\",\"@graph\":[{\"@type\":\"WebPage\",\"@id\":\"https:\/\/naturalbikes.cl\/?product=bicicleta-cube-stereo-one55-c62-tm-29\",\"url\":\"https:\/\/naturalbikes.cl\/?product=bicicleta-cube-stereo-one55-c62-tm-29\",\"name\":\"Bicicleta Cube Stereo ONE55 C:62 TM 29 - NaturalBikes\",\"isPartOf\":{\"@id\":\"https:\/\/naturalbikes.cl\/#website\"},\"primaryImageOfPage\":{\"@id\":\"https:\/\/naturalbikes.cl\/?product=bicicleta-cube-stereo-one55-c62-tm-29#primaryimage\"},\"image\":{\"@id\":\"https:\/\/naturalbikes.cl\/?product=bicicleta-cube-stereo-one55-c62-tm-29#primaryimage\"},\"thumbnailUrl\":\"https:\/\/naturalbikes.cl\/wp-content\/uploads\/2024\/06\/755300_S_00_1920x1920_0a218741-1ff0-42e9-9e3a-01cfba02a304_700x.webp\",\"datePublished\":\"2024-06-22T14:01:36+00:00\",\"dateModified\":\"2026-04-13T14:46:34+00:00\",\"description\":\"\u00bfC\u00f3mo de buena puede llegar a ser una bicicleta de monta\u00f1a? Pues as\u00ed de buena. El cuadro de carbono de la Stereo ONE55 C:62 TM 29 con un llamativo acabado olive 'n' chrome no es m\u00e1s que el principio. Los componentes cuidadosamente seleccionados, incluida la transmisi\u00f3n electr\u00f3nica X01 Eagle de Sram, te proporcionan todo lo que necesitas para emprender la ruta y ganarla.\",\"breadcrumb\":{\"@id\":\"https:\/\/naturalbikes.cl\/?product=bicicleta-cube-stereo-one55-c62-tm-29#breadcrumb\"},\"inLanguage\":\"es\",\"potentialAction\":[{\"@type\":\"ReadAction\",\"target\":[\"https:\/\/naturalbikes.cl\/?product=bicicleta-cube-stereo-one55-c62-tm-29\"]}]},{\"@type\":\"ImageObject\",\"inLanguage\":\"es\",\"@id\":\"https:\/\/naturalbikes.cl\/?product=bicicleta-cube-stereo-one55-c62-tm-29#primaryimage\",\"url\":\"https:\/\/naturalbikes.cl\/wp-content\/uploads\/2024\/06\/755300_S_00_1920x1920_0a218741-1ff0-42e9-9e3a-01cfba02a304_700x.webp\",\"contentUrl\":\"https:\/\/naturalbikes.cl\/wp-content\/uploads\/2024\/06\/755300_S_00_1920x1920_0a218741-1ff0-42e9-9e3a-01cfba02a304_700x.webp\",\"width\":700,\"height\":408},{\"@type\":\"BreadcrumbList\",\"@id\":\"https:\/\/naturalbikes.cl\/?product=bicicleta-cube-stereo-one55-c62-tm-29#breadcrumb\",\"itemListElement\":[{\"@type\":\"ListItem\",\"position\":1,\"name\":\"Portada\",\"item\":\"https:\/\/naturalbikes.cl\/\"},{\"@type\":\"ListItem\",\"position\":2,\"name\":\"Tienda NB\",\"item\":\"https:\/\/naturalbikes.cl\/?page_id=7843\"},{\"@type\":\"ListItem\",\"position\":3,\"name\":\"Cube\",\"item\":\"https:\/\/naturalbikes.cl\/?product_brand=cube\"},{\"@type\":\"ListItem\",\"position\":4,\"name\":\"Bicicleta Cube Stereo ONE55 C:62 TM 29\"}]},{\"@type\":\"WebSite\",\"@id\":\"https:\/\/naturalbikes.cl\/#website\",\"url\":\"https:\/\/naturalbikes.cl\/\",\"name\":\"Natural Bikes\",\"description\":\"Tienda de bicicletas repuestos accesorios taller mantenimiento clases salidas\",\"publisher\":{\"@id\":\"https:\/\/naturalbikes.cl\/#organization\"},\"alternateName\":\"Natural Bikes\",\"potentialAction\":[{\"@type\":\"SearchAction\",\"target\":{\"@type\":\"EntryPoint\",\"urlTemplate\":\"https:\/\/naturalbikes.cl\/?s={search_term_string}\"},\"query-input\":{\"@type\":\"PropertyValueSpecification\",\"valueRequired\":true,\"valueName\":\"search_term_string\"}}],\"inLanguage\":\"es\"},{\"@type\":\"Organization\",\"@id\":\"https:\/\/naturalbikes.cl\/#organization\",\"name\":\"Natural Bikes\",\"alternateName\":\"Natural Bikes\",\"url\":\"https:\/\/naturalbikes.cl\/\",\"logo\":{\"@type\":\"ImageObject\",\"inLanguage\":\"es\",\"@id\":\"https:\/\/naturalbikes.cl\/#\/schema\/logo\/image\/\",\"url\":\"https:\/\/naturalbikes.cl\/wp-content\/uploads\/2024\/05\/2023-10-10-10.44.12.jpg\",\"contentUrl\":\"https:\/\/naturalbikes.cl\/wp-content\/uploads\/2024\/05\/2023-10-10-10.44.12.jpg\",\"width\":650,\"height\":650,\"caption\":\"Natural Bikes\"},\"image\":{\"@id\":\"https:\/\/naturalbikes.cl\/#\/schema\/logo\/image\/\"},\"sameAs\":[\"https:\/\/www.facebook.com\/naturalbikescl\",\"https:\/\/www.instagram.com\/natural.bikes\",\"https:\/\/www.tiktok.com\/@natural.bikes\"],\"description\":\"Ofrecer a nuestros clientes apasionados por el ciclismo de monta\u00f1a la mejor experiencia en productos, conocimientos especializados y servicios excepcionales. Nos comprometemos a proporcionar una amplia gama de bicicletas, accesorios y equipo de alta calidad, junto con asesoramiento experto y atenci\u00f3n personalizada para cada ciclista, para que puedan explorar, disfrutar y maximizar su aventura en el mundo del MTB\",\"email\":\"naturalbikes1@gmail.com\",\"telephone\":\"56977043878\",\"legalName\":\"Natural Bikes Limitada\",\"foundingDate\":\"2024-01-01\",\"vatID\":\"76699553-5\",\"taxID\":\"76699553-5\",\"numberOfEmployees\":{\"@type\":\"QuantitativeValue\",\"minValue\":\"1\",\"maxValue\":\"10\"},\"publishingPrinciples\":\"https:\/\/naturalbikes.cl\/?page_id=7843\",\"ownershipFundingInfo\":\"https:\/\/naturalbikes.cl\/?page_id=7843\",\"actionableFeedbackPolicy\":\"https:\/\/naturalbikes.cl\/?page_id=14797\",\"correctionsPolicy\":\"https:\/\/naturalbikes.cl\/?page_id=3\",\"ethicsPolicy\":\"https:\/\/naturalbikes.cl\/?page_id=7843\",\"diversityPolicy\":\"https:\/\/naturalbikes.cl\/?page_id=11734\",\"diversityStaffingReport\":\"https:\/\/naturalbikes.cl\/?page_id=12161\"}]}<\/script>\n<!-- \/ Yoast SEO Premium plugin. -->","yoast_head_json":{"title":"Bicicleta Cube Stereo ONE55 C:62 TM 29 - NaturalBikes","description":"\u00bfC\u00f3mo de buena puede llegar a ser una bicicleta de monta\u00f1a? Pues as\u00ed de buena. El cuadro de carbono de la Stereo ONE55 C:62 TM 29 con un llamativo acabado olive 'n' chrome no es m\u00e1s que el principio. Los componentes cuidadosamente seleccionados, incluida la transmisi\u00f3n electr\u00f3nica X01 Eagle de Sram, te proporcionan todo lo que necesitas para emprender la ruta y ganarla.","robots":{"index":"index","follow":"follow","max-snippet":"max-snippet:-1","max-image-preview":"max-image-preview:large","max-video-preview":"max-video-preview:-1"},"canonical":"https:\/\/naturalbikes.cl\/?product=bicicleta-cube-stereo-one55-c62-tm-29","og_locale":"es_ES","og_type":"article","og_title":"Bicicleta Cube Stereo ONE55 C:62 TM 29","og_description":"Ofrecer a nuestros clientes apasionados por el ciclismo de monta\u00f1a la mejor experiencia en productos, conocimientos especializados y servicios excepcionales. Nos comprometemos a proporcionar una amplia gama de bicicletas, accesorios y equipo de alta calidad, junto con asesoramiento experto y atenci\u00f3n personalizada para cada ciclista, para que puedan explorar, disfrutar y maximizar su aventura en el mundo del MTB","og_url":"https:\/\/naturalbikes.cl\/?product=bicicleta-cube-stereo-one55-c62-tm-29","og_site_name":"NaturalBikes","article_publisher":"https:\/\/www.facebook.com\/naturalbikescl","article_modified_time":"2026-04-13T14:46:34+00:00","og_image":[{"width":700,"height":408,"url":"https:\/\/naturalbikes.cl\/wp-content\/uploads\/2024\/06\/755300_S_00_1920x1920_0a218741-1ff0-42e9-9e3a-01cfba02a304_700x.webp","type":"image\/webp"}],"twitter_card":"summary_large_image","twitter_misc":{"Tiempo de lectura":"2 minutos"},"schema":{"@context":"https:\/\/schema.org","@graph":[{"@type":"WebPage","@id":"https:\/\/naturalbikes.cl\/?product=bicicleta-cube-stereo-one55-c62-tm-29","url":"https:\/\/naturalbikes.cl\/?product=bicicleta-cube-stereo-one55-c62-tm-29","name":"Bicicleta Cube Stereo ONE55 C:62 TM 29 - NaturalBikes","isPartOf":{"@id":"https:\/\/naturalbikes.cl\/#website"},"primaryImageOfPage":{"@id":"https:\/\/naturalbikes.cl\/?product=bicicleta-cube-stereo-one55-c62-tm-29#primaryimage"},"image":{"@id":"https:\/\/naturalbikes.cl\/?product=bicicleta-cube-stereo-one55-c62-tm-29#primaryimage"},"thumbnailUrl":"https:\/\/naturalbikes.cl\/wp-content\/uploads\/2024\/06\/755300_S_00_1920x1920_0a218741-1ff0-42e9-9e3a-01cfba02a304_700x.webp","datePublished":"2024-06-22T14:01:36+00:00","dateModified":"2026-04-13T14:46:34+00:00","description":"\u00bfC\u00f3mo de buena puede llegar a ser una bicicleta de monta\u00f1a? Pues as\u00ed de buena. El cuadro de carbono de la Stereo ONE55 C:62 TM 29 con un llamativo acabado olive 'n' chrome no es m\u00e1s que el principio. Los componentes cuidadosamente seleccionados, incluida la transmisi\u00f3n electr\u00f3nica X01 Eagle de Sram, te proporcionan todo lo que necesitas para emprender la ruta y ganarla.","breadcrumb":{"@id":"https:\/\/naturalbikes.cl\/?product=bicicleta-cube-stereo-one55-c62-tm-29#breadcrumb"},"inLanguage":"es","potentialAction":[{"@type":"ReadAction","target":["https:\/\/naturalbikes.cl\/?product=bicicleta-cube-stereo-one55-c62-tm-29"]}]},{"@type":"ImageObject","inLanguage":"es","@id":"https:\/\/naturalbikes.cl\/?product=bicicleta-cube-stereo-one55-c62-tm-29#primaryimage","url":"https:\/\/naturalbikes.cl\/wp-content\/uploads\/2024\/06\/755300_S_00_1920x1920_0a218741-1ff0-42e9-9e3a-01cfba02a304_700x.webp","contentUrl":"https:\/\/naturalbikes.cl\/wp-content\/uploads\/2024\/06\/755300_S_00_1920x1920_0a218741-1ff0-42e9-9e3a-01cfba02a304_700x.webp","width":700,"height":408},{"@type":"BreadcrumbList","@id":"https:\/\/naturalbikes.cl\/?product=bicicleta-cube-stereo-one55-c62-tm-29#breadcrumb","itemListElement":[{"@type":"ListItem","position":1,"name":"Portada","item":"https:\/\/naturalbikes.cl\/"},{"@type":"ListItem","position":2,"name":"Tienda NB","item":"https:\/\/naturalbikes.cl\/?page_id=7843"},{"@type":"ListItem","position":3,"name":"Cube","item":"https:\/\/naturalbikes.cl\/?product_brand=cube"},{"@type":"ListItem","position":4,"name":"Bicicleta Cube Stereo ONE55 C:62 TM 29"}]},{"@type":"WebSite","@id":"https:\/\/naturalbikes.cl\/#website","url":"https:\/\/naturalbikes.cl\/","name":"Natural Bikes","description":"Tienda de bicicletas repuestos accesorios taller mantenimiento clases salidas","publisher":{"@id":"https:\/\/naturalbikes.cl\/#organization"},"alternateName":"Natural Bikes","potentialAction":[{"@type":"SearchAction","target":{"@type":"EntryPoint","urlTemplate":"https:\/\/naturalbikes.cl\/?s={search_term_string}"},"query-input":{"@type":"PropertyValueSpecification","valueRequired":true,"valueName":"search_term_string"}}],"inLanguage":"es"},{"@type":"Organization","@id":"https:\/\/naturalbikes.cl\/#organization","name":"Natural Bikes","alternateName":"Natural Bikes","url":"https:\/\/naturalbikes.cl\/","logo":{"@type":"ImageObject","inLanguage":"es","@id":"https:\/\/naturalbikes.cl\/#\/schema\/logo\/image\/","url":"https:\/\/naturalbikes.cl\/wp-content\/uploads\/2024\/05\/2023-10-10-10.44.12.jpg","contentUrl":"https:\/\/naturalbikes.cl\/wp-content\/uploads\/2024\/05\/2023-10-10-10.44.12.jpg","width":650,"height":650,"caption":"Natural Bikes"},"image":{"@id":"https:\/\/naturalbikes.cl\/#\/schema\/logo\/image\/"},"sameAs":["https:\/\/www.facebook.com\/naturalbikescl","https:\/\/www.instagram.com\/natural.bikes","https:\/\/www.tiktok.com\/@natural.bikes"],"description":"Ofrecer a nuestros clientes apasionados por el ciclismo de monta\u00f1a la mejor experiencia en productos, conocimientos especializados y servicios excepcionales. Nos comprometemos a proporcionar una amplia gama de bicicletas, accesorios y equipo de alta calidad, junto con asesoramiento experto y atenci\u00f3n personalizada para cada ciclista, para que puedan explorar, disfrutar y maximizar su aventura en el mundo del MTB","email":"naturalbikes1@gmail.com","telephone":"56977043878","legalName":"Natural Bikes Limitada","foundingDate":"2024-01-01","vatID":"76699553-5","taxID":"76699553-5","numberOfEmployees":{"@type":"QuantitativeValue","minValue":"1","maxValue":"10"},"publishingPrinciples":"https:\/\/naturalbikes.cl\/?page_id=7843","ownershipFundingInfo":"https:\/\/naturalbikes.cl\/?page_id=7843","actionableFeedbackPolicy":"https:\/\/naturalbikes.cl\/?page_id=14797","correctionsPolicy":"https:\/\/naturalbikes.cl\/?page_id=3","ethicsPolicy":"https:\/\/naturalbikes.cl\/?page_id=7843","diversityPolicy":"https:\/\/naturalbikes.cl\/?page_id=11734","diversityStaffingReport":"https:\/\/naturalbikes.cl\/?page_id=12161"}]}},"_links":{"self":[{"href":"https:\/\/naturalbikes.cl\/index.php?rest_route=\/wp\/v2\/product\/20447"}],"collection":[{"href":"https:\/\/naturalbikes.cl\/index.php?rest_route=\/wp\/v2\/product"}],"about":[{"href":"https:\/\/naturalbikes.cl\/index.php?rest_route=\/wp\/v2\/types\/product"}],"replies":[{"embeddable":true,"href":"https:\/\/naturalbikes.cl\/index.php?rest_route=%2Fwp%2Fv2%2Fcomments&post=20447"}],"wp:featuredmedia":[{"embeddable":true,"href":"https:\/\/naturalbikes.cl\/index.php?rest_route=\/wp\/v2\/media\/20452"}],"wp:attachment":[{"href":"https:\/\/naturalbikes.cl\/index.php?rest_route=%2Fwp%2Fv2%2Fmedia&parent=20447"}],"wp:term":[{"taxonomy":"product_cat","embeddable":true,"href":"https:\/\/naturalbikes.cl\/index.php?rest_route=%2Fwp%2Fv2%2Fproduct_cat&post=20447"},{"taxonomy":"product_tag","embeddable":true,"href":"https:\/\/naturalbikes.cl\/index.php?rest_route=%2Fwp%2Fv2%2Fproduct_tag&post=20447"}],"curies":[{"name":"wp","href":"https:\/\/api.w.org\/{rel}","templated":true}]}}