{"id":20063,"date":"2024-05-26T22:14:35","date_gmt":"2024-05-27T02:14:35","guid":{"rendered":"https:\/\/naturalbikes.cl\/?post_type=product&#038;p=20063"},"modified":"2026-01-06T17:11:53","modified_gmt":"2026-01-06T20:11:53","slug":"horquilla-rock-shox-zeb-ult-rc2-29-170mm-plomo","status":"publish","type":"product","link":"https:\/\/naturalbikes.cl\/?product=horquilla-rock-shox-zeb-ult-rc2-29-170mm-plomo","title":{"rendered":"Horquilla RockShox Zeb Ult RC2 29 170mm"},"content":{"rendered":"<p><a href=\"https:\/\/naturalbikes.cl\/wp-content\/uploads\/2024\/05\/rockshox-1.png\"><img fetchpriority=\"high\" decoding=\"async\" class=\"size-medium wp-image-20053 aligncenter\" src=\"https:\/\/naturalbikes.cl\/wp-content\/uploads\/2024\/05\/rockshox-1-300x300.png\" alt=\"\" width=\"300\" height=\"300\" srcset=\"https:\/\/naturalbikes.cl\/wp-content\/uploads\/2024\/05\/rockshox-1-300x300.png 300w, https:\/\/naturalbikes.cl\/wp-content\/uploads\/2024\/05\/rockshox-1-150x150.png 150w, https:\/\/naturalbikes.cl\/wp-content\/uploads\/2024\/05\/rockshox-1-768x767.png 768w, https:\/\/naturalbikes.cl\/wp-content\/uploads\/2024\/05\/rockshox-1-100x100.png 100w, https:\/\/naturalbikes.cl\/wp-content\/uploads\/2024\/05\/rockshox-1-50x50.png 50w, https:\/\/naturalbikes.cl\/wp-content\/uploads\/2024\/05\/rockshox-1-460x460.png 460w, https:\/\/naturalbikes.cl\/wp-content\/uploads\/2024\/05\/rockshox-1.png 800w\" sizes=\"(max-width: 300px) 100vw, 300px\" \/><\/a><\/p>\n<h4 style=\"text-align: center;\"><strong>ESPECIFICACIONES T\u00c9CNICAS<\/strong><\/h4>\n<ul id=\"isPasted\">\n<li>\u00a0 \u00a0 \u00a0 \u00a0 Nuevo chasis de 38 mm para mayor rigidez y confianza del ciclista<\/li>\n<li>\u00a0 \u00a0 \u00a0 \u00a0 Tecnolog\u00eda Charger: el amortiguador New Charger R presenta compresi\u00f3n ajustada de f\u00e1brica con rebote f\u00e1cil de ajustar<\/li>\n<li>\u00a0 \u00a0 \u00a0 \u00a0 La c\u00e1mara de aire DebonAir altamente ajustable ofrece una sensaci\u00f3n suave como la mantequilla desde la parte superior y mantiene una altura de manejo m\u00e1s alta para una mayor confianza en terrenos empinados<\/li>\n<li>\u00a0 \u00a0 \u00a0 \u00a0 El fluido de amortiguaci\u00f3n Maxima Plush reduce la fricci\u00f3n y silencia el ruido del amortiguador<\/li>\n<li>\u00a0 \u00a0 \u00a0 \u00a0 Compatible con guardabarros cortos (el guardabarros RockShox se vende por separado)<\/li>\n<li>\u00a0 \u00a0 \u00a0 \u00a0 Calcoman\u00eda de respaldo eMTB<\/li>\n<li>\u00a0 \u00a0 \u00a0 \u00a0 Tama\u00f1o de la rueda: 29&#8243;<\/li>\n<li>\u00a0 \u00a0 \u00a0 \u00a0 Recorrido (mm): 170 mm<\/li>\n<li>\u00a0 \u00a0 \u00a0 \u00a0 Resorte: DebonAir, aire de doble posici\u00f3n<\/li>\n<li>\u00a0 \u00a0 \u00a0 \u00a0 Desplazamiento de la horquilla:44 mm (29&#8243;)<\/li>\n<li>\u00a0 \u00a0 \u00a0 \u00a0 Tama\u00f1o m\u00e1ximo del rotor: 220 mm<\/li>\n<li>\u00a0 \u00a0 \u00a0 \u00a0 Tipo de tubo superior: aluminio de 38 mm<\/li>\n<li>\u00a0 \u00a0 \u00a0 \u00a0 Ancho m\u00e1ximo de neum\u00e1tico (mm): 81<\/li>\n<li>\u00a0 \u00a0 \u00a0 \u00a0 Tama\u00f1o m\u00ednimo del rotor: 200 mm<\/li>\n<li>\u00a0 \u00a0 \u00a0 \u00a0 Tipo de amortiguador: Cargador R<\/li>\n<li>\u00a0 \u00a0 \u00a0 \u00a0 Compatibilidad con guardabarros: montaje corto de 3 puntos<\/li>\n<li>\u00a0 \u00a0 \u00a0 \u00a0 Peso: 2231 g (peso basado en un tubo de direcci\u00f3n c\u00f3nico de 1,5&#8243; Maxle Stealth de 29&#8243; y 190 mm de recorrido)<\/li>\n<\/ul>\n","protected":false},"excerpt":{"rendered":"<p><a href=\"https:\/\/naturalbikes.cl\/wp-content\/uploads\/2024\/05\/rockshox-1.png\"><img decoding=\"async\" class=\" wp-image-20053 alignleft\" src=\"https:\/\/naturalbikes.cl\/wp-content\/uploads\/2024\/05\/rockshox-1-300x300.png\" alt=\"\" width=\"182\" height=\"182\" srcset=\"https:\/\/naturalbikes.cl\/wp-content\/uploads\/2024\/05\/rockshox-1-300x300.png 300w, https:\/\/naturalbikes.cl\/wp-content\/uploads\/2024\/05\/rockshox-1-150x150.png 150w, https:\/\/naturalbikes.cl\/wp-content\/uploads\/2024\/05\/rockshox-1-768x767.png 768w, https:\/\/naturalbikes.cl\/wp-content\/uploads\/2024\/05\/rockshox-1-100x100.png 100w, https:\/\/naturalbikes.cl\/wp-content\/uploads\/2024\/05\/rockshox-1-50x50.png 50w, https:\/\/naturalbikes.cl\/wp-content\/uploads\/2024\/05\/rockshox-1-460x460.png 460w, https:\/\/naturalbikes.cl\/wp-content\/uploads\/2024\/05\/rockshox-1.png 800w\" sizes=\"(max-width: 182px) 100vw, 182px\" \/><\/a><\/p>\n<p>Muchos viajes, pocas excusas, ZEB Ultimate es una horquilla completamente nueva dise\u00f1ada para desafiar los l\u00edmites y enfrentarse a las pistas de enduro m\u00e1s duras del mundo. Un chasis r\u00edgido actualizado de 38 mm incluye el nuevo amortiguador Charger 3 RC2 con tecnolog\u00eda ButterCup que elimina las vibraciones. Nuestras tecnolog\u00edas de m\u00e1s alto rendimiento, probadas por atletas, combinadas con jugadas de estilo premium.<\/p>\n","protected":false},"featured_media":20064,"comment_status":"open","ping_status":"closed","template":"","meta":[],"product_cat":[198,238,367,368],"product_tag":[1297,1277,966,1278],"class_list":{"0":"post-20063","1":"product","2":"type-product","3":"status-publish","4":"has-post-thumbnail","6":"product_cat-componentes","7":"product_cat-horquillas-y-partes","8":"product_cat-rockshox","9":"product_cat-zeb","10":"product_tag-rockshox","11":"product_tag-suspension-29","12":"product_tag-suspensiones","13":"product_tag-zeb","15":"first","16":"instock","17":"taxable","18":"shipping-taxable","19":"purchasable","20":"product-type-simple"},"yoast_head":"<!-- This site is optimized with the Yoast SEO Premium plugin v24.8 (Yoast SEO v25.6) - https:\/\/yoast.com\/wordpress\/plugins\/seo\/ -->\n<title>Horquilla RockShox Zeb Ult RC2 29 170mm - NaturalBikes<\/title>\n<meta name=\"description\" content=\"Muchos viajes, pocas excusas, ZEB Ultimate es una horquilla completamente nueva dise\u00f1ada para desafiar los l\u00edmites y enfrentarse a las pistas de enduro m\u00e1s duras del mundo. Un chasis r\u00edgido actualizado de 38 mm incluye el nuevo amortiguador Charger 3 RC2 con tecnolog\u00eda ButterCup que elimina las vibraciones. Nuestras tecnolog\u00edas de m\u00e1s alto rendimiento, probadas por atletas, combinadas con jugadas de estilo premium.\" \/>\n<meta name=\"robots\" content=\"index, follow, max-snippet:-1, max-image-preview:large, max-video-preview:-1\" \/>\n<link rel=\"canonical\" href=\"https:\/\/naturalbikes.cl\/?product=horquilla-rock-shox-zeb-ult-rc2-29-170mm-plomo\" \/>\n<meta property=\"og:locale\" content=\"es_ES\" \/>\n<meta property=\"og:type\" content=\"article\" \/>\n<meta property=\"og:title\" content=\"Horquilla RockShox Zeb Ult RC2 29 170mm\" \/>\n<meta property=\"og:description\" content=\"Ofrecer a nuestros clientes apasionados por el ciclismo de monta\u00f1a la mejor experiencia en productos, conocimientos especializados y servicios excepcionales. Nos comprometemos a proporcionar una amplia gama de bicicletas, accesorios y equipo de alta calidad, junto con asesoramiento experto y atenci\u00f3n personalizada para cada ciclista, para que puedan explorar, disfrutar y maximizar su aventura en el mundo del MTB\" \/>\n<meta property=\"og:url\" content=\"https:\/\/naturalbikes.cl\/?product=horquilla-rock-shox-zeb-ult-rc2-29-170mm-plomo\" \/>\n<meta property=\"og:site_name\" content=\"NaturalBikes\" \/>\n<meta property=\"article:publisher\" content=\"https:\/\/www.facebook.com\/naturalbikescl\" \/>\n<meta property=\"article:modified_time\" content=\"2026-01-06T20:11:53+00:00\" \/>\n<meta property=\"og:image\" content=\"https:\/\/naturalbikes.cl\/wp-content\/uploads\/2024\/05\/SR06746-1701702944590.jpg\" \/>\n\t<meta property=\"og:image:width\" content=\"2000\" \/>\n\t<meta property=\"og:image:height\" content=\"2000\" \/>\n\t<meta property=\"og:image:type\" content=\"image\/jpeg\" \/>\n<meta name=\"twitter:card\" content=\"summary_large_image\" \/>\n<meta name=\"twitter:label1\" content=\"Tiempo de lectura\" \/>\n\t<meta name=\"twitter:data1\" content=\"2 minutos\" \/>\n<script type=\"application\/ld+json\" class=\"yoast-schema-graph\">{\"@context\":\"https:\/\/schema.org\",\"@graph\":[{\"@type\":\"WebPage\",\"@id\":\"https:\/\/naturalbikes.cl\/?product=horquilla-rock-shox-zeb-ult-rc2-29-170mm-plomo\",\"url\":\"https:\/\/naturalbikes.cl\/?product=horquilla-rock-shox-zeb-ult-rc2-29-170mm-plomo\",\"name\":\"Horquilla RockShox Zeb Ult RC2 29 170mm - NaturalBikes\",\"isPartOf\":{\"@id\":\"https:\/\/naturalbikes.cl\/#website\"},\"primaryImageOfPage\":{\"@id\":\"https:\/\/naturalbikes.cl\/?product=horquilla-rock-shox-zeb-ult-rc2-29-170mm-plomo#primaryimage\"},\"image\":{\"@id\":\"https:\/\/naturalbikes.cl\/?product=horquilla-rock-shox-zeb-ult-rc2-29-170mm-plomo#primaryimage\"},\"thumbnailUrl\":\"https:\/\/naturalbikes.cl\/wp-content\/uploads\/2024\/05\/SR06746-1701702944590.jpg\",\"datePublished\":\"2024-05-27T02:14:35+00:00\",\"dateModified\":\"2026-01-06T20:11:53+00:00\",\"description\":\"Muchos viajes, pocas excusas, ZEB Ultimate es una horquilla completamente nueva dise\u00f1ada para desafiar los l\u00edmites y enfrentarse a las pistas de enduro m\u00e1s duras del mundo. Un chasis r\u00edgido actualizado de 38 mm incluye el nuevo amortiguador Charger 3 RC2 con tecnolog\u00eda ButterCup que elimina las vibraciones. Nuestras tecnolog\u00edas de m\u00e1s alto rendimiento, probadas por atletas, combinadas con jugadas de estilo premium.\",\"breadcrumb\":{\"@id\":\"https:\/\/naturalbikes.cl\/?product=horquilla-rock-shox-zeb-ult-rc2-29-170mm-plomo#breadcrumb\"},\"inLanguage\":\"es\",\"potentialAction\":[{\"@type\":\"ReadAction\",\"target\":[\"https:\/\/naturalbikes.cl\/?product=horquilla-rock-shox-zeb-ult-rc2-29-170mm-plomo\"]}]},{\"@type\":\"ImageObject\",\"inLanguage\":\"es\",\"@id\":\"https:\/\/naturalbikes.cl\/?product=horquilla-rock-shox-zeb-ult-rc2-29-170mm-plomo#primaryimage\",\"url\":\"https:\/\/naturalbikes.cl\/wp-content\/uploads\/2024\/05\/SR06746-1701702944590.jpg\",\"contentUrl\":\"https:\/\/naturalbikes.cl\/wp-content\/uploads\/2024\/05\/SR06746-1701702944590.jpg\",\"width\":2000,\"height\":2000},{\"@type\":\"BreadcrumbList\",\"@id\":\"https:\/\/naturalbikes.cl\/?product=horquilla-rock-shox-zeb-ult-rc2-29-170mm-plomo#breadcrumb\",\"itemListElement\":[{\"@type\":\"ListItem\",\"position\":1,\"name\":\"Portada\",\"item\":\"https:\/\/naturalbikes.cl\/\"},{\"@type\":\"ListItem\",\"position\":2,\"name\":\"Tienda NB\",\"item\":\"https:\/\/naturalbikes.cl\/?page_id=7843\"},{\"@type\":\"ListItem\",\"position\":3,\"name\":\"Horquilla RockShox Zeb Ult RC2 29 170mm\"}]},{\"@type\":\"WebSite\",\"@id\":\"https:\/\/naturalbikes.cl\/#website\",\"url\":\"https:\/\/naturalbikes.cl\/\",\"name\":\"Natural Bikes\",\"description\":\"Tienda de bicicletas repuestos accesorios taller mantenimiento clases salidas\",\"publisher\":{\"@id\":\"https:\/\/naturalbikes.cl\/#organization\"},\"alternateName\":\"Natural Bikes\",\"potentialAction\":[{\"@type\":\"SearchAction\",\"target\":{\"@type\":\"EntryPoint\",\"urlTemplate\":\"https:\/\/naturalbikes.cl\/?s={search_term_string}\"},\"query-input\":{\"@type\":\"PropertyValueSpecification\",\"valueRequired\":true,\"valueName\":\"search_term_string\"}}],\"inLanguage\":\"es\"},{\"@type\":\"Organization\",\"@id\":\"https:\/\/naturalbikes.cl\/#organization\",\"name\":\"Natural Bikes\",\"alternateName\":\"Natural Bikes\",\"url\":\"https:\/\/naturalbikes.cl\/\",\"logo\":{\"@type\":\"ImageObject\",\"inLanguage\":\"es\",\"@id\":\"https:\/\/naturalbikes.cl\/#\/schema\/logo\/image\/\",\"url\":\"https:\/\/naturalbikes.cl\/wp-content\/uploads\/2024\/05\/2023-10-10-10.44.12.jpg\",\"contentUrl\":\"https:\/\/naturalbikes.cl\/wp-content\/uploads\/2024\/05\/2023-10-10-10.44.12.jpg\",\"width\":650,\"height\":650,\"caption\":\"Natural Bikes\"},\"image\":{\"@id\":\"https:\/\/naturalbikes.cl\/#\/schema\/logo\/image\/\"},\"sameAs\":[\"https:\/\/www.facebook.com\/naturalbikescl\",\"https:\/\/www.instagram.com\/natural.bikes\",\"https:\/\/www.tiktok.com\/@natural.bikes\"],\"description\":\"Ofrecer a nuestros clientes apasionados por el ciclismo de monta\u00f1a la mejor experiencia en productos, conocimientos especializados y servicios excepcionales. Nos comprometemos a proporcionar una amplia gama de bicicletas, accesorios y equipo de alta calidad, junto con asesoramiento experto y atenci\u00f3n personalizada para cada ciclista, para que puedan explorar, disfrutar y maximizar su aventura en el mundo del MTB\",\"email\":\"naturalbikes1@gmail.com\",\"telephone\":\"56977043878\",\"legalName\":\"Natural Bikes Limitada\",\"foundingDate\":\"2024-01-01\",\"vatID\":\"76699553-5\",\"taxID\":\"76699553-5\",\"numberOfEmployees\":{\"@type\":\"QuantitativeValue\",\"minValue\":\"1\",\"maxValue\":\"10\"},\"publishingPrinciples\":\"https:\/\/naturalbikes.cl\/?page_id=7843\",\"ownershipFundingInfo\":\"https:\/\/naturalbikes.cl\/?page_id=7843\",\"actionableFeedbackPolicy\":\"https:\/\/naturalbikes.cl\/?page_id=14797\",\"correctionsPolicy\":\"https:\/\/naturalbikes.cl\/?page_id=3\",\"ethicsPolicy\":\"https:\/\/naturalbikes.cl\/?page_id=7843\",\"diversityPolicy\":\"https:\/\/naturalbikes.cl\/?page_id=11734\",\"diversityStaffingReport\":\"https:\/\/naturalbikes.cl\/?page_id=12161\"}]}<\/script>\n<!-- \/ Yoast SEO Premium plugin. -->","yoast_head_json":{"title":"Horquilla RockShox Zeb Ult RC2 29 170mm - NaturalBikes","description":"Muchos viajes, pocas excusas, ZEB Ultimate es una horquilla completamente nueva dise\u00f1ada para desafiar los l\u00edmites y enfrentarse a las pistas de enduro m\u00e1s duras del mundo. Un chasis r\u00edgido actualizado de 38 mm incluye el nuevo amortiguador Charger 3 RC2 con tecnolog\u00eda ButterCup que elimina las vibraciones. Nuestras tecnolog\u00edas de m\u00e1s alto rendimiento, probadas por atletas, combinadas con jugadas de estilo premium.","robots":{"index":"index","follow":"follow","max-snippet":"max-snippet:-1","max-image-preview":"max-image-preview:large","max-video-preview":"max-video-preview:-1"},"canonical":"https:\/\/naturalbikes.cl\/?product=horquilla-rock-shox-zeb-ult-rc2-29-170mm-plomo","og_locale":"es_ES","og_type":"article","og_title":"Horquilla RockShox Zeb Ult RC2 29 170mm","og_description":"Ofrecer a nuestros clientes apasionados por el ciclismo de monta\u00f1a la mejor experiencia en productos, conocimientos especializados y servicios excepcionales. Nos comprometemos a proporcionar una amplia gama de bicicletas, accesorios y equipo de alta calidad, junto con asesoramiento experto y atenci\u00f3n personalizada para cada ciclista, para que puedan explorar, disfrutar y maximizar su aventura en el mundo del MTB","og_url":"https:\/\/naturalbikes.cl\/?product=horquilla-rock-shox-zeb-ult-rc2-29-170mm-plomo","og_site_name":"NaturalBikes","article_publisher":"https:\/\/www.facebook.com\/naturalbikescl","article_modified_time":"2026-01-06T20:11:53+00:00","og_image":[{"width":2000,"height":2000,"url":"https:\/\/naturalbikes.cl\/wp-content\/uploads\/2024\/05\/SR06746-1701702944590.jpg","type":"image\/jpeg"}],"twitter_card":"summary_large_image","twitter_misc":{"Tiempo de lectura":"2 minutos"},"schema":{"@context":"https:\/\/schema.org","@graph":[{"@type":"WebPage","@id":"https:\/\/naturalbikes.cl\/?product=horquilla-rock-shox-zeb-ult-rc2-29-170mm-plomo","url":"https:\/\/naturalbikes.cl\/?product=horquilla-rock-shox-zeb-ult-rc2-29-170mm-plomo","name":"Horquilla RockShox Zeb Ult RC2 29 170mm - NaturalBikes","isPartOf":{"@id":"https:\/\/naturalbikes.cl\/#website"},"primaryImageOfPage":{"@id":"https:\/\/naturalbikes.cl\/?product=horquilla-rock-shox-zeb-ult-rc2-29-170mm-plomo#primaryimage"},"image":{"@id":"https:\/\/naturalbikes.cl\/?product=horquilla-rock-shox-zeb-ult-rc2-29-170mm-plomo#primaryimage"},"thumbnailUrl":"https:\/\/naturalbikes.cl\/wp-content\/uploads\/2024\/05\/SR06746-1701702944590.jpg","datePublished":"2024-05-27T02:14:35+00:00","dateModified":"2026-01-06T20:11:53+00:00","description":"Muchos viajes, pocas excusas, ZEB Ultimate es una horquilla completamente nueva dise\u00f1ada para desafiar los l\u00edmites y enfrentarse a las pistas de enduro m\u00e1s duras del mundo. Un chasis r\u00edgido actualizado de 38 mm incluye el nuevo amortiguador Charger 3 RC2 con tecnolog\u00eda ButterCup que elimina las vibraciones. Nuestras tecnolog\u00edas de m\u00e1s alto rendimiento, probadas por atletas, combinadas con jugadas de estilo premium.","breadcrumb":{"@id":"https:\/\/naturalbikes.cl\/?product=horquilla-rock-shox-zeb-ult-rc2-29-170mm-plomo#breadcrumb"},"inLanguage":"es","potentialAction":[{"@type":"ReadAction","target":["https:\/\/naturalbikes.cl\/?product=horquilla-rock-shox-zeb-ult-rc2-29-170mm-plomo"]}]},{"@type":"ImageObject","inLanguage":"es","@id":"https:\/\/naturalbikes.cl\/?product=horquilla-rock-shox-zeb-ult-rc2-29-170mm-plomo#primaryimage","url":"https:\/\/naturalbikes.cl\/wp-content\/uploads\/2024\/05\/SR06746-1701702944590.jpg","contentUrl":"https:\/\/naturalbikes.cl\/wp-content\/uploads\/2024\/05\/SR06746-1701702944590.jpg","width":2000,"height":2000},{"@type":"BreadcrumbList","@id":"https:\/\/naturalbikes.cl\/?product=horquilla-rock-shox-zeb-ult-rc2-29-170mm-plomo#breadcrumb","itemListElement":[{"@type":"ListItem","position":1,"name":"Portada","item":"https:\/\/naturalbikes.cl\/"},{"@type":"ListItem","position":2,"name":"Tienda NB","item":"https:\/\/naturalbikes.cl\/?page_id=7843"},{"@type":"ListItem","position":3,"name":"Horquilla RockShox Zeb Ult RC2 29 170mm"}]},{"@type":"WebSite","@id":"https:\/\/naturalbikes.cl\/#website","url":"https:\/\/naturalbikes.cl\/","name":"Natural Bikes","description":"Tienda de bicicletas repuestos accesorios taller mantenimiento clases salidas","publisher":{"@id":"https:\/\/naturalbikes.cl\/#organization"},"alternateName":"Natural Bikes","potentialAction":[{"@type":"SearchAction","target":{"@type":"EntryPoint","urlTemplate":"https:\/\/naturalbikes.cl\/?s={search_term_string}"},"query-input":{"@type":"PropertyValueSpecification","valueRequired":true,"valueName":"search_term_string"}}],"inLanguage":"es"},{"@type":"Organization","@id":"https:\/\/naturalbikes.cl\/#organization","name":"Natural Bikes","alternateName":"Natural Bikes","url":"https:\/\/naturalbikes.cl\/","logo":{"@type":"ImageObject","inLanguage":"es","@id":"https:\/\/naturalbikes.cl\/#\/schema\/logo\/image\/","url":"https:\/\/naturalbikes.cl\/wp-content\/uploads\/2024\/05\/2023-10-10-10.44.12.jpg","contentUrl":"https:\/\/naturalbikes.cl\/wp-content\/uploads\/2024\/05\/2023-10-10-10.44.12.jpg","width":650,"height":650,"caption":"Natural Bikes"},"image":{"@id":"https:\/\/naturalbikes.cl\/#\/schema\/logo\/image\/"},"sameAs":["https:\/\/www.facebook.com\/naturalbikescl","https:\/\/www.instagram.com\/natural.bikes","https:\/\/www.tiktok.com\/@natural.bikes"],"description":"Ofrecer a nuestros clientes apasionados por el ciclismo de monta\u00f1a la mejor experiencia en productos, conocimientos especializados y servicios excepcionales. Nos comprometemos a proporcionar una amplia gama de bicicletas, accesorios y equipo de alta calidad, junto con asesoramiento experto y atenci\u00f3n personalizada para cada ciclista, para que puedan explorar, disfrutar y maximizar su aventura en el mundo del MTB","email":"naturalbikes1@gmail.com","telephone":"56977043878","legalName":"Natural Bikes Limitada","foundingDate":"2024-01-01","vatID":"76699553-5","taxID":"76699553-5","numberOfEmployees":{"@type":"QuantitativeValue","minValue":"1","maxValue":"10"},"publishingPrinciples":"https:\/\/naturalbikes.cl\/?page_id=7843","ownershipFundingInfo":"https:\/\/naturalbikes.cl\/?page_id=7843","actionableFeedbackPolicy":"https:\/\/naturalbikes.cl\/?page_id=14797","correctionsPolicy":"https:\/\/naturalbikes.cl\/?page_id=3","ethicsPolicy":"https:\/\/naturalbikes.cl\/?page_id=7843","diversityPolicy":"https:\/\/naturalbikes.cl\/?page_id=11734","diversityStaffingReport":"https:\/\/naturalbikes.cl\/?page_id=12161"}]}},"_links":{"self":[{"href":"https:\/\/naturalbikes.cl\/index.php?rest_route=\/wp\/v2\/product\/20063"}],"collection":[{"href":"https:\/\/naturalbikes.cl\/index.php?rest_route=\/wp\/v2\/product"}],"about":[{"href":"https:\/\/naturalbikes.cl\/index.php?rest_route=\/wp\/v2\/types\/product"}],"replies":[{"embeddable":true,"href":"https:\/\/naturalbikes.cl\/index.php?rest_route=%2Fwp%2Fv2%2Fcomments&post=20063"}],"wp:featuredmedia":[{"embeddable":true,"href":"https:\/\/naturalbikes.cl\/index.php?rest_route=\/wp\/v2\/media\/20064"}],"wp:attachment":[{"href":"https:\/\/naturalbikes.cl\/index.php?rest_route=%2Fwp%2Fv2%2Fmedia&parent=20063"}],"wp:term":[{"taxonomy":"product_cat","embeddable":true,"href":"https:\/\/naturalbikes.cl\/index.php?rest_route=%2Fwp%2Fv2%2Fproduct_cat&post=20063"},{"taxonomy":"product_tag","embeddable":true,"href":"https:\/\/naturalbikes.cl\/index.php?rest_route=%2Fwp%2Fv2%2Fproduct_tag&post=20063"}],"curies":[{"name":"wp","href":"https:\/\/api.w.org\/{rel}","templated":true}]}}