{"id":20059,"date":"2024-05-26T21:41:49","date_gmt":"2024-05-27T01:41:49","guid":{"rendered":"https:\/\/naturalbikes.cl\/?post_type=product&#038;p=20059"},"modified":"2026-01-06T17:11:53","modified_gmt":"2026-01-06T20:11:53","slug":"horquilla-rock-shox-pike-dj-26-100-mm-plata-brillante","status":"publish","type":"product","link":"https:\/\/naturalbikes.cl\/?product=horquilla-rock-shox-pike-dj-26-100-mm-plata-brillante","title":{"rendered":"Horquilla RockShox Pike DJ 26&#8243; 100mm"},"content":{"rendered":"<p><a href=\"https:\/\/naturalbikes.cl\/wp-content\/uploads\/2024\/05\/rockshox-1.png\"><img fetchpriority=\"high\" decoding=\"async\" class=\"size-medium wp-image-20053 aligncenter\" src=\"https:\/\/naturalbikes.cl\/wp-content\/uploads\/2024\/05\/rockshox-1-300x300.png\" alt=\"\" width=\"300\" height=\"300\" srcset=\"https:\/\/naturalbikes.cl\/wp-content\/uploads\/2024\/05\/rockshox-1-300x300.png 300w, https:\/\/naturalbikes.cl\/wp-content\/uploads\/2024\/05\/rockshox-1-150x150.png 150w, https:\/\/naturalbikes.cl\/wp-content\/uploads\/2024\/05\/rockshox-1-768x767.png 768w, https:\/\/naturalbikes.cl\/wp-content\/uploads\/2024\/05\/rockshox-1-100x100.png 100w, https:\/\/naturalbikes.cl\/wp-content\/uploads\/2024\/05\/rockshox-1-50x50.png 50w, https:\/\/naturalbikes.cl\/wp-content\/uploads\/2024\/05\/rockshox-1-460x460.png 460w, https:\/\/naturalbikes.cl\/wp-content\/uploads\/2024\/05\/rockshox-1.png 800w\" sizes=\"(max-width: 300px) 100vw, 300px\" \/><\/a><\/p>\n<h4 style=\"text-align: center;\"><strong>CARACTER\u00cdSTICAS<\/strong><\/h4>\n<ul>\n<li>Designador del modelo (SF) RC<\/li>\n<li>Tama\u00f1o de la rueda 26&#8243;<\/li>\n<li>Recorrido (mm) 100mm<\/li>\n<li>Tipo de amortiguador n\/a<\/li>\n<li>Desplazamiento de la horquilla 40mm (26&#8243;)<\/li>\n<li>Eje Maxle incluido Maxle Ultimate<\/li>\n<li>Color (FS) Plateado brillante<\/li>\n<li>Calcoman\u00eda E-MTB n\/a<\/li>\n<li>Tubo de direcci\u00f3n C\u00f3nico<\/li>\n<li>Eje 15x100mm<\/li>\n<li>Eje a la corona (mm) 482<\/li>\n<li>Tipo de freno (FD) Disco<\/li>\n<li>Material de la corona Forjado, aluminio hueco 7050<\/li>\n<li>Tipo de corona superior n\/a<\/li>\n<li>Material de la pata inferior Magnesio<\/li>\n<li>Acabado del tubo superior Negro R\u00e1pido<\/li>\n<li>Tipo de tubo superior Aluminio de 35mm con pared c\u00f3nica<\/li>\n<li>Ajuste del amortiguador Corona<\/li>\n<li>Ajustes de amortiguaci\u00f3n Rebote externo, compresi\u00f3n de baja velocidad<\/li>\n<li>Reductor de volumen 0\/2 Tokens<\/li>\n<li>Resorte Solo Air<\/li>\n<li>Tasa de resorte n\/a<\/li>\n<li>Di\u00e1metro m\u00e1ximo del neum\u00e1tico (mm) 694<\/li>\n<li>Ancho m\u00e1ximo del neum\u00e1tico (mm) 66<\/li>\n<li>Tama\u00f1o m\u00e1ximo del rotor 220mm<\/li>\n<li>Tama\u00f1o m\u00ednimo del rotor 160mm<\/li>\n<li>Compatibilidad con guardabarros n\/a<\/li>\n<li>Di\u00e1metro exterior de la corona (mm) 59<\/li>\n<li>Peso de la pieza (g) 1880<\/li>\n<\/ul>\n","protected":false},"excerpt":{"rendered":"<p><a href=\"https:\/\/naturalbikes.cl\/wp-content\/uploads\/2024\/05\/rockshox-1.png\"><img decoding=\"async\" class=\" wp-image-20053 alignleft\" src=\"https:\/\/naturalbikes.cl\/wp-content\/uploads\/2024\/05\/rockshox-1-300x300.png\" alt=\"\" width=\"154\" height=\"154\" srcset=\"https:\/\/naturalbikes.cl\/wp-content\/uploads\/2024\/05\/rockshox-1-300x300.png 300w, https:\/\/naturalbikes.cl\/wp-content\/uploads\/2024\/05\/rockshox-1-150x150.png 150w, https:\/\/naturalbikes.cl\/wp-content\/uploads\/2024\/05\/rockshox-1-768x767.png 768w, https:\/\/naturalbikes.cl\/wp-content\/uploads\/2024\/05\/rockshox-1-100x100.png 100w, https:\/\/naturalbikes.cl\/wp-content\/uploads\/2024\/05\/rockshox-1-50x50.png 50w, https:\/\/naturalbikes.cl\/wp-content\/uploads\/2024\/05\/rockshox-1-460x460.png 460w, https:\/\/naturalbikes.cl\/wp-content\/uploads\/2024\/05\/rockshox-1.png 800w\" sizes=\"(max-width: 154px) 100vw, 154px\" \/><\/a><\/p>\n<p>\u00abDescubre la horquilla RockShox Pike DJ de 26&#8243; con 100 mm de recorrido en color plateado brillante. Dise\u00f1ada para ofrecer rendimiento y durabilidad en tus sesiones de Dirt Jump. \u00a1Conquista los senderos con estilo y precisi\u00f3n!\u00bb<\/p>\n","protected":false},"featured_media":20061,"comment_status":"open","ping_status":"closed","template":"","meta":[],"product_cat":[198,238,369,367],"product_tag":[1276,1275,1297,966],"class_list":{"0":"post-20059","1":"product","2":"type-product","3":"status-publish","4":"has-post-thumbnail","6":"product_brand-rockshox","7":"product_cat-componentes","8":"product_cat-horquillas-y-partes","9":"product_cat-pike","10":"product_cat-rockshox","11":"product_tag-dirt-jump","12":"product_tag-pike-dj","13":"product_tag-rockshox","14":"product_tag-suspensiones","16":"first","17":"instock","18":"taxable","19":"shipping-taxable","20":"purchasable","21":"product-type-simple"},"yoast_head":"<!-- This site is optimized with the Yoast SEO Premium plugin v24.8 (Yoast SEO v25.6) - https:\/\/yoast.com\/wordpress\/plugins\/seo\/ -->\n<title>Horquilla RockShox Pike DJ 26&quot; 100mm - NaturalBikes dirt jump<\/title>\n<meta name=\"description\" content=\"Descubre la horquilla RockShox Pike DJ de 26&quot; con 100mm de recorrido en color plateado brillante. Dise\u00f1ada para ofrecer rendimiento y durabilidad en tus sesiones de Dirt Jump. \u00a1Conquista los senderos con estilo y precisi\u00f3n!\" \/>\n<meta name=\"robots\" content=\"index, follow, max-snippet:-1, max-image-preview:large, max-video-preview:-1\" \/>\n<link rel=\"canonical\" href=\"https:\/\/naturalbikes.cl\/?product=horquilla-rock-shox-pike-dj-26-100-mm-plata-brillante\" \/>\n<meta property=\"og:locale\" content=\"es_ES\" \/>\n<meta property=\"og:type\" content=\"article\" \/>\n<meta property=\"og:title\" content=\"Horquilla RockShox Pike DJ 26&quot; 100mm\" \/>\n<meta property=\"og:description\" content=\"Ofrecer a nuestros clientes apasionados por el ciclismo de monta\u00f1a la mejor experiencia en productos, conocimientos especializados y servicios excepcionales. Nos comprometemos a proporcionar una amplia gama de bicicletas, accesorios y equipo de alta calidad, junto con asesoramiento experto y atenci\u00f3n personalizada para cada ciclista, para que puedan explorar, disfrutar y maximizar su aventura en el mundo del MTB\" \/>\n<meta property=\"og:url\" content=\"https:\/\/naturalbikes.cl\/?product=horquilla-rock-shox-pike-dj-26-100-mm-plata-brillante\" \/>\n<meta property=\"og:site_name\" content=\"NaturalBikes\" \/>\n<meta property=\"article:publisher\" content=\"https:\/\/www.facebook.com\/naturalbikescl\" \/>\n<meta property=\"article:modified_time\" content=\"2026-01-06T20:11:53+00:00\" \/>\n<meta property=\"og:image\" content=\"https:\/\/naturalbikes.cl\/wp-content\/uploads\/2024\/05\/SR06288-1684185000085.jpg\" \/>\n\t<meta property=\"og:image:width\" content=\"1000\" \/>\n\t<meta property=\"og:image:height\" content=\"1000\" \/>\n\t<meta property=\"og:image:type\" content=\"image\/jpeg\" \/>\n<meta name=\"twitter:card\" content=\"summary_large_image\" \/>\n<meta name=\"twitter:label1\" content=\"Tiempo de lectura\" \/>\n\t<meta name=\"twitter:data1\" content=\"2 minutos\" \/>\n<script type=\"application\/ld+json\" class=\"yoast-schema-graph\">{\"@context\":\"https:\/\/schema.org\",\"@graph\":[{\"@type\":\"WebPage\",\"@id\":\"https:\/\/naturalbikes.cl\/?product=horquilla-rock-shox-pike-dj-26-100-mm-plata-brillante\",\"url\":\"https:\/\/naturalbikes.cl\/?product=horquilla-rock-shox-pike-dj-26-100-mm-plata-brillante\",\"name\":\"Horquilla RockShox Pike DJ 26\\\" 100mm - NaturalBikes dirt jump\",\"isPartOf\":{\"@id\":\"https:\/\/naturalbikes.cl\/#website\"},\"primaryImageOfPage\":{\"@id\":\"https:\/\/naturalbikes.cl\/?product=horquilla-rock-shox-pike-dj-26-100-mm-plata-brillante#primaryimage\"},\"image\":{\"@id\":\"https:\/\/naturalbikes.cl\/?product=horquilla-rock-shox-pike-dj-26-100-mm-plata-brillante#primaryimage\"},\"thumbnailUrl\":\"https:\/\/naturalbikes.cl\/wp-content\/uploads\/2024\/05\/SR06288-1684185000085.jpg\",\"datePublished\":\"2024-05-27T01:41:49+00:00\",\"dateModified\":\"2026-01-06T20:11:53+00:00\",\"description\":\"Descubre la horquilla RockShox Pike DJ de 26\\\" con 100mm de recorrido en color plateado brillante. Dise\u00f1ada para ofrecer rendimiento y durabilidad en tus sesiones de Dirt Jump. \u00a1Conquista los senderos con estilo y precisi\u00f3n!\",\"breadcrumb\":{\"@id\":\"https:\/\/naturalbikes.cl\/?product=horquilla-rock-shox-pike-dj-26-100-mm-plata-brillante#breadcrumb\"},\"inLanguage\":\"es\",\"potentialAction\":[{\"@type\":\"ReadAction\",\"target\":[\"https:\/\/naturalbikes.cl\/?product=horquilla-rock-shox-pike-dj-26-100-mm-plata-brillante\"]}]},{\"@type\":\"ImageObject\",\"inLanguage\":\"es\",\"@id\":\"https:\/\/naturalbikes.cl\/?product=horquilla-rock-shox-pike-dj-26-100-mm-plata-brillante#primaryimage\",\"url\":\"https:\/\/naturalbikes.cl\/wp-content\/uploads\/2024\/05\/SR06288-1684185000085.jpg\",\"contentUrl\":\"https:\/\/naturalbikes.cl\/wp-content\/uploads\/2024\/05\/SR06288-1684185000085.jpg\",\"width\":1000,\"height\":1000},{\"@type\":\"BreadcrumbList\",\"@id\":\"https:\/\/naturalbikes.cl\/?product=horquilla-rock-shox-pike-dj-26-100-mm-plata-brillante#breadcrumb\",\"itemListElement\":[{\"@type\":\"ListItem\",\"position\":1,\"name\":\"Portada\",\"item\":\"https:\/\/naturalbikes.cl\/\"},{\"@type\":\"ListItem\",\"position\":2,\"name\":\"Tienda NB\",\"item\":\"https:\/\/naturalbikes.cl\/?page_id=7843\"},{\"@type\":\"ListItem\",\"position\":3,\"name\":\"RockShox\",\"item\":\"https:\/\/naturalbikes.cl\/?product_brand=rockshox\"},{\"@type\":\"ListItem\",\"position\":4,\"name\":\"Horquilla RockShox Pike DJ 26&#8243; 100mm\"}]},{\"@type\":\"WebSite\",\"@id\":\"https:\/\/naturalbikes.cl\/#website\",\"url\":\"https:\/\/naturalbikes.cl\/\",\"name\":\"Natural Bikes\",\"description\":\"Tienda de bicicletas repuestos accesorios taller mantenimiento clases salidas\",\"publisher\":{\"@id\":\"https:\/\/naturalbikes.cl\/#organization\"},\"alternateName\":\"Natural Bikes\",\"potentialAction\":[{\"@type\":\"SearchAction\",\"target\":{\"@type\":\"EntryPoint\",\"urlTemplate\":\"https:\/\/naturalbikes.cl\/?s={search_term_string}\"},\"query-input\":{\"@type\":\"PropertyValueSpecification\",\"valueRequired\":true,\"valueName\":\"search_term_string\"}}],\"inLanguage\":\"es\"},{\"@type\":\"Organization\",\"@id\":\"https:\/\/naturalbikes.cl\/#organization\",\"name\":\"Natural Bikes\",\"alternateName\":\"Natural Bikes\",\"url\":\"https:\/\/naturalbikes.cl\/\",\"logo\":{\"@type\":\"ImageObject\",\"inLanguage\":\"es\",\"@id\":\"https:\/\/naturalbikes.cl\/#\/schema\/logo\/image\/\",\"url\":\"https:\/\/naturalbikes.cl\/wp-content\/uploads\/2024\/05\/2023-10-10-10.44.12.jpg\",\"contentUrl\":\"https:\/\/naturalbikes.cl\/wp-content\/uploads\/2024\/05\/2023-10-10-10.44.12.jpg\",\"width\":650,\"height\":650,\"caption\":\"Natural Bikes\"},\"image\":{\"@id\":\"https:\/\/naturalbikes.cl\/#\/schema\/logo\/image\/\"},\"sameAs\":[\"https:\/\/www.facebook.com\/naturalbikescl\",\"https:\/\/www.instagram.com\/natural.bikes\",\"https:\/\/www.tiktok.com\/@natural.bikes\"],\"description\":\"Ofrecer a nuestros clientes apasionados por el ciclismo de monta\u00f1a la mejor experiencia en productos, conocimientos especializados y servicios excepcionales. Nos comprometemos a proporcionar una amplia gama de bicicletas, accesorios y equipo de alta calidad, junto con asesoramiento experto y atenci\u00f3n personalizada para cada ciclista, para que puedan explorar, disfrutar y maximizar su aventura en el mundo del MTB\",\"email\":\"naturalbikes1@gmail.com\",\"telephone\":\"56977043878\",\"legalName\":\"Natural Bikes Limitada\",\"foundingDate\":\"2024-01-01\",\"vatID\":\"76699553-5\",\"taxID\":\"76699553-5\",\"numberOfEmployees\":{\"@type\":\"QuantitativeValue\",\"minValue\":\"1\",\"maxValue\":\"10\"},\"publishingPrinciples\":\"https:\/\/naturalbikes.cl\/?page_id=7843\",\"ownershipFundingInfo\":\"https:\/\/naturalbikes.cl\/?page_id=7843\",\"actionableFeedbackPolicy\":\"https:\/\/naturalbikes.cl\/?page_id=14797\",\"correctionsPolicy\":\"https:\/\/naturalbikes.cl\/?page_id=3\",\"ethicsPolicy\":\"https:\/\/naturalbikes.cl\/?page_id=7843\",\"diversityPolicy\":\"https:\/\/naturalbikes.cl\/?page_id=11734\",\"diversityStaffingReport\":\"https:\/\/naturalbikes.cl\/?page_id=12161\"}]}<\/script>\n<!-- \/ Yoast SEO Premium plugin. -->","yoast_head_json":{"title":"Horquilla RockShox Pike DJ 26\" 100mm - NaturalBikes dirt jump","description":"Descubre la horquilla RockShox Pike DJ de 26\" con 100mm de recorrido en color plateado brillante. Dise\u00f1ada para ofrecer rendimiento y durabilidad en tus sesiones de Dirt Jump. \u00a1Conquista los senderos con estilo y precisi\u00f3n!","robots":{"index":"index","follow":"follow","max-snippet":"max-snippet:-1","max-image-preview":"max-image-preview:large","max-video-preview":"max-video-preview:-1"},"canonical":"https:\/\/naturalbikes.cl\/?product=horquilla-rock-shox-pike-dj-26-100-mm-plata-brillante","og_locale":"es_ES","og_type":"article","og_title":"Horquilla RockShox Pike DJ 26\" 100mm","og_description":"Ofrecer a nuestros clientes apasionados por el ciclismo de monta\u00f1a la mejor experiencia en productos, conocimientos especializados y servicios excepcionales. Nos comprometemos a proporcionar una amplia gama de bicicletas, accesorios y equipo de alta calidad, junto con asesoramiento experto y atenci\u00f3n personalizada para cada ciclista, para que puedan explorar, disfrutar y maximizar su aventura en el mundo del MTB","og_url":"https:\/\/naturalbikes.cl\/?product=horquilla-rock-shox-pike-dj-26-100-mm-plata-brillante","og_site_name":"NaturalBikes","article_publisher":"https:\/\/www.facebook.com\/naturalbikescl","article_modified_time":"2026-01-06T20:11:53+00:00","og_image":[{"width":1000,"height":1000,"url":"https:\/\/naturalbikes.cl\/wp-content\/uploads\/2024\/05\/SR06288-1684185000085.jpg","type":"image\/jpeg"}],"twitter_card":"summary_large_image","twitter_misc":{"Tiempo de lectura":"2 minutos"},"schema":{"@context":"https:\/\/schema.org","@graph":[{"@type":"WebPage","@id":"https:\/\/naturalbikes.cl\/?product=horquilla-rock-shox-pike-dj-26-100-mm-plata-brillante","url":"https:\/\/naturalbikes.cl\/?product=horquilla-rock-shox-pike-dj-26-100-mm-plata-brillante","name":"Horquilla RockShox Pike DJ 26\" 100mm - NaturalBikes dirt jump","isPartOf":{"@id":"https:\/\/naturalbikes.cl\/#website"},"primaryImageOfPage":{"@id":"https:\/\/naturalbikes.cl\/?product=horquilla-rock-shox-pike-dj-26-100-mm-plata-brillante#primaryimage"},"image":{"@id":"https:\/\/naturalbikes.cl\/?product=horquilla-rock-shox-pike-dj-26-100-mm-plata-brillante#primaryimage"},"thumbnailUrl":"https:\/\/naturalbikes.cl\/wp-content\/uploads\/2024\/05\/SR06288-1684185000085.jpg","datePublished":"2024-05-27T01:41:49+00:00","dateModified":"2026-01-06T20:11:53+00:00","description":"Descubre la horquilla RockShox Pike DJ de 26\" con 100mm de recorrido en color plateado brillante. Dise\u00f1ada para ofrecer rendimiento y durabilidad en tus sesiones de Dirt Jump. \u00a1Conquista los senderos con estilo y precisi\u00f3n!","breadcrumb":{"@id":"https:\/\/naturalbikes.cl\/?product=horquilla-rock-shox-pike-dj-26-100-mm-plata-brillante#breadcrumb"},"inLanguage":"es","potentialAction":[{"@type":"ReadAction","target":["https:\/\/naturalbikes.cl\/?product=horquilla-rock-shox-pike-dj-26-100-mm-plata-brillante"]}]},{"@type":"ImageObject","inLanguage":"es","@id":"https:\/\/naturalbikes.cl\/?product=horquilla-rock-shox-pike-dj-26-100-mm-plata-brillante#primaryimage","url":"https:\/\/naturalbikes.cl\/wp-content\/uploads\/2024\/05\/SR06288-1684185000085.jpg","contentUrl":"https:\/\/naturalbikes.cl\/wp-content\/uploads\/2024\/05\/SR06288-1684185000085.jpg","width":1000,"height":1000},{"@type":"BreadcrumbList","@id":"https:\/\/naturalbikes.cl\/?product=horquilla-rock-shox-pike-dj-26-100-mm-plata-brillante#breadcrumb","itemListElement":[{"@type":"ListItem","position":1,"name":"Portada","item":"https:\/\/naturalbikes.cl\/"},{"@type":"ListItem","position":2,"name":"Tienda NB","item":"https:\/\/naturalbikes.cl\/?page_id=7843"},{"@type":"ListItem","position":3,"name":"RockShox","item":"https:\/\/naturalbikes.cl\/?product_brand=rockshox"},{"@type":"ListItem","position":4,"name":"Horquilla RockShox Pike DJ 26&#8243; 100mm"}]},{"@type":"WebSite","@id":"https:\/\/naturalbikes.cl\/#website","url":"https:\/\/naturalbikes.cl\/","name":"Natural Bikes","description":"Tienda de bicicletas repuestos accesorios taller mantenimiento clases salidas","publisher":{"@id":"https:\/\/naturalbikes.cl\/#organization"},"alternateName":"Natural Bikes","potentialAction":[{"@type":"SearchAction","target":{"@type":"EntryPoint","urlTemplate":"https:\/\/naturalbikes.cl\/?s={search_term_string}"},"query-input":{"@type":"PropertyValueSpecification","valueRequired":true,"valueName":"search_term_string"}}],"inLanguage":"es"},{"@type":"Organization","@id":"https:\/\/naturalbikes.cl\/#organization","name":"Natural Bikes","alternateName":"Natural Bikes","url":"https:\/\/naturalbikes.cl\/","logo":{"@type":"ImageObject","inLanguage":"es","@id":"https:\/\/naturalbikes.cl\/#\/schema\/logo\/image\/","url":"https:\/\/naturalbikes.cl\/wp-content\/uploads\/2024\/05\/2023-10-10-10.44.12.jpg","contentUrl":"https:\/\/naturalbikes.cl\/wp-content\/uploads\/2024\/05\/2023-10-10-10.44.12.jpg","width":650,"height":650,"caption":"Natural Bikes"},"image":{"@id":"https:\/\/naturalbikes.cl\/#\/schema\/logo\/image\/"},"sameAs":["https:\/\/www.facebook.com\/naturalbikescl","https:\/\/www.instagram.com\/natural.bikes","https:\/\/www.tiktok.com\/@natural.bikes"],"description":"Ofrecer a nuestros clientes apasionados por el ciclismo de monta\u00f1a la mejor experiencia en productos, conocimientos especializados y servicios excepcionales. Nos comprometemos a proporcionar una amplia gama de bicicletas, accesorios y equipo de alta calidad, junto con asesoramiento experto y atenci\u00f3n personalizada para cada ciclista, para que puedan explorar, disfrutar y maximizar su aventura en el mundo del MTB","email":"naturalbikes1@gmail.com","telephone":"56977043878","legalName":"Natural Bikes Limitada","foundingDate":"2024-01-01","vatID":"76699553-5","taxID":"76699553-5","numberOfEmployees":{"@type":"QuantitativeValue","minValue":"1","maxValue":"10"},"publishingPrinciples":"https:\/\/naturalbikes.cl\/?page_id=7843","ownershipFundingInfo":"https:\/\/naturalbikes.cl\/?page_id=7843","actionableFeedbackPolicy":"https:\/\/naturalbikes.cl\/?page_id=14797","correctionsPolicy":"https:\/\/naturalbikes.cl\/?page_id=3","ethicsPolicy":"https:\/\/naturalbikes.cl\/?page_id=7843","diversityPolicy":"https:\/\/naturalbikes.cl\/?page_id=11734","diversityStaffingReport":"https:\/\/naturalbikes.cl\/?page_id=12161"}]}},"_links":{"self":[{"href":"https:\/\/naturalbikes.cl\/index.php?rest_route=\/wp\/v2\/product\/20059"}],"collection":[{"href":"https:\/\/naturalbikes.cl\/index.php?rest_route=\/wp\/v2\/product"}],"about":[{"href":"https:\/\/naturalbikes.cl\/index.php?rest_route=\/wp\/v2\/types\/product"}],"replies":[{"embeddable":true,"href":"https:\/\/naturalbikes.cl\/index.php?rest_route=%2Fwp%2Fv2%2Fcomments&post=20059"}],"wp:featuredmedia":[{"embeddable":true,"href":"https:\/\/naturalbikes.cl\/index.php?rest_route=\/wp\/v2\/media\/20061"}],"wp:attachment":[{"href":"https:\/\/naturalbikes.cl\/index.php?rest_route=%2Fwp%2Fv2%2Fmedia&parent=20059"}],"wp:term":[{"taxonomy":"product_cat","embeddable":true,"href":"https:\/\/naturalbikes.cl\/index.php?rest_route=%2Fwp%2Fv2%2Fproduct_cat&post=20059"},{"taxonomy":"product_tag","embeddable":true,"href":"https:\/\/naturalbikes.cl\/index.php?rest_route=%2Fwp%2Fv2%2Fproduct_tag&post=20059"}],"curies":[{"name":"wp","href":"https:\/\/api.w.org\/{rel}","templated":true}]}}