{"id":20054,"date":"2024-05-26T21:18:55","date_gmt":"2024-05-27T01:18:55","guid":{"rendered":"https:\/\/naturalbikes.cl\/?post_type=product&#038;p=20054"},"modified":"2026-01-06T17:11:53","modified_gmt":"2026-01-06T20:11:53","slug":"horquilla-rock-shox-lyrik-ult-29-160mm-verde","status":"publish","type":"product","link":"https:\/\/naturalbikes.cl\/?product=horquilla-rock-shox-lyrik-ult-29-160mm-verde","title":{"rendered":"Horquilla RockShox Lyrik Ult 29 160mm"},"content":{"rendered":"<p><a href=\"https:\/\/naturalbikes.cl\/wp-content\/uploads\/2024\/05\/rockshox-1.png\"><img decoding=\"async\" class=\" wp-image-20053 aligncenter\" src=\"https:\/\/naturalbikes.cl\/wp-content\/uploads\/2024\/05\/rockshox-1-300x300.png\" alt=\"\" width=\"181\" height=\"181\" srcset=\"https:\/\/naturalbikes.cl\/wp-content\/uploads\/2024\/05\/rockshox-1-300x300.png 300w, https:\/\/naturalbikes.cl\/wp-content\/uploads\/2024\/05\/rockshox-1-150x150.png 150w, https:\/\/naturalbikes.cl\/wp-content\/uploads\/2024\/05\/rockshox-1-768x767.png 768w, https:\/\/naturalbikes.cl\/wp-content\/uploads\/2024\/05\/rockshox-1-100x100.png 100w, https:\/\/naturalbikes.cl\/wp-content\/uploads\/2024\/05\/rockshox-1-50x50.png 50w, https:\/\/naturalbikes.cl\/wp-content\/uploads\/2024\/05\/rockshox-1-460x460.png 460w, https:\/\/naturalbikes.cl\/wp-content\/uploads\/2024\/05\/rockshox-1.png 800w\" sizes=\"(max-width: 181px) 100vw, 181px\" \/><\/a><\/p>\n<p>&nbsp;<\/p>\n<h5 style=\"text-align: center;\">ESPECIFICACIONES<\/h5>\n<div class=\"table-wrapper\">\n<table id=\"spec-table\">\n<tbody>\n<tr>\n<th scope=\"row\">TAMA\u00d1O DE LA RUEDA<\/th>\n<td>29&#8243;<\/td>\n<\/tr>\n<tr>\n<th scope=\"row\">RECORRIDO (MM)<\/th>\n<td>160 mm<\/td>\n<\/tr>\n<tr>\n<th scope=\"row\">DIRECCI\u00d3N<\/th>\n<td>1.5&#8243; c\u00f3nico<\/td>\n<\/tr>\n<tr>\n<th scope=\"row\">EJE<\/th>\n<td>BOOST\u2122 de 15&#215;110 mm<\/td>\n<\/tr>\n<tr>\n<th scope=\"row\">PRIMAVERA<\/th>\n<td>DebonAir+ con ButterCups<\/td>\n<\/tr>\n<tr>\n<th scope=\"row\">DESPLAZAMIENTO DE HORQUILLA<\/th>\n<td>37 mm (27,5&#8243;), 44 mm (27,5&#8243;), 44 mm (29&#8243;)<\/td>\n<\/tr>\n<tr>\n<th scope=\"row\">TAMA\u00d1O M\u00c1XIMO DE ROTOR<\/th>\n<td>220 mm<\/td>\n<\/tr>\n<tr>\n<th scope=\"row\">TIPO DE TUBO SUPERIOR<\/th>\n<td>Aluminio de pared c\u00f3nica de 35 mm<\/td>\n<\/tr>\n<tr>\n<th scope=\"row\">ANCHO M\u00c1XIMO DE NEUM\u00c1TICO (MM)<\/th>\n<td>81<\/td>\n<\/tr>\n<tr>\n<th scope=\"row\">TAMA\u00d1O M\u00cdNIMO DEL ROTOR<\/th>\n<td>180 mm<\/td>\n<\/tr>\n<tr>\n<th scope=\"row\">APROBADO PARA BICICLETAS EL\u00c9CTRICAS<\/th>\n<td>Bicicleta el\u00e9ctrica aprobada<\/td>\n<\/tr>\n<tr>\n<th scope=\"row\">TIPO DE AMORTIGUADOR<\/th>\n<td>Cargador 3 RC2 con ButterCups<\/td>\n<\/tr>\n<tr>\n<th scope=\"row\">REDUCTOR DE VOLUMEN<\/th>\n<td>0\/5 fichas, 1\/5 fichas<\/td>\n<\/tr>\n<tr>\n<th scope=\"row\">COLOR (FS)<\/th>\n<td>Negro brillante, verde prado intenso &#8211; Brillo<\/td>\n<\/tr>\n<tr>\n<th scope=\"row\">COMPATIBILIDAD CON GUARDABARROS<\/th>\n<td>Atornillado &#8211; Corto<\/td>\n<\/tr>\n<tr>\n<th scope=\"row\">PESO (GRAMOS)<\/th>\n<td>2028<\/td>\n<\/tr>\n<tr>\n<th scope=\"row\">PESO BASADO EN<\/th>\n<td>Tubo de direcci\u00f3n c\u00f3nico de 1,5&#8243; Maxle Stealth de 29&#8243; con recorrido de 160 mm y v\u00e1lvulas de alivio de presi\u00f3n y ButterCups<\/td>\n<\/tr>\n<\/tbody>\n<\/table>\n<\/div>\n","protected":false},"excerpt":{"rendered":"<p><a href=\"https:\/\/naturalbikes.cl\/wp-content\/uploads\/2024\/05\/rockshox-1.png\"><img decoding=\"async\" class=\" wp-image-20053 alignleft\" src=\"https:\/\/naturalbikes.cl\/wp-content\/uploads\/2024\/05\/rockshox-1-300x300.png\" alt=\"\" width=\"164\" height=\"164\" srcset=\"https:\/\/naturalbikes.cl\/wp-content\/uploads\/2024\/05\/rockshox-1-300x300.png 300w, https:\/\/naturalbikes.cl\/wp-content\/uploads\/2024\/05\/rockshox-1-150x150.png 150w, https:\/\/naturalbikes.cl\/wp-content\/uploads\/2024\/05\/rockshox-1-768x767.png 768w, https:\/\/naturalbikes.cl\/wp-content\/uploads\/2024\/05\/rockshox-1-100x100.png 100w, https:\/\/naturalbikes.cl\/wp-content\/uploads\/2024\/05\/rockshox-1-50x50.png 50w, https:\/\/naturalbikes.cl\/wp-content\/uploads\/2024\/05\/rockshox-1-460x460.png 460w, https:\/\/naturalbikes.cl\/wp-content\/uploads\/2024\/05\/rockshox-1.png 800w\" sizes=\"(max-width: 164px) 100vw, 164px\" \/><\/a><\/p>\n<p>M\u00e1s r\u00e1pido. M\u00e1s fuerte. Despiadadamente eficiente. El nuevo Lyrik est\u00e1 dispuesto a todo y dispuesto a todo. La horquilla m\u00e1s vers\u00e1til de nuestra l\u00ednea cuenta con un nuevo chasis hiperenfocado que es m\u00e1s liviano y a\u00fan as\u00ed extremadamente r\u00edgido para brindar el rendimiento legendario y la actitud fiestera de Lyrik. Lyrik Ultimate incluye una orquesta de tecnolog\u00eda l\u00edder en la industria como el nuevo amortiguador Charger 3, la tecnolog\u00eda ButterCup y la nueva c\u00e1mara de aire DebonAir+. Deje que Lyrik cante con una nueva combinaci\u00f3n de colores que llamamos \u00abHeavy Meadow\u00bb, inspirada en nuestros festivales de sufrimiento alpino favoritos. El nuevo Lyrik Ultimate est\u00e1 aqu\u00ed.<\/p>\n","protected":false},"featured_media":20057,"comment_status":"open","ping_status":"closed","template":"","meta":[],"product_cat":[198,238,371,367],"product_tag":[1274,1297,1273,966],"class_list":{"0":"post-20054","1":"product","2":"type-product","3":"status-publish","4":"has-post-thumbnail","6":"product_brand-rockshox","7":"product_cat-componentes","8":"product_cat-horquillas-y-partes","9":"product_cat-lyric","10":"product_cat-rockshox","11":"product_tag-lyrik-ultimate","12":"product_tag-rockshox","13":"product_tag-suspencsion-29","14":"product_tag-suspensiones","16":"first","17":"instock","18":"taxable","19":"shipping-taxable","20":"purchasable","21":"product-type-simple"},"yoast_head":"<!-- This site is optimized with the Yoast SEO Premium plugin v24.8 (Yoast SEO v25.6) - https:\/\/yoast.com\/wordpress\/plugins\/seo\/ -->\n<title>Horquilla RockShox Lyrik Ult 29 160mm - NaturalBikes<\/title>\n<meta name=\"description\" content=\"M\u00e1s r\u00e1pido. M\u00e1s fuerte. Despiadadamente eficiente. El nuevo Lyrik est\u00e1 dispuesto a todo y dispuesto a todo. La horquilla m\u00e1s vers\u00e1til de nuestra l\u00ednea cuenta con un nuevo chasis hiperenfocado que es m\u00e1s liviano y a\u00fan as\u00ed extremadamente r\u00edgido para brindar el rendimiento legendario y la actitud fiestera de Lyrik. Lyrik Ultimate incluye una orquesta de tecnolog\u00eda l\u00edder en la industria como el nuevo amortiguador Charger 3, la tecnolog\u00eda ButterCup y la nueva c\u00e1mara de aire DebonAir+. Deje que Lyrik cante con una nueva combinaci\u00f3n de colores que llamamos &quot;Heavy Meadow&quot;, inspirada en nuestros festivales de sufrimiento alpino favoritos. El nuevo Lyrik Ultimate est\u00e1 aqu\u00ed.\u202f\" \/>\n<meta name=\"robots\" content=\"index, follow, max-snippet:-1, max-image-preview:large, max-video-preview:-1\" \/>\n<link rel=\"canonical\" href=\"https:\/\/naturalbikes.cl\/?product=horquilla-rock-shox-lyrik-ult-29-160mm-verde\" \/>\n<meta property=\"og:locale\" content=\"es_ES\" \/>\n<meta property=\"og:type\" content=\"article\" \/>\n<meta property=\"og:title\" content=\"Horquilla RockShox Lyrik Ult 29 160mm\" \/>\n<meta property=\"og:description\" content=\"Ofrecer a nuestros clientes apasionados por el ciclismo de monta\u00f1a la mejor experiencia en productos, conocimientos especializados y servicios excepcionales. Nos comprometemos a proporcionar una amplia gama de bicicletas, accesorios y equipo de alta calidad, junto con asesoramiento experto y atenci\u00f3n personalizada para cada ciclista, para que puedan explorar, disfrutar y maximizar su aventura en el mundo del MTB\" \/>\n<meta property=\"og:url\" content=\"https:\/\/naturalbikes.cl\/?product=horquilla-rock-shox-lyrik-ult-29-160mm-verde\" \/>\n<meta property=\"og:site_name\" content=\"NaturalBikes\" \/>\n<meta property=\"article:publisher\" content=\"https:\/\/www.facebook.com\/naturalbikescl\" \/>\n<meta property=\"article:modified_time\" content=\"2026-01-06T20:11:53+00:00\" \/>\n<meta property=\"og:image\" content=\"https:\/\/naturalbikes.cl\/wp-content\/uploads\/2024\/05\/SR06748-1701704277487.jpg\" \/>\n\t<meta property=\"og:image:width\" content=\"2000\" \/>\n\t<meta property=\"og:image:height\" content=\"2000\" \/>\n\t<meta property=\"og:image:type\" content=\"image\/jpeg\" \/>\n<meta name=\"twitter:card\" content=\"summary_large_image\" \/>\n<meta name=\"twitter:label1\" content=\"Tiempo de lectura\" \/>\n\t<meta name=\"twitter:data1\" content=\"1 minuto\" \/>\n<script type=\"application\/ld+json\" class=\"yoast-schema-graph\">{\"@context\":\"https:\/\/schema.org\",\"@graph\":[{\"@type\":\"WebPage\",\"@id\":\"https:\/\/naturalbikes.cl\/?product=horquilla-rock-shox-lyrik-ult-29-160mm-verde\",\"url\":\"https:\/\/naturalbikes.cl\/?product=horquilla-rock-shox-lyrik-ult-29-160mm-verde\",\"name\":\"Horquilla RockShox Lyrik Ult 29 160mm - NaturalBikes\",\"isPartOf\":{\"@id\":\"https:\/\/naturalbikes.cl\/#website\"},\"primaryImageOfPage\":{\"@id\":\"https:\/\/naturalbikes.cl\/?product=horquilla-rock-shox-lyrik-ult-29-160mm-verde#primaryimage\"},\"image\":{\"@id\":\"https:\/\/naturalbikes.cl\/?product=horquilla-rock-shox-lyrik-ult-29-160mm-verde#primaryimage\"},\"thumbnailUrl\":\"https:\/\/naturalbikes.cl\/wp-content\/uploads\/2024\/05\/SR06748-1701704277487.jpg\",\"datePublished\":\"2024-05-27T01:18:55+00:00\",\"dateModified\":\"2026-01-06T20:11:53+00:00\",\"description\":\"M\u00e1s r\u00e1pido. M\u00e1s fuerte. Despiadadamente eficiente. El nuevo Lyrik est\u00e1 dispuesto a todo y dispuesto a todo. La horquilla m\u00e1s vers\u00e1til de nuestra l\u00ednea cuenta con un nuevo chasis hiperenfocado que es m\u00e1s liviano y a\u00fan as\u00ed extremadamente r\u00edgido para brindar el rendimiento legendario y la actitud fiestera de Lyrik. Lyrik Ultimate incluye una orquesta de tecnolog\u00eda l\u00edder en la industria como el nuevo amortiguador Charger 3, la tecnolog\u00eda ButterCup y la nueva c\u00e1mara de aire DebonAir+. Deje que Lyrik cante con una nueva combinaci\u00f3n de colores que llamamos \\\"Heavy Meadow\\\", inspirada en nuestros festivales de sufrimiento alpino favoritos. El nuevo Lyrik Ultimate est\u00e1 aqu\u00ed.\u202f\",\"breadcrumb\":{\"@id\":\"https:\/\/naturalbikes.cl\/?product=horquilla-rock-shox-lyrik-ult-29-160mm-verde#breadcrumb\"},\"inLanguage\":\"es\",\"potentialAction\":[{\"@type\":\"ReadAction\",\"target\":[\"https:\/\/naturalbikes.cl\/?product=horquilla-rock-shox-lyrik-ult-29-160mm-verde\"]}]},{\"@type\":\"ImageObject\",\"inLanguage\":\"es\",\"@id\":\"https:\/\/naturalbikes.cl\/?product=horquilla-rock-shox-lyrik-ult-29-160mm-verde#primaryimage\",\"url\":\"https:\/\/naturalbikes.cl\/wp-content\/uploads\/2024\/05\/SR06748-1701704277487.jpg\",\"contentUrl\":\"https:\/\/naturalbikes.cl\/wp-content\/uploads\/2024\/05\/SR06748-1701704277487.jpg\",\"width\":2000,\"height\":2000},{\"@type\":\"BreadcrumbList\",\"@id\":\"https:\/\/naturalbikes.cl\/?product=horquilla-rock-shox-lyrik-ult-29-160mm-verde#breadcrumb\",\"itemListElement\":[{\"@type\":\"ListItem\",\"position\":1,\"name\":\"Portada\",\"item\":\"https:\/\/naturalbikes.cl\/\"},{\"@type\":\"ListItem\",\"position\":2,\"name\":\"Tienda NB\",\"item\":\"https:\/\/naturalbikes.cl\/?page_id=7843\"},{\"@type\":\"ListItem\",\"position\":3,\"name\":\"RockShox\",\"item\":\"https:\/\/naturalbikes.cl\/?product_brand=rockshox\"},{\"@type\":\"ListItem\",\"position\":4,\"name\":\"Horquilla RockShox Lyrik Ult 29 160mm\"}]},{\"@type\":\"WebSite\",\"@id\":\"https:\/\/naturalbikes.cl\/#website\",\"url\":\"https:\/\/naturalbikes.cl\/\",\"name\":\"Natural Bikes\",\"description\":\"Tienda de bicicletas repuestos accesorios taller mantenimiento clases salidas\",\"publisher\":{\"@id\":\"https:\/\/naturalbikes.cl\/#organization\"},\"alternateName\":\"Natural Bikes\",\"potentialAction\":[{\"@type\":\"SearchAction\",\"target\":{\"@type\":\"EntryPoint\",\"urlTemplate\":\"https:\/\/naturalbikes.cl\/?s={search_term_string}\"},\"query-input\":{\"@type\":\"PropertyValueSpecification\",\"valueRequired\":true,\"valueName\":\"search_term_string\"}}],\"inLanguage\":\"es\"},{\"@type\":\"Organization\",\"@id\":\"https:\/\/naturalbikes.cl\/#organization\",\"name\":\"Natural Bikes\",\"alternateName\":\"Natural Bikes\",\"url\":\"https:\/\/naturalbikes.cl\/\",\"logo\":{\"@type\":\"ImageObject\",\"inLanguage\":\"es\",\"@id\":\"https:\/\/naturalbikes.cl\/#\/schema\/logo\/image\/\",\"url\":\"https:\/\/naturalbikes.cl\/wp-content\/uploads\/2024\/05\/2023-10-10-10.44.12.jpg\",\"contentUrl\":\"https:\/\/naturalbikes.cl\/wp-content\/uploads\/2024\/05\/2023-10-10-10.44.12.jpg\",\"width\":650,\"height\":650,\"caption\":\"Natural Bikes\"},\"image\":{\"@id\":\"https:\/\/naturalbikes.cl\/#\/schema\/logo\/image\/\"},\"sameAs\":[\"https:\/\/www.facebook.com\/naturalbikescl\",\"https:\/\/www.instagram.com\/natural.bikes\",\"https:\/\/www.tiktok.com\/@natural.bikes\"],\"description\":\"Ofrecer a nuestros clientes apasionados por el ciclismo de monta\u00f1a la mejor experiencia en productos, conocimientos especializados y servicios excepcionales. Nos comprometemos a proporcionar una amplia gama de bicicletas, accesorios y equipo de alta calidad, junto con asesoramiento experto y atenci\u00f3n personalizada para cada ciclista, para que puedan explorar, disfrutar y maximizar su aventura en el mundo del MTB\",\"email\":\"naturalbikes1@gmail.com\",\"telephone\":\"56977043878\",\"legalName\":\"Natural Bikes Limitada\",\"foundingDate\":\"2024-01-01\",\"vatID\":\"76699553-5\",\"taxID\":\"76699553-5\",\"numberOfEmployees\":{\"@type\":\"QuantitativeValue\",\"minValue\":\"1\",\"maxValue\":\"10\"},\"publishingPrinciples\":\"https:\/\/naturalbikes.cl\/?page_id=7843\",\"ownershipFundingInfo\":\"https:\/\/naturalbikes.cl\/?page_id=7843\",\"actionableFeedbackPolicy\":\"https:\/\/naturalbikes.cl\/?page_id=14797\",\"correctionsPolicy\":\"https:\/\/naturalbikes.cl\/?page_id=3\",\"ethicsPolicy\":\"https:\/\/naturalbikes.cl\/?page_id=7843\",\"diversityPolicy\":\"https:\/\/naturalbikes.cl\/?page_id=11734\",\"diversityStaffingReport\":\"https:\/\/naturalbikes.cl\/?page_id=12161\"}]}<\/script>\n<!-- \/ Yoast SEO Premium plugin. -->","yoast_head_json":{"title":"Horquilla RockShox Lyrik Ult 29 160mm - NaturalBikes","description":"M\u00e1s r\u00e1pido. M\u00e1s fuerte. Despiadadamente eficiente. El nuevo Lyrik est\u00e1 dispuesto a todo y dispuesto a todo. La horquilla m\u00e1s vers\u00e1til de nuestra l\u00ednea cuenta con un nuevo chasis hiperenfocado que es m\u00e1s liviano y a\u00fan as\u00ed extremadamente r\u00edgido para brindar el rendimiento legendario y la actitud fiestera de Lyrik. Lyrik Ultimate incluye una orquesta de tecnolog\u00eda l\u00edder en la industria como el nuevo amortiguador Charger 3, la tecnolog\u00eda ButterCup y la nueva c\u00e1mara de aire DebonAir+. Deje que Lyrik cante con una nueva combinaci\u00f3n de colores que llamamos \"Heavy Meadow\", inspirada en nuestros festivales de sufrimiento alpino favoritos. El nuevo Lyrik Ultimate est\u00e1 aqu\u00ed.\u202f","robots":{"index":"index","follow":"follow","max-snippet":"max-snippet:-1","max-image-preview":"max-image-preview:large","max-video-preview":"max-video-preview:-1"},"canonical":"https:\/\/naturalbikes.cl\/?product=horquilla-rock-shox-lyrik-ult-29-160mm-verde","og_locale":"es_ES","og_type":"article","og_title":"Horquilla RockShox Lyrik Ult 29 160mm","og_description":"Ofrecer a nuestros clientes apasionados por el ciclismo de monta\u00f1a la mejor experiencia en productos, conocimientos especializados y servicios excepcionales. Nos comprometemos a proporcionar una amplia gama de bicicletas, accesorios y equipo de alta calidad, junto con asesoramiento experto y atenci\u00f3n personalizada para cada ciclista, para que puedan explorar, disfrutar y maximizar su aventura en el mundo del MTB","og_url":"https:\/\/naturalbikes.cl\/?product=horquilla-rock-shox-lyrik-ult-29-160mm-verde","og_site_name":"NaturalBikes","article_publisher":"https:\/\/www.facebook.com\/naturalbikescl","article_modified_time":"2026-01-06T20:11:53+00:00","og_image":[{"width":2000,"height":2000,"url":"https:\/\/naturalbikes.cl\/wp-content\/uploads\/2024\/05\/SR06748-1701704277487.jpg","type":"image\/jpeg"}],"twitter_card":"summary_large_image","twitter_misc":{"Tiempo de lectura":"1 minuto"},"schema":{"@context":"https:\/\/schema.org","@graph":[{"@type":"WebPage","@id":"https:\/\/naturalbikes.cl\/?product=horquilla-rock-shox-lyrik-ult-29-160mm-verde","url":"https:\/\/naturalbikes.cl\/?product=horquilla-rock-shox-lyrik-ult-29-160mm-verde","name":"Horquilla RockShox Lyrik Ult 29 160mm - NaturalBikes","isPartOf":{"@id":"https:\/\/naturalbikes.cl\/#website"},"primaryImageOfPage":{"@id":"https:\/\/naturalbikes.cl\/?product=horquilla-rock-shox-lyrik-ult-29-160mm-verde#primaryimage"},"image":{"@id":"https:\/\/naturalbikes.cl\/?product=horquilla-rock-shox-lyrik-ult-29-160mm-verde#primaryimage"},"thumbnailUrl":"https:\/\/naturalbikes.cl\/wp-content\/uploads\/2024\/05\/SR06748-1701704277487.jpg","datePublished":"2024-05-27T01:18:55+00:00","dateModified":"2026-01-06T20:11:53+00:00","description":"M\u00e1s r\u00e1pido. M\u00e1s fuerte. Despiadadamente eficiente. El nuevo Lyrik est\u00e1 dispuesto a todo y dispuesto a todo. La horquilla m\u00e1s vers\u00e1til de nuestra l\u00ednea cuenta con un nuevo chasis hiperenfocado que es m\u00e1s liviano y a\u00fan as\u00ed extremadamente r\u00edgido para brindar el rendimiento legendario y la actitud fiestera de Lyrik. Lyrik Ultimate incluye una orquesta de tecnolog\u00eda l\u00edder en la industria como el nuevo amortiguador Charger 3, la tecnolog\u00eda ButterCup y la nueva c\u00e1mara de aire DebonAir+. Deje que Lyrik cante con una nueva combinaci\u00f3n de colores que llamamos \"Heavy Meadow\", inspirada en nuestros festivales de sufrimiento alpino favoritos. El nuevo Lyrik Ultimate est\u00e1 aqu\u00ed.\u202f","breadcrumb":{"@id":"https:\/\/naturalbikes.cl\/?product=horquilla-rock-shox-lyrik-ult-29-160mm-verde#breadcrumb"},"inLanguage":"es","potentialAction":[{"@type":"ReadAction","target":["https:\/\/naturalbikes.cl\/?product=horquilla-rock-shox-lyrik-ult-29-160mm-verde"]}]},{"@type":"ImageObject","inLanguage":"es","@id":"https:\/\/naturalbikes.cl\/?product=horquilla-rock-shox-lyrik-ult-29-160mm-verde#primaryimage","url":"https:\/\/naturalbikes.cl\/wp-content\/uploads\/2024\/05\/SR06748-1701704277487.jpg","contentUrl":"https:\/\/naturalbikes.cl\/wp-content\/uploads\/2024\/05\/SR06748-1701704277487.jpg","width":2000,"height":2000},{"@type":"BreadcrumbList","@id":"https:\/\/naturalbikes.cl\/?product=horquilla-rock-shox-lyrik-ult-29-160mm-verde#breadcrumb","itemListElement":[{"@type":"ListItem","position":1,"name":"Portada","item":"https:\/\/naturalbikes.cl\/"},{"@type":"ListItem","position":2,"name":"Tienda NB","item":"https:\/\/naturalbikes.cl\/?page_id=7843"},{"@type":"ListItem","position":3,"name":"RockShox","item":"https:\/\/naturalbikes.cl\/?product_brand=rockshox"},{"@type":"ListItem","position":4,"name":"Horquilla RockShox Lyrik Ult 29 160mm"}]},{"@type":"WebSite","@id":"https:\/\/naturalbikes.cl\/#website","url":"https:\/\/naturalbikes.cl\/","name":"Natural Bikes","description":"Tienda de bicicletas repuestos accesorios taller mantenimiento clases salidas","publisher":{"@id":"https:\/\/naturalbikes.cl\/#organization"},"alternateName":"Natural Bikes","potentialAction":[{"@type":"SearchAction","target":{"@type":"EntryPoint","urlTemplate":"https:\/\/naturalbikes.cl\/?s={search_term_string}"},"query-input":{"@type":"PropertyValueSpecification","valueRequired":true,"valueName":"search_term_string"}}],"inLanguage":"es"},{"@type":"Organization","@id":"https:\/\/naturalbikes.cl\/#organization","name":"Natural Bikes","alternateName":"Natural Bikes","url":"https:\/\/naturalbikes.cl\/","logo":{"@type":"ImageObject","inLanguage":"es","@id":"https:\/\/naturalbikes.cl\/#\/schema\/logo\/image\/","url":"https:\/\/naturalbikes.cl\/wp-content\/uploads\/2024\/05\/2023-10-10-10.44.12.jpg","contentUrl":"https:\/\/naturalbikes.cl\/wp-content\/uploads\/2024\/05\/2023-10-10-10.44.12.jpg","width":650,"height":650,"caption":"Natural Bikes"},"image":{"@id":"https:\/\/naturalbikes.cl\/#\/schema\/logo\/image\/"},"sameAs":["https:\/\/www.facebook.com\/naturalbikescl","https:\/\/www.instagram.com\/natural.bikes","https:\/\/www.tiktok.com\/@natural.bikes"],"description":"Ofrecer a nuestros clientes apasionados por el ciclismo de monta\u00f1a la mejor experiencia en productos, conocimientos especializados y servicios excepcionales. Nos comprometemos a proporcionar una amplia gama de bicicletas, accesorios y equipo de alta calidad, junto con asesoramiento experto y atenci\u00f3n personalizada para cada ciclista, para que puedan explorar, disfrutar y maximizar su aventura en el mundo del MTB","email":"naturalbikes1@gmail.com","telephone":"56977043878","legalName":"Natural Bikes Limitada","foundingDate":"2024-01-01","vatID":"76699553-5","taxID":"76699553-5","numberOfEmployees":{"@type":"QuantitativeValue","minValue":"1","maxValue":"10"},"publishingPrinciples":"https:\/\/naturalbikes.cl\/?page_id=7843","ownershipFundingInfo":"https:\/\/naturalbikes.cl\/?page_id=7843","actionableFeedbackPolicy":"https:\/\/naturalbikes.cl\/?page_id=14797","correctionsPolicy":"https:\/\/naturalbikes.cl\/?page_id=3","ethicsPolicy":"https:\/\/naturalbikes.cl\/?page_id=7843","diversityPolicy":"https:\/\/naturalbikes.cl\/?page_id=11734","diversityStaffingReport":"https:\/\/naturalbikes.cl\/?page_id=12161"}]}},"_links":{"self":[{"href":"https:\/\/naturalbikes.cl\/index.php?rest_route=\/wp\/v2\/product\/20054"}],"collection":[{"href":"https:\/\/naturalbikes.cl\/index.php?rest_route=\/wp\/v2\/product"}],"about":[{"href":"https:\/\/naturalbikes.cl\/index.php?rest_route=\/wp\/v2\/types\/product"}],"replies":[{"embeddable":true,"href":"https:\/\/naturalbikes.cl\/index.php?rest_route=%2Fwp%2Fv2%2Fcomments&post=20054"}],"wp:featuredmedia":[{"embeddable":true,"href":"https:\/\/naturalbikes.cl\/index.php?rest_route=\/wp\/v2\/media\/20057"}],"wp:attachment":[{"href":"https:\/\/naturalbikes.cl\/index.php?rest_route=%2Fwp%2Fv2%2Fmedia&parent=20054"}],"wp:term":[{"taxonomy":"product_cat","embeddable":true,"href":"https:\/\/naturalbikes.cl\/index.php?rest_route=%2Fwp%2Fv2%2Fproduct_cat&post=20054"},{"taxonomy":"product_tag","embeddable":true,"href":"https:\/\/naturalbikes.cl\/index.php?rest_route=%2Fwp%2Fv2%2Fproduct_tag&post=20054"}],"curies":[{"name":"wp","href":"https:\/\/api.w.org\/{rel}","templated":true}]}}