{"id":19817,"date":"2024-05-21T18:16:18","date_gmt":"2024-05-21T22:16:18","guid":{"rendered":"https:\/\/naturalbikes.cl\/?post_type=product&#038;p=19817"},"modified":"2026-01-06T17:11:53","modified_gmt":"2026-01-06T20:11:53","slug":"neumatico-challenge-getaway-xp-h-tlr-700x40-260tpi","status":"publish","type":"product","link":"https:\/\/naturalbikes.cl\/?product=neumatico-challenge-getaway-xp-h-tlr-700x40-260tpi","title":{"rendered":"Neum\u00e1tico Challenge Getaway XP H-TLR 700&#215;40 260TPI"},"content":{"rendered":"<p><img decoding=\"async\" class=\"aligncenter\" src=\"https:\/\/cdn.shopify.com\/s\/files\/1\/0084\/1151\/2896\/files\/Challenge-Logo-on-black-background_480x480.jpg?v=1698254785\" alt=\"\" width=\"131\" height=\"71\" \/><\/p>\n<div id=\"product-info-container\" class=\"col-12 col-lg-5 col-xxl-4 align-self-center\">\n<div class=\"product-info-wrapper\">\n<div class=\"product-infos\">\n<div class=\"closable-content\">\n<h1 class=\"h2 product-title-wrapper\"><span class=\"variant-title\">ESCAPAR XP <\/span><span class=\"tag\">NUEVO<\/span><\/h1>\n<div class=\"icons clearfix\">\n<div class=\"icon warning\" title=\"Advertencia TLR\" data-toggle=\"popover\" data-content=\"Tubeless Ready (marked TLR) tires can be mounted with or without inner tubes. H-TLR tires are designed to be used tubeless only with a sealant and are optimal designed for hooked type rim and are hookless compatible when sized 33mm and up. Vulcanized TLR tires are not suitable for hookless rims.\nChallenge tires should not be mounted on wheels that do not meet ETRTO or ISO standards. Not compliant wheels may cut the tire casing above the bead resulting in a tire failure and possible serious injury of the rider.\" data-html=\"true\" data-placement=\"top\"><\/div>\n<\/div>\n<div class=\"tags-container\">\n<div class=\"label\"><strong>Uso<\/strong><\/div>\n<div class=\"tags-wrapper\">\n<div class=\"tag\">HARDPACK<\/div>\n<div class=\"tag\">GRAVA<\/div>\n<div class=\"tag\">SUELTA<\/div>\n<div class=\"tag\">ROCOSA<\/div>\n<\/div>\n<\/div>\n<div class=\"tags-container\">\n<div class=\"label\"><strong>Propiedades<\/strong><\/div>\n<div class=\"tags-wrapper\">\n<div class=\"tag\">PESO: 540G<\/div>\n<div class=\"tag\" title=\"Presi\u00f3n de los neum\u00e1ticos\">PRESI\u00d3N: 1,7 &#8211; 3 BAR<\/div>\n<div class=\"tag\" title=\"Presi\u00f3n del l\u00edmite de seguridad\">L\u00cdMITE DE SEGURIDAD: 450 KPA<\/div>\n<\/div>\n<\/div>\n<div class=\"border-break\"><\/div>\n<div class=\"description-container\">\n<div class=\"text\">\n<p>Con la creciente demanda de neum\u00e1ticos de grava m\u00e1s robustos, Challenge ha desarrollado una nueva tecnolog\u00eda aplicada a la construcci\u00f3n hecha a mano. El <strong>GETAWAY <\/strong>ahora se lanza con <strong>Xtra Protection (XP) <\/strong>para m\u00e1s viajes de resistencia en terrenos m\u00e1s dif\u00edciles. El <strong>Getaway XP <\/strong>est\u00e1 dise\u00f1ado para llevarte a lugares donde otros no pueden.<\/p>\n<p>Comenzando con CORAZZAARMOR <strong>SILVER <\/strong>para una mejor protecci\u00f3n de la pared lateral, el GETAWAY XP tambi\u00e9n incluye CORAZZAARMOR <strong>GOLD<\/strong>, una capa especial de un material estrechamente tejido colocado en el neum\u00e1tico, lo que lo refuerza a\u00fan m\u00e1s para condiciones m\u00e1s agresivas.<\/p>\n<\/div>\n<\/div>\n<\/div>\n<\/div>\n<div class=\"closable-content\">\n<div class=\"row justify-content-center bottom-line\">\n<div class=\"col-3\">\n<div class=\"variant-info-wrapper\">\n<div class=\"variant-image-container\"><\/div>\n<div class=\"overlay-wrapper\"><\/div>\n<\/div>\n<\/div>\n<\/div>\n<\/div>\n<\/div>\n<\/div>\n<div class=\"col-12 col-lg-5 col-xxl-6 image-wrapper\">\n<div class=\"image-container\"><img decoding=\"async\" class=\"img-fluid max-width-set\" src=\"https:\/\/www.challengetires.com\/uploads\/eu\/products\/_square\/00578_H-TLR-Getaway-XP-40-Black_productpage.png\" alt=\"00578 H TLR Getaway XP 40 P\u00e1gina del producto negro\" \/><\/div>\n<\/div>\n","protected":false},"excerpt":{"rendered":"<p><img decoding=\"async\" class=\"alignleft\" src=\"https:\/\/cdn.shopify.com\/s\/files\/1\/0084\/1151\/2896\/files\/Challenge-Logo-on-black-background_480x480.jpg?v=1698254785\" alt=\"\" width=\"131\" height=\"71\" \/><\/p>\n<p><strong>Descubre el neum\u00e1tico Challenge Getaway XP H-TLR 700&#215;40 260TPI, dise\u00f1ado para ofrecer un rendimiento superior en terrenos mixtos. Con un agarre excepcional y alta durabilidad, es ideal para tus aventuras gravel. Conoce todas sus caracter\u00edsticas y beneficios en nuestra rese\u00f1a completa.<\/strong><\/p>\n","protected":false},"featured_media":19818,"comment_status":"open","ping_status":"closed","template":"","meta":[],"product_cat":[261,198,266,237],"product_tag":[165,168,149],"class_list":{"0":"post-19817","1":"product","2":"type-product","3":"status-publish","4":"has-post-thumbnail","6":"product_brand-challenge","7":"product_cat-challenge","8":"product_cat-componentes","9":"product_cat-getaway-pro","10":"product_cat-neumaticos","11":"product_tag-challenge","12":"product_tag-getaway","13":"product_tag-neumaticos","15":"first","16":"instock","17":"taxable","18":"shipping-taxable","19":"purchasable","20":"product-type-simple"},"yoast_head":"<!-- This site is optimized with the Yoast SEO Premium plugin v24.8 (Yoast SEO v25.6) - https:\/\/yoast.com\/wordpress\/plugins\/seo\/ -->\n<title>Neum\u00e1tico Challenge Getaway XP H-TLR 700x40 260TPI - NaturalBikes<\/title>\n<meta name=\"description\" content=\"Descubre el neum\u00e1tico Challenge Getaway XP H-TLR 700x40 260TPI, dise\u00f1ado para ofrecer un rendimiento superior en terrenos mixtos. Con un agarre excepcional y alta durabilidad, es ideal para tus aventuras gravel. Conoce todas sus caracter\u00edsticas y beneficios en nuestra rese\u00f1a completa.\" \/>\n<meta name=\"robots\" content=\"index, follow, max-snippet:-1, max-image-preview:large, max-video-preview:-1\" \/>\n<link rel=\"canonical\" href=\"https:\/\/naturalbikes.cl\/?product=neumatico-challenge-getaway-xp-h-tlr-700x40-260tpi\" \/>\n<meta property=\"og:locale\" content=\"es_ES\" \/>\n<meta property=\"og:type\" content=\"article\" \/>\n<meta property=\"og:title\" content=\"Neum\u00e1tico Challenge Getaway XP H-TLR 700x40 260TPI\" \/>\n<meta property=\"og:description\" content=\"Ofrecer a nuestros clientes apasionados por el ciclismo de monta\u00f1a la mejor experiencia en productos, conocimientos especializados y servicios excepcionales. Nos comprometemos a proporcionar una amplia gama de bicicletas, accesorios y equipo de alta calidad, junto con asesoramiento experto y atenci\u00f3n personalizada para cada ciclista, para que puedan explorar, disfrutar y maximizar su aventura en el mundo del MTB\" \/>\n<meta property=\"og:url\" content=\"https:\/\/naturalbikes.cl\/?product=neumatico-challenge-getaway-xp-h-tlr-700x40-260tpi\" \/>\n<meta property=\"og:site_name\" content=\"NaturalBikes\" \/>\n<meta property=\"article:publisher\" content=\"https:\/\/www.facebook.com\/naturalbikescl\" \/>\n<meta property=\"article:modified_time\" content=\"2026-01-06T20:11:53+00:00\" \/>\n<meta property=\"og:image\" content=\"https:\/\/naturalbikes.cl\/wp-content\/uploads\/2024\/05\/Challenge-00578_H-TLR-Getaway-XP-40.jpg\" \/>\n\t<meta property=\"og:image:width\" content=\"1000\" \/>\n\t<meta property=\"og:image:height\" content=\"1000\" \/>\n\t<meta property=\"og:image:type\" content=\"image\/jpeg\" \/>\n<meta name=\"twitter:card\" content=\"summary_large_image\" \/>\n<meta name=\"twitter:label1\" content=\"Tiempo de lectura\" \/>\n\t<meta name=\"twitter:data1\" content=\"2 minutos\" \/>\n<script type=\"application\/ld+json\" class=\"yoast-schema-graph\">{\"@context\":\"https:\/\/schema.org\",\"@graph\":[{\"@type\":\"WebPage\",\"@id\":\"https:\/\/naturalbikes.cl\/?product=neumatico-challenge-getaway-xp-h-tlr-700x40-260tpi\",\"url\":\"https:\/\/naturalbikes.cl\/?product=neumatico-challenge-getaway-xp-h-tlr-700x40-260tpi\",\"name\":\"Neum\u00e1tico Challenge Getaway XP H-TLR 700x40 260TPI - NaturalBikes\",\"isPartOf\":{\"@id\":\"https:\/\/naturalbikes.cl\/#website\"},\"primaryImageOfPage\":{\"@id\":\"https:\/\/naturalbikes.cl\/?product=neumatico-challenge-getaway-xp-h-tlr-700x40-260tpi#primaryimage\"},\"image\":{\"@id\":\"https:\/\/naturalbikes.cl\/?product=neumatico-challenge-getaway-xp-h-tlr-700x40-260tpi#primaryimage\"},\"thumbnailUrl\":\"https:\/\/naturalbikes.cl\/wp-content\/uploads\/2024\/05\/Challenge-00578_H-TLR-Getaway-XP-40.jpg\",\"datePublished\":\"2024-05-21T22:16:18+00:00\",\"dateModified\":\"2026-01-06T20:11:53+00:00\",\"description\":\"Descubre el neum\u00e1tico Challenge Getaway XP H-TLR 700x40 260TPI, dise\u00f1ado para ofrecer un rendimiento superior en terrenos mixtos. Con un agarre excepcional y alta durabilidad, es ideal para tus aventuras gravel. Conoce todas sus caracter\u00edsticas y beneficios en nuestra rese\u00f1a completa.\",\"breadcrumb\":{\"@id\":\"https:\/\/naturalbikes.cl\/?product=neumatico-challenge-getaway-xp-h-tlr-700x40-260tpi#breadcrumb\"},\"inLanguage\":\"es\",\"potentialAction\":[{\"@type\":\"ReadAction\",\"target\":[\"https:\/\/naturalbikes.cl\/?product=neumatico-challenge-getaway-xp-h-tlr-700x40-260tpi\"]}]},{\"@type\":\"ImageObject\",\"inLanguage\":\"es\",\"@id\":\"https:\/\/naturalbikes.cl\/?product=neumatico-challenge-getaway-xp-h-tlr-700x40-260tpi#primaryimage\",\"url\":\"https:\/\/naturalbikes.cl\/wp-content\/uploads\/2024\/05\/Challenge-00578_H-TLR-Getaway-XP-40.jpg\",\"contentUrl\":\"https:\/\/naturalbikes.cl\/wp-content\/uploads\/2024\/05\/Challenge-00578_H-TLR-Getaway-XP-40.jpg\",\"width\":1000,\"height\":1000},{\"@type\":\"BreadcrumbList\",\"@id\":\"https:\/\/naturalbikes.cl\/?product=neumatico-challenge-getaway-xp-h-tlr-700x40-260tpi#breadcrumb\",\"itemListElement\":[{\"@type\":\"ListItem\",\"position\":1,\"name\":\"Portada\",\"item\":\"https:\/\/naturalbikes.cl\/\"},{\"@type\":\"ListItem\",\"position\":2,\"name\":\"Tienda NB\",\"item\":\"https:\/\/naturalbikes.cl\/?page_id=7843\"},{\"@type\":\"ListItem\",\"position\":3,\"name\":\"Challenge\",\"item\":\"https:\/\/naturalbikes.cl\/?product_brand=challenge\"},{\"@type\":\"ListItem\",\"position\":4,\"name\":\"Neum\u00e1tico Challenge Getaway XP H-TLR 700&#215;40 260TPI\"}]},{\"@type\":\"WebSite\",\"@id\":\"https:\/\/naturalbikes.cl\/#website\",\"url\":\"https:\/\/naturalbikes.cl\/\",\"name\":\"Natural Bikes\",\"description\":\"Tienda de bicicletas repuestos accesorios taller mantenimiento clases salidas\",\"publisher\":{\"@id\":\"https:\/\/naturalbikes.cl\/#organization\"},\"alternateName\":\"Natural Bikes\",\"potentialAction\":[{\"@type\":\"SearchAction\",\"target\":{\"@type\":\"EntryPoint\",\"urlTemplate\":\"https:\/\/naturalbikes.cl\/?s={search_term_string}\"},\"query-input\":{\"@type\":\"PropertyValueSpecification\",\"valueRequired\":true,\"valueName\":\"search_term_string\"}}],\"inLanguage\":\"es\"},{\"@type\":\"Organization\",\"@id\":\"https:\/\/naturalbikes.cl\/#organization\",\"name\":\"Natural Bikes\",\"alternateName\":\"Natural Bikes\",\"url\":\"https:\/\/naturalbikes.cl\/\",\"logo\":{\"@type\":\"ImageObject\",\"inLanguage\":\"es\",\"@id\":\"https:\/\/naturalbikes.cl\/#\/schema\/logo\/image\/\",\"url\":\"https:\/\/naturalbikes.cl\/wp-content\/uploads\/2024\/05\/2023-10-10-10.44.12.jpg\",\"contentUrl\":\"https:\/\/naturalbikes.cl\/wp-content\/uploads\/2024\/05\/2023-10-10-10.44.12.jpg\",\"width\":650,\"height\":650,\"caption\":\"Natural Bikes\"},\"image\":{\"@id\":\"https:\/\/naturalbikes.cl\/#\/schema\/logo\/image\/\"},\"sameAs\":[\"https:\/\/www.facebook.com\/naturalbikescl\",\"https:\/\/www.instagram.com\/natural.bikes\",\"https:\/\/www.tiktok.com\/@natural.bikes\"],\"description\":\"Ofrecer a nuestros clientes apasionados por el ciclismo de monta\u00f1a la mejor experiencia en productos, conocimientos especializados y servicios excepcionales. Nos comprometemos a proporcionar una amplia gama de bicicletas, accesorios y equipo de alta calidad, junto con asesoramiento experto y atenci\u00f3n personalizada para cada ciclista, para que puedan explorar, disfrutar y maximizar su aventura en el mundo del MTB\",\"email\":\"naturalbikes1@gmail.com\",\"telephone\":\"56977043878\",\"legalName\":\"Natural Bikes Limitada\",\"foundingDate\":\"2024-01-01\",\"vatID\":\"76699553-5\",\"taxID\":\"76699553-5\",\"numberOfEmployees\":{\"@type\":\"QuantitativeValue\",\"minValue\":\"1\",\"maxValue\":\"10\"},\"publishingPrinciples\":\"https:\/\/naturalbikes.cl\/?page_id=7843\",\"ownershipFundingInfo\":\"https:\/\/naturalbikes.cl\/?page_id=7843\",\"actionableFeedbackPolicy\":\"https:\/\/naturalbikes.cl\/?page_id=14797\",\"correctionsPolicy\":\"https:\/\/naturalbikes.cl\/?page_id=3\",\"ethicsPolicy\":\"https:\/\/naturalbikes.cl\/?page_id=7843\",\"diversityPolicy\":\"https:\/\/naturalbikes.cl\/?page_id=11734\",\"diversityStaffingReport\":\"https:\/\/naturalbikes.cl\/?page_id=12161\"}]}<\/script>\n<!-- \/ Yoast SEO Premium plugin. -->","yoast_head_json":{"title":"Neum\u00e1tico Challenge Getaway XP H-TLR 700x40 260TPI - NaturalBikes","description":"Descubre el neum\u00e1tico Challenge Getaway XP H-TLR 700x40 260TPI, dise\u00f1ado para ofrecer un rendimiento superior en terrenos mixtos. Con un agarre excepcional y alta durabilidad, es ideal para tus aventuras gravel. Conoce todas sus caracter\u00edsticas y beneficios en nuestra rese\u00f1a completa.","robots":{"index":"index","follow":"follow","max-snippet":"max-snippet:-1","max-image-preview":"max-image-preview:large","max-video-preview":"max-video-preview:-1"},"canonical":"https:\/\/naturalbikes.cl\/?product=neumatico-challenge-getaway-xp-h-tlr-700x40-260tpi","og_locale":"es_ES","og_type":"article","og_title":"Neum\u00e1tico Challenge Getaway XP H-TLR 700x40 260TPI","og_description":"Ofrecer a nuestros clientes apasionados por el ciclismo de monta\u00f1a la mejor experiencia en productos, conocimientos especializados y servicios excepcionales. Nos comprometemos a proporcionar una amplia gama de bicicletas, accesorios y equipo de alta calidad, junto con asesoramiento experto y atenci\u00f3n personalizada para cada ciclista, para que puedan explorar, disfrutar y maximizar su aventura en el mundo del MTB","og_url":"https:\/\/naturalbikes.cl\/?product=neumatico-challenge-getaway-xp-h-tlr-700x40-260tpi","og_site_name":"NaturalBikes","article_publisher":"https:\/\/www.facebook.com\/naturalbikescl","article_modified_time":"2026-01-06T20:11:53+00:00","og_image":[{"width":1000,"height":1000,"url":"https:\/\/naturalbikes.cl\/wp-content\/uploads\/2024\/05\/Challenge-00578_H-TLR-Getaway-XP-40.jpg","type":"image\/jpeg"}],"twitter_card":"summary_large_image","twitter_misc":{"Tiempo de lectura":"2 minutos"},"schema":{"@context":"https:\/\/schema.org","@graph":[{"@type":"WebPage","@id":"https:\/\/naturalbikes.cl\/?product=neumatico-challenge-getaway-xp-h-tlr-700x40-260tpi","url":"https:\/\/naturalbikes.cl\/?product=neumatico-challenge-getaway-xp-h-tlr-700x40-260tpi","name":"Neum\u00e1tico Challenge Getaway XP H-TLR 700x40 260TPI - NaturalBikes","isPartOf":{"@id":"https:\/\/naturalbikes.cl\/#website"},"primaryImageOfPage":{"@id":"https:\/\/naturalbikes.cl\/?product=neumatico-challenge-getaway-xp-h-tlr-700x40-260tpi#primaryimage"},"image":{"@id":"https:\/\/naturalbikes.cl\/?product=neumatico-challenge-getaway-xp-h-tlr-700x40-260tpi#primaryimage"},"thumbnailUrl":"https:\/\/naturalbikes.cl\/wp-content\/uploads\/2024\/05\/Challenge-00578_H-TLR-Getaway-XP-40.jpg","datePublished":"2024-05-21T22:16:18+00:00","dateModified":"2026-01-06T20:11:53+00:00","description":"Descubre el neum\u00e1tico Challenge Getaway XP H-TLR 700x40 260TPI, dise\u00f1ado para ofrecer un rendimiento superior en terrenos mixtos. Con un agarre excepcional y alta durabilidad, es ideal para tus aventuras gravel. Conoce todas sus caracter\u00edsticas y beneficios en nuestra rese\u00f1a completa.","breadcrumb":{"@id":"https:\/\/naturalbikes.cl\/?product=neumatico-challenge-getaway-xp-h-tlr-700x40-260tpi#breadcrumb"},"inLanguage":"es","potentialAction":[{"@type":"ReadAction","target":["https:\/\/naturalbikes.cl\/?product=neumatico-challenge-getaway-xp-h-tlr-700x40-260tpi"]}]},{"@type":"ImageObject","inLanguage":"es","@id":"https:\/\/naturalbikes.cl\/?product=neumatico-challenge-getaway-xp-h-tlr-700x40-260tpi#primaryimage","url":"https:\/\/naturalbikes.cl\/wp-content\/uploads\/2024\/05\/Challenge-00578_H-TLR-Getaway-XP-40.jpg","contentUrl":"https:\/\/naturalbikes.cl\/wp-content\/uploads\/2024\/05\/Challenge-00578_H-TLR-Getaway-XP-40.jpg","width":1000,"height":1000},{"@type":"BreadcrumbList","@id":"https:\/\/naturalbikes.cl\/?product=neumatico-challenge-getaway-xp-h-tlr-700x40-260tpi#breadcrumb","itemListElement":[{"@type":"ListItem","position":1,"name":"Portada","item":"https:\/\/naturalbikes.cl\/"},{"@type":"ListItem","position":2,"name":"Tienda NB","item":"https:\/\/naturalbikes.cl\/?page_id=7843"},{"@type":"ListItem","position":3,"name":"Challenge","item":"https:\/\/naturalbikes.cl\/?product_brand=challenge"},{"@type":"ListItem","position":4,"name":"Neum\u00e1tico Challenge Getaway XP H-TLR 700&#215;40 260TPI"}]},{"@type":"WebSite","@id":"https:\/\/naturalbikes.cl\/#website","url":"https:\/\/naturalbikes.cl\/","name":"Natural Bikes","description":"Tienda de bicicletas repuestos accesorios taller mantenimiento clases salidas","publisher":{"@id":"https:\/\/naturalbikes.cl\/#organization"},"alternateName":"Natural Bikes","potentialAction":[{"@type":"SearchAction","target":{"@type":"EntryPoint","urlTemplate":"https:\/\/naturalbikes.cl\/?s={search_term_string}"},"query-input":{"@type":"PropertyValueSpecification","valueRequired":true,"valueName":"search_term_string"}}],"inLanguage":"es"},{"@type":"Organization","@id":"https:\/\/naturalbikes.cl\/#organization","name":"Natural Bikes","alternateName":"Natural Bikes","url":"https:\/\/naturalbikes.cl\/","logo":{"@type":"ImageObject","inLanguage":"es","@id":"https:\/\/naturalbikes.cl\/#\/schema\/logo\/image\/","url":"https:\/\/naturalbikes.cl\/wp-content\/uploads\/2024\/05\/2023-10-10-10.44.12.jpg","contentUrl":"https:\/\/naturalbikes.cl\/wp-content\/uploads\/2024\/05\/2023-10-10-10.44.12.jpg","width":650,"height":650,"caption":"Natural Bikes"},"image":{"@id":"https:\/\/naturalbikes.cl\/#\/schema\/logo\/image\/"},"sameAs":["https:\/\/www.facebook.com\/naturalbikescl","https:\/\/www.instagram.com\/natural.bikes","https:\/\/www.tiktok.com\/@natural.bikes"],"description":"Ofrecer a nuestros clientes apasionados por el ciclismo de monta\u00f1a la mejor experiencia en productos, conocimientos especializados y servicios excepcionales. Nos comprometemos a proporcionar una amplia gama de bicicletas, accesorios y equipo de alta calidad, junto con asesoramiento experto y atenci\u00f3n personalizada para cada ciclista, para que puedan explorar, disfrutar y maximizar su aventura en el mundo del MTB","email":"naturalbikes1@gmail.com","telephone":"56977043878","legalName":"Natural Bikes Limitada","foundingDate":"2024-01-01","vatID":"76699553-5","taxID":"76699553-5","numberOfEmployees":{"@type":"QuantitativeValue","minValue":"1","maxValue":"10"},"publishingPrinciples":"https:\/\/naturalbikes.cl\/?page_id=7843","ownershipFundingInfo":"https:\/\/naturalbikes.cl\/?page_id=7843","actionableFeedbackPolicy":"https:\/\/naturalbikes.cl\/?page_id=14797","correctionsPolicy":"https:\/\/naturalbikes.cl\/?page_id=3","ethicsPolicy":"https:\/\/naturalbikes.cl\/?page_id=7843","diversityPolicy":"https:\/\/naturalbikes.cl\/?page_id=11734","diversityStaffingReport":"https:\/\/naturalbikes.cl\/?page_id=12161"}]}},"_links":{"self":[{"href":"https:\/\/naturalbikes.cl\/index.php?rest_route=\/wp\/v2\/product\/19817"}],"collection":[{"href":"https:\/\/naturalbikes.cl\/index.php?rest_route=\/wp\/v2\/product"}],"about":[{"href":"https:\/\/naturalbikes.cl\/index.php?rest_route=\/wp\/v2\/types\/product"}],"replies":[{"embeddable":true,"href":"https:\/\/naturalbikes.cl\/index.php?rest_route=%2Fwp%2Fv2%2Fcomments&post=19817"}],"wp:featuredmedia":[{"embeddable":true,"href":"https:\/\/naturalbikes.cl\/index.php?rest_route=\/wp\/v2\/media\/19818"}],"wp:attachment":[{"href":"https:\/\/naturalbikes.cl\/index.php?rest_route=%2Fwp%2Fv2%2Fmedia&parent=19817"}],"wp:term":[{"taxonomy":"product_cat","embeddable":true,"href":"https:\/\/naturalbikes.cl\/index.php?rest_route=%2Fwp%2Fv2%2Fproduct_cat&post=19817"},{"taxonomy":"product_tag","embeddable":true,"href":"https:\/\/naturalbikes.cl\/index.php?rest_route=%2Fwp%2Fv2%2Fproduct_tag&post=19817"}],"curies":[{"name":"wp","href":"https:\/\/api.w.org\/{rel}","templated":true}]}}