{"id":19813,"date":"2024-05-21T18:06:48","date_gmt":"2024-05-21T22:06:48","guid":{"rendered":"https:\/\/naturalbikes.cl\/?post_type=product&#038;p=19813"},"modified":"2026-01-06T17:11:53","modified_gmt":"2026-01-06T20:11:53","slug":"neumatico-challenge-strada-pro-h-tlr-700x27-black-300tpi","status":"publish","type":"product","link":"https:\/\/naturalbikes.cl\/?product=neumatico-challenge-strada-pro-h-tlr-700x27-black-300tpi","title":{"rendered":"Neum\u00e1tico Challenge Strada Pro H-TLR 700&#215;27 Black 300TPI"},"content":{"rendered":"<p><img decoding=\"async\" class=\"aligncenter\" src=\"https:\/\/cdn.shopify.com\/s\/files\/1\/0084\/1151\/2896\/files\/Challenge-Logo-on-black-background_480x480.jpg?v=1698254785\" alt=\"\" width=\"131\" height=\"71\" \/><\/p>\n<div id=\"product-info-container\" class=\"col-12 col-lg-5 col-xxl-4 align-self-center\">\n<div class=\"product-info-wrapper\">\n<div class=\"product-infos\">\n<div class=\"closable-content\">\n<div id=\"product-info-container\" class=\"col-12 col-lg-5 col-xxl-4 align-self-center\">\n<div class=\"product-info-wrapper\">\n<div class=\"product-infos\">\n<div class=\"closable-content\">\n<h1 class=\"h2 product-title-wrapper\"><span class=\"variant-title\">STRADA<\/span><\/h1>\n<div class=\"tags-container\">\n<div class=\"label\"><strong>Uso<\/strong><\/div>\n<div class=\"tags-wrapper\">\n<div class=\"tag\">PAVIMENTO<\/div>\n<\/div>\n<\/div>\n<div class=\"tags-container\">\n<div class=\"label\"><strong>Propiedades<\/strong><\/div>\n<div class=\"tags-wrapper\">\n<div class=\"tag\">PESO: 285 g<\/div>\n<div class=\"tag\" title=\"Presi\u00f3n de los neum\u00e1ticos\">PRESI\u00d3N: 4,5 &#8211; 6 BAR<\/div>\n<div class=\"tag\" title=\"Presi\u00f3n del l\u00edmite de seguridad\">L\u00cdMITE DE SEGURIDAD: 800 KPA<\/div>\n<\/div>\n<\/div>\n<div class=\"border-break\"><\/div>\n<div class=\"description-container\">\n<div class=\"text\">\n<p>El Strada is Challenge se cansa durante largos d\u00edas en la carretera. Este neum\u00e1tico en todas las condiciones combina un perfil redondo que elimina el aguje del pavimento \u00e1spero con una construcci\u00f3n que proporciona el m\u00e1ximo control y baja resistencia a la rodadura.<\/p>\n<\/div>\n<\/div>\n<\/div>\n<\/div>\n<\/div>\n<\/div>\n<div class=\"col-12 col-lg-7 col-xxl-8 image-wrapper\">\n<div class=\"image-container\">\n<div class=\"itemscope\">\n<section id=\"load-product\" class=\"product\">\n<div class=\"container-fluid product-details-container\">\n<div class=\"row\">\n<div id=\"product-info-container\" class=\"col-12 col-lg-5 col-xxl-4 align-self-center\">\n<div class=\"product-info-wrapper\">\n<div class=\"closable-content\">\n<div class=\"row justify-content-center bottom-line\">\n<div class=\"col-3\">\n<div class=\"variant-info-wrapper\"><\/div>\n<\/div>\n<\/div>\n<\/div>\n<\/div>\n<\/div>\n<div class=\"col-12 col-lg-7 col-xxl-8 image-wrapper\">\n<div class=\"image-container\"><img decoding=\"async\" class=\"img-fluid \" src=\"https:\/\/www.challengetires.com\/uploads\/eu\/products\/_square\/00554_H-TLR-Strada-PRO-27-Black-productpage.png\" alt=\"00554 H TLR Strada PRO 27 P\u00e1gina de producto negro\" \/><\/div>\n<\/div>\n<\/div>\n<\/div>\n<\/section>\n<\/div>\n<section class=\"related-products\">\n<div class=\"container\">\n<div class=\"row\">\n<div class=\"col-12\"><\/div>\n<\/div>\n<\/div>\n<\/section>\n<\/div>\n<\/div>\n<\/div>\n<\/div>\n<\/div>\n<\/div>\n","protected":false},"excerpt":{"rendered":"<p><img decoding=\"async\" class=\"alignleft\" src=\"https:\/\/cdn.shopify.com\/s\/files\/1\/0084\/1151\/2896\/files\/Challenge-Logo-on-black-background_480x480.jpg?v=1698254785\" alt=\"\" width=\"131\" height=\"71\" \/><\/p>\n<div class=\"flex flex-grow flex-col max-w-full\">\n<div class=\"min-h-[20px] text-message flex flex-col items-start whitespace-pre-wrap break-words [.text-message+&amp;]:mt-5 juice:w-full juice:items-end overflow-x-auto gap-2\" dir=\"auto\" data-message-author-role=\"assistant\" data-message-id=\"e3291c15-5f4d-4d80-8d95-fa22a7d0d856\">\n<div class=\"flex w-full flex-col gap-1 juice:empty:hidden juice:first:pt-[3px]\">\n<div class=\"markdown prose w-full break-words dark:prose-invert light\"><strong>Optimiza tu rendimiento con el neum\u00e1tico Challenge Strada Pro H-TLR 700&#215;27 Tan 300TPI. Con un dise\u00f1o avanzado que ofrece excelente agarre y comodidad, este neum\u00e1tico es perfecto para rutas exigentes. Conoce todas sus caracter\u00edsticas y beneficios en nuestra rese\u00f1a completa.<\/strong><\/div>\n<\/div>\n<\/div>\n<\/div>\n","protected":false},"featured_media":19814,"comment_status":"open","ping_status":"closed","template":"","meta":[],"product_cat":[261,198,237,273],"product_tag":[165,149,169],"class_list":{"0":"post-19813","1":"product","2":"type-product","3":"status-publish","4":"has-post-thumbnail","6":"product_brand-challenge","7":"product_cat-challenge","8":"product_cat-componentes","9":"product_cat-neumaticos","10":"product_cat-strada-race","11":"product_tag-challenge","12":"product_tag-neumaticos","13":"product_tag-strada","15":"first","16":"instock","17":"taxable","18":"shipping-taxable","19":"purchasable","20":"product-type-simple"},"yoast_head":"<!-- This site is optimized with the Yoast SEO Premium plugin v24.8 (Yoast SEO v25.6) - https:\/\/yoast.com\/wordpress\/plugins\/seo\/ -->\n<title>Neum\u00e1tico Challenge Strada Pro H-TLR 700x27 Black 300TPI - NaturalBikes<\/title>\n<meta name=\"description\" content=\"Optimiza tu rendimiento con el neum\u00e1tico Challenge Strada Pro H-TLR 700x27 Tan 300TPI. Con un dise\u00f1o avanzado que ofrece excelente agarre y comodidad, este neum\u00e1tico es perfecto para rutas exigentes. Conoce todas sus caracter\u00edsticas y beneficios en nuestra rese\u00f1a completa.\" \/>\n<meta name=\"robots\" content=\"index, follow, max-snippet:-1, max-image-preview:large, max-video-preview:-1\" \/>\n<link rel=\"canonical\" href=\"https:\/\/naturalbikes.cl\/?product=neumatico-challenge-strada-pro-h-tlr-700x27-black-300tpi\" \/>\n<meta property=\"og:locale\" content=\"es_ES\" \/>\n<meta property=\"og:type\" content=\"article\" \/>\n<meta property=\"og:title\" content=\"Neum\u00e1tico Challenge Strada Pro H-TLR 700x27 Black 300TPI\" \/>\n<meta property=\"og:description\" content=\"Ofrecer a nuestros clientes apasionados por el ciclismo de monta\u00f1a la mejor experiencia en productos, conocimientos especializados y servicios excepcionales. Nos comprometemos a proporcionar una amplia gama de bicicletas, accesorios y equipo de alta calidad, junto con asesoramiento experto y atenci\u00f3n personalizada para cada ciclista, para que puedan explorar, disfrutar y maximizar su aventura en el mundo del MTB\" \/>\n<meta property=\"og:url\" content=\"https:\/\/naturalbikes.cl\/?product=neumatico-challenge-strada-pro-h-tlr-700x27-black-300tpi\" \/>\n<meta property=\"og:site_name\" content=\"NaturalBikes\" \/>\n<meta property=\"article:publisher\" content=\"https:\/\/www.facebook.com\/naturalbikescl\" \/>\n<meta property=\"article:modified_time\" content=\"2026-01-06T20:11:53+00:00\" \/>\n<meta property=\"og:image\" content=\"https:\/\/naturalbikes.cl\/wp-content\/uploads\/2024\/05\/00153_1.__96827_ad6e0986-c809-4c9d-98c0-1d23e3a7f52c.jpg.webp\" \/>\n\t<meta property=\"og:image:width\" content=\"1200\" \/>\n\t<meta property=\"og:image:height\" content=\"1200\" \/>\n\t<meta property=\"og:image:type\" content=\"image\/webp\" \/>\n<meta name=\"twitter:card\" content=\"summary_large_image\" \/>\n<meta name=\"twitter:label1\" content=\"Tiempo de lectura\" \/>\n\t<meta name=\"twitter:data1\" content=\"1 minuto\" \/>\n<script type=\"application\/ld+json\" class=\"yoast-schema-graph\">{\"@context\":\"https:\/\/schema.org\",\"@graph\":[{\"@type\":\"WebPage\",\"@id\":\"https:\/\/naturalbikes.cl\/?product=neumatico-challenge-strada-pro-h-tlr-700x27-black-300tpi\",\"url\":\"https:\/\/naturalbikes.cl\/?product=neumatico-challenge-strada-pro-h-tlr-700x27-black-300tpi\",\"name\":\"Neum\u00e1tico Challenge Strada Pro H-TLR 700x27 Black 300TPI - NaturalBikes\",\"isPartOf\":{\"@id\":\"https:\/\/naturalbikes.cl\/#website\"},\"primaryImageOfPage\":{\"@id\":\"https:\/\/naturalbikes.cl\/?product=neumatico-challenge-strada-pro-h-tlr-700x27-black-300tpi#primaryimage\"},\"image\":{\"@id\":\"https:\/\/naturalbikes.cl\/?product=neumatico-challenge-strada-pro-h-tlr-700x27-black-300tpi#primaryimage\"},\"thumbnailUrl\":\"https:\/\/naturalbikes.cl\/wp-content\/uploads\/2024\/05\/00153_1.__96827_ad6e0986-c809-4c9d-98c0-1d23e3a7f52c.jpg.webp\",\"datePublished\":\"2024-05-21T22:06:48+00:00\",\"dateModified\":\"2026-01-06T20:11:53+00:00\",\"description\":\"Optimiza tu rendimiento con el neum\u00e1tico Challenge Strada Pro H-TLR 700x27 Tan 300TPI. Con un dise\u00f1o avanzado que ofrece excelente agarre y comodidad, este neum\u00e1tico es perfecto para rutas exigentes. Conoce todas sus caracter\u00edsticas y beneficios en nuestra rese\u00f1a completa.\",\"breadcrumb\":{\"@id\":\"https:\/\/naturalbikes.cl\/?product=neumatico-challenge-strada-pro-h-tlr-700x27-black-300tpi#breadcrumb\"},\"inLanguage\":\"es\",\"potentialAction\":[{\"@type\":\"ReadAction\",\"target\":[\"https:\/\/naturalbikes.cl\/?product=neumatico-challenge-strada-pro-h-tlr-700x27-black-300tpi\"]}]},{\"@type\":\"ImageObject\",\"inLanguage\":\"es\",\"@id\":\"https:\/\/naturalbikes.cl\/?product=neumatico-challenge-strada-pro-h-tlr-700x27-black-300tpi#primaryimage\",\"url\":\"https:\/\/naturalbikes.cl\/wp-content\/uploads\/2024\/05\/00153_1.__96827_ad6e0986-c809-4c9d-98c0-1d23e3a7f52c.jpg.webp\",\"contentUrl\":\"https:\/\/naturalbikes.cl\/wp-content\/uploads\/2024\/05\/00153_1.__96827_ad6e0986-c809-4c9d-98c0-1d23e3a7f52c.jpg.webp\",\"width\":1200,\"height\":1200},{\"@type\":\"BreadcrumbList\",\"@id\":\"https:\/\/naturalbikes.cl\/?product=neumatico-challenge-strada-pro-h-tlr-700x27-black-300tpi#breadcrumb\",\"itemListElement\":[{\"@type\":\"ListItem\",\"position\":1,\"name\":\"Portada\",\"item\":\"https:\/\/naturalbikes.cl\/\"},{\"@type\":\"ListItem\",\"position\":2,\"name\":\"Tienda NB\",\"item\":\"https:\/\/naturalbikes.cl\/?page_id=7843\"},{\"@type\":\"ListItem\",\"position\":3,\"name\":\"Challenge\",\"item\":\"https:\/\/naturalbikes.cl\/?product_brand=challenge\"},{\"@type\":\"ListItem\",\"position\":4,\"name\":\"Neum\u00e1tico Challenge Strada Pro H-TLR 700&#215;27 Black 300TPI\"}]},{\"@type\":\"WebSite\",\"@id\":\"https:\/\/naturalbikes.cl\/#website\",\"url\":\"https:\/\/naturalbikes.cl\/\",\"name\":\"Natural Bikes\",\"description\":\"Tienda de bicicletas repuestos accesorios taller mantenimiento clases salidas\",\"publisher\":{\"@id\":\"https:\/\/naturalbikes.cl\/#organization\"},\"alternateName\":\"Natural Bikes\",\"potentialAction\":[{\"@type\":\"SearchAction\",\"target\":{\"@type\":\"EntryPoint\",\"urlTemplate\":\"https:\/\/naturalbikes.cl\/?s={search_term_string}\"},\"query-input\":{\"@type\":\"PropertyValueSpecification\",\"valueRequired\":true,\"valueName\":\"search_term_string\"}}],\"inLanguage\":\"es\"},{\"@type\":\"Organization\",\"@id\":\"https:\/\/naturalbikes.cl\/#organization\",\"name\":\"Natural Bikes\",\"alternateName\":\"Natural Bikes\",\"url\":\"https:\/\/naturalbikes.cl\/\",\"logo\":{\"@type\":\"ImageObject\",\"inLanguage\":\"es\",\"@id\":\"https:\/\/naturalbikes.cl\/#\/schema\/logo\/image\/\",\"url\":\"https:\/\/naturalbikes.cl\/wp-content\/uploads\/2024\/05\/2023-10-10-10.44.12.jpg\",\"contentUrl\":\"https:\/\/naturalbikes.cl\/wp-content\/uploads\/2024\/05\/2023-10-10-10.44.12.jpg\",\"width\":650,\"height\":650,\"caption\":\"Natural Bikes\"},\"image\":{\"@id\":\"https:\/\/naturalbikes.cl\/#\/schema\/logo\/image\/\"},\"sameAs\":[\"https:\/\/www.facebook.com\/naturalbikescl\",\"https:\/\/www.instagram.com\/natural.bikes\",\"https:\/\/www.tiktok.com\/@natural.bikes\"],\"description\":\"Ofrecer a nuestros clientes apasionados por el ciclismo de monta\u00f1a la mejor experiencia en productos, conocimientos especializados y servicios excepcionales. Nos comprometemos a proporcionar una amplia gama de bicicletas, accesorios y equipo de alta calidad, junto con asesoramiento experto y atenci\u00f3n personalizada para cada ciclista, para que puedan explorar, disfrutar y maximizar su aventura en el mundo del MTB\",\"email\":\"naturalbikes1@gmail.com\",\"telephone\":\"56977043878\",\"legalName\":\"Natural Bikes Limitada\",\"foundingDate\":\"2024-01-01\",\"vatID\":\"76699553-5\",\"taxID\":\"76699553-5\",\"numberOfEmployees\":{\"@type\":\"QuantitativeValue\",\"minValue\":\"1\",\"maxValue\":\"10\"},\"publishingPrinciples\":\"https:\/\/naturalbikes.cl\/?page_id=7843\",\"ownershipFundingInfo\":\"https:\/\/naturalbikes.cl\/?page_id=7843\",\"actionableFeedbackPolicy\":\"https:\/\/naturalbikes.cl\/?page_id=14797\",\"correctionsPolicy\":\"https:\/\/naturalbikes.cl\/?page_id=3\",\"ethicsPolicy\":\"https:\/\/naturalbikes.cl\/?page_id=7843\",\"diversityPolicy\":\"https:\/\/naturalbikes.cl\/?page_id=11734\",\"diversityStaffingReport\":\"https:\/\/naturalbikes.cl\/?page_id=12161\"}]}<\/script>\n<!-- \/ Yoast SEO Premium plugin. -->","yoast_head_json":{"title":"Neum\u00e1tico Challenge Strada Pro H-TLR 700x27 Black 300TPI - NaturalBikes","description":"Optimiza tu rendimiento con el neum\u00e1tico Challenge Strada Pro H-TLR 700x27 Tan 300TPI. Con un dise\u00f1o avanzado que ofrece excelente agarre y comodidad, este neum\u00e1tico es perfecto para rutas exigentes. Conoce todas sus caracter\u00edsticas y beneficios en nuestra rese\u00f1a completa.","robots":{"index":"index","follow":"follow","max-snippet":"max-snippet:-1","max-image-preview":"max-image-preview:large","max-video-preview":"max-video-preview:-1"},"canonical":"https:\/\/naturalbikes.cl\/?product=neumatico-challenge-strada-pro-h-tlr-700x27-black-300tpi","og_locale":"es_ES","og_type":"article","og_title":"Neum\u00e1tico Challenge Strada Pro H-TLR 700x27 Black 300TPI","og_description":"Ofrecer a nuestros clientes apasionados por el ciclismo de monta\u00f1a la mejor experiencia en productos, conocimientos especializados y servicios excepcionales. Nos comprometemos a proporcionar una amplia gama de bicicletas, accesorios y equipo de alta calidad, junto con asesoramiento experto y atenci\u00f3n personalizada para cada ciclista, para que puedan explorar, disfrutar y maximizar su aventura en el mundo del MTB","og_url":"https:\/\/naturalbikes.cl\/?product=neumatico-challenge-strada-pro-h-tlr-700x27-black-300tpi","og_site_name":"NaturalBikes","article_publisher":"https:\/\/www.facebook.com\/naturalbikescl","article_modified_time":"2026-01-06T20:11:53+00:00","og_image":[{"width":1200,"height":1200,"url":"https:\/\/naturalbikes.cl\/wp-content\/uploads\/2024\/05\/00153_1.__96827_ad6e0986-c809-4c9d-98c0-1d23e3a7f52c.jpg.webp","type":"image\/webp"}],"twitter_card":"summary_large_image","twitter_misc":{"Tiempo de lectura":"1 minuto"},"schema":{"@context":"https:\/\/schema.org","@graph":[{"@type":"WebPage","@id":"https:\/\/naturalbikes.cl\/?product=neumatico-challenge-strada-pro-h-tlr-700x27-black-300tpi","url":"https:\/\/naturalbikes.cl\/?product=neumatico-challenge-strada-pro-h-tlr-700x27-black-300tpi","name":"Neum\u00e1tico Challenge Strada Pro H-TLR 700x27 Black 300TPI - NaturalBikes","isPartOf":{"@id":"https:\/\/naturalbikes.cl\/#website"},"primaryImageOfPage":{"@id":"https:\/\/naturalbikes.cl\/?product=neumatico-challenge-strada-pro-h-tlr-700x27-black-300tpi#primaryimage"},"image":{"@id":"https:\/\/naturalbikes.cl\/?product=neumatico-challenge-strada-pro-h-tlr-700x27-black-300tpi#primaryimage"},"thumbnailUrl":"https:\/\/naturalbikes.cl\/wp-content\/uploads\/2024\/05\/00153_1.__96827_ad6e0986-c809-4c9d-98c0-1d23e3a7f52c.jpg.webp","datePublished":"2024-05-21T22:06:48+00:00","dateModified":"2026-01-06T20:11:53+00:00","description":"Optimiza tu rendimiento con el neum\u00e1tico Challenge Strada Pro H-TLR 700x27 Tan 300TPI. Con un dise\u00f1o avanzado que ofrece excelente agarre y comodidad, este neum\u00e1tico es perfecto para rutas exigentes. Conoce todas sus caracter\u00edsticas y beneficios en nuestra rese\u00f1a completa.","breadcrumb":{"@id":"https:\/\/naturalbikes.cl\/?product=neumatico-challenge-strada-pro-h-tlr-700x27-black-300tpi#breadcrumb"},"inLanguage":"es","potentialAction":[{"@type":"ReadAction","target":["https:\/\/naturalbikes.cl\/?product=neumatico-challenge-strada-pro-h-tlr-700x27-black-300tpi"]}]},{"@type":"ImageObject","inLanguage":"es","@id":"https:\/\/naturalbikes.cl\/?product=neumatico-challenge-strada-pro-h-tlr-700x27-black-300tpi#primaryimage","url":"https:\/\/naturalbikes.cl\/wp-content\/uploads\/2024\/05\/00153_1.__96827_ad6e0986-c809-4c9d-98c0-1d23e3a7f52c.jpg.webp","contentUrl":"https:\/\/naturalbikes.cl\/wp-content\/uploads\/2024\/05\/00153_1.__96827_ad6e0986-c809-4c9d-98c0-1d23e3a7f52c.jpg.webp","width":1200,"height":1200},{"@type":"BreadcrumbList","@id":"https:\/\/naturalbikes.cl\/?product=neumatico-challenge-strada-pro-h-tlr-700x27-black-300tpi#breadcrumb","itemListElement":[{"@type":"ListItem","position":1,"name":"Portada","item":"https:\/\/naturalbikes.cl\/"},{"@type":"ListItem","position":2,"name":"Tienda NB","item":"https:\/\/naturalbikes.cl\/?page_id=7843"},{"@type":"ListItem","position":3,"name":"Challenge","item":"https:\/\/naturalbikes.cl\/?product_brand=challenge"},{"@type":"ListItem","position":4,"name":"Neum\u00e1tico Challenge Strada Pro H-TLR 700&#215;27 Black 300TPI"}]},{"@type":"WebSite","@id":"https:\/\/naturalbikes.cl\/#website","url":"https:\/\/naturalbikes.cl\/","name":"Natural Bikes","description":"Tienda de bicicletas repuestos accesorios taller mantenimiento clases salidas","publisher":{"@id":"https:\/\/naturalbikes.cl\/#organization"},"alternateName":"Natural Bikes","potentialAction":[{"@type":"SearchAction","target":{"@type":"EntryPoint","urlTemplate":"https:\/\/naturalbikes.cl\/?s={search_term_string}"},"query-input":{"@type":"PropertyValueSpecification","valueRequired":true,"valueName":"search_term_string"}}],"inLanguage":"es"},{"@type":"Organization","@id":"https:\/\/naturalbikes.cl\/#organization","name":"Natural Bikes","alternateName":"Natural Bikes","url":"https:\/\/naturalbikes.cl\/","logo":{"@type":"ImageObject","inLanguage":"es","@id":"https:\/\/naturalbikes.cl\/#\/schema\/logo\/image\/","url":"https:\/\/naturalbikes.cl\/wp-content\/uploads\/2024\/05\/2023-10-10-10.44.12.jpg","contentUrl":"https:\/\/naturalbikes.cl\/wp-content\/uploads\/2024\/05\/2023-10-10-10.44.12.jpg","width":650,"height":650,"caption":"Natural Bikes"},"image":{"@id":"https:\/\/naturalbikes.cl\/#\/schema\/logo\/image\/"},"sameAs":["https:\/\/www.facebook.com\/naturalbikescl","https:\/\/www.instagram.com\/natural.bikes","https:\/\/www.tiktok.com\/@natural.bikes"],"description":"Ofrecer a nuestros clientes apasionados por el ciclismo de monta\u00f1a la mejor experiencia en productos, conocimientos especializados y servicios excepcionales. Nos comprometemos a proporcionar una amplia gama de bicicletas, accesorios y equipo de alta calidad, junto con asesoramiento experto y atenci\u00f3n personalizada para cada ciclista, para que puedan explorar, disfrutar y maximizar su aventura en el mundo del MTB","email":"naturalbikes1@gmail.com","telephone":"56977043878","legalName":"Natural Bikes Limitada","foundingDate":"2024-01-01","vatID":"76699553-5","taxID":"76699553-5","numberOfEmployees":{"@type":"QuantitativeValue","minValue":"1","maxValue":"10"},"publishingPrinciples":"https:\/\/naturalbikes.cl\/?page_id=7843","ownershipFundingInfo":"https:\/\/naturalbikes.cl\/?page_id=7843","actionableFeedbackPolicy":"https:\/\/naturalbikes.cl\/?page_id=14797","correctionsPolicy":"https:\/\/naturalbikes.cl\/?page_id=3","ethicsPolicy":"https:\/\/naturalbikes.cl\/?page_id=7843","diversityPolicy":"https:\/\/naturalbikes.cl\/?page_id=11734","diversityStaffingReport":"https:\/\/naturalbikes.cl\/?page_id=12161"}]}},"_links":{"self":[{"href":"https:\/\/naturalbikes.cl\/index.php?rest_route=\/wp\/v2\/product\/19813"}],"collection":[{"href":"https:\/\/naturalbikes.cl\/index.php?rest_route=\/wp\/v2\/product"}],"about":[{"href":"https:\/\/naturalbikes.cl\/index.php?rest_route=\/wp\/v2\/types\/product"}],"replies":[{"embeddable":true,"href":"https:\/\/naturalbikes.cl\/index.php?rest_route=%2Fwp%2Fv2%2Fcomments&post=19813"}],"wp:featuredmedia":[{"embeddable":true,"href":"https:\/\/naturalbikes.cl\/index.php?rest_route=\/wp\/v2\/media\/19814"}],"wp:attachment":[{"href":"https:\/\/naturalbikes.cl\/index.php?rest_route=%2Fwp%2Fv2%2Fmedia&parent=19813"}],"wp:term":[{"taxonomy":"product_cat","embeddable":true,"href":"https:\/\/naturalbikes.cl\/index.php?rest_route=%2Fwp%2Fv2%2Fproduct_cat&post=19813"},{"taxonomy":"product_tag","embeddable":true,"href":"https:\/\/naturalbikes.cl\/index.php?rest_route=%2Fwp%2Fv2%2Fproduct_tag&post=19813"}],"curies":[{"name":"wp","href":"https:\/\/api.w.org\/{rel}","templated":true}]}}