{"id":19722,"date":"2024-05-21T12:33:15","date_gmt":"2024-05-21T16:33:15","guid":{"rendered":"https:\/\/naturalbikes.cl\/?post_type=product&#038;p=19722"},"modified":"2026-01-06T17:11:50","modified_gmt":"2026-01-06T20:11:50","slug":"cadena-kmc-x12-12-velocidades-dorado-plata-tornasol-126l","status":"publish","type":"product","link":"https:\/\/naturalbikes.cl\/?product=cadena-kmc-x12-12-velocidades-dorado-plata-tornasol-126l","title":{"rendered":"Cadena KMC X12 Velocidades 126L"},"content":{"rendered":"<p><a href=\"https:\/\/naturalbikes.cl\/wp-content\/uploads\/2024\/05\/images.jpeg\"><img fetchpriority=\"high\" decoding=\"async\" class=\"size-full wp-image-19642 aligncenter\" src=\"https:\/\/naturalbikes.cl\/wp-content\/uploads\/2024\/05\/images.jpeg\" alt=\"\" width=\"259\" height=\"194\" \/><\/a><\/p>\n<p><strong>\u00a0 \u00a0 \u00a0 \u00a0 \u00a0 \u00a0 \u00a0 \u00a0 \u00a0 \u00a0 \u00a0 \u00a0 \u00a0 \u00a0 \u00a0 \u00a0 \u00a0 \u00a0 \u00a0 \u00a0 \u00a0 \u00a0 \u00a0 \u00a0 \u00a0 \u00a0 \u00a0 \u00a0 \u00a0 \u00a0 \u00a0 \u00a0 \u00a0 \u00a0 \u00a0 \u00a0 \u00a0 \u00a0 \u00a0 \u00a0 \u00a0 \u00a0 \u00a0 \u00a0 \u00a0 \u00a0 \u00a0 \u00a0 \u00a0 \u00a0 \u00a0 \u00a0 \u00a0 \u00a0 \u00a0 \u00a0 \u00a0 \u00a0Descripci\u00f3n<\/strong><br \/>\n\u2022 Cadena resistente<br \/>\n\u2022 12 velocidades<br \/>\n\u2022 126 eslabones de largo<br \/>\n\u2022 Compatible con Shimano, Sram y Campagnolo<br \/>\n\u2022 Compatible para Bicicletas de MTB, RUTA, ENDURO, DH, GRAVEL, CYCLOCROSS<br \/>\n\u2022 Bidireccional (Puedes usar la cadena para los dos sentidos)<br \/>\n\u2022 Incluye Juego de Missing Link (Cierre R\u00e1pido sin usar herramientas)<br \/>\n\u2022 Resistente a la Torsi\u00f3n<br \/>\n\u2022 Durabilidad de 2 veces m\u00e1s que otras marcas<\/p>\n","protected":false},"excerpt":{"rendered":"<p><a href=\"https:\/\/naturalbikes.cl\/wp-content\/uploads\/2024\/05\/images.jpeg\"><img decoding=\"async\" class=\" wp-image-19642 alignleft\" src=\"https:\/\/naturalbikes.cl\/wp-content\/uploads\/2024\/05\/images.jpeg\" alt=\"\" width=\"135\" height=\"101\" \/><\/a><strong>La cadena KMC X12 es una opci\u00f3n confiable y duradera para sistemas de transmisi\u00f3n modernos. Con su dise\u00f1o espec\u00edfico para 12 velocidades, garantiza cambios suaves y precisos en diversas condiciones de conducci\u00f3n. Fabricada con materiales resistentes, ofrece una excelente durabilidad para resistir el desgaste prolongado. Apta para una variedad de disciplinas, desde ciclismo de carretera hasta mountain bike, la cadena KMC X12 proporciona un rendimiento fiable y consistente en cualquier situaci\u00f3n.<\/strong><\/p>\n","protected":false},"featured_media":19727,"comment_status":"open","ping_status":"closed","template":"","meta":[],"product_cat":[381,382],"product_tag":[1236,1231,1249],"class_list":{"0":"post-19722","1":"product","2":"type-product","3":"status-publish","4":"has-post-thumbnail","6":"product_brand-kmc","7":"product_cat-cadenas","8":"product_cat-kmc","9":"product_tag-cadena-12-velocidades","10":"product_tag-cadena-kmc","11":"product_tag-kmc","13":"first","14":"outofstock","15":"sale","16":"taxable","17":"shipping-taxable","18":"purchasable","19":"product-type-variable","20":"rtwpvg-product"},"yoast_head":"<!-- This site is optimized with the Yoast SEO Premium plugin v24.8 (Yoast SEO v25.6) - https:\/\/yoast.com\/wordpress\/plugins\/seo\/ -->\n<title>Cadena KMC X12 Velocidades 126L - NaturalBikes<\/title>\n<meta name=\"description\" content=\"La cadena KMC X12 es una opci\u00f3n confiable y duradera para sistemas de transmisi\u00f3n modernos. Con su dise\u00f1o espec\u00edfico para 12 velocidades, garantiza cambios suaves y precisos en diversas condiciones de conducci\u00f3n. Fabricada con materiales resistentes, ofrece una excelente durabilidad para resistir el desgaste prolongado. Apta para una variedad de disciplinas, desde ciclismo de carretera hasta mountain bike, la cadena KMC X12 proporciona un rendimiento fiable y consistente en cualquier situaci\u00f3n.\" \/>\n<meta name=\"robots\" content=\"index, follow, max-snippet:-1, max-image-preview:large, max-video-preview:-1\" \/>\n<link rel=\"canonical\" href=\"https:\/\/naturalbikes.cl\/?product=cadena-kmc-x12-12-velocidades-dorado-plata-tornasol-126l\" \/>\n<meta property=\"og:locale\" content=\"es_ES\" \/>\n<meta property=\"og:type\" content=\"article\" \/>\n<meta property=\"og:title\" content=\"Cadena KMC X12 Velocidades 126L\" \/>\n<meta property=\"og:description\" content=\"Ofrecer a nuestros clientes apasionados por el ciclismo de monta\u00f1a la mejor experiencia en productos, conocimientos especializados y servicios excepcionales. Nos comprometemos a proporcionar una amplia gama de bicicletas, accesorios y equipo de alta calidad, junto con asesoramiento experto y atenci\u00f3n personalizada para cada ciclista, para que puedan explorar, disfrutar y maximizar su aventura en el mundo del MTB\" \/>\n<meta property=\"og:url\" content=\"https:\/\/naturalbikes.cl\/?product=cadena-kmc-x12-12-velocidades-dorado-plata-tornasol-126l\" \/>\n<meta property=\"og:site_name\" content=\"NaturalBikes\" \/>\n<meta property=\"article:publisher\" content=\"https:\/\/www.facebook.com\/naturalbikescl\" \/>\n<meta property=\"article:modified_time\" content=\"2026-01-06T20:11:50+00:00\" \/>\n<meta property=\"og:image\" content=\"https:\/\/naturalbikes.cl\/wp-content\/uploads\/2024\/05\/X_cadena-kmc-x12-12x11128-12-vel-plata-16493.jpg\" \/>\n\t<meta property=\"og:image:width\" content=\"1000\" \/>\n\t<meta property=\"og:image:height\" content=\"1000\" \/>\n\t<meta property=\"og:image:type\" content=\"image\/jpeg\" \/>\n<meta name=\"twitter:card\" content=\"summary_large_image\" \/>\n<meta name=\"twitter:label1\" content=\"Tiempo de lectura\" \/>\n\t<meta name=\"twitter:data1\" content=\"1 minuto\" \/>\n<script type=\"application\/ld+json\" class=\"yoast-schema-graph\">{\"@context\":\"https:\/\/schema.org\",\"@graph\":[{\"@type\":\"WebPage\",\"@id\":\"https:\/\/naturalbikes.cl\/?product=cadena-kmc-x12-12-velocidades-dorado-plata-tornasol-126l\",\"url\":\"https:\/\/naturalbikes.cl\/?product=cadena-kmc-x12-12-velocidades-dorado-plata-tornasol-126l\",\"name\":\"Cadena KMC X12 Velocidades 126L - NaturalBikes\",\"isPartOf\":{\"@id\":\"https:\/\/naturalbikes.cl\/#website\"},\"primaryImageOfPage\":{\"@id\":\"https:\/\/naturalbikes.cl\/?product=cadena-kmc-x12-12-velocidades-dorado-plata-tornasol-126l#primaryimage\"},\"image\":{\"@id\":\"https:\/\/naturalbikes.cl\/?product=cadena-kmc-x12-12-velocidades-dorado-plata-tornasol-126l#primaryimage\"},\"thumbnailUrl\":\"https:\/\/naturalbikes.cl\/wp-content\/uploads\/2024\/05\/X_cadena-kmc-x12-12x11128-12-vel-plata-16493.jpg\",\"datePublished\":\"2024-05-21T16:33:15+00:00\",\"dateModified\":\"2026-01-06T20:11:50+00:00\",\"description\":\"La cadena KMC X12 es una opci\u00f3n confiable y duradera para sistemas de transmisi\u00f3n modernos. Con su dise\u00f1o espec\u00edfico para 12 velocidades, garantiza cambios suaves y precisos en diversas condiciones de conducci\u00f3n. Fabricada con materiales resistentes, ofrece una excelente durabilidad para resistir el desgaste prolongado. Apta para una variedad de disciplinas, desde ciclismo de carretera hasta mountain bike, la cadena KMC X12 proporciona un rendimiento fiable y consistente en cualquier situaci\u00f3n.\",\"breadcrumb\":{\"@id\":\"https:\/\/naturalbikes.cl\/?product=cadena-kmc-x12-12-velocidades-dorado-plata-tornasol-126l#breadcrumb\"},\"inLanguage\":\"es\",\"potentialAction\":[{\"@type\":\"ReadAction\",\"target\":[\"https:\/\/naturalbikes.cl\/?product=cadena-kmc-x12-12-velocidades-dorado-plata-tornasol-126l\"]}]},{\"@type\":\"ImageObject\",\"inLanguage\":\"es\",\"@id\":\"https:\/\/naturalbikes.cl\/?product=cadena-kmc-x12-12-velocidades-dorado-plata-tornasol-126l#primaryimage\",\"url\":\"https:\/\/naturalbikes.cl\/wp-content\/uploads\/2024\/05\/X_cadena-kmc-x12-12x11128-12-vel-plata-16493.jpg\",\"contentUrl\":\"https:\/\/naturalbikes.cl\/wp-content\/uploads\/2024\/05\/X_cadena-kmc-x12-12x11128-12-vel-plata-16493.jpg\",\"width\":1000,\"height\":1000},{\"@type\":\"BreadcrumbList\",\"@id\":\"https:\/\/naturalbikes.cl\/?product=cadena-kmc-x12-12-velocidades-dorado-plata-tornasol-126l#breadcrumb\",\"itemListElement\":[{\"@type\":\"ListItem\",\"position\":1,\"name\":\"Portada\",\"item\":\"https:\/\/naturalbikes.cl\/\"},{\"@type\":\"ListItem\",\"position\":2,\"name\":\"Tienda NB\",\"item\":\"https:\/\/naturalbikes.cl\/?page_id=7843\"},{\"@type\":\"ListItem\",\"position\":3,\"name\":\"Kmc\",\"item\":\"https:\/\/naturalbikes.cl\/?product_brand=kmc\"},{\"@type\":\"ListItem\",\"position\":4,\"name\":\"Cadena KMC X12 Velocidades 126L\"}]},{\"@type\":\"WebSite\",\"@id\":\"https:\/\/naturalbikes.cl\/#website\",\"url\":\"https:\/\/naturalbikes.cl\/\",\"name\":\"Natural Bikes\",\"description\":\"Tienda de bicicletas repuestos accesorios taller mantenimiento clases salidas\",\"publisher\":{\"@id\":\"https:\/\/naturalbikes.cl\/#organization\"},\"alternateName\":\"Natural Bikes\",\"potentialAction\":[{\"@type\":\"SearchAction\",\"target\":{\"@type\":\"EntryPoint\",\"urlTemplate\":\"https:\/\/naturalbikes.cl\/?s={search_term_string}\"},\"query-input\":{\"@type\":\"PropertyValueSpecification\",\"valueRequired\":true,\"valueName\":\"search_term_string\"}}],\"inLanguage\":\"es\"},{\"@type\":\"Organization\",\"@id\":\"https:\/\/naturalbikes.cl\/#organization\",\"name\":\"Natural Bikes\",\"alternateName\":\"Natural Bikes\",\"url\":\"https:\/\/naturalbikes.cl\/\",\"logo\":{\"@type\":\"ImageObject\",\"inLanguage\":\"es\",\"@id\":\"https:\/\/naturalbikes.cl\/#\/schema\/logo\/image\/\",\"url\":\"https:\/\/naturalbikes.cl\/wp-content\/uploads\/2024\/05\/2023-10-10-10.44.12.jpg\",\"contentUrl\":\"https:\/\/naturalbikes.cl\/wp-content\/uploads\/2024\/05\/2023-10-10-10.44.12.jpg\",\"width\":650,\"height\":650,\"caption\":\"Natural Bikes\"},\"image\":{\"@id\":\"https:\/\/naturalbikes.cl\/#\/schema\/logo\/image\/\"},\"sameAs\":[\"https:\/\/www.facebook.com\/naturalbikescl\",\"https:\/\/www.instagram.com\/natural.bikes\",\"https:\/\/www.tiktok.com\/@natural.bikes\"],\"description\":\"Ofrecer a nuestros clientes apasionados por el ciclismo de monta\u00f1a la mejor experiencia en productos, conocimientos especializados y servicios excepcionales. Nos comprometemos a proporcionar una amplia gama de bicicletas, accesorios y equipo de alta calidad, junto con asesoramiento experto y atenci\u00f3n personalizada para cada ciclista, para que puedan explorar, disfrutar y maximizar su aventura en el mundo del MTB\",\"email\":\"naturalbikes1@gmail.com\",\"telephone\":\"56977043878\",\"legalName\":\"Natural Bikes Limitada\",\"foundingDate\":\"2024-01-01\",\"vatID\":\"76699553-5\",\"taxID\":\"76699553-5\",\"numberOfEmployees\":{\"@type\":\"QuantitativeValue\",\"minValue\":\"1\",\"maxValue\":\"10\"},\"publishingPrinciples\":\"https:\/\/naturalbikes.cl\/?page_id=7843\",\"ownershipFundingInfo\":\"https:\/\/naturalbikes.cl\/?page_id=7843\",\"actionableFeedbackPolicy\":\"https:\/\/naturalbikes.cl\/?page_id=14797\",\"correctionsPolicy\":\"https:\/\/naturalbikes.cl\/?page_id=3\",\"ethicsPolicy\":\"https:\/\/naturalbikes.cl\/?page_id=7843\",\"diversityPolicy\":\"https:\/\/naturalbikes.cl\/?page_id=11734\",\"diversityStaffingReport\":\"https:\/\/naturalbikes.cl\/?page_id=12161\"}]}<\/script>\n<!-- \/ Yoast SEO Premium plugin. -->","yoast_head_json":{"title":"Cadena KMC X12 Velocidades 126L - NaturalBikes","description":"La cadena KMC X12 es una opci\u00f3n confiable y duradera para sistemas de transmisi\u00f3n modernos. Con su dise\u00f1o espec\u00edfico para 12 velocidades, garantiza cambios suaves y precisos en diversas condiciones de conducci\u00f3n. Fabricada con materiales resistentes, ofrece una excelente durabilidad para resistir el desgaste prolongado. Apta para una variedad de disciplinas, desde ciclismo de carretera hasta mountain bike, la cadena KMC X12 proporciona un rendimiento fiable y consistente en cualquier situaci\u00f3n.","robots":{"index":"index","follow":"follow","max-snippet":"max-snippet:-1","max-image-preview":"max-image-preview:large","max-video-preview":"max-video-preview:-1"},"canonical":"https:\/\/naturalbikes.cl\/?product=cadena-kmc-x12-12-velocidades-dorado-plata-tornasol-126l","og_locale":"es_ES","og_type":"article","og_title":"Cadena KMC X12 Velocidades 126L","og_description":"Ofrecer a nuestros clientes apasionados por el ciclismo de monta\u00f1a la mejor experiencia en productos, conocimientos especializados y servicios excepcionales. Nos comprometemos a proporcionar una amplia gama de bicicletas, accesorios y equipo de alta calidad, junto con asesoramiento experto y atenci\u00f3n personalizada para cada ciclista, para que puedan explorar, disfrutar y maximizar su aventura en el mundo del MTB","og_url":"https:\/\/naturalbikes.cl\/?product=cadena-kmc-x12-12-velocidades-dorado-plata-tornasol-126l","og_site_name":"NaturalBikes","article_publisher":"https:\/\/www.facebook.com\/naturalbikescl","article_modified_time":"2026-01-06T20:11:50+00:00","og_image":[{"width":1000,"height":1000,"url":"https:\/\/naturalbikes.cl\/wp-content\/uploads\/2024\/05\/X_cadena-kmc-x12-12x11128-12-vel-plata-16493.jpg","type":"image\/jpeg"}],"twitter_card":"summary_large_image","twitter_misc":{"Tiempo de lectura":"1 minuto"},"schema":{"@context":"https:\/\/schema.org","@graph":[{"@type":"WebPage","@id":"https:\/\/naturalbikes.cl\/?product=cadena-kmc-x12-12-velocidades-dorado-plata-tornasol-126l","url":"https:\/\/naturalbikes.cl\/?product=cadena-kmc-x12-12-velocidades-dorado-plata-tornasol-126l","name":"Cadena KMC X12 Velocidades 126L - NaturalBikes","isPartOf":{"@id":"https:\/\/naturalbikes.cl\/#website"},"primaryImageOfPage":{"@id":"https:\/\/naturalbikes.cl\/?product=cadena-kmc-x12-12-velocidades-dorado-plata-tornasol-126l#primaryimage"},"image":{"@id":"https:\/\/naturalbikes.cl\/?product=cadena-kmc-x12-12-velocidades-dorado-plata-tornasol-126l#primaryimage"},"thumbnailUrl":"https:\/\/naturalbikes.cl\/wp-content\/uploads\/2024\/05\/X_cadena-kmc-x12-12x11128-12-vel-plata-16493.jpg","datePublished":"2024-05-21T16:33:15+00:00","dateModified":"2026-01-06T20:11:50+00:00","description":"La cadena KMC X12 es una opci\u00f3n confiable y duradera para sistemas de transmisi\u00f3n modernos. Con su dise\u00f1o espec\u00edfico para 12 velocidades, garantiza cambios suaves y precisos en diversas condiciones de conducci\u00f3n. Fabricada con materiales resistentes, ofrece una excelente durabilidad para resistir el desgaste prolongado. Apta para una variedad de disciplinas, desde ciclismo de carretera hasta mountain bike, la cadena KMC X12 proporciona un rendimiento fiable y consistente en cualquier situaci\u00f3n.","breadcrumb":{"@id":"https:\/\/naturalbikes.cl\/?product=cadena-kmc-x12-12-velocidades-dorado-plata-tornasol-126l#breadcrumb"},"inLanguage":"es","potentialAction":[{"@type":"ReadAction","target":["https:\/\/naturalbikes.cl\/?product=cadena-kmc-x12-12-velocidades-dorado-plata-tornasol-126l"]}]},{"@type":"ImageObject","inLanguage":"es","@id":"https:\/\/naturalbikes.cl\/?product=cadena-kmc-x12-12-velocidades-dorado-plata-tornasol-126l#primaryimage","url":"https:\/\/naturalbikes.cl\/wp-content\/uploads\/2024\/05\/X_cadena-kmc-x12-12x11128-12-vel-plata-16493.jpg","contentUrl":"https:\/\/naturalbikes.cl\/wp-content\/uploads\/2024\/05\/X_cadena-kmc-x12-12x11128-12-vel-plata-16493.jpg","width":1000,"height":1000},{"@type":"BreadcrumbList","@id":"https:\/\/naturalbikes.cl\/?product=cadena-kmc-x12-12-velocidades-dorado-plata-tornasol-126l#breadcrumb","itemListElement":[{"@type":"ListItem","position":1,"name":"Portada","item":"https:\/\/naturalbikes.cl\/"},{"@type":"ListItem","position":2,"name":"Tienda NB","item":"https:\/\/naturalbikes.cl\/?page_id=7843"},{"@type":"ListItem","position":3,"name":"Kmc","item":"https:\/\/naturalbikes.cl\/?product_brand=kmc"},{"@type":"ListItem","position":4,"name":"Cadena KMC X12 Velocidades 126L"}]},{"@type":"WebSite","@id":"https:\/\/naturalbikes.cl\/#website","url":"https:\/\/naturalbikes.cl\/","name":"Natural Bikes","description":"Tienda de bicicletas repuestos accesorios taller mantenimiento clases salidas","publisher":{"@id":"https:\/\/naturalbikes.cl\/#organization"},"alternateName":"Natural Bikes","potentialAction":[{"@type":"SearchAction","target":{"@type":"EntryPoint","urlTemplate":"https:\/\/naturalbikes.cl\/?s={search_term_string}"},"query-input":{"@type":"PropertyValueSpecification","valueRequired":true,"valueName":"search_term_string"}}],"inLanguage":"es"},{"@type":"Organization","@id":"https:\/\/naturalbikes.cl\/#organization","name":"Natural Bikes","alternateName":"Natural Bikes","url":"https:\/\/naturalbikes.cl\/","logo":{"@type":"ImageObject","inLanguage":"es","@id":"https:\/\/naturalbikes.cl\/#\/schema\/logo\/image\/","url":"https:\/\/naturalbikes.cl\/wp-content\/uploads\/2024\/05\/2023-10-10-10.44.12.jpg","contentUrl":"https:\/\/naturalbikes.cl\/wp-content\/uploads\/2024\/05\/2023-10-10-10.44.12.jpg","width":650,"height":650,"caption":"Natural Bikes"},"image":{"@id":"https:\/\/naturalbikes.cl\/#\/schema\/logo\/image\/"},"sameAs":["https:\/\/www.facebook.com\/naturalbikescl","https:\/\/www.instagram.com\/natural.bikes","https:\/\/www.tiktok.com\/@natural.bikes"],"description":"Ofrecer a nuestros clientes apasionados por el ciclismo de monta\u00f1a la mejor experiencia en productos, conocimientos especializados y servicios excepcionales. Nos comprometemos a proporcionar una amplia gama de bicicletas, accesorios y equipo de alta calidad, junto con asesoramiento experto y atenci\u00f3n personalizada para cada ciclista, para que puedan explorar, disfrutar y maximizar su aventura en el mundo del MTB","email":"naturalbikes1@gmail.com","telephone":"56977043878","legalName":"Natural Bikes Limitada","foundingDate":"2024-01-01","vatID":"76699553-5","taxID":"76699553-5","numberOfEmployees":{"@type":"QuantitativeValue","minValue":"1","maxValue":"10"},"publishingPrinciples":"https:\/\/naturalbikes.cl\/?page_id=7843","ownershipFundingInfo":"https:\/\/naturalbikes.cl\/?page_id=7843","actionableFeedbackPolicy":"https:\/\/naturalbikes.cl\/?page_id=14797","correctionsPolicy":"https:\/\/naturalbikes.cl\/?page_id=3","ethicsPolicy":"https:\/\/naturalbikes.cl\/?page_id=7843","diversityPolicy":"https:\/\/naturalbikes.cl\/?page_id=11734","diversityStaffingReport":"https:\/\/naturalbikes.cl\/?page_id=12161"}]}},"_links":{"self":[{"href":"https:\/\/naturalbikes.cl\/index.php?rest_route=\/wp\/v2\/product\/19722"}],"collection":[{"href":"https:\/\/naturalbikes.cl\/index.php?rest_route=\/wp\/v2\/product"}],"about":[{"href":"https:\/\/naturalbikes.cl\/index.php?rest_route=\/wp\/v2\/types\/product"}],"replies":[{"embeddable":true,"href":"https:\/\/naturalbikes.cl\/index.php?rest_route=%2Fwp%2Fv2%2Fcomments&post=19722"}],"wp:featuredmedia":[{"embeddable":true,"href":"https:\/\/naturalbikes.cl\/index.php?rest_route=\/wp\/v2\/media\/19727"}],"wp:attachment":[{"href":"https:\/\/naturalbikes.cl\/index.php?rest_route=%2Fwp%2Fv2%2Fmedia&parent=19722"}],"wp:term":[{"taxonomy":"product_cat","embeddable":true,"href":"https:\/\/naturalbikes.cl\/index.php?rest_route=%2Fwp%2Fv2%2Fproduct_cat&post=19722"},{"taxonomy":"product_tag","embeddable":true,"href":"https:\/\/naturalbikes.cl\/index.php?rest_route=%2Fwp%2Fv2%2Fproduct_tag&post=19722"}],"curies":[{"name":"wp","href":"https:\/\/api.w.org\/{rel}","templated":true}]}}