{"id":19656,"date":"2024-05-21T10:05:00","date_gmt":"2024-05-21T14:05:00","guid":{"rendered":"https:\/\/naturalbikes.cl\/?post_type=product&#038;p=19656"},"modified":"2026-01-06T17:11:49","modified_gmt":"2026-01-06T20:11:49","slug":"cadena-kmc-x10sl-10vel-super-licht-mtb-ruta-114l","status":"publish","type":"product","link":"https:\/\/naturalbikes.cl\/?product=cadena-kmc-x10sl-10vel-super-licht-mtb-ruta-114l","title":{"rendered":"Cadena KMC X10SL 10VEL Super Light MTB-RUTA  114L"},"content":{"rendered":"<p><a href=\"https:\/\/naturalbikes.cl\/wp-content\/uploads\/2024\/05\/images.jpeg\"><img fetchpriority=\"high\" decoding=\"async\" class=\"size-full wp-image-19642 aligncenter\" src=\"https:\/\/naturalbikes.cl\/wp-content\/uploads\/2024\/05\/images.jpeg\" alt=\"\" width=\"259\" height=\"194\" \/><\/a><\/p>\n<h3 style=\"text-align: center;\">Caracter\u00edsticas<\/h3>\n<ul>\n<li><strong>Uso:<\/strong>\u00a0MTB, Bicicleta de carretera, Trekking<\/li>\n<li><strong>Modelo:<\/strong>\u00a0X10<\/li>\n<li><strong>Dimensiones:<\/strong>\u00a01\/2&#8243; X 11\/128&#8243;<\/li>\n<li><strong>Pasos de cambio:<\/strong>\u00a010 velocidades<\/li>\n<li><strong>Recubrimiento:<\/strong>\u00a0Niquelado<\/li>\n<li><strong>Dise\u00f1o direccional:<\/strong>\u00a0No<\/li>\n<li><strong>Conector:\u00a0<\/strong>Eslab\u00f3n perdido<\/li>\n<li><strong>Longitud del perno<\/strong>: 5,88 mm<\/li>\n<li><strong>Eslabones:<\/strong>\u00a0114<\/li>\n<li>Eslab\u00f3n perdido del conector<\/li>\n<li>Doble durabilidad X<\/li>\n<li>Para sistemas de cambio de 10 velocidades Shimano, Campagnolo y SRAM<\/li>\n<\/ul>\n","protected":false},"excerpt":{"rendered":"<p><a href=\"https:\/\/naturalbikes.cl\/wp-content\/uploads\/2024\/05\/images.jpeg\"><img decoding=\"async\" class=\" wp-image-19642 alignleft\" src=\"https:\/\/naturalbikes.cl\/wp-content\/uploads\/2024\/05\/images.jpeg\" alt=\"\" width=\"117\" height=\"88\" \/><\/a><strong>Una opci\u00f3n premium para ciclistas que buscan un rendimiento excepcional en MTB y carretera. Con su dise\u00f1o de 10 velocidades y 114 eslabones, ofrece cambios suaves y precisos en una amplia variedad de condiciones de conducci\u00f3n.El acabado NP-Silver le proporciona un aspecto elegante y moderno a tu bicicleta.<\/strong><\/p>\n","protected":false},"featured_media":19658,"comment_status":"open","ping_status":"closed","template":"","meta":[],"product_cat":[381,382],"product_tag":[1226,1231,1229,1230,1249],"class_list":{"0":"post-19656","1":"product","2":"type-product","3":"status-publish","4":"has-post-thumbnail","6":"product_brand-kmc","7":"product_cat-cadenas","8":"product_cat-kmc","9":"product_tag-cadena-10v","10":"product_tag-cadena-kmc","11":"product_tag-cadena-liviana","12":"product_tag-cadena-plata","13":"product_tag-kmc","15":"first","16":"instock","17":"sale","18":"taxable","19":"shipping-taxable","20":"purchasable","21":"product-type-simple"},"yoast_head":"<!-- This site is optimized with the Yoast SEO Premium plugin v24.8 (Yoast SEO v25.6) - https:\/\/yoast.com\/wordpress\/plugins\/seo\/ -->\n<title>Cadena KMC X10SL 10VEL Super Light MTB-RUTA 114L - NaturalBikes<\/title>\n<meta name=\"description\" content=\"Una opci\u00f3n premium para ciclistas que buscan un rendimiento excepcional en MTB y carretera. Con su dise\u00f1o de 10 velocidades y 114 eslabones, ofrece cambios suaves y precisos en una amplia variedad de condiciones de conducci\u00f3n.El acabado NP-Silver le proporciona un aspecto elegante y moderno a tu bicicleta.\" \/>\n<meta name=\"robots\" content=\"index, follow, max-snippet:-1, max-image-preview:large, max-video-preview:-1\" \/>\n<link rel=\"canonical\" href=\"https:\/\/naturalbikes.cl\/?product=cadena-kmc-x10sl-10vel-super-licht-mtb-ruta-114l\" \/>\n<meta property=\"og:locale\" content=\"es_ES\" \/>\n<meta property=\"og:type\" content=\"article\" \/>\n<meta property=\"og:title\" content=\"Cadena KMC X10SL 10VEL Super Light MTB-RUTA 114L\" \/>\n<meta property=\"og:description\" content=\"Ofrecer a nuestros clientes apasionados por el ciclismo de monta\u00f1a la mejor experiencia en productos, conocimientos especializados y servicios excepcionales. Nos comprometemos a proporcionar una amplia gama de bicicletas, accesorios y equipo de alta calidad, junto con asesoramiento experto y atenci\u00f3n personalizada para cada ciclista, para que puedan explorar, disfrutar y maximizar su aventura en el mundo del MTB\" \/>\n<meta property=\"og:url\" content=\"https:\/\/naturalbikes.cl\/?product=cadena-kmc-x10sl-10vel-super-licht-mtb-ruta-114l\" \/>\n<meta property=\"og:site_name\" content=\"NaturalBikes\" \/>\n<meta property=\"article:publisher\" content=\"https:\/\/www.facebook.com\/naturalbikescl\" \/>\n<meta property=\"article:modified_time\" content=\"2026-01-06T20:11:49+00:00\" \/>\n<meta property=\"og:image\" content=\"https:\/\/naturalbikes.cl\/wp-content\/uploads\/2024\/05\/s-l1600.webp\" \/>\n\t<meta property=\"og:image:width\" content=\"969\" \/>\n\t<meta property=\"og:image:height\" content=\"977\" \/>\n\t<meta property=\"og:image:type\" content=\"image\/webp\" \/>\n<meta name=\"twitter:card\" content=\"summary_large_image\" \/>\n<meta name=\"twitter:label1\" content=\"Tiempo de lectura\" \/>\n\t<meta name=\"twitter:data1\" content=\"1 minuto\" \/>\n<script type=\"application\/ld+json\" class=\"yoast-schema-graph\">{\"@context\":\"https:\/\/schema.org\",\"@graph\":[{\"@type\":\"WebPage\",\"@id\":\"https:\/\/naturalbikes.cl\/?product=cadena-kmc-x10sl-10vel-super-licht-mtb-ruta-114l\",\"url\":\"https:\/\/naturalbikes.cl\/?product=cadena-kmc-x10sl-10vel-super-licht-mtb-ruta-114l\",\"name\":\"Cadena KMC X10SL 10VEL Super Light MTB-RUTA 114L - NaturalBikes\",\"isPartOf\":{\"@id\":\"https:\/\/naturalbikes.cl\/#website\"},\"primaryImageOfPage\":{\"@id\":\"https:\/\/naturalbikes.cl\/?product=cadena-kmc-x10sl-10vel-super-licht-mtb-ruta-114l#primaryimage\"},\"image\":{\"@id\":\"https:\/\/naturalbikes.cl\/?product=cadena-kmc-x10sl-10vel-super-licht-mtb-ruta-114l#primaryimage\"},\"thumbnailUrl\":\"https:\/\/naturalbikes.cl\/wp-content\/uploads\/2024\/05\/s-l1600.webp\",\"datePublished\":\"2024-05-21T14:05:00+00:00\",\"dateModified\":\"2026-01-06T20:11:49+00:00\",\"description\":\"Una opci\u00f3n premium para ciclistas que buscan un rendimiento excepcional en MTB y carretera. Con su dise\u00f1o de 10 velocidades y 114 eslabones, ofrece cambios suaves y precisos en una amplia variedad de condiciones de conducci\u00f3n.El acabado NP-Silver le proporciona un aspecto elegante y moderno a tu bicicleta.\",\"breadcrumb\":{\"@id\":\"https:\/\/naturalbikes.cl\/?product=cadena-kmc-x10sl-10vel-super-licht-mtb-ruta-114l#breadcrumb\"},\"inLanguage\":\"es\",\"potentialAction\":[{\"@type\":\"ReadAction\",\"target\":[\"https:\/\/naturalbikes.cl\/?product=cadena-kmc-x10sl-10vel-super-licht-mtb-ruta-114l\"]}]},{\"@type\":\"ImageObject\",\"inLanguage\":\"es\",\"@id\":\"https:\/\/naturalbikes.cl\/?product=cadena-kmc-x10sl-10vel-super-licht-mtb-ruta-114l#primaryimage\",\"url\":\"https:\/\/naturalbikes.cl\/wp-content\/uploads\/2024\/05\/s-l1600.webp\",\"contentUrl\":\"https:\/\/naturalbikes.cl\/wp-content\/uploads\/2024\/05\/s-l1600.webp\",\"width\":969,\"height\":977},{\"@type\":\"BreadcrumbList\",\"@id\":\"https:\/\/naturalbikes.cl\/?product=cadena-kmc-x10sl-10vel-super-licht-mtb-ruta-114l#breadcrumb\",\"itemListElement\":[{\"@type\":\"ListItem\",\"position\":1,\"name\":\"Portada\",\"item\":\"https:\/\/naturalbikes.cl\/\"},{\"@type\":\"ListItem\",\"position\":2,\"name\":\"Tienda NB\",\"item\":\"https:\/\/naturalbikes.cl\/?page_id=7843\"},{\"@type\":\"ListItem\",\"position\":3,\"name\":\"Kmc\",\"item\":\"https:\/\/naturalbikes.cl\/?product_brand=kmc\"},{\"@type\":\"ListItem\",\"position\":4,\"name\":\"Cadena KMC X10SL 10VEL Super Light MTB-RUTA 114L\"}]},{\"@type\":\"WebSite\",\"@id\":\"https:\/\/naturalbikes.cl\/#website\",\"url\":\"https:\/\/naturalbikes.cl\/\",\"name\":\"Natural Bikes\",\"description\":\"Tienda de bicicletas repuestos accesorios taller mantenimiento clases salidas\",\"publisher\":{\"@id\":\"https:\/\/naturalbikes.cl\/#organization\"},\"alternateName\":\"Natural Bikes\",\"potentialAction\":[{\"@type\":\"SearchAction\",\"target\":{\"@type\":\"EntryPoint\",\"urlTemplate\":\"https:\/\/naturalbikes.cl\/?s={search_term_string}\"},\"query-input\":{\"@type\":\"PropertyValueSpecification\",\"valueRequired\":true,\"valueName\":\"search_term_string\"}}],\"inLanguage\":\"es\"},{\"@type\":\"Organization\",\"@id\":\"https:\/\/naturalbikes.cl\/#organization\",\"name\":\"Natural Bikes\",\"alternateName\":\"Natural Bikes\",\"url\":\"https:\/\/naturalbikes.cl\/\",\"logo\":{\"@type\":\"ImageObject\",\"inLanguage\":\"es\",\"@id\":\"https:\/\/naturalbikes.cl\/#\/schema\/logo\/image\/\",\"url\":\"https:\/\/naturalbikes.cl\/wp-content\/uploads\/2024\/05\/2023-10-10-10.44.12.jpg\",\"contentUrl\":\"https:\/\/naturalbikes.cl\/wp-content\/uploads\/2024\/05\/2023-10-10-10.44.12.jpg\",\"width\":650,\"height\":650,\"caption\":\"Natural Bikes\"},\"image\":{\"@id\":\"https:\/\/naturalbikes.cl\/#\/schema\/logo\/image\/\"},\"sameAs\":[\"https:\/\/www.facebook.com\/naturalbikescl\",\"https:\/\/www.instagram.com\/natural.bikes\",\"https:\/\/www.tiktok.com\/@natural.bikes\"],\"description\":\"Ofrecer a nuestros clientes apasionados por el ciclismo de monta\u00f1a la mejor experiencia en productos, conocimientos especializados y servicios excepcionales. Nos comprometemos a proporcionar una amplia gama de bicicletas, accesorios y equipo de alta calidad, junto con asesoramiento experto y atenci\u00f3n personalizada para cada ciclista, para que puedan explorar, disfrutar y maximizar su aventura en el mundo del MTB\",\"email\":\"naturalbikes1@gmail.com\",\"telephone\":\"56977043878\",\"legalName\":\"Natural Bikes Limitada\",\"foundingDate\":\"2024-01-01\",\"vatID\":\"76699553-5\",\"taxID\":\"76699553-5\",\"numberOfEmployees\":{\"@type\":\"QuantitativeValue\",\"minValue\":\"1\",\"maxValue\":\"10\"},\"publishingPrinciples\":\"https:\/\/naturalbikes.cl\/?page_id=7843\",\"ownershipFundingInfo\":\"https:\/\/naturalbikes.cl\/?page_id=7843\",\"actionableFeedbackPolicy\":\"https:\/\/naturalbikes.cl\/?page_id=14797\",\"correctionsPolicy\":\"https:\/\/naturalbikes.cl\/?page_id=3\",\"ethicsPolicy\":\"https:\/\/naturalbikes.cl\/?page_id=7843\",\"diversityPolicy\":\"https:\/\/naturalbikes.cl\/?page_id=11734\",\"diversityStaffingReport\":\"https:\/\/naturalbikes.cl\/?page_id=12161\"}]}<\/script>\n<!-- \/ Yoast SEO Premium plugin. -->","yoast_head_json":{"title":"Cadena KMC X10SL 10VEL Super Light MTB-RUTA 114L - NaturalBikes","description":"Una opci\u00f3n premium para ciclistas que buscan un rendimiento excepcional en MTB y carretera. Con su dise\u00f1o de 10 velocidades y 114 eslabones, ofrece cambios suaves y precisos en una amplia variedad de condiciones de conducci\u00f3n.El acabado NP-Silver le proporciona un aspecto elegante y moderno a tu bicicleta.","robots":{"index":"index","follow":"follow","max-snippet":"max-snippet:-1","max-image-preview":"max-image-preview:large","max-video-preview":"max-video-preview:-1"},"canonical":"https:\/\/naturalbikes.cl\/?product=cadena-kmc-x10sl-10vel-super-licht-mtb-ruta-114l","og_locale":"es_ES","og_type":"article","og_title":"Cadena KMC X10SL 10VEL Super Light MTB-RUTA 114L","og_description":"Ofrecer a nuestros clientes apasionados por el ciclismo de monta\u00f1a la mejor experiencia en productos, conocimientos especializados y servicios excepcionales. Nos comprometemos a proporcionar una amplia gama de bicicletas, accesorios y equipo de alta calidad, junto con asesoramiento experto y atenci\u00f3n personalizada para cada ciclista, para que puedan explorar, disfrutar y maximizar su aventura en el mundo del MTB","og_url":"https:\/\/naturalbikes.cl\/?product=cadena-kmc-x10sl-10vel-super-licht-mtb-ruta-114l","og_site_name":"NaturalBikes","article_publisher":"https:\/\/www.facebook.com\/naturalbikescl","article_modified_time":"2026-01-06T20:11:49+00:00","og_image":[{"width":969,"height":977,"url":"https:\/\/naturalbikes.cl\/wp-content\/uploads\/2024\/05\/s-l1600.webp","type":"image\/webp"}],"twitter_card":"summary_large_image","twitter_misc":{"Tiempo de lectura":"1 minuto"},"schema":{"@context":"https:\/\/schema.org","@graph":[{"@type":"WebPage","@id":"https:\/\/naturalbikes.cl\/?product=cadena-kmc-x10sl-10vel-super-licht-mtb-ruta-114l","url":"https:\/\/naturalbikes.cl\/?product=cadena-kmc-x10sl-10vel-super-licht-mtb-ruta-114l","name":"Cadena KMC X10SL 10VEL Super Light MTB-RUTA 114L - NaturalBikes","isPartOf":{"@id":"https:\/\/naturalbikes.cl\/#website"},"primaryImageOfPage":{"@id":"https:\/\/naturalbikes.cl\/?product=cadena-kmc-x10sl-10vel-super-licht-mtb-ruta-114l#primaryimage"},"image":{"@id":"https:\/\/naturalbikes.cl\/?product=cadena-kmc-x10sl-10vel-super-licht-mtb-ruta-114l#primaryimage"},"thumbnailUrl":"https:\/\/naturalbikes.cl\/wp-content\/uploads\/2024\/05\/s-l1600.webp","datePublished":"2024-05-21T14:05:00+00:00","dateModified":"2026-01-06T20:11:49+00:00","description":"Una opci\u00f3n premium para ciclistas que buscan un rendimiento excepcional en MTB y carretera. Con su dise\u00f1o de 10 velocidades y 114 eslabones, ofrece cambios suaves y precisos en una amplia variedad de condiciones de conducci\u00f3n.El acabado NP-Silver le proporciona un aspecto elegante y moderno a tu bicicleta.","breadcrumb":{"@id":"https:\/\/naturalbikes.cl\/?product=cadena-kmc-x10sl-10vel-super-licht-mtb-ruta-114l#breadcrumb"},"inLanguage":"es","potentialAction":[{"@type":"ReadAction","target":["https:\/\/naturalbikes.cl\/?product=cadena-kmc-x10sl-10vel-super-licht-mtb-ruta-114l"]}]},{"@type":"ImageObject","inLanguage":"es","@id":"https:\/\/naturalbikes.cl\/?product=cadena-kmc-x10sl-10vel-super-licht-mtb-ruta-114l#primaryimage","url":"https:\/\/naturalbikes.cl\/wp-content\/uploads\/2024\/05\/s-l1600.webp","contentUrl":"https:\/\/naturalbikes.cl\/wp-content\/uploads\/2024\/05\/s-l1600.webp","width":969,"height":977},{"@type":"BreadcrumbList","@id":"https:\/\/naturalbikes.cl\/?product=cadena-kmc-x10sl-10vel-super-licht-mtb-ruta-114l#breadcrumb","itemListElement":[{"@type":"ListItem","position":1,"name":"Portada","item":"https:\/\/naturalbikes.cl\/"},{"@type":"ListItem","position":2,"name":"Tienda NB","item":"https:\/\/naturalbikes.cl\/?page_id=7843"},{"@type":"ListItem","position":3,"name":"Kmc","item":"https:\/\/naturalbikes.cl\/?product_brand=kmc"},{"@type":"ListItem","position":4,"name":"Cadena KMC X10SL 10VEL Super Light MTB-RUTA 114L"}]},{"@type":"WebSite","@id":"https:\/\/naturalbikes.cl\/#website","url":"https:\/\/naturalbikes.cl\/","name":"Natural Bikes","description":"Tienda de bicicletas repuestos accesorios taller mantenimiento clases salidas","publisher":{"@id":"https:\/\/naturalbikes.cl\/#organization"},"alternateName":"Natural Bikes","potentialAction":[{"@type":"SearchAction","target":{"@type":"EntryPoint","urlTemplate":"https:\/\/naturalbikes.cl\/?s={search_term_string}"},"query-input":{"@type":"PropertyValueSpecification","valueRequired":true,"valueName":"search_term_string"}}],"inLanguage":"es"},{"@type":"Organization","@id":"https:\/\/naturalbikes.cl\/#organization","name":"Natural Bikes","alternateName":"Natural Bikes","url":"https:\/\/naturalbikes.cl\/","logo":{"@type":"ImageObject","inLanguage":"es","@id":"https:\/\/naturalbikes.cl\/#\/schema\/logo\/image\/","url":"https:\/\/naturalbikes.cl\/wp-content\/uploads\/2024\/05\/2023-10-10-10.44.12.jpg","contentUrl":"https:\/\/naturalbikes.cl\/wp-content\/uploads\/2024\/05\/2023-10-10-10.44.12.jpg","width":650,"height":650,"caption":"Natural Bikes"},"image":{"@id":"https:\/\/naturalbikes.cl\/#\/schema\/logo\/image\/"},"sameAs":["https:\/\/www.facebook.com\/naturalbikescl","https:\/\/www.instagram.com\/natural.bikes","https:\/\/www.tiktok.com\/@natural.bikes"],"description":"Ofrecer a nuestros clientes apasionados por el ciclismo de monta\u00f1a la mejor experiencia en productos, conocimientos especializados y servicios excepcionales. Nos comprometemos a proporcionar una amplia gama de bicicletas, accesorios y equipo de alta calidad, junto con asesoramiento experto y atenci\u00f3n personalizada para cada ciclista, para que puedan explorar, disfrutar y maximizar su aventura en el mundo del MTB","email":"naturalbikes1@gmail.com","telephone":"56977043878","legalName":"Natural Bikes Limitada","foundingDate":"2024-01-01","vatID":"76699553-5","taxID":"76699553-5","numberOfEmployees":{"@type":"QuantitativeValue","minValue":"1","maxValue":"10"},"publishingPrinciples":"https:\/\/naturalbikes.cl\/?page_id=7843","ownershipFundingInfo":"https:\/\/naturalbikes.cl\/?page_id=7843","actionableFeedbackPolicy":"https:\/\/naturalbikes.cl\/?page_id=14797","correctionsPolicy":"https:\/\/naturalbikes.cl\/?page_id=3","ethicsPolicy":"https:\/\/naturalbikes.cl\/?page_id=7843","diversityPolicy":"https:\/\/naturalbikes.cl\/?page_id=11734","diversityStaffingReport":"https:\/\/naturalbikes.cl\/?page_id=12161"}]}},"_links":{"self":[{"href":"https:\/\/naturalbikes.cl\/index.php?rest_route=\/wp\/v2\/product\/19656"}],"collection":[{"href":"https:\/\/naturalbikes.cl\/index.php?rest_route=\/wp\/v2\/product"}],"about":[{"href":"https:\/\/naturalbikes.cl\/index.php?rest_route=\/wp\/v2\/types\/product"}],"replies":[{"embeddable":true,"href":"https:\/\/naturalbikes.cl\/index.php?rest_route=%2Fwp%2Fv2%2Fcomments&post=19656"}],"wp:featuredmedia":[{"embeddable":true,"href":"https:\/\/naturalbikes.cl\/index.php?rest_route=\/wp\/v2\/media\/19658"}],"wp:attachment":[{"href":"https:\/\/naturalbikes.cl\/index.php?rest_route=%2Fwp%2Fv2%2Fmedia&parent=19656"}],"wp:term":[{"taxonomy":"product_cat","embeddable":true,"href":"https:\/\/naturalbikes.cl\/index.php?rest_route=%2Fwp%2Fv2%2Fproduct_cat&post=19656"},{"taxonomy":"product_tag","embeddable":true,"href":"https:\/\/naturalbikes.cl\/index.php?rest_route=%2Fwp%2Fv2%2Fproduct_tag&post=19656"}],"curies":[{"name":"wp","href":"https:\/\/api.w.org\/{rel}","templated":true}]}}