{"id":19336,"date":"2024-05-17T10:03:08","date_gmt":"2024-05-17T14:03:08","guid":{"rendered":"https:\/\/naturalbikes.cl\/?post_type=product&#038;p=19336"},"modified":"2026-01-06T17:11:50","modified_gmt":"2026-01-06T20:11:50","slug":"bicicleta-rutera-orbea-orca-m20iteam-pwr","status":"publish","type":"product","link":"https:\/\/naturalbikes.cl\/?product=bicicleta-rutera-orbea-orca-m20iteam-pwr","title":{"rendered":"Bicicleta Orbea Orca M20iTeam PWR"},"content":{"rendered":"<p><a href=\"https:\/\/naturalbikes.cl\/wp-content\/uploads\/2024\/05\/orbea-logo_480x480-1.svg\"><img decoding=\"async\" class=\"size-full wp-image-19187 aligncenter\" src=\"https:\/\/naturalbikes.cl\/wp-content\/uploads\/2024\/05\/orbea-logo_480x480-1.svg\" alt=\"\" width=\"148\" height=\"16\" \/><\/a><\/p>\n<div class=\"card__header\">\n<h2 class=\"card__title heading h3\">Descripci\u00f3n<\/h2>\n<\/div>\n<div class=\"card__section \">\n<div class=\"rte text--pull\">\n<div id=\"product-description-short-113400\" class=\"rte-content product-description-short\">\n<h2>PRAISE THE LIGHT<\/h2>\n<p>La nueva Orca no es simplemente ligera. Es una bici de 6,7Kg de pura tecnolog\u00eda que cambiar\u00e1 la forma en la que llegas a la cima. Esa sensaci\u00f3n que transmite una bici ligera y eficiente es insuperable. La aceleraci\u00f3n instant\u00e1nea, absorci\u00f3n de vibraciones y conducci\u00f3n reactiva proviene de un cuadro dise\u00f1ado para reducir el peso y reforzar la rigidez.<\/p>\n<h3>POWERSPINE<\/h3>\n<p>La parte inferior del cuadro soporta la mayor\u00eda de las cargas torsionales y laterales.<\/p>\n<h3><img fetchpriority=\"high\" decoding=\"async\" src=\"https:\/\/www.orbea.com\/img\/technologies\/orca_24_powerspine.jpg\" width=\"400\" height=\"440\" \/><\/h3>\n<h3>ICR PLUS<\/h3>\n<p>El cableado interno va cuidadosamente guiado por debajo de la potencia y por dentro del tubo de direcci\u00f3n, sin rozaduras ni ruidos, y est\u00e1 optimizado para cambios tanto mec\u00e1nicos como electr\u00f3nicos.<\/p>\n<p><img decoding=\"async\" src=\"https:\/\/www.orbea.com\/img\/technologies\/orca_24_icr-plus.jpg\" width=\"400\" height=\"440\" \/><\/p>\n<h3>PASO DE RUEDA DE 32MM<\/h3>\n<p>Como ciclistas conocemos las ventajas de montar cubiertas m\u00e1s anchas en superficies irregulares.<\/p>\n<p><img loading=\"lazy\" decoding=\"async\" src=\"https:\/\/www.orbea.com\/img\/technologies\/orca_24_tire-clearance.jpg\" width=\"400\" height=\"440\" \/><\/p>\n<\/div>\n<h4 class=\"titleblock\">ESPECIFICACIONES T\u00c9CNICAS<\/h4>\n<div class=\"content-block\">\n<div class=\"row\">\n<div class=\"title-row\">\n<div class=\"row\">\n<div class=\"title-row\">\n<div class=\"row\">\n<div class=\"title-row\">\n<div class=\"row\">\n<div class=\"title-row\">\n<p><strong>CONJUNTO CUADRO<\/strong><\/p>\n<p><strong>CUADRO<\/strong><\/p>\n<p>Orbea Orca carbon OMR 2024, monocoque construction, HS 1,5&#8243;, BB 386mm, powermeter compatible, Rear Thru Axle 12x142mm, thread M12x2 P1, internal cable routing.<\/p>\n<p><strong>HORQUILLA<\/strong><\/p>\n<p>Orbea Orca OMR ICR 2024, full carbon, 1-1\/8&#8243; &#8211; 1,5&#8243; tappered head tube compatible, Thru axle 12x100mm, thread M12x2 P1.<\/p>\n<p><strong>DIRECCION<\/strong><\/p>\n<p>FSA 1-1\/2&#8243; Integrated Aluminium Cup<\/p>\n<p><strong>TRANSMISI\u00d3N<\/strong><\/p>\n<p><strong>PLATO\/BIELA<\/strong><\/p>\n<p>Shimano Ultegra R8100 34x50t<\/p>\n<p><strong>MANETAS<\/strong><\/p>\n<p>Shimano ST-8170<\/p>\n<p><strong>PI\u00d1ON<\/strong><\/p>\n<p>Shimano Ultegra R8100 11-30t 12-Speed<\/p>\n<p><strong>CAMBIO<\/strong><\/p>\n<p>Shimano Ultegra Di2 R8150<\/p>\n<p><strong>DESVIADOR<\/strong><\/p>\n<p>Shimano Ultegra Di2 R8150<\/p>\n<p><strong>CADENA<\/strong><\/p>\n<p>Shimano M8100<\/p>\n<p><strong>COCKPIT<\/strong><\/p>\n<p><strong>MANILLAR<\/strong><\/p>\n<p>OC Road Performance RP21 Alu SL, Reach 80, Drop 125<\/p>\n<p><strong>POTENCIA<\/strong><\/p>\n<p>OC Road Performance RP10, -8\u00ba<\/p>\n<p><strong>FRENOS<\/strong><\/p>\n<p><strong>FRENO<\/strong><\/p>\n<p>Shimano R8170 Hydraulic Disc<\/p>\n<p><strong>RUEDAS<\/strong><\/p>\n<p><strong>RUEDA<\/strong><\/p>\n<p>Oquo Road Performance RP35TEAM<\/p>\n<p><strong>CUBIERTA<\/strong><\/p>\n<p>Vittoria Corsa N.Ext G2.0 Foldable 700x28c<\/p>\n<p><strong>EJE RUEDA DELANTERO<\/strong><\/p>\n<p>Orbea Thru Axle 12x100mm M12x2 P1 Hollow<\/p>\n<p><strong>EJE RUEDA TRASERO<\/strong><\/p>\n<p>Orbea Thru Axle 12x142mm M12x2 P1 Hollow<\/p>\n<p><strong>COMPONENTES<\/strong><\/p>\n<p><strong>TIJA SILLIN<\/strong><\/p>\n<p>OC Performance XP10-S Carbon, 27.2mm, Setback 20<\/p>\n<p><strong>SILLIN<\/strong><\/p>\n<p>Fizik Vento Antares R7 Alloy Rail 140mm<\/p>\n<p><strong>ACCESORIOS<\/strong><\/p>\n<p><strong>CINTA MANILLAR<\/strong><\/p>\n<p>Orbea Anti-Slippery\/Shock Proof<\/p>\n<\/div>\n<\/div>\n<\/div>\n<\/div>\n<\/div>\n<\/div>\n<\/div>\n<\/div>\n<\/div>\n<\/div>\n<\/div>\n","protected":false},"excerpt":{"rendered":"<p><a href=\"https:\/\/naturalbikes.cl\/wp-content\/uploads\/2024\/05\/orbea-logo_480x480-1.svg\"><img loading=\"lazy\" decoding=\"async\" class=\"size-full wp-image-19187 alignleft\" src=\"https:\/\/naturalbikes.cl\/wp-content\/uploads\/2024\/05\/orbea-logo_480x480-1.svg\" alt=\"\" width=\"148\" height=\"16\" \/><\/a><strong>Experimenta la c\u00faspide del ciclismo de carretera con la Bicicleta ORCA M10iLTD PWR CUSTOM CARBON RAW. Esta m\u00e1quina de dos ruedas redefine los l\u00edmites de la velocidad y la resistencia, gracias a su Cuadro de carbono personalizado ultraligero y de alto rendimiento.Sistema de transmisi\u00f3n el\u00e9ctrica de \u00faltima generaci\u00f3n para cambios precisos y potentes.Componentes de gama alta dise\u00f1ados para un peso m\u00ednimo y una m\u00e1xima eficiencia.<\/strong><\/p>\n","protected":false},"featured_media":19337,"comment_status":"open","ping_status":"closed","template":"","meta":[],"product_cat":[204,298],"product_tag":[1210,1185,827,826],"class_list":{"0":"post-19336","1":"product","2":"type-product","3":"status-publish","4":"has-post-thumbnail","6":"product_brand-orbea","7":"product_cat-bicicleta-ruta","8":"product_cat-orbea-bicicleta-ruta","9":"product_tag-bicicleta-carbono","10":"product_tag-bicicleta-ciudad","11":"product_tag-bicicleta-ruta","12":"product_tag-ruta","14":"first","15":"instock","16":"taxable","17":"shipping-taxable","18":"purchasable","19":"product-type-variable","20":"rtwpvg-product"},"yoast_head":"<!-- This site is optimized with the Yoast SEO Premium plugin v24.8 (Yoast SEO v25.6) - https:\/\/yoast.com\/wordpress\/plugins\/seo\/ -->\n<title>Bicicleta Orbea Orca M20iTeam PWR - NaturalBikes<\/title>\n<meta name=\"description\" content=\"Experimenta la c\u00faspide del ciclismo de carretera con la Bicicleta ORCA M10iLTD PWR CUSTOM CARBON RAW. Esta m\u00e1quina de dos ruedas redefine los l\u00edmites de la velocidad y la resistencia, gracias a su Cuadro de carbono personalizado ultraligero y de alto rendimiento.Sistema de transmisi\u00f3n el\u00e9ctrica de \u00faltima generaci\u00f3n para cambios precisos y potentes.Componentes de gama alta dise\u00f1ados para un peso m\u00ednimo y una m\u00e1xima eficiencia.\" \/>\n<meta name=\"robots\" content=\"index, follow, max-snippet:-1, max-image-preview:large, max-video-preview:-1\" \/>\n<link rel=\"canonical\" href=\"https:\/\/naturalbikes.cl\/?product=bicicleta-rutera-orbea-orca-m20iteam-pwr\" \/>\n<meta property=\"og:locale\" content=\"es_ES\" \/>\n<meta property=\"og:type\" content=\"article\" \/>\n<meta property=\"og:title\" content=\"Bicicleta Orbea Orca M20iTeam PWR\" \/>\n<meta property=\"og:description\" content=\"Ofrecer a nuestros clientes apasionados por el ciclismo de monta\u00f1a la mejor experiencia en productos, conocimientos especializados y servicios excepcionales. Nos comprometemos a proporcionar una amplia gama de bicicletas, accesorios y equipo de alta calidad, junto con asesoramiento experto y atenci\u00f3n personalizada para cada ciclista, para que puedan explorar, disfrutar y maximizar su aventura en el mundo del MTB\" \/>\n<meta property=\"og:url\" content=\"https:\/\/naturalbikes.cl\/?product=bicicleta-rutera-orbea-orca-m20iteam-pwr\" \/>\n<meta property=\"og:site_name\" content=\"NaturalBikes\" \/>\n<meta property=\"article:publisher\" content=\"https:\/\/www.facebook.com\/naturalbikescl\" \/>\n<meta property=\"article:modified_time\" content=\"2026-01-06T20:11:50+00:00\" \/>\n<meta property=\"og:image\" content=\"https:\/\/naturalbikes.cl\/wp-content\/uploads\/2024\/05\/R114TTCC-AK-SIDE-ORCA_M20iTEAM_1100x_1da85ffd-38d5-475f-94ad-4955f004e66a.webp\" \/>\n\t<meta property=\"og:image:width\" content=\"1100\" \/>\n\t<meta property=\"og:image:height\" content=\"950\" \/>\n\t<meta property=\"og:image:type\" content=\"image\/webp\" \/>\n<meta name=\"twitter:card\" content=\"summary_large_image\" \/>\n<meta name=\"twitter:label1\" content=\"Tiempo de lectura\" \/>\n\t<meta name=\"twitter:data1\" content=\"3 minutos\" \/>\n<script type=\"application\/ld+json\" class=\"yoast-schema-graph\">{\"@context\":\"https:\/\/schema.org\",\"@graph\":[{\"@type\":\"WebPage\",\"@id\":\"https:\/\/naturalbikes.cl\/?product=bicicleta-rutera-orbea-orca-m20iteam-pwr\",\"url\":\"https:\/\/naturalbikes.cl\/?product=bicicleta-rutera-orbea-orca-m20iteam-pwr\",\"name\":\"Bicicleta Orbea Orca M20iTeam PWR - NaturalBikes\",\"isPartOf\":{\"@id\":\"https:\/\/naturalbikes.cl\/#website\"},\"primaryImageOfPage\":{\"@id\":\"https:\/\/naturalbikes.cl\/?product=bicicleta-rutera-orbea-orca-m20iteam-pwr#primaryimage\"},\"image\":{\"@id\":\"https:\/\/naturalbikes.cl\/?product=bicicleta-rutera-orbea-orca-m20iteam-pwr#primaryimage\"},\"thumbnailUrl\":\"https:\/\/naturalbikes.cl\/wp-content\/uploads\/2024\/05\/R114TTCC-AK-SIDE-ORCA_M20iTEAM_1100x_1da85ffd-38d5-475f-94ad-4955f004e66a.webp\",\"datePublished\":\"2024-05-17T14:03:08+00:00\",\"dateModified\":\"2026-01-06T20:11:50+00:00\",\"description\":\"Experimenta la c\u00faspide del ciclismo de carretera con la Bicicleta ORCA M10iLTD PWR CUSTOM CARBON RAW. Esta m\u00e1quina de dos ruedas redefine los l\u00edmites de la velocidad y la resistencia, gracias a su Cuadro de carbono personalizado ultraligero y de alto rendimiento.Sistema de transmisi\u00f3n el\u00e9ctrica de \u00faltima generaci\u00f3n para cambios precisos y potentes.Componentes de gama alta dise\u00f1ados para un peso m\u00ednimo y una m\u00e1xima eficiencia.\",\"breadcrumb\":{\"@id\":\"https:\/\/naturalbikes.cl\/?product=bicicleta-rutera-orbea-orca-m20iteam-pwr#breadcrumb\"},\"inLanguage\":\"es\",\"potentialAction\":[{\"@type\":\"ReadAction\",\"target\":[\"https:\/\/naturalbikes.cl\/?product=bicicleta-rutera-orbea-orca-m20iteam-pwr\"]}]},{\"@type\":\"ImageObject\",\"inLanguage\":\"es\",\"@id\":\"https:\/\/naturalbikes.cl\/?product=bicicleta-rutera-orbea-orca-m20iteam-pwr#primaryimage\",\"url\":\"https:\/\/naturalbikes.cl\/wp-content\/uploads\/2024\/05\/R114TTCC-AK-SIDE-ORCA_M20iTEAM_1100x_1da85ffd-38d5-475f-94ad-4955f004e66a.webp\",\"contentUrl\":\"https:\/\/naturalbikes.cl\/wp-content\/uploads\/2024\/05\/R114TTCC-AK-SIDE-ORCA_M20iTEAM_1100x_1da85ffd-38d5-475f-94ad-4955f004e66a.webp\",\"width\":1100,\"height\":950},{\"@type\":\"BreadcrumbList\",\"@id\":\"https:\/\/naturalbikes.cl\/?product=bicicleta-rutera-orbea-orca-m20iteam-pwr#breadcrumb\",\"itemListElement\":[{\"@type\":\"ListItem\",\"position\":1,\"name\":\"Portada\",\"item\":\"https:\/\/naturalbikes.cl\/\"},{\"@type\":\"ListItem\",\"position\":2,\"name\":\"Tienda NB\",\"item\":\"https:\/\/naturalbikes.cl\/?page_id=7843\"},{\"@type\":\"ListItem\",\"position\":3,\"name\":\"Orbea\",\"item\":\"https:\/\/naturalbikes.cl\/?product_brand=orbea\"},{\"@type\":\"ListItem\",\"position\":4,\"name\":\"Bicicleta Orbea Orca M20iTeam PWR\"}]},{\"@type\":\"WebSite\",\"@id\":\"https:\/\/naturalbikes.cl\/#website\",\"url\":\"https:\/\/naturalbikes.cl\/\",\"name\":\"Natural Bikes\",\"description\":\"Tienda de bicicletas repuestos accesorios taller mantenimiento clases salidas\",\"publisher\":{\"@id\":\"https:\/\/naturalbikes.cl\/#organization\"},\"alternateName\":\"Natural Bikes\",\"potentialAction\":[{\"@type\":\"SearchAction\",\"target\":{\"@type\":\"EntryPoint\",\"urlTemplate\":\"https:\/\/naturalbikes.cl\/?s={search_term_string}\"},\"query-input\":{\"@type\":\"PropertyValueSpecification\",\"valueRequired\":true,\"valueName\":\"search_term_string\"}}],\"inLanguage\":\"es\"},{\"@type\":\"Organization\",\"@id\":\"https:\/\/naturalbikes.cl\/#organization\",\"name\":\"Natural Bikes\",\"alternateName\":\"Natural Bikes\",\"url\":\"https:\/\/naturalbikes.cl\/\",\"logo\":{\"@type\":\"ImageObject\",\"inLanguage\":\"es\",\"@id\":\"https:\/\/naturalbikes.cl\/#\/schema\/logo\/image\/\",\"url\":\"https:\/\/naturalbikes.cl\/wp-content\/uploads\/2024\/05\/2023-10-10-10.44.12.jpg\",\"contentUrl\":\"https:\/\/naturalbikes.cl\/wp-content\/uploads\/2024\/05\/2023-10-10-10.44.12.jpg\",\"width\":650,\"height\":650,\"caption\":\"Natural Bikes\"},\"image\":{\"@id\":\"https:\/\/naturalbikes.cl\/#\/schema\/logo\/image\/\"},\"sameAs\":[\"https:\/\/www.facebook.com\/naturalbikescl\",\"https:\/\/www.instagram.com\/natural.bikes\",\"https:\/\/www.tiktok.com\/@natural.bikes\"],\"description\":\"Ofrecer a nuestros clientes apasionados por el ciclismo de monta\u00f1a la mejor experiencia en productos, conocimientos especializados y servicios excepcionales. Nos comprometemos a proporcionar una amplia gama de bicicletas, accesorios y equipo de alta calidad, junto con asesoramiento experto y atenci\u00f3n personalizada para cada ciclista, para que puedan explorar, disfrutar y maximizar su aventura en el mundo del MTB\",\"email\":\"naturalbikes1@gmail.com\",\"telephone\":\"56977043878\",\"legalName\":\"Natural Bikes Limitada\",\"foundingDate\":\"2024-01-01\",\"vatID\":\"76699553-5\",\"taxID\":\"76699553-5\",\"numberOfEmployees\":{\"@type\":\"QuantitativeValue\",\"minValue\":\"1\",\"maxValue\":\"10\"},\"publishingPrinciples\":\"https:\/\/naturalbikes.cl\/?page_id=7843\",\"ownershipFundingInfo\":\"https:\/\/naturalbikes.cl\/?page_id=7843\",\"actionableFeedbackPolicy\":\"https:\/\/naturalbikes.cl\/?page_id=14797\",\"correctionsPolicy\":\"https:\/\/naturalbikes.cl\/?page_id=3\",\"ethicsPolicy\":\"https:\/\/naturalbikes.cl\/?page_id=7843\",\"diversityPolicy\":\"https:\/\/naturalbikes.cl\/?page_id=11734\",\"diversityStaffingReport\":\"https:\/\/naturalbikes.cl\/?page_id=12161\"}]}<\/script>\n<!-- \/ Yoast SEO Premium plugin. -->","yoast_head_json":{"title":"Bicicleta Orbea Orca M20iTeam PWR - NaturalBikes","description":"Experimenta la c\u00faspide del ciclismo de carretera con la Bicicleta ORCA M10iLTD PWR CUSTOM CARBON RAW. Esta m\u00e1quina de dos ruedas redefine los l\u00edmites de la velocidad y la resistencia, gracias a su Cuadro de carbono personalizado ultraligero y de alto rendimiento.Sistema de transmisi\u00f3n el\u00e9ctrica de \u00faltima generaci\u00f3n para cambios precisos y potentes.Componentes de gama alta dise\u00f1ados para un peso m\u00ednimo y una m\u00e1xima eficiencia.","robots":{"index":"index","follow":"follow","max-snippet":"max-snippet:-1","max-image-preview":"max-image-preview:large","max-video-preview":"max-video-preview:-1"},"canonical":"https:\/\/naturalbikes.cl\/?product=bicicleta-rutera-orbea-orca-m20iteam-pwr","og_locale":"es_ES","og_type":"article","og_title":"Bicicleta Orbea Orca M20iTeam PWR","og_description":"Ofrecer a nuestros clientes apasionados por el ciclismo de monta\u00f1a la mejor experiencia en productos, conocimientos especializados y servicios excepcionales. Nos comprometemos a proporcionar una amplia gama de bicicletas, accesorios y equipo de alta calidad, junto con asesoramiento experto y atenci\u00f3n personalizada para cada ciclista, para que puedan explorar, disfrutar y maximizar su aventura en el mundo del MTB","og_url":"https:\/\/naturalbikes.cl\/?product=bicicleta-rutera-orbea-orca-m20iteam-pwr","og_site_name":"NaturalBikes","article_publisher":"https:\/\/www.facebook.com\/naturalbikescl","article_modified_time":"2026-01-06T20:11:50+00:00","og_image":[{"width":1100,"height":950,"url":"https:\/\/naturalbikes.cl\/wp-content\/uploads\/2024\/05\/R114TTCC-AK-SIDE-ORCA_M20iTEAM_1100x_1da85ffd-38d5-475f-94ad-4955f004e66a.webp","type":"image\/webp"}],"twitter_card":"summary_large_image","twitter_misc":{"Tiempo de lectura":"3 minutos"},"schema":{"@context":"https:\/\/schema.org","@graph":[{"@type":"WebPage","@id":"https:\/\/naturalbikes.cl\/?product=bicicleta-rutera-orbea-orca-m20iteam-pwr","url":"https:\/\/naturalbikes.cl\/?product=bicicleta-rutera-orbea-orca-m20iteam-pwr","name":"Bicicleta Orbea Orca M20iTeam PWR - NaturalBikes","isPartOf":{"@id":"https:\/\/naturalbikes.cl\/#website"},"primaryImageOfPage":{"@id":"https:\/\/naturalbikes.cl\/?product=bicicleta-rutera-orbea-orca-m20iteam-pwr#primaryimage"},"image":{"@id":"https:\/\/naturalbikes.cl\/?product=bicicleta-rutera-orbea-orca-m20iteam-pwr#primaryimage"},"thumbnailUrl":"https:\/\/naturalbikes.cl\/wp-content\/uploads\/2024\/05\/R114TTCC-AK-SIDE-ORCA_M20iTEAM_1100x_1da85ffd-38d5-475f-94ad-4955f004e66a.webp","datePublished":"2024-05-17T14:03:08+00:00","dateModified":"2026-01-06T20:11:50+00:00","description":"Experimenta la c\u00faspide del ciclismo de carretera con la Bicicleta ORCA M10iLTD PWR CUSTOM CARBON RAW. Esta m\u00e1quina de dos ruedas redefine los l\u00edmites de la velocidad y la resistencia, gracias a su Cuadro de carbono personalizado ultraligero y de alto rendimiento.Sistema de transmisi\u00f3n el\u00e9ctrica de \u00faltima generaci\u00f3n para cambios precisos y potentes.Componentes de gama alta dise\u00f1ados para un peso m\u00ednimo y una m\u00e1xima eficiencia.","breadcrumb":{"@id":"https:\/\/naturalbikes.cl\/?product=bicicleta-rutera-orbea-orca-m20iteam-pwr#breadcrumb"},"inLanguage":"es","potentialAction":[{"@type":"ReadAction","target":["https:\/\/naturalbikes.cl\/?product=bicicleta-rutera-orbea-orca-m20iteam-pwr"]}]},{"@type":"ImageObject","inLanguage":"es","@id":"https:\/\/naturalbikes.cl\/?product=bicicleta-rutera-orbea-orca-m20iteam-pwr#primaryimage","url":"https:\/\/naturalbikes.cl\/wp-content\/uploads\/2024\/05\/R114TTCC-AK-SIDE-ORCA_M20iTEAM_1100x_1da85ffd-38d5-475f-94ad-4955f004e66a.webp","contentUrl":"https:\/\/naturalbikes.cl\/wp-content\/uploads\/2024\/05\/R114TTCC-AK-SIDE-ORCA_M20iTEAM_1100x_1da85ffd-38d5-475f-94ad-4955f004e66a.webp","width":1100,"height":950},{"@type":"BreadcrumbList","@id":"https:\/\/naturalbikes.cl\/?product=bicicleta-rutera-orbea-orca-m20iteam-pwr#breadcrumb","itemListElement":[{"@type":"ListItem","position":1,"name":"Portada","item":"https:\/\/naturalbikes.cl\/"},{"@type":"ListItem","position":2,"name":"Tienda NB","item":"https:\/\/naturalbikes.cl\/?page_id=7843"},{"@type":"ListItem","position":3,"name":"Orbea","item":"https:\/\/naturalbikes.cl\/?product_brand=orbea"},{"@type":"ListItem","position":4,"name":"Bicicleta Orbea Orca M20iTeam PWR"}]},{"@type":"WebSite","@id":"https:\/\/naturalbikes.cl\/#website","url":"https:\/\/naturalbikes.cl\/","name":"Natural Bikes","description":"Tienda de bicicletas repuestos accesorios taller mantenimiento clases salidas","publisher":{"@id":"https:\/\/naturalbikes.cl\/#organization"},"alternateName":"Natural Bikes","potentialAction":[{"@type":"SearchAction","target":{"@type":"EntryPoint","urlTemplate":"https:\/\/naturalbikes.cl\/?s={search_term_string}"},"query-input":{"@type":"PropertyValueSpecification","valueRequired":true,"valueName":"search_term_string"}}],"inLanguage":"es"},{"@type":"Organization","@id":"https:\/\/naturalbikes.cl\/#organization","name":"Natural Bikes","alternateName":"Natural Bikes","url":"https:\/\/naturalbikes.cl\/","logo":{"@type":"ImageObject","inLanguage":"es","@id":"https:\/\/naturalbikes.cl\/#\/schema\/logo\/image\/","url":"https:\/\/naturalbikes.cl\/wp-content\/uploads\/2024\/05\/2023-10-10-10.44.12.jpg","contentUrl":"https:\/\/naturalbikes.cl\/wp-content\/uploads\/2024\/05\/2023-10-10-10.44.12.jpg","width":650,"height":650,"caption":"Natural Bikes"},"image":{"@id":"https:\/\/naturalbikes.cl\/#\/schema\/logo\/image\/"},"sameAs":["https:\/\/www.facebook.com\/naturalbikescl","https:\/\/www.instagram.com\/natural.bikes","https:\/\/www.tiktok.com\/@natural.bikes"],"description":"Ofrecer a nuestros clientes apasionados por el ciclismo de monta\u00f1a la mejor experiencia en productos, conocimientos especializados y servicios excepcionales. Nos comprometemos a proporcionar una amplia gama de bicicletas, accesorios y equipo de alta calidad, junto con asesoramiento experto y atenci\u00f3n personalizada para cada ciclista, para que puedan explorar, disfrutar y maximizar su aventura en el mundo del MTB","email":"naturalbikes1@gmail.com","telephone":"56977043878","legalName":"Natural Bikes Limitada","foundingDate":"2024-01-01","vatID":"76699553-5","taxID":"76699553-5","numberOfEmployees":{"@type":"QuantitativeValue","minValue":"1","maxValue":"10"},"publishingPrinciples":"https:\/\/naturalbikes.cl\/?page_id=7843","ownershipFundingInfo":"https:\/\/naturalbikes.cl\/?page_id=7843","actionableFeedbackPolicy":"https:\/\/naturalbikes.cl\/?page_id=14797","correctionsPolicy":"https:\/\/naturalbikes.cl\/?page_id=3","ethicsPolicy":"https:\/\/naturalbikes.cl\/?page_id=7843","diversityPolicy":"https:\/\/naturalbikes.cl\/?page_id=11734","diversityStaffingReport":"https:\/\/naturalbikes.cl\/?page_id=12161"}]}},"_links":{"self":[{"href":"https:\/\/naturalbikes.cl\/index.php?rest_route=\/wp\/v2\/product\/19336"}],"collection":[{"href":"https:\/\/naturalbikes.cl\/index.php?rest_route=\/wp\/v2\/product"}],"about":[{"href":"https:\/\/naturalbikes.cl\/index.php?rest_route=\/wp\/v2\/types\/product"}],"replies":[{"embeddable":true,"href":"https:\/\/naturalbikes.cl\/index.php?rest_route=%2Fwp%2Fv2%2Fcomments&post=19336"}],"wp:featuredmedia":[{"embeddable":true,"href":"https:\/\/naturalbikes.cl\/index.php?rest_route=\/wp\/v2\/media\/19337"}],"wp:attachment":[{"href":"https:\/\/naturalbikes.cl\/index.php?rest_route=%2Fwp%2Fv2%2Fmedia&parent=19336"}],"wp:term":[{"taxonomy":"product_cat","embeddable":true,"href":"https:\/\/naturalbikes.cl\/index.php?rest_route=%2Fwp%2Fv2%2Fproduct_cat&post=19336"},{"taxonomy":"product_tag","embeddable":true,"href":"https:\/\/naturalbikes.cl\/index.php?rest_route=%2Fwp%2Fv2%2Fproduct_tag&post=19336"}],"curies":[{"name":"wp","href":"https:\/\/api.w.org\/{rel}","templated":true}]}}