{"id":19279,"date":"2024-05-14T21:54:19","date_gmt":"2024-05-15T01:54:19","guid":{"rendered":"https:\/\/naturalbikes.cl\/?post_type=product&#038;p=19279"},"modified":"2026-01-06T17:11:50","modified_gmt":"2026-01-06T20:11:50","slug":"bicicleta-rutera-orbea-orca-m10iltd-pwr","status":"publish","type":"product","link":"https:\/\/naturalbikes.cl\/?product=bicicleta-rutera-orbea-orca-m10iltd-pwr","title":{"rendered":"Bicicleta Orbea Orca M10iLTD PWR"},"content":{"rendered":"<p><a href=\"https:\/\/naturalbikes.cl\/wp-content\/uploads\/2024\/05\/orbea-logo_480x480-1.svg\"><img decoding=\"async\" class=\"alignnone size-full wp-image-19187\" src=\"https:\/\/naturalbikes.cl\/wp-content\/uploads\/2024\/05\/orbea-logo_480x480-1.svg\" alt=\"\" width=\"148\" height=\"16\" \/><\/a><\/p>\n<h3>COMPONENTES<\/h3>\n<p><strong>Neum\u00e1ticos<\/strong>\u00a0: Vittoria Corsa Competition G2.0 TLR 700x28c<\/p>\n<p><strong>Cassette<\/strong>\u00a0: Shimano Dura-Ace R9200 11-34t 12 velocidades<\/p>\n<p><strong>Cuadro<\/strong>\u00a0: Disco OMX de carbono Orbea Orca, construcci\u00f3n monocasco,<br \/>\nHS 1,5&#8243;, BB 386 mm, compatible con potenci\u00f3metro, eje pasante trasero<br \/>\n12&#215;142 mm , rosca M12x2 P1, guiado interno de cables, compatible con EC\/DC<br \/>\n, tubo de sill\u00edn espec\u00edfico OMX<\/p>\n<p><strong>Horquilla<\/strong>\u00a0: Horquilla Orbea Orca OMX ICR 2020, \u00edntegramente de carbono,<br \/>\ncompatible con tubo de direcci\u00f3n perfilado de 1-1\/8&#8243; &#8211; 1,5&#8243;, eje pasante de 12&#215;100 mm. , rosca<br \/>\nM12x2 P1, puntera compatible con liberaci\u00f3n de velocidad<\/p>\n<p><strong>Direcci\u00f3n<\/strong>\u00a0: Enrutamiento de cable interno de aleaci\u00f3n Acros de 1-1\/2&#8243;, cojinete de acero inoxidable<\/p>\n<p><strong>Manillar<\/strong>:\u00a0Carbono OC Road Performance RP10, alcance 80,\u00a0ca\u00edda 125<\/p>\n<p><strong>Potencia : OC Road Performance RP10,\u00a0<\/strong><\/p>\n<p><strong>palancas de cambio<\/strong> -8\u00b0<\/p>\n<p><strong>Frenos<\/strong>\u00a0Shimano R9270 : Disco hidr\u00e1ulico Shimano R9270<\/p>\n<p><strong>Desviador trasero<\/strong>\u00a0: Shimano Dura-Ace Di2 R9250<\/p>\n<p><strong>Desviador delantero<\/strong>\u00a0: Shimano Dura-Ace Di2 R9250<\/p>\n<p><strong>Cadena<\/strong>\u00a0: Shimano CN-9100<\/p>\n<p><strong>Tija de sill\u00edn<\/strong>\u00a0: Orbea Orca OMX, SB0\/25, con ajuste de microinclinaci\u00f3n<\/p>\n<p><strong>Tapones de manillar<\/strong>\u00a0: Lyzard DSP 2,5mm<\/p>\n","protected":false},"excerpt":{"rendered":"<p><a href=\"https:\/\/naturalbikes.cl\/wp-content\/uploads\/2024\/05\/orbea-logo_480x480-1.svg\"><img decoding=\"async\" class=\"size-full wp-image-19187 alignleft\" src=\"https:\/\/naturalbikes.cl\/wp-content\/uploads\/2024\/05\/orbea-logo_480x480-1.svg\" alt=\"\" width=\"148\" height=\"16\" \/><\/a><\/p>\n<p>Potencia y rendimiento al m\u00e1ximo nivelExperimenta la c\u00faspide del ciclismo de carretera con la Bicicleta ORCA M10iLTD PWR CUSTOM CARBON RAW. Esta m\u00e1quina de dos ruedas redefine los l\u00edmites de la velocidad y la resistencia, gracias a su cuadro de carbono personalizado ultraligero y de alto rendimiento.<\/p>\n","protected":false},"featured_media":19283,"comment_status":"open","ping_status":"closed","template":"","meta":[],"product_cat":[204,195,298],"product_tag":[1214,1210,1181,827,1213,1590,826,1215],"class_list":{"0":"post-19279","1":"product","2":"type-product","3":"status-publish","4":"has-post-thumbnail","6":"product_brand-orbea","7":"product_cat-bicicleta-ruta","8":"product_cat-bicicletas","9":"product_cat-orbea-bicicleta-ruta","10":"product_tag-asfalto","11":"product_tag-bicicleta-carbono","12":"product_tag-bicicleta-carretera","13":"product_tag-bicicleta-ruta","14":"product_tag-edicion-especial","15":"product_tag-orbea-orca-m10iltd-pwr","16":"product_tag-ruta","17":"product_tag-tope-de-gama","19":"first","20":"instock","21":"taxable","22":"shipping-taxable","23":"purchasable","24":"product-type-variable","25":"rtwpvg-product"},"yoast_head":"<!-- This site is optimized with the Yoast SEO Premium plugin v24.8 (Yoast SEO v25.6) - https:\/\/yoast.com\/wordpress\/plugins\/seo\/ -->\n<title>Orbea Orca M10iLTD PWR - Ruta Ultraligera Carbono<\/title>\n<meta name=\"description\" content=\"Orbea Orca M10iLTD PWR: Bicicleta de carretera de \u00e9lite. Cuadro de Carbono OMX ultraligero (750g), grupo Shimano Dura-Ace Di2 2x12, medidor de potencia. M\u00e1xima eficiencia para competici\u00f3n y escalada sin l\u00edmites.\" \/>\n<meta name=\"robots\" content=\"index, follow, max-snippet:-1, max-image-preview:large, max-video-preview:-1\" \/>\n<link rel=\"canonical\" href=\"https:\/\/naturalbikes.cl\/?product=bicicleta-rutera-orbea-orca-m10iltd-pwr\" \/>\n<meta property=\"og:locale\" content=\"es_ES\" \/>\n<meta property=\"og:type\" content=\"article\" \/>\n<meta property=\"og:title\" content=\"Bicicleta Orbea Orca M10iLTD PWR\" \/>\n<meta property=\"og:description\" content=\"Ofrecer a nuestros clientes apasionados por el ciclismo de monta\u00f1a la mejor experiencia en productos, conocimientos especializados y servicios excepcionales. Nos comprometemos a proporcionar una amplia gama de bicicletas, accesorios y equipo de alta calidad, junto con asesoramiento experto y atenci\u00f3n personalizada para cada ciclista, para que puedan explorar, disfrutar y maximizar su aventura en el mundo del MTB\" \/>\n<meta property=\"og:url\" content=\"https:\/\/naturalbikes.cl\/?product=bicicleta-rutera-orbea-orca-m10iltd-pwr\" \/>\n<meta property=\"og:site_name\" content=\"NaturalBikes\" \/>\n<meta property=\"article:publisher\" content=\"https:\/\/www.facebook.com\/naturalbikescl\" \/>\n<meta property=\"article:modified_time\" content=\"2026-01-06T20:11:50+00:00\" \/>\n<meta property=\"og:image\" content=\"https:\/\/naturalbikes.cl\/wp-content\/uploads\/2024\/05\/787937.webp\" \/>\n\t<meta property=\"og:image:width\" content=\"1189\" \/>\n\t<meta property=\"og:image:height\" content=\"690\" \/>\n\t<meta property=\"og:image:type\" content=\"image\/webp\" \/>\n<meta name=\"twitter:card\" content=\"summary_large_image\" \/>\n<meta name=\"twitter:label1\" content=\"Tiempo de lectura\" \/>\n\t<meta name=\"twitter:data1\" content=\"2 minutos\" \/>\n<script type=\"application\/ld+json\" class=\"yoast-schema-graph\">{\"@context\":\"https:\/\/schema.org\",\"@graph\":[{\"@type\":\"WebPage\",\"@id\":\"https:\/\/naturalbikes.cl\/?product=bicicleta-rutera-orbea-orca-m10iltd-pwr\",\"url\":\"https:\/\/naturalbikes.cl\/?product=bicicleta-rutera-orbea-orca-m10iltd-pwr\",\"name\":\"Orbea Orca M10iLTD PWR - Ruta Ultraligera Carbono\",\"isPartOf\":{\"@id\":\"https:\/\/naturalbikes.cl\/#website\"},\"primaryImageOfPage\":{\"@id\":\"https:\/\/naturalbikes.cl\/?product=bicicleta-rutera-orbea-orca-m10iltd-pwr#primaryimage\"},\"image\":{\"@id\":\"https:\/\/naturalbikes.cl\/?product=bicicleta-rutera-orbea-orca-m10iltd-pwr#primaryimage\"},\"thumbnailUrl\":\"https:\/\/naturalbikes.cl\/wp-content\/uploads\/2024\/05\/787937.webp\",\"datePublished\":\"2024-05-15T01:54:19+00:00\",\"dateModified\":\"2026-01-06T20:11:50+00:00\",\"description\":\"Orbea Orca M10iLTD PWR: Bicicleta de carretera de \u00e9lite. Cuadro de Carbono OMX ultraligero (750g), grupo Shimano Dura-Ace Di2 2x12, medidor de potencia. M\u00e1xima eficiencia para competici\u00f3n y escalada sin l\u00edmites.\",\"breadcrumb\":{\"@id\":\"https:\/\/naturalbikes.cl\/?product=bicicleta-rutera-orbea-orca-m10iltd-pwr#breadcrumb\"},\"inLanguage\":\"es\",\"potentialAction\":[{\"@type\":\"ReadAction\",\"target\":[\"https:\/\/naturalbikes.cl\/?product=bicicleta-rutera-orbea-orca-m10iltd-pwr\"]}]},{\"@type\":\"ImageObject\",\"inLanguage\":\"es\",\"@id\":\"https:\/\/naturalbikes.cl\/?product=bicicleta-rutera-orbea-orca-m10iltd-pwr#primaryimage\",\"url\":\"https:\/\/naturalbikes.cl\/wp-content\/uploads\/2024\/05\/787937.webp\",\"contentUrl\":\"https:\/\/naturalbikes.cl\/wp-content\/uploads\/2024\/05\/787937.webp\",\"width\":1189,\"height\":690},{\"@type\":\"BreadcrumbList\",\"@id\":\"https:\/\/naturalbikes.cl\/?product=bicicleta-rutera-orbea-orca-m10iltd-pwr#breadcrumb\",\"itemListElement\":[{\"@type\":\"ListItem\",\"position\":1,\"name\":\"Portada\",\"item\":\"https:\/\/naturalbikes.cl\/\"},{\"@type\":\"ListItem\",\"position\":2,\"name\":\"Tienda NB\",\"item\":\"https:\/\/naturalbikes.cl\/?page_id=7843\"},{\"@type\":\"ListItem\",\"position\":3,\"name\":\"Orbea\",\"item\":\"https:\/\/naturalbikes.cl\/?product_brand=orbea\"},{\"@type\":\"ListItem\",\"position\":4,\"name\":\"Bicicleta Orbea Orca M10iLTD PWR\"}]},{\"@type\":\"WebSite\",\"@id\":\"https:\/\/naturalbikes.cl\/#website\",\"url\":\"https:\/\/naturalbikes.cl\/\",\"name\":\"Natural Bikes\",\"description\":\"Tienda de bicicletas repuestos accesorios taller mantenimiento clases salidas\",\"publisher\":{\"@id\":\"https:\/\/naturalbikes.cl\/#organization\"},\"alternateName\":\"Natural Bikes\",\"potentialAction\":[{\"@type\":\"SearchAction\",\"target\":{\"@type\":\"EntryPoint\",\"urlTemplate\":\"https:\/\/naturalbikes.cl\/?s={search_term_string}\"},\"query-input\":{\"@type\":\"PropertyValueSpecification\",\"valueRequired\":true,\"valueName\":\"search_term_string\"}}],\"inLanguage\":\"es\"},{\"@type\":\"Organization\",\"@id\":\"https:\/\/naturalbikes.cl\/#organization\",\"name\":\"Natural Bikes\",\"alternateName\":\"Natural Bikes\",\"url\":\"https:\/\/naturalbikes.cl\/\",\"logo\":{\"@type\":\"ImageObject\",\"inLanguage\":\"es\",\"@id\":\"https:\/\/naturalbikes.cl\/#\/schema\/logo\/image\/\",\"url\":\"https:\/\/naturalbikes.cl\/wp-content\/uploads\/2024\/05\/2023-10-10-10.44.12.jpg\",\"contentUrl\":\"https:\/\/naturalbikes.cl\/wp-content\/uploads\/2024\/05\/2023-10-10-10.44.12.jpg\",\"width\":650,\"height\":650,\"caption\":\"Natural Bikes\"},\"image\":{\"@id\":\"https:\/\/naturalbikes.cl\/#\/schema\/logo\/image\/\"},\"sameAs\":[\"https:\/\/www.facebook.com\/naturalbikescl\",\"https:\/\/www.instagram.com\/natural.bikes\",\"https:\/\/www.tiktok.com\/@natural.bikes\"],\"description\":\"Ofrecer a nuestros clientes apasionados por el ciclismo de monta\u00f1a la mejor experiencia en productos, conocimientos especializados y servicios excepcionales. Nos comprometemos a proporcionar una amplia gama de bicicletas, accesorios y equipo de alta calidad, junto con asesoramiento experto y atenci\u00f3n personalizada para cada ciclista, para que puedan explorar, disfrutar y maximizar su aventura en el mundo del MTB\",\"email\":\"naturalbikes1@gmail.com\",\"telephone\":\"56977043878\",\"legalName\":\"Natural Bikes Limitada\",\"foundingDate\":\"2024-01-01\",\"vatID\":\"76699553-5\",\"taxID\":\"76699553-5\",\"numberOfEmployees\":{\"@type\":\"QuantitativeValue\",\"minValue\":\"1\",\"maxValue\":\"10\"},\"publishingPrinciples\":\"https:\/\/naturalbikes.cl\/?page_id=7843\",\"ownershipFundingInfo\":\"https:\/\/naturalbikes.cl\/?page_id=7843\",\"actionableFeedbackPolicy\":\"https:\/\/naturalbikes.cl\/?page_id=14797\",\"correctionsPolicy\":\"https:\/\/naturalbikes.cl\/?page_id=3\",\"ethicsPolicy\":\"https:\/\/naturalbikes.cl\/?page_id=7843\",\"diversityPolicy\":\"https:\/\/naturalbikes.cl\/?page_id=11734\",\"diversityStaffingReport\":\"https:\/\/naturalbikes.cl\/?page_id=12161\"}]}<\/script>\n<!-- \/ Yoast SEO Premium plugin. -->","yoast_head_json":{"title":"Orbea Orca M10iLTD PWR - Ruta Ultraligera Carbono","description":"Orbea Orca M10iLTD PWR: Bicicleta de carretera de \u00e9lite. Cuadro de Carbono OMX ultraligero (750g), grupo Shimano Dura-Ace Di2 2x12, medidor de potencia. M\u00e1xima eficiencia para competici\u00f3n y escalada sin l\u00edmites.","robots":{"index":"index","follow":"follow","max-snippet":"max-snippet:-1","max-image-preview":"max-image-preview:large","max-video-preview":"max-video-preview:-1"},"canonical":"https:\/\/naturalbikes.cl\/?product=bicicleta-rutera-orbea-orca-m10iltd-pwr","og_locale":"es_ES","og_type":"article","og_title":"Bicicleta Orbea Orca M10iLTD PWR","og_description":"Ofrecer a nuestros clientes apasionados por el ciclismo de monta\u00f1a la mejor experiencia en productos, conocimientos especializados y servicios excepcionales. Nos comprometemos a proporcionar una amplia gama de bicicletas, accesorios y equipo de alta calidad, junto con asesoramiento experto y atenci\u00f3n personalizada para cada ciclista, para que puedan explorar, disfrutar y maximizar su aventura en el mundo del MTB","og_url":"https:\/\/naturalbikes.cl\/?product=bicicleta-rutera-orbea-orca-m10iltd-pwr","og_site_name":"NaturalBikes","article_publisher":"https:\/\/www.facebook.com\/naturalbikescl","article_modified_time":"2026-01-06T20:11:50+00:00","og_image":[{"width":1189,"height":690,"url":"https:\/\/naturalbikes.cl\/wp-content\/uploads\/2024\/05\/787937.webp","type":"image\/webp"}],"twitter_card":"summary_large_image","twitter_misc":{"Tiempo de lectura":"2 minutos"},"schema":{"@context":"https:\/\/schema.org","@graph":[{"@type":"WebPage","@id":"https:\/\/naturalbikes.cl\/?product=bicicleta-rutera-orbea-orca-m10iltd-pwr","url":"https:\/\/naturalbikes.cl\/?product=bicicleta-rutera-orbea-orca-m10iltd-pwr","name":"Orbea Orca M10iLTD PWR - Ruta Ultraligera Carbono","isPartOf":{"@id":"https:\/\/naturalbikes.cl\/#website"},"primaryImageOfPage":{"@id":"https:\/\/naturalbikes.cl\/?product=bicicleta-rutera-orbea-orca-m10iltd-pwr#primaryimage"},"image":{"@id":"https:\/\/naturalbikes.cl\/?product=bicicleta-rutera-orbea-orca-m10iltd-pwr#primaryimage"},"thumbnailUrl":"https:\/\/naturalbikes.cl\/wp-content\/uploads\/2024\/05\/787937.webp","datePublished":"2024-05-15T01:54:19+00:00","dateModified":"2026-01-06T20:11:50+00:00","description":"Orbea Orca M10iLTD PWR: Bicicleta de carretera de \u00e9lite. Cuadro de Carbono OMX ultraligero (750g), grupo Shimano Dura-Ace Di2 2x12, medidor de potencia. M\u00e1xima eficiencia para competici\u00f3n y escalada sin l\u00edmites.","breadcrumb":{"@id":"https:\/\/naturalbikes.cl\/?product=bicicleta-rutera-orbea-orca-m10iltd-pwr#breadcrumb"},"inLanguage":"es","potentialAction":[{"@type":"ReadAction","target":["https:\/\/naturalbikes.cl\/?product=bicicleta-rutera-orbea-orca-m10iltd-pwr"]}]},{"@type":"ImageObject","inLanguage":"es","@id":"https:\/\/naturalbikes.cl\/?product=bicicleta-rutera-orbea-orca-m10iltd-pwr#primaryimage","url":"https:\/\/naturalbikes.cl\/wp-content\/uploads\/2024\/05\/787937.webp","contentUrl":"https:\/\/naturalbikes.cl\/wp-content\/uploads\/2024\/05\/787937.webp","width":1189,"height":690},{"@type":"BreadcrumbList","@id":"https:\/\/naturalbikes.cl\/?product=bicicleta-rutera-orbea-orca-m10iltd-pwr#breadcrumb","itemListElement":[{"@type":"ListItem","position":1,"name":"Portada","item":"https:\/\/naturalbikes.cl\/"},{"@type":"ListItem","position":2,"name":"Tienda NB","item":"https:\/\/naturalbikes.cl\/?page_id=7843"},{"@type":"ListItem","position":3,"name":"Orbea","item":"https:\/\/naturalbikes.cl\/?product_brand=orbea"},{"@type":"ListItem","position":4,"name":"Bicicleta Orbea Orca M10iLTD PWR"}]},{"@type":"WebSite","@id":"https:\/\/naturalbikes.cl\/#website","url":"https:\/\/naturalbikes.cl\/","name":"Natural Bikes","description":"Tienda de bicicletas repuestos accesorios taller mantenimiento clases salidas","publisher":{"@id":"https:\/\/naturalbikes.cl\/#organization"},"alternateName":"Natural Bikes","potentialAction":[{"@type":"SearchAction","target":{"@type":"EntryPoint","urlTemplate":"https:\/\/naturalbikes.cl\/?s={search_term_string}"},"query-input":{"@type":"PropertyValueSpecification","valueRequired":true,"valueName":"search_term_string"}}],"inLanguage":"es"},{"@type":"Organization","@id":"https:\/\/naturalbikes.cl\/#organization","name":"Natural Bikes","alternateName":"Natural Bikes","url":"https:\/\/naturalbikes.cl\/","logo":{"@type":"ImageObject","inLanguage":"es","@id":"https:\/\/naturalbikes.cl\/#\/schema\/logo\/image\/","url":"https:\/\/naturalbikes.cl\/wp-content\/uploads\/2024\/05\/2023-10-10-10.44.12.jpg","contentUrl":"https:\/\/naturalbikes.cl\/wp-content\/uploads\/2024\/05\/2023-10-10-10.44.12.jpg","width":650,"height":650,"caption":"Natural Bikes"},"image":{"@id":"https:\/\/naturalbikes.cl\/#\/schema\/logo\/image\/"},"sameAs":["https:\/\/www.facebook.com\/naturalbikescl","https:\/\/www.instagram.com\/natural.bikes","https:\/\/www.tiktok.com\/@natural.bikes"],"description":"Ofrecer a nuestros clientes apasionados por el ciclismo de monta\u00f1a la mejor experiencia en productos, conocimientos especializados y servicios excepcionales. Nos comprometemos a proporcionar una amplia gama de bicicletas, accesorios y equipo de alta calidad, junto con asesoramiento experto y atenci\u00f3n personalizada para cada ciclista, para que puedan explorar, disfrutar y maximizar su aventura en el mundo del MTB","email":"naturalbikes1@gmail.com","telephone":"56977043878","legalName":"Natural Bikes Limitada","foundingDate":"2024-01-01","vatID":"76699553-5","taxID":"76699553-5","numberOfEmployees":{"@type":"QuantitativeValue","minValue":"1","maxValue":"10"},"publishingPrinciples":"https:\/\/naturalbikes.cl\/?page_id=7843","ownershipFundingInfo":"https:\/\/naturalbikes.cl\/?page_id=7843","actionableFeedbackPolicy":"https:\/\/naturalbikes.cl\/?page_id=14797","correctionsPolicy":"https:\/\/naturalbikes.cl\/?page_id=3","ethicsPolicy":"https:\/\/naturalbikes.cl\/?page_id=7843","diversityPolicy":"https:\/\/naturalbikes.cl\/?page_id=11734","diversityStaffingReport":"https:\/\/naturalbikes.cl\/?page_id=12161"}]}},"_links":{"self":[{"href":"https:\/\/naturalbikes.cl\/index.php?rest_route=\/wp\/v2\/product\/19279"}],"collection":[{"href":"https:\/\/naturalbikes.cl\/index.php?rest_route=\/wp\/v2\/product"}],"about":[{"href":"https:\/\/naturalbikes.cl\/index.php?rest_route=\/wp\/v2\/types\/product"}],"replies":[{"embeddable":true,"href":"https:\/\/naturalbikes.cl\/index.php?rest_route=%2Fwp%2Fv2%2Fcomments&post=19279"}],"wp:featuredmedia":[{"embeddable":true,"href":"https:\/\/naturalbikes.cl\/index.php?rest_route=\/wp\/v2\/media\/19283"}],"wp:attachment":[{"href":"https:\/\/naturalbikes.cl\/index.php?rest_route=%2Fwp%2Fv2%2Fmedia&parent=19279"}],"wp:term":[{"taxonomy":"product_cat","embeddable":true,"href":"https:\/\/naturalbikes.cl\/index.php?rest_route=%2Fwp%2Fv2%2Fproduct_cat&post=19279"},{"taxonomy":"product_tag","embeddable":true,"href":"https:\/\/naturalbikes.cl\/index.php?rest_route=%2Fwp%2Fv2%2Fproduct_tag&post=19279"}],"curies":[{"name":"wp","href":"https:\/\/api.w.org\/{rel}","templated":true}]}}