{"id":18953,"date":"2024-05-12T21:26:41","date_gmt":"2024-05-13T01:26:41","guid":{"rendered":"https:\/\/naturalbikes.cl\/?post_type=product&#038;p=18953"},"modified":"2026-01-06T17:12:16","modified_gmt":"2026-01-06T20:12:16","slug":"bicicleta-orbea-orca-m31eteam-pwr","status":"publish","type":"product","link":"https:\/\/naturalbikes.cl\/?product=bicicleta-orbea-orca-m31eteam-pwr","title":{"rendered":"Bicicleta Orbea Orca M31 eTeam PWR"},"content":{"rendered":"<div class=\"card__header\">\n<h2 class=\"card__title heading h3\"><img decoding=\"async\" style=\"font-size: 16px;\" src=\"https:\/\/cdn.shopify.com\/s\/files\/1\/0084\/1151\/2896\/files\/orbea-logo_480x480.svg?v=1694812871\" alt=\"\" \/><\/h2>\n<\/div>\n<div class=\"card__section \">\n<div class=\"rte text--pull\">\n<h2>PRAISE THE LIGHT<\/h2>\n<p>La nueva Orca no es simplemente ligera. Es una bici de 6,7Kg de pura tecnolog\u00eda que cambiar\u00e1 la forma en la que llegas a la cima. Esa sensaci\u00f3n que transmite una bici ligera y eficiente es insuperable. La aceleraci\u00f3n instant\u00e1nea, absorci\u00f3n de vibraciones y conducci\u00f3n reactiva proviene de un cuadro dise\u00f1ado para reducir el peso y reforzar la rigidez.<\/p>\n<h3>POWERSPINE<\/h3>\n<p>La parte inferior del cuadro soporta la mayor\u00eda de las cargas torsionales y laterales.<img decoding=\"async\" src=\"https:\/\/cdn.shopify.com\/s\/files\/1\/0084\/1151\/2896\/files\/orca_24_powerspine.png?v=1711038978\" alt=\"\" \/><\/p>\n<h3>ICR PLUS<\/h3>\n<p>El cableado interno va cuidadosamente guiado por debajo de la potencia y por dentro del tubo de direcci\u00f3n, sin rozaduras ni ruidos, y esta optimizado para cambios tanto mec\u00e1nicos como el\u00e9ctricos.<img decoding=\"async\" src=\"https:\/\/cdn.shopify.com\/s\/files\/1\/0084\/1151\/2896\/files\/orca_24_icr-plus.png?v=1711038978\" alt=\"\" \/><\/p>\n<h3>PASO DE RUEDA DE 32MM<\/h3>\n<p>Como ciclistas conocemos las ventajas de montar cubiertas m\u00e1s anchas en superficies irregulares.<img decoding=\"async\" src=\"https:\/\/cdn.shopify.com\/s\/files\/1\/0084\/1151\/2896\/files\/orca_24_tire-clearance.png?v=1711038978\" alt=\"\" \/><\/p>\n<p>&nbsp;<\/p>\n<h3 class=\"titleblock\">ESPECIFICACIONES<\/h3>\n<div class=\"row\">\n<div class=\"text\">\n<p><strong>CUADRO<\/strong><\/p>\n<p>Orbea Orca carbon OMR 2024, monocoque construction, HS 1,5&#8243;, BB 386mm, powermeter compatible, Rear Thru Axle 12x142mm, thread M12x2 P1, internal cable routing.<\/p>\n<p><strong>HORQUILLA<\/strong><\/p>\n<p>Orbea Orca OMR ICR 2024, full carbon, 1-1\/8&#8243; &#8211; 1,5&#8243; tappered head tube compatible, Thru axle 12x100mm, thread M12x2 P1.<\/p>\n<p><strong>DIRECCION<\/strong><\/p>\n<p>FSA 1-1\/2&#8243; Integrated Aluminium Cup<\/p>\n<p><strong>TRANSMISI\u00d3N<\/strong><\/p>\n<p>PLATO\/BIELA<\/p>\n<p>SRAM Rival Dub 33x46t<\/p>\n<p><strong>MANETAS<\/strong><\/p>\n<p>SRAM Rival eTap AXS<\/p>\n<p><strong>PI\u00d1ON<\/strong><\/p>\n<p>SRAM XG-1250 10-30t 12-Speed<\/p>\n<p><strong>CAMBIO<\/strong><\/p>\n<p>SRAM Rival eTAP AXS<\/p>\n<p><strong>DESVIADOR<\/strong><\/p>\n<p>SRAM Rival eTAP AXS<\/p>\n<p><strong>CADENA<\/strong><\/p>\n<p>SRAM Rival 12-Speed<\/p>\n<p><strong>COCKPIT<\/strong><\/p>\n<p>MANILLAR<\/p>\n<p>OC Road Performance RP31, Reach 80, Drop 125<\/p>\n<p><strong>POTENCIA<\/strong><\/p>\n<p>OC Road Performance RP10, -8\u00ba<\/p>\n<p><strong>FRENOS<\/strong><\/p>\n<p>FRENO<\/p>\n<p>SRAM Rival eTap AXS<\/p>\n<p><strong>RUEDAS<\/strong><\/p>\n<p>RUEDA<\/p>\n<p>Oquo Road Performance RP35PRO<\/p>\n<p><strong>CUBIERTA<\/strong><\/p>\n<p>Vittoria Corsa N.Ext G2.0 Foldable 700x28c<\/p>\n<p>EJE RDELANTEROUEDA<\/p>\n<p>Orbea Thru Axle 12x100mm M12x2 P1 Hollow<\/p>\n<p>Orbea Thru Axle 12x142mm M12x2 P1 Hollow<\/p>\n<p><strong>COMPONENTES<\/strong><\/p>\n<p><strong>TIJA SILLIN<\/strong><\/p>\n<p>OC Performance XP10-S Carbon, 27.2mm, Setback 20<\/p>\n<p><strong>SILLIN<\/strong><\/p>\n<p>Fizik Vento Antares R7 Alloy Rail 140mm<\/p>\n<p><strong>ACCESORIOS<\/strong><\/p>\n<p><strong>CINTA MANILLAR<\/strong><\/p>\n<p>Orbea Anti-Slippery\/Shock Proof<\/p>\n<\/div>\n<\/div>\n<\/div>\n<\/div>\n","protected":false},"excerpt":{"rendered":"<p><a href=\"https:\/\/naturalbikes.cl\/wp-content\/uploads\/2024\/05\/orbea-logo_480x480.svg\"><img decoding=\"async\" class=\"size-full wp-image-18921 alignleft\" src=\"https:\/\/naturalbikes.cl\/wp-content\/uploads\/2024\/05\/orbea-logo_480x480.svg\" alt=\"\" width=\"148\" height=\"16\" \/><\/a><\/p>\n<p><strong>Alcanza la cima del rendimiento.Eleva tu experiencia de ciclismo con la Bicicleta Orbea ORCA M31eTEAM PWR, una m\u00e1quina de carretera ultraligera dise\u00f1ada para la velocidad y la eficiencia.<\/strong><\/p>\n","protected":false},"featured_media":18972,"comment_status":"open","ping_status":"closed","template":"","meta":[],"product_cat":[204,195,298],"product_tag":[1181,827,826],"class_list":{"0":"post-18953","1":"product","2":"type-product","3":"status-publish","4":"has-post-thumbnail","6":"product_brand-orbea","7":"product_cat-bicicleta-ruta","8":"product_cat-bicicletas","9":"product_cat-orbea-bicicleta-ruta","10":"product_tag-bicicleta-carretera","11":"product_tag-bicicleta-ruta","12":"product_tag-ruta","14":"first","15":"outofstock","16":"taxable","17":"shipping-taxable","18":"purchasable","19":"product-type-variable","20":"rtwpvg-product"},"yoast_head":"<!-- This site is optimized with the Yoast SEO Premium plugin v24.8 (Yoast SEO v25.6) - https:\/\/yoast.com\/wordpress\/plugins\/seo\/ -->\n<title>Bicicleta Orbea Orca M31 eTeam PWR - NaturalBikes<\/title>\n<meta name=\"description\" content=\"Alcanza la cima del rendimiento.Eleva tu experiencia de ciclismo con la Bicicleta Orbea ORCA M31eTEAM PWR, una m\u00e1quina de carretera ultraligera dise\u00f1ada para la velocidad y la eficiencia.\" \/>\n<meta name=\"robots\" content=\"index, follow, max-snippet:-1, max-image-preview:large, max-video-preview:-1\" \/>\n<link rel=\"canonical\" href=\"https:\/\/naturalbikes.cl\/?product=bicicleta-orbea-orca-m31eteam-pwr\" \/>\n<meta property=\"og:locale\" content=\"es_ES\" \/>\n<meta property=\"og:type\" content=\"article\" \/>\n<meta property=\"og:title\" content=\"Bicicleta Orbea Orca M31 eTeam PWR\" \/>\n<meta property=\"og:description\" content=\"Ofrecer a nuestros clientes apasionados por el ciclismo de monta\u00f1a la mejor experiencia en productos, conocimientos especializados y servicios excepcionales. Nos comprometemos a proporcionar una amplia gama de bicicletas, accesorios y equipo de alta calidad, junto con asesoramiento experto y atenci\u00f3n personalizada para cada ciclista, para que puedan explorar, disfrutar y maximizar su aventura en el mundo del MTB\" \/>\n<meta property=\"og:url\" content=\"https:\/\/naturalbikes.cl\/?product=bicicleta-orbea-orca-m31eteam-pwr\" \/>\n<meta property=\"og:site_name\" content=\"NaturalBikes\" \/>\n<meta property=\"article:publisher\" content=\"https:\/\/www.facebook.com\/naturalbikescl\" \/>\n<meta property=\"article:modified_time\" content=\"2026-01-06T20:12:16+00:00\" \/>\n<meta property=\"og:image\" content=\"https:\/\/naturalbikes.cl\/wp-content\/uploads\/2024\/05\/R113TTCC-AJ-SIDE-ORCA_M31eTEAM_700x.webp\" \/>\n\t<meta property=\"og:image:width\" content=\"700\" \/>\n\t<meta property=\"og:image:height\" content=\"605\" \/>\n\t<meta property=\"og:image:type\" content=\"image\/webp\" \/>\n<meta name=\"twitter:card\" content=\"summary_large_image\" \/>\n<meta name=\"twitter:label1\" content=\"Tiempo de lectura\" \/>\n\t<meta name=\"twitter:data1\" content=\"3 minutos\" \/>\n<script type=\"application\/ld+json\" class=\"yoast-schema-graph\">{\"@context\":\"https:\/\/schema.org\",\"@graph\":[{\"@type\":\"WebPage\",\"@id\":\"https:\/\/naturalbikes.cl\/?product=bicicleta-orbea-orca-m31eteam-pwr\",\"url\":\"https:\/\/naturalbikes.cl\/?product=bicicleta-orbea-orca-m31eteam-pwr\",\"name\":\"Bicicleta Orbea Orca M31 eTeam PWR - NaturalBikes\",\"isPartOf\":{\"@id\":\"https:\/\/naturalbikes.cl\/#website\"},\"primaryImageOfPage\":{\"@id\":\"https:\/\/naturalbikes.cl\/?product=bicicleta-orbea-orca-m31eteam-pwr#primaryimage\"},\"image\":{\"@id\":\"https:\/\/naturalbikes.cl\/?product=bicicleta-orbea-orca-m31eteam-pwr#primaryimage\"},\"thumbnailUrl\":\"https:\/\/naturalbikes.cl\/wp-content\/uploads\/2024\/05\/R113TTCC-AJ-SIDE-ORCA_M31eTEAM_700x.webp\",\"datePublished\":\"2024-05-13T01:26:41+00:00\",\"dateModified\":\"2026-01-06T20:12:16+00:00\",\"description\":\"Alcanza la cima del rendimiento.Eleva tu experiencia de ciclismo con la Bicicleta Orbea ORCA M31eTEAM PWR, una m\u00e1quina de carretera ultraligera dise\u00f1ada para la velocidad y la eficiencia.\",\"breadcrumb\":{\"@id\":\"https:\/\/naturalbikes.cl\/?product=bicicleta-orbea-orca-m31eteam-pwr#breadcrumb\"},\"inLanguage\":\"es\",\"potentialAction\":[{\"@type\":\"ReadAction\",\"target\":[\"https:\/\/naturalbikes.cl\/?product=bicicleta-orbea-orca-m31eteam-pwr\"]}]},{\"@type\":\"ImageObject\",\"inLanguage\":\"es\",\"@id\":\"https:\/\/naturalbikes.cl\/?product=bicicleta-orbea-orca-m31eteam-pwr#primaryimage\",\"url\":\"https:\/\/naturalbikes.cl\/wp-content\/uploads\/2024\/05\/R113TTCC-AJ-SIDE-ORCA_M31eTEAM_700x.webp\",\"contentUrl\":\"https:\/\/naturalbikes.cl\/wp-content\/uploads\/2024\/05\/R113TTCC-AJ-SIDE-ORCA_M31eTEAM_700x.webp\",\"width\":700,\"height\":605},{\"@type\":\"BreadcrumbList\",\"@id\":\"https:\/\/naturalbikes.cl\/?product=bicicleta-orbea-orca-m31eteam-pwr#breadcrumb\",\"itemListElement\":[{\"@type\":\"ListItem\",\"position\":1,\"name\":\"Portada\",\"item\":\"https:\/\/naturalbikes.cl\/\"},{\"@type\":\"ListItem\",\"position\":2,\"name\":\"Tienda NB\",\"item\":\"https:\/\/naturalbikes.cl\/?page_id=7843\"},{\"@type\":\"ListItem\",\"position\":3,\"name\":\"Orbea\",\"item\":\"https:\/\/naturalbikes.cl\/?product_brand=orbea\"},{\"@type\":\"ListItem\",\"position\":4,\"name\":\"Bicicleta Orbea Orca M31 eTeam PWR\"}]},{\"@type\":\"WebSite\",\"@id\":\"https:\/\/naturalbikes.cl\/#website\",\"url\":\"https:\/\/naturalbikes.cl\/\",\"name\":\"Natural Bikes\",\"description\":\"Tienda de bicicletas repuestos accesorios taller mantenimiento clases salidas\",\"publisher\":{\"@id\":\"https:\/\/naturalbikes.cl\/#organization\"},\"alternateName\":\"Natural Bikes\",\"potentialAction\":[{\"@type\":\"SearchAction\",\"target\":{\"@type\":\"EntryPoint\",\"urlTemplate\":\"https:\/\/naturalbikes.cl\/?s={search_term_string}\"},\"query-input\":{\"@type\":\"PropertyValueSpecification\",\"valueRequired\":true,\"valueName\":\"search_term_string\"}}],\"inLanguage\":\"es\"},{\"@type\":\"Organization\",\"@id\":\"https:\/\/naturalbikes.cl\/#organization\",\"name\":\"Natural Bikes\",\"alternateName\":\"Natural Bikes\",\"url\":\"https:\/\/naturalbikes.cl\/\",\"logo\":{\"@type\":\"ImageObject\",\"inLanguage\":\"es\",\"@id\":\"https:\/\/naturalbikes.cl\/#\/schema\/logo\/image\/\",\"url\":\"https:\/\/naturalbikes.cl\/wp-content\/uploads\/2024\/05\/2023-10-10-10.44.12.jpg\",\"contentUrl\":\"https:\/\/naturalbikes.cl\/wp-content\/uploads\/2024\/05\/2023-10-10-10.44.12.jpg\",\"width\":650,\"height\":650,\"caption\":\"Natural Bikes\"},\"image\":{\"@id\":\"https:\/\/naturalbikes.cl\/#\/schema\/logo\/image\/\"},\"sameAs\":[\"https:\/\/www.facebook.com\/naturalbikescl\",\"https:\/\/www.instagram.com\/natural.bikes\",\"https:\/\/www.tiktok.com\/@natural.bikes\"],\"description\":\"Ofrecer a nuestros clientes apasionados por el ciclismo de monta\u00f1a la mejor experiencia en productos, conocimientos especializados y servicios excepcionales. Nos comprometemos a proporcionar una amplia gama de bicicletas, accesorios y equipo de alta calidad, junto con asesoramiento experto y atenci\u00f3n personalizada para cada ciclista, para que puedan explorar, disfrutar y maximizar su aventura en el mundo del MTB\",\"email\":\"naturalbikes1@gmail.com\",\"telephone\":\"56977043878\",\"legalName\":\"Natural Bikes Limitada\",\"foundingDate\":\"2024-01-01\",\"vatID\":\"76699553-5\",\"taxID\":\"76699553-5\",\"numberOfEmployees\":{\"@type\":\"QuantitativeValue\",\"minValue\":\"1\",\"maxValue\":\"10\"},\"publishingPrinciples\":\"https:\/\/naturalbikes.cl\/?page_id=7843\",\"ownershipFundingInfo\":\"https:\/\/naturalbikes.cl\/?page_id=7843\",\"actionableFeedbackPolicy\":\"https:\/\/naturalbikes.cl\/?page_id=14797\",\"correctionsPolicy\":\"https:\/\/naturalbikes.cl\/?page_id=3\",\"ethicsPolicy\":\"https:\/\/naturalbikes.cl\/?page_id=7843\",\"diversityPolicy\":\"https:\/\/naturalbikes.cl\/?page_id=11734\",\"diversityStaffingReport\":\"https:\/\/naturalbikes.cl\/?page_id=12161\"}]}<\/script>\n<!-- \/ Yoast SEO Premium plugin. -->","yoast_head_json":{"title":"Bicicleta Orbea Orca M31 eTeam PWR - NaturalBikes","description":"Alcanza la cima del rendimiento.Eleva tu experiencia de ciclismo con la Bicicleta Orbea ORCA M31eTEAM PWR, una m\u00e1quina de carretera ultraligera dise\u00f1ada para la velocidad y la eficiencia.","robots":{"index":"index","follow":"follow","max-snippet":"max-snippet:-1","max-image-preview":"max-image-preview:large","max-video-preview":"max-video-preview:-1"},"canonical":"https:\/\/naturalbikes.cl\/?product=bicicleta-orbea-orca-m31eteam-pwr","og_locale":"es_ES","og_type":"article","og_title":"Bicicleta Orbea Orca M31 eTeam PWR","og_description":"Ofrecer a nuestros clientes apasionados por el ciclismo de monta\u00f1a la mejor experiencia en productos, conocimientos especializados y servicios excepcionales. Nos comprometemos a proporcionar una amplia gama de bicicletas, accesorios y equipo de alta calidad, junto con asesoramiento experto y atenci\u00f3n personalizada para cada ciclista, para que puedan explorar, disfrutar y maximizar su aventura en el mundo del MTB","og_url":"https:\/\/naturalbikes.cl\/?product=bicicleta-orbea-orca-m31eteam-pwr","og_site_name":"NaturalBikes","article_publisher":"https:\/\/www.facebook.com\/naturalbikescl","article_modified_time":"2026-01-06T20:12:16+00:00","og_image":[{"width":700,"height":605,"url":"https:\/\/naturalbikes.cl\/wp-content\/uploads\/2024\/05\/R113TTCC-AJ-SIDE-ORCA_M31eTEAM_700x.webp","type":"image\/webp"}],"twitter_card":"summary_large_image","twitter_misc":{"Tiempo de lectura":"3 minutos"},"schema":{"@context":"https:\/\/schema.org","@graph":[{"@type":"WebPage","@id":"https:\/\/naturalbikes.cl\/?product=bicicleta-orbea-orca-m31eteam-pwr","url":"https:\/\/naturalbikes.cl\/?product=bicicleta-orbea-orca-m31eteam-pwr","name":"Bicicleta Orbea Orca M31 eTeam PWR - NaturalBikes","isPartOf":{"@id":"https:\/\/naturalbikes.cl\/#website"},"primaryImageOfPage":{"@id":"https:\/\/naturalbikes.cl\/?product=bicicleta-orbea-orca-m31eteam-pwr#primaryimage"},"image":{"@id":"https:\/\/naturalbikes.cl\/?product=bicicleta-orbea-orca-m31eteam-pwr#primaryimage"},"thumbnailUrl":"https:\/\/naturalbikes.cl\/wp-content\/uploads\/2024\/05\/R113TTCC-AJ-SIDE-ORCA_M31eTEAM_700x.webp","datePublished":"2024-05-13T01:26:41+00:00","dateModified":"2026-01-06T20:12:16+00:00","description":"Alcanza la cima del rendimiento.Eleva tu experiencia de ciclismo con la Bicicleta Orbea ORCA M31eTEAM PWR, una m\u00e1quina de carretera ultraligera dise\u00f1ada para la velocidad y la eficiencia.","breadcrumb":{"@id":"https:\/\/naturalbikes.cl\/?product=bicicleta-orbea-orca-m31eteam-pwr#breadcrumb"},"inLanguage":"es","potentialAction":[{"@type":"ReadAction","target":["https:\/\/naturalbikes.cl\/?product=bicicleta-orbea-orca-m31eteam-pwr"]}]},{"@type":"ImageObject","inLanguage":"es","@id":"https:\/\/naturalbikes.cl\/?product=bicicleta-orbea-orca-m31eteam-pwr#primaryimage","url":"https:\/\/naturalbikes.cl\/wp-content\/uploads\/2024\/05\/R113TTCC-AJ-SIDE-ORCA_M31eTEAM_700x.webp","contentUrl":"https:\/\/naturalbikes.cl\/wp-content\/uploads\/2024\/05\/R113TTCC-AJ-SIDE-ORCA_M31eTEAM_700x.webp","width":700,"height":605},{"@type":"BreadcrumbList","@id":"https:\/\/naturalbikes.cl\/?product=bicicleta-orbea-orca-m31eteam-pwr#breadcrumb","itemListElement":[{"@type":"ListItem","position":1,"name":"Portada","item":"https:\/\/naturalbikes.cl\/"},{"@type":"ListItem","position":2,"name":"Tienda NB","item":"https:\/\/naturalbikes.cl\/?page_id=7843"},{"@type":"ListItem","position":3,"name":"Orbea","item":"https:\/\/naturalbikes.cl\/?product_brand=orbea"},{"@type":"ListItem","position":4,"name":"Bicicleta Orbea Orca M31 eTeam PWR"}]},{"@type":"WebSite","@id":"https:\/\/naturalbikes.cl\/#website","url":"https:\/\/naturalbikes.cl\/","name":"Natural Bikes","description":"Tienda de bicicletas repuestos accesorios taller mantenimiento clases salidas","publisher":{"@id":"https:\/\/naturalbikes.cl\/#organization"},"alternateName":"Natural Bikes","potentialAction":[{"@type":"SearchAction","target":{"@type":"EntryPoint","urlTemplate":"https:\/\/naturalbikes.cl\/?s={search_term_string}"},"query-input":{"@type":"PropertyValueSpecification","valueRequired":true,"valueName":"search_term_string"}}],"inLanguage":"es"},{"@type":"Organization","@id":"https:\/\/naturalbikes.cl\/#organization","name":"Natural Bikes","alternateName":"Natural Bikes","url":"https:\/\/naturalbikes.cl\/","logo":{"@type":"ImageObject","inLanguage":"es","@id":"https:\/\/naturalbikes.cl\/#\/schema\/logo\/image\/","url":"https:\/\/naturalbikes.cl\/wp-content\/uploads\/2024\/05\/2023-10-10-10.44.12.jpg","contentUrl":"https:\/\/naturalbikes.cl\/wp-content\/uploads\/2024\/05\/2023-10-10-10.44.12.jpg","width":650,"height":650,"caption":"Natural Bikes"},"image":{"@id":"https:\/\/naturalbikes.cl\/#\/schema\/logo\/image\/"},"sameAs":["https:\/\/www.facebook.com\/naturalbikescl","https:\/\/www.instagram.com\/natural.bikes","https:\/\/www.tiktok.com\/@natural.bikes"],"description":"Ofrecer a nuestros clientes apasionados por el ciclismo de monta\u00f1a la mejor experiencia en productos, conocimientos especializados y servicios excepcionales. Nos comprometemos a proporcionar una amplia gama de bicicletas, accesorios y equipo de alta calidad, junto con asesoramiento experto y atenci\u00f3n personalizada para cada ciclista, para que puedan explorar, disfrutar y maximizar su aventura en el mundo del MTB","email":"naturalbikes1@gmail.com","telephone":"56977043878","legalName":"Natural Bikes Limitada","foundingDate":"2024-01-01","vatID":"76699553-5","taxID":"76699553-5","numberOfEmployees":{"@type":"QuantitativeValue","minValue":"1","maxValue":"10"},"publishingPrinciples":"https:\/\/naturalbikes.cl\/?page_id=7843","ownershipFundingInfo":"https:\/\/naturalbikes.cl\/?page_id=7843","actionableFeedbackPolicy":"https:\/\/naturalbikes.cl\/?page_id=14797","correctionsPolicy":"https:\/\/naturalbikes.cl\/?page_id=3","ethicsPolicy":"https:\/\/naturalbikes.cl\/?page_id=7843","diversityPolicy":"https:\/\/naturalbikes.cl\/?page_id=11734","diversityStaffingReport":"https:\/\/naturalbikes.cl\/?page_id=12161"}]}},"_links":{"self":[{"href":"https:\/\/naturalbikes.cl\/index.php?rest_route=\/wp\/v2\/product\/18953"}],"collection":[{"href":"https:\/\/naturalbikes.cl\/index.php?rest_route=\/wp\/v2\/product"}],"about":[{"href":"https:\/\/naturalbikes.cl\/index.php?rest_route=\/wp\/v2\/types\/product"}],"replies":[{"embeddable":true,"href":"https:\/\/naturalbikes.cl\/index.php?rest_route=%2Fwp%2Fv2%2Fcomments&post=18953"}],"wp:featuredmedia":[{"embeddable":true,"href":"https:\/\/naturalbikes.cl\/index.php?rest_route=\/wp\/v2\/media\/18972"}],"wp:attachment":[{"href":"https:\/\/naturalbikes.cl\/index.php?rest_route=%2Fwp%2Fv2%2Fmedia&parent=18953"}],"wp:term":[{"taxonomy":"product_cat","embeddable":true,"href":"https:\/\/naturalbikes.cl\/index.php?rest_route=%2Fwp%2Fv2%2Fproduct_cat&post=18953"},{"taxonomy":"product_tag","embeddable":true,"href":"https:\/\/naturalbikes.cl\/index.php?rest_route=%2Fwp%2Fv2%2Fproduct_tag&post=18953"}],"curies":[{"name":"wp","href":"https:\/\/api.w.org\/{rel}","templated":true}]}}