{"id":18743,"date":"2024-04-29T13:31:18","date_gmt":"2024-04-29T17:31:18","guid":{"rendered":"https:\/\/naturalbikes.cl\/?post_type=product&#038;p=18743"},"modified":"2026-01-06T17:11:49","modified_gmt":"2026-01-06T20:11:49","slug":"llantas-wtb-kom-tough-i30-275-tcs-20-32h","status":"publish","type":"product","link":"https:\/\/naturalbikes.cl\/?product=llantas-wtb-kom-tough-i30-275-tcs-20-32h","title":{"rendered":"Llanta WTB Kom Tough I30 27,5 Tcs 2,0 32h"},"content":{"rendered":"<p><img decoding=\"async\" class=\"alignleft\" src=\"https:\/\/cdn.shopify.com\/s\/files\/1\/0084\/1151\/2896\/files\/LOGOWTB_480x480.svg?v=1703593943\" alt=\"\" width=\"65\" height=\"84\" \/><\/p>\n<div id=\"tires-feature__8\" class=\"tech__single-feature\">\n<div class=\"tech-content\">\n<div class=\"tech-description\">\n<div class=\"product__highlights-desc\">\n<div class=\"product__highlights-desc\">\n<div class=\"product__highlights font-helvetica\">\n<div class=\"product__highlights-desc\">En pocas palabras, las llantas KOM Tough se construyeron para golpear. Los dise\u00f1amos para superar todo en su camino implacable. Las llantas KOM Tough est\u00e1n extruidas de aleaci\u00f3n de aluminio 6069 de primer nivel para una durabilidad inmejorable a un peso razonable, mientras que Dual I-Beam admite un aumento de la resistencia y la rigidez lateral para los ciclistas m\u00e1s agresivos del mundo. La exclusiva integraci\u00f3n de Solid Strip de WTB tambi\u00e9n garantiza que sean las llantas sin c\u00e1mara m\u00e1s f\u00e1ciles de montar y m\u00e1s confiables que jam\u00e1s hayas tenido. KOM Tough ha sido probado en las pistas m\u00e1s dif\u00edciles de la Serie Mundial de Enduro, depend\u00eda de los paseos diarios por senderos y de confianza mientras se hace ciclismo en regiones remotas del mundo.<\/div>\n<\/div>\n<div class=\"tech-tcs__features-list\">\n<div id=\"tires-feature__5\" class=\"tech-tcs__single-feature\">\n<div class=\"tech-tcs__feature-layout\"><\/div>\n<\/div>\n<\/div>\n<div class=\"tech__single-feature\">\n<div class=\"image-container\"><img decoding=\"async\" class=\"blur-up alignleft\" src=\"https:\/\/cdn.shopify.com\/s\/files\/1\/0202\/9884\/t\/26\/assets\/acf.tech-icon_tcs_12072022.png?v=1670629667\" width=\"40\" height=\"40\" data-src=\"https:\/\/cdn.shopify.com\/s\/files\/1\/0202\/9884\/t\/26\/assets\/acf.tech-icon_tcs_12072022.png?v=1670629667\" \/><\/div>\n<div class=\"tech-content\">\n<div class=\"tech-description\">\n<p dir=\"ltr\">TCS (Sistema Compatible sin c\u00e1mara) es nuestro sistema de llantas\/neum\u00e1ticos sin c\u00e1mara l\u00edder en la industria dise\u00f1ado de acuerdo con los est\u00e1ndares internacionales ETRTO e ISO.<\/p>\n<\/div>\n<\/div>\n<\/div>\n<div class=\"tech__single-feature\">\n<div class=\"image-container\"><img decoding=\"async\" class=\"blur-up alignleft\" src=\"https:\/\/cdn.shopify.com\/s\/files\/1\/0202\/9884\/t\/26\/assets\/acf.tech-icon_6069-alloy_12072022.png?v=1670629646\" width=\"40\" height=\"40\" data-src=\"https:\/\/cdn.shopify.com\/s\/files\/1\/0202\/9884\/t\/26\/assets\/acf.tech-icon_6069-alloy_12072022.png?v=1670629646\" \/><\/div>\n<div class=\"tech-content\">\n<div class=\"tech-description\">\n<p dir=\"ltr\">6069 es la aleaci\u00f3n de aluminio perfecta para llantas de bicicleta debido a su alta resistencia a la tracci\u00f3n y fatiga, su peso m\u00ednimo y sus excelentes propiedades anticorrosi\u00f3n.<\/p>\n<\/div>\n<\/div>\n<\/div>\n<div class=\"tech__single-feature\">\n<div class=\"image-container\"><img loading=\"lazy\" decoding=\"async\" class=\"blur-up alignleft\" src=\"https:\/\/cdn.shopify.com\/s\/files\/1\/0202\/9884\/t\/26\/assets\/acf.tech-icon_4d-drilling_12072022.png?v=1670875118\" width=\"40\" height=\"40\" data-src=\"https:\/\/cdn.shopify.com\/s\/files\/1\/0202\/9884\/t\/26\/assets\/acf.tech-icon_4d-drilling_12072022.png?v=1670875118\" \/><\/div>\n<div class=\"tech-content\">\n<div class=\"tech-description\">\n<p dir=\"ltr\">Los agujeros de los radios se perforan en un \u00e1ngulo para que coincida con el camino natural de los radios entre el borde y el cubo. Elimina la uni\u00f3n y la carga lateral de los pezones para aumentar la durabilidad de la rueda.<\/p>\n<\/div>\n<\/div>\n<\/div>\n<div class=\"tech__single-feature\">\n<div class=\"image-container\"><img loading=\"lazy\" decoding=\"async\" class=\"blur-up alignleft\" src=\"https:\/\/cdn.shopify.com\/s\/files\/1\/0202\/9884\/t\/26\/assets\/acf.tech-icon_dual-i-beam_12072022.png?v=1670636014\" width=\"40\" height=\"40\" data-src=\"https:\/\/cdn.shopify.com\/s\/files\/1\/0202\/9884\/t\/26\/assets\/acf.tech-icon_dual-i-beam_12072022.png?v=1670636014\" \/><\/div>\n<div class=\"tech-content\">\n<div class=\"tech-description\">\n<p dir=\"ltr\">Dos soportes verticales aumentan dr\u00e1sticamente la resistencia de la llanta, al tiempo que mejoran la rigidez lateral y minimizan la desviaci\u00f3n en terrenos rocosos e impredecibles.<\/p>\n<\/div>\n<\/div>\n<\/div>\n<div class=\"tech__single-feature\">\n<div class=\"image-container\"><img loading=\"lazy\" decoding=\"async\" class=\"blur-up alignleft\" src=\"https:\/\/cdn.shopify.com\/s\/files\/1\/0202\/9884\/t\/26\/assets\/acf.tech-icon_sleeved_12072022.png?v=1670629612\" width=\"40\" height=\"40\" data-src=\"https:\/\/cdn.shopify.com\/s\/files\/1\/0202\/9884\/t\/26\/assets\/acf.tech-icon_sleeved_12072022.png?v=1670629612\" \/><\/div>\n<div class=\"tech-content\">\n<div class=\"tech-description\">\n<p dir=\"ltr\">Los extremos de la llanta se presionan hidr\u00e1ulicamente sobre un inserto de aluminio extruido que coincide con la cavidad interna de la llanta y est\u00e1 reforzado con epoxi industrial.<\/p>\n<\/div>\n<\/div>\n<\/div>\n<div id=\"tires-feature__6\" class=\"tech__single-feature\">\n<div class=\"image-container\"><img loading=\"lazy\" decoding=\"async\" class=\"blur-up alignleft\" src=\"https:\/\/cdn.shopify.com\/s\/files\/1\/0202\/9884\/t\/26\/assets\/acf.tech-icon_on-ramp_12072022.png?v=1670636028\" width=\"40\" height=\"40\" data-src=\"https:\/\/cdn.shopify.com\/s\/files\/1\/0202\/9884\/t\/26\/assets\/acf.tech-icon_on-ramp_12072022.png?v=1670636028\" \/><\/div>\n<div class=\"tech-content\">\n<div class=\"tech-description\">\n<p dir=\"ltr\">El valle de la llanta inclinado permite que la cuenta del neum\u00e1tico se mueva f\u00e1cil y suavemente en su lugar durante la instalaci\u00f3n y el inflado.<\/p>\n<\/div>\n<\/div>\n<\/div>\n<div id=\"tires-feature__7\" class=\"tech__single-feature\">\n<div class=\"image-container\"><img loading=\"lazy\" decoding=\"async\" class=\"blur-up alignleft\" src=\"https:\/\/cdn.shopify.com\/s\/files\/1\/0202\/9884\/t\/26\/assets\/acf.tech-icon_solid-strip_12072022.png?v=1670629568\" width=\"40\" height=\"40\" data-src=\"https:\/\/cdn.shopify.com\/s\/files\/1\/0202\/9884\/t\/26\/assets\/acf.tech-icon_solid-strip_12072022.png?v=1670629568\" \/><\/div>\n<div class=\"tech-content\">\n<div class=\"tech-description\">\n<p dir=\"ltr\">Instalado entre la llanta y la cinta sin c\u00e1mara para evitar que la cinta se haldiga en cada agujero del radio y facilitar el inflado de los neum\u00e1ticos, al tiempo que se evita la perforaci\u00f3n de un radio roto.<\/p>\n<\/div>\n<\/div>\n<\/div>\n<div id=\"tires-feature__8\" class=\"tech__single-feature\">\n<div class=\"image-container\"><img loading=\"lazy\" decoding=\"async\" class=\"blur-up alignleft\" src=\"https:\/\/cdn.shopify.com\/s\/files\/1\/0202\/9884\/t\/26\/assets\/acf.tech-icon_iso-etrto-compliant_12072022.png?v=1670635908\" width=\"40\" height=\"40\" data-src=\"https:\/\/cdn.shopify.com\/s\/files\/1\/0202\/9884\/t\/26\/assets\/acf.tech-icon_iso-etrto-compliant_12072022.png?v=1670635908\" \/><\/div>\n<div class=\"tech-content\">\n<div class=\"tech-description\">\n<p dir=\"ltr\">Est\u00e1n estandarizados internacionalmente para garantizar que la compatibilidad de las llantas y los neum\u00e1ticos sea lo m\u00e1s consistente y f\u00e1cil de usar posible tanto para los productos de WTB como para los de nuestros competidores.<\/p>\n<h5 dir=\"ltr\"><strong>ESPECIFICACIONES: (RANGO M\u00c1XIMO DE TENSI\u00d3N DE RADIO: 110-120 KG F)<\/strong><\/h5>\n<p dir=\"ltr\"><strong>PRODUCTO: \u00a0KOM Tough i30 27,5&#8243; TCS 2.0 Llanta, 32 agujeros Negro, PV<\/strong><\/p>\n<p dir=\"ltr\"><strong>Tama\u00f1o de la rueda:\u00a027,5&#8243;<\/strong><\/p>\n<p dir=\"ltr\"><strong>Ancho interior: 30 mm<\/strong><\/p>\n<p dir=\"ltr\"><strong>*Peso: 531g<\/strong><\/p>\n<p dir=\"ltr\"><strong>Recuento de agujeros:<\/strong>\u00a032<\/p>\n<p dir=\"ltr\"><strong>ERD: 570<\/strong><\/p>\n<p dir=\"ltr\"><strong>Designaci\u00f3n del tama\u00f1o de la llanta:\u00a030-584<\/strong><\/p>\n<p dir=\"ltr\"><strong>N\u00famero de pieza:\u00a0W020-0611<\/strong><\/p>\n<\/div>\n<\/div>\n<\/div>\n<\/div>\n<\/div>\n<\/div>\n<\/div>\n<\/div>\n","protected":false},"excerpt":{"rendered":"<p><img decoding=\"async\" class=\"alignleft\" src=\"https:\/\/cdn.shopify.com\/s\/files\/1\/0084\/1151\/2896\/files\/LOGOWTB_480x480.svg?v=1703593943\" alt=\"\" width=\"65\" height=\"84\" \/><\/p>\n<p><strong>Conquista cualquier terreno con las llantas WTB Kom Tough I30 27.5 TCS 2.0 32H. Dise\u00f1adas para resistir condiciones extremas, estas llantas ofrecen durabilidad y rendimiento excepcionales en cada aventura en bicicleta de monta\u00f1a. Con su ancho de 30 mm y tecnolog\u00eda TCS, proporcionan una excelente tracci\u00f3n y estabilidad en una variedad de terrenos. Prep\u00e1rate para elevar tu experiencia en trail con las llantas WTB Kom Tough I30 27.5 TCS 2.0 32H.<\/strong><\/p>\n","protected":false},"featured_media":18747,"comment_status":"open","ping_status":"closed","template":"","meta":[],"product_cat":[198,770],"product_tag":[1172,1173],"class_list":{"0":"post-18743","1":"product","2":"type-product","3":"status-publish","4":"has-post-thumbnail","6":"product_brand-wtb","7":"product_cat-componentes","8":"product_cat-ruedas","9":"product_tag-llantas","10":"product_tag-rims","12":"first","13":"instock","14":"taxable","15":"shipping-taxable","16":"purchasable","17":"product-type-simple"},"yoast_head":"<!-- This site is optimized with the Yoast SEO Premium plugin v24.8 (Yoast SEO v25.6) - https:\/\/yoast.com\/wordpress\/plugins\/seo\/ -->\n<title>Terrenos Desafiantes: Llantas WTB Kom Tough I30 27.5 2.0 32H<\/title>\n<meta name=\"description\" content=\"Conquista cualquier terreno con las llantas WTB Kom Tough I30 27.5 TCS 2.0 32H. Dise\u00f1adas para resistir condiciones extremas, estas llantas ofrecen durabilidad y rendimiento excepcionales en cada aventura en bicicleta de monta\u00f1a. Con su ancho de 30 mm y tecnolog\u00eda TCS, proporcionan una excelente tracci\u00f3n y estabilidad en una variedad de terrenos. Prep\u00e1rate para elevar tu experiencia en trail con las llantas WTB Kom Tough I30 27.5 TCS 2.0 32H.\" \/>\n<meta name=\"robots\" content=\"index, follow, max-snippet:-1, max-image-preview:large, max-video-preview:-1\" \/>\n<link rel=\"canonical\" href=\"https:\/\/naturalbikes.cl\/?product=llantas-wtb-kom-tough-i30-275-tcs-20-32h\" \/>\n<meta property=\"og:locale\" content=\"es_ES\" \/>\n<meta property=\"og:type\" content=\"article\" \/>\n<meta property=\"og:title\" content=\"Llanta WTB Kom Tough I30 27,5 Tcs 2,0 32h\" \/>\n<meta property=\"og:description\" content=\"Ofrecer a nuestros clientes apasionados por el ciclismo de monta\u00f1a la mejor experiencia en productos, conocimientos especializados y servicios excepcionales. Nos comprometemos a proporcionar una amplia gama de bicicletas, accesorios y equipo de alta calidad, junto con asesoramiento experto y atenci\u00f3n personalizada para cada ciclista, para que puedan explorar, disfrutar y maximizar su aventura en el mundo del MTB\" \/>\n<meta property=\"og:url\" content=\"https:\/\/naturalbikes.cl\/?product=llantas-wtb-kom-tough-i30-275-tcs-20-32h\" \/>\n<meta property=\"og:site_name\" content=\"NaturalBikes\" \/>\n<meta property=\"article:publisher\" content=\"https:\/\/www.facebook.com\/naturalbikescl\" \/>\n<meta property=\"article:modified_time\" content=\"2026-01-06T20:11:49+00:00\" \/>\n<meta property=\"og:image\" content=\"https:\/\/naturalbikes.cl\/wp-content\/uploads\/2024\/04\/L1161-1680568633281_1000x.jpg.webp\" \/>\n\t<meta property=\"og:image:width\" content=\"1000\" \/>\n\t<meta property=\"og:image:height\" content=\"1000\" \/>\n\t<meta property=\"og:image:type\" content=\"image\/webp\" \/>\n<meta name=\"twitter:card\" content=\"summary_large_image\" \/>\n<meta name=\"twitter:label1\" content=\"Tiempo de lectura\" \/>\n\t<meta name=\"twitter:data1\" content=\"4 minutos\" \/>\n<script type=\"application\/ld+json\" class=\"yoast-schema-graph\">{\"@context\":\"https:\/\/schema.org\",\"@graph\":[{\"@type\":\"WebPage\",\"@id\":\"https:\/\/naturalbikes.cl\/?product=llantas-wtb-kom-tough-i30-275-tcs-20-32h\",\"url\":\"https:\/\/naturalbikes.cl\/?product=llantas-wtb-kom-tough-i30-275-tcs-20-32h\",\"name\":\"Terrenos Desafiantes: Llantas WTB Kom Tough I30 27.5 2.0 32H\",\"isPartOf\":{\"@id\":\"https:\/\/naturalbikes.cl\/#website\"},\"primaryImageOfPage\":{\"@id\":\"https:\/\/naturalbikes.cl\/?product=llantas-wtb-kom-tough-i30-275-tcs-20-32h#primaryimage\"},\"image\":{\"@id\":\"https:\/\/naturalbikes.cl\/?product=llantas-wtb-kom-tough-i30-275-tcs-20-32h#primaryimage\"},\"thumbnailUrl\":\"https:\/\/naturalbikes.cl\/wp-content\/uploads\/2024\/04\/L1161-1680568633281_1000x.jpg.webp\",\"datePublished\":\"2024-04-29T17:31:18+00:00\",\"dateModified\":\"2026-01-06T20:11:49+00:00\",\"description\":\"Conquista cualquier terreno con las llantas WTB Kom Tough I30 27.5 TCS 2.0 32H. Dise\u00f1adas para resistir condiciones extremas, estas llantas ofrecen durabilidad y rendimiento excepcionales en cada aventura en bicicleta de monta\u00f1a. Con su ancho de 30 mm y tecnolog\u00eda TCS, proporcionan una excelente tracci\u00f3n y estabilidad en una variedad de terrenos. Prep\u00e1rate para elevar tu experiencia en trail con las llantas WTB Kom Tough I30 27.5 TCS 2.0 32H.\",\"breadcrumb\":{\"@id\":\"https:\/\/naturalbikes.cl\/?product=llantas-wtb-kom-tough-i30-275-tcs-20-32h#breadcrumb\"},\"inLanguage\":\"es\",\"potentialAction\":[{\"@type\":\"ReadAction\",\"target\":[\"https:\/\/naturalbikes.cl\/?product=llantas-wtb-kom-tough-i30-275-tcs-20-32h\"]}]},{\"@type\":\"ImageObject\",\"inLanguage\":\"es\",\"@id\":\"https:\/\/naturalbikes.cl\/?product=llantas-wtb-kom-tough-i30-275-tcs-20-32h#primaryimage\",\"url\":\"https:\/\/naturalbikes.cl\/wp-content\/uploads\/2024\/04\/L1161-1680568633281_1000x.jpg.webp\",\"contentUrl\":\"https:\/\/naturalbikes.cl\/wp-content\/uploads\/2024\/04\/L1161-1680568633281_1000x.jpg.webp\",\"width\":1000,\"height\":1000},{\"@type\":\"BreadcrumbList\",\"@id\":\"https:\/\/naturalbikes.cl\/?product=llantas-wtb-kom-tough-i30-275-tcs-20-32h#breadcrumb\",\"itemListElement\":[{\"@type\":\"ListItem\",\"position\":1,\"name\":\"Portada\",\"item\":\"https:\/\/naturalbikes.cl\/\"},{\"@type\":\"ListItem\",\"position\":2,\"name\":\"Tienda NB\",\"item\":\"https:\/\/naturalbikes.cl\/?page_id=7843\"},{\"@type\":\"ListItem\",\"position\":3,\"name\":\"WTB\",\"item\":\"https:\/\/naturalbikes.cl\/?product_brand=wtb\"},{\"@type\":\"ListItem\",\"position\":4,\"name\":\"Llanta WTB Kom Tough I30 27,5 Tcs 2,0 32h\"}]},{\"@type\":\"WebSite\",\"@id\":\"https:\/\/naturalbikes.cl\/#website\",\"url\":\"https:\/\/naturalbikes.cl\/\",\"name\":\"Natural Bikes\",\"description\":\"Tienda de bicicletas repuestos accesorios taller mantenimiento clases salidas\",\"publisher\":{\"@id\":\"https:\/\/naturalbikes.cl\/#organization\"},\"alternateName\":\"Natural Bikes\",\"potentialAction\":[{\"@type\":\"SearchAction\",\"target\":{\"@type\":\"EntryPoint\",\"urlTemplate\":\"https:\/\/naturalbikes.cl\/?s={search_term_string}\"},\"query-input\":{\"@type\":\"PropertyValueSpecification\",\"valueRequired\":true,\"valueName\":\"search_term_string\"}}],\"inLanguage\":\"es\"},{\"@type\":\"Organization\",\"@id\":\"https:\/\/naturalbikes.cl\/#organization\",\"name\":\"Natural Bikes\",\"alternateName\":\"Natural Bikes\",\"url\":\"https:\/\/naturalbikes.cl\/\",\"logo\":{\"@type\":\"ImageObject\",\"inLanguage\":\"es\",\"@id\":\"https:\/\/naturalbikes.cl\/#\/schema\/logo\/image\/\",\"url\":\"https:\/\/naturalbikes.cl\/wp-content\/uploads\/2024\/05\/2023-10-10-10.44.12.jpg\",\"contentUrl\":\"https:\/\/naturalbikes.cl\/wp-content\/uploads\/2024\/05\/2023-10-10-10.44.12.jpg\",\"width\":650,\"height\":650,\"caption\":\"Natural Bikes\"},\"image\":{\"@id\":\"https:\/\/naturalbikes.cl\/#\/schema\/logo\/image\/\"},\"sameAs\":[\"https:\/\/www.facebook.com\/naturalbikescl\",\"https:\/\/www.instagram.com\/natural.bikes\",\"https:\/\/www.tiktok.com\/@natural.bikes\"],\"description\":\"Ofrecer a nuestros clientes apasionados por el ciclismo de monta\u00f1a la mejor experiencia en productos, conocimientos especializados y servicios excepcionales. Nos comprometemos a proporcionar una amplia gama de bicicletas, accesorios y equipo de alta calidad, junto con asesoramiento experto y atenci\u00f3n personalizada para cada ciclista, para que puedan explorar, disfrutar y maximizar su aventura en el mundo del MTB\",\"email\":\"naturalbikes1@gmail.com\",\"telephone\":\"56977043878\",\"legalName\":\"Natural Bikes Limitada\",\"foundingDate\":\"2024-01-01\",\"vatID\":\"76699553-5\",\"taxID\":\"76699553-5\",\"numberOfEmployees\":{\"@type\":\"QuantitativeValue\",\"minValue\":\"1\",\"maxValue\":\"10\"},\"publishingPrinciples\":\"https:\/\/naturalbikes.cl\/?page_id=7843\",\"ownershipFundingInfo\":\"https:\/\/naturalbikes.cl\/?page_id=7843\",\"actionableFeedbackPolicy\":\"https:\/\/naturalbikes.cl\/?page_id=14797\",\"correctionsPolicy\":\"https:\/\/naturalbikes.cl\/?page_id=3\",\"ethicsPolicy\":\"https:\/\/naturalbikes.cl\/?page_id=7843\",\"diversityPolicy\":\"https:\/\/naturalbikes.cl\/?page_id=11734\",\"diversityStaffingReport\":\"https:\/\/naturalbikes.cl\/?page_id=12161\"}]}<\/script>\n<!-- \/ Yoast SEO Premium plugin. -->","yoast_head_json":{"title":"Terrenos Desafiantes: Llantas WTB Kom Tough I30 27.5 2.0 32H","description":"Conquista cualquier terreno con las llantas WTB Kom Tough I30 27.5 TCS 2.0 32H. Dise\u00f1adas para resistir condiciones extremas, estas llantas ofrecen durabilidad y rendimiento excepcionales en cada aventura en bicicleta de monta\u00f1a. Con su ancho de 30 mm y tecnolog\u00eda TCS, proporcionan una excelente tracci\u00f3n y estabilidad en una variedad de terrenos. Prep\u00e1rate para elevar tu experiencia en trail con las llantas WTB Kom Tough I30 27.5 TCS 2.0 32H.","robots":{"index":"index","follow":"follow","max-snippet":"max-snippet:-1","max-image-preview":"max-image-preview:large","max-video-preview":"max-video-preview:-1"},"canonical":"https:\/\/naturalbikes.cl\/?product=llantas-wtb-kom-tough-i30-275-tcs-20-32h","og_locale":"es_ES","og_type":"article","og_title":"Llanta WTB Kom Tough I30 27,5 Tcs 2,0 32h","og_description":"Ofrecer a nuestros clientes apasionados por el ciclismo de monta\u00f1a la mejor experiencia en productos, conocimientos especializados y servicios excepcionales. Nos comprometemos a proporcionar una amplia gama de bicicletas, accesorios y equipo de alta calidad, junto con asesoramiento experto y atenci\u00f3n personalizada para cada ciclista, para que puedan explorar, disfrutar y maximizar su aventura en el mundo del MTB","og_url":"https:\/\/naturalbikes.cl\/?product=llantas-wtb-kom-tough-i30-275-tcs-20-32h","og_site_name":"NaturalBikes","article_publisher":"https:\/\/www.facebook.com\/naturalbikescl","article_modified_time":"2026-01-06T20:11:49+00:00","og_image":[{"width":1000,"height":1000,"url":"https:\/\/naturalbikes.cl\/wp-content\/uploads\/2024\/04\/L1161-1680568633281_1000x.jpg.webp","type":"image\/webp"}],"twitter_card":"summary_large_image","twitter_misc":{"Tiempo de lectura":"4 minutos"},"schema":{"@context":"https:\/\/schema.org","@graph":[{"@type":"WebPage","@id":"https:\/\/naturalbikes.cl\/?product=llantas-wtb-kom-tough-i30-275-tcs-20-32h","url":"https:\/\/naturalbikes.cl\/?product=llantas-wtb-kom-tough-i30-275-tcs-20-32h","name":"Terrenos Desafiantes: Llantas WTB Kom Tough I30 27.5 2.0 32H","isPartOf":{"@id":"https:\/\/naturalbikes.cl\/#website"},"primaryImageOfPage":{"@id":"https:\/\/naturalbikes.cl\/?product=llantas-wtb-kom-tough-i30-275-tcs-20-32h#primaryimage"},"image":{"@id":"https:\/\/naturalbikes.cl\/?product=llantas-wtb-kom-tough-i30-275-tcs-20-32h#primaryimage"},"thumbnailUrl":"https:\/\/naturalbikes.cl\/wp-content\/uploads\/2024\/04\/L1161-1680568633281_1000x.jpg.webp","datePublished":"2024-04-29T17:31:18+00:00","dateModified":"2026-01-06T20:11:49+00:00","description":"Conquista cualquier terreno con las llantas WTB Kom Tough I30 27.5 TCS 2.0 32H. Dise\u00f1adas para resistir condiciones extremas, estas llantas ofrecen durabilidad y rendimiento excepcionales en cada aventura en bicicleta de monta\u00f1a. Con su ancho de 30 mm y tecnolog\u00eda TCS, proporcionan una excelente tracci\u00f3n y estabilidad en una variedad de terrenos. Prep\u00e1rate para elevar tu experiencia en trail con las llantas WTB Kom Tough I30 27.5 TCS 2.0 32H.","breadcrumb":{"@id":"https:\/\/naturalbikes.cl\/?product=llantas-wtb-kom-tough-i30-275-tcs-20-32h#breadcrumb"},"inLanguage":"es","potentialAction":[{"@type":"ReadAction","target":["https:\/\/naturalbikes.cl\/?product=llantas-wtb-kom-tough-i30-275-tcs-20-32h"]}]},{"@type":"ImageObject","inLanguage":"es","@id":"https:\/\/naturalbikes.cl\/?product=llantas-wtb-kom-tough-i30-275-tcs-20-32h#primaryimage","url":"https:\/\/naturalbikes.cl\/wp-content\/uploads\/2024\/04\/L1161-1680568633281_1000x.jpg.webp","contentUrl":"https:\/\/naturalbikes.cl\/wp-content\/uploads\/2024\/04\/L1161-1680568633281_1000x.jpg.webp","width":1000,"height":1000},{"@type":"BreadcrumbList","@id":"https:\/\/naturalbikes.cl\/?product=llantas-wtb-kom-tough-i30-275-tcs-20-32h#breadcrumb","itemListElement":[{"@type":"ListItem","position":1,"name":"Portada","item":"https:\/\/naturalbikes.cl\/"},{"@type":"ListItem","position":2,"name":"Tienda NB","item":"https:\/\/naturalbikes.cl\/?page_id=7843"},{"@type":"ListItem","position":3,"name":"WTB","item":"https:\/\/naturalbikes.cl\/?product_brand=wtb"},{"@type":"ListItem","position":4,"name":"Llanta WTB Kom Tough I30 27,5 Tcs 2,0 32h"}]},{"@type":"WebSite","@id":"https:\/\/naturalbikes.cl\/#website","url":"https:\/\/naturalbikes.cl\/","name":"Natural Bikes","description":"Tienda de bicicletas repuestos accesorios taller mantenimiento clases salidas","publisher":{"@id":"https:\/\/naturalbikes.cl\/#organization"},"alternateName":"Natural Bikes","potentialAction":[{"@type":"SearchAction","target":{"@type":"EntryPoint","urlTemplate":"https:\/\/naturalbikes.cl\/?s={search_term_string}"},"query-input":{"@type":"PropertyValueSpecification","valueRequired":true,"valueName":"search_term_string"}}],"inLanguage":"es"},{"@type":"Organization","@id":"https:\/\/naturalbikes.cl\/#organization","name":"Natural Bikes","alternateName":"Natural Bikes","url":"https:\/\/naturalbikes.cl\/","logo":{"@type":"ImageObject","inLanguage":"es","@id":"https:\/\/naturalbikes.cl\/#\/schema\/logo\/image\/","url":"https:\/\/naturalbikes.cl\/wp-content\/uploads\/2024\/05\/2023-10-10-10.44.12.jpg","contentUrl":"https:\/\/naturalbikes.cl\/wp-content\/uploads\/2024\/05\/2023-10-10-10.44.12.jpg","width":650,"height":650,"caption":"Natural Bikes"},"image":{"@id":"https:\/\/naturalbikes.cl\/#\/schema\/logo\/image\/"},"sameAs":["https:\/\/www.facebook.com\/naturalbikescl","https:\/\/www.instagram.com\/natural.bikes","https:\/\/www.tiktok.com\/@natural.bikes"],"description":"Ofrecer a nuestros clientes apasionados por el ciclismo de monta\u00f1a la mejor experiencia en productos, conocimientos especializados y servicios excepcionales. Nos comprometemos a proporcionar una amplia gama de bicicletas, accesorios y equipo de alta calidad, junto con asesoramiento experto y atenci\u00f3n personalizada para cada ciclista, para que puedan explorar, disfrutar y maximizar su aventura en el mundo del MTB","email":"naturalbikes1@gmail.com","telephone":"56977043878","legalName":"Natural Bikes Limitada","foundingDate":"2024-01-01","vatID":"76699553-5","taxID":"76699553-5","numberOfEmployees":{"@type":"QuantitativeValue","minValue":"1","maxValue":"10"},"publishingPrinciples":"https:\/\/naturalbikes.cl\/?page_id=7843","ownershipFundingInfo":"https:\/\/naturalbikes.cl\/?page_id=7843","actionableFeedbackPolicy":"https:\/\/naturalbikes.cl\/?page_id=14797","correctionsPolicy":"https:\/\/naturalbikes.cl\/?page_id=3","ethicsPolicy":"https:\/\/naturalbikes.cl\/?page_id=7843","diversityPolicy":"https:\/\/naturalbikes.cl\/?page_id=11734","diversityStaffingReport":"https:\/\/naturalbikes.cl\/?page_id=12161"}]}},"_links":{"self":[{"href":"https:\/\/naturalbikes.cl\/index.php?rest_route=\/wp\/v2\/product\/18743"}],"collection":[{"href":"https:\/\/naturalbikes.cl\/index.php?rest_route=\/wp\/v2\/product"}],"about":[{"href":"https:\/\/naturalbikes.cl\/index.php?rest_route=\/wp\/v2\/types\/product"}],"replies":[{"embeddable":true,"href":"https:\/\/naturalbikes.cl\/index.php?rest_route=%2Fwp%2Fv2%2Fcomments&post=18743"}],"wp:featuredmedia":[{"embeddable":true,"href":"https:\/\/naturalbikes.cl\/index.php?rest_route=\/wp\/v2\/media\/18747"}],"wp:attachment":[{"href":"https:\/\/naturalbikes.cl\/index.php?rest_route=%2Fwp%2Fv2%2Fmedia&parent=18743"}],"wp:term":[{"taxonomy":"product_cat","embeddable":true,"href":"https:\/\/naturalbikes.cl\/index.php?rest_route=%2Fwp%2Fv2%2Fproduct_cat&post=18743"},{"taxonomy":"product_tag","embeddable":true,"href":"https:\/\/naturalbikes.cl\/index.php?rest_route=%2Fwp%2Fv2%2Fproduct_tag&post=18743"}],"curies":[{"name":"wp","href":"https:\/\/api.w.org\/{rel}","templated":true}]}}