{"id":18592,"date":"2024-04-25T12:22:08","date_gmt":"2024-04-25T16:22:08","guid":{"rendered":"https:\/\/naturalbikes.cl\/?post_type=product&#038;p=18592"},"modified":"2026-01-06T17:11:46","modified_gmt":"2026-01-06T20:11:46","slug":"punos-mtb-doble-bloqueo-entity-expert","status":"publish","type":"product","link":"https:\/\/naturalbikes.cl\/?product=punos-mtb-doble-bloqueo-entity-expert","title":{"rendered":"Pu\u00f1os mtb doble bloqueo Entity Expert"},"content":{"rendered":"<p><a href=\"https:\/\/naturalbikes.cl\/wp-content\/uploads\/2024\/04\/images.png\"><img decoding=\"async\" class=\"size-medium wp-image-18583 alignleft\" src=\"https:\/\/naturalbikes.cl\/wp-content\/uploads\/2024\/04\/images-300x104.png\" alt=\"\" width=\"300\" height=\"104\" srcset=\"https:\/\/naturalbikes.cl\/wp-content\/uploads\/2024\/04\/images-300x104.png 300w, https:\/\/naturalbikes.cl\/wp-content\/uploads\/2024\/04\/images.png 382w\" sizes=\"(max-width: 300px) 100vw, 300px\" \/><\/a><\/p>\n<p>Las empu\u00f1aduras de doble bloqueo Entity DLG15 son un punto de contacto clave que garantiza que no escatime en el agarre y la seguridad que inspira confianza.<\/p>\n<h3><strong>Caracter\u00edsticas:<\/strong><\/h3>\n<ul>\n<li>Superficie de goma texturizada adherente<\/li>\n<li>Anillos de bloqueo dobles para mantener las empu\u00f1aduras en su lugar<\/li>\n<li>Un punto de contacto cr\u00edtico inspirador de confianza en la cabina de su bicicleta<\/li>\n<\/ul>\n","protected":false},"excerpt":{"rendered":"<p><a href=\"https:\/\/naturalbikes.cl\/wp-content\/uploads\/2024\/04\/images.png\"><img decoding=\"async\" class=\"size-medium wp-image-18583 alignleft\" src=\"https:\/\/naturalbikes.cl\/wp-content\/uploads\/2024\/04\/images-300x104.png\" alt=\"\" width=\"300\" height=\"104\" srcset=\"https:\/\/naturalbikes.cl\/wp-content\/uploads\/2024\/04\/images-300x104.png 300w, https:\/\/naturalbikes.cl\/wp-content\/uploads\/2024\/04\/images.png 382w\" sizes=\"(max-width: 300px) 100vw, 300px\" \/><\/a><\/p>\n<p><strong>Los Pu\u00f1os MTB Doble Bloqueo Entity Expert son la elecci\u00f3n perfecta para los ciclistas de monta\u00f1a que buscan comodidad y rendimiento en cada viaje. Con su dise\u00f1o ergon\u00f3mico y sistema de doble bloqueo, ofrecen un agarre seguro y estable en terrenos dif\u00edciles. Fabricados con materiales duraderos y de alta calidad, los pu\u00f1os Entity Expert garantizan una excelente absorci\u00f3n de vibraciones y una sensaci\u00f3n de control \u00f3ptima. Disfruta de una experiencia de conducci\u00f3n mejorada con los pu\u00f1os MTB Doble Bloqueo Entity Expert.<\/strong><\/p>\n","protected":false},"featured_media":18593,"comment_status":"open","ping_status":"closed","template":"","meta":[],"product_cat":[197,198,759],"product_tag":[831],"class_list":{"0":"post-18592","1":"product","2":"type-product","3":"status-publish","4":"has-post-thumbnail","6":"product_brand-entity","7":"product_cat-accesorios","8":"product_cat-componentes","9":"product_cat-punos","10":"product_tag-punos","12":"first","13":"instock","14":"sale","15":"taxable","16":"shipping-taxable","17":"purchasable","18":"product-type-simple"},"yoast_head":"<!-- This site is optimized with the Yoast SEO Premium plugin v24.8 (Yoast SEO v25.6) - https:\/\/yoast.com\/wordpress\/plugins\/seo\/ -->\n<title>Pu\u00f1os MTB Doble Bloqueo Entity Expert: Control y Comodidad Superior<\/title>\n<meta name=\"description\" content=\"Los Pu\u00f1os MTB Doble Bloqueo Entity Expert son la elecci\u00f3n perfecta para los ciclistas de monta\u00f1a que buscan comodidad y rendimiento en cada viaje. Con su dise\u00f1o ergon\u00f3mico y sistema de doble bloqueo, ofrecen un agarre seguro y estable en terrenos dif\u00edciles. Fabricados con materiales duraderos y de alta calidad, los pu\u00f1os Entity Expert garantizan una excelente absorci\u00f3n de vibraciones y una sensaci\u00f3n de control \u00f3ptima. Disfruta de una experiencia de conducci\u00f3n mejorada con los pu\u00f1os MTB Doble Bloqueo Entity Expert.\" \/>\n<meta name=\"robots\" content=\"index, follow, max-snippet:-1, max-image-preview:large, max-video-preview:-1\" \/>\n<link rel=\"canonical\" href=\"https:\/\/naturalbikes.cl\/?product=punos-mtb-doble-bloqueo-entity-expert\" \/>\n<meta property=\"og:locale\" content=\"es_ES\" \/>\n<meta property=\"og:type\" content=\"article\" \/>\n<meta property=\"og:title\" content=\"Pu\u00f1os mtb doble bloqueo Entity Expert\" \/>\n<meta property=\"og:description\" content=\"Ofrecer a nuestros clientes apasionados por el ciclismo de monta\u00f1a la mejor experiencia en productos, conocimientos especializados y servicios excepcionales. Nos comprometemos a proporcionar una amplia gama de bicicletas, accesorios y equipo de alta calidad, junto con asesoramiento experto y atenci\u00f3n personalizada para cada ciclista, para que puedan explorar, disfrutar y maximizar su aventura en el mundo del MTB\" \/>\n<meta property=\"og:url\" content=\"https:\/\/naturalbikes.cl\/?product=punos-mtb-doble-bloqueo-entity-expert\" \/>\n<meta property=\"og:site_name\" content=\"NaturalBikes\" \/>\n<meta property=\"article:publisher\" content=\"https:\/\/www.facebook.com\/naturalbikescl\" \/>\n<meta property=\"article:modified_time\" content=\"2026-01-06T20:11:46+00:00\" \/>\n<meta property=\"og:image\" content=\"https:\/\/naturalbikes.cl\/wp-content\/uploads\/2024\/04\/S0812ET0401.jpeg\" \/>\n\t<meta property=\"og:image:width\" content=\"1000\" \/>\n\t<meta property=\"og:image:height\" content=\"1000\" \/>\n\t<meta property=\"og:image:type\" content=\"image\/jpeg\" \/>\n<meta name=\"twitter:card\" content=\"summary_large_image\" \/>\n<meta name=\"twitter:label1\" content=\"Tiempo de lectura\" \/>\n\t<meta name=\"twitter:data1\" content=\"1 minuto\" \/>\n<script type=\"application\/ld+json\" class=\"yoast-schema-graph\">{\"@context\":\"https:\/\/schema.org\",\"@graph\":[{\"@type\":\"WebPage\",\"@id\":\"https:\/\/naturalbikes.cl\/?product=punos-mtb-doble-bloqueo-entity-expert\",\"url\":\"https:\/\/naturalbikes.cl\/?product=punos-mtb-doble-bloqueo-entity-expert\",\"name\":\"Pu\u00f1os MTB Doble Bloqueo Entity Expert: Control y Comodidad Superior\",\"isPartOf\":{\"@id\":\"https:\/\/naturalbikes.cl\/#website\"},\"primaryImageOfPage\":{\"@id\":\"https:\/\/naturalbikes.cl\/?product=punos-mtb-doble-bloqueo-entity-expert#primaryimage\"},\"image\":{\"@id\":\"https:\/\/naturalbikes.cl\/?product=punos-mtb-doble-bloqueo-entity-expert#primaryimage\"},\"thumbnailUrl\":\"https:\/\/naturalbikes.cl\/wp-content\/uploads\/2024\/04\/S0812ET0401.jpeg\",\"datePublished\":\"2024-04-25T16:22:08+00:00\",\"dateModified\":\"2026-01-06T20:11:46+00:00\",\"description\":\"Los Pu\u00f1os MTB Doble Bloqueo Entity Expert son la elecci\u00f3n perfecta para los ciclistas de monta\u00f1a que buscan comodidad y rendimiento en cada viaje. Con su dise\u00f1o ergon\u00f3mico y sistema de doble bloqueo, ofrecen un agarre seguro y estable en terrenos dif\u00edciles. Fabricados con materiales duraderos y de alta calidad, los pu\u00f1os Entity Expert garantizan una excelente absorci\u00f3n de vibraciones y una sensaci\u00f3n de control \u00f3ptima. Disfruta de una experiencia de conducci\u00f3n mejorada con los pu\u00f1os MTB Doble Bloqueo Entity Expert.\",\"breadcrumb\":{\"@id\":\"https:\/\/naturalbikes.cl\/?product=punos-mtb-doble-bloqueo-entity-expert#breadcrumb\"},\"inLanguage\":\"es\",\"potentialAction\":[{\"@type\":\"ReadAction\",\"target\":[\"https:\/\/naturalbikes.cl\/?product=punos-mtb-doble-bloqueo-entity-expert\"]}]},{\"@type\":\"ImageObject\",\"inLanguage\":\"es\",\"@id\":\"https:\/\/naturalbikes.cl\/?product=punos-mtb-doble-bloqueo-entity-expert#primaryimage\",\"url\":\"https:\/\/naturalbikes.cl\/wp-content\/uploads\/2024\/04\/S0812ET0401.jpeg\",\"contentUrl\":\"https:\/\/naturalbikes.cl\/wp-content\/uploads\/2024\/04\/S0812ET0401.jpeg\",\"width\":1000,\"height\":1000},{\"@type\":\"BreadcrumbList\",\"@id\":\"https:\/\/naturalbikes.cl\/?product=punos-mtb-doble-bloqueo-entity-expert#breadcrumb\",\"itemListElement\":[{\"@type\":\"ListItem\",\"position\":1,\"name\":\"Portada\",\"item\":\"https:\/\/naturalbikes.cl\/\"},{\"@type\":\"ListItem\",\"position\":2,\"name\":\"Tienda NB\",\"item\":\"https:\/\/naturalbikes.cl\/?page_id=7843\"},{\"@type\":\"ListItem\",\"position\":3,\"name\":\"Entity\",\"item\":\"https:\/\/naturalbikes.cl\/?product_brand=entity\"},{\"@type\":\"ListItem\",\"position\":4,\"name\":\"Pu\u00f1os mtb doble bloqueo Entity Expert\"}]},{\"@type\":\"WebSite\",\"@id\":\"https:\/\/naturalbikes.cl\/#website\",\"url\":\"https:\/\/naturalbikes.cl\/\",\"name\":\"Natural Bikes\",\"description\":\"Tienda de bicicletas repuestos accesorios taller mantenimiento clases salidas\",\"publisher\":{\"@id\":\"https:\/\/naturalbikes.cl\/#organization\"},\"alternateName\":\"Natural Bikes\",\"potentialAction\":[{\"@type\":\"SearchAction\",\"target\":{\"@type\":\"EntryPoint\",\"urlTemplate\":\"https:\/\/naturalbikes.cl\/?s={search_term_string}\"},\"query-input\":{\"@type\":\"PropertyValueSpecification\",\"valueRequired\":true,\"valueName\":\"search_term_string\"}}],\"inLanguage\":\"es\"},{\"@type\":\"Organization\",\"@id\":\"https:\/\/naturalbikes.cl\/#organization\",\"name\":\"Natural Bikes\",\"alternateName\":\"Natural Bikes\",\"url\":\"https:\/\/naturalbikes.cl\/\",\"logo\":{\"@type\":\"ImageObject\",\"inLanguage\":\"es\",\"@id\":\"https:\/\/naturalbikes.cl\/#\/schema\/logo\/image\/\",\"url\":\"https:\/\/naturalbikes.cl\/wp-content\/uploads\/2024\/05\/2023-10-10-10.44.12.jpg\",\"contentUrl\":\"https:\/\/naturalbikes.cl\/wp-content\/uploads\/2024\/05\/2023-10-10-10.44.12.jpg\",\"width\":650,\"height\":650,\"caption\":\"Natural Bikes\"},\"image\":{\"@id\":\"https:\/\/naturalbikes.cl\/#\/schema\/logo\/image\/\"},\"sameAs\":[\"https:\/\/www.facebook.com\/naturalbikescl\",\"https:\/\/www.instagram.com\/natural.bikes\",\"https:\/\/www.tiktok.com\/@natural.bikes\"],\"description\":\"Ofrecer a nuestros clientes apasionados por el ciclismo de monta\u00f1a la mejor experiencia en productos, conocimientos especializados y servicios excepcionales. Nos comprometemos a proporcionar una amplia gama de bicicletas, accesorios y equipo de alta calidad, junto con asesoramiento experto y atenci\u00f3n personalizada para cada ciclista, para que puedan explorar, disfrutar y maximizar su aventura en el mundo del MTB\",\"email\":\"naturalbikes1@gmail.com\",\"telephone\":\"56977043878\",\"legalName\":\"Natural Bikes Limitada\",\"foundingDate\":\"2024-01-01\",\"vatID\":\"76699553-5\",\"taxID\":\"76699553-5\",\"numberOfEmployees\":{\"@type\":\"QuantitativeValue\",\"minValue\":\"1\",\"maxValue\":\"10\"},\"publishingPrinciples\":\"https:\/\/naturalbikes.cl\/?page_id=7843\",\"ownershipFundingInfo\":\"https:\/\/naturalbikes.cl\/?page_id=7843\",\"actionableFeedbackPolicy\":\"https:\/\/naturalbikes.cl\/?page_id=14797\",\"correctionsPolicy\":\"https:\/\/naturalbikes.cl\/?page_id=3\",\"ethicsPolicy\":\"https:\/\/naturalbikes.cl\/?page_id=7843\",\"diversityPolicy\":\"https:\/\/naturalbikes.cl\/?page_id=11734\",\"diversityStaffingReport\":\"https:\/\/naturalbikes.cl\/?page_id=12161\"}]}<\/script>\n<!-- \/ Yoast SEO Premium plugin. -->","yoast_head_json":{"title":"Pu\u00f1os MTB Doble Bloqueo Entity Expert: Control y Comodidad Superior","description":"Los Pu\u00f1os MTB Doble Bloqueo Entity Expert son la elecci\u00f3n perfecta para los ciclistas de monta\u00f1a que buscan comodidad y rendimiento en cada viaje. Con su dise\u00f1o ergon\u00f3mico y sistema de doble bloqueo, ofrecen un agarre seguro y estable en terrenos dif\u00edciles. Fabricados con materiales duraderos y de alta calidad, los pu\u00f1os Entity Expert garantizan una excelente absorci\u00f3n de vibraciones y una sensaci\u00f3n de control \u00f3ptima. Disfruta de una experiencia de conducci\u00f3n mejorada con los pu\u00f1os MTB Doble Bloqueo Entity Expert.","robots":{"index":"index","follow":"follow","max-snippet":"max-snippet:-1","max-image-preview":"max-image-preview:large","max-video-preview":"max-video-preview:-1"},"canonical":"https:\/\/naturalbikes.cl\/?product=punos-mtb-doble-bloqueo-entity-expert","og_locale":"es_ES","og_type":"article","og_title":"Pu\u00f1os mtb doble bloqueo Entity Expert","og_description":"Ofrecer a nuestros clientes apasionados por el ciclismo de monta\u00f1a la mejor experiencia en productos, conocimientos especializados y servicios excepcionales. Nos comprometemos a proporcionar una amplia gama de bicicletas, accesorios y equipo de alta calidad, junto con asesoramiento experto y atenci\u00f3n personalizada para cada ciclista, para que puedan explorar, disfrutar y maximizar su aventura en el mundo del MTB","og_url":"https:\/\/naturalbikes.cl\/?product=punos-mtb-doble-bloqueo-entity-expert","og_site_name":"NaturalBikes","article_publisher":"https:\/\/www.facebook.com\/naturalbikescl","article_modified_time":"2026-01-06T20:11:46+00:00","og_image":[{"width":1000,"height":1000,"url":"https:\/\/naturalbikes.cl\/wp-content\/uploads\/2024\/04\/S0812ET0401.jpeg","type":"image\/jpeg"}],"twitter_card":"summary_large_image","twitter_misc":{"Tiempo de lectura":"1 minuto"},"schema":{"@context":"https:\/\/schema.org","@graph":[{"@type":"WebPage","@id":"https:\/\/naturalbikes.cl\/?product=punos-mtb-doble-bloqueo-entity-expert","url":"https:\/\/naturalbikes.cl\/?product=punos-mtb-doble-bloqueo-entity-expert","name":"Pu\u00f1os MTB Doble Bloqueo Entity Expert: Control y Comodidad Superior","isPartOf":{"@id":"https:\/\/naturalbikes.cl\/#website"},"primaryImageOfPage":{"@id":"https:\/\/naturalbikes.cl\/?product=punos-mtb-doble-bloqueo-entity-expert#primaryimage"},"image":{"@id":"https:\/\/naturalbikes.cl\/?product=punos-mtb-doble-bloqueo-entity-expert#primaryimage"},"thumbnailUrl":"https:\/\/naturalbikes.cl\/wp-content\/uploads\/2024\/04\/S0812ET0401.jpeg","datePublished":"2024-04-25T16:22:08+00:00","dateModified":"2026-01-06T20:11:46+00:00","description":"Los Pu\u00f1os MTB Doble Bloqueo Entity Expert son la elecci\u00f3n perfecta para los ciclistas de monta\u00f1a que buscan comodidad y rendimiento en cada viaje. Con su dise\u00f1o ergon\u00f3mico y sistema de doble bloqueo, ofrecen un agarre seguro y estable en terrenos dif\u00edciles. Fabricados con materiales duraderos y de alta calidad, los pu\u00f1os Entity Expert garantizan una excelente absorci\u00f3n de vibraciones y una sensaci\u00f3n de control \u00f3ptima. Disfruta de una experiencia de conducci\u00f3n mejorada con los pu\u00f1os MTB Doble Bloqueo Entity Expert.","breadcrumb":{"@id":"https:\/\/naturalbikes.cl\/?product=punos-mtb-doble-bloqueo-entity-expert#breadcrumb"},"inLanguage":"es","potentialAction":[{"@type":"ReadAction","target":["https:\/\/naturalbikes.cl\/?product=punos-mtb-doble-bloqueo-entity-expert"]}]},{"@type":"ImageObject","inLanguage":"es","@id":"https:\/\/naturalbikes.cl\/?product=punos-mtb-doble-bloqueo-entity-expert#primaryimage","url":"https:\/\/naturalbikes.cl\/wp-content\/uploads\/2024\/04\/S0812ET0401.jpeg","contentUrl":"https:\/\/naturalbikes.cl\/wp-content\/uploads\/2024\/04\/S0812ET0401.jpeg","width":1000,"height":1000},{"@type":"BreadcrumbList","@id":"https:\/\/naturalbikes.cl\/?product=punos-mtb-doble-bloqueo-entity-expert#breadcrumb","itemListElement":[{"@type":"ListItem","position":1,"name":"Portada","item":"https:\/\/naturalbikes.cl\/"},{"@type":"ListItem","position":2,"name":"Tienda NB","item":"https:\/\/naturalbikes.cl\/?page_id=7843"},{"@type":"ListItem","position":3,"name":"Entity","item":"https:\/\/naturalbikes.cl\/?product_brand=entity"},{"@type":"ListItem","position":4,"name":"Pu\u00f1os mtb doble bloqueo Entity Expert"}]},{"@type":"WebSite","@id":"https:\/\/naturalbikes.cl\/#website","url":"https:\/\/naturalbikes.cl\/","name":"Natural Bikes","description":"Tienda de bicicletas repuestos accesorios taller mantenimiento clases salidas","publisher":{"@id":"https:\/\/naturalbikes.cl\/#organization"},"alternateName":"Natural Bikes","potentialAction":[{"@type":"SearchAction","target":{"@type":"EntryPoint","urlTemplate":"https:\/\/naturalbikes.cl\/?s={search_term_string}"},"query-input":{"@type":"PropertyValueSpecification","valueRequired":true,"valueName":"search_term_string"}}],"inLanguage":"es"},{"@type":"Organization","@id":"https:\/\/naturalbikes.cl\/#organization","name":"Natural Bikes","alternateName":"Natural Bikes","url":"https:\/\/naturalbikes.cl\/","logo":{"@type":"ImageObject","inLanguage":"es","@id":"https:\/\/naturalbikes.cl\/#\/schema\/logo\/image\/","url":"https:\/\/naturalbikes.cl\/wp-content\/uploads\/2024\/05\/2023-10-10-10.44.12.jpg","contentUrl":"https:\/\/naturalbikes.cl\/wp-content\/uploads\/2024\/05\/2023-10-10-10.44.12.jpg","width":650,"height":650,"caption":"Natural Bikes"},"image":{"@id":"https:\/\/naturalbikes.cl\/#\/schema\/logo\/image\/"},"sameAs":["https:\/\/www.facebook.com\/naturalbikescl","https:\/\/www.instagram.com\/natural.bikes","https:\/\/www.tiktok.com\/@natural.bikes"],"description":"Ofrecer a nuestros clientes apasionados por el ciclismo de monta\u00f1a la mejor experiencia en productos, conocimientos especializados y servicios excepcionales. Nos comprometemos a proporcionar una amplia gama de bicicletas, accesorios y equipo de alta calidad, junto con asesoramiento experto y atenci\u00f3n personalizada para cada ciclista, para que puedan explorar, disfrutar y maximizar su aventura en el mundo del MTB","email":"naturalbikes1@gmail.com","telephone":"56977043878","legalName":"Natural Bikes Limitada","foundingDate":"2024-01-01","vatID":"76699553-5","taxID":"76699553-5","numberOfEmployees":{"@type":"QuantitativeValue","minValue":"1","maxValue":"10"},"publishingPrinciples":"https:\/\/naturalbikes.cl\/?page_id=7843","ownershipFundingInfo":"https:\/\/naturalbikes.cl\/?page_id=7843","actionableFeedbackPolicy":"https:\/\/naturalbikes.cl\/?page_id=14797","correctionsPolicy":"https:\/\/naturalbikes.cl\/?page_id=3","ethicsPolicy":"https:\/\/naturalbikes.cl\/?page_id=7843","diversityPolicy":"https:\/\/naturalbikes.cl\/?page_id=11734","diversityStaffingReport":"https:\/\/naturalbikes.cl\/?page_id=12161"}]}},"_links":{"self":[{"href":"https:\/\/naturalbikes.cl\/index.php?rest_route=\/wp\/v2\/product\/18592"}],"collection":[{"href":"https:\/\/naturalbikes.cl\/index.php?rest_route=\/wp\/v2\/product"}],"about":[{"href":"https:\/\/naturalbikes.cl\/index.php?rest_route=\/wp\/v2\/types\/product"}],"replies":[{"embeddable":true,"href":"https:\/\/naturalbikes.cl\/index.php?rest_route=%2Fwp%2Fv2%2Fcomments&post=18592"}],"wp:featuredmedia":[{"embeddable":true,"href":"https:\/\/naturalbikes.cl\/index.php?rest_route=\/wp\/v2\/media\/18593"}],"wp:attachment":[{"href":"https:\/\/naturalbikes.cl\/index.php?rest_route=%2Fwp%2Fv2%2Fmedia&parent=18592"}],"wp:term":[{"taxonomy":"product_cat","embeddable":true,"href":"https:\/\/naturalbikes.cl\/index.php?rest_route=%2Fwp%2Fv2%2Fproduct_cat&post=18592"},{"taxonomy":"product_tag","embeddable":true,"href":"https:\/\/naturalbikes.cl\/index.php?rest_route=%2Fwp%2Fv2%2Fproduct_tag&post=18592"}],"curies":[{"name":"wp","href":"https:\/\/api.w.org\/{rel}","templated":true}]}}