{"id":18582,"date":"2024-04-25T12:14:30","date_gmt":"2024-04-25T16:14:30","guid":{"rendered":"https:\/\/naturalbikes.cl\/?post_type=product&#038;p=18582"},"modified":"2026-01-06T17:11:46","modified_gmt":"2026-01-06T20:11:46","slug":"botella-de-agua-entity","status":"publish","type":"product","link":"https:\/\/naturalbikes.cl\/?product=botella-de-agua-entity","title":{"rendered":"Botella de Agua Entity"},"content":{"rendered":"<p><a href=\"https:\/\/naturalbikes.cl\/wp-content\/uploads\/2024\/04\/images.png\"><img decoding=\"async\" class=\"size-medium wp-image-18583 alignleft\" src=\"https:\/\/naturalbikes.cl\/wp-content\/uploads\/2024\/04\/images-300x104.png\" alt=\"\" width=\"300\" height=\"104\" srcset=\"https:\/\/naturalbikes.cl\/wp-content\/uploads\/2024\/04\/images-300x104.png 300w, https:\/\/naturalbikes.cl\/wp-content\/uploads\/2024\/04\/images.png 382w\" sizes=\"(max-width: 300px) 100vw, 300px\" \/><\/a><\/p>\n<p>La botella de agua Entity est\u00e1 dise\u00f1ada para ser lo m\u00e1s compacta posible, agregando una altura m\u00ednima en la v\u00e1lvula para que los ciclistas con cuadros m\u00e1s peque\u00f1os y bicicletas de monta\u00f1a de doble suspensi\u00f3n ajustadas finalmente puedan obtener una botella que se ajuste.<\/p>\n<p>La botella lleva \u00a0agua en una botella de polipropileno de compresi\u00f3n suave sin BPA rematada con una tapa de v\u00e1lvula Quench Flow de pila baja, dise\u00f1ada espec\u00edficamente para mantener la suciedad y el barro fuera de la v\u00e1lvula y, con una limpieza r\u00e1pida, \u00a1fuera de la boca!<\/p>\n<p>Cuando combina la botella de agua Entity con el portabidones de extracci\u00f3n lateral Entity BC45, obtiene dos productos que fueron dise\u00f1ados espec\u00edficamente para funcionar perfectamente juntos, para una retenci\u00f3n \u00f3ptima de la botella en terrenos irregulares y facilidad de uso incluso en los marcos m\u00e1s compactos.<\/p>\n<p>&nbsp;<\/p>\n<h3>Caracter\u00edsticas:<\/h3>\n<ul>\n<li>La v\u00e1lvula de flujo Quench mantiene alejados la suciedad y el lodo, cuenta con un \u00edndice de flujo r\u00e1pido y se abre y cierra f\u00e1cilmente con la boca<\/li>\n<li>Botella f\u00e1cil de apretar para una hidrataci\u00f3n r\u00e1pida cuando m\u00e1s la necesitas.<\/li>\n<li>La v\u00e1lvula de flujo de enfriamiento de pila baja mantiene la altura de la botella compacta, ideal para dise\u00f1os de marcos de suspensi\u00f3n peque\u00f1os o estrechos<\/li>\n<li>100% Libre de BPA<\/li>\n<li>Las medidas de volumen impresas en la botella te mantienen al tanto de cu\u00e1nto queda<\/li>\n<li>La apertura de boca ancha es f\u00e1cil de llenar con hielo y agua.<\/li>\n<li>Capacidad: 600ml-750ml<\/li>\n<\/ul>\n","protected":false},"excerpt":{"rendered":"<p><a href=\"https:\/\/naturalbikes.cl\/wp-content\/uploads\/2024\/04\/images.png\"><img decoding=\"async\" class=\"size-medium wp-image-18583 alignleft\" src=\"https:\/\/naturalbikes.cl\/wp-content\/uploads\/2024\/04\/images-300x104.png\" alt=\"\" width=\"300\" height=\"104\" srcset=\"https:\/\/naturalbikes.cl\/wp-content\/uploads\/2024\/04\/images-300x104.png 300w, https:\/\/naturalbikes.cl\/wp-content\/uploads\/2024\/04\/images.png 382w\" sizes=\"(max-width: 300px) 100vw, 300px\" \/><\/a><\/p>\n<p><strong>\u00abDescubre la Botella de Agua Entity: tu compa\u00f1era perfecta para mantenerte hidratado en cualquier aventura. Dise\u00f1ada con materiales de alta calidad y un estilo elegante, esta botella ofrece durabilidad y practicidad en cada sorbo. Con capacidades de aislamiento t\u00e9rmico, te mantiene fresco durante horas. Ya sea en la oficina, en el gimnasio o al aire libre, la Botella de Agua Entity es tu aliada confiable para satisfacer tus necesidades de hidrataci\u00f3n en todo momento.\u00bb<\/strong><\/p>\n","protected":false},"featured_media":18586,"comment_status":"open","ping_status":"closed","template":"","meta":[],"product_cat":[197,234],"product_tag":[],"class_list":{"0":"post-18582","1":"product","2":"type-product","3":"status-publish","4":"has-post-thumbnail","6":"product_brand-entity","7":"product_cat-accesorios","8":"product_cat-botella-de-agua","10":"first","11":"instock","12":"sale","13":"taxable","14":"shipping-taxable","15":"purchasable","16":"product-type-variable","17":"rtwpvg-product"},"yoast_head":"<!-- This site is optimized with the Yoast SEO Premium plugin v24.8 (Yoast SEO v25.6) - https:\/\/yoast.com\/wordpress\/plugins\/seo\/ -->\n<title>Botella de Agua Entity: Hidr\u00e1tate en Cada Ruta<\/title>\n<meta name=\"description\" content=\"&quot;Descubre la Botella de Agua Entity: tu compa\u00f1era perfecta para mantenerte hidratado en cualquier aventura. Dise\u00f1ada con materiales de alta calidad y un estilo elegante, esta botella ofrece durabilidad y practicidad en cada sorbo. Con capacidades de aislamiento t\u00e9rmico, te mantiene fresco durante horas. Ya sea en la oficina, en el gimnasio o al aire libre, la Botella de Agua Entity es tu aliada confiable para satisfacer tus necesidades de hidrataci\u00f3n en todo momento.&quot;\" \/>\n<meta name=\"robots\" content=\"index, follow, max-snippet:-1, max-image-preview:large, max-video-preview:-1\" \/>\n<link rel=\"canonical\" href=\"https:\/\/naturalbikes.cl\/?product=botella-de-agua-entity\" \/>\n<meta property=\"og:locale\" content=\"es_ES\" \/>\n<meta property=\"og:type\" content=\"article\" \/>\n<meta property=\"og:title\" content=\"Botella de Agua Entity\" \/>\n<meta property=\"og:description\" content=\"Ofrecer a nuestros clientes apasionados por el ciclismo de monta\u00f1a la mejor experiencia en productos, conocimientos especializados y servicios excepcionales. Nos comprometemos a proporcionar una amplia gama de bicicletas, accesorios y equipo de alta calidad, junto con asesoramiento experto y atenci\u00f3n personalizada para cada ciclista, para que puedan explorar, disfrutar y maximizar su aventura en el mundo del MTB\" \/>\n<meta property=\"og:url\" content=\"https:\/\/naturalbikes.cl\/?product=botella-de-agua-entity\" \/>\n<meta property=\"og:site_name\" content=\"NaturalBikes\" \/>\n<meta property=\"article:publisher\" content=\"https:\/\/www.facebook.com\/naturalbikescl\" \/>\n<meta property=\"article:modified_time\" content=\"2026-01-06T20:11:46+00:00\" \/>\n<meta property=\"og:image\" content=\"https:\/\/naturalbikes.cl\/wp-content\/uploads\/2024\/04\/S0905ET01012.jpeg\" \/>\n\t<meta property=\"og:image:width\" content=\"1000\" \/>\n\t<meta property=\"og:image:height\" content=\"1000\" \/>\n\t<meta property=\"og:image:type\" content=\"image\/jpeg\" \/>\n<meta name=\"twitter:card\" content=\"summary_large_image\" \/>\n<meta name=\"twitter:label1\" content=\"Tiempo de lectura\" \/>\n\t<meta name=\"twitter:data1\" content=\"2 minutos\" \/>\n<script type=\"application\/ld+json\" class=\"yoast-schema-graph\">{\"@context\":\"https:\/\/schema.org\",\"@graph\":[{\"@type\":\"WebPage\",\"@id\":\"https:\/\/naturalbikes.cl\/?product=botella-de-agua-entity\",\"url\":\"https:\/\/naturalbikes.cl\/?product=botella-de-agua-entity\",\"name\":\"Botella de Agua Entity: Hidr\u00e1tate en Cada Ruta\",\"isPartOf\":{\"@id\":\"https:\/\/naturalbikes.cl\/#website\"},\"primaryImageOfPage\":{\"@id\":\"https:\/\/naturalbikes.cl\/?product=botella-de-agua-entity#primaryimage\"},\"image\":{\"@id\":\"https:\/\/naturalbikes.cl\/?product=botella-de-agua-entity#primaryimage\"},\"thumbnailUrl\":\"https:\/\/naturalbikes.cl\/wp-content\/uploads\/2024\/04\/S0905ET01012.jpeg\",\"datePublished\":\"2024-04-25T16:14:30+00:00\",\"dateModified\":\"2026-01-06T20:11:46+00:00\",\"description\":\"\\\"Descubre la Botella de Agua Entity: tu compa\u00f1era perfecta para mantenerte hidratado en cualquier aventura. Dise\u00f1ada con materiales de alta calidad y un estilo elegante, esta botella ofrece durabilidad y practicidad en cada sorbo. Con capacidades de aislamiento t\u00e9rmico, te mantiene fresco durante horas. Ya sea en la oficina, en el gimnasio o al aire libre, la Botella de Agua Entity es tu aliada confiable para satisfacer tus necesidades de hidrataci\u00f3n en todo momento.\\\"\",\"breadcrumb\":{\"@id\":\"https:\/\/naturalbikes.cl\/?product=botella-de-agua-entity#breadcrumb\"},\"inLanguage\":\"es\",\"potentialAction\":[{\"@type\":\"ReadAction\",\"target\":[\"https:\/\/naturalbikes.cl\/?product=botella-de-agua-entity\"]}]},{\"@type\":\"ImageObject\",\"inLanguage\":\"es\",\"@id\":\"https:\/\/naturalbikes.cl\/?product=botella-de-agua-entity#primaryimage\",\"url\":\"https:\/\/naturalbikes.cl\/wp-content\/uploads\/2024\/04\/S0905ET01012.jpeg\",\"contentUrl\":\"https:\/\/naturalbikes.cl\/wp-content\/uploads\/2024\/04\/S0905ET01012.jpeg\",\"width\":1000,\"height\":1000},{\"@type\":\"BreadcrumbList\",\"@id\":\"https:\/\/naturalbikes.cl\/?product=botella-de-agua-entity#breadcrumb\",\"itemListElement\":[{\"@type\":\"ListItem\",\"position\":1,\"name\":\"Portada\",\"item\":\"https:\/\/naturalbikes.cl\/\"},{\"@type\":\"ListItem\",\"position\":2,\"name\":\"Tienda NB\",\"item\":\"https:\/\/naturalbikes.cl\/?page_id=7843\"},{\"@type\":\"ListItem\",\"position\":3,\"name\":\"Entity\",\"item\":\"https:\/\/naturalbikes.cl\/?product_brand=entity\"},{\"@type\":\"ListItem\",\"position\":4,\"name\":\"Botella de Agua Entity\"}]},{\"@type\":\"WebSite\",\"@id\":\"https:\/\/naturalbikes.cl\/#website\",\"url\":\"https:\/\/naturalbikes.cl\/\",\"name\":\"Natural Bikes\",\"description\":\"Tienda de bicicletas repuestos accesorios taller mantenimiento clases salidas\",\"publisher\":{\"@id\":\"https:\/\/naturalbikes.cl\/#organization\"},\"alternateName\":\"Natural Bikes\",\"potentialAction\":[{\"@type\":\"SearchAction\",\"target\":{\"@type\":\"EntryPoint\",\"urlTemplate\":\"https:\/\/naturalbikes.cl\/?s={search_term_string}\"},\"query-input\":{\"@type\":\"PropertyValueSpecification\",\"valueRequired\":true,\"valueName\":\"search_term_string\"}}],\"inLanguage\":\"es\"},{\"@type\":\"Organization\",\"@id\":\"https:\/\/naturalbikes.cl\/#organization\",\"name\":\"Natural Bikes\",\"alternateName\":\"Natural Bikes\",\"url\":\"https:\/\/naturalbikes.cl\/\",\"logo\":{\"@type\":\"ImageObject\",\"inLanguage\":\"es\",\"@id\":\"https:\/\/naturalbikes.cl\/#\/schema\/logo\/image\/\",\"url\":\"https:\/\/naturalbikes.cl\/wp-content\/uploads\/2024\/05\/2023-10-10-10.44.12.jpg\",\"contentUrl\":\"https:\/\/naturalbikes.cl\/wp-content\/uploads\/2024\/05\/2023-10-10-10.44.12.jpg\",\"width\":650,\"height\":650,\"caption\":\"Natural Bikes\"},\"image\":{\"@id\":\"https:\/\/naturalbikes.cl\/#\/schema\/logo\/image\/\"},\"sameAs\":[\"https:\/\/www.facebook.com\/naturalbikescl\",\"https:\/\/www.instagram.com\/natural.bikes\",\"https:\/\/www.tiktok.com\/@natural.bikes\"],\"description\":\"Ofrecer a nuestros clientes apasionados por el ciclismo de monta\u00f1a la mejor experiencia en productos, conocimientos especializados y servicios excepcionales. Nos comprometemos a proporcionar una amplia gama de bicicletas, accesorios y equipo de alta calidad, junto con asesoramiento experto y atenci\u00f3n personalizada para cada ciclista, para que puedan explorar, disfrutar y maximizar su aventura en el mundo del MTB\",\"email\":\"naturalbikes1@gmail.com\",\"telephone\":\"56977043878\",\"legalName\":\"Natural Bikes Limitada\",\"foundingDate\":\"2024-01-01\",\"vatID\":\"76699553-5\",\"taxID\":\"76699553-5\",\"numberOfEmployees\":{\"@type\":\"QuantitativeValue\",\"minValue\":\"1\",\"maxValue\":\"10\"},\"publishingPrinciples\":\"https:\/\/naturalbikes.cl\/?page_id=7843\",\"ownershipFundingInfo\":\"https:\/\/naturalbikes.cl\/?page_id=7843\",\"actionableFeedbackPolicy\":\"https:\/\/naturalbikes.cl\/?page_id=14797\",\"correctionsPolicy\":\"https:\/\/naturalbikes.cl\/?page_id=3\",\"ethicsPolicy\":\"https:\/\/naturalbikes.cl\/?page_id=7843\",\"diversityPolicy\":\"https:\/\/naturalbikes.cl\/?page_id=11734\",\"diversityStaffingReport\":\"https:\/\/naturalbikes.cl\/?page_id=12161\"}]}<\/script>\n<!-- \/ Yoast SEO Premium plugin. -->","yoast_head_json":{"title":"Botella de Agua Entity: Hidr\u00e1tate en Cada Ruta","description":"\"Descubre la Botella de Agua Entity: tu compa\u00f1era perfecta para mantenerte hidratado en cualquier aventura. Dise\u00f1ada con materiales de alta calidad y un estilo elegante, esta botella ofrece durabilidad y practicidad en cada sorbo. Con capacidades de aislamiento t\u00e9rmico, te mantiene fresco durante horas. Ya sea en la oficina, en el gimnasio o al aire libre, la Botella de Agua Entity es tu aliada confiable para satisfacer tus necesidades de hidrataci\u00f3n en todo momento.\"","robots":{"index":"index","follow":"follow","max-snippet":"max-snippet:-1","max-image-preview":"max-image-preview:large","max-video-preview":"max-video-preview:-1"},"canonical":"https:\/\/naturalbikes.cl\/?product=botella-de-agua-entity","og_locale":"es_ES","og_type":"article","og_title":"Botella de Agua Entity","og_description":"Ofrecer a nuestros clientes apasionados por el ciclismo de monta\u00f1a la mejor experiencia en productos, conocimientos especializados y servicios excepcionales. Nos comprometemos a proporcionar una amplia gama de bicicletas, accesorios y equipo de alta calidad, junto con asesoramiento experto y atenci\u00f3n personalizada para cada ciclista, para que puedan explorar, disfrutar y maximizar su aventura en el mundo del MTB","og_url":"https:\/\/naturalbikes.cl\/?product=botella-de-agua-entity","og_site_name":"NaturalBikes","article_publisher":"https:\/\/www.facebook.com\/naturalbikescl","article_modified_time":"2026-01-06T20:11:46+00:00","og_image":[{"width":1000,"height":1000,"url":"https:\/\/naturalbikes.cl\/wp-content\/uploads\/2024\/04\/S0905ET01012.jpeg","type":"image\/jpeg"}],"twitter_card":"summary_large_image","twitter_misc":{"Tiempo de lectura":"2 minutos"},"schema":{"@context":"https:\/\/schema.org","@graph":[{"@type":"WebPage","@id":"https:\/\/naturalbikes.cl\/?product=botella-de-agua-entity","url":"https:\/\/naturalbikes.cl\/?product=botella-de-agua-entity","name":"Botella de Agua Entity: Hidr\u00e1tate en Cada Ruta","isPartOf":{"@id":"https:\/\/naturalbikes.cl\/#website"},"primaryImageOfPage":{"@id":"https:\/\/naturalbikes.cl\/?product=botella-de-agua-entity#primaryimage"},"image":{"@id":"https:\/\/naturalbikes.cl\/?product=botella-de-agua-entity#primaryimage"},"thumbnailUrl":"https:\/\/naturalbikes.cl\/wp-content\/uploads\/2024\/04\/S0905ET01012.jpeg","datePublished":"2024-04-25T16:14:30+00:00","dateModified":"2026-01-06T20:11:46+00:00","description":"\"Descubre la Botella de Agua Entity: tu compa\u00f1era perfecta para mantenerte hidratado en cualquier aventura. Dise\u00f1ada con materiales de alta calidad y un estilo elegante, esta botella ofrece durabilidad y practicidad en cada sorbo. Con capacidades de aislamiento t\u00e9rmico, te mantiene fresco durante horas. Ya sea en la oficina, en el gimnasio o al aire libre, la Botella de Agua Entity es tu aliada confiable para satisfacer tus necesidades de hidrataci\u00f3n en todo momento.\"","breadcrumb":{"@id":"https:\/\/naturalbikes.cl\/?product=botella-de-agua-entity#breadcrumb"},"inLanguage":"es","potentialAction":[{"@type":"ReadAction","target":["https:\/\/naturalbikes.cl\/?product=botella-de-agua-entity"]}]},{"@type":"ImageObject","inLanguage":"es","@id":"https:\/\/naturalbikes.cl\/?product=botella-de-agua-entity#primaryimage","url":"https:\/\/naturalbikes.cl\/wp-content\/uploads\/2024\/04\/S0905ET01012.jpeg","contentUrl":"https:\/\/naturalbikes.cl\/wp-content\/uploads\/2024\/04\/S0905ET01012.jpeg","width":1000,"height":1000},{"@type":"BreadcrumbList","@id":"https:\/\/naturalbikes.cl\/?product=botella-de-agua-entity#breadcrumb","itemListElement":[{"@type":"ListItem","position":1,"name":"Portada","item":"https:\/\/naturalbikes.cl\/"},{"@type":"ListItem","position":2,"name":"Tienda NB","item":"https:\/\/naturalbikes.cl\/?page_id=7843"},{"@type":"ListItem","position":3,"name":"Entity","item":"https:\/\/naturalbikes.cl\/?product_brand=entity"},{"@type":"ListItem","position":4,"name":"Botella de Agua Entity"}]},{"@type":"WebSite","@id":"https:\/\/naturalbikes.cl\/#website","url":"https:\/\/naturalbikes.cl\/","name":"Natural Bikes","description":"Tienda de bicicletas repuestos accesorios taller mantenimiento clases salidas","publisher":{"@id":"https:\/\/naturalbikes.cl\/#organization"},"alternateName":"Natural Bikes","potentialAction":[{"@type":"SearchAction","target":{"@type":"EntryPoint","urlTemplate":"https:\/\/naturalbikes.cl\/?s={search_term_string}"},"query-input":{"@type":"PropertyValueSpecification","valueRequired":true,"valueName":"search_term_string"}}],"inLanguage":"es"},{"@type":"Organization","@id":"https:\/\/naturalbikes.cl\/#organization","name":"Natural Bikes","alternateName":"Natural Bikes","url":"https:\/\/naturalbikes.cl\/","logo":{"@type":"ImageObject","inLanguage":"es","@id":"https:\/\/naturalbikes.cl\/#\/schema\/logo\/image\/","url":"https:\/\/naturalbikes.cl\/wp-content\/uploads\/2024\/05\/2023-10-10-10.44.12.jpg","contentUrl":"https:\/\/naturalbikes.cl\/wp-content\/uploads\/2024\/05\/2023-10-10-10.44.12.jpg","width":650,"height":650,"caption":"Natural Bikes"},"image":{"@id":"https:\/\/naturalbikes.cl\/#\/schema\/logo\/image\/"},"sameAs":["https:\/\/www.facebook.com\/naturalbikescl","https:\/\/www.instagram.com\/natural.bikes","https:\/\/www.tiktok.com\/@natural.bikes"],"description":"Ofrecer a nuestros clientes apasionados por el ciclismo de monta\u00f1a la mejor experiencia en productos, conocimientos especializados y servicios excepcionales. Nos comprometemos a proporcionar una amplia gama de bicicletas, accesorios y equipo de alta calidad, junto con asesoramiento experto y atenci\u00f3n personalizada para cada ciclista, para que puedan explorar, disfrutar y maximizar su aventura en el mundo del MTB","email":"naturalbikes1@gmail.com","telephone":"56977043878","legalName":"Natural Bikes Limitada","foundingDate":"2024-01-01","vatID":"76699553-5","taxID":"76699553-5","numberOfEmployees":{"@type":"QuantitativeValue","minValue":"1","maxValue":"10"},"publishingPrinciples":"https:\/\/naturalbikes.cl\/?page_id=7843","ownershipFundingInfo":"https:\/\/naturalbikes.cl\/?page_id=7843","actionableFeedbackPolicy":"https:\/\/naturalbikes.cl\/?page_id=14797","correctionsPolicy":"https:\/\/naturalbikes.cl\/?page_id=3","ethicsPolicy":"https:\/\/naturalbikes.cl\/?page_id=7843","diversityPolicy":"https:\/\/naturalbikes.cl\/?page_id=11734","diversityStaffingReport":"https:\/\/naturalbikes.cl\/?page_id=12161"}]}},"_links":{"self":[{"href":"https:\/\/naturalbikes.cl\/index.php?rest_route=\/wp\/v2\/product\/18582"}],"collection":[{"href":"https:\/\/naturalbikes.cl\/index.php?rest_route=\/wp\/v2\/product"}],"about":[{"href":"https:\/\/naturalbikes.cl\/index.php?rest_route=\/wp\/v2\/types\/product"}],"replies":[{"embeddable":true,"href":"https:\/\/naturalbikes.cl\/index.php?rest_route=%2Fwp%2Fv2%2Fcomments&post=18582"}],"wp:featuredmedia":[{"embeddable":true,"href":"https:\/\/naturalbikes.cl\/index.php?rest_route=\/wp\/v2\/media\/18586"}],"wp:attachment":[{"href":"https:\/\/naturalbikes.cl\/index.php?rest_route=%2Fwp%2Fv2%2Fmedia&parent=18582"}],"wp:term":[{"taxonomy":"product_cat","embeddable":true,"href":"https:\/\/naturalbikes.cl\/index.php?rest_route=%2Fwp%2Fv2%2Fproduct_cat&post=18582"},{"taxonomy":"product_tag","embeddable":true,"href":"https:\/\/naturalbikes.cl\/index.php?rest_route=%2Fwp%2Fv2%2Fproduct_tag&post=18582"}],"curies":[{"name":"wp","href":"https:\/\/api.w.org\/{rel}","templated":true}]}}