{"id":18579,"date":"2024-04-25T11:58:20","date_gmt":"2024-04-25T15:58:20","guid":{"rendered":"https:\/\/naturalbikes.cl\/?post_type=product&#038;p=18579"},"modified":"2026-01-06T17:11:46","modified_gmt":"2026-01-06T20:11:46","slug":"llanta-u36-tl-29-32h-fv-weinmann","status":"publish","type":"product","link":"https:\/\/naturalbikes.cl\/?product=llanta-u36-tl-29-32h-fv-weinmann","title":{"rendered":"Llanta U36 TL 29 32H FV  WEINMANN"},"content":{"rendered":"<div class=\"amshopby-option-link\"><a title=\"Weinmann\" href=\"https:\/\/www.ebest.cl\/weinmann\" aria-label=\"Weinmann\"><img decoding=\"async\" class=\"alignleft\" title=\"Weinmann\" src=\"https:\/\/www.ebest.cl\/media\/images\/cache\/amasty\/shopby\/option_images\/slider\/resized\/150x50\/weinmann_logo.png\" alt=\"Weinmann\" \/><\/a><\/div>\n<h5><\/h5>\n<h5>LLANTA U36 TL 29 32H FV<\/h5>\n<p><strong>Construcci\u00f3n resistente:<\/strong> Las U36 est\u00e1n dise\u00f1adas con una construcci\u00f3n robusta que las hace adecuadas para soportar las demandas del ciclismo en diferentes terrenos, desde caminos de monta\u00f1a hasta pavimento urbano.<\/p>\n<p><strong>Ancho interno amplio:<\/strong> Con un ancho interno de 31 mm, estas llantas ofrecen una excelente base para neum\u00e1ticos m\u00e1s anchos, lo que proporciona una mayor tracci\u00f3n, comodidad y estabilidad en terrenos variados.<\/p>\n<p><strong>Perfil tubeless-ready:<\/strong> Al ser compatibles con sistemas tubeless, las llantas U36 permiten a los ciclistas disfrutar de los beneficios de una menor presi\u00f3n de neum\u00e1ticos, mejor tracci\u00f3n y menos probabilidades de pinchazos.<\/p>\n<p><strong>Construcci\u00f3n en aleaci\u00f3n de aluminio:<\/strong> Fabricadas con aleaci\u00f3n de aluminio de alta calidad, estas llantas ofrecen una combinaci\u00f3n \u00f3ptima de resistencia y peso ligero, lo que contribuye al rendimiento y la durabilidad general de la bicicleta.<\/p>\n<p><strong>Versatilidad:<\/strong> Las llantas Weinmann U36 son vers\u00e1tiles y pueden adaptarse a una variedad de estilos de conducci\u00f3n y condiciones de terreno, desde el ciclismo recreativo hasta el ciclismo DH.<\/p>\n<ul>\n<li>Tubular<\/li>\n<li>Peso: 582gr<\/li>\n<li>Color: Negro<\/li>\n<li>Tipo: Simetrica<\/li>\n<li>ETRTO: 622X31.0<\/li>\n<li>Ancho Interno: 31mm<\/li>\n<li>Ancho Externo: 36mm<\/li>\n<li>V\u00e1lvula Francesa<\/li>\n<\/ul>\n<p>&nbsp;<\/p>\n<p>&nbsp;<\/p>\n","protected":false},"excerpt":{"rendered":"<div class=\"amshopby-option-link\"><a title=\"Weinmann\" href=\"https:\/\/www.ebest.cl\/weinmann\" aria-label=\"Weinmann\"><img decoding=\"async\" class=\"alignleft\" title=\"Weinmann\" src=\"https:\/\/www.ebest.cl\/media\/images\/cache\/amasty\/shopby\/option_images\/slider\/resized\/150x50\/weinmann_logo.png\" alt=\"Weinmann\" \/><\/a><\/div>\n<p data-sourcepos=\"5:1-5:167\"><strong>La llanta Weinmann U36 TL 29 32H FV es una opci\u00f3n tubeless-ready vers\u00e1til para ciclistas de monta\u00f1a que buscan rendimiento y durabilidad en sus aventuras todoterreno.<\/strong><\/p>\n","protected":false},"featured_media":18581,"comment_status":"open","ping_status":"closed","template":"","meta":[],"product_cat":[198,770],"product_tag":[1156,1161],"class_list":{"0":"post-18579","1":"product","2":"type-product","3":"status-publish","4":"has-post-thumbnail","6":"product_brand-weinmann","7":"product_cat-componentes","8":"product_cat-ruedas","9":"product_tag-llanta","10":"product_tag-ruedas","12":"first","13":"outofstock","14":"sale","15":"taxable","16":"shipping-taxable","17":"purchasable","18":"product-type-simple"},"yoast_head":"<!-- This site is optimized with the Yoast SEO Premium plugin v24.8 (Yoast SEO v25.6) - https:\/\/yoast.com\/wordpress\/plugins\/seo\/ -->\n<title>Llanta Weinmann U36 TL 29: Tubeless Ready, Rendimiento MTB<\/title>\n<meta name=\"description\" content=\"La llanta Weinmann U36 TL 29 32H FV es una opci\u00f3n tubeless-ready vers\u00e1til para ciclistas de monta\u00f1a que buscan rendimiento y durabilidad en sus aventuras todoterreno.\" \/>\n<meta name=\"robots\" content=\"index, follow, max-snippet:-1, max-image-preview:large, max-video-preview:-1\" \/>\n<link rel=\"canonical\" href=\"https:\/\/naturalbikes.cl\/?product=llanta-u36-tl-29-32h-fv-weinmann\" \/>\n<meta property=\"og:locale\" content=\"es_ES\" \/>\n<meta property=\"og:type\" content=\"article\" \/>\n<meta property=\"og:title\" content=\"Llanta U36 TL 29 32H FV WEINMANN\" \/>\n<meta property=\"og:description\" content=\"Ofrecer a nuestros clientes apasionados por el ciclismo de monta\u00f1a la mejor experiencia en productos, conocimientos especializados y servicios excepcionales. Nos comprometemos a proporcionar una amplia gama de bicicletas, accesorios y equipo de alta calidad, junto con asesoramiento experto y atenci\u00f3n personalizada para cada ciclista, para que puedan explorar, disfrutar y maximizar su aventura en el mundo del MTB\" \/>\n<meta property=\"og:url\" content=\"https:\/\/naturalbikes.cl\/?product=llanta-u36-tl-29-32h-fv-weinmann\" \/>\n<meta property=\"og:site_name\" content=\"NaturalBikes\" \/>\n<meta property=\"article:publisher\" content=\"https:\/\/www.facebook.com\/naturalbikescl\" \/>\n<meta property=\"article:modified_time\" content=\"2026-01-06T20:11:46+00:00\" \/>\n<meta property=\"og:image\" content=\"https:\/\/naturalbikes.cl\/wp-content\/uploads\/2024\/04\/L1223-1709307248245.jpg\" \/>\n\t<meta property=\"og:image:width\" content=\"1200\" \/>\n\t<meta property=\"og:image:height\" content=\"1200\" \/>\n\t<meta property=\"og:image:type\" content=\"image\/jpeg\" \/>\n<meta name=\"twitter:card\" content=\"summary_large_image\" \/>\n<meta name=\"twitter:label1\" content=\"Tiempo de lectura\" \/>\n\t<meta name=\"twitter:data1\" content=\"2 minutos\" \/>\n<script type=\"application\/ld+json\" class=\"yoast-schema-graph\">{\"@context\":\"https:\/\/schema.org\",\"@graph\":[{\"@type\":\"WebPage\",\"@id\":\"https:\/\/naturalbikes.cl\/?product=llanta-u36-tl-29-32h-fv-weinmann\",\"url\":\"https:\/\/naturalbikes.cl\/?product=llanta-u36-tl-29-32h-fv-weinmann\",\"name\":\"Llanta Weinmann U36 TL 29: Tubeless Ready, Rendimiento MTB\",\"isPartOf\":{\"@id\":\"https:\/\/naturalbikes.cl\/#website\"},\"primaryImageOfPage\":{\"@id\":\"https:\/\/naturalbikes.cl\/?product=llanta-u36-tl-29-32h-fv-weinmann#primaryimage\"},\"image\":{\"@id\":\"https:\/\/naturalbikes.cl\/?product=llanta-u36-tl-29-32h-fv-weinmann#primaryimage\"},\"thumbnailUrl\":\"https:\/\/naturalbikes.cl\/wp-content\/uploads\/2024\/04\/L1223-1709307248245.jpg\",\"datePublished\":\"2024-04-25T15:58:20+00:00\",\"dateModified\":\"2026-01-06T20:11:46+00:00\",\"description\":\"La llanta Weinmann U36 TL 29 32H FV es una opci\u00f3n tubeless-ready vers\u00e1til para ciclistas de monta\u00f1a que buscan rendimiento y durabilidad en sus aventuras todoterreno.\",\"breadcrumb\":{\"@id\":\"https:\/\/naturalbikes.cl\/?product=llanta-u36-tl-29-32h-fv-weinmann#breadcrumb\"},\"inLanguage\":\"es\",\"potentialAction\":[{\"@type\":\"ReadAction\",\"target\":[\"https:\/\/naturalbikes.cl\/?product=llanta-u36-tl-29-32h-fv-weinmann\"]}]},{\"@type\":\"ImageObject\",\"inLanguage\":\"es\",\"@id\":\"https:\/\/naturalbikes.cl\/?product=llanta-u36-tl-29-32h-fv-weinmann#primaryimage\",\"url\":\"https:\/\/naturalbikes.cl\/wp-content\/uploads\/2024\/04\/L1223-1709307248245.jpg\",\"contentUrl\":\"https:\/\/naturalbikes.cl\/wp-content\/uploads\/2024\/04\/L1223-1709307248245.jpg\",\"width\":1200,\"height\":1200},{\"@type\":\"BreadcrumbList\",\"@id\":\"https:\/\/naturalbikes.cl\/?product=llanta-u36-tl-29-32h-fv-weinmann#breadcrumb\",\"itemListElement\":[{\"@type\":\"ListItem\",\"position\":1,\"name\":\"Portada\",\"item\":\"https:\/\/naturalbikes.cl\/\"},{\"@type\":\"ListItem\",\"position\":2,\"name\":\"Tienda NB\",\"item\":\"https:\/\/naturalbikes.cl\/?page_id=7843\"},{\"@type\":\"ListItem\",\"position\":3,\"name\":\"Weinmann\",\"item\":\"https:\/\/naturalbikes.cl\/?product_brand=weinmann\"},{\"@type\":\"ListItem\",\"position\":4,\"name\":\"Llanta U36 TL 29 32H FV WEINMANN\"}]},{\"@type\":\"WebSite\",\"@id\":\"https:\/\/naturalbikes.cl\/#website\",\"url\":\"https:\/\/naturalbikes.cl\/\",\"name\":\"Natural Bikes\",\"description\":\"Tienda de bicicletas repuestos accesorios taller mantenimiento clases salidas\",\"publisher\":{\"@id\":\"https:\/\/naturalbikes.cl\/#organization\"},\"alternateName\":\"Natural Bikes\",\"potentialAction\":[{\"@type\":\"SearchAction\",\"target\":{\"@type\":\"EntryPoint\",\"urlTemplate\":\"https:\/\/naturalbikes.cl\/?s={search_term_string}\"},\"query-input\":{\"@type\":\"PropertyValueSpecification\",\"valueRequired\":true,\"valueName\":\"search_term_string\"}}],\"inLanguage\":\"es\"},{\"@type\":\"Organization\",\"@id\":\"https:\/\/naturalbikes.cl\/#organization\",\"name\":\"Natural Bikes\",\"alternateName\":\"Natural Bikes\",\"url\":\"https:\/\/naturalbikes.cl\/\",\"logo\":{\"@type\":\"ImageObject\",\"inLanguage\":\"es\",\"@id\":\"https:\/\/naturalbikes.cl\/#\/schema\/logo\/image\/\",\"url\":\"https:\/\/naturalbikes.cl\/wp-content\/uploads\/2024\/05\/2023-10-10-10.44.12.jpg\",\"contentUrl\":\"https:\/\/naturalbikes.cl\/wp-content\/uploads\/2024\/05\/2023-10-10-10.44.12.jpg\",\"width\":650,\"height\":650,\"caption\":\"Natural Bikes\"},\"image\":{\"@id\":\"https:\/\/naturalbikes.cl\/#\/schema\/logo\/image\/\"},\"sameAs\":[\"https:\/\/www.facebook.com\/naturalbikescl\",\"https:\/\/www.instagram.com\/natural.bikes\",\"https:\/\/www.tiktok.com\/@natural.bikes\"],\"description\":\"Ofrecer a nuestros clientes apasionados por el ciclismo de monta\u00f1a la mejor experiencia en productos, conocimientos especializados y servicios excepcionales. Nos comprometemos a proporcionar una amplia gama de bicicletas, accesorios y equipo de alta calidad, junto con asesoramiento experto y atenci\u00f3n personalizada para cada ciclista, para que puedan explorar, disfrutar y maximizar su aventura en el mundo del MTB\",\"email\":\"naturalbikes1@gmail.com\",\"telephone\":\"56977043878\",\"legalName\":\"Natural Bikes Limitada\",\"foundingDate\":\"2024-01-01\",\"vatID\":\"76699553-5\",\"taxID\":\"76699553-5\",\"numberOfEmployees\":{\"@type\":\"QuantitativeValue\",\"minValue\":\"1\",\"maxValue\":\"10\"},\"publishingPrinciples\":\"https:\/\/naturalbikes.cl\/?page_id=7843\",\"ownershipFundingInfo\":\"https:\/\/naturalbikes.cl\/?page_id=7843\",\"actionableFeedbackPolicy\":\"https:\/\/naturalbikes.cl\/?page_id=14797\",\"correctionsPolicy\":\"https:\/\/naturalbikes.cl\/?page_id=3\",\"ethicsPolicy\":\"https:\/\/naturalbikes.cl\/?page_id=7843\",\"diversityPolicy\":\"https:\/\/naturalbikes.cl\/?page_id=11734\",\"diversityStaffingReport\":\"https:\/\/naturalbikes.cl\/?page_id=12161\"}]}<\/script>\n<!-- \/ Yoast SEO Premium plugin. -->","yoast_head_json":{"title":"Llanta Weinmann U36 TL 29: Tubeless Ready, Rendimiento MTB","description":"La llanta Weinmann U36 TL 29 32H FV es una opci\u00f3n tubeless-ready vers\u00e1til para ciclistas de monta\u00f1a que buscan rendimiento y durabilidad en sus aventuras todoterreno.","robots":{"index":"index","follow":"follow","max-snippet":"max-snippet:-1","max-image-preview":"max-image-preview:large","max-video-preview":"max-video-preview:-1"},"canonical":"https:\/\/naturalbikes.cl\/?product=llanta-u36-tl-29-32h-fv-weinmann","og_locale":"es_ES","og_type":"article","og_title":"Llanta U36 TL 29 32H FV WEINMANN","og_description":"Ofrecer a nuestros clientes apasionados por el ciclismo de monta\u00f1a la mejor experiencia en productos, conocimientos especializados y servicios excepcionales. Nos comprometemos a proporcionar una amplia gama de bicicletas, accesorios y equipo de alta calidad, junto con asesoramiento experto y atenci\u00f3n personalizada para cada ciclista, para que puedan explorar, disfrutar y maximizar su aventura en el mundo del MTB","og_url":"https:\/\/naturalbikes.cl\/?product=llanta-u36-tl-29-32h-fv-weinmann","og_site_name":"NaturalBikes","article_publisher":"https:\/\/www.facebook.com\/naturalbikescl","article_modified_time":"2026-01-06T20:11:46+00:00","og_image":[{"width":1200,"height":1200,"url":"https:\/\/naturalbikes.cl\/wp-content\/uploads\/2024\/04\/L1223-1709307248245.jpg","type":"image\/jpeg"}],"twitter_card":"summary_large_image","twitter_misc":{"Tiempo de lectura":"2 minutos"},"schema":{"@context":"https:\/\/schema.org","@graph":[{"@type":"WebPage","@id":"https:\/\/naturalbikes.cl\/?product=llanta-u36-tl-29-32h-fv-weinmann","url":"https:\/\/naturalbikes.cl\/?product=llanta-u36-tl-29-32h-fv-weinmann","name":"Llanta Weinmann U36 TL 29: Tubeless Ready, Rendimiento MTB","isPartOf":{"@id":"https:\/\/naturalbikes.cl\/#website"},"primaryImageOfPage":{"@id":"https:\/\/naturalbikes.cl\/?product=llanta-u36-tl-29-32h-fv-weinmann#primaryimage"},"image":{"@id":"https:\/\/naturalbikes.cl\/?product=llanta-u36-tl-29-32h-fv-weinmann#primaryimage"},"thumbnailUrl":"https:\/\/naturalbikes.cl\/wp-content\/uploads\/2024\/04\/L1223-1709307248245.jpg","datePublished":"2024-04-25T15:58:20+00:00","dateModified":"2026-01-06T20:11:46+00:00","description":"La llanta Weinmann U36 TL 29 32H FV es una opci\u00f3n tubeless-ready vers\u00e1til para ciclistas de monta\u00f1a que buscan rendimiento y durabilidad en sus aventuras todoterreno.","breadcrumb":{"@id":"https:\/\/naturalbikes.cl\/?product=llanta-u36-tl-29-32h-fv-weinmann#breadcrumb"},"inLanguage":"es","potentialAction":[{"@type":"ReadAction","target":["https:\/\/naturalbikes.cl\/?product=llanta-u36-tl-29-32h-fv-weinmann"]}]},{"@type":"ImageObject","inLanguage":"es","@id":"https:\/\/naturalbikes.cl\/?product=llanta-u36-tl-29-32h-fv-weinmann#primaryimage","url":"https:\/\/naturalbikes.cl\/wp-content\/uploads\/2024\/04\/L1223-1709307248245.jpg","contentUrl":"https:\/\/naturalbikes.cl\/wp-content\/uploads\/2024\/04\/L1223-1709307248245.jpg","width":1200,"height":1200},{"@type":"BreadcrumbList","@id":"https:\/\/naturalbikes.cl\/?product=llanta-u36-tl-29-32h-fv-weinmann#breadcrumb","itemListElement":[{"@type":"ListItem","position":1,"name":"Portada","item":"https:\/\/naturalbikes.cl\/"},{"@type":"ListItem","position":2,"name":"Tienda NB","item":"https:\/\/naturalbikes.cl\/?page_id=7843"},{"@type":"ListItem","position":3,"name":"Weinmann","item":"https:\/\/naturalbikes.cl\/?product_brand=weinmann"},{"@type":"ListItem","position":4,"name":"Llanta U36 TL 29 32H FV WEINMANN"}]},{"@type":"WebSite","@id":"https:\/\/naturalbikes.cl\/#website","url":"https:\/\/naturalbikes.cl\/","name":"Natural Bikes","description":"Tienda de bicicletas repuestos accesorios taller mantenimiento clases salidas","publisher":{"@id":"https:\/\/naturalbikes.cl\/#organization"},"alternateName":"Natural Bikes","potentialAction":[{"@type":"SearchAction","target":{"@type":"EntryPoint","urlTemplate":"https:\/\/naturalbikes.cl\/?s={search_term_string}"},"query-input":{"@type":"PropertyValueSpecification","valueRequired":true,"valueName":"search_term_string"}}],"inLanguage":"es"},{"@type":"Organization","@id":"https:\/\/naturalbikes.cl\/#organization","name":"Natural Bikes","alternateName":"Natural Bikes","url":"https:\/\/naturalbikes.cl\/","logo":{"@type":"ImageObject","inLanguage":"es","@id":"https:\/\/naturalbikes.cl\/#\/schema\/logo\/image\/","url":"https:\/\/naturalbikes.cl\/wp-content\/uploads\/2024\/05\/2023-10-10-10.44.12.jpg","contentUrl":"https:\/\/naturalbikes.cl\/wp-content\/uploads\/2024\/05\/2023-10-10-10.44.12.jpg","width":650,"height":650,"caption":"Natural Bikes"},"image":{"@id":"https:\/\/naturalbikes.cl\/#\/schema\/logo\/image\/"},"sameAs":["https:\/\/www.facebook.com\/naturalbikescl","https:\/\/www.instagram.com\/natural.bikes","https:\/\/www.tiktok.com\/@natural.bikes"],"description":"Ofrecer a nuestros clientes apasionados por el ciclismo de monta\u00f1a la mejor experiencia en productos, conocimientos especializados y servicios excepcionales. Nos comprometemos a proporcionar una amplia gama de bicicletas, accesorios y equipo de alta calidad, junto con asesoramiento experto y atenci\u00f3n personalizada para cada ciclista, para que puedan explorar, disfrutar y maximizar su aventura en el mundo del MTB","email":"naturalbikes1@gmail.com","telephone":"56977043878","legalName":"Natural Bikes Limitada","foundingDate":"2024-01-01","vatID":"76699553-5","taxID":"76699553-5","numberOfEmployees":{"@type":"QuantitativeValue","minValue":"1","maxValue":"10"},"publishingPrinciples":"https:\/\/naturalbikes.cl\/?page_id=7843","ownershipFundingInfo":"https:\/\/naturalbikes.cl\/?page_id=7843","actionableFeedbackPolicy":"https:\/\/naturalbikes.cl\/?page_id=14797","correctionsPolicy":"https:\/\/naturalbikes.cl\/?page_id=3","ethicsPolicy":"https:\/\/naturalbikes.cl\/?page_id=7843","diversityPolicy":"https:\/\/naturalbikes.cl\/?page_id=11734","diversityStaffingReport":"https:\/\/naturalbikes.cl\/?page_id=12161"}]}},"_links":{"self":[{"href":"https:\/\/naturalbikes.cl\/index.php?rest_route=\/wp\/v2\/product\/18579"}],"collection":[{"href":"https:\/\/naturalbikes.cl\/index.php?rest_route=\/wp\/v2\/product"}],"about":[{"href":"https:\/\/naturalbikes.cl\/index.php?rest_route=\/wp\/v2\/types\/product"}],"replies":[{"embeddable":true,"href":"https:\/\/naturalbikes.cl\/index.php?rest_route=%2Fwp%2Fv2%2Fcomments&post=18579"}],"wp:featuredmedia":[{"embeddable":true,"href":"https:\/\/naturalbikes.cl\/index.php?rest_route=\/wp\/v2\/media\/18581"}],"wp:attachment":[{"href":"https:\/\/naturalbikes.cl\/index.php?rest_route=%2Fwp%2Fv2%2Fmedia&parent=18579"}],"wp:term":[{"taxonomy":"product_cat","embeddable":true,"href":"https:\/\/naturalbikes.cl\/index.php?rest_route=%2Fwp%2Fv2%2Fproduct_cat&post=18579"},{"taxonomy":"product_tag","embeddable":true,"href":"https:\/\/naturalbikes.cl\/index.php?rest_route=%2Fwp%2Fv2%2Fproduct_tag&post=18579"}],"curies":[{"name":"wp","href":"https:\/\/api.w.org\/{rel}","templated":true}]}}