{"id":18577,"date":"2024-04-24T13:07:44","date_gmt":"2024-04-24T17:07:44","guid":{"rendered":"https:\/\/naturalbikes.cl\/?post_type=product&#038;p=18577"},"modified":"2026-01-06T17:11:45","modified_gmt":"2026-01-06T20:11:45","slug":"neumatico-maxxis-assegai-29-x-2-50-wt-dh-casing-tr-3c-maxxgrip","status":"publish","type":"product","link":"https:\/\/naturalbikes.cl\/?product=neumatico-maxxis-assegai-29-x-2-50-wt-dh-casing-tr-3c-maxxgrip","title":{"rendered":"Neum\u00e1tico Maxxis Assegai 29 X 2.50 WT DH Casing TR 3C MaxxGrip"},"content":{"rendered":"<div class=\"content--title\"><a href=\"https:\/\/naturalbikes.cl\/wp-content\/uploads\/2024\/04\/maxxis.svg\"><img fetchpriority=\"high\" decoding=\"async\" class=\"wp-image-18576 alignleft\" src=\"https:\/\/naturalbikes.cl\/wp-content\/uploads\/2024\/04\/maxxis.svg\" alt=\"\" width=\"300\" height=\"300\" \/><\/a><\/div>\n<div class=\"product--description\">\n<hr \/>\n<h3>Caracter\u00edsticas del producto &#8211; Assegai WT<\/h3>\n<ul>\n<li>Uso:\u00a0AM, ES<\/li>\n<li>Tama\u00f1o:\u00a029&#8243; x 2.50 WT<\/li>\n<li>ETRTO:\u00a063 &#8211; 622<\/li>\n<li>Versi\u00f3n:\u00a0DD, TR<\/li>\n<li>Compuesto:\u00a03C MaxxGrip<\/li>\n<li>Carcasa:\u00a0120&#215;2 DD<\/li>\n<\/ul>\n<h3>Color<\/h3>\n<ul>\n<li>negro<\/li>\n<\/ul>\n<h3>Peso<\/h3>\n<ul>\n<li>1305g (informaci\u00f3n del fabricante)<\/li>\n<\/ul>\n<hr \/>\n<h3>Volumen de suministro<\/h3>\n<ul>\n<li>1 Maxxis Assegai WT 29&#215;2.50&#8243; DH Casing TR 3C MaxxGrip 120&#215;2 plegable<\/li>\n<\/ul>\n<hr \/>\n<h3>Tecnolog\u00edas<\/h3>\n<p>Preparado para Tubeless<br \/>\nLos neum\u00e1ticos sin c\u00e1mara tienen muchas ventajas: Se puede conducir con menos presi\u00f3n de aire y, por tanto, tener mejor tracci\u00f3n, la resistencia a la rodadura es menor que con manguera y, cuando no hay manguera, tambi\u00e9n se reduce el riesgo de aver\u00edas. Los neum\u00e1ticos MAXXIS TR est\u00e1n mejor preparados para el montaje con leche selladora que otros neum\u00e1ticos preparados para tubeless, porque el tal\u00f3n de nuestros neum\u00e1ticos TR est\u00e1 completamente cubierto con una capa de goma como un verdadero neum\u00e1tico tubeless UST. Esto significa que el montaje sin c\u00e1mara es exitoso con el primer inflado y con poco l\u00edquido en todas las llantas que cumplen con las dimensiones est\u00e1ndar.Los neum\u00e1ticos MAXXIS MTB normales tambi\u00e9n pueden ser montados con sellador como los neum\u00e1ticos de otros fabricantes, ya que los tejidos de la carcasa son muy densos. Sin embargo, s\u00f3lo los nuevos modelos MAXXIS TR est\u00e1n oficialmente aprobados para la instalaci\u00f3n sin c\u00e1mara y garantizados por MAXXIS, la instalaci\u00f3n sin c\u00e1mara de otros modelos es bajo su propio riesgo.<\/p>\n<p>3C MaxxGrip<br \/>\nRendimiento superior en carrera gracias a tres compuestos de goma diferentes en distintas posiciones de la banda de rodadura. La capa base asegura una baja resistencia a la rodadura y la estabilidad de las lamas del perfil. El compuesto en el centro de la banda de rodadura proporciona el mejor agarre en cualquier superficie, mientras que el compuesto extremadamente amortiguado en los tacos de los hombros asegura el mejor agarre posible en las curvas.<\/p>\n<p>Doble Down<br \/>\nEl TDoubleDown (DD) es el siguiente paso en la evoluci\u00f3n de la carcasa del neum\u00e1tico de doble capa para las carreras de enduro. Dos capas de carcasa de 120 TPI reforzadas con un inserto de butilo proporcionan al corredor de enduro el apoyo y la protecci\u00f3n de un neum\u00e1tico de descenso, pero en un paquete m\u00e1s ligero.<\/p>\n<p>Carcasa ancha de Trail<br \/>\nLa construcci\u00f3n Wide Trail (WT) optimiza la disposici\u00f3n de la banda de rodadura y la forma del neum\u00e1tico en las llantas m\u00e1s anchas de hoy en d\u00eda. Los neum\u00e1ticos tradicionales est\u00e1n dise\u00f1ados para llantas estrechas y son demasiado angulosos en llantas anchas para un rendimiento \u00f3ptimo.<br \/>\nLos neum\u00e1ticos WT est\u00e1n optimizados para un ancho de llanta interior de 35 mm, pero funcionan perfectamente en todas las llantas con una dimensi\u00f3n interior de entre 30 y 40 mm.<\/p>\n<\/div>\n","protected":false},"excerpt":{"rendered":"<div class=\"content--title\"><a href=\"https:\/\/naturalbikes.cl\/wp-content\/uploads\/2024\/04\/maxxis.svg\"><img fetchpriority=\"high\" decoding=\"async\" class=\"wp-image-18576 alignleft\" src=\"https:\/\/naturalbikes.cl\/wp-content\/uploads\/2024\/04\/maxxis.svg\" alt=\"\" width=\"300\" height=\"300\" \/><\/a><\/div>\n<div class=\"product--description\">\n<p><strong>\u00abLos neum\u00e1ticos Maxxis Assegai son la elecci\u00f3n definitiva para los amantes del ciclismo de monta\u00f1a que buscan rendimiento excepcional en terrenos exigentes. Dise\u00f1ados en colaboraci\u00f3n con el legendario piloto Greg Minnaar, ofrecen un agarre incomparable, control preciso y una tracci\u00f3n excepcional en todo tipo de condiciones. Domina cualquier sendero con confianza y estilo con los neum\u00e1ticos Maxxis Assegai.\u00bb<\/strong><\/p>\n<h3><\/h3>\n<\/div>\n","protected":false},"featured_media":18572,"comment_status":"open","ping_status":"closed","template":"","meta":[],"product_cat":[198,305,237],"product_tag":[1159,1158,149,1157],"class_list":{"0":"post-18577","1":"product","2":"type-product","3":"status-publish","4":"has-post-thumbnail","6":"product_brand-maxxis","7":"product_cat-componentes","8":"product_cat-maxxis","9":"product_cat-neumaticos","10":"product_tag-assegai","11":"product_tag-maxxis","12":"product_tag-neumaticos","13":"product_tag-tires","15":"first","16":"instock","17":"sale","18":"taxable","19":"shipping-taxable","20":"purchasable","21":"product-type-simple"},"yoast_head":"<!-- This site is optimized with the Yoast SEO Premium plugin v24.8 (Yoast SEO v25.6) - https:\/\/yoast.com\/wordpress\/plugins\/seo\/ -->\n<title>Neum\u00e1tico Maxxis Assegai 29 X 2.50 WT DH Casing TR 3C MaxxGrip<\/title>\n<meta name=\"description\" content=\"Los neum\u00e1ticos Maxxis Assegai son la elecci\u00f3n definitiva para los amantes del ciclismo de monta\u00f1a que buscan rendimiento excepcional en terrenos exigentes. Dise\u00f1ados en colaboraci\u00f3n con el legendario piloto Greg Minnaar, ofrecen un agarre incomparable, control preciso y una tracci\u00f3n excepcional en todo tipo de condiciones. Domina cualquier sendero con confianza y estilo con los neum\u00e1ticos Maxxis Assegai.\" \/>\n<meta name=\"robots\" content=\"index, follow, max-snippet:-1, max-image-preview:large, max-video-preview:-1\" \/>\n<link rel=\"canonical\" href=\"https:\/\/naturalbikes.cl\/?product=neumatico-maxxis-assegai-29-x-2-50-wt-dh-casing-tr-3c-maxxgrip\" \/>\n<meta property=\"og:locale\" content=\"es_ES\" \/>\n<meta property=\"og:type\" content=\"article\" \/>\n<meta property=\"og:title\" content=\"Neum\u00e1tico Maxxis Assegai 29 X 2.50 WT DH Casing TR 3C MaxxGrip\" \/>\n<meta property=\"og:description\" content=\"Ofrecer a nuestros clientes apasionados por el ciclismo de monta\u00f1a la mejor experiencia en productos, conocimientos especializados y servicios excepcionales. Nos comprometemos a proporcionar una amplia gama de bicicletas, accesorios y equipo de alta calidad, junto con asesoramiento experto y atenci\u00f3n personalizada para cada ciclista, para que puedan explorar, disfrutar y maximizar su aventura en el mundo del MTB\" \/>\n<meta property=\"og:url\" content=\"https:\/\/naturalbikes.cl\/?product=neumatico-maxxis-assegai-29-x-2-50-wt-dh-casing-tr-3c-maxxgrip\" \/>\n<meta property=\"og:site_name\" content=\"NaturalBikes\" \/>\n<meta property=\"article:publisher\" content=\"https:\/\/www.facebook.com\/naturalbikescl\" \/>\n<meta property=\"article:modified_time\" content=\"2026-01-06T20:11:45+00:00\" \/>\n<meta property=\"og:image\" content=\"https:\/\/naturalbikes.cl\/wp-content\/uploads\/2024\/04\/neumatico-maxxis-assegai-29-x-25-dh-casing-3c-maxxgrip.jpg-2.webp\" \/>\n\t<meta property=\"og:image:width\" content=\"1100\" \/>\n\t<meta property=\"og:image:height\" content=\"1422\" \/>\n\t<meta property=\"og:image:type\" content=\"image\/webp\" \/>\n<meta name=\"twitter:card\" content=\"summary_large_image\" \/>\n<meta name=\"twitter:label1\" content=\"Tiempo de lectura\" \/>\n\t<meta name=\"twitter:data1\" content=\"3 minutos\" \/>\n<script type=\"application\/ld+json\" class=\"yoast-schema-graph\">{\"@context\":\"https:\/\/schema.org\",\"@graph\":[{\"@type\":\"WebPage\",\"@id\":\"https:\/\/naturalbikes.cl\/?product=neumatico-maxxis-assegai-29-x-2-50-wt-dh-casing-tr-3c-maxxgrip\",\"url\":\"https:\/\/naturalbikes.cl\/?product=neumatico-maxxis-assegai-29-x-2-50-wt-dh-casing-tr-3c-maxxgrip\",\"name\":\"Neum\u00e1tico Maxxis Assegai 29 X 2.50 WT DH Casing TR 3C MaxxGrip\",\"isPartOf\":{\"@id\":\"https:\/\/naturalbikes.cl\/#website\"},\"primaryImageOfPage\":{\"@id\":\"https:\/\/naturalbikes.cl\/?product=neumatico-maxxis-assegai-29-x-2-50-wt-dh-casing-tr-3c-maxxgrip#primaryimage\"},\"image\":{\"@id\":\"https:\/\/naturalbikes.cl\/?product=neumatico-maxxis-assegai-29-x-2-50-wt-dh-casing-tr-3c-maxxgrip#primaryimage\"},\"thumbnailUrl\":\"https:\/\/naturalbikes.cl\/wp-content\/uploads\/2024\/04\/neumatico-maxxis-assegai-29-x-25-dh-casing-3c-maxxgrip.jpg-2.webp\",\"datePublished\":\"2024-04-24T17:07:44+00:00\",\"dateModified\":\"2026-01-06T20:11:45+00:00\",\"description\":\"Los neum\u00e1ticos Maxxis Assegai son la elecci\u00f3n definitiva para los amantes del ciclismo de monta\u00f1a que buscan rendimiento excepcional en terrenos exigentes. Dise\u00f1ados en colaboraci\u00f3n con el legendario piloto Greg Minnaar, ofrecen un agarre incomparable, control preciso y una tracci\u00f3n excepcional en todo tipo de condiciones. Domina cualquier sendero con confianza y estilo con los neum\u00e1ticos Maxxis Assegai.\",\"breadcrumb\":{\"@id\":\"https:\/\/naturalbikes.cl\/?product=neumatico-maxxis-assegai-29-x-2-50-wt-dh-casing-tr-3c-maxxgrip#breadcrumb\"},\"inLanguage\":\"es\",\"potentialAction\":[{\"@type\":\"ReadAction\",\"target\":[\"https:\/\/naturalbikes.cl\/?product=neumatico-maxxis-assegai-29-x-2-50-wt-dh-casing-tr-3c-maxxgrip\"]}]},{\"@type\":\"ImageObject\",\"inLanguage\":\"es\",\"@id\":\"https:\/\/naturalbikes.cl\/?product=neumatico-maxxis-assegai-29-x-2-50-wt-dh-casing-tr-3c-maxxgrip#primaryimage\",\"url\":\"https:\/\/naturalbikes.cl\/wp-content\/uploads\/2024\/04\/neumatico-maxxis-assegai-29-x-25-dh-casing-3c-maxxgrip.jpg-2.webp\",\"contentUrl\":\"https:\/\/naturalbikes.cl\/wp-content\/uploads\/2024\/04\/neumatico-maxxis-assegai-29-x-25-dh-casing-3c-maxxgrip.jpg-2.webp\",\"width\":1100,\"height\":1422},{\"@type\":\"BreadcrumbList\",\"@id\":\"https:\/\/naturalbikes.cl\/?product=neumatico-maxxis-assegai-29-x-2-50-wt-dh-casing-tr-3c-maxxgrip#breadcrumb\",\"itemListElement\":[{\"@type\":\"ListItem\",\"position\":1,\"name\":\"Portada\",\"item\":\"https:\/\/naturalbikes.cl\/\"},{\"@type\":\"ListItem\",\"position\":2,\"name\":\"Tienda NB\",\"item\":\"https:\/\/naturalbikes.cl\/?page_id=7843\"},{\"@type\":\"ListItem\",\"position\":3,\"name\":\"Maxxis\",\"item\":\"https:\/\/naturalbikes.cl\/?product_brand=maxxis\"},{\"@type\":\"ListItem\",\"position\":4,\"name\":\"Neum\u00e1tico Maxxis Assegai 29 X 2.50 WT DH Casing TR 3C MaxxGrip\"}]},{\"@type\":\"WebSite\",\"@id\":\"https:\/\/naturalbikes.cl\/#website\",\"url\":\"https:\/\/naturalbikes.cl\/\",\"name\":\"Natural Bikes\",\"description\":\"Tienda de bicicletas repuestos accesorios taller mantenimiento clases salidas\",\"publisher\":{\"@id\":\"https:\/\/naturalbikes.cl\/#organization\"},\"alternateName\":\"Natural Bikes\",\"potentialAction\":[{\"@type\":\"SearchAction\",\"target\":{\"@type\":\"EntryPoint\",\"urlTemplate\":\"https:\/\/naturalbikes.cl\/?s={search_term_string}\"},\"query-input\":{\"@type\":\"PropertyValueSpecification\",\"valueRequired\":true,\"valueName\":\"search_term_string\"}}],\"inLanguage\":\"es\"},{\"@type\":\"Organization\",\"@id\":\"https:\/\/naturalbikes.cl\/#organization\",\"name\":\"Natural Bikes\",\"alternateName\":\"Natural Bikes\",\"url\":\"https:\/\/naturalbikes.cl\/\",\"logo\":{\"@type\":\"ImageObject\",\"inLanguage\":\"es\",\"@id\":\"https:\/\/naturalbikes.cl\/#\/schema\/logo\/image\/\",\"url\":\"https:\/\/naturalbikes.cl\/wp-content\/uploads\/2024\/05\/2023-10-10-10.44.12.jpg\",\"contentUrl\":\"https:\/\/naturalbikes.cl\/wp-content\/uploads\/2024\/05\/2023-10-10-10.44.12.jpg\",\"width\":650,\"height\":650,\"caption\":\"Natural Bikes\"},\"image\":{\"@id\":\"https:\/\/naturalbikes.cl\/#\/schema\/logo\/image\/\"},\"sameAs\":[\"https:\/\/www.facebook.com\/naturalbikescl\",\"https:\/\/www.instagram.com\/natural.bikes\",\"https:\/\/www.tiktok.com\/@natural.bikes\"],\"description\":\"Ofrecer a nuestros clientes apasionados por el ciclismo de monta\u00f1a la mejor experiencia en productos, conocimientos especializados y servicios excepcionales. Nos comprometemos a proporcionar una amplia gama de bicicletas, accesorios y equipo de alta calidad, junto con asesoramiento experto y atenci\u00f3n personalizada para cada ciclista, para que puedan explorar, disfrutar y maximizar su aventura en el mundo del MTB\",\"email\":\"naturalbikes1@gmail.com\",\"telephone\":\"56977043878\",\"legalName\":\"Natural Bikes Limitada\",\"foundingDate\":\"2024-01-01\",\"vatID\":\"76699553-5\",\"taxID\":\"76699553-5\",\"numberOfEmployees\":{\"@type\":\"QuantitativeValue\",\"minValue\":\"1\",\"maxValue\":\"10\"},\"publishingPrinciples\":\"https:\/\/naturalbikes.cl\/?page_id=7843\",\"ownershipFundingInfo\":\"https:\/\/naturalbikes.cl\/?page_id=7843\",\"actionableFeedbackPolicy\":\"https:\/\/naturalbikes.cl\/?page_id=14797\",\"correctionsPolicy\":\"https:\/\/naturalbikes.cl\/?page_id=3\",\"ethicsPolicy\":\"https:\/\/naturalbikes.cl\/?page_id=7843\",\"diversityPolicy\":\"https:\/\/naturalbikes.cl\/?page_id=11734\",\"diversityStaffingReport\":\"https:\/\/naturalbikes.cl\/?page_id=12161\"}]}<\/script>\n<!-- \/ Yoast SEO Premium plugin. -->","yoast_head_json":{"title":"Neum\u00e1tico Maxxis Assegai 29 X 2.50 WT DH Casing TR 3C MaxxGrip","description":"Los neum\u00e1ticos Maxxis Assegai son la elecci\u00f3n definitiva para los amantes del ciclismo de monta\u00f1a que buscan rendimiento excepcional en terrenos exigentes. Dise\u00f1ados en colaboraci\u00f3n con el legendario piloto Greg Minnaar, ofrecen un agarre incomparable, control preciso y una tracci\u00f3n excepcional en todo tipo de condiciones. Domina cualquier sendero con confianza y estilo con los neum\u00e1ticos Maxxis Assegai.","robots":{"index":"index","follow":"follow","max-snippet":"max-snippet:-1","max-image-preview":"max-image-preview:large","max-video-preview":"max-video-preview:-1"},"canonical":"https:\/\/naturalbikes.cl\/?product=neumatico-maxxis-assegai-29-x-2-50-wt-dh-casing-tr-3c-maxxgrip","og_locale":"es_ES","og_type":"article","og_title":"Neum\u00e1tico Maxxis Assegai 29 X 2.50 WT DH Casing TR 3C MaxxGrip","og_description":"Ofrecer a nuestros clientes apasionados por el ciclismo de monta\u00f1a la mejor experiencia en productos, conocimientos especializados y servicios excepcionales. Nos comprometemos a proporcionar una amplia gama de bicicletas, accesorios y equipo de alta calidad, junto con asesoramiento experto y atenci\u00f3n personalizada para cada ciclista, para que puedan explorar, disfrutar y maximizar su aventura en el mundo del MTB","og_url":"https:\/\/naturalbikes.cl\/?product=neumatico-maxxis-assegai-29-x-2-50-wt-dh-casing-tr-3c-maxxgrip","og_site_name":"NaturalBikes","article_publisher":"https:\/\/www.facebook.com\/naturalbikescl","article_modified_time":"2026-01-06T20:11:45+00:00","og_image":[{"width":1100,"height":1422,"url":"https:\/\/naturalbikes.cl\/wp-content\/uploads\/2024\/04\/neumatico-maxxis-assegai-29-x-25-dh-casing-3c-maxxgrip.jpg-2.webp","type":"image\/webp"}],"twitter_card":"summary_large_image","twitter_misc":{"Tiempo de lectura":"3 minutos"},"schema":{"@context":"https:\/\/schema.org","@graph":[{"@type":"WebPage","@id":"https:\/\/naturalbikes.cl\/?product=neumatico-maxxis-assegai-29-x-2-50-wt-dh-casing-tr-3c-maxxgrip","url":"https:\/\/naturalbikes.cl\/?product=neumatico-maxxis-assegai-29-x-2-50-wt-dh-casing-tr-3c-maxxgrip","name":"Neum\u00e1tico Maxxis Assegai 29 X 2.50 WT DH Casing TR 3C MaxxGrip","isPartOf":{"@id":"https:\/\/naturalbikes.cl\/#website"},"primaryImageOfPage":{"@id":"https:\/\/naturalbikes.cl\/?product=neumatico-maxxis-assegai-29-x-2-50-wt-dh-casing-tr-3c-maxxgrip#primaryimage"},"image":{"@id":"https:\/\/naturalbikes.cl\/?product=neumatico-maxxis-assegai-29-x-2-50-wt-dh-casing-tr-3c-maxxgrip#primaryimage"},"thumbnailUrl":"https:\/\/naturalbikes.cl\/wp-content\/uploads\/2024\/04\/neumatico-maxxis-assegai-29-x-25-dh-casing-3c-maxxgrip.jpg-2.webp","datePublished":"2024-04-24T17:07:44+00:00","dateModified":"2026-01-06T20:11:45+00:00","description":"Los neum\u00e1ticos Maxxis Assegai son la elecci\u00f3n definitiva para los amantes del ciclismo de monta\u00f1a que buscan rendimiento excepcional en terrenos exigentes. Dise\u00f1ados en colaboraci\u00f3n con el legendario piloto Greg Minnaar, ofrecen un agarre incomparable, control preciso y una tracci\u00f3n excepcional en todo tipo de condiciones. Domina cualquier sendero con confianza y estilo con los neum\u00e1ticos Maxxis Assegai.","breadcrumb":{"@id":"https:\/\/naturalbikes.cl\/?product=neumatico-maxxis-assegai-29-x-2-50-wt-dh-casing-tr-3c-maxxgrip#breadcrumb"},"inLanguage":"es","potentialAction":[{"@type":"ReadAction","target":["https:\/\/naturalbikes.cl\/?product=neumatico-maxxis-assegai-29-x-2-50-wt-dh-casing-tr-3c-maxxgrip"]}]},{"@type":"ImageObject","inLanguage":"es","@id":"https:\/\/naturalbikes.cl\/?product=neumatico-maxxis-assegai-29-x-2-50-wt-dh-casing-tr-3c-maxxgrip#primaryimage","url":"https:\/\/naturalbikes.cl\/wp-content\/uploads\/2024\/04\/neumatico-maxxis-assegai-29-x-25-dh-casing-3c-maxxgrip.jpg-2.webp","contentUrl":"https:\/\/naturalbikes.cl\/wp-content\/uploads\/2024\/04\/neumatico-maxxis-assegai-29-x-25-dh-casing-3c-maxxgrip.jpg-2.webp","width":1100,"height":1422},{"@type":"BreadcrumbList","@id":"https:\/\/naturalbikes.cl\/?product=neumatico-maxxis-assegai-29-x-2-50-wt-dh-casing-tr-3c-maxxgrip#breadcrumb","itemListElement":[{"@type":"ListItem","position":1,"name":"Portada","item":"https:\/\/naturalbikes.cl\/"},{"@type":"ListItem","position":2,"name":"Tienda NB","item":"https:\/\/naturalbikes.cl\/?page_id=7843"},{"@type":"ListItem","position":3,"name":"Maxxis","item":"https:\/\/naturalbikes.cl\/?product_brand=maxxis"},{"@type":"ListItem","position":4,"name":"Neum\u00e1tico Maxxis Assegai 29 X 2.50 WT DH Casing TR 3C MaxxGrip"}]},{"@type":"WebSite","@id":"https:\/\/naturalbikes.cl\/#website","url":"https:\/\/naturalbikes.cl\/","name":"Natural Bikes","description":"Tienda de bicicletas repuestos accesorios taller mantenimiento clases salidas","publisher":{"@id":"https:\/\/naturalbikes.cl\/#organization"},"alternateName":"Natural Bikes","potentialAction":[{"@type":"SearchAction","target":{"@type":"EntryPoint","urlTemplate":"https:\/\/naturalbikes.cl\/?s={search_term_string}"},"query-input":{"@type":"PropertyValueSpecification","valueRequired":true,"valueName":"search_term_string"}}],"inLanguage":"es"},{"@type":"Organization","@id":"https:\/\/naturalbikes.cl\/#organization","name":"Natural Bikes","alternateName":"Natural Bikes","url":"https:\/\/naturalbikes.cl\/","logo":{"@type":"ImageObject","inLanguage":"es","@id":"https:\/\/naturalbikes.cl\/#\/schema\/logo\/image\/","url":"https:\/\/naturalbikes.cl\/wp-content\/uploads\/2024\/05\/2023-10-10-10.44.12.jpg","contentUrl":"https:\/\/naturalbikes.cl\/wp-content\/uploads\/2024\/05\/2023-10-10-10.44.12.jpg","width":650,"height":650,"caption":"Natural Bikes"},"image":{"@id":"https:\/\/naturalbikes.cl\/#\/schema\/logo\/image\/"},"sameAs":["https:\/\/www.facebook.com\/naturalbikescl","https:\/\/www.instagram.com\/natural.bikes","https:\/\/www.tiktok.com\/@natural.bikes"],"description":"Ofrecer a nuestros clientes apasionados por el ciclismo de monta\u00f1a la mejor experiencia en productos, conocimientos especializados y servicios excepcionales. Nos comprometemos a proporcionar una amplia gama de bicicletas, accesorios y equipo de alta calidad, junto con asesoramiento experto y atenci\u00f3n personalizada para cada ciclista, para que puedan explorar, disfrutar y maximizar su aventura en el mundo del MTB","email":"naturalbikes1@gmail.com","telephone":"56977043878","legalName":"Natural Bikes Limitada","foundingDate":"2024-01-01","vatID":"76699553-5","taxID":"76699553-5","numberOfEmployees":{"@type":"QuantitativeValue","minValue":"1","maxValue":"10"},"publishingPrinciples":"https:\/\/naturalbikes.cl\/?page_id=7843","ownershipFundingInfo":"https:\/\/naturalbikes.cl\/?page_id=7843","actionableFeedbackPolicy":"https:\/\/naturalbikes.cl\/?page_id=14797","correctionsPolicy":"https:\/\/naturalbikes.cl\/?page_id=3","ethicsPolicy":"https:\/\/naturalbikes.cl\/?page_id=7843","diversityPolicy":"https:\/\/naturalbikes.cl\/?page_id=11734","diversityStaffingReport":"https:\/\/naturalbikes.cl\/?page_id=12161"}]}},"_links":{"self":[{"href":"https:\/\/naturalbikes.cl\/index.php?rest_route=\/wp\/v2\/product\/18577"}],"collection":[{"href":"https:\/\/naturalbikes.cl\/index.php?rest_route=\/wp\/v2\/product"}],"about":[{"href":"https:\/\/naturalbikes.cl\/index.php?rest_route=\/wp\/v2\/types\/product"}],"replies":[{"embeddable":true,"href":"https:\/\/naturalbikes.cl\/index.php?rest_route=%2Fwp%2Fv2%2Fcomments&post=18577"}],"wp:featuredmedia":[{"embeddable":true,"href":"https:\/\/naturalbikes.cl\/index.php?rest_route=\/wp\/v2\/media\/18572"}],"wp:attachment":[{"href":"https:\/\/naturalbikes.cl\/index.php?rest_route=%2Fwp%2Fv2%2Fmedia&parent=18577"}],"wp:term":[{"taxonomy":"product_cat","embeddable":true,"href":"https:\/\/naturalbikes.cl\/index.php?rest_route=%2Fwp%2Fv2%2Fproduct_cat&post=18577"},{"taxonomy":"product_tag","embeddable":true,"href":"https:\/\/naturalbikes.cl\/index.php?rest_route=%2Fwp%2Fv2%2Fproduct_tag&post=18577"}],"curies":[{"name":"wp","href":"https:\/\/api.w.org\/{rel}","templated":true}]}}