{"id":18555,"date":"2024-04-24T11:13:49","date_gmt":"2024-04-24T15:13:49","guid":{"rendered":"https:\/\/naturalbikes.cl\/?post_type=product&#038;p=18555"},"modified":"2026-01-06T17:11:45","modified_gmt":"2026-01-06T20:11:45","slug":"manilla-shimano-cambio-shifter-sl-m7100-slx-trasero-12v","status":"publish","type":"product","link":"https:\/\/naturalbikes.cl\/?product=manilla-shimano-cambio-shifter-sl-m7100-slx-trasero-12v","title":{"rendered":"Manilla Shimano Cambio Shifter Sl-M7100 SLX Trasero 12V"},"content":{"rendered":"<p>&nbsp;<\/p>\n<div class=\"cmp-itemlist-accordion\">\n<div class=\"cmp-itemlist-accordion__accordion-section cmp-itemlist-accordion__accordion-section--is-opened\">\n<div class=\"cmp-itemlist-accordion__contents\" data-final-height=\"50\" data-starting-height=\"28\">\n<div class=\"cmp-itemlist-accordion__accordion-section cmp-itemlist-accordion__accordion-section--is-opened\">\n<div class=\"cmp-itemlist-accordion__contents\" data-starting-height=\"0\" data-final-height=\"672\" data-scroll-to-top=\"\">\n<div class=\"table-wrapper\">\n<div class=\"Tabs_tab-column-left__RFU8I\">\n<div class=\"ReadMore_read-more-component__AKyco\">\n<div class=\"ReadMore_read-more-wrapper__FtX7K\">\n<div class=\"ReadMore_read-more-content__J4xHt\">\n<div class=\"ReadMore_read-more-content-wrapper__y_3DD\">\n<p><a href=\"https:\/\/naturalbikes.cl\/wp-content\/uploads\/2024\/04\/shimano-1-.svg\"><img decoding=\"async\" class=\"wp-image-18541 alignleft\" src=\"https:\/\/naturalbikes.cl\/wp-content\/uploads\/2024\/04\/shimano-1-.svg\" alt=\"\" width=\"397\" height=\"53\" \/><\/a><\/p>\n<div class=\"card__section \">\n<div class=\"rte text--pull\">\n<div id=\"product-description-short-1753\" class=\"product-description\">\n<p>Como los otros componentes de la gama\u00a0<strong>SLX<\/strong><strong>\u00a0<\/strong>este mando cambio trasero\u00a0<strong>M7100<\/strong> 12 velocidades\u00a0est\u00e1 m\u00e1s desarollado para los deportistas regulares que los competidores. Utiliza las tecnolog\u00edas\u00a0Shimano 2Way Release\u00a0para accionar la palanca alta con el dedo \u00edndice y el pulgar y la\u00a0Instant Release\u00a0para cambios m\u00e1s r\u00e1pidos pero no la\u00a0Multi Release\u00a0para cambiar 2 velocidades con solo un pulso. Es compatible con las transmisiones de MTB\u00a0Shimano 12 velocidades y est\u00e1 disponible en abrazadera.<\/p>\n<\/div>\n<div class=\"product-actions js-product-actions\">\n<h5>ESPECIFICACIONES:<\/h5>\n<ul>\n<li>Material cuerpo :\u00a0GRFP<\/li>\n<li>Material palanca alta : GRFP y acero<\/li>\n<li>Material palanca baja :\u00a0GRFP y acero<\/li>\n<li>Posici\u00f3n : Derecha<\/li>\n<li>Velocidades : 12<\/li>\n<li>Montaje :<br \/>\n&#8211; Abrazadera<\/li>\n<li>OGD : No<\/li>\n<li>Tecnologias :<br \/>\n&#8211; 2Way Release : Permite accionar la palanca alta en 2 direcciones<br \/>\n&#8211; Instant Release : Para cambios m\u00e1s rapidos<\/li>\n<li>Compatibilidades transmisiones :<br \/>\n&#8211; Shimano BTT 1&#215;12 velocidades<br \/>\n&#8211; Shimano BTT 2&#215;12 velocidades<\/li>\n<li>Color : Negro<\/li>\n<li>Pesos Shimano 117g.<\/li>\n<\/ul>\n<\/div>\n<\/div>\n<\/div>\n<\/div>\n<\/div>\n<\/div>\n<\/div>\n<\/div>\n<\/div>\n<\/div>\n<\/div>\n<\/div>\n<\/div>\n<\/div>\n","protected":false},"excerpt":{"rendered":"<p><a href=\"https:\/\/naturalbikes.cl\/wp-content\/uploads\/2024\/04\/shimano-1-.svg\"><img decoding=\"async\" class=\"wp-image-18541 alignleft\" src=\"https:\/\/naturalbikes.cl\/wp-content\/uploads\/2024\/04\/shimano-1-.svg\" alt=\"\" width=\"397\" height=\"53\" \/><\/a><\/p>\n<div class=\"card__section \">\n<div class=\"rte text--pull\">\n<div id=\"product-description-short-1753\" class=\"product-description\">\n<p><strong>Como los otros componentes de la gama\u00a0SLX\u00a0este mando cambio trasero\u00a0M7100 12 velocidades est\u00e1 m\u00e1s desarrollado para los deportistas regulares que los competidores. Utiliza las tecnolog\u00edas Shimano 2Way Release para accionar la palanca alta con el dedo \u00edndice y el pulgar y la Instant Release para cambios m\u00e1s r\u00e1pidos pero no la Multi Release para cambiar 2 velocidades con solo un pulso. Es compatible con las transmisiones de MTB Shimano 12 velocidades y est\u00e1 disponible en abrazadera.<\/strong><\/p>\n<\/div>\n<\/div>\n<\/div>\n","protected":false},"featured_media":18556,"comment_status":"open","ping_status":"closed","template":"","meta":[],"product_cat":[389,198],"product_tag":[1150,1149],"class_list":{"0":"post-18555","1":"product","2":"type-product","3":"status-publish","4":"has-post-thumbnail","6":"product_cat-cambios","7":"product_cat-componentes","8":"product_tag-cambio","9":"product_tag-desviador","11":"first","12":"instock","13":"sale","14":"taxable","15":"shipping-taxable","16":"purchasable","17":"product-type-simple"},"yoast_head":"<!-- This site is optimized with the Yoast SEO Premium plugin v24.8 (Yoast SEO v25.6) - https:\/\/yoast.com\/wordpress\/plugins\/seo\/ -->\n<title>Palanca de Cambios Shimano SLX M7100 12v: Cambios Precisos para Bicicletas de Monta\u00f1a<\/title>\n<meta name=\"description\" content=\"Como los otros componentes de la gama\u00a0SLX\u00a0este mando cambio trasero\u00a0M7100 12 velocidades est\u00e1 m\u00e1s desarrollado para los deportistas regulares que los competidores. Utiliza las tecnolog\u00edas Shimano 2Way Release para accionar la palanca alta con el dedo \u00edndice y el pulgar y la Instant Release para cambios m\u00e1s r\u00e1pidos pero no la Multi Release para cambiar 2 velocidades con solo un pulso. Es compatible con las transmisiones de MTB Shimano 12 velocidades y est\u00e1 disponible en abrazadera.\" \/>\n<meta name=\"robots\" content=\"index, follow, max-snippet:-1, max-image-preview:large, max-video-preview:-1\" \/>\n<link rel=\"canonical\" href=\"https:\/\/naturalbikes.cl\/?product=manilla-shimano-cambio-shifter-sl-m7100-slx-trasero-12v\" \/>\n<meta property=\"og:locale\" content=\"es_ES\" \/>\n<meta property=\"og:type\" content=\"article\" \/>\n<meta property=\"og:title\" content=\"Manilla Shimano Cambio Shifter Sl-M7100 SLX Trasero 12V\" \/>\n<meta property=\"og:description\" content=\"Ofrecer a nuestros clientes apasionados por el ciclismo de monta\u00f1a la mejor experiencia en productos, conocimientos especializados y servicios excepcionales. Nos comprometemos a proporcionar una amplia gama de bicicletas, accesorios y equipo de alta calidad, junto con asesoramiento experto y atenci\u00f3n personalizada para cada ciclista, para que puedan explorar, disfrutar y maximizar su aventura en el mundo del MTB\" \/>\n<meta property=\"og:url\" content=\"https:\/\/naturalbikes.cl\/?product=manilla-shimano-cambio-shifter-sl-m7100-slx-trasero-12v\" \/>\n<meta property=\"og:site_name\" content=\"NaturalBikes\" \/>\n<meta property=\"article:publisher\" content=\"https:\/\/www.facebook.com\/naturalbikescl\" \/>\n<meta property=\"article:modified_time\" content=\"2026-01-06T20:11:45+00:00\" \/>\n<meta property=\"og:image\" content=\"https:\/\/naturalbikes.cl\/wp-content\/uploads\/2024\/04\/c09ca80ff1da9379f636b2dfe517911a_d8a6f27d-401c-48b4-9a70-2b6efd3fbb0d_600x.jpg.webp\" \/>\n\t<meta property=\"og:image:width\" content=\"600\" \/>\n\t<meta property=\"og:image:height\" content=\"600\" \/>\n\t<meta property=\"og:image:type\" content=\"image\/webp\" \/>\n<meta name=\"twitter:card\" content=\"summary_large_image\" \/>\n<meta name=\"twitter:label1\" content=\"Tiempo de lectura\" \/>\n\t<meta name=\"twitter:data1\" content=\"2 minutos\" \/>\n<script type=\"application\/ld+json\" class=\"yoast-schema-graph\">{\"@context\":\"https:\/\/schema.org\",\"@graph\":[{\"@type\":\"WebPage\",\"@id\":\"https:\/\/naturalbikes.cl\/?product=manilla-shimano-cambio-shifter-sl-m7100-slx-trasero-12v\",\"url\":\"https:\/\/naturalbikes.cl\/?product=manilla-shimano-cambio-shifter-sl-m7100-slx-trasero-12v\",\"name\":\"Palanca de Cambios Shimano SLX M7100 12v: Cambios Precisos para Bicicletas de Monta\u00f1a\",\"isPartOf\":{\"@id\":\"https:\/\/naturalbikes.cl\/#website\"},\"primaryImageOfPage\":{\"@id\":\"https:\/\/naturalbikes.cl\/?product=manilla-shimano-cambio-shifter-sl-m7100-slx-trasero-12v#primaryimage\"},\"image\":{\"@id\":\"https:\/\/naturalbikes.cl\/?product=manilla-shimano-cambio-shifter-sl-m7100-slx-trasero-12v#primaryimage\"},\"thumbnailUrl\":\"https:\/\/naturalbikes.cl\/wp-content\/uploads\/2024\/04\/c09ca80ff1da9379f636b2dfe517911a_d8a6f27d-401c-48b4-9a70-2b6efd3fbb0d_600x.jpg.webp\",\"datePublished\":\"2024-04-24T15:13:49+00:00\",\"dateModified\":\"2026-01-06T20:11:45+00:00\",\"description\":\"Como los otros componentes de la gama\u00a0SLX\u00a0este mando cambio trasero\u00a0M7100 12 velocidades est\u00e1 m\u00e1s desarrollado para los deportistas regulares que los competidores. Utiliza las tecnolog\u00edas Shimano 2Way Release para accionar la palanca alta con el dedo \u00edndice y el pulgar y la Instant Release para cambios m\u00e1s r\u00e1pidos pero no la Multi Release para cambiar 2 velocidades con solo un pulso. Es compatible con las transmisiones de MTB Shimano 12 velocidades y est\u00e1 disponible en abrazadera.\",\"breadcrumb\":{\"@id\":\"https:\/\/naturalbikes.cl\/?product=manilla-shimano-cambio-shifter-sl-m7100-slx-trasero-12v#breadcrumb\"},\"inLanguage\":\"es\",\"potentialAction\":[{\"@type\":\"ReadAction\",\"target\":[\"https:\/\/naturalbikes.cl\/?product=manilla-shimano-cambio-shifter-sl-m7100-slx-trasero-12v\"]}]},{\"@type\":\"ImageObject\",\"inLanguage\":\"es\",\"@id\":\"https:\/\/naturalbikes.cl\/?product=manilla-shimano-cambio-shifter-sl-m7100-slx-trasero-12v#primaryimage\",\"url\":\"https:\/\/naturalbikes.cl\/wp-content\/uploads\/2024\/04\/c09ca80ff1da9379f636b2dfe517911a_d8a6f27d-401c-48b4-9a70-2b6efd3fbb0d_600x.jpg.webp\",\"contentUrl\":\"https:\/\/naturalbikes.cl\/wp-content\/uploads\/2024\/04\/c09ca80ff1da9379f636b2dfe517911a_d8a6f27d-401c-48b4-9a70-2b6efd3fbb0d_600x.jpg.webp\",\"width\":600,\"height\":600},{\"@type\":\"BreadcrumbList\",\"@id\":\"https:\/\/naturalbikes.cl\/?product=manilla-shimano-cambio-shifter-sl-m7100-slx-trasero-12v#breadcrumb\",\"itemListElement\":[{\"@type\":\"ListItem\",\"position\":1,\"name\":\"Portada\",\"item\":\"https:\/\/naturalbikes.cl\/\"},{\"@type\":\"ListItem\",\"position\":2,\"name\":\"Tienda NB\",\"item\":\"https:\/\/naturalbikes.cl\/?page_id=7843\"},{\"@type\":\"ListItem\",\"position\":3,\"name\":\"Manilla Shimano Cambio Shifter Sl-M7100 SLX Trasero 12V\"}]},{\"@type\":\"WebSite\",\"@id\":\"https:\/\/naturalbikes.cl\/#website\",\"url\":\"https:\/\/naturalbikes.cl\/\",\"name\":\"Natural Bikes\",\"description\":\"Tienda de bicicletas repuestos accesorios taller mantenimiento clases salidas\",\"publisher\":{\"@id\":\"https:\/\/naturalbikes.cl\/#organization\"},\"alternateName\":\"Natural Bikes\",\"potentialAction\":[{\"@type\":\"SearchAction\",\"target\":{\"@type\":\"EntryPoint\",\"urlTemplate\":\"https:\/\/naturalbikes.cl\/?s={search_term_string}\"},\"query-input\":{\"@type\":\"PropertyValueSpecification\",\"valueRequired\":true,\"valueName\":\"search_term_string\"}}],\"inLanguage\":\"es\"},{\"@type\":\"Organization\",\"@id\":\"https:\/\/naturalbikes.cl\/#organization\",\"name\":\"Natural Bikes\",\"alternateName\":\"Natural Bikes\",\"url\":\"https:\/\/naturalbikes.cl\/\",\"logo\":{\"@type\":\"ImageObject\",\"inLanguage\":\"es\",\"@id\":\"https:\/\/naturalbikes.cl\/#\/schema\/logo\/image\/\",\"url\":\"https:\/\/naturalbikes.cl\/wp-content\/uploads\/2024\/05\/2023-10-10-10.44.12.jpg\",\"contentUrl\":\"https:\/\/naturalbikes.cl\/wp-content\/uploads\/2024\/05\/2023-10-10-10.44.12.jpg\",\"width\":650,\"height\":650,\"caption\":\"Natural Bikes\"},\"image\":{\"@id\":\"https:\/\/naturalbikes.cl\/#\/schema\/logo\/image\/\"},\"sameAs\":[\"https:\/\/www.facebook.com\/naturalbikescl\",\"https:\/\/www.instagram.com\/natural.bikes\",\"https:\/\/www.tiktok.com\/@natural.bikes\"],\"description\":\"Ofrecer a nuestros clientes apasionados por el ciclismo de monta\u00f1a la mejor experiencia en productos, conocimientos especializados y servicios excepcionales. Nos comprometemos a proporcionar una amplia gama de bicicletas, accesorios y equipo de alta calidad, junto con asesoramiento experto y atenci\u00f3n personalizada para cada ciclista, para que puedan explorar, disfrutar y maximizar su aventura en el mundo del MTB\",\"email\":\"naturalbikes1@gmail.com\",\"telephone\":\"56977043878\",\"legalName\":\"Natural Bikes Limitada\",\"foundingDate\":\"2024-01-01\",\"vatID\":\"76699553-5\",\"taxID\":\"76699553-5\",\"numberOfEmployees\":{\"@type\":\"QuantitativeValue\",\"minValue\":\"1\",\"maxValue\":\"10\"},\"publishingPrinciples\":\"https:\/\/naturalbikes.cl\/?page_id=7843\",\"ownershipFundingInfo\":\"https:\/\/naturalbikes.cl\/?page_id=7843\",\"actionableFeedbackPolicy\":\"https:\/\/naturalbikes.cl\/?page_id=14797\",\"correctionsPolicy\":\"https:\/\/naturalbikes.cl\/?page_id=3\",\"ethicsPolicy\":\"https:\/\/naturalbikes.cl\/?page_id=7843\",\"diversityPolicy\":\"https:\/\/naturalbikes.cl\/?page_id=11734\",\"diversityStaffingReport\":\"https:\/\/naturalbikes.cl\/?page_id=12161\"}]}<\/script>\n<!-- \/ Yoast SEO Premium plugin. -->","yoast_head_json":{"title":"Palanca de Cambios Shimano SLX M7100 12v: Cambios Precisos para Bicicletas de Monta\u00f1a","description":"Como los otros componentes de la gama\u00a0SLX\u00a0este mando cambio trasero\u00a0M7100 12 velocidades est\u00e1 m\u00e1s desarrollado para los deportistas regulares que los competidores. Utiliza las tecnolog\u00edas Shimano 2Way Release para accionar la palanca alta con el dedo \u00edndice y el pulgar y la Instant Release para cambios m\u00e1s r\u00e1pidos pero no la Multi Release para cambiar 2 velocidades con solo un pulso. Es compatible con las transmisiones de MTB Shimano 12 velocidades y est\u00e1 disponible en abrazadera.","robots":{"index":"index","follow":"follow","max-snippet":"max-snippet:-1","max-image-preview":"max-image-preview:large","max-video-preview":"max-video-preview:-1"},"canonical":"https:\/\/naturalbikes.cl\/?product=manilla-shimano-cambio-shifter-sl-m7100-slx-trasero-12v","og_locale":"es_ES","og_type":"article","og_title":"Manilla Shimano Cambio Shifter Sl-M7100 SLX Trasero 12V","og_description":"Ofrecer a nuestros clientes apasionados por el ciclismo de monta\u00f1a la mejor experiencia en productos, conocimientos especializados y servicios excepcionales. Nos comprometemos a proporcionar una amplia gama de bicicletas, accesorios y equipo de alta calidad, junto con asesoramiento experto y atenci\u00f3n personalizada para cada ciclista, para que puedan explorar, disfrutar y maximizar su aventura en el mundo del MTB","og_url":"https:\/\/naturalbikes.cl\/?product=manilla-shimano-cambio-shifter-sl-m7100-slx-trasero-12v","og_site_name":"NaturalBikes","article_publisher":"https:\/\/www.facebook.com\/naturalbikescl","article_modified_time":"2026-01-06T20:11:45+00:00","og_image":[{"width":600,"height":600,"url":"https:\/\/naturalbikes.cl\/wp-content\/uploads\/2024\/04\/c09ca80ff1da9379f636b2dfe517911a_d8a6f27d-401c-48b4-9a70-2b6efd3fbb0d_600x.jpg.webp","type":"image\/webp"}],"twitter_card":"summary_large_image","twitter_misc":{"Tiempo de lectura":"2 minutos"},"schema":{"@context":"https:\/\/schema.org","@graph":[{"@type":"WebPage","@id":"https:\/\/naturalbikes.cl\/?product=manilla-shimano-cambio-shifter-sl-m7100-slx-trasero-12v","url":"https:\/\/naturalbikes.cl\/?product=manilla-shimano-cambio-shifter-sl-m7100-slx-trasero-12v","name":"Palanca de Cambios Shimano SLX M7100 12v: Cambios Precisos para Bicicletas de Monta\u00f1a","isPartOf":{"@id":"https:\/\/naturalbikes.cl\/#website"},"primaryImageOfPage":{"@id":"https:\/\/naturalbikes.cl\/?product=manilla-shimano-cambio-shifter-sl-m7100-slx-trasero-12v#primaryimage"},"image":{"@id":"https:\/\/naturalbikes.cl\/?product=manilla-shimano-cambio-shifter-sl-m7100-slx-trasero-12v#primaryimage"},"thumbnailUrl":"https:\/\/naturalbikes.cl\/wp-content\/uploads\/2024\/04\/c09ca80ff1da9379f636b2dfe517911a_d8a6f27d-401c-48b4-9a70-2b6efd3fbb0d_600x.jpg.webp","datePublished":"2024-04-24T15:13:49+00:00","dateModified":"2026-01-06T20:11:45+00:00","description":"Como los otros componentes de la gama\u00a0SLX\u00a0este mando cambio trasero\u00a0M7100 12 velocidades est\u00e1 m\u00e1s desarrollado para los deportistas regulares que los competidores. Utiliza las tecnolog\u00edas Shimano 2Way Release para accionar la palanca alta con el dedo \u00edndice y el pulgar y la Instant Release para cambios m\u00e1s r\u00e1pidos pero no la Multi Release para cambiar 2 velocidades con solo un pulso. Es compatible con las transmisiones de MTB Shimano 12 velocidades y est\u00e1 disponible en abrazadera.","breadcrumb":{"@id":"https:\/\/naturalbikes.cl\/?product=manilla-shimano-cambio-shifter-sl-m7100-slx-trasero-12v#breadcrumb"},"inLanguage":"es","potentialAction":[{"@type":"ReadAction","target":["https:\/\/naturalbikes.cl\/?product=manilla-shimano-cambio-shifter-sl-m7100-slx-trasero-12v"]}]},{"@type":"ImageObject","inLanguage":"es","@id":"https:\/\/naturalbikes.cl\/?product=manilla-shimano-cambio-shifter-sl-m7100-slx-trasero-12v#primaryimage","url":"https:\/\/naturalbikes.cl\/wp-content\/uploads\/2024\/04\/c09ca80ff1da9379f636b2dfe517911a_d8a6f27d-401c-48b4-9a70-2b6efd3fbb0d_600x.jpg.webp","contentUrl":"https:\/\/naturalbikes.cl\/wp-content\/uploads\/2024\/04\/c09ca80ff1da9379f636b2dfe517911a_d8a6f27d-401c-48b4-9a70-2b6efd3fbb0d_600x.jpg.webp","width":600,"height":600},{"@type":"BreadcrumbList","@id":"https:\/\/naturalbikes.cl\/?product=manilla-shimano-cambio-shifter-sl-m7100-slx-trasero-12v#breadcrumb","itemListElement":[{"@type":"ListItem","position":1,"name":"Portada","item":"https:\/\/naturalbikes.cl\/"},{"@type":"ListItem","position":2,"name":"Tienda NB","item":"https:\/\/naturalbikes.cl\/?page_id=7843"},{"@type":"ListItem","position":3,"name":"Manilla Shimano Cambio Shifter Sl-M7100 SLX Trasero 12V"}]},{"@type":"WebSite","@id":"https:\/\/naturalbikes.cl\/#website","url":"https:\/\/naturalbikes.cl\/","name":"Natural Bikes","description":"Tienda de bicicletas repuestos accesorios taller mantenimiento clases salidas","publisher":{"@id":"https:\/\/naturalbikes.cl\/#organization"},"alternateName":"Natural Bikes","potentialAction":[{"@type":"SearchAction","target":{"@type":"EntryPoint","urlTemplate":"https:\/\/naturalbikes.cl\/?s={search_term_string}"},"query-input":{"@type":"PropertyValueSpecification","valueRequired":true,"valueName":"search_term_string"}}],"inLanguage":"es"},{"@type":"Organization","@id":"https:\/\/naturalbikes.cl\/#organization","name":"Natural Bikes","alternateName":"Natural Bikes","url":"https:\/\/naturalbikes.cl\/","logo":{"@type":"ImageObject","inLanguage":"es","@id":"https:\/\/naturalbikes.cl\/#\/schema\/logo\/image\/","url":"https:\/\/naturalbikes.cl\/wp-content\/uploads\/2024\/05\/2023-10-10-10.44.12.jpg","contentUrl":"https:\/\/naturalbikes.cl\/wp-content\/uploads\/2024\/05\/2023-10-10-10.44.12.jpg","width":650,"height":650,"caption":"Natural Bikes"},"image":{"@id":"https:\/\/naturalbikes.cl\/#\/schema\/logo\/image\/"},"sameAs":["https:\/\/www.facebook.com\/naturalbikescl","https:\/\/www.instagram.com\/natural.bikes","https:\/\/www.tiktok.com\/@natural.bikes"],"description":"Ofrecer a nuestros clientes apasionados por el ciclismo de monta\u00f1a la mejor experiencia en productos, conocimientos especializados y servicios excepcionales. Nos comprometemos a proporcionar una amplia gama de bicicletas, accesorios y equipo de alta calidad, junto con asesoramiento experto y atenci\u00f3n personalizada para cada ciclista, para que puedan explorar, disfrutar y maximizar su aventura en el mundo del MTB","email":"naturalbikes1@gmail.com","telephone":"56977043878","legalName":"Natural Bikes Limitada","foundingDate":"2024-01-01","vatID":"76699553-5","taxID":"76699553-5","numberOfEmployees":{"@type":"QuantitativeValue","minValue":"1","maxValue":"10"},"publishingPrinciples":"https:\/\/naturalbikes.cl\/?page_id=7843","ownershipFundingInfo":"https:\/\/naturalbikes.cl\/?page_id=7843","actionableFeedbackPolicy":"https:\/\/naturalbikes.cl\/?page_id=14797","correctionsPolicy":"https:\/\/naturalbikes.cl\/?page_id=3","ethicsPolicy":"https:\/\/naturalbikes.cl\/?page_id=7843","diversityPolicy":"https:\/\/naturalbikes.cl\/?page_id=11734","diversityStaffingReport":"https:\/\/naturalbikes.cl\/?page_id=12161"}]}},"_links":{"self":[{"href":"https:\/\/naturalbikes.cl\/index.php?rest_route=\/wp\/v2\/product\/18555"}],"collection":[{"href":"https:\/\/naturalbikes.cl\/index.php?rest_route=\/wp\/v2\/product"}],"about":[{"href":"https:\/\/naturalbikes.cl\/index.php?rest_route=\/wp\/v2\/types\/product"}],"replies":[{"embeddable":true,"href":"https:\/\/naturalbikes.cl\/index.php?rest_route=%2Fwp%2Fv2%2Fcomments&post=18555"}],"wp:featuredmedia":[{"embeddable":true,"href":"https:\/\/naturalbikes.cl\/index.php?rest_route=\/wp\/v2\/media\/18556"}],"wp:attachment":[{"href":"https:\/\/naturalbikes.cl\/index.php?rest_route=%2Fwp%2Fv2%2Fmedia&parent=18555"}],"wp:term":[{"taxonomy":"product_cat","embeddable":true,"href":"https:\/\/naturalbikes.cl\/index.php?rest_route=%2Fwp%2Fv2%2Fproduct_cat&post=18555"},{"taxonomy":"product_tag","embeddable":true,"href":"https:\/\/naturalbikes.cl\/index.php?rest_route=%2Fwp%2Fv2%2Fproduct_tag&post=18555"}],"curies":[{"name":"wp","href":"https:\/\/api.w.org\/{rel}","templated":true}]}}