{"id":18539,"date":"2024-04-24T10:46:47","date_gmt":"2024-04-24T14:46:47","guid":{"rendered":"https:\/\/naturalbikes.cl\/?post_type=product&#038;p=18539"},"modified":"2026-01-06T17:11:43","modified_gmt":"2026-01-06T20:11:43","slug":"rotor-shimano-sm-rt26-m-180mm-6-pernos","status":"publish","type":"product","link":"https:\/\/naturalbikes.cl\/?product=rotor-shimano-sm-rt26-m-180mm-6-pernos","title":{"rendered":"Rotor Shimano SM-RT26 M 180MM 6-Pernos"},"content":{"rendered":"<h2><a href=\"https:\/\/naturalbikes.cl\/wp-content\/uploads\/2024\/04\/shimano-1-.svg\"><img decoding=\"async\" class=\"wp-image-18541 alignleft\" src=\"https:\/\/naturalbikes.cl\/wp-content\/uploads\/2024\/04\/shimano-1-.svg\" alt=\"\" width=\"255\" height=\"34\" \/><\/a><\/h2>\n<h3 id=\"WF830HY\">CARACTER\u00cdSTICAS<\/h3>\n<p>Los discos de frenos de 6 tornillos SM-RT26 de SHIMANO proporcionan una potencia de frenado constante en todas las condiciones de conducci\u00f3n. Arandelas antiaflojamiento para un montaje r\u00e1pido y seguro. Menor tiempo de montaje, dise\u00f1ado solo para pastillas de resina<\/p>\n<h3>ESPECIFICACIONES<\/h3>\n<ul>\n<li>Uso: MTB<\/li>\n<li>Modelo: SM-RT26<\/li>\n<li>Talla \/ Medidas: 180 mm<\/li>\n<li>Material Color: Aleaci\u00f3n &#8211; Plata<\/li>\n<\/ul>\n","protected":false},"excerpt":{"rendered":"<p><a href=\"https:\/\/naturalbikes.cl\/wp-content\/uploads\/2024\/04\/shimano-1-.svg\"><img decoding=\"async\" class=\"wp-image-18541 alignleft\" src=\"https:\/\/naturalbikes.cl\/wp-content\/uploads\/2024\/04\/shimano-1-.svg\" alt=\"\" width=\"255\" height=\"34\" \/><\/a><strong>Los discos de frenos de 6 tornillos SM-RT26 de SHIMANO proporcionan una potencia de frenado constante en todas las condiciones de conducci\u00f3n. Arandelas antiaflojamiento para un montaje r\u00e1pido y seguro. Menor tiempo de montaje, dise\u00f1ado solo para pastillas de resina.<\/strong><\/p>\n<p>&nbsp;<\/p>\n","protected":false},"featured_media":18542,"comment_status":"open","ping_status":"closed","template":"","meta":[],"product_cat":[198,243,310],"product_tag":[1130,1147,1148,1146],"class_list":{"0":"post-18539","1":"product","2":"type-product","3":"status-publish","4":"has-post-thumbnail","6":"product_brand-shimano","7":"product_cat-componentes","8":"product_cat-frenos-discos-pastillas-adaptadores","9":"product_cat-shimano","10":"product_tag-brake","11":"product_tag-disco","12":"product_tag-freno","13":"product_tag-rotor","15":"first","16":"instock","17":"sale","18":"taxable","19":"shipping-taxable","20":"purchasable","21":"product-type-simple"},"yoast_head":"<!-- This site is optimized with the Yoast SEO Premium plugin v24.8 (Yoast SEO v25.6) - https:\/\/yoast.com\/wordpress\/plugins\/seo\/ -->\n<title>Disco de Freno Shimano SM-RT26 M 180MM 6 Tornillos | Frenado Confiable para Bicicleta Monta\u00f1a<\/title>\n<meta name=\"description\" content=\"Mejora el rendimiento de frenado de tu bicicleta de monta\u00f1a con el disco de freno Shimano SM-RT26 M 180MM 6 tornillos. Este rotor resistente brinda frenado confiable en todas las condiciones, garantizando tu seguridad y control en cualquier terreno.\" \/>\n<meta name=\"robots\" content=\"index, follow, max-snippet:-1, max-image-preview:large, max-video-preview:-1\" \/>\n<link rel=\"canonical\" href=\"https:\/\/naturalbikes.cl\/?product=rotor-shimano-sm-rt26-m-180mm-6-pernos\" \/>\n<meta property=\"og:locale\" content=\"es_ES\" \/>\n<meta property=\"og:type\" content=\"article\" \/>\n<meta property=\"og:title\" content=\"Rotor Shimano SM-RT26 M 180MM 6-Pernos\" \/>\n<meta property=\"og:description\" content=\"Ofrecer a nuestros clientes apasionados por el ciclismo de monta\u00f1a la mejor experiencia en productos, conocimientos especializados y servicios excepcionales. Nos comprometemos a proporcionar una amplia gama de bicicletas, accesorios y equipo de alta calidad, junto con asesoramiento experto y atenci\u00f3n personalizada para cada ciclista, para que puedan explorar, disfrutar y maximizar su aventura en el mundo del MTB\" \/>\n<meta property=\"og:url\" content=\"https:\/\/naturalbikes.cl\/?product=rotor-shimano-sm-rt26-m-180mm-6-pernos\" \/>\n<meta property=\"og:site_name\" content=\"NaturalBikes\" \/>\n<meta property=\"article:publisher\" content=\"https:\/\/www.facebook.com\/naturalbikescl\" \/>\n<meta property=\"article:modified_time\" content=\"2026-01-06T20:11:43+00:00\" \/>\n<meta property=\"og:image\" content=\"https:\/\/naturalbikes.cl\/wp-content\/uploads\/2024\/04\/rotor-mtb-shimano-sm-rt26-m-180mm-6-pernos.jpg.webp\" \/>\n\t<meta property=\"og:image:width\" content=\"1200\" \/>\n\t<meta property=\"og:image:height\" content=\"1200\" \/>\n\t<meta property=\"og:image:type\" content=\"image\/webp\" \/>\n<meta name=\"twitter:card\" content=\"summary_large_image\" \/>\n<meta name=\"twitter:label1\" content=\"Tiempo de lectura\" \/>\n\t<meta name=\"twitter:data1\" content=\"1 minuto\" \/>\n<script type=\"application\/ld+json\" class=\"yoast-schema-graph\">{\"@context\":\"https:\/\/schema.org\",\"@graph\":[{\"@type\":\"WebPage\",\"@id\":\"https:\/\/naturalbikes.cl\/?product=rotor-shimano-sm-rt26-m-180mm-6-pernos\",\"url\":\"https:\/\/naturalbikes.cl\/?product=rotor-shimano-sm-rt26-m-180mm-6-pernos\",\"name\":\"Disco de Freno Shimano SM-RT26 M 180MM 6 Tornillos | Frenado Confiable para Bicicleta Monta\u00f1a\",\"isPartOf\":{\"@id\":\"https:\/\/naturalbikes.cl\/#website\"},\"primaryImageOfPage\":{\"@id\":\"https:\/\/naturalbikes.cl\/?product=rotor-shimano-sm-rt26-m-180mm-6-pernos#primaryimage\"},\"image\":{\"@id\":\"https:\/\/naturalbikes.cl\/?product=rotor-shimano-sm-rt26-m-180mm-6-pernos#primaryimage\"},\"thumbnailUrl\":\"https:\/\/naturalbikes.cl\/wp-content\/uploads\/2024\/04\/rotor-mtb-shimano-sm-rt26-m-180mm-6-pernos.jpg.webp\",\"datePublished\":\"2024-04-24T14:46:47+00:00\",\"dateModified\":\"2026-01-06T20:11:43+00:00\",\"description\":\"Mejora el rendimiento de frenado de tu bicicleta de monta\u00f1a con el disco de freno Shimano SM-RT26 M 180MM 6 tornillos. Este rotor resistente brinda frenado confiable en todas las condiciones, garantizando tu seguridad y control en cualquier terreno.\",\"breadcrumb\":{\"@id\":\"https:\/\/naturalbikes.cl\/?product=rotor-shimano-sm-rt26-m-180mm-6-pernos#breadcrumb\"},\"inLanguage\":\"es\",\"potentialAction\":[{\"@type\":\"ReadAction\",\"target\":[\"https:\/\/naturalbikes.cl\/?product=rotor-shimano-sm-rt26-m-180mm-6-pernos\"]}]},{\"@type\":\"ImageObject\",\"inLanguage\":\"es\",\"@id\":\"https:\/\/naturalbikes.cl\/?product=rotor-shimano-sm-rt26-m-180mm-6-pernos#primaryimage\",\"url\":\"https:\/\/naturalbikes.cl\/wp-content\/uploads\/2024\/04\/rotor-mtb-shimano-sm-rt26-m-180mm-6-pernos.jpg.webp\",\"contentUrl\":\"https:\/\/naturalbikes.cl\/wp-content\/uploads\/2024\/04\/rotor-mtb-shimano-sm-rt26-m-180mm-6-pernos.jpg.webp\",\"width\":1200,\"height\":1200},{\"@type\":\"BreadcrumbList\",\"@id\":\"https:\/\/naturalbikes.cl\/?product=rotor-shimano-sm-rt26-m-180mm-6-pernos#breadcrumb\",\"itemListElement\":[{\"@type\":\"ListItem\",\"position\":1,\"name\":\"Portada\",\"item\":\"https:\/\/naturalbikes.cl\/\"},{\"@type\":\"ListItem\",\"position\":2,\"name\":\"Tienda NB\",\"item\":\"https:\/\/naturalbikes.cl\/?page_id=7843\"},{\"@type\":\"ListItem\",\"position\":3,\"name\":\"Shimano\",\"item\":\"https:\/\/naturalbikes.cl\/?product_brand=shimano\"},{\"@type\":\"ListItem\",\"position\":4,\"name\":\"Rotor Shimano SM-RT26 M 180MM 6-Pernos\"}]},{\"@type\":\"WebSite\",\"@id\":\"https:\/\/naturalbikes.cl\/#website\",\"url\":\"https:\/\/naturalbikes.cl\/\",\"name\":\"Natural Bikes\",\"description\":\"Tienda de bicicletas repuestos accesorios taller mantenimiento clases salidas\",\"publisher\":{\"@id\":\"https:\/\/naturalbikes.cl\/#organization\"},\"alternateName\":\"Natural Bikes\",\"potentialAction\":[{\"@type\":\"SearchAction\",\"target\":{\"@type\":\"EntryPoint\",\"urlTemplate\":\"https:\/\/naturalbikes.cl\/?s={search_term_string}\"},\"query-input\":{\"@type\":\"PropertyValueSpecification\",\"valueRequired\":true,\"valueName\":\"search_term_string\"}}],\"inLanguage\":\"es\"},{\"@type\":\"Organization\",\"@id\":\"https:\/\/naturalbikes.cl\/#organization\",\"name\":\"Natural Bikes\",\"alternateName\":\"Natural Bikes\",\"url\":\"https:\/\/naturalbikes.cl\/\",\"logo\":{\"@type\":\"ImageObject\",\"inLanguage\":\"es\",\"@id\":\"https:\/\/naturalbikes.cl\/#\/schema\/logo\/image\/\",\"url\":\"https:\/\/naturalbikes.cl\/wp-content\/uploads\/2024\/05\/2023-10-10-10.44.12.jpg\",\"contentUrl\":\"https:\/\/naturalbikes.cl\/wp-content\/uploads\/2024\/05\/2023-10-10-10.44.12.jpg\",\"width\":650,\"height\":650,\"caption\":\"Natural Bikes\"},\"image\":{\"@id\":\"https:\/\/naturalbikes.cl\/#\/schema\/logo\/image\/\"},\"sameAs\":[\"https:\/\/www.facebook.com\/naturalbikescl\",\"https:\/\/www.instagram.com\/natural.bikes\",\"https:\/\/www.tiktok.com\/@natural.bikes\"],\"description\":\"Ofrecer a nuestros clientes apasionados por el ciclismo de monta\u00f1a la mejor experiencia en productos, conocimientos especializados y servicios excepcionales. Nos comprometemos a proporcionar una amplia gama de bicicletas, accesorios y equipo de alta calidad, junto con asesoramiento experto y atenci\u00f3n personalizada para cada ciclista, para que puedan explorar, disfrutar y maximizar su aventura en el mundo del MTB\",\"email\":\"naturalbikes1@gmail.com\",\"telephone\":\"56977043878\",\"legalName\":\"Natural Bikes Limitada\",\"foundingDate\":\"2024-01-01\",\"vatID\":\"76699553-5\",\"taxID\":\"76699553-5\",\"numberOfEmployees\":{\"@type\":\"QuantitativeValue\",\"minValue\":\"1\",\"maxValue\":\"10\"},\"publishingPrinciples\":\"https:\/\/naturalbikes.cl\/?page_id=7843\",\"ownershipFundingInfo\":\"https:\/\/naturalbikes.cl\/?page_id=7843\",\"actionableFeedbackPolicy\":\"https:\/\/naturalbikes.cl\/?page_id=14797\",\"correctionsPolicy\":\"https:\/\/naturalbikes.cl\/?page_id=3\",\"ethicsPolicy\":\"https:\/\/naturalbikes.cl\/?page_id=7843\",\"diversityPolicy\":\"https:\/\/naturalbikes.cl\/?page_id=11734\",\"diversityStaffingReport\":\"https:\/\/naturalbikes.cl\/?page_id=12161\"}]}<\/script>\n<!-- \/ Yoast SEO Premium plugin. -->","yoast_head_json":{"title":"Disco de Freno Shimano SM-RT26 M 180MM 6 Tornillos | Frenado Confiable para Bicicleta Monta\u00f1a","description":"Mejora el rendimiento de frenado de tu bicicleta de monta\u00f1a con el disco de freno Shimano SM-RT26 M 180MM 6 tornillos. Este rotor resistente brinda frenado confiable en todas las condiciones, garantizando tu seguridad y control en cualquier terreno.","robots":{"index":"index","follow":"follow","max-snippet":"max-snippet:-1","max-image-preview":"max-image-preview:large","max-video-preview":"max-video-preview:-1"},"canonical":"https:\/\/naturalbikes.cl\/?product=rotor-shimano-sm-rt26-m-180mm-6-pernos","og_locale":"es_ES","og_type":"article","og_title":"Rotor Shimano SM-RT26 M 180MM 6-Pernos","og_description":"Ofrecer a nuestros clientes apasionados por el ciclismo de monta\u00f1a la mejor experiencia en productos, conocimientos especializados y servicios excepcionales. Nos comprometemos a proporcionar una amplia gama de bicicletas, accesorios y equipo de alta calidad, junto con asesoramiento experto y atenci\u00f3n personalizada para cada ciclista, para que puedan explorar, disfrutar y maximizar su aventura en el mundo del MTB","og_url":"https:\/\/naturalbikes.cl\/?product=rotor-shimano-sm-rt26-m-180mm-6-pernos","og_site_name":"NaturalBikes","article_publisher":"https:\/\/www.facebook.com\/naturalbikescl","article_modified_time":"2026-01-06T20:11:43+00:00","og_image":[{"width":1200,"height":1200,"url":"https:\/\/naturalbikes.cl\/wp-content\/uploads\/2024\/04\/rotor-mtb-shimano-sm-rt26-m-180mm-6-pernos.jpg.webp","type":"image\/webp"}],"twitter_card":"summary_large_image","twitter_misc":{"Tiempo de lectura":"1 minuto"},"schema":{"@context":"https:\/\/schema.org","@graph":[{"@type":"WebPage","@id":"https:\/\/naturalbikes.cl\/?product=rotor-shimano-sm-rt26-m-180mm-6-pernos","url":"https:\/\/naturalbikes.cl\/?product=rotor-shimano-sm-rt26-m-180mm-6-pernos","name":"Disco de Freno Shimano SM-RT26 M 180MM 6 Tornillos | Frenado Confiable para Bicicleta Monta\u00f1a","isPartOf":{"@id":"https:\/\/naturalbikes.cl\/#website"},"primaryImageOfPage":{"@id":"https:\/\/naturalbikes.cl\/?product=rotor-shimano-sm-rt26-m-180mm-6-pernos#primaryimage"},"image":{"@id":"https:\/\/naturalbikes.cl\/?product=rotor-shimano-sm-rt26-m-180mm-6-pernos#primaryimage"},"thumbnailUrl":"https:\/\/naturalbikes.cl\/wp-content\/uploads\/2024\/04\/rotor-mtb-shimano-sm-rt26-m-180mm-6-pernos.jpg.webp","datePublished":"2024-04-24T14:46:47+00:00","dateModified":"2026-01-06T20:11:43+00:00","description":"Mejora el rendimiento de frenado de tu bicicleta de monta\u00f1a con el disco de freno Shimano SM-RT26 M 180MM 6 tornillos. Este rotor resistente brinda frenado confiable en todas las condiciones, garantizando tu seguridad y control en cualquier terreno.","breadcrumb":{"@id":"https:\/\/naturalbikes.cl\/?product=rotor-shimano-sm-rt26-m-180mm-6-pernos#breadcrumb"},"inLanguage":"es","potentialAction":[{"@type":"ReadAction","target":["https:\/\/naturalbikes.cl\/?product=rotor-shimano-sm-rt26-m-180mm-6-pernos"]}]},{"@type":"ImageObject","inLanguage":"es","@id":"https:\/\/naturalbikes.cl\/?product=rotor-shimano-sm-rt26-m-180mm-6-pernos#primaryimage","url":"https:\/\/naturalbikes.cl\/wp-content\/uploads\/2024\/04\/rotor-mtb-shimano-sm-rt26-m-180mm-6-pernos.jpg.webp","contentUrl":"https:\/\/naturalbikes.cl\/wp-content\/uploads\/2024\/04\/rotor-mtb-shimano-sm-rt26-m-180mm-6-pernos.jpg.webp","width":1200,"height":1200},{"@type":"BreadcrumbList","@id":"https:\/\/naturalbikes.cl\/?product=rotor-shimano-sm-rt26-m-180mm-6-pernos#breadcrumb","itemListElement":[{"@type":"ListItem","position":1,"name":"Portada","item":"https:\/\/naturalbikes.cl\/"},{"@type":"ListItem","position":2,"name":"Tienda NB","item":"https:\/\/naturalbikes.cl\/?page_id=7843"},{"@type":"ListItem","position":3,"name":"Shimano","item":"https:\/\/naturalbikes.cl\/?product_brand=shimano"},{"@type":"ListItem","position":4,"name":"Rotor Shimano SM-RT26 M 180MM 6-Pernos"}]},{"@type":"WebSite","@id":"https:\/\/naturalbikes.cl\/#website","url":"https:\/\/naturalbikes.cl\/","name":"Natural Bikes","description":"Tienda de bicicletas repuestos accesorios taller mantenimiento clases salidas","publisher":{"@id":"https:\/\/naturalbikes.cl\/#organization"},"alternateName":"Natural Bikes","potentialAction":[{"@type":"SearchAction","target":{"@type":"EntryPoint","urlTemplate":"https:\/\/naturalbikes.cl\/?s={search_term_string}"},"query-input":{"@type":"PropertyValueSpecification","valueRequired":true,"valueName":"search_term_string"}}],"inLanguage":"es"},{"@type":"Organization","@id":"https:\/\/naturalbikes.cl\/#organization","name":"Natural Bikes","alternateName":"Natural Bikes","url":"https:\/\/naturalbikes.cl\/","logo":{"@type":"ImageObject","inLanguage":"es","@id":"https:\/\/naturalbikes.cl\/#\/schema\/logo\/image\/","url":"https:\/\/naturalbikes.cl\/wp-content\/uploads\/2024\/05\/2023-10-10-10.44.12.jpg","contentUrl":"https:\/\/naturalbikes.cl\/wp-content\/uploads\/2024\/05\/2023-10-10-10.44.12.jpg","width":650,"height":650,"caption":"Natural Bikes"},"image":{"@id":"https:\/\/naturalbikes.cl\/#\/schema\/logo\/image\/"},"sameAs":["https:\/\/www.facebook.com\/naturalbikescl","https:\/\/www.instagram.com\/natural.bikes","https:\/\/www.tiktok.com\/@natural.bikes"],"description":"Ofrecer a nuestros clientes apasionados por el ciclismo de monta\u00f1a la mejor experiencia en productos, conocimientos especializados y servicios excepcionales. Nos comprometemos a proporcionar una amplia gama de bicicletas, accesorios y equipo de alta calidad, junto con asesoramiento experto y atenci\u00f3n personalizada para cada ciclista, para que puedan explorar, disfrutar y maximizar su aventura en el mundo del MTB","email":"naturalbikes1@gmail.com","telephone":"56977043878","legalName":"Natural Bikes Limitada","foundingDate":"2024-01-01","vatID":"76699553-5","taxID":"76699553-5","numberOfEmployees":{"@type":"QuantitativeValue","minValue":"1","maxValue":"10"},"publishingPrinciples":"https:\/\/naturalbikes.cl\/?page_id=7843","ownershipFundingInfo":"https:\/\/naturalbikes.cl\/?page_id=7843","actionableFeedbackPolicy":"https:\/\/naturalbikes.cl\/?page_id=14797","correctionsPolicy":"https:\/\/naturalbikes.cl\/?page_id=3","ethicsPolicy":"https:\/\/naturalbikes.cl\/?page_id=7843","diversityPolicy":"https:\/\/naturalbikes.cl\/?page_id=11734","diversityStaffingReport":"https:\/\/naturalbikes.cl\/?page_id=12161"}]}},"_links":{"self":[{"href":"https:\/\/naturalbikes.cl\/index.php?rest_route=\/wp\/v2\/product\/18539"}],"collection":[{"href":"https:\/\/naturalbikes.cl\/index.php?rest_route=\/wp\/v2\/product"}],"about":[{"href":"https:\/\/naturalbikes.cl\/index.php?rest_route=\/wp\/v2\/types\/product"}],"replies":[{"embeddable":true,"href":"https:\/\/naturalbikes.cl\/index.php?rest_route=%2Fwp%2Fv2%2Fcomments&post=18539"}],"wp:featuredmedia":[{"embeddable":true,"href":"https:\/\/naturalbikes.cl\/index.php?rest_route=\/wp\/v2\/media\/18542"}],"wp:attachment":[{"href":"https:\/\/naturalbikes.cl\/index.php?rest_route=%2Fwp%2Fv2%2Fmedia&parent=18539"}],"wp:term":[{"taxonomy":"product_cat","embeddable":true,"href":"https:\/\/naturalbikes.cl\/index.php?rest_route=%2Fwp%2Fv2%2Fproduct_cat&post=18539"},{"taxonomy":"product_tag","embeddable":true,"href":"https:\/\/naturalbikes.cl\/index.php?rest_route=%2Fwp%2Fv2%2Fproduct_tag&post=18539"}],"curies":[{"name":"wp","href":"https:\/\/api.w.org\/{rel}","templated":true}]}}