{"id":18535,"date":"2024-04-23T13:12:15","date_gmt":"2024-04-23T17:12:15","guid":{"rendered":"https:\/\/naturalbikes.cl\/?post_type=product&#038;p=18535"},"modified":"2026-01-06T17:11:43","modified_gmt":"2026-01-06T20:11:43","slug":"candado-on-guard-c-llave-120-x-8mm","status":"publish","type":"product","link":"https:\/\/naturalbikes.cl\/?product=candado-on-guard-c-llave-120-x-8mm","title":{"rendered":"Candado ON GUARD c\/llave 120 X 8mm"},"content":{"rendered":"<div class=\"page-title-wrapper product\">\n<div class=\"amshopby-option-link\"><a title=\"Onguard\" href=\"https:\/\/www.ebest.cl\/onguard\" aria-label=\"Onguard\"><img decoding=\"async\" class=\"alignleft\" title=\"Onguard\" src=\"https:\/\/www.ebest.cl\/media\/images\/cache\/amasty\/shopby\/option_images\/slider\/resized\/150x50\/onguard.png\" alt=\"Onguard\" \/><\/a><\/div>\n<\/div>\n<div class=\"amtheme-short-info\">\n<div class=\"product-reviews-summary\"><\/div>\n<div class=\"product-info-stock-sku\">\n<div class=\"product attribute sku\">\n<div class=\"value\"><\/div>\n<\/div>\n<\/div>\n<\/div>\n<div class=\"product-info-main\">\n<div class=\"product attribute overview\">\n<div class=\"value\">\n<ul>\n<li>Candado On Guard 180 X 8 mm<\/li>\n<li>Incluye 2 llaves<\/li>\n<li>Incluye soporte para bicicleta<\/li>\n<\/ul>\n<\/div>\n<\/div>\n<\/div>\n<p>&nbsp;<\/p>\n<p><strong>Protege tu bicicleta con el candado ON GUARD C\/LLAVE 120 X 8MM, disponible en varios colores para que puedas elegir el que mejor se adapte a tu estilo. Fabricado por la reconocida marca OnGuard, este producto es perfecto para los amantes del ciclismo y de las aventuras al aire libre. \u00a1Compra ahora y disfruta de una entrega r\u00e1pida y segura a cualquier parte de Chile!<\/strong><\/p>\n","protected":false},"excerpt":{"rendered":"<div class=\"page-title-wrapper product\">\n<div class=\"amshopby-option-link\"><a title=\"Onguard\" href=\"https:\/\/www.ebest.cl\/onguard\" aria-label=\"Onguard\"><img decoding=\"async\" class=\"alignleft\" title=\"Onguard\" src=\"https:\/\/www.ebest.cl\/media\/images\/cache\/amasty\/shopby\/option_images\/slider\/resized\/150x50\/onguard.png\" alt=\"Onguard\" \/><\/a><\/div>\n<\/div>\n<div class=\"amtheme-short-info\">\n<div class=\"product-reviews-summary\"><strong>Protege tu bicicleta con el candado On Guard de 120 x 8mm con llave. Dise\u00f1ado para brindar seguridad y tranquilidad, este candado resistente te ofrece la protecci\u00f3n que necesitas para tu bicicleta en cualquier situaci\u00f3n.<\/strong><\/div>\n<\/div>\n","protected":false},"featured_media":18536,"comment_status":"open","ping_status":"closed","template":"","meta":[],"product_cat":[197,230],"product_tag":[1138,1145,1137],"class_list":{"0":"post-18535","1":"product","2":"type-product","3":"status-publish","4":"has-post-thumbnail","6":"product_cat-accesorios","7":"product_cat-protecciones","8":"product_tag-bike-protection","9":"product_tag-candado","10":"product_tag-protecciones","12":"first","13":"instock","14":"sale","15":"taxable","16":"shipping-taxable","17":"purchasable","18":"product-type-simple"},"yoast_head":"<!-- This site is optimized with the Yoast SEO Premium plugin v24.8 (Yoast SEO v25.6) - https:\/\/yoast.com\/wordpress\/plugins\/seo\/ -->\n<title>Seguridad en tus manos: Candado On Guard con Llave 120 x 8mm<\/title>\n<meta name=\"description\" content=\"Protege tu bicicleta con el candado On Guard de 120 x 8mm con llave. Dise\u00f1ado para brindar seguridad y tranquilidad, este candado resistente te ofrece la protecci\u00f3n que necesitas para tu bicicleta en cualquier situaci\u00f3n.\" \/>\n<meta name=\"robots\" content=\"index, follow, max-snippet:-1, max-image-preview:large, max-video-preview:-1\" \/>\n<link rel=\"canonical\" href=\"https:\/\/naturalbikes.cl\/?product=candado-on-guard-c-llave-120-x-8mm\" \/>\n<meta property=\"og:locale\" content=\"es_ES\" \/>\n<meta property=\"og:type\" content=\"article\" \/>\n<meta property=\"og:title\" content=\"Candado ON GUARD c\/llave 120 X 8mm\" \/>\n<meta property=\"og:description\" content=\"Ofrecer a nuestros clientes apasionados por el ciclismo de monta\u00f1a la mejor experiencia en productos, conocimientos especializados y servicios excepcionales. Nos comprometemos a proporcionar una amplia gama de bicicletas, accesorios y equipo de alta calidad, junto con asesoramiento experto y atenci\u00f3n personalizada para cada ciclista, para que puedan explorar, disfrutar y maximizar su aventura en el mundo del MTB\" \/>\n<meta property=\"og:url\" content=\"https:\/\/naturalbikes.cl\/?product=candado-on-guard-c-llave-120-x-8mm\" \/>\n<meta property=\"og:site_name\" content=\"NaturalBikes\" \/>\n<meta property=\"article:publisher\" content=\"https:\/\/www.facebook.com\/naturalbikescl\" \/>\n<meta property=\"article:modified_time\" content=\"2026-01-06T20:11:43+00:00\" \/>\n<meta property=\"og:image\" content=\"https:\/\/naturalbikes.cl\/wp-content\/uploads\/2024\/04\/candado-on-guard-cllave-120-x-8mm_16735_sq.jpg\" \/>\n\t<meta property=\"og:image:width\" content=\"800\" \/>\n\t<meta property=\"og:image:height\" content=\"800\" \/>\n\t<meta property=\"og:image:type\" content=\"image\/jpeg\" \/>\n<meta name=\"twitter:card\" content=\"summary_large_image\" \/>\n<meta name=\"twitter:label1\" content=\"Tiempo de lectura\" \/>\n\t<meta name=\"twitter:data1\" content=\"1 minuto\" \/>\n<script type=\"application\/ld+json\" class=\"yoast-schema-graph\">{\"@context\":\"https:\/\/schema.org\",\"@graph\":[{\"@type\":\"WebPage\",\"@id\":\"https:\/\/naturalbikes.cl\/?product=candado-on-guard-c-llave-120-x-8mm\",\"url\":\"https:\/\/naturalbikes.cl\/?product=candado-on-guard-c-llave-120-x-8mm\",\"name\":\"Seguridad en tus manos: Candado On Guard con Llave 120 x 8mm\",\"isPartOf\":{\"@id\":\"https:\/\/naturalbikes.cl\/#website\"},\"primaryImageOfPage\":{\"@id\":\"https:\/\/naturalbikes.cl\/?product=candado-on-guard-c-llave-120-x-8mm#primaryimage\"},\"image\":{\"@id\":\"https:\/\/naturalbikes.cl\/?product=candado-on-guard-c-llave-120-x-8mm#primaryimage\"},\"thumbnailUrl\":\"https:\/\/naturalbikes.cl\/wp-content\/uploads\/2024\/04\/candado-on-guard-cllave-120-x-8mm_16735_sq.jpg\",\"datePublished\":\"2024-04-23T17:12:15+00:00\",\"dateModified\":\"2026-01-06T20:11:43+00:00\",\"description\":\"Protege tu bicicleta con el candado On Guard de 120 x 8mm con llave. Dise\u00f1ado para brindar seguridad y tranquilidad, este candado resistente te ofrece la protecci\u00f3n que necesitas para tu bicicleta en cualquier situaci\u00f3n.\",\"breadcrumb\":{\"@id\":\"https:\/\/naturalbikes.cl\/?product=candado-on-guard-c-llave-120-x-8mm#breadcrumb\"},\"inLanguage\":\"es\",\"potentialAction\":[{\"@type\":\"ReadAction\",\"target\":[\"https:\/\/naturalbikes.cl\/?product=candado-on-guard-c-llave-120-x-8mm\"]}]},{\"@type\":\"ImageObject\",\"inLanguage\":\"es\",\"@id\":\"https:\/\/naturalbikes.cl\/?product=candado-on-guard-c-llave-120-x-8mm#primaryimage\",\"url\":\"https:\/\/naturalbikes.cl\/wp-content\/uploads\/2024\/04\/candado-on-guard-cllave-120-x-8mm_16735_sq.jpg\",\"contentUrl\":\"https:\/\/naturalbikes.cl\/wp-content\/uploads\/2024\/04\/candado-on-guard-cllave-120-x-8mm_16735_sq.jpg\",\"width\":800,\"height\":800},{\"@type\":\"BreadcrumbList\",\"@id\":\"https:\/\/naturalbikes.cl\/?product=candado-on-guard-c-llave-120-x-8mm#breadcrumb\",\"itemListElement\":[{\"@type\":\"ListItem\",\"position\":1,\"name\":\"Portada\",\"item\":\"https:\/\/naturalbikes.cl\/\"},{\"@type\":\"ListItem\",\"position\":2,\"name\":\"Tienda NB\",\"item\":\"https:\/\/naturalbikes.cl\/?page_id=7843\"},{\"@type\":\"ListItem\",\"position\":3,\"name\":\"Candado ON GUARD c\/llave 120 X 8mm\"}]},{\"@type\":\"WebSite\",\"@id\":\"https:\/\/naturalbikes.cl\/#website\",\"url\":\"https:\/\/naturalbikes.cl\/\",\"name\":\"Natural Bikes\",\"description\":\"Tienda de bicicletas repuestos accesorios taller mantenimiento clases salidas\",\"publisher\":{\"@id\":\"https:\/\/naturalbikes.cl\/#organization\"},\"alternateName\":\"Natural Bikes\",\"potentialAction\":[{\"@type\":\"SearchAction\",\"target\":{\"@type\":\"EntryPoint\",\"urlTemplate\":\"https:\/\/naturalbikes.cl\/?s={search_term_string}\"},\"query-input\":{\"@type\":\"PropertyValueSpecification\",\"valueRequired\":true,\"valueName\":\"search_term_string\"}}],\"inLanguage\":\"es\"},{\"@type\":\"Organization\",\"@id\":\"https:\/\/naturalbikes.cl\/#organization\",\"name\":\"Natural Bikes\",\"alternateName\":\"Natural Bikes\",\"url\":\"https:\/\/naturalbikes.cl\/\",\"logo\":{\"@type\":\"ImageObject\",\"inLanguage\":\"es\",\"@id\":\"https:\/\/naturalbikes.cl\/#\/schema\/logo\/image\/\",\"url\":\"https:\/\/naturalbikes.cl\/wp-content\/uploads\/2024\/05\/2023-10-10-10.44.12.jpg\",\"contentUrl\":\"https:\/\/naturalbikes.cl\/wp-content\/uploads\/2024\/05\/2023-10-10-10.44.12.jpg\",\"width\":650,\"height\":650,\"caption\":\"Natural Bikes\"},\"image\":{\"@id\":\"https:\/\/naturalbikes.cl\/#\/schema\/logo\/image\/\"},\"sameAs\":[\"https:\/\/www.facebook.com\/naturalbikescl\",\"https:\/\/www.instagram.com\/natural.bikes\",\"https:\/\/www.tiktok.com\/@natural.bikes\"],\"description\":\"Ofrecer a nuestros clientes apasionados por el ciclismo de monta\u00f1a la mejor experiencia en productos, conocimientos especializados y servicios excepcionales. Nos comprometemos a proporcionar una amplia gama de bicicletas, accesorios y equipo de alta calidad, junto con asesoramiento experto y atenci\u00f3n personalizada para cada ciclista, para que puedan explorar, disfrutar y maximizar su aventura en el mundo del MTB\",\"email\":\"naturalbikes1@gmail.com\",\"telephone\":\"56977043878\",\"legalName\":\"Natural Bikes Limitada\",\"foundingDate\":\"2024-01-01\",\"vatID\":\"76699553-5\",\"taxID\":\"76699553-5\",\"numberOfEmployees\":{\"@type\":\"QuantitativeValue\",\"minValue\":\"1\",\"maxValue\":\"10\"},\"publishingPrinciples\":\"https:\/\/naturalbikes.cl\/?page_id=7843\",\"ownershipFundingInfo\":\"https:\/\/naturalbikes.cl\/?page_id=7843\",\"actionableFeedbackPolicy\":\"https:\/\/naturalbikes.cl\/?page_id=14797\",\"correctionsPolicy\":\"https:\/\/naturalbikes.cl\/?page_id=3\",\"ethicsPolicy\":\"https:\/\/naturalbikes.cl\/?page_id=7843\",\"diversityPolicy\":\"https:\/\/naturalbikes.cl\/?page_id=11734\",\"diversityStaffingReport\":\"https:\/\/naturalbikes.cl\/?page_id=12161\"}]}<\/script>\n<!-- \/ Yoast SEO Premium plugin. -->","yoast_head_json":{"title":"Seguridad en tus manos: Candado On Guard con Llave 120 x 8mm","description":"Protege tu bicicleta con el candado On Guard de 120 x 8mm con llave. Dise\u00f1ado para brindar seguridad y tranquilidad, este candado resistente te ofrece la protecci\u00f3n que necesitas para tu bicicleta en cualquier situaci\u00f3n.","robots":{"index":"index","follow":"follow","max-snippet":"max-snippet:-1","max-image-preview":"max-image-preview:large","max-video-preview":"max-video-preview:-1"},"canonical":"https:\/\/naturalbikes.cl\/?product=candado-on-guard-c-llave-120-x-8mm","og_locale":"es_ES","og_type":"article","og_title":"Candado ON GUARD c\/llave 120 X 8mm","og_description":"Ofrecer a nuestros clientes apasionados por el ciclismo de monta\u00f1a la mejor experiencia en productos, conocimientos especializados y servicios excepcionales. Nos comprometemos a proporcionar una amplia gama de bicicletas, accesorios y equipo de alta calidad, junto con asesoramiento experto y atenci\u00f3n personalizada para cada ciclista, para que puedan explorar, disfrutar y maximizar su aventura en el mundo del MTB","og_url":"https:\/\/naturalbikes.cl\/?product=candado-on-guard-c-llave-120-x-8mm","og_site_name":"NaturalBikes","article_publisher":"https:\/\/www.facebook.com\/naturalbikescl","article_modified_time":"2026-01-06T20:11:43+00:00","og_image":[{"width":800,"height":800,"url":"https:\/\/naturalbikes.cl\/wp-content\/uploads\/2024\/04\/candado-on-guard-cllave-120-x-8mm_16735_sq.jpg","type":"image\/jpeg"}],"twitter_card":"summary_large_image","twitter_misc":{"Tiempo de lectura":"1 minuto"},"schema":{"@context":"https:\/\/schema.org","@graph":[{"@type":"WebPage","@id":"https:\/\/naturalbikes.cl\/?product=candado-on-guard-c-llave-120-x-8mm","url":"https:\/\/naturalbikes.cl\/?product=candado-on-guard-c-llave-120-x-8mm","name":"Seguridad en tus manos: Candado On Guard con Llave 120 x 8mm","isPartOf":{"@id":"https:\/\/naturalbikes.cl\/#website"},"primaryImageOfPage":{"@id":"https:\/\/naturalbikes.cl\/?product=candado-on-guard-c-llave-120-x-8mm#primaryimage"},"image":{"@id":"https:\/\/naturalbikes.cl\/?product=candado-on-guard-c-llave-120-x-8mm#primaryimage"},"thumbnailUrl":"https:\/\/naturalbikes.cl\/wp-content\/uploads\/2024\/04\/candado-on-guard-cllave-120-x-8mm_16735_sq.jpg","datePublished":"2024-04-23T17:12:15+00:00","dateModified":"2026-01-06T20:11:43+00:00","description":"Protege tu bicicleta con el candado On Guard de 120 x 8mm con llave. Dise\u00f1ado para brindar seguridad y tranquilidad, este candado resistente te ofrece la protecci\u00f3n que necesitas para tu bicicleta en cualquier situaci\u00f3n.","breadcrumb":{"@id":"https:\/\/naturalbikes.cl\/?product=candado-on-guard-c-llave-120-x-8mm#breadcrumb"},"inLanguage":"es","potentialAction":[{"@type":"ReadAction","target":["https:\/\/naturalbikes.cl\/?product=candado-on-guard-c-llave-120-x-8mm"]}]},{"@type":"ImageObject","inLanguage":"es","@id":"https:\/\/naturalbikes.cl\/?product=candado-on-guard-c-llave-120-x-8mm#primaryimage","url":"https:\/\/naturalbikes.cl\/wp-content\/uploads\/2024\/04\/candado-on-guard-cllave-120-x-8mm_16735_sq.jpg","contentUrl":"https:\/\/naturalbikes.cl\/wp-content\/uploads\/2024\/04\/candado-on-guard-cllave-120-x-8mm_16735_sq.jpg","width":800,"height":800},{"@type":"BreadcrumbList","@id":"https:\/\/naturalbikes.cl\/?product=candado-on-guard-c-llave-120-x-8mm#breadcrumb","itemListElement":[{"@type":"ListItem","position":1,"name":"Portada","item":"https:\/\/naturalbikes.cl\/"},{"@type":"ListItem","position":2,"name":"Tienda NB","item":"https:\/\/naturalbikes.cl\/?page_id=7843"},{"@type":"ListItem","position":3,"name":"Candado ON GUARD c\/llave 120 X 8mm"}]},{"@type":"WebSite","@id":"https:\/\/naturalbikes.cl\/#website","url":"https:\/\/naturalbikes.cl\/","name":"Natural Bikes","description":"Tienda de bicicletas repuestos accesorios taller mantenimiento clases salidas","publisher":{"@id":"https:\/\/naturalbikes.cl\/#organization"},"alternateName":"Natural Bikes","potentialAction":[{"@type":"SearchAction","target":{"@type":"EntryPoint","urlTemplate":"https:\/\/naturalbikes.cl\/?s={search_term_string}"},"query-input":{"@type":"PropertyValueSpecification","valueRequired":true,"valueName":"search_term_string"}}],"inLanguage":"es"},{"@type":"Organization","@id":"https:\/\/naturalbikes.cl\/#organization","name":"Natural Bikes","alternateName":"Natural Bikes","url":"https:\/\/naturalbikes.cl\/","logo":{"@type":"ImageObject","inLanguage":"es","@id":"https:\/\/naturalbikes.cl\/#\/schema\/logo\/image\/","url":"https:\/\/naturalbikes.cl\/wp-content\/uploads\/2024\/05\/2023-10-10-10.44.12.jpg","contentUrl":"https:\/\/naturalbikes.cl\/wp-content\/uploads\/2024\/05\/2023-10-10-10.44.12.jpg","width":650,"height":650,"caption":"Natural Bikes"},"image":{"@id":"https:\/\/naturalbikes.cl\/#\/schema\/logo\/image\/"},"sameAs":["https:\/\/www.facebook.com\/naturalbikescl","https:\/\/www.instagram.com\/natural.bikes","https:\/\/www.tiktok.com\/@natural.bikes"],"description":"Ofrecer a nuestros clientes apasionados por el ciclismo de monta\u00f1a la mejor experiencia en productos, conocimientos especializados y servicios excepcionales. Nos comprometemos a proporcionar una amplia gama de bicicletas, accesorios y equipo de alta calidad, junto con asesoramiento experto y atenci\u00f3n personalizada para cada ciclista, para que puedan explorar, disfrutar y maximizar su aventura en el mundo del MTB","email":"naturalbikes1@gmail.com","telephone":"56977043878","legalName":"Natural Bikes Limitada","foundingDate":"2024-01-01","vatID":"76699553-5","taxID":"76699553-5","numberOfEmployees":{"@type":"QuantitativeValue","minValue":"1","maxValue":"10"},"publishingPrinciples":"https:\/\/naturalbikes.cl\/?page_id=7843","ownershipFundingInfo":"https:\/\/naturalbikes.cl\/?page_id=7843","actionableFeedbackPolicy":"https:\/\/naturalbikes.cl\/?page_id=14797","correctionsPolicy":"https:\/\/naturalbikes.cl\/?page_id=3","ethicsPolicy":"https:\/\/naturalbikes.cl\/?page_id=7843","diversityPolicy":"https:\/\/naturalbikes.cl\/?page_id=11734","diversityStaffingReport":"https:\/\/naturalbikes.cl\/?page_id=12161"}]}},"_links":{"self":[{"href":"https:\/\/naturalbikes.cl\/index.php?rest_route=\/wp\/v2\/product\/18535"}],"collection":[{"href":"https:\/\/naturalbikes.cl\/index.php?rest_route=\/wp\/v2\/product"}],"about":[{"href":"https:\/\/naturalbikes.cl\/index.php?rest_route=\/wp\/v2\/types\/product"}],"replies":[{"embeddable":true,"href":"https:\/\/naturalbikes.cl\/index.php?rest_route=%2Fwp%2Fv2%2Fcomments&post=18535"}],"wp:featuredmedia":[{"embeddable":true,"href":"https:\/\/naturalbikes.cl\/index.php?rest_route=\/wp\/v2\/media\/18536"}],"wp:attachment":[{"href":"https:\/\/naturalbikes.cl\/index.php?rest_route=%2Fwp%2Fv2%2Fmedia&parent=18535"}],"wp:term":[{"taxonomy":"product_cat","embeddable":true,"href":"https:\/\/naturalbikes.cl\/index.php?rest_route=%2Fwp%2Fv2%2Fproduct_cat&post=18535"},{"taxonomy":"product_tag","embeddable":true,"href":"https:\/\/naturalbikes.cl\/index.php?rest_route=%2Fwp%2Fv2%2Fproduct_tag&post=18535"}],"curies":[{"name":"wp","href":"https:\/\/api.w.org\/{rel}","templated":true}]}}