{"id":18515,"date":"2024-04-23T12:21:02","date_gmt":"2024-04-23T16:21:02","guid":{"rendered":"https:\/\/naturalbikes.cl\/?post_type=product&#038;p=18515"},"modified":"2026-01-06T17:11:42","modified_gmt":"2026-01-06T20:11:42","slug":"muc-off-tapabarro-delantero-bolt","status":"publish","type":"product","link":"https:\/\/naturalbikes.cl\/?product=muc-off-tapabarro-delantero-bolt","title":{"rendered":"Tapabarro Muc-Off Delantero Bolt"},"content":{"rendered":"<div class=\"page-title-wrapper product\">\n<div class=\"page-title-wrapper product\">\n<div class=\"page-title-wrapper product\">\n<div class=\"page-title-wrapper product\">\n<div class=\"card__section \">\n<div class=\"rte text--pull\">\n<div><b><span lang=\"es-cl\" style=\"font-size: 12pt;\" xml:lang=\"es-cl\"><img decoding=\"async\" class=\"alignleft\" src=\"https:\/\/cdn.shopify.com\/s\/files\/1\/0084\/1151\/2896\/files\/descarga_8_480x480.png?v=1611673740\" alt=\"\" width=\"368\" height=\"82\" \/><\/span><\/b><\/div>\n<div><\/div>\n<p>Cuando llegue el clima h\u00famedo, prep\u00e1rate para rockear con el protector<strong> Muc &#8211; Off Ride.<\/strong> D on&#8217;t dejar que el barro y el spray llegar en la forma de una \u00e9poca buena cuando est\u00e1s trituraci\u00f3n de los senderos o ir al trabajo.<\/p>\n<p>Este guardabarros es liviano , sigiloso y s\u00faper f\u00e1cil de colocar en su bicicleta , adem\u00e1s de que tambi\u00e9n se ve genial.<\/p>\n<h2>CARACTER\u00cdSTICAS:<\/h2>\n<ul>\n<li>Fabricado con materiales 100% reciclados.<\/li>\n<li>Hecho en Inglaterra<\/li>\n<li>100% reciclable<\/li>\n<\/ul>\n<\/div>\n<\/div>\n<\/div>\n<\/div>\n<\/div>\n<\/div>\n","protected":false},"excerpt":{"rendered":"<div class=\"page-title-wrapper product\">\n<div class=\"amshopby-option-link\">\n<div class=\"page-title-wrapper product\">\n<div class=\"amshopby-option-link\">\n<div class=\"page-title-wrapper product\">\n<div class=\"amshopby-option-link\">\n<div class=\"page-title-wrapper product\">\n<h1 class=\"page-title\" data-ui-id=\"page-title-wrapper\"><b style=\"font-size: 16px;\"><span lang=\"es-cl\" style=\"font-size: 12pt;\" xml:lang=\"es-cl\"><img decoding=\"async\" class=\"alignleft\" src=\"https:\/\/cdn.shopify.com\/s\/files\/1\/0084\/1151\/2896\/files\/descarga_8_480x480.png?v=1611673740\" alt=\"\" width=\"368\" height=\"82\" \/><\/span><\/b><\/h1>\n<div class=\"card__section \">\n<div class=\"rte text--pull\">\n<p data-sourcepos=\"5:1-5:232\"><strong>Disfruta de tus salidas en bicicleta con lluvia o sol sin preocuparte del barro y la suciedad. El Guardabarro Delantero Muc-Off Bolt te ofrece una protecci\u00f3n excepcional para tu rostro y transmisi\u00f3n en las condiciones m\u00e1s dif\u00edciles.<\/strong><\/p>\n<\/div>\n<\/div>\n<\/div>\n<\/div>\n<\/div>\n<\/div>\n<\/div>\n<\/div>\n<\/div>\n","protected":false},"featured_media":18516,"comment_status":"open","ping_status":"closed","template":"","meta":[],"product_cat":[197,230],"product_tag":[1138,1137,1139],"class_list":{"0":"post-18515","1":"product","2":"type-product","3":"status-publish","4":"has-post-thumbnail","6":"product_brand-muc-off","7":"product_cat-accesorios","8":"product_cat-protecciones","9":"product_tag-bike-protection","10":"product_tag-protecciones","11":"product_tag-tapabarro","13":"first","14":"instock","15":"sale","16":"taxable","17":"shipping-taxable","18":"purchasable","19":"product-type-simple"},"yoast_head":"<!-- This site is optimized with the Yoast SEO Premium plugin v24.8 (Yoast SEO v25.6) - https:\/\/yoast.com\/wordpress\/plugins\/seo\/ -->\n<title>Muc-Off Bolt: Guardabarros Delantero para Protecci\u00f3n Superior contra Barro<\/title>\n<meta name=\"description\" content=\"Disfruta de tus salidas en bicicleta con lluvia o sol sin preocuparte del barro y la suciedad. El Guardabarro Delantero Muc-Off Bolt te ofrece una protecci\u00f3n excepcional para tu rostro y transmisi\u00f3n en las condiciones m\u00e1s dif\u00edciles.\" \/>\n<meta name=\"robots\" content=\"index, follow, max-snippet:-1, max-image-preview:large, max-video-preview:-1\" \/>\n<link rel=\"canonical\" href=\"https:\/\/naturalbikes.cl\/?product=muc-off-tapabarro-delantero-bolt\" \/>\n<meta property=\"og:locale\" content=\"es_ES\" \/>\n<meta property=\"og:type\" content=\"article\" \/>\n<meta property=\"og:title\" content=\"Tapabarro Muc-Off Delantero Bolt\" \/>\n<meta property=\"og:description\" content=\"Ofrecer a nuestros clientes apasionados por el ciclismo de monta\u00f1a la mejor experiencia en productos, conocimientos especializados y servicios excepcionales. Nos comprometemos a proporcionar una amplia gama de bicicletas, accesorios y equipo de alta calidad, junto con asesoramiento experto y atenci\u00f3n personalizada para cada ciclista, para que puedan explorar, disfrutar y maximizar su aventura en el mundo del MTB\" \/>\n<meta property=\"og:url\" content=\"https:\/\/naturalbikes.cl\/?product=muc-off-tapabarro-delantero-bolt\" \/>\n<meta property=\"og:site_name\" content=\"NaturalBikes\" \/>\n<meta property=\"article:publisher\" content=\"https:\/\/www.facebook.com\/naturalbikescl\" \/>\n<meta property=\"article:modified_time\" content=\"2026-01-06T20:11:42+00:00\" \/>\n<meta property=\"og:image\" content=\"https:\/\/naturalbikes.cl\/wp-content\/uploads\/2024\/04\/X_193-ride-guard-bolt_grey_47d3b490-92e5-4172-81bd-8066e7648221_850x850_crop_center9968.jpg\" \/>\n\t<meta property=\"og:image:width\" content=\"850\" \/>\n\t<meta property=\"og:image:height\" content=\"850\" \/>\n\t<meta property=\"og:image:type\" content=\"image\/jpeg\" \/>\n<meta name=\"twitter:card\" content=\"summary_large_image\" \/>\n<meta name=\"twitter:label1\" content=\"Tiempo de lectura\" \/>\n\t<meta name=\"twitter:data1\" content=\"1 minuto\" \/>\n<script type=\"application\/ld+json\" class=\"yoast-schema-graph\">{\"@context\":\"https:\/\/schema.org\",\"@graph\":[{\"@type\":\"WebPage\",\"@id\":\"https:\/\/naturalbikes.cl\/?product=muc-off-tapabarro-delantero-bolt\",\"url\":\"https:\/\/naturalbikes.cl\/?product=muc-off-tapabarro-delantero-bolt\",\"name\":\"Muc-Off Bolt: Guardabarros Delantero para Protecci\u00f3n Superior contra Barro\",\"isPartOf\":{\"@id\":\"https:\/\/naturalbikes.cl\/#website\"},\"primaryImageOfPage\":{\"@id\":\"https:\/\/naturalbikes.cl\/?product=muc-off-tapabarro-delantero-bolt#primaryimage\"},\"image\":{\"@id\":\"https:\/\/naturalbikes.cl\/?product=muc-off-tapabarro-delantero-bolt#primaryimage\"},\"thumbnailUrl\":\"https:\/\/naturalbikes.cl\/wp-content\/uploads\/2024\/04\/X_193-ride-guard-bolt_grey_47d3b490-92e5-4172-81bd-8066e7648221_850x850_crop_center9968.jpg\",\"datePublished\":\"2024-04-23T16:21:02+00:00\",\"dateModified\":\"2026-01-06T20:11:42+00:00\",\"description\":\"Disfruta de tus salidas en bicicleta con lluvia o sol sin preocuparte del barro y la suciedad. El Guardabarro Delantero Muc-Off Bolt te ofrece una protecci\u00f3n excepcional para tu rostro y transmisi\u00f3n en las condiciones m\u00e1s dif\u00edciles.\",\"breadcrumb\":{\"@id\":\"https:\/\/naturalbikes.cl\/?product=muc-off-tapabarro-delantero-bolt#breadcrumb\"},\"inLanguage\":\"es\",\"potentialAction\":[{\"@type\":\"ReadAction\",\"target\":[\"https:\/\/naturalbikes.cl\/?product=muc-off-tapabarro-delantero-bolt\"]}]},{\"@type\":\"ImageObject\",\"inLanguage\":\"es\",\"@id\":\"https:\/\/naturalbikes.cl\/?product=muc-off-tapabarro-delantero-bolt#primaryimage\",\"url\":\"https:\/\/naturalbikes.cl\/wp-content\/uploads\/2024\/04\/X_193-ride-guard-bolt_grey_47d3b490-92e5-4172-81bd-8066e7648221_850x850_crop_center9968.jpg\",\"contentUrl\":\"https:\/\/naturalbikes.cl\/wp-content\/uploads\/2024\/04\/X_193-ride-guard-bolt_grey_47d3b490-92e5-4172-81bd-8066e7648221_850x850_crop_center9968.jpg\",\"width\":850,\"height\":850},{\"@type\":\"BreadcrumbList\",\"@id\":\"https:\/\/naturalbikes.cl\/?product=muc-off-tapabarro-delantero-bolt#breadcrumb\",\"itemListElement\":[{\"@type\":\"ListItem\",\"position\":1,\"name\":\"Portada\",\"item\":\"https:\/\/naturalbikes.cl\/\"},{\"@type\":\"ListItem\",\"position\":2,\"name\":\"Tienda NB\",\"item\":\"https:\/\/naturalbikes.cl\/?page_id=7843\"},{\"@type\":\"ListItem\",\"position\":3,\"name\":\"Muc-Off\",\"item\":\"https:\/\/naturalbikes.cl\/?product_brand=muc-off\"},{\"@type\":\"ListItem\",\"position\":4,\"name\":\"Tapabarro Muc-Off Delantero Bolt\"}]},{\"@type\":\"WebSite\",\"@id\":\"https:\/\/naturalbikes.cl\/#website\",\"url\":\"https:\/\/naturalbikes.cl\/\",\"name\":\"Natural Bikes\",\"description\":\"Tienda de bicicletas repuestos accesorios taller mantenimiento clases salidas\",\"publisher\":{\"@id\":\"https:\/\/naturalbikes.cl\/#organization\"},\"alternateName\":\"Natural Bikes\",\"potentialAction\":[{\"@type\":\"SearchAction\",\"target\":{\"@type\":\"EntryPoint\",\"urlTemplate\":\"https:\/\/naturalbikes.cl\/?s={search_term_string}\"},\"query-input\":{\"@type\":\"PropertyValueSpecification\",\"valueRequired\":true,\"valueName\":\"search_term_string\"}}],\"inLanguage\":\"es\"},{\"@type\":\"Organization\",\"@id\":\"https:\/\/naturalbikes.cl\/#organization\",\"name\":\"Natural Bikes\",\"alternateName\":\"Natural Bikes\",\"url\":\"https:\/\/naturalbikes.cl\/\",\"logo\":{\"@type\":\"ImageObject\",\"inLanguage\":\"es\",\"@id\":\"https:\/\/naturalbikes.cl\/#\/schema\/logo\/image\/\",\"url\":\"https:\/\/naturalbikes.cl\/wp-content\/uploads\/2024\/05\/2023-10-10-10.44.12.jpg\",\"contentUrl\":\"https:\/\/naturalbikes.cl\/wp-content\/uploads\/2024\/05\/2023-10-10-10.44.12.jpg\",\"width\":650,\"height\":650,\"caption\":\"Natural Bikes\"},\"image\":{\"@id\":\"https:\/\/naturalbikes.cl\/#\/schema\/logo\/image\/\"},\"sameAs\":[\"https:\/\/www.facebook.com\/naturalbikescl\",\"https:\/\/www.instagram.com\/natural.bikes\",\"https:\/\/www.tiktok.com\/@natural.bikes\"],\"description\":\"Ofrecer a nuestros clientes apasionados por el ciclismo de monta\u00f1a la mejor experiencia en productos, conocimientos especializados y servicios excepcionales. Nos comprometemos a proporcionar una amplia gama de bicicletas, accesorios y equipo de alta calidad, junto con asesoramiento experto y atenci\u00f3n personalizada para cada ciclista, para que puedan explorar, disfrutar y maximizar su aventura en el mundo del MTB\",\"email\":\"naturalbikes1@gmail.com\",\"telephone\":\"56977043878\",\"legalName\":\"Natural Bikes Limitada\",\"foundingDate\":\"2024-01-01\",\"vatID\":\"76699553-5\",\"taxID\":\"76699553-5\",\"numberOfEmployees\":{\"@type\":\"QuantitativeValue\",\"minValue\":\"1\",\"maxValue\":\"10\"},\"publishingPrinciples\":\"https:\/\/naturalbikes.cl\/?page_id=7843\",\"ownershipFundingInfo\":\"https:\/\/naturalbikes.cl\/?page_id=7843\",\"actionableFeedbackPolicy\":\"https:\/\/naturalbikes.cl\/?page_id=14797\",\"correctionsPolicy\":\"https:\/\/naturalbikes.cl\/?page_id=3\",\"ethicsPolicy\":\"https:\/\/naturalbikes.cl\/?page_id=7843\",\"diversityPolicy\":\"https:\/\/naturalbikes.cl\/?page_id=11734\",\"diversityStaffingReport\":\"https:\/\/naturalbikes.cl\/?page_id=12161\"}]}<\/script>\n<!-- \/ Yoast SEO Premium plugin. -->","yoast_head_json":{"title":"Muc-Off Bolt: Guardabarros Delantero para Protecci\u00f3n Superior contra Barro","description":"Disfruta de tus salidas en bicicleta con lluvia o sol sin preocuparte del barro y la suciedad. El Guardabarro Delantero Muc-Off Bolt te ofrece una protecci\u00f3n excepcional para tu rostro y transmisi\u00f3n en las condiciones m\u00e1s dif\u00edciles.","robots":{"index":"index","follow":"follow","max-snippet":"max-snippet:-1","max-image-preview":"max-image-preview:large","max-video-preview":"max-video-preview:-1"},"canonical":"https:\/\/naturalbikes.cl\/?product=muc-off-tapabarro-delantero-bolt","og_locale":"es_ES","og_type":"article","og_title":"Tapabarro Muc-Off Delantero Bolt","og_description":"Ofrecer a nuestros clientes apasionados por el ciclismo de monta\u00f1a la mejor experiencia en productos, conocimientos especializados y servicios excepcionales. Nos comprometemos a proporcionar una amplia gama de bicicletas, accesorios y equipo de alta calidad, junto con asesoramiento experto y atenci\u00f3n personalizada para cada ciclista, para que puedan explorar, disfrutar y maximizar su aventura en el mundo del MTB","og_url":"https:\/\/naturalbikes.cl\/?product=muc-off-tapabarro-delantero-bolt","og_site_name":"NaturalBikes","article_publisher":"https:\/\/www.facebook.com\/naturalbikescl","article_modified_time":"2026-01-06T20:11:42+00:00","og_image":[{"width":850,"height":850,"url":"https:\/\/naturalbikes.cl\/wp-content\/uploads\/2024\/04\/X_193-ride-guard-bolt_grey_47d3b490-92e5-4172-81bd-8066e7648221_850x850_crop_center9968.jpg","type":"image\/jpeg"}],"twitter_card":"summary_large_image","twitter_misc":{"Tiempo de lectura":"1 minuto"},"schema":{"@context":"https:\/\/schema.org","@graph":[{"@type":"WebPage","@id":"https:\/\/naturalbikes.cl\/?product=muc-off-tapabarro-delantero-bolt","url":"https:\/\/naturalbikes.cl\/?product=muc-off-tapabarro-delantero-bolt","name":"Muc-Off Bolt: Guardabarros Delantero para Protecci\u00f3n Superior contra Barro","isPartOf":{"@id":"https:\/\/naturalbikes.cl\/#website"},"primaryImageOfPage":{"@id":"https:\/\/naturalbikes.cl\/?product=muc-off-tapabarro-delantero-bolt#primaryimage"},"image":{"@id":"https:\/\/naturalbikes.cl\/?product=muc-off-tapabarro-delantero-bolt#primaryimage"},"thumbnailUrl":"https:\/\/naturalbikes.cl\/wp-content\/uploads\/2024\/04\/X_193-ride-guard-bolt_grey_47d3b490-92e5-4172-81bd-8066e7648221_850x850_crop_center9968.jpg","datePublished":"2024-04-23T16:21:02+00:00","dateModified":"2026-01-06T20:11:42+00:00","description":"Disfruta de tus salidas en bicicleta con lluvia o sol sin preocuparte del barro y la suciedad. El Guardabarro Delantero Muc-Off Bolt te ofrece una protecci\u00f3n excepcional para tu rostro y transmisi\u00f3n en las condiciones m\u00e1s dif\u00edciles.","breadcrumb":{"@id":"https:\/\/naturalbikes.cl\/?product=muc-off-tapabarro-delantero-bolt#breadcrumb"},"inLanguage":"es","potentialAction":[{"@type":"ReadAction","target":["https:\/\/naturalbikes.cl\/?product=muc-off-tapabarro-delantero-bolt"]}]},{"@type":"ImageObject","inLanguage":"es","@id":"https:\/\/naturalbikes.cl\/?product=muc-off-tapabarro-delantero-bolt#primaryimage","url":"https:\/\/naturalbikes.cl\/wp-content\/uploads\/2024\/04\/X_193-ride-guard-bolt_grey_47d3b490-92e5-4172-81bd-8066e7648221_850x850_crop_center9968.jpg","contentUrl":"https:\/\/naturalbikes.cl\/wp-content\/uploads\/2024\/04\/X_193-ride-guard-bolt_grey_47d3b490-92e5-4172-81bd-8066e7648221_850x850_crop_center9968.jpg","width":850,"height":850},{"@type":"BreadcrumbList","@id":"https:\/\/naturalbikes.cl\/?product=muc-off-tapabarro-delantero-bolt#breadcrumb","itemListElement":[{"@type":"ListItem","position":1,"name":"Portada","item":"https:\/\/naturalbikes.cl\/"},{"@type":"ListItem","position":2,"name":"Tienda NB","item":"https:\/\/naturalbikes.cl\/?page_id=7843"},{"@type":"ListItem","position":3,"name":"Muc-Off","item":"https:\/\/naturalbikes.cl\/?product_brand=muc-off"},{"@type":"ListItem","position":4,"name":"Tapabarro Muc-Off Delantero Bolt"}]},{"@type":"WebSite","@id":"https:\/\/naturalbikes.cl\/#website","url":"https:\/\/naturalbikes.cl\/","name":"Natural Bikes","description":"Tienda de bicicletas repuestos accesorios taller mantenimiento clases salidas","publisher":{"@id":"https:\/\/naturalbikes.cl\/#organization"},"alternateName":"Natural Bikes","potentialAction":[{"@type":"SearchAction","target":{"@type":"EntryPoint","urlTemplate":"https:\/\/naturalbikes.cl\/?s={search_term_string}"},"query-input":{"@type":"PropertyValueSpecification","valueRequired":true,"valueName":"search_term_string"}}],"inLanguage":"es"},{"@type":"Organization","@id":"https:\/\/naturalbikes.cl\/#organization","name":"Natural Bikes","alternateName":"Natural Bikes","url":"https:\/\/naturalbikes.cl\/","logo":{"@type":"ImageObject","inLanguage":"es","@id":"https:\/\/naturalbikes.cl\/#\/schema\/logo\/image\/","url":"https:\/\/naturalbikes.cl\/wp-content\/uploads\/2024\/05\/2023-10-10-10.44.12.jpg","contentUrl":"https:\/\/naturalbikes.cl\/wp-content\/uploads\/2024\/05\/2023-10-10-10.44.12.jpg","width":650,"height":650,"caption":"Natural Bikes"},"image":{"@id":"https:\/\/naturalbikes.cl\/#\/schema\/logo\/image\/"},"sameAs":["https:\/\/www.facebook.com\/naturalbikescl","https:\/\/www.instagram.com\/natural.bikes","https:\/\/www.tiktok.com\/@natural.bikes"],"description":"Ofrecer a nuestros clientes apasionados por el ciclismo de monta\u00f1a la mejor experiencia en productos, conocimientos especializados y servicios excepcionales. Nos comprometemos a proporcionar una amplia gama de bicicletas, accesorios y equipo de alta calidad, junto con asesoramiento experto y atenci\u00f3n personalizada para cada ciclista, para que puedan explorar, disfrutar y maximizar su aventura en el mundo del MTB","email":"naturalbikes1@gmail.com","telephone":"56977043878","legalName":"Natural Bikes Limitada","foundingDate":"2024-01-01","vatID":"76699553-5","taxID":"76699553-5","numberOfEmployees":{"@type":"QuantitativeValue","minValue":"1","maxValue":"10"},"publishingPrinciples":"https:\/\/naturalbikes.cl\/?page_id=7843","ownershipFundingInfo":"https:\/\/naturalbikes.cl\/?page_id=7843","actionableFeedbackPolicy":"https:\/\/naturalbikes.cl\/?page_id=14797","correctionsPolicy":"https:\/\/naturalbikes.cl\/?page_id=3","ethicsPolicy":"https:\/\/naturalbikes.cl\/?page_id=7843","diversityPolicy":"https:\/\/naturalbikes.cl\/?page_id=11734","diversityStaffingReport":"https:\/\/naturalbikes.cl\/?page_id=12161"}]}},"_links":{"self":[{"href":"https:\/\/naturalbikes.cl\/index.php?rest_route=\/wp\/v2\/product\/18515"}],"collection":[{"href":"https:\/\/naturalbikes.cl\/index.php?rest_route=\/wp\/v2\/product"}],"about":[{"href":"https:\/\/naturalbikes.cl\/index.php?rest_route=\/wp\/v2\/types\/product"}],"replies":[{"embeddable":true,"href":"https:\/\/naturalbikes.cl\/index.php?rest_route=%2Fwp%2Fv2%2Fcomments&post=18515"}],"wp:featuredmedia":[{"embeddable":true,"href":"https:\/\/naturalbikes.cl\/index.php?rest_route=\/wp\/v2\/media\/18516"}],"wp:attachment":[{"href":"https:\/\/naturalbikes.cl\/index.php?rest_route=%2Fwp%2Fv2%2Fmedia&parent=18515"}],"wp:term":[{"taxonomy":"product_cat","embeddable":true,"href":"https:\/\/naturalbikes.cl\/index.php?rest_route=%2Fwp%2Fv2%2Fproduct_cat&post=18515"},{"taxonomy":"product_tag","embeddable":true,"href":"https:\/\/naturalbikes.cl\/index.php?rest_route=%2Fwp%2Fv2%2Fproduct_tag&post=18515"}],"curies":[{"name":"wp","href":"https:\/\/api.w.org\/{rel}","templated":true}]}}