{"id":18504,"date":"2024-04-23T11:53:36","date_gmt":"2024-04-23T15:53:36","guid":{"rendered":"https:\/\/naturalbikes.cl\/?post_type=product&#038;p=18504"},"modified":"2026-01-06T17:11:42","modified_gmt":"2026-01-06T20:11:42","slug":"lubricante-ceramico-dry-lube-120ml-muc-off-seco","status":"publish","type":"product","link":"https:\/\/naturalbikes.cl\/?product=lubricante-ceramico-dry-lube-120ml-muc-off-seco","title":{"rendered":"Grasa Muc-Off Carbon Gripper 75g"},"content":{"rendered":"<div class=\"page-title-wrapper product\">\n<div class=\"page-title-wrapper product\">\n<div class=\"page-title-wrapper product\">\n<div class=\"amshopby-option-link\"><a title=\"Muc-Off\" href=\"https:\/\/www.ebest.cl\/muc-off\" aria-label=\"Muc-Off\"><img decoding=\"async\" class=\"alignleft\" title=\"Muc-Off\" src=\"https:\/\/www.ebest.cl\/media\/images\/cache\/amasty\/shopby\/option_images\/slider\/resized\/150x50\/muc-off.png\" alt=\"Muc-Off\" \/><\/a><\/div>\n<div><\/div>\n<\/div>\n<div class=\"amtheme-short-info\">\n<div class=\"product-reviews-summary empty\">\n<div class=\"reviews-actions\"><\/div>\n<\/div>\n<\/div>\n<div class=\"product-info-main\">\n<div class=\"product attribute overview\">\n<div class=\"value\">\n<ul>\n<li>Ideal para evitar aprietes excesivos<\/li>\n<li>Reduce la posibilidad de la fatiga del material<\/li>\n<li>F\u00f3rmula antideslizante entre superficies<\/li>\n<li>Dise\u00f1ado espec\u00edficamente para piezas de fibra de carbono<\/li>\n<\/ul>\n<\/div>\n<\/div>\n<\/div>\n<\/div>\n<\/div>\n","protected":false},"excerpt":{"rendered":"<div class=\"page-title-wrapper product\">\n<div class=\"amshopby-option-link\">\n<div class=\"page-title-wrapper product\">\n<div class=\"amshopby-option-link\">\n<div class=\"page-title-wrapper product\">\n<div class=\"amshopby-option-link\"><a title=\"Muc-Off\" href=\"https:\/\/www.ebest.cl\/muc-off\" aria-label=\"Muc-Off\"><img decoding=\"async\" class=\"alignleft\" title=\"Muc-Off\" src=\"https:\/\/www.ebest.cl\/media\/images\/cache\/amasty\/shopby\/option_images\/slider\/resized\/150x50\/muc-off.png\" alt=\"Muc-Off\" \/><\/a><\/p>\n<p data-sourcepos=\"5:1-5:286\"><strong>Garantiza un ensamblaje seguro y sin resbalos de tus componentes de carbono con la grasa de montaje Muc-Off Carbon Gripper de 75g. Esta f\u00f3rmula de alta tecnolog\u00eda est\u00e1 dise\u00f1ada espec\u00edficamente para la fibra de carbono, evitando el agarrotamiento excesivo y la fricci\u00f3n galv\u00e1nica da\u00f1ina.<\/strong><\/p>\n<\/div>\n<\/div>\n<\/div>\n<\/div>\n<\/div>\n<\/div>\n","protected":false},"featured_media":18518,"comment_status":"open","ping_status":"closed","template":"","meta":[],"product_cat":[197,1133],"product_tag":[1134,1136,1135],"class_list":{"0":"post-18504","1":"product","2":"type-product","3":"status-publish","4":"has-post-thumbnail","6":"product_brand-muc-off","7":"product_cat-accesorios","8":"product_cat-aceite","9":"product_tag-aceite","10":"product_tag-cadena","11":"product_tag-lubricante","13":"first","14":"instock","15":"sale","16":"taxable","17":"shipping-taxable","18":"purchasable","19":"product-type-simple"},"yoast_head":"<!-- This site is optimized with the Yoast SEO Premium plugin v24.8 (Yoast SEO v25.6) - https:\/\/yoast.com\/wordpress\/plugins\/seo\/ -->\n<title>Muc-Off Carbon Gripper 75g: Montaje Seguro para Componentes de Carbono<\/title>\n<meta name=\"description\" content=\"Garantiza un ensamblaje seguro y sin resbalos de tus componentes de carbono con la grasa de montaje Muc-Off Carbon Gripper de 75g. Esta f\u00f3rmula de alta tecnolog\u00eda est\u00e1 dise\u00f1ada espec\u00edficamente para la fibra de carbono, evitando el agarrotamiento excesivo y la fricci\u00f3n galv\u00e1nica da\u00f1ina.\" \/>\n<meta name=\"robots\" content=\"index, follow, max-snippet:-1, max-image-preview:large, max-video-preview:-1\" \/>\n<link rel=\"canonical\" href=\"https:\/\/naturalbikes.cl\/?product=lubricante-ceramico-dry-lube-120ml-muc-off-seco\" \/>\n<meta property=\"og:locale\" content=\"es_ES\" \/>\n<meta property=\"og:type\" content=\"article\" \/>\n<meta property=\"og:title\" content=\"Grasa Muc-Off Carbon Gripper 75g\" \/>\n<meta property=\"og:description\" content=\"Ofrecer a nuestros clientes apasionados por el ciclismo de monta\u00f1a la mejor experiencia en productos, conocimientos especializados y servicios excepcionales. Nos comprometemos a proporcionar una amplia gama de bicicletas, accesorios y equipo de alta calidad, junto con asesoramiento experto y atenci\u00f3n personalizada para cada ciclista, para que puedan explorar, disfrutar y maximizar su aventura en el mundo del MTB\" \/>\n<meta property=\"og:url\" content=\"https:\/\/naturalbikes.cl\/?product=lubricante-ceramico-dry-lube-120ml-muc-off-seco\" \/>\n<meta property=\"og:site_name\" content=\"NaturalBikes\" \/>\n<meta property=\"article:publisher\" content=\"https:\/\/www.facebook.com\/naturalbikescl\" \/>\n<meta property=\"article:modified_time\" content=\"2026-01-06T20:11:42+00:00\" \/>\n<meta property=\"og:image\" content=\"https:\/\/naturalbikes.cl\/wp-content\/uploads\/2024\/04\/grasa_muc-off_carbon_gripper_75g.jpg\" \/>\n\t<meta property=\"og:image:width\" content=\"1000\" \/>\n\t<meta property=\"og:image:height\" content=\"1000\" \/>\n\t<meta property=\"og:image:type\" content=\"image\/jpeg\" \/>\n<meta name=\"twitter:card\" content=\"summary_large_image\" \/>\n<meta name=\"twitter:label1\" content=\"Tiempo de lectura\" \/>\n\t<meta name=\"twitter:data1\" content=\"1 minuto\" \/>\n<script type=\"application\/ld+json\" class=\"yoast-schema-graph\">{\"@context\":\"https:\/\/schema.org\",\"@graph\":[{\"@type\":\"WebPage\",\"@id\":\"https:\/\/naturalbikes.cl\/?product=lubricante-ceramico-dry-lube-120ml-muc-off-seco\",\"url\":\"https:\/\/naturalbikes.cl\/?product=lubricante-ceramico-dry-lube-120ml-muc-off-seco\",\"name\":\"Muc-Off Carbon Gripper 75g: Montaje Seguro para Componentes de Carbono\",\"isPartOf\":{\"@id\":\"https:\/\/naturalbikes.cl\/#website\"},\"primaryImageOfPage\":{\"@id\":\"https:\/\/naturalbikes.cl\/?product=lubricante-ceramico-dry-lube-120ml-muc-off-seco#primaryimage\"},\"image\":{\"@id\":\"https:\/\/naturalbikes.cl\/?product=lubricante-ceramico-dry-lube-120ml-muc-off-seco#primaryimage\"},\"thumbnailUrl\":\"https:\/\/naturalbikes.cl\/wp-content\/uploads\/2024\/04\/grasa_muc-off_carbon_gripper_75g.jpg\",\"datePublished\":\"2024-04-23T15:53:36+00:00\",\"dateModified\":\"2026-01-06T20:11:42+00:00\",\"description\":\"Garantiza un ensamblaje seguro y sin resbalos de tus componentes de carbono con la grasa de montaje Muc-Off Carbon Gripper de 75g. Esta f\u00f3rmula de alta tecnolog\u00eda est\u00e1 dise\u00f1ada espec\u00edficamente para la fibra de carbono, evitando el agarrotamiento excesivo y la fricci\u00f3n galv\u00e1nica da\u00f1ina.\",\"breadcrumb\":{\"@id\":\"https:\/\/naturalbikes.cl\/?product=lubricante-ceramico-dry-lube-120ml-muc-off-seco#breadcrumb\"},\"inLanguage\":\"es\",\"potentialAction\":[{\"@type\":\"ReadAction\",\"target\":[\"https:\/\/naturalbikes.cl\/?product=lubricante-ceramico-dry-lube-120ml-muc-off-seco\"]}]},{\"@type\":\"ImageObject\",\"inLanguage\":\"es\",\"@id\":\"https:\/\/naturalbikes.cl\/?product=lubricante-ceramico-dry-lube-120ml-muc-off-seco#primaryimage\",\"url\":\"https:\/\/naturalbikes.cl\/wp-content\/uploads\/2024\/04\/grasa_muc-off_carbon_gripper_75g.jpg\",\"contentUrl\":\"https:\/\/naturalbikes.cl\/wp-content\/uploads\/2024\/04\/grasa_muc-off_carbon_gripper_75g.jpg\",\"width\":1000,\"height\":1000},{\"@type\":\"BreadcrumbList\",\"@id\":\"https:\/\/naturalbikes.cl\/?product=lubricante-ceramico-dry-lube-120ml-muc-off-seco#breadcrumb\",\"itemListElement\":[{\"@type\":\"ListItem\",\"position\":1,\"name\":\"Portada\",\"item\":\"https:\/\/naturalbikes.cl\/\"},{\"@type\":\"ListItem\",\"position\":2,\"name\":\"Tienda NB\",\"item\":\"https:\/\/naturalbikes.cl\/?page_id=7843\"},{\"@type\":\"ListItem\",\"position\":3,\"name\":\"Muc-Off\",\"item\":\"https:\/\/naturalbikes.cl\/?product_brand=muc-off\"},{\"@type\":\"ListItem\",\"position\":4,\"name\":\"Grasa Muc-Off Carbon Gripper 75g\"}]},{\"@type\":\"WebSite\",\"@id\":\"https:\/\/naturalbikes.cl\/#website\",\"url\":\"https:\/\/naturalbikes.cl\/\",\"name\":\"Natural Bikes\",\"description\":\"Tienda de bicicletas repuestos accesorios taller mantenimiento clases salidas\",\"publisher\":{\"@id\":\"https:\/\/naturalbikes.cl\/#organization\"},\"alternateName\":\"Natural Bikes\",\"potentialAction\":[{\"@type\":\"SearchAction\",\"target\":{\"@type\":\"EntryPoint\",\"urlTemplate\":\"https:\/\/naturalbikes.cl\/?s={search_term_string}\"},\"query-input\":{\"@type\":\"PropertyValueSpecification\",\"valueRequired\":true,\"valueName\":\"search_term_string\"}}],\"inLanguage\":\"es\"},{\"@type\":\"Organization\",\"@id\":\"https:\/\/naturalbikes.cl\/#organization\",\"name\":\"Natural Bikes\",\"alternateName\":\"Natural Bikes\",\"url\":\"https:\/\/naturalbikes.cl\/\",\"logo\":{\"@type\":\"ImageObject\",\"inLanguage\":\"es\",\"@id\":\"https:\/\/naturalbikes.cl\/#\/schema\/logo\/image\/\",\"url\":\"https:\/\/naturalbikes.cl\/wp-content\/uploads\/2024\/05\/2023-10-10-10.44.12.jpg\",\"contentUrl\":\"https:\/\/naturalbikes.cl\/wp-content\/uploads\/2024\/05\/2023-10-10-10.44.12.jpg\",\"width\":650,\"height\":650,\"caption\":\"Natural Bikes\"},\"image\":{\"@id\":\"https:\/\/naturalbikes.cl\/#\/schema\/logo\/image\/\"},\"sameAs\":[\"https:\/\/www.facebook.com\/naturalbikescl\",\"https:\/\/www.instagram.com\/natural.bikes\",\"https:\/\/www.tiktok.com\/@natural.bikes\"],\"description\":\"Ofrecer a nuestros clientes apasionados por el ciclismo de monta\u00f1a la mejor experiencia en productos, conocimientos especializados y servicios excepcionales. Nos comprometemos a proporcionar una amplia gama de bicicletas, accesorios y equipo de alta calidad, junto con asesoramiento experto y atenci\u00f3n personalizada para cada ciclista, para que puedan explorar, disfrutar y maximizar su aventura en el mundo del MTB\",\"email\":\"naturalbikes1@gmail.com\",\"telephone\":\"56977043878\",\"legalName\":\"Natural Bikes Limitada\",\"foundingDate\":\"2024-01-01\",\"vatID\":\"76699553-5\",\"taxID\":\"76699553-5\",\"numberOfEmployees\":{\"@type\":\"QuantitativeValue\",\"minValue\":\"1\",\"maxValue\":\"10\"},\"publishingPrinciples\":\"https:\/\/naturalbikes.cl\/?page_id=7843\",\"ownershipFundingInfo\":\"https:\/\/naturalbikes.cl\/?page_id=7843\",\"actionableFeedbackPolicy\":\"https:\/\/naturalbikes.cl\/?page_id=14797\",\"correctionsPolicy\":\"https:\/\/naturalbikes.cl\/?page_id=3\",\"ethicsPolicy\":\"https:\/\/naturalbikes.cl\/?page_id=7843\",\"diversityPolicy\":\"https:\/\/naturalbikes.cl\/?page_id=11734\",\"diversityStaffingReport\":\"https:\/\/naturalbikes.cl\/?page_id=12161\"}]}<\/script>\n<!-- \/ Yoast SEO Premium plugin. -->","yoast_head_json":{"title":"Muc-Off Carbon Gripper 75g: Montaje Seguro para Componentes de Carbono","description":"Garantiza un ensamblaje seguro y sin resbalos de tus componentes de carbono con la grasa de montaje Muc-Off Carbon Gripper de 75g. Esta f\u00f3rmula de alta tecnolog\u00eda est\u00e1 dise\u00f1ada espec\u00edficamente para la fibra de carbono, evitando el agarrotamiento excesivo y la fricci\u00f3n galv\u00e1nica da\u00f1ina.","robots":{"index":"index","follow":"follow","max-snippet":"max-snippet:-1","max-image-preview":"max-image-preview:large","max-video-preview":"max-video-preview:-1"},"canonical":"https:\/\/naturalbikes.cl\/?product=lubricante-ceramico-dry-lube-120ml-muc-off-seco","og_locale":"es_ES","og_type":"article","og_title":"Grasa Muc-Off Carbon Gripper 75g","og_description":"Ofrecer a nuestros clientes apasionados por el ciclismo de monta\u00f1a la mejor experiencia en productos, conocimientos especializados y servicios excepcionales. Nos comprometemos a proporcionar una amplia gama de bicicletas, accesorios y equipo de alta calidad, junto con asesoramiento experto y atenci\u00f3n personalizada para cada ciclista, para que puedan explorar, disfrutar y maximizar su aventura en el mundo del MTB","og_url":"https:\/\/naturalbikes.cl\/?product=lubricante-ceramico-dry-lube-120ml-muc-off-seco","og_site_name":"NaturalBikes","article_publisher":"https:\/\/www.facebook.com\/naturalbikescl","article_modified_time":"2026-01-06T20:11:42+00:00","og_image":[{"width":1000,"height":1000,"url":"https:\/\/naturalbikes.cl\/wp-content\/uploads\/2024\/04\/grasa_muc-off_carbon_gripper_75g.jpg","type":"image\/jpeg"}],"twitter_card":"summary_large_image","twitter_misc":{"Tiempo de lectura":"1 minuto"},"schema":{"@context":"https:\/\/schema.org","@graph":[{"@type":"WebPage","@id":"https:\/\/naturalbikes.cl\/?product=lubricante-ceramico-dry-lube-120ml-muc-off-seco","url":"https:\/\/naturalbikes.cl\/?product=lubricante-ceramico-dry-lube-120ml-muc-off-seco","name":"Muc-Off Carbon Gripper 75g: Montaje Seguro para Componentes de Carbono","isPartOf":{"@id":"https:\/\/naturalbikes.cl\/#website"},"primaryImageOfPage":{"@id":"https:\/\/naturalbikes.cl\/?product=lubricante-ceramico-dry-lube-120ml-muc-off-seco#primaryimage"},"image":{"@id":"https:\/\/naturalbikes.cl\/?product=lubricante-ceramico-dry-lube-120ml-muc-off-seco#primaryimage"},"thumbnailUrl":"https:\/\/naturalbikes.cl\/wp-content\/uploads\/2024\/04\/grasa_muc-off_carbon_gripper_75g.jpg","datePublished":"2024-04-23T15:53:36+00:00","dateModified":"2026-01-06T20:11:42+00:00","description":"Garantiza un ensamblaje seguro y sin resbalos de tus componentes de carbono con la grasa de montaje Muc-Off Carbon Gripper de 75g. Esta f\u00f3rmula de alta tecnolog\u00eda est\u00e1 dise\u00f1ada espec\u00edficamente para la fibra de carbono, evitando el agarrotamiento excesivo y la fricci\u00f3n galv\u00e1nica da\u00f1ina.","breadcrumb":{"@id":"https:\/\/naturalbikes.cl\/?product=lubricante-ceramico-dry-lube-120ml-muc-off-seco#breadcrumb"},"inLanguage":"es","potentialAction":[{"@type":"ReadAction","target":["https:\/\/naturalbikes.cl\/?product=lubricante-ceramico-dry-lube-120ml-muc-off-seco"]}]},{"@type":"ImageObject","inLanguage":"es","@id":"https:\/\/naturalbikes.cl\/?product=lubricante-ceramico-dry-lube-120ml-muc-off-seco#primaryimage","url":"https:\/\/naturalbikes.cl\/wp-content\/uploads\/2024\/04\/grasa_muc-off_carbon_gripper_75g.jpg","contentUrl":"https:\/\/naturalbikes.cl\/wp-content\/uploads\/2024\/04\/grasa_muc-off_carbon_gripper_75g.jpg","width":1000,"height":1000},{"@type":"BreadcrumbList","@id":"https:\/\/naturalbikes.cl\/?product=lubricante-ceramico-dry-lube-120ml-muc-off-seco#breadcrumb","itemListElement":[{"@type":"ListItem","position":1,"name":"Portada","item":"https:\/\/naturalbikes.cl\/"},{"@type":"ListItem","position":2,"name":"Tienda NB","item":"https:\/\/naturalbikes.cl\/?page_id=7843"},{"@type":"ListItem","position":3,"name":"Muc-Off","item":"https:\/\/naturalbikes.cl\/?product_brand=muc-off"},{"@type":"ListItem","position":4,"name":"Grasa Muc-Off Carbon Gripper 75g"}]},{"@type":"WebSite","@id":"https:\/\/naturalbikes.cl\/#website","url":"https:\/\/naturalbikes.cl\/","name":"Natural Bikes","description":"Tienda de bicicletas repuestos accesorios taller mantenimiento clases salidas","publisher":{"@id":"https:\/\/naturalbikes.cl\/#organization"},"alternateName":"Natural Bikes","potentialAction":[{"@type":"SearchAction","target":{"@type":"EntryPoint","urlTemplate":"https:\/\/naturalbikes.cl\/?s={search_term_string}"},"query-input":{"@type":"PropertyValueSpecification","valueRequired":true,"valueName":"search_term_string"}}],"inLanguage":"es"},{"@type":"Organization","@id":"https:\/\/naturalbikes.cl\/#organization","name":"Natural Bikes","alternateName":"Natural Bikes","url":"https:\/\/naturalbikes.cl\/","logo":{"@type":"ImageObject","inLanguage":"es","@id":"https:\/\/naturalbikes.cl\/#\/schema\/logo\/image\/","url":"https:\/\/naturalbikes.cl\/wp-content\/uploads\/2024\/05\/2023-10-10-10.44.12.jpg","contentUrl":"https:\/\/naturalbikes.cl\/wp-content\/uploads\/2024\/05\/2023-10-10-10.44.12.jpg","width":650,"height":650,"caption":"Natural Bikes"},"image":{"@id":"https:\/\/naturalbikes.cl\/#\/schema\/logo\/image\/"},"sameAs":["https:\/\/www.facebook.com\/naturalbikescl","https:\/\/www.instagram.com\/natural.bikes","https:\/\/www.tiktok.com\/@natural.bikes"],"description":"Ofrecer a nuestros clientes apasionados por el ciclismo de monta\u00f1a la mejor experiencia en productos, conocimientos especializados y servicios excepcionales. Nos comprometemos a proporcionar una amplia gama de bicicletas, accesorios y equipo de alta calidad, junto con asesoramiento experto y atenci\u00f3n personalizada para cada ciclista, para que puedan explorar, disfrutar y maximizar su aventura en el mundo del MTB","email":"naturalbikes1@gmail.com","telephone":"56977043878","legalName":"Natural Bikes Limitada","foundingDate":"2024-01-01","vatID":"76699553-5","taxID":"76699553-5","numberOfEmployees":{"@type":"QuantitativeValue","minValue":"1","maxValue":"10"},"publishingPrinciples":"https:\/\/naturalbikes.cl\/?page_id=7843","ownershipFundingInfo":"https:\/\/naturalbikes.cl\/?page_id=7843","actionableFeedbackPolicy":"https:\/\/naturalbikes.cl\/?page_id=14797","correctionsPolicy":"https:\/\/naturalbikes.cl\/?page_id=3","ethicsPolicy":"https:\/\/naturalbikes.cl\/?page_id=7843","diversityPolicy":"https:\/\/naturalbikes.cl\/?page_id=11734","diversityStaffingReport":"https:\/\/naturalbikes.cl\/?page_id=12161"}]}},"_links":{"self":[{"href":"https:\/\/naturalbikes.cl\/index.php?rest_route=\/wp\/v2\/product\/18504"}],"collection":[{"href":"https:\/\/naturalbikes.cl\/index.php?rest_route=\/wp\/v2\/product"}],"about":[{"href":"https:\/\/naturalbikes.cl\/index.php?rest_route=\/wp\/v2\/types\/product"}],"replies":[{"embeddable":true,"href":"https:\/\/naturalbikes.cl\/index.php?rest_route=%2Fwp%2Fv2%2Fcomments&post=18504"}],"wp:featuredmedia":[{"embeddable":true,"href":"https:\/\/naturalbikes.cl\/index.php?rest_route=\/wp\/v2\/media\/18518"}],"wp:attachment":[{"href":"https:\/\/naturalbikes.cl\/index.php?rest_route=%2Fwp%2Fv2%2Fmedia&parent=18504"}],"wp:term":[{"taxonomy":"product_cat","embeddable":true,"href":"https:\/\/naturalbikes.cl\/index.php?rest_route=%2Fwp%2Fv2%2Fproduct_cat&post=18504"},{"taxonomy":"product_tag","embeddable":true,"href":"https:\/\/naturalbikes.cl\/index.php?rest_route=%2Fwp%2Fv2%2Fproduct_tag&post=18504"}],"curies":[{"name":"wp","href":"https:\/\/api.w.org\/{rel}","templated":true}]}}