{"id":18496,"date":"2024-04-23T11:07:02","date_gmt":"2024-04-23T15:07:02","guid":{"rendered":"https:\/\/naturalbikes.cl\/?post_type=product&#038;p=18496"},"modified":"2026-01-06T17:11:42","modified_gmt":"2026-01-06T20:11:42","slug":"rotor-magura-mdr-c-203-mm-e-stop","status":"publish","type":"product","link":"https:\/\/naturalbikes.cl\/?product=rotor-magura-mdr-c-203-mm-e-stop","title":{"rendered":"Rotor Magura MDR-C 203 mm E-Stop"},"content":{"rendered":"<p><a href=\"https:\/\/naturalbikes.cl\/wp-content\/uploads\/2024\/04\/magura-Logo-black.png\"><img decoding=\"async\" class=\"alignnone wp-image-18489\" src=\"https:\/\/naturalbikes.cl\/wp-content\/uploads\/2024\/04\/magura-Logo-black-300x300.png\" alt=\"\" width=\"166\" height=\"166\" srcset=\"https:\/\/naturalbikes.cl\/wp-content\/uploads\/2024\/04\/magura-Logo-black-300x300.png 300w, https:\/\/naturalbikes.cl\/wp-content\/uploads\/2024\/04\/magura-Logo-black-150x150.png 150w, https:\/\/naturalbikes.cl\/wp-content\/uploads\/2024\/04\/magura-Logo-black-100x100.png 100w, https:\/\/naturalbikes.cl\/wp-content\/uploads\/2024\/04\/magura-Logo-black-50x50.png 50w, https:\/\/naturalbikes.cl\/wp-content\/uploads\/2024\/04\/magura-Logo-black-460x460.png 460w, https:\/\/naturalbikes.cl\/wp-content\/uploads\/2024\/04\/magura-Logo-black.png 472w\" sizes=\"(max-width: 166px) 100vw, 166px\" \/><\/a>Optimizado desde su dise\u00f1o para el uso en eBikes, el nuevo MRD-C de Magura (mediante la adici\u00f3n de un segundo anillo conc\u00e9ntrico entre el anclaje de 6 pernos y la pista de frenado) permite reducir la vibraci\u00f3n y la tolerancia al calor en un 20%, entregando una frenada m\u00e1s silenciosa (reduce vibraci\u00f3n), duradera y eficaz.<\/p>\n<p>&nbsp;<\/p>\n<p><a href=\"https:\/\/naturalbikes.cl\/wp-content\/uploads\/2024\/04\/2701919.jpg\"><img fetchpriority=\"high\" decoding=\"async\" class=\"size-medium wp-image-18497 aligncenter\" src=\"https:\/\/naturalbikes.cl\/wp-content\/uploads\/2024\/04\/2701919-300x225.jpg\" alt=\"\" width=\"300\" height=\"225\" srcset=\"https:\/\/naturalbikes.cl\/wp-content\/uploads\/2024\/04\/2701919-300x225.jpg 300w, https:\/\/naturalbikes.cl\/wp-content\/uploads\/2024\/04\/2701919-450x338.jpg 450w, https:\/\/naturalbikes.cl\/wp-content\/uploads\/2024\/04\/2701919.jpg 640w\" sizes=\"(max-width: 300px) 100vw, 300px\" \/><\/a> <a href=\"https:\/\/naturalbikes.cl\/wp-content\/uploads\/2024\/04\/2701919_2.webp\"><img decoding=\"async\" class=\"size-medium wp-image-18498 aligncenter\" src=\"https:\/\/naturalbikes.cl\/wp-content\/uploads\/2024\/04\/2701919_2-300x200.webp\" alt=\"\" width=\"300\" height=\"200\" srcset=\"https:\/\/naturalbikes.cl\/wp-content\/uploads\/2024\/04\/2701919_2-300x200.webp 300w, https:\/\/naturalbikes.cl\/wp-content\/uploads\/2024\/04\/2701919_2-1024x683.webp 1024w, https:\/\/naturalbikes.cl\/wp-content\/uploads\/2024\/04\/2701919_2-768x512.webp 768w, https:\/\/naturalbikes.cl\/wp-content\/uploads\/2024\/04\/2701919_2-800x533.webp 800w, https:\/\/naturalbikes.cl\/wp-content\/uploads\/2024\/04\/2701919_2.webp 1200w\" sizes=\"(max-width: 300px) 100vw, 300px\" \/><\/a><\/p>\n","protected":false},"excerpt":{"rendered":"<p><a href=\"https:\/\/naturalbikes.cl\/wp-content\/uploads\/2024\/04\/magura-Logo-black.png\"><img loading=\"lazy\" decoding=\"async\" class=\" wp-image-18489 alignleft\" src=\"https:\/\/naturalbikes.cl\/wp-content\/uploads\/2024\/04\/magura-Logo-black-300x300.png\" alt=\"\" width=\"168\" height=\"168\" srcset=\"https:\/\/naturalbikes.cl\/wp-content\/uploads\/2024\/04\/magura-Logo-black-300x300.png 300w, https:\/\/naturalbikes.cl\/wp-content\/uploads\/2024\/04\/magura-Logo-black-150x150.png 150w, https:\/\/naturalbikes.cl\/wp-content\/uploads\/2024\/04\/magura-Logo-black-100x100.png 100w, https:\/\/naturalbikes.cl\/wp-content\/uploads\/2024\/04\/magura-Logo-black-50x50.png 50w, https:\/\/naturalbikes.cl\/wp-content\/uploads\/2024\/04\/magura-Logo-black-460x460.png 460w, https:\/\/naturalbikes.cl\/wp-content\/uploads\/2024\/04\/magura-Logo-black.png 472w\" sizes=\"(max-width: 168px) 100vw, 168px\" \/><\/a><\/p>\n<p data-sourcepos=\"5:1-5:300\"><strong>Disfruta de un frenado excepcionalmente silencioso y potente en tu e-Bike con el disco de freno Rotor Magura MDR-C 203 mm E-Stop. Optimizado para el uso en bicicletas el\u00e9ctricas, este rotor de alto rendimiento ofrece una serie de ventajas para un control superior y una conducci\u00f3n m\u00e1s placentera.<\/strong><\/p>\n<p>&nbsp;<\/p>\n","protected":false},"featured_media":18497,"comment_status":"open","ping_status":"closed","template":"","meta":[],"product_cat":[243],"product_tag":[1130,969,1128,1129,1126],"class_list":{"0":"post-18496","1":"product","2":"type-product","3":"status-publish","4":"has-post-thumbnail","6":"product_brand-magura","7":"product_cat-frenos-discos-pastillas-adaptadores","8":"product_tag-brake","9":"product_tag-frenos","10":"product_tag-pad-brakes","11":"product_tag-pastillas","12":"product_tag-pastillas-de-frenos","14":"first","15":"instock","16":"taxable","17":"shipping-taxable","18":"purchasable","19":"product-type-simple"},"yoast_head":"<!-- This site is optimized with the Yoast SEO Premium plugin v24.8 (Yoast SEO v25.6) - https:\/\/yoast.com\/wordpress\/plugins\/seo\/ -->\n<title>Magura Storm HC 203 mm E-Stop: Frenado Potente y Ligero para tu Bicicleta<\/title>\n<meta name=\"description\" content=\"Optimizado desde su dise\u00f1o para el uso en eBikes, el nuevo MRD-C de Magura (mediante la adici\u00f3n de un segundo anillo conc\u00e9ntrico entre el anclaje de 6 pernos y la pista de frenado) permite reducir la vibraci\u00f3n y la tolerancia al calor en un 20%, entregando una frenada m\u00e1s silenciosa (reduce vibraci\u00f3n), duradera y eficaz.\" \/>\n<meta name=\"robots\" content=\"index, follow, max-snippet:-1, max-image-preview:large, max-video-preview:-1\" \/>\n<link rel=\"canonical\" href=\"https:\/\/naturalbikes.cl\/?product=rotor-magura-mdr-c-203-mm-e-stop\" \/>\n<meta property=\"og:locale\" content=\"es_ES\" \/>\n<meta property=\"og:type\" content=\"article\" \/>\n<meta property=\"og:title\" content=\"Rotor Magura MDR-C 203 mm E-Stop\" \/>\n<meta property=\"og:description\" content=\"Ofrecer a nuestros clientes apasionados por el ciclismo de monta\u00f1a la mejor experiencia en productos, conocimientos especializados y servicios excepcionales. Nos comprometemos a proporcionar una amplia gama de bicicletas, accesorios y equipo de alta calidad, junto con asesoramiento experto y atenci\u00f3n personalizada para cada ciclista, para que puedan explorar, disfrutar y maximizar su aventura en el mundo del MTB\" \/>\n<meta property=\"og:url\" content=\"https:\/\/naturalbikes.cl\/?product=rotor-magura-mdr-c-203-mm-e-stop\" \/>\n<meta property=\"og:site_name\" content=\"NaturalBikes\" \/>\n<meta property=\"article:publisher\" content=\"https:\/\/www.facebook.com\/naturalbikescl\" \/>\n<meta property=\"article:modified_time\" content=\"2026-01-06T20:11:42+00:00\" \/>\n<meta property=\"og:image\" content=\"https:\/\/naturalbikes.cl\/wp-content\/uploads\/2024\/04\/2701919.jpg\" \/>\n\t<meta property=\"og:image:width\" content=\"640\" \/>\n\t<meta property=\"og:image:height\" content=\"480\" \/>\n\t<meta property=\"og:image:type\" content=\"image\/jpeg\" \/>\n<meta name=\"twitter:card\" content=\"summary_large_image\" \/>\n<meta name=\"twitter:label1\" content=\"Tiempo de lectura\" \/>\n\t<meta name=\"twitter:data1\" content=\"2 minutos\" \/>\n<script type=\"application\/ld+json\" class=\"yoast-schema-graph\">{\"@context\":\"https:\/\/schema.org\",\"@graph\":[{\"@type\":\"WebPage\",\"@id\":\"https:\/\/naturalbikes.cl\/?product=rotor-magura-mdr-c-203-mm-e-stop\",\"url\":\"https:\/\/naturalbikes.cl\/?product=rotor-magura-mdr-c-203-mm-e-stop\",\"name\":\"Magura Storm HC 203 mm E-Stop: Frenado Potente y Ligero para tu Bicicleta\",\"isPartOf\":{\"@id\":\"https:\/\/naturalbikes.cl\/#website\"},\"primaryImageOfPage\":{\"@id\":\"https:\/\/naturalbikes.cl\/?product=rotor-magura-mdr-c-203-mm-e-stop#primaryimage\"},\"image\":{\"@id\":\"https:\/\/naturalbikes.cl\/?product=rotor-magura-mdr-c-203-mm-e-stop#primaryimage\"},\"thumbnailUrl\":\"https:\/\/naturalbikes.cl\/wp-content\/uploads\/2024\/04\/2701919.jpg\",\"datePublished\":\"2024-04-23T15:07:02+00:00\",\"dateModified\":\"2026-01-06T20:11:42+00:00\",\"description\":\"Optimizado desde su dise\u00f1o para el uso en eBikes, el nuevo MRD-C de Magura (mediante la adici\u00f3n de un segundo anillo conc\u00e9ntrico entre el anclaje de 6 pernos y la pista de frenado) permite reducir la vibraci\u00f3n y la tolerancia al calor en un 20%, entregando una frenada m\u00e1s silenciosa (reduce vibraci\u00f3n), duradera y eficaz.\",\"breadcrumb\":{\"@id\":\"https:\/\/naturalbikes.cl\/?product=rotor-magura-mdr-c-203-mm-e-stop#breadcrumb\"},\"inLanguage\":\"es\",\"potentialAction\":[{\"@type\":\"ReadAction\",\"target\":[\"https:\/\/naturalbikes.cl\/?product=rotor-magura-mdr-c-203-mm-e-stop\"]}]},{\"@type\":\"ImageObject\",\"inLanguage\":\"es\",\"@id\":\"https:\/\/naturalbikes.cl\/?product=rotor-magura-mdr-c-203-mm-e-stop#primaryimage\",\"url\":\"https:\/\/naturalbikes.cl\/wp-content\/uploads\/2024\/04\/2701919.jpg\",\"contentUrl\":\"https:\/\/naturalbikes.cl\/wp-content\/uploads\/2024\/04\/2701919.jpg\",\"width\":640,\"height\":480},{\"@type\":\"BreadcrumbList\",\"@id\":\"https:\/\/naturalbikes.cl\/?product=rotor-magura-mdr-c-203-mm-e-stop#breadcrumb\",\"itemListElement\":[{\"@type\":\"ListItem\",\"position\":1,\"name\":\"Portada\",\"item\":\"https:\/\/naturalbikes.cl\/\"},{\"@type\":\"ListItem\",\"position\":2,\"name\":\"Tienda NB\",\"item\":\"https:\/\/naturalbikes.cl\/?page_id=7843\"},{\"@type\":\"ListItem\",\"position\":3,\"name\":\"Magura\",\"item\":\"https:\/\/naturalbikes.cl\/?product_brand=magura\"},{\"@type\":\"ListItem\",\"position\":4,\"name\":\"Rotor Magura MDR-C 203 mm E-Stop\"}]},{\"@type\":\"WebSite\",\"@id\":\"https:\/\/naturalbikes.cl\/#website\",\"url\":\"https:\/\/naturalbikes.cl\/\",\"name\":\"Natural Bikes\",\"description\":\"Tienda de bicicletas repuestos accesorios taller mantenimiento clases salidas\",\"publisher\":{\"@id\":\"https:\/\/naturalbikes.cl\/#organization\"},\"alternateName\":\"Natural Bikes\",\"potentialAction\":[{\"@type\":\"SearchAction\",\"target\":{\"@type\":\"EntryPoint\",\"urlTemplate\":\"https:\/\/naturalbikes.cl\/?s={search_term_string}\"},\"query-input\":{\"@type\":\"PropertyValueSpecification\",\"valueRequired\":true,\"valueName\":\"search_term_string\"}}],\"inLanguage\":\"es\"},{\"@type\":\"Organization\",\"@id\":\"https:\/\/naturalbikes.cl\/#organization\",\"name\":\"Natural Bikes\",\"alternateName\":\"Natural Bikes\",\"url\":\"https:\/\/naturalbikes.cl\/\",\"logo\":{\"@type\":\"ImageObject\",\"inLanguage\":\"es\",\"@id\":\"https:\/\/naturalbikes.cl\/#\/schema\/logo\/image\/\",\"url\":\"https:\/\/naturalbikes.cl\/wp-content\/uploads\/2024\/05\/2023-10-10-10.44.12.jpg\",\"contentUrl\":\"https:\/\/naturalbikes.cl\/wp-content\/uploads\/2024\/05\/2023-10-10-10.44.12.jpg\",\"width\":650,\"height\":650,\"caption\":\"Natural Bikes\"},\"image\":{\"@id\":\"https:\/\/naturalbikes.cl\/#\/schema\/logo\/image\/\"},\"sameAs\":[\"https:\/\/www.facebook.com\/naturalbikescl\",\"https:\/\/www.instagram.com\/natural.bikes\",\"https:\/\/www.tiktok.com\/@natural.bikes\"],\"description\":\"Ofrecer a nuestros clientes apasionados por el ciclismo de monta\u00f1a la mejor experiencia en productos, conocimientos especializados y servicios excepcionales. Nos comprometemos a proporcionar una amplia gama de bicicletas, accesorios y equipo de alta calidad, junto con asesoramiento experto y atenci\u00f3n personalizada para cada ciclista, para que puedan explorar, disfrutar y maximizar su aventura en el mundo del MTB\",\"email\":\"naturalbikes1@gmail.com\",\"telephone\":\"56977043878\",\"legalName\":\"Natural Bikes Limitada\",\"foundingDate\":\"2024-01-01\",\"vatID\":\"76699553-5\",\"taxID\":\"76699553-5\",\"numberOfEmployees\":{\"@type\":\"QuantitativeValue\",\"minValue\":\"1\",\"maxValue\":\"10\"},\"publishingPrinciples\":\"https:\/\/naturalbikes.cl\/?page_id=7843\",\"ownershipFundingInfo\":\"https:\/\/naturalbikes.cl\/?page_id=7843\",\"actionableFeedbackPolicy\":\"https:\/\/naturalbikes.cl\/?page_id=14797\",\"correctionsPolicy\":\"https:\/\/naturalbikes.cl\/?page_id=3\",\"ethicsPolicy\":\"https:\/\/naturalbikes.cl\/?page_id=7843\",\"diversityPolicy\":\"https:\/\/naturalbikes.cl\/?page_id=11734\",\"diversityStaffingReport\":\"https:\/\/naturalbikes.cl\/?page_id=12161\"}]}<\/script>\n<!-- \/ Yoast SEO Premium plugin. -->","yoast_head_json":{"title":"Magura Storm HC 203 mm E-Stop: Frenado Potente y Ligero para tu Bicicleta","description":"Optimizado desde su dise\u00f1o para el uso en eBikes, el nuevo MRD-C de Magura (mediante la adici\u00f3n de un segundo anillo conc\u00e9ntrico entre el anclaje de 6 pernos y la pista de frenado) permite reducir la vibraci\u00f3n y la tolerancia al calor en un 20%, entregando una frenada m\u00e1s silenciosa (reduce vibraci\u00f3n), duradera y eficaz.","robots":{"index":"index","follow":"follow","max-snippet":"max-snippet:-1","max-image-preview":"max-image-preview:large","max-video-preview":"max-video-preview:-1"},"canonical":"https:\/\/naturalbikes.cl\/?product=rotor-magura-mdr-c-203-mm-e-stop","og_locale":"es_ES","og_type":"article","og_title":"Rotor Magura MDR-C 203 mm E-Stop","og_description":"Ofrecer a nuestros clientes apasionados por el ciclismo de monta\u00f1a la mejor experiencia en productos, conocimientos especializados y servicios excepcionales. Nos comprometemos a proporcionar una amplia gama de bicicletas, accesorios y equipo de alta calidad, junto con asesoramiento experto y atenci\u00f3n personalizada para cada ciclista, para que puedan explorar, disfrutar y maximizar su aventura en el mundo del MTB","og_url":"https:\/\/naturalbikes.cl\/?product=rotor-magura-mdr-c-203-mm-e-stop","og_site_name":"NaturalBikes","article_publisher":"https:\/\/www.facebook.com\/naturalbikescl","article_modified_time":"2026-01-06T20:11:42+00:00","og_image":[{"width":640,"height":480,"url":"https:\/\/naturalbikes.cl\/wp-content\/uploads\/2024\/04\/2701919.jpg","type":"image\/jpeg"}],"twitter_card":"summary_large_image","twitter_misc":{"Tiempo de lectura":"2 minutos"},"schema":{"@context":"https:\/\/schema.org","@graph":[{"@type":"WebPage","@id":"https:\/\/naturalbikes.cl\/?product=rotor-magura-mdr-c-203-mm-e-stop","url":"https:\/\/naturalbikes.cl\/?product=rotor-magura-mdr-c-203-mm-e-stop","name":"Magura Storm HC 203 mm E-Stop: Frenado Potente y Ligero para tu Bicicleta","isPartOf":{"@id":"https:\/\/naturalbikes.cl\/#website"},"primaryImageOfPage":{"@id":"https:\/\/naturalbikes.cl\/?product=rotor-magura-mdr-c-203-mm-e-stop#primaryimage"},"image":{"@id":"https:\/\/naturalbikes.cl\/?product=rotor-magura-mdr-c-203-mm-e-stop#primaryimage"},"thumbnailUrl":"https:\/\/naturalbikes.cl\/wp-content\/uploads\/2024\/04\/2701919.jpg","datePublished":"2024-04-23T15:07:02+00:00","dateModified":"2026-01-06T20:11:42+00:00","description":"Optimizado desde su dise\u00f1o para el uso en eBikes, el nuevo MRD-C de Magura (mediante la adici\u00f3n de un segundo anillo conc\u00e9ntrico entre el anclaje de 6 pernos y la pista de frenado) permite reducir la vibraci\u00f3n y la tolerancia al calor en un 20%, entregando una frenada m\u00e1s silenciosa (reduce vibraci\u00f3n), duradera y eficaz.","breadcrumb":{"@id":"https:\/\/naturalbikes.cl\/?product=rotor-magura-mdr-c-203-mm-e-stop#breadcrumb"},"inLanguage":"es","potentialAction":[{"@type":"ReadAction","target":["https:\/\/naturalbikes.cl\/?product=rotor-magura-mdr-c-203-mm-e-stop"]}]},{"@type":"ImageObject","inLanguage":"es","@id":"https:\/\/naturalbikes.cl\/?product=rotor-magura-mdr-c-203-mm-e-stop#primaryimage","url":"https:\/\/naturalbikes.cl\/wp-content\/uploads\/2024\/04\/2701919.jpg","contentUrl":"https:\/\/naturalbikes.cl\/wp-content\/uploads\/2024\/04\/2701919.jpg","width":640,"height":480},{"@type":"BreadcrumbList","@id":"https:\/\/naturalbikes.cl\/?product=rotor-magura-mdr-c-203-mm-e-stop#breadcrumb","itemListElement":[{"@type":"ListItem","position":1,"name":"Portada","item":"https:\/\/naturalbikes.cl\/"},{"@type":"ListItem","position":2,"name":"Tienda NB","item":"https:\/\/naturalbikes.cl\/?page_id=7843"},{"@type":"ListItem","position":3,"name":"Magura","item":"https:\/\/naturalbikes.cl\/?product_brand=magura"},{"@type":"ListItem","position":4,"name":"Rotor Magura MDR-C 203 mm E-Stop"}]},{"@type":"WebSite","@id":"https:\/\/naturalbikes.cl\/#website","url":"https:\/\/naturalbikes.cl\/","name":"Natural Bikes","description":"Tienda de bicicletas repuestos accesorios taller mantenimiento clases salidas","publisher":{"@id":"https:\/\/naturalbikes.cl\/#organization"},"alternateName":"Natural Bikes","potentialAction":[{"@type":"SearchAction","target":{"@type":"EntryPoint","urlTemplate":"https:\/\/naturalbikes.cl\/?s={search_term_string}"},"query-input":{"@type":"PropertyValueSpecification","valueRequired":true,"valueName":"search_term_string"}}],"inLanguage":"es"},{"@type":"Organization","@id":"https:\/\/naturalbikes.cl\/#organization","name":"Natural Bikes","alternateName":"Natural Bikes","url":"https:\/\/naturalbikes.cl\/","logo":{"@type":"ImageObject","inLanguage":"es","@id":"https:\/\/naturalbikes.cl\/#\/schema\/logo\/image\/","url":"https:\/\/naturalbikes.cl\/wp-content\/uploads\/2024\/05\/2023-10-10-10.44.12.jpg","contentUrl":"https:\/\/naturalbikes.cl\/wp-content\/uploads\/2024\/05\/2023-10-10-10.44.12.jpg","width":650,"height":650,"caption":"Natural Bikes"},"image":{"@id":"https:\/\/naturalbikes.cl\/#\/schema\/logo\/image\/"},"sameAs":["https:\/\/www.facebook.com\/naturalbikescl","https:\/\/www.instagram.com\/natural.bikes","https:\/\/www.tiktok.com\/@natural.bikes"],"description":"Ofrecer a nuestros clientes apasionados por el ciclismo de monta\u00f1a la mejor experiencia en productos, conocimientos especializados y servicios excepcionales. Nos comprometemos a proporcionar una amplia gama de bicicletas, accesorios y equipo de alta calidad, junto con asesoramiento experto y atenci\u00f3n personalizada para cada ciclista, para que puedan explorar, disfrutar y maximizar su aventura en el mundo del MTB","email":"naturalbikes1@gmail.com","telephone":"56977043878","legalName":"Natural Bikes Limitada","foundingDate":"2024-01-01","vatID":"76699553-5","taxID":"76699553-5","numberOfEmployees":{"@type":"QuantitativeValue","minValue":"1","maxValue":"10"},"publishingPrinciples":"https:\/\/naturalbikes.cl\/?page_id=7843","ownershipFundingInfo":"https:\/\/naturalbikes.cl\/?page_id=7843","actionableFeedbackPolicy":"https:\/\/naturalbikes.cl\/?page_id=14797","correctionsPolicy":"https:\/\/naturalbikes.cl\/?page_id=3","ethicsPolicy":"https:\/\/naturalbikes.cl\/?page_id=7843","diversityPolicy":"https:\/\/naturalbikes.cl\/?page_id=11734","diversityStaffingReport":"https:\/\/naturalbikes.cl\/?page_id=12161"}]}},"_links":{"self":[{"href":"https:\/\/naturalbikes.cl\/index.php?rest_route=\/wp\/v2\/product\/18496"}],"collection":[{"href":"https:\/\/naturalbikes.cl\/index.php?rest_route=\/wp\/v2\/product"}],"about":[{"href":"https:\/\/naturalbikes.cl\/index.php?rest_route=\/wp\/v2\/types\/product"}],"replies":[{"embeddable":true,"href":"https:\/\/naturalbikes.cl\/index.php?rest_route=%2Fwp%2Fv2%2Fcomments&post=18496"}],"wp:featuredmedia":[{"embeddable":true,"href":"https:\/\/naturalbikes.cl\/index.php?rest_route=\/wp\/v2\/media\/18497"}],"wp:attachment":[{"href":"https:\/\/naturalbikes.cl\/index.php?rest_route=%2Fwp%2Fv2%2Fmedia&parent=18496"}],"wp:term":[{"taxonomy":"product_cat","embeddable":true,"href":"https:\/\/naturalbikes.cl\/index.php?rest_route=%2Fwp%2Fv2%2Fproduct_cat&post=18496"},{"taxonomy":"product_tag","embeddable":true,"href":"https:\/\/naturalbikes.cl\/index.php?rest_route=%2Fwp%2Fv2%2Fproduct_tag&post=18496"}],"curies":[{"name":"wp","href":"https:\/\/api.w.org\/{rel}","templated":true}]}}