{"id":18488,"date":"2024-04-23T10:51:56","date_gmt":"2024-04-23T14:51:56","guid":{"rendered":"https:\/\/naturalbikes.cl\/?post_type=product&#038;p=18488"},"modified":"2026-01-06T17:11:42","modified_gmt":"2026-01-06T20:11:42","slug":"pastillas-magura-8-r-pads-4-pistones","status":"publish","type":"product","link":"https:\/\/naturalbikes.cl\/?product=pastillas-magura-8-r-pads-4-pistones","title":{"rendered":"Pastillas Magura 8.R Pads"},"content":{"rendered":"<div class=\"product-block\">\n<div class=\"rte\">\n<p><a href=\"https:\/\/naturalbikes.cl\/wp-content\/uploads\/2024\/04\/magura-Logo-black.png\"><img decoding=\"async\" class=\"alignnone wp-image-18489\" src=\"https:\/\/naturalbikes.cl\/wp-content\/uploads\/2024\/04\/magura-Logo-black-300x300.png\" alt=\"\" width=\"168\" height=\"168\" srcset=\"https:\/\/naturalbikes.cl\/wp-content\/uploads\/2024\/04\/magura-Logo-black-300x300.png 300w, https:\/\/naturalbikes.cl\/wp-content\/uploads\/2024\/04\/magura-Logo-black-150x150.png 150w, https:\/\/naturalbikes.cl\/wp-content\/uploads\/2024\/04\/magura-Logo-black-100x100.png 100w, https:\/\/naturalbikes.cl\/wp-content\/uploads\/2024\/04\/magura-Logo-black-50x50.png 50w, https:\/\/naturalbikes.cl\/wp-content\/uploads\/2024\/04\/magura-Logo-black-460x460.png 460w, https:\/\/naturalbikes.cl\/wp-content\/uploads\/2024\/04\/magura-Logo-black.png 472w\" sizes=\"(max-width: 168px) 100vw, 168px\" \/><\/a>Las pastillas Serie 8 cuentan con una placa posterior desconectada, lo que permite que cada pist\u00f3n se mueva de forma independiente. Estas pastillas se ajustan a los frenos Magura MT5 y MT7 de 4 pistones, as\u00ed como a la pinza delantera en los frenos Magura Trail. Se ofrece en un compuesto Performance y Race.<\/p>\n<p>Placa trasera de dos piezas desconectada<br \/>\nHeat Sink: No<br \/>\nMaterial de la Place de Respaldo: Acero<\/p>\n<p><a href=\"https:\/\/naturalbikes.cl\/wp-content\/uploads\/2024\/04\/2701173.jpeg\"><img fetchpriority=\"high\" decoding=\"async\" class=\"size-medium wp-image-18490 aligncenter\" src=\"https:\/\/naturalbikes.cl\/wp-content\/uploads\/2024\/04\/2701173-300x235.jpeg\" alt=\"\" width=\"300\" height=\"235\" srcset=\"https:\/\/naturalbikes.cl\/wp-content\/uploads\/2024\/04\/2701173-300x235.jpeg 300w, https:\/\/naturalbikes.cl\/wp-content\/uploads\/2024\/04\/2701173-1024x801.jpeg 1024w, https:\/\/naturalbikes.cl\/wp-content\/uploads\/2024\/04\/2701173-768x600.jpeg 768w, https:\/\/naturalbikes.cl\/wp-content\/uploads\/2024\/04\/2701173-800x625.jpeg 800w, https:\/\/naturalbikes.cl\/wp-content\/uploads\/2024\/04\/2701173.jpeg 1100w\" sizes=\"(max-width: 300px) 100vw, 300px\" \/><\/a> <a href=\"https:\/\/naturalbikes.cl\/wp-content\/uploads\/2024\/04\/2701173_1.jpeg\"><img decoding=\"async\" class=\"size-medium wp-image-18491 aligncenter\" src=\"https:\/\/naturalbikes.cl\/wp-content\/uploads\/2024\/04\/2701173_1-198x300.jpeg\" alt=\"\" width=\"198\" height=\"300\" srcset=\"https:\/\/naturalbikes.cl\/wp-content\/uploads\/2024\/04\/2701173_1-198x300.jpeg 198w, https:\/\/naturalbikes.cl\/wp-content\/uploads\/2024\/04\/2701173_1.jpeg 661w\" sizes=\"(max-width: 198px) 100vw, 198px\" \/><\/a> <a href=\"https:\/\/naturalbikes.cl\/wp-content\/uploads\/2024\/04\/2701173_2.webp\"><img loading=\"lazy\" decoding=\"async\" class=\"size-medium wp-image-18492 aligncenter\" src=\"https:\/\/naturalbikes.cl\/wp-content\/uploads\/2024\/04\/2701173_2-300x300.webp\" alt=\"\" width=\"300\" height=\"300\" srcset=\"https:\/\/naturalbikes.cl\/wp-content\/uploads\/2024\/04\/2701173_2-300x300.webp 300w, https:\/\/naturalbikes.cl\/wp-content\/uploads\/2024\/04\/2701173_2-150x150.webp 150w, https:\/\/naturalbikes.cl\/wp-content\/uploads\/2024\/04\/2701173_2-100x100.webp 100w, https:\/\/naturalbikes.cl\/wp-content\/uploads\/2024\/04\/2701173_2-50x50.webp 50w, https:\/\/naturalbikes.cl\/wp-content\/uploads\/2024\/04\/2701173_2-460x460.webp 460w, https:\/\/naturalbikes.cl\/wp-content\/uploads\/2024\/04\/2701173_2.webp 673w\" sizes=\"(max-width: 300px) 100vw, 300px\" \/><\/a><\/p>\n<\/div>\n<\/div>\n","protected":false},"excerpt":{"rendered":"<p>&nbsp;<\/p>\n<p><a href=\"https:\/\/naturalbikes.cl\/wp-content\/uploads\/2024\/04\/magura-Logo-black.png\"><img loading=\"lazy\" decoding=\"async\" class=\" wp-image-18489 alignleft\" src=\"https:\/\/naturalbikes.cl\/wp-content\/uploads\/2024\/04\/magura-Logo-black-300x300.png\" alt=\"\" width=\"185\" height=\"185\" srcset=\"https:\/\/naturalbikes.cl\/wp-content\/uploads\/2024\/04\/magura-Logo-black-300x300.png 300w, https:\/\/naturalbikes.cl\/wp-content\/uploads\/2024\/04\/magura-Logo-black-150x150.png 150w, https:\/\/naturalbikes.cl\/wp-content\/uploads\/2024\/04\/magura-Logo-black-100x100.png 100w, https:\/\/naturalbikes.cl\/wp-content\/uploads\/2024\/04\/magura-Logo-black-50x50.png 50w, https:\/\/naturalbikes.cl\/wp-content\/uploads\/2024\/04\/magura-Logo-black-460x460.png 460w, https:\/\/naturalbikes.cl\/wp-content\/uploads\/2024\/04\/magura-Logo-black.png 472w\" sizes=\"(max-width: 185px) 100vw, 185px\" \/><\/a><\/p>\n<p data-sourcepos=\"5:1-5:364\"><strong>Optimiza tu frenado con las pastillas de freno Magura 8.R de alto rendimiento, dise\u00f1adas para ofrecer una potencia de frenado, modulaci\u00f3n y durabilidad incomparables en diversas condiciones de conducci\u00f3n. Estas pastillas de freno premium est\u00e1n fabricadas con materiales avanzados y dise\u00f1adas para optimizar el rendimiento de los frenos de disco hidr\u00e1ulicos Magura.<\/strong><\/p>\n","protected":false},"featured_media":18490,"comment_status":"open","ping_status":"closed","template":"","meta":[],"product_cat":[243],"product_tag":[1130,969,1128,1129,1126],"class_list":{"0":"post-18488","1":"product","2":"type-product","3":"status-publish","4":"has-post-thumbnail","6":"product_brand-magura","7":"product_cat-frenos-discos-pastillas-adaptadores","8":"product_tag-brake","9":"product_tag-frenos","10":"product_tag-pad-brakes","11":"product_tag-pastillas","12":"product_tag-pastillas-de-frenos","14":"first","15":"instock","16":"taxable","17":"shipping-taxable","18":"purchasable","19":"product-type-simple"},"yoast_head":"<!-- This site is optimized with the Yoast SEO Premium plugin v24.8 (Yoast SEO v25.6) - https:\/\/yoast.com\/wordpress\/plugins\/seo\/ -->\n<title>Pastillas de Freno Magura 8.R: Frenado Superior para Bicicletas<\/title>\n<meta name=\"description\" content=\"Optimiza tu frenado con las pastillas de freno Magura 8.R de alto rendimiento, dise\u00f1adas para ofrecer una potencia de frenado, modulaci\u00f3n y durabilidad incomparables en diversas condiciones de conducci\u00f3n. Estas pastillas de freno premium est\u00e1n fabricadas con materiales avanzados y dise\u00f1adas para optimizar el rendimiento de los frenos de disco hidr\u00e1ulicos Magura.\" \/>\n<meta name=\"robots\" content=\"index, follow, max-snippet:-1, max-image-preview:large, max-video-preview:-1\" \/>\n<link rel=\"canonical\" href=\"https:\/\/naturalbikes.cl\/?product=pastillas-magura-8-r-pads-4-pistones\" \/>\n<meta property=\"og:locale\" content=\"es_ES\" \/>\n<meta property=\"og:type\" content=\"article\" \/>\n<meta property=\"og:title\" content=\"Pastillas Magura 8.R Pads\" \/>\n<meta property=\"og:description\" content=\"Ofrecer a nuestros clientes apasionados por el ciclismo de monta\u00f1a la mejor experiencia en productos, conocimientos especializados y servicios excepcionales. Nos comprometemos a proporcionar una amplia gama de bicicletas, accesorios y equipo de alta calidad, junto con asesoramiento experto y atenci\u00f3n personalizada para cada ciclista, para que puedan explorar, disfrutar y maximizar su aventura en el mundo del MTB\" \/>\n<meta property=\"og:url\" content=\"https:\/\/naturalbikes.cl\/?product=pastillas-magura-8-r-pads-4-pistones\" \/>\n<meta property=\"og:site_name\" content=\"NaturalBikes\" \/>\n<meta property=\"article:publisher\" content=\"https:\/\/www.facebook.com\/naturalbikescl\" \/>\n<meta property=\"article:modified_time\" content=\"2026-01-06T20:11:42+00:00\" \/>\n<meta property=\"og:image\" content=\"https:\/\/naturalbikes.cl\/wp-content\/uploads\/2024\/04\/2701173.jpeg\" \/>\n\t<meta property=\"og:image:width\" content=\"1100\" \/>\n\t<meta property=\"og:image:height\" content=\"860\" \/>\n\t<meta property=\"og:image:type\" content=\"image\/jpeg\" \/>\n<meta name=\"twitter:card\" content=\"summary_large_image\" \/>\n<meta name=\"twitter:label1\" content=\"Tiempo de lectura\" \/>\n\t<meta name=\"twitter:data1\" content=\"2 minutos\" \/>\n<script type=\"application\/ld+json\" class=\"yoast-schema-graph\">{\"@context\":\"https:\/\/schema.org\",\"@graph\":[{\"@type\":\"WebPage\",\"@id\":\"https:\/\/naturalbikes.cl\/?product=pastillas-magura-8-r-pads-4-pistones\",\"url\":\"https:\/\/naturalbikes.cl\/?product=pastillas-magura-8-r-pads-4-pistones\",\"name\":\"Pastillas de Freno Magura 8.R: Frenado Superior para Bicicletas\",\"isPartOf\":{\"@id\":\"https:\/\/naturalbikes.cl\/#website\"},\"primaryImageOfPage\":{\"@id\":\"https:\/\/naturalbikes.cl\/?product=pastillas-magura-8-r-pads-4-pistones#primaryimage\"},\"image\":{\"@id\":\"https:\/\/naturalbikes.cl\/?product=pastillas-magura-8-r-pads-4-pistones#primaryimage\"},\"thumbnailUrl\":\"https:\/\/naturalbikes.cl\/wp-content\/uploads\/2024\/04\/2701173.jpeg\",\"datePublished\":\"2024-04-23T14:51:56+00:00\",\"dateModified\":\"2026-01-06T20:11:42+00:00\",\"description\":\"Optimiza tu frenado con las pastillas de freno Magura 8.R de alto rendimiento, dise\u00f1adas para ofrecer una potencia de frenado, modulaci\u00f3n y durabilidad incomparables en diversas condiciones de conducci\u00f3n. Estas pastillas de freno premium est\u00e1n fabricadas con materiales avanzados y dise\u00f1adas para optimizar el rendimiento de los frenos de disco hidr\u00e1ulicos Magura.\",\"breadcrumb\":{\"@id\":\"https:\/\/naturalbikes.cl\/?product=pastillas-magura-8-r-pads-4-pistones#breadcrumb\"},\"inLanguage\":\"es\",\"potentialAction\":[{\"@type\":\"ReadAction\",\"target\":[\"https:\/\/naturalbikes.cl\/?product=pastillas-magura-8-r-pads-4-pistones\"]}]},{\"@type\":\"ImageObject\",\"inLanguage\":\"es\",\"@id\":\"https:\/\/naturalbikes.cl\/?product=pastillas-magura-8-r-pads-4-pistones#primaryimage\",\"url\":\"https:\/\/naturalbikes.cl\/wp-content\/uploads\/2024\/04\/2701173.jpeg\",\"contentUrl\":\"https:\/\/naturalbikes.cl\/wp-content\/uploads\/2024\/04\/2701173.jpeg\",\"width\":1100,\"height\":860},{\"@type\":\"BreadcrumbList\",\"@id\":\"https:\/\/naturalbikes.cl\/?product=pastillas-magura-8-r-pads-4-pistones#breadcrumb\",\"itemListElement\":[{\"@type\":\"ListItem\",\"position\":1,\"name\":\"Portada\",\"item\":\"https:\/\/naturalbikes.cl\/\"},{\"@type\":\"ListItem\",\"position\":2,\"name\":\"Tienda NB\",\"item\":\"https:\/\/naturalbikes.cl\/?page_id=7843\"},{\"@type\":\"ListItem\",\"position\":3,\"name\":\"Magura\",\"item\":\"https:\/\/naturalbikes.cl\/?product_brand=magura\"},{\"@type\":\"ListItem\",\"position\":4,\"name\":\"Pastillas Magura 8.R Pads\"}]},{\"@type\":\"WebSite\",\"@id\":\"https:\/\/naturalbikes.cl\/#website\",\"url\":\"https:\/\/naturalbikes.cl\/\",\"name\":\"Natural Bikes\",\"description\":\"Tienda de bicicletas repuestos accesorios taller mantenimiento clases salidas\",\"publisher\":{\"@id\":\"https:\/\/naturalbikes.cl\/#organization\"},\"alternateName\":\"Natural Bikes\",\"potentialAction\":[{\"@type\":\"SearchAction\",\"target\":{\"@type\":\"EntryPoint\",\"urlTemplate\":\"https:\/\/naturalbikes.cl\/?s={search_term_string}\"},\"query-input\":{\"@type\":\"PropertyValueSpecification\",\"valueRequired\":true,\"valueName\":\"search_term_string\"}}],\"inLanguage\":\"es\"},{\"@type\":\"Organization\",\"@id\":\"https:\/\/naturalbikes.cl\/#organization\",\"name\":\"Natural Bikes\",\"alternateName\":\"Natural Bikes\",\"url\":\"https:\/\/naturalbikes.cl\/\",\"logo\":{\"@type\":\"ImageObject\",\"inLanguage\":\"es\",\"@id\":\"https:\/\/naturalbikes.cl\/#\/schema\/logo\/image\/\",\"url\":\"https:\/\/naturalbikes.cl\/wp-content\/uploads\/2024\/05\/2023-10-10-10.44.12.jpg\",\"contentUrl\":\"https:\/\/naturalbikes.cl\/wp-content\/uploads\/2024\/05\/2023-10-10-10.44.12.jpg\",\"width\":650,\"height\":650,\"caption\":\"Natural Bikes\"},\"image\":{\"@id\":\"https:\/\/naturalbikes.cl\/#\/schema\/logo\/image\/\"},\"sameAs\":[\"https:\/\/www.facebook.com\/naturalbikescl\",\"https:\/\/www.instagram.com\/natural.bikes\",\"https:\/\/www.tiktok.com\/@natural.bikes\"],\"description\":\"Ofrecer a nuestros clientes apasionados por el ciclismo de monta\u00f1a la mejor experiencia en productos, conocimientos especializados y servicios excepcionales. Nos comprometemos a proporcionar una amplia gama de bicicletas, accesorios y equipo de alta calidad, junto con asesoramiento experto y atenci\u00f3n personalizada para cada ciclista, para que puedan explorar, disfrutar y maximizar su aventura en el mundo del MTB\",\"email\":\"naturalbikes1@gmail.com\",\"telephone\":\"56977043878\",\"legalName\":\"Natural Bikes Limitada\",\"foundingDate\":\"2024-01-01\",\"vatID\":\"76699553-5\",\"taxID\":\"76699553-5\",\"numberOfEmployees\":{\"@type\":\"QuantitativeValue\",\"minValue\":\"1\",\"maxValue\":\"10\"},\"publishingPrinciples\":\"https:\/\/naturalbikes.cl\/?page_id=7843\",\"ownershipFundingInfo\":\"https:\/\/naturalbikes.cl\/?page_id=7843\",\"actionableFeedbackPolicy\":\"https:\/\/naturalbikes.cl\/?page_id=14797\",\"correctionsPolicy\":\"https:\/\/naturalbikes.cl\/?page_id=3\",\"ethicsPolicy\":\"https:\/\/naturalbikes.cl\/?page_id=7843\",\"diversityPolicy\":\"https:\/\/naturalbikes.cl\/?page_id=11734\",\"diversityStaffingReport\":\"https:\/\/naturalbikes.cl\/?page_id=12161\"}]}<\/script>\n<!-- \/ Yoast SEO Premium plugin. -->","yoast_head_json":{"title":"Pastillas de Freno Magura 8.R: Frenado Superior para Bicicletas","description":"Optimiza tu frenado con las pastillas de freno Magura 8.R de alto rendimiento, dise\u00f1adas para ofrecer una potencia de frenado, modulaci\u00f3n y durabilidad incomparables en diversas condiciones de conducci\u00f3n. Estas pastillas de freno premium est\u00e1n fabricadas con materiales avanzados y dise\u00f1adas para optimizar el rendimiento de los frenos de disco hidr\u00e1ulicos Magura.","robots":{"index":"index","follow":"follow","max-snippet":"max-snippet:-1","max-image-preview":"max-image-preview:large","max-video-preview":"max-video-preview:-1"},"canonical":"https:\/\/naturalbikes.cl\/?product=pastillas-magura-8-r-pads-4-pistones","og_locale":"es_ES","og_type":"article","og_title":"Pastillas Magura 8.R Pads","og_description":"Ofrecer a nuestros clientes apasionados por el ciclismo de monta\u00f1a la mejor experiencia en productos, conocimientos especializados y servicios excepcionales. Nos comprometemos a proporcionar una amplia gama de bicicletas, accesorios y equipo de alta calidad, junto con asesoramiento experto y atenci\u00f3n personalizada para cada ciclista, para que puedan explorar, disfrutar y maximizar su aventura en el mundo del MTB","og_url":"https:\/\/naturalbikes.cl\/?product=pastillas-magura-8-r-pads-4-pistones","og_site_name":"NaturalBikes","article_publisher":"https:\/\/www.facebook.com\/naturalbikescl","article_modified_time":"2026-01-06T20:11:42+00:00","og_image":[{"width":1100,"height":860,"url":"https:\/\/naturalbikes.cl\/wp-content\/uploads\/2024\/04\/2701173.jpeg","type":"image\/jpeg"}],"twitter_card":"summary_large_image","twitter_misc":{"Tiempo de lectura":"2 minutos"},"schema":{"@context":"https:\/\/schema.org","@graph":[{"@type":"WebPage","@id":"https:\/\/naturalbikes.cl\/?product=pastillas-magura-8-r-pads-4-pistones","url":"https:\/\/naturalbikes.cl\/?product=pastillas-magura-8-r-pads-4-pistones","name":"Pastillas de Freno Magura 8.R: Frenado Superior para Bicicletas","isPartOf":{"@id":"https:\/\/naturalbikes.cl\/#website"},"primaryImageOfPage":{"@id":"https:\/\/naturalbikes.cl\/?product=pastillas-magura-8-r-pads-4-pistones#primaryimage"},"image":{"@id":"https:\/\/naturalbikes.cl\/?product=pastillas-magura-8-r-pads-4-pistones#primaryimage"},"thumbnailUrl":"https:\/\/naturalbikes.cl\/wp-content\/uploads\/2024\/04\/2701173.jpeg","datePublished":"2024-04-23T14:51:56+00:00","dateModified":"2026-01-06T20:11:42+00:00","description":"Optimiza tu frenado con las pastillas de freno Magura 8.R de alto rendimiento, dise\u00f1adas para ofrecer una potencia de frenado, modulaci\u00f3n y durabilidad incomparables en diversas condiciones de conducci\u00f3n. Estas pastillas de freno premium est\u00e1n fabricadas con materiales avanzados y dise\u00f1adas para optimizar el rendimiento de los frenos de disco hidr\u00e1ulicos Magura.","breadcrumb":{"@id":"https:\/\/naturalbikes.cl\/?product=pastillas-magura-8-r-pads-4-pistones#breadcrumb"},"inLanguage":"es","potentialAction":[{"@type":"ReadAction","target":["https:\/\/naturalbikes.cl\/?product=pastillas-magura-8-r-pads-4-pistones"]}]},{"@type":"ImageObject","inLanguage":"es","@id":"https:\/\/naturalbikes.cl\/?product=pastillas-magura-8-r-pads-4-pistones#primaryimage","url":"https:\/\/naturalbikes.cl\/wp-content\/uploads\/2024\/04\/2701173.jpeg","contentUrl":"https:\/\/naturalbikes.cl\/wp-content\/uploads\/2024\/04\/2701173.jpeg","width":1100,"height":860},{"@type":"BreadcrumbList","@id":"https:\/\/naturalbikes.cl\/?product=pastillas-magura-8-r-pads-4-pistones#breadcrumb","itemListElement":[{"@type":"ListItem","position":1,"name":"Portada","item":"https:\/\/naturalbikes.cl\/"},{"@type":"ListItem","position":2,"name":"Tienda NB","item":"https:\/\/naturalbikes.cl\/?page_id=7843"},{"@type":"ListItem","position":3,"name":"Magura","item":"https:\/\/naturalbikes.cl\/?product_brand=magura"},{"@type":"ListItem","position":4,"name":"Pastillas Magura 8.R Pads"}]},{"@type":"WebSite","@id":"https:\/\/naturalbikes.cl\/#website","url":"https:\/\/naturalbikes.cl\/","name":"Natural Bikes","description":"Tienda de bicicletas repuestos accesorios taller mantenimiento clases salidas","publisher":{"@id":"https:\/\/naturalbikes.cl\/#organization"},"alternateName":"Natural Bikes","potentialAction":[{"@type":"SearchAction","target":{"@type":"EntryPoint","urlTemplate":"https:\/\/naturalbikes.cl\/?s={search_term_string}"},"query-input":{"@type":"PropertyValueSpecification","valueRequired":true,"valueName":"search_term_string"}}],"inLanguage":"es"},{"@type":"Organization","@id":"https:\/\/naturalbikes.cl\/#organization","name":"Natural Bikes","alternateName":"Natural Bikes","url":"https:\/\/naturalbikes.cl\/","logo":{"@type":"ImageObject","inLanguage":"es","@id":"https:\/\/naturalbikes.cl\/#\/schema\/logo\/image\/","url":"https:\/\/naturalbikes.cl\/wp-content\/uploads\/2024\/05\/2023-10-10-10.44.12.jpg","contentUrl":"https:\/\/naturalbikes.cl\/wp-content\/uploads\/2024\/05\/2023-10-10-10.44.12.jpg","width":650,"height":650,"caption":"Natural Bikes"},"image":{"@id":"https:\/\/naturalbikes.cl\/#\/schema\/logo\/image\/"},"sameAs":["https:\/\/www.facebook.com\/naturalbikescl","https:\/\/www.instagram.com\/natural.bikes","https:\/\/www.tiktok.com\/@natural.bikes"],"description":"Ofrecer a nuestros clientes apasionados por el ciclismo de monta\u00f1a la mejor experiencia en productos, conocimientos especializados y servicios excepcionales. Nos comprometemos a proporcionar una amplia gama de bicicletas, accesorios y equipo de alta calidad, junto con asesoramiento experto y atenci\u00f3n personalizada para cada ciclista, para que puedan explorar, disfrutar y maximizar su aventura en el mundo del MTB","email":"naturalbikes1@gmail.com","telephone":"56977043878","legalName":"Natural Bikes Limitada","foundingDate":"2024-01-01","vatID":"76699553-5","taxID":"76699553-5","numberOfEmployees":{"@type":"QuantitativeValue","minValue":"1","maxValue":"10"},"publishingPrinciples":"https:\/\/naturalbikes.cl\/?page_id=7843","ownershipFundingInfo":"https:\/\/naturalbikes.cl\/?page_id=7843","actionableFeedbackPolicy":"https:\/\/naturalbikes.cl\/?page_id=14797","correctionsPolicy":"https:\/\/naturalbikes.cl\/?page_id=3","ethicsPolicy":"https:\/\/naturalbikes.cl\/?page_id=7843","diversityPolicy":"https:\/\/naturalbikes.cl\/?page_id=11734","diversityStaffingReport":"https:\/\/naturalbikes.cl\/?page_id=12161"}]}},"_links":{"self":[{"href":"https:\/\/naturalbikes.cl\/index.php?rest_route=\/wp\/v2\/product\/18488"}],"collection":[{"href":"https:\/\/naturalbikes.cl\/index.php?rest_route=\/wp\/v2\/product"}],"about":[{"href":"https:\/\/naturalbikes.cl\/index.php?rest_route=\/wp\/v2\/types\/product"}],"replies":[{"embeddable":true,"href":"https:\/\/naturalbikes.cl\/index.php?rest_route=%2Fwp%2Fv2%2Fcomments&post=18488"}],"wp:featuredmedia":[{"embeddable":true,"href":"https:\/\/naturalbikes.cl\/index.php?rest_route=\/wp\/v2\/media\/18490"}],"wp:attachment":[{"href":"https:\/\/naturalbikes.cl\/index.php?rest_route=%2Fwp%2Fv2%2Fmedia&parent=18488"}],"wp:term":[{"taxonomy":"product_cat","embeddable":true,"href":"https:\/\/naturalbikes.cl\/index.php?rest_route=%2Fwp%2Fv2%2Fproduct_cat&post=18488"},{"taxonomy":"product_tag","embeddable":true,"href":"https:\/\/naturalbikes.cl\/index.php?rest_route=%2Fwp%2Fv2%2Fproduct_tag&post=18488"}],"curies":[{"name":"wp","href":"https:\/\/api.w.org\/{rel}","templated":true}]}}