{"id":18471,"date":"2024-04-23T08:50:22","date_gmt":"2024-04-23T12:50:22","guid":{"rendered":"https:\/\/naturalbikes.cl\/?post_type=product&#038;p=18471"},"modified":"2026-01-06T17:11:43","modified_gmt":"2026-01-06T20:11:43","slug":"pastillas-de-freno-entity-shimano-sram-avid","status":"publish","type":"product","link":"https:\/\/naturalbikes.cl\/?product=pastillas-de-freno-entity-shimano-sram-avid","title":{"rendered":"Pastillas de Freno Entity Shimano Sram Avid"},"content":{"rendered":"<h3 style=\"text-align: center;\"><span style=\"color: #ff0000;\">SHIMANO<\/span><\/h3>\n<h3 style=\"text-align: center;\"><span style=\"color: #ff0000;\">SRAM<\/span><\/h3>\n<h3 style=\"text-align: center;\"><span style=\"color: #ff0000;\">AVID<\/span><\/h3>\n<p>\u00a1Un frenado confiable te permite conducir a\u00fan m\u00e1s r\u00e1pido! La amplia gama de pastillas de freno de disco de alto rendimiento de Entity ha sido probada en laboratorio y en pista hasta los extremos de quemaduras de rotor. Los compuestos de frenado sinterizados org\u00e1nicos y met\u00e1licos sobre respaldos de acero fiables le permiten seleccionar las mejores caracter\u00edsticas de frenado de rendimiento para adaptarse a su estilo de conducci\u00f3n individual y a las condiciones del sendero.<\/p>\n<p><a href=\"https:\/\/naturalbikes.cl\/wp-content\/uploads\/2024\/04\/S0824ET0201-.webp\"><img fetchpriority=\"high\" decoding=\"async\" class=\" wp-image-18478 aligncenter\" src=\"https:\/\/naturalbikes.cl\/wp-content\/uploads\/2024\/04\/S0824ET0201--300x185.webp\" alt=\"\" width=\"594\" height=\"366\" srcset=\"https:\/\/naturalbikes.cl\/wp-content\/uploads\/2024\/04\/S0824ET0201--300x185.webp 300w, https:\/\/naturalbikes.cl\/wp-content\/uploads\/2024\/04\/S0824ET0201--1024x631.webp 1024w, https:\/\/naturalbikes.cl\/wp-content\/uploads\/2024\/04\/S0824ET0201--768x474.webp 768w, https:\/\/naturalbikes.cl\/wp-content\/uploads\/2024\/04\/S0824ET0201--800x493.webp 800w, https:\/\/naturalbikes.cl\/wp-content\/uploads\/2024\/04\/S0824ET0201-.webp 1200w\" sizes=\"(max-width: 594px) 100vw, 594px\" \/><\/a> <a href=\"https:\/\/naturalbikes.cl\/wp-content\/uploads\/2024\/04\/S0824ET0201.jpeg\"><img decoding=\"async\" class=\" wp-image-18479 aligncenter\" src=\"https:\/\/naturalbikes.cl\/wp-content\/uploads\/2024\/04\/S0824ET0201-300x185.jpeg\" alt=\"\" width=\"594\" height=\"366\" srcset=\"https:\/\/naturalbikes.cl\/wp-content\/uploads\/2024\/04\/S0824ET0201-300x185.jpeg 300w, https:\/\/naturalbikes.cl\/wp-content\/uploads\/2024\/04\/S0824ET0201-1024x631.jpeg 1024w, https:\/\/naturalbikes.cl\/wp-content\/uploads\/2024\/04\/S0824ET0201-768x474.jpeg 768w, https:\/\/naturalbikes.cl\/wp-content\/uploads\/2024\/04\/S0824ET0201-800x493.jpeg 800w, https:\/\/naturalbikes.cl\/wp-content\/uploads\/2024\/04\/S0824ET0201.jpeg 1200w\" sizes=\"(max-width: 594px) 100vw, 594px\" \/><\/a><\/p>\n<h3><strong>Compatibilidad de frenos:<\/strong><\/h3>\n<p><strong>BP01<\/strong><\/p>\n<p>Compatible con:<\/p>\n<ul>\n<li>Shimano Deore BR-MT410, BR-M575, BR-M525, BR-M515, BR-T615, LX BR-T675, Alivio BR-M4050,<br \/>\nAcera BR-M3050, Altus BR-M375, BR-M365, BR-M315, BR-M506, BR-M505, BR-MT500, BR-M495, BR-M486, BR-M485, BR-M475, BR-M465, BR-M447, BR-M446, BR-M445, BR-M416, BR- M415, BR-MT400, BR-M395, BR-M355, BR-M200<\/li>\n<li>TRP Hylex, HY\/RD, Spyre SLC, Spyre, Spyke, Dash Sport<\/li>\n<li>Tektro Orion SL HD-M740, Orion HD-M730, HD-M725, Gemini SL HD-M520\/M521, Gemini HD-M500\/M501, HD-M510, Draco2 HD-M352, HDC330 HD-M330, Auriga HD-M290\/ M291, HD-T530, HD-T525, HD-E530, HD-E525, HD-E520, HD-E500, Aquila MD-M500, Aries MD-M300, MD-M280, Mira MD-C400, Volans HD-T710, Vela HD-T290, Dorado HD-E715, HD-M282, HD-M285\/286, HD-T285\/T286, CU\u00c1DRUPLE<\/li>\n<li>MPH gigante<\/li>\n<li>RST D-Power<\/li>\n<\/ul>\n<p><strong>BP02<\/strong><\/p>\n<p>Compatible con:<\/p>\n<ul>\n<li>Shimano XTR BR-M9000, BR-M9020, BR-M987, BR-M988,BR-M985, XT BR-M8100, BR-M8000, BR-M785, SLX BR-M7100, BR-M7000, BR-M675, BR- M666, DEORE BR-M6100, BR-M6000, BR-M615, ALFINE, BR-S700, BR-S7000, BR-RS785, BR-R785, BR-CX75, BR-R515, BR-R315<\/li>\n<li>FSA K-Force DB-TX-9000, posquemador DB-TX-9150<\/li>\n<\/ul>\n<p><strong>BP03<\/strong><\/p>\n<p>Compatible con:<\/p>\n<ul>\n<li>Shimano XTR BR-M9120, XT BR-M8120\/BR-M8020, SLX BR-M7120, Deore BR-M6120\/BR-MT420,<br \/>\nSaint BR-M820\/BR-M810, Zee BR-M640, BR-MT520<\/li>\n<li>\u200bTektro HD-M750, HD-M745, HD-M735, HD-E725<\/li>\n<li>\u00b7TRP Quadiem, Quadiem SL, Pizarra T4<\/li>\n<\/ul>\n<p><strong>BP04<\/strong><\/p>\n<p>Compatible con:<\/p>\n<ul>\n<li>SRAM G2 Ultimate, RSC, Guide Ultimate, RSC, RS, R, T, Avid, XO Trail, Elixir 9 Trail, Elixir 7 Trail<\/li>\n<\/ul>\n<p><strong>BP05<\/strong><\/p>\n<p>Compatible con:<\/p>\n<ul>\n<li>SRAM Red eTap AXS (pinza Gen. 1 \u2018Mono-Bloc\u2019), eTap HRD, Red 22 HRD (B1), Force 22 HRD (B1), Force 1 HRD, Rival 22 HRD (B1), Rival 1 HRD, Apex 1 HRD, S-700 HRD (B1), Nivel Ultimate, TLM (2016-2019)<\/li>\n<\/ul>\n<p><strong>BP06<\/strong><\/p>\n<p>Compatible con:<\/p>\n<ul>\n<li>Shimano Dura Ace BR-R9170, Ultegra BR-R8070, 105 BR-R7070, Tiagra BR-4770, XTR BR-M9100, BR-M9110, XT BR-M8110, SLX BR-M7110, GRX BR-RX810, BR-RX400, Metrea BR-U5000, BR-RS805, BR-RS505, BR-RS405, BR-RS305<\/li>\n<li>TRP HD-T910<\/li>\n<li>Tektro HD-R310<\/li>\n<\/ul>\n<p>&nbsp;<\/p>\n<p>&nbsp;<\/p>\n","protected":false},"excerpt":{"rendered":"<p style=\"text-align: center;\"><a href=\"https:\/\/naturalbikes.cl\/wp-content\/uploads\/2024\/04\/images.png\"><img decoding=\"async\" class=\"alignnone size-medium wp-image-18583\" src=\"https:\/\/naturalbikes.cl\/wp-content\/uploads\/2024\/04\/images-300x104.png\" alt=\"\" width=\"300\" height=\"104\" srcset=\"https:\/\/naturalbikes.cl\/wp-content\/uploads\/2024\/04\/images-300x104.png 300w, https:\/\/naturalbikes.cl\/wp-content\/uploads\/2024\/04\/images.png 382w\" sizes=\"(max-width: 300px) 100vw, 300px\" \/><\/a><\/p>\n<p data-sourcepos=\"3:1-3:318\"><strong>Experimenta una frenada superior y confiable con las Pastillas de Freno Entity Shimano Sram Avid. Fabricadas con compuestos de alta calidad y dise\u00f1adas para un rendimiento \u00f3ptimo en una amplia gama de condiciones clim\u00e1ticas, estas pastillas ofrecen una potencia de frenado excepcional y una durabilidad prolongada.<\/strong><\/p>\n","protected":false},"featured_media":18473,"comment_status":"open","ping_status":"closed","template":"","meta":[],"product_cat":[243],"product_tag":[972,1127,969,1128,1126],"class_list":{"0":"post-18471","1":"product","2":"type-product","3":"status-publish","4":"has-post-thumbnail","6":"product_brand-entity","7":"product_cat-frenos-discos-pastillas-adaptadores","8":"product_tag-brakes","9":"product_tag-entity","10":"product_tag-frenos","11":"product_tag-pad-brakes","12":"product_tag-pastillas-de-frenos","14":"first","15":"instock","16":"taxable","17":"shipping-taxable","18":"purchasable","19":"product-type-variable","20":"rtwpvg-product"},"yoast_head":"<!-- This site is optimized with the Yoast SEO Premium plugin v24.8 (Yoast SEO v25.6) - https:\/\/yoast.com\/wordpress\/plugins\/seo\/ -->\n<title>Pastillas de Freno Entity: Frenada Superior para Bicicletas Shimano, Sram y Avid<\/title>\n<meta name=\"description\" content=\"Experimenta una frenada superior y confiable con las Pastillas de Freno Entity Shimano Sram Avid. Fabricadas con compuestos de alta calidad y dise\u00f1adas para un rendimiento \u00f3ptimo en una amplia gama de condiciones clim\u00e1ticas, estas pastillas ofrecen una potencia de frenado excepcional y una durabilidad prolongada.\" \/>\n<meta name=\"robots\" content=\"index, follow, max-snippet:-1, max-image-preview:large, max-video-preview:-1\" \/>\n<link rel=\"canonical\" href=\"https:\/\/naturalbikes.cl\/?product=pastillas-de-freno-entity-shimano-sram-avid\" \/>\n<meta property=\"og:locale\" content=\"es_ES\" \/>\n<meta property=\"og:type\" content=\"article\" \/>\n<meta property=\"og:title\" content=\"Pastillas de Freno Entity Shimano Sram Avid\" \/>\n<meta property=\"og:description\" content=\"Ofrecer a nuestros clientes apasionados por el ciclismo de monta\u00f1a la mejor experiencia en productos, conocimientos especializados y servicios excepcionales. Nos comprometemos a proporcionar una amplia gama de bicicletas, accesorios y equipo de alta calidad, junto con asesoramiento experto y atenci\u00f3n personalizada para cada ciclista, para que puedan explorar, disfrutar y maximizar su aventura en el mundo del MTB\" \/>\n<meta property=\"og:url\" content=\"https:\/\/naturalbikes.cl\/?product=pastillas-de-freno-entity-shimano-sram-avid\" \/>\n<meta property=\"og:site_name\" content=\"NaturalBikes\" \/>\n<meta property=\"article:publisher\" content=\"https:\/\/www.facebook.com\/naturalbikescl\" \/>\n<meta property=\"article:modified_time\" content=\"2026-01-06T20:11:43+00:00\" \/>\n<meta property=\"og:image\" content=\"https:\/\/naturalbikes.cl\/wp-content\/uploads\/2024\/04\/BP06.jpeg\" \/>\n\t<meta property=\"og:image:width\" content=\"1000\" \/>\n\t<meta property=\"og:image:height\" content=\"1000\" \/>\n\t<meta property=\"og:image:type\" content=\"image\/jpeg\" \/>\n<meta name=\"twitter:card\" content=\"summary_large_image\" \/>\n<meta name=\"twitter:label1\" content=\"Tiempo de lectura\" \/>\n\t<meta name=\"twitter:data1\" content=\"3 minutos\" \/>\n<script type=\"application\/ld+json\" class=\"yoast-schema-graph\">{\"@context\":\"https:\/\/schema.org\",\"@graph\":[{\"@type\":\"WebPage\",\"@id\":\"https:\/\/naturalbikes.cl\/?product=pastillas-de-freno-entity-shimano-sram-avid\",\"url\":\"https:\/\/naturalbikes.cl\/?product=pastillas-de-freno-entity-shimano-sram-avid\",\"name\":\"Pastillas de Freno Entity: Frenada Superior para Bicicletas Shimano, Sram y Avid\",\"isPartOf\":{\"@id\":\"https:\/\/naturalbikes.cl\/#website\"},\"primaryImageOfPage\":{\"@id\":\"https:\/\/naturalbikes.cl\/?product=pastillas-de-freno-entity-shimano-sram-avid#primaryimage\"},\"image\":{\"@id\":\"https:\/\/naturalbikes.cl\/?product=pastillas-de-freno-entity-shimano-sram-avid#primaryimage\"},\"thumbnailUrl\":\"https:\/\/naturalbikes.cl\/wp-content\/uploads\/2024\/04\/BP06.jpeg\",\"datePublished\":\"2024-04-23T12:50:22+00:00\",\"dateModified\":\"2026-01-06T20:11:43+00:00\",\"description\":\"Experimenta una frenada superior y confiable con las Pastillas de Freno Entity Shimano Sram Avid. Fabricadas con compuestos de alta calidad y dise\u00f1adas para un rendimiento \u00f3ptimo en una amplia gama de condiciones clim\u00e1ticas, estas pastillas ofrecen una potencia de frenado excepcional y una durabilidad prolongada.\",\"breadcrumb\":{\"@id\":\"https:\/\/naturalbikes.cl\/?product=pastillas-de-freno-entity-shimano-sram-avid#breadcrumb\"},\"inLanguage\":\"es\",\"potentialAction\":[{\"@type\":\"ReadAction\",\"target\":[\"https:\/\/naturalbikes.cl\/?product=pastillas-de-freno-entity-shimano-sram-avid\"]}]},{\"@type\":\"ImageObject\",\"inLanguage\":\"es\",\"@id\":\"https:\/\/naturalbikes.cl\/?product=pastillas-de-freno-entity-shimano-sram-avid#primaryimage\",\"url\":\"https:\/\/naturalbikes.cl\/wp-content\/uploads\/2024\/04\/BP06.jpeg\",\"contentUrl\":\"https:\/\/naturalbikes.cl\/wp-content\/uploads\/2024\/04\/BP06.jpeg\",\"width\":1000,\"height\":1000},{\"@type\":\"BreadcrumbList\",\"@id\":\"https:\/\/naturalbikes.cl\/?product=pastillas-de-freno-entity-shimano-sram-avid#breadcrumb\",\"itemListElement\":[{\"@type\":\"ListItem\",\"position\":1,\"name\":\"Portada\",\"item\":\"https:\/\/naturalbikes.cl\/\"},{\"@type\":\"ListItem\",\"position\":2,\"name\":\"Tienda NB\",\"item\":\"https:\/\/naturalbikes.cl\/?page_id=7843\"},{\"@type\":\"ListItem\",\"position\":3,\"name\":\"Entity\",\"item\":\"https:\/\/naturalbikes.cl\/?product_brand=entity\"},{\"@type\":\"ListItem\",\"position\":4,\"name\":\"Pastillas de Freno Entity Shimano Sram Avid\"}]},{\"@type\":\"WebSite\",\"@id\":\"https:\/\/naturalbikes.cl\/#website\",\"url\":\"https:\/\/naturalbikes.cl\/\",\"name\":\"Natural Bikes\",\"description\":\"Tienda de bicicletas repuestos accesorios taller mantenimiento clases salidas\",\"publisher\":{\"@id\":\"https:\/\/naturalbikes.cl\/#organization\"},\"alternateName\":\"Natural Bikes\",\"potentialAction\":[{\"@type\":\"SearchAction\",\"target\":{\"@type\":\"EntryPoint\",\"urlTemplate\":\"https:\/\/naturalbikes.cl\/?s={search_term_string}\"},\"query-input\":{\"@type\":\"PropertyValueSpecification\",\"valueRequired\":true,\"valueName\":\"search_term_string\"}}],\"inLanguage\":\"es\"},{\"@type\":\"Organization\",\"@id\":\"https:\/\/naturalbikes.cl\/#organization\",\"name\":\"Natural Bikes\",\"alternateName\":\"Natural Bikes\",\"url\":\"https:\/\/naturalbikes.cl\/\",\"logo\":{\"@type\":\"ImageObject\",\"inLanguage\":\"es\",\"@id\":\"https:\/\/naturalbikes.cl\/#\/schema\/logo\/image\/\",\"url\":\"https:\/\/naturalbikes.cl\/wp-content\/uploads\/2024\/05\/2023-10-10-10.44.12.jpg\",\"contentUrl\":\"https:\/\/naturalbikes.cl\/wp-content\/uploads\/2024\/05\/2023-10-10-10.44.12.jpg\",\"width\":650,\"height\":650,\"caption\":\"Natural Bikes\"},\"image\":{\"@id\":\"https:\/\/naturalbikes.cl\/#\/schema\/logo\/image\/\"},\"sameAs\":[\"https:\/\/www.facebook.com\/naturalbikescl\",\"https:\/\/www.instagram.com\/natural.bikes\",\"https:\/\/www.tiktok.com\/@natural.bikes\"],\"description\":\"Ofrecer a nuestros clientes apasionados por el ciclismo de monta\u00f1a la mejor experiencia en productos, conocimientos especializados y servicios excepcionales. Nos comprometemos a proporcionar una amplia gama de bicicletas, accesorios y equipo de alta calidad, junto con asesoramiento experto y atenci\u00f3n personalizada para cada ciclista, para que puedan explorar, disfrutar y maximizar su aventura en el mundo del MTB\",\"email\":\"naturalbikes1@gmail.com\",\"telephone\":\"56977043878\",\"legalName\":\"Natural Bikes Limitada\",\"foundingDate\":\"2024-01-01\",\"vatID\":\"76699553-5\",\"taxID\":\"76699553-5\",\"numberOfEmployees\":{\"@type\":\"QuantitativeValue\",\"minValue\":\"1\",\"maxValue\":\"10\"},\"publishingPrinciples\":\"https:\/\/naturalbikes.cl\/?page_id=7843\",\"ownershipFundingInfo\":\"https:\/\/naturalbikes.cl\/?page_id=7843\",\"actionableFeedbackPolicy\":\"https:\/\/naturalbikes.cl\/?page_id=14797\",\"correctionsPolicy\":\"https:\/\/naturalbikes.cl\/?page_id=3\",\"ethicsPolicy\":\"https:\/\/naturalbikes.cl\/?page_id=7843\",\"diversityPolicy\":\"https:\/\/naturalbikes.cl\/?page_id=11734\",\"diversityStaffingReport\":\"https:\/\/naturalbikes.cl\/?page_id=12161\"}]}<\/script>\n<!-- \/ Yoast SEO Premium plugin. -->","yoast_head_json":{"title":"Pastillas de Freno Entity: Frenada Superior para Bicicletas Shimano, Sram y Avid","description":"Experimenta una frenada superior y confiable con las Pastillas de Freno Entity Shimano Sram Avid. Fabricadas con compuestos de alta calidad y dise\u00f1adas para un rendimiento \u00f3ptimo en una amplia gama de condiciones clim\u00e1ticas, estas pastillas ofrecen una potencia de frenado excepcional y una durabilidad prolongada.","robots":{"index":"index","follow":"follow","max-snippet":"max-snippet:-1","max-image-preview":"max-image-preview:large","max-video-preview":"max-video-preview:-1"},"canonical":"https:\/\/naturalbikes.cl\/?product=pastillas-de-freno-entity-shimano-sram-avid","og_locale":"es_ES","og_type":"article","og_title":"Pastillas de Freno Entity Shimano Sram Avid","og_description":"Ofrecer a nuestros clientes apasionados por el ciclismo de monta\u00f1a la mejor experiencia en productos, conocimientos especializados y servicios excepcionales. Nos comprometemos a proporcionar una amplia gama de bicicletas, accesorios y equipo de alta calidad, junto con asesoramiento experto y atenci\u00f3n personalizada para cada ciclista, para que puedan explorar, disfrutar y maximizar su aventura en el mundo del MTB","og_url":"https:\/\/naturalbikes.cl\/?product=pastillas-de-freno-entity-shimano-sram-avid","og_site_name":"NaturalBikes","article_publisher":"https:\/\/www.facebook.com\/naturalbikescl","article_modified_time":"2026-01-06T20:11:43+00:00","og_image":[{"width":1000,"height":1000,"url":"https:\/\/naturalbikes.cl\/wp-content\/uploads\/2024\/04\/BP06.jpeg","type":"image\/jpeg"}],"twitter_card":"summary_large_image","twitter_misc":{"Tiempo de lectura":"3 minutos"},"schema":{"@context":"https:\/\/schema.org","@graph":[{"@type":"WebPage","@id":"https:\/\/naturalbikes.cl\/?product=pastillas-de-freno-entity-shimano-sram-avid","url":"https:\/\/naturalbikes.cl\/?product=pastillas-de-freno-entity-shimano-sram-avid","name":"Pastillas de Freno Entity: Frenada Superior para Bicicletas Shimano, Sram y Avid","isPartOf":{"@id":"https:\/\/naturalbikes.cl\/#website"},"primaryImageOfPage":{"@id":"https:\/\/naturalbikes.cl\/?product=pastillas-de-freno-entity-shimano-sram-avid#primaryimage"},"image":{"@id":"https:\/\/naturalbikes.cl\/?product=pastillas-de-freno-entity-shimano-sram-avid#primaryimage"},"thumbnailUrl":"https:\/\/naturalbikes.cl\/wp-content\/uploads\/2024\/04\/BP06.jpeg","datePublished":"2024-04-23T12:50:22+00:00","dateModified":"2026-01-06T20:11:43+00:00","description":"Experimenta una frenada superior y confiable con las Pastillas de Freno Entity Shimano Sram Avid. Fabricadas con compuestos de alta calidad y dise\u00f1adas para un rendimiento \u00f3ptimo en una amplia gama de condiciones clim\u00e1ticas, estas pastillas ofrecen una potencia de frenado excepcional y una durabilidad prolongada.","breadcrumb":{"@id":"https:\/\/naturalbikes.cl\/?product=pastillas-de-freno-entity-shimano-sram-avid#breadcrumb"},"inLanguage":"es","potentialAction":[{"@type":"ReadAction","target":["https:\/\/naturalbikes.cl\/?product=pastillas-de-freno-entity-shimano-sram-avid"]}]},{"@type":"ImageObject","inLanguage":"es","@id":"https:\/\/naturalbikes.cl\/?product=pastillas-de-freno-entity-shimano-sram-avid#primaryimage","url":"https:\/\/naturalbikes.cl\/wp-content\/uploads\/2024\/04\/BP06.jpeg","contentUrl":"https:\/\/naturalbikes.cl\/wp-content\/uploads\/2024\/04\/BP06.jpeg","width":1000,"height":1000},{"@type":"BreadcrumbList","@id":"https:\/\/naturalbikes.cl\/?product=pastillas-de-freno-entity-shimano-sram-avid#breadcrumb","itemListElement":[{"@type":"ListItem","position":1,"name":"Portada","item":"https:\/\/naturalbikes.cl\/"},{"@type":"ListItem","position":2,"name":"Tienda NB","item":"https:\/\/naturalbikes.cl\/?page_id=7843"},{"@type":"ListItem","position":3,"name":"Entity","item":"https:\/\/naturalbikes.cl\/?product_brand=entity"},{"@type":"ListItem","position":4,"name":"Pastillas de Freno Entity Shimano Sram Avid"}]},{"@type":"WebSite","@id":"https:\/\/naturalbikes.cl\/#website","url":"https:\/\/naturalbikes.cl\/","name":"Natural Bikes","description":"Tienda de bicicletas repuestos accesorios taller mantenimiento clases salidas","publisher":{"@id":"https:\/\/naturalbikes.cl\/#organization"},"alternateName":"Natural Bikes","potentialAction":[{"@type":"SearchAction","target":{"@type":"EntryPoint","urlTemplate":"https:\/\/naturalbikes.cl\/?s={search_term_string}"},"query-input":{"@type":"PropertyValueSpecification","valueRequired":true,"valueName":"search_term_string"}}],"inLanguage":"es"},{"@type":"Organization","@id":"https:\/\/naturalbikes.cl\/#organization","name":"Natural Bikes","alternateName":"Natural Bikes","url":"https:\/\/naturalbikes.cl\/","logo":{"@type":"ImageObject","inLanguage":"es","@id":"https:\/\/naturalbikes.cl\/#\/schema\/logo\/image\/","url":"https:\/\/naturalbikes.cl\/wp-content\/uploads\/2024\/05\/2023-10-10-10.44.12.jpg","contentUrl":"https:\/\/naturalbikes.cl\/wp-content\/uploads\/2024\/05\/2023-10-10-10.44.12.jpg","width":650,"height":650,"caption":"Natural Bikes"},"image":{"@id":"https:\/\/naturalbikes.cl\/#\/schema\/logo\/image\/"},"sameAs":["https:\/\/www.facebook.com\/naturalbikescl","https:\/\/www.instagram.com\/natural.bikes","https:\/\/www.tiktok.com\/@natural.bikes"],"description":"Ofrecer a nuestros clientes apasionados por el ciclismo de monta\u00f1a la mejor experiencia en productos, conocimientos especializados y servicios excepcionales. Nos comprometemos a proporcionar una amplia gama de bicicletas, accesorios y equipo de alta calidad, junto con asesoramiento experto y atenci\u00f3n personalizada para cada ciclista, para que puedan explorar, disfrutar y maximizar su aventura en el mundo del MTB","email":"naturalbikes1@gmail.com","telephone":"56977043878","legalName":"Natural Bikes Limitada","foundingDate":"2024-01-01","vatID":"76699553-5","taxID":"76699553-5","numberOfEmployees":{"@type":"QuantitativeValue","minValue":"1","maxValue":"10"},"publishingPrinciples":"https:\/\/naturalbikes.cl\/?page_id=7843","ownershipFundingInfo":"https:\/\/naturalbikes.cl\/?page_id=7843","actionableFeedbackPolicy":"https:\/\/naturalbikes.cl\/?page_id=14797","correctionsPolicy":"https:\/\/naturalbikes.cl\/?page_id=3","ethicsPolicy":"https:\/\/naturalbikes.cl\/?page_id=7843","diversityPolicy":"https:\/\/naturalbikes.cl\/?page_id=11734","diversityStaffingReport":"https:\/\/naturalbikes.cl\/?page_id=12161"}]}},"_links":{"self":[{"href":"https:\/\/naturalbikes.cl\/index.php?rest_route=\/wp\/v2\/product\/18471"}],"collection":[{"href":"https:\/\/naturalbikes.cl\/index.php?rest_route=\/wp\/v2\/product"}],"about":[{"href":"https:\/\/naturalbikes.cl\/index.php?rest_route=\/wp\/v2\/types\/product"}],"replies":[{"embeddable":true,"href":"https:\/\/naturalbikes.cl\/index.php?rest_route=%2Fwp%2Fv2%2Fcomments&post=18471"}],"wp:featuredmedia":[{"embeddable":true,"href":"https:\/\/naturalbikes.cl\/index.php?rest_route=\/wp\/v2\/media\/18473"}],"wp:attachment":[{"href":"https:\/\/naturalbikes.cl\/index.php?rest_route=%2Fwp%2Fv2%2Fmedia&parent=18471"}],"wp:term":[{"taxonomy":"product_cat","embeddable":true,"href":"https:\/\/naturalbikes.cl\/index.php?rest_route=%2Fwp%2Fv2%2Fproduct_cat&post=18471"},{"taxonomy":"product_tag","embeddable":true,"href":"https:\/\/naturalbikes.cl\/index.php?rest_route=%2Fwp%2Fv2%2Fproduct_tag&post=18471"}],"curies":[{"name":"wp","href":"https:\/\/api.w.org\/{rel}","templated":true}]}}