{"id":15436,"date":"2024-01-02T17:54:25","date_gmt":"2024-01-02T20:54:25","guid":{"rendered":"https:\/\/naturalbikes.cl\/?post_type=product&#038;p=15436"},"modified":"2026-01-06T17:11:40","modified_gmt":"2026-01-06T20:11:40","slug":"pad-bicicleta-kano","status":"publish","type":"product","link":"https:\/\/naturalbikes.cl\/?product=pad-bicicleta-kano","title":{"rendered":"Pad porta Bicicleta camioneta portalon KANO"},"content":{"rendered":"<p><a href=\"https:\/\/naturalbikes.cl\/wp-content\/uploads\/2024\/01\/images.png\"><img decoding=\"async\" class=\"wp-image-15437 alignleft\" src=\"https:\/\/naturalbikes.cl\/wp-content\/uploads\/2024\/01\/images.png\" alt=\"\" width=\"150\" height=\"82\" \/><\/a><\/p>\n<p>Cuida tu camioneta sin dejar de hacer lo que m\u00e1s te gusta, usa el pad negro de Kano para transportar tu bicicleta o cualquier otro objeto que necesites apoyar, manteniendo tanto a la camioneta como a tu equipo libre de rayaduras y abolladuras. Este pad es \u00fatil para todo tipo de camionetas y tiene un dise\u00f1o sobrio para mantenerlo puesto todo el tiempo sin afectar a la est\u00e9tica del pick-up.<\/p>\n<p><b><u>Caracter\u00edsticas<\/u><\/b><\/p>\n<p>&nbsp;<\/p>\n<ul>\n<li>Capacidad para 5 bicicletas (incluye 5 amarras)<\/li>\n<li>3 correas ajustables para fijar el pad a la parte trasera de la camioneta<\/li>\n<li>Material: Tela de Poli\u00e9ster color negro extra acolchado para proteger la camioneta<\/li>\n<li>Solapa para facilitar el acceso a la manilla del portal\u00f3n trasero<\/li>\n<\/ul>\n<p><strong><u>Especificaciones<\/u><\/strong><\/p>\n<p>&nbsp;<\/p>\n<ul>\n<li><b>Talla M<\/b>: 139 x 88 cm<\/li>\n<\/ul>\n<p>&nbsp;<\/p>\n<p><b>Recomendaci\u00f3n<\/b><\/p>\n<p>&nbsp;<\/p>\n<ul>\n<li><b>Talla M<\/b>: Toyota Hilux, VW Amarok, Nissan Navara, Chevrolet Colorado, Ford Ranger, Maxus T60, Great Wall Wingle 7, Ssangyong Actyon Sport, entre otras.<\/li>\n<\/ul>\n","protected":false},"excerpt":{"rendered":"<p><a href=\"https:\/\/naturalbikes.cl\/wp-content\/uploads\/2024\/01\/images.png\"><img decoding=\"async\" class=\"wp-image-15437 alignleft\" src=\"https:\/\/naturalbikes.cl\/wp-content\/uploads\/2024\/01\/images.png\" alt=\"\" width=\"150\" height=\"82\" \/><\/a><\/p>\n<p><strong>El Pad porta bicicleta para camioneta con portal\u00f3n KANO es la soluci\u00f3n perfecta para transportar tus bicicletas con seguridad y comodidad. Fabricado con materiales resistentes y duraderos, este producto garantiza una sujeci\u00f3n firme y protege tanto tu bicicleta como tu veh\u00edculo. Con KANO, llevar tus bicicletas contigo en tus aventuras al aire libre nunca ha sido tan f\u00e1cil y seguro.<\/strong><\/p>\n","protected":false},"featured_media":15438,"comment_status":"open","ping_status":"closed","template":"","meta":[],"product_cat":[197,232,906],"product_tag":[817,36,909,907,912,908,910,911],"class_list":{"0":"post-15436","1":"product","2":"type-product","3":"status-publish","4":"has-post-thumbnail","6":"product_brand-kano","7":"product_cat-accesorios","8":"product_cat-equipamiento-vehiculo","9":"product_cat-pad-bicicleta-kano","10":"product_tag-bicicleta","11":"product_tag-bike","12":"product_tag-kano","13":"product_tag-pad","14":"product_tag-pad-camionetas","15":"product_tag-porta-bicicleta","16":"product_tag-portabicletas-para-camionetas","17":"product_tag-portalon","19":"first","20":"outofstock","21":"taxable","22":"shipping-taxable","23":"purchasable","24":"product-type-variable","25":"rtwpvg-product"},"yoast_head":"<!-- This site is optimized with the Yoast SEO Premium plugin v24.8 (Yoast SEO v25.6) - https:\/\/yoast.com\/wordpress\/plugins\/seo\/ -->\n<title>Pad porta bicicleta para camioneta: Transporta tus bicicletas con seguridad y comodidad | KANO<\/title>\n<meta name=\"description\" content=\"El Pad porta bicicleta para camioneta con portal\u00f3n KANO es la soluci\u00f3n perfecta para transportar tus bicicletas con seguridad y comodidad. Fabricado con materiales resistentes y duraderos, este producto garantiza una sujeci\u00f3n firme y protege tanto tu bicicleta como tu veh\u00edculo. Con KANO, llevar tus bicicletas contigo en tus aventuras al aire libre nunca ha sido tan f\u00e1cil y seguro.\" \/>\n<meta name=\"robots\" content=\"index, follow, max-snippet:-1, max-image-preview:large, max-video-preview:-1\" \/>\n<link rel=\"canonical\" href=\"https:\/\/naturalbikes.cl\/?product=pad-bicicleta-kano\" \/>\n<meta property=\"og:locale\" content=\"es_ES\" \/>\n<meta property=\"og:type\" content=\"article\" \/>\n<meta property=\"og:title\" content=\"Pad porta Bicicleta camioneta portalon KANO\" \/>\n<meta property=\"og:description\" content=\"Ofrecer a nuestros clientes apasionados por el ciclismo de monta\u00f1a la mejor experiencia en productos, conocimientos especializados y servicios excepcionales. Nos comprometemos a proporcionar una amplia gama de bicicletas, accesorios y equipo de alta calidad, junto con asesoramiento experto y atenci\u00f3n personalizada para cada ciclista, para que puedan explorar, disfrutar y maximizar su aventura en el mundo del MTB\" \/>\n<meta property=\"og:url\" content=\"https:\/\/naturalbikes.cl\/?product=pad-bicicleta-kano\" \/>\n<meta property=\"og:site_name\" content=\"NaturalBikes\" \/>\n<meta property=\"article:publisher\" content=\"https:\/\/www.facebook.com\/naturalbikescl\" \/>\n<meta property=\"article:modified_time\" content=\"2026-01-06T20:11:40+00:00\" \/>\n<meta property=\"og:image\" content=\"https:\/\/naturalbikes.cl\/wp-content\/uploads\/2024\/01\/D_NQ_NP_2X_637622-MLC72643954578_112023-F.jpg\" \/>\n\t<meta property=\"og:image:width\" content=\"692\" \/>\n\t<meta property=\"og:image:height\" content=\"500\" \/>\n\t<meta property=\"og:image:type\" content=\"image\/jpeg\" \/>\n<meta name=\"twitter:card\" content=\"summary_large_image\" \/>\n<meta name=\"twitter:label1\" content=\"Tiempo de lectura\" \/>\n\t<meta name=\"twitter:data1\" content=\"2 minutos\" \/>\n<script type=\"application\/ld+json\" class=\"yoast-schema-graph\">{\"@context\":\"https:\/\/schema.org\",\"@graph\":[{\"@type\":\"WebPage\",\"@id\":\"https:\/\/naturalbikes.cl\/?product=pad-bicicleta-kano\",\"url\":\"https:\/\/naturalbikes.cl\/?product=pad-bicicleta-kano\",\"name\":\"Pad porta bicicleta para camioneta: Transporta tus bicicletas con seguridad y comodidad | KANO\",\"isPartOf\":{\"@id\":\"https:\/\/naturalbikes.cl\/#website\"},\"primaryImageOfPage\":{\"@id\":\"https:\/\/naturalbikes.cl\/?product=pad-bicicleta-kano#primaryimage\"},\"image\":{\"@id\":\"https:\/\/naturalbikes.cl\/?product=pad-bicicleta-kano#primaryimage\"},\"thumbnailUrl\":\"https:\/\/naturalbikes.cl\/wp-content\/uploads\/2024\/01\/D_NQ_NP_2X_637622-MLC72643954578_112023-F.jpg\",\"datePublished\":\"2024-01-02T20:54:25+00:00\",\"dateModified\":\"2026-01-06T20:11:40+00:00\",\"description\":\"El Pad porta bicicleta para camioneta con portal\u00f3n KANO es la soluci\u00f3n perfecta para transportar tus bicicletas con seguridad y comodidad. Fabricado con materiales resistentes y duraderos, este producto garantiza una sujeci\u00f3n firme y protege tanto tu bicicleta como tu veh\u00edculo. Con KANO, llevar tus bicicletas contigo en tus aventuras al aire libre nunca ha sido tan f\u00e1cil y seguro.\",\"breadcrumb\":{\"@id\":\"https:\/\/naturalbikes.cl\/?product=pad-bicicleta-kano#breadcrumb\"},\"inLanguage\":\"es\",\"potentialAction\":[{\"@type\":\"ReadAction\",\"target\":[\"https:\/\/naturalbikes.cl\/?product=pad-bicicleta-kano\"]}]},{\"@type\":\"ImageObject\",\"inLanguage\":\"es\",\"@id\":\"https:\/\/naturalbikes.cl\/?product=pad-bicicleta-kano#primaryimage\",\"url\":\"https:\/\/naturalbikes.cl\/wp-content\/uploads\/2024\/01\/D_NQ_NP_2X_637622-MLC72643954578_112023-F.jpg\",\"contentUrl\":\"https:\/\/naturalbikes.cl\/wp-content\/uploads\/2024\/01\/D_NQ_NP_2X_637622-MLC72643954578_112023-F.jpg\",\"width\":692,\"height\":500},{\"@type\":\"BreadcrumbList\",\"@id\":\"https:\/\/naturalbikes.cl\/?product=pad-bicicleta-kano#breadcrumb\",\"itemListElement\":[{\"@type\":\"ListItem\",\"position\":1,\"name\":\"Portada\",\"item\":\"https:\/\/naturalbikes.cl\/\"},{\"@type\":\"ListItem\",\"position\":2,\"name\":\"Tienda NB\",\"item\":\"https:\/\/naturalbikes.cl\/?page_id=7843\"},{\"@type\":\"ListItem\",\"position\":3,\"name\":\"KANO\",\"item\":\"https:\/\/naturalbikes.cl\/?product_brand=kano\"},{\"@type\":\"ListItem\",\"position\":4,\"name\":\"Pad porta Bicicleta camioneta portalon KANO\"}]},{\"@type\":\"WebSite\",\"@id\":\"https:\/\/naturalbikes.cl\/#website\",\"url\":\"https:\/\/naturalbikes.cl\/\",\"name\":\"Natural Bikes\",\"description\":\"Tienda de bicicletas repuestos accesorios taller mantenimiento clases salidas\",\"publisher\":{\"@id\":\"https:\/\/naturalbikes.cl\/#organization\"},\"alternateName\":\"Natural Bikes\",\"potentialAction\":[{\"@type\":\"SearchAction\",\"target\":{\"@type\":\"EntryPoint\",\"urlTemplate\":\"https:\/\/naturalbikes.cl\/?s={search_term_string}\"},\"query-input\":{\"@type\":\"PropertyValueSpecification\",\"valueRequired\":true,\"valueName\":\"search_term_string\"}}],\"inLanguage\":\"es\"},{\"@type\":\"Organization\",\"@id\":\"https:\/\/naturalbikes.cl\/#organization\",\"name\":\"Natural Bikes\",\"alternateName\":\"Natural Bikes\",\"url\":\"https:\/\/naturalbikes.cl\/\",\"logo\":{\"@type\":\"ImageObject\",\"inLanguage\":\"es\",\"@id\":\"https:\/\/naturalbikes.cl\/#\/schema\/logo\/image\/\",\"url\":\"https:\/\/naturalbikes.cl\/wp-content\/uploads\/2024\/05\/2023-10-10-10.44.12.jpg\",\"contentUrl\":\"https:\/\/naturalbikes.cl\/wp-content\/uploads\/2024\/05\/2023-10-10-10.44.12.jpg\",\"width\":650,\"height\":650,\"caption\":\"Natural Bikes\"},\"image\":{\"@id\":\"https:\/\/naturalbikes.cl\/#\/schema\/logo\/image\/\"},\"sameAs\":[\"https:\/\/www.facebook.com\/naturalbikescl\",\"https:\/\/www.instagram.com\/natural.bikes\",\"https:\/\/www.tiktok.com\/@natural.bikes\"],\"description\":\"Ofrecer a nuestros clientes apasionados por el ciclismo de monta\u00f1a la mejor experiencia en productos, conocimientos especializados y servicios excepcionales. Nos comprometemos a proporcionar una amplia gama de bicicletas, accesorios y equipo de alta calidad, junto con asesoramiento experto y atenci\u00f3n personalizada para cada ciclista, para que puedan explorar, disfrutar y maximizar su aventura en el mundo del MTB\",\"email\":\"naturalbikes1@gmail.com\",\"telephone\":\"56977043878\",\"legalName\":\"Natural Bikes Limitada\",\"foundingDate\":\"2024-01-01\",\"vatID\":\"76699553-5\",\"taxID\":\"76699553-5\",\"numberOfEmployees\":{\"@type\":\"QuantitativeValue\",\"minValue\":\"1\",\"maxValue\":\"10\"},\"publishingPrinciples\":\"https:\/\/naturalbikes.cl\/?page_id=7843\",\"ownershipFundingInfo\":\"https:\/\/naturalbikes.cl\/?page_id=7843\",\"actionableFeedbackPolicy\":\"https:\/\/naturalbikes.cl\/?page_id=14797\",\"correctionsPolicy\":\"https:\/\/naturalbikes.cl\/?page_id=3\",\"ethicsPolicy\":\"https:\/\/naturalbikes.cl\/?page_id=7843\",\"diversityPolicy\":\"https:\/\/naturalbikes.cl\/?page_id=11734\",\"diversityStaffingReport\":\"https:\/\/naturalbikes.cl\/?page_id=12161\"}]}<\/script>\n<!-- \/ Yoast SEO Premium plugin. -->","yoast_head_json":{"title":"Pad porta bicicleta para camioneta: Transporta tus bicicletas con seguridad y comodidad | KANO","description":"El Pad porta bicicleta para camioneta con portal\u00f3n KANO es la soluci\u00f3n perfecta para transportar tus bicicletas con seguridad y comodidad. Fabricado con materiales resistentes y duraderos, este producto garantiza una sujeci\u00f3n firme y protege tanto tu bicicleta como tu veh\u00edculo. Con KANO, llevar tus bicicletas contigo en tus aventuras al aire libre nunca ha sido tan f\u00e1cil y seguro.","robots":{"index":"index","follow":"follow","max-snippet":"max-snippet:-1","max-image-preview":"max-image-preview:large","max-video-preview":"max-video-preview:-1"},"canonical":"https:\/\/naturalbikes.cl\/?product=pad-bicicleta-kano","og_locale":"es_ES","og_type":"article","og_title":"Pad porta Bicicleta camioneta portalon KANO","og_description":"Ofrecer a nuestros clientes apasionados por el ciclismo de monta\u00f1a la mejor experiencia en productos, conocimientos especializados y servicios excepcionales. Nos comprometemos a proporcionar una amplia gama de bicicletas, accesorios y equipo de alta calidad, junto con asesoramiento experto y atenci\u00f3n personalizada para cada ciclista, para que puedan explorar, disfrutar y maximizar su aventura en el mundo del MTB","og_url":"https:\/\/naturalbikes.cl\/?product=pad-bicicleta-kano","og_site_name":"NaturalBikes","article_publisher":"https:\/\/www.facebook.com\/naturalbikescl","article_modified_time":"2026-01-06T20:11:40+00:00","og_image":[{"width":692,"height":500,"url":"https:\/\/naturalbikes.cl\/wp-content\/uploads\/2024\/01\/D_NQ_NP_2X_637622-MLC72643954578_112023-F.jpg","type":"image\/jpeg"}],"twitter_card":"summary_large_image","twitter_misc":{"Tiempo de lectura":"2 minutos"},"schema":{"@context":"https:\/\/schema.org","@graph":[{"@type":"WebPage","@id":"https:\/\/naturalbikes.cl\/?product=pad-bicicleta-kano","url":"https:\/\/naturalbikes.cl\/?product=pad-bicicleta-kano","name":"Pad porta bicicleta para camioneta: Transporta tus bicicletas con seguridad y comodidad | KANO","isPartOf":{"@id":"https:\/\/naturalbikes.cl\/#website"},"primaryImageOfPage":{"@id":"https:\/\/naturalbikes.cl\/?product=pad-bicicleta-kano#primaryimage"},"image":{"@id":"https:\/\/naturalbikes.cl\/?product=pad-bicicleta-kano#primaryimage"},"thumbnailUrl":"https:\/\/naturalbikes.cl\/wp-content\/uploads\/2024\/01\/D_NQ_NP_2X_637622-MLC72643954578_112023-F.jpg","datePublished":"2024-01-02T20:54:25+00:00","dateModified":"2026-01-06T20:11:40+00:00","description":"El Pad porta bicicleta para camioneta con portal\u00f3n KANO es la soluci\u00f3n perfecta para transportar tus bicicletas con seguridad y comodidad. Fabricado con materiales resistentes y duraderos, este producto garantiza una sujeci\u00f3n firme y protege tanto tu bicicleta como tu veh\u00edculo. Con KANO, llevar tus bicicletas contigo en tus aventuras al aire libre nunca ha sido tan f\u00e1cil y seguro.","breadcrumb":{"@id":"https:\/\/naturalbikes.cl\/?product=pad-bicicleta-kano#breadcrumb"},"inLanguage":"es","potentialAction":[{"@type":"ReadAction","target":["https:\/\/naturalbikes.cl\/?product=pad-bicicleta-kano"]}]},{"@type":"ImageObject","inLanguage":"es","@id":"https:\/\/naturalbikes.cl\/?product=pad-bicicleta-kano#primaryimage","url":"https:\/\/naturalbikes.cl\/wp-content\/uploads\/2024\/01\/D_NQ_NP_2X_637622-MLC72643954578_112023-F.jpg","contentUrl":"https:\/\/naturalbikes.cl\/wp-content\/uploads\/2024\/01\/D_NQ_NP_2X_637622-MLC72643954578_112023-F.jpg","width":692,"height":500},{"@type":"BreadcrumbList","@id":"https:\/\/naturalbikes.cl\/?product=pad-bicicleta-kano#breadcrumb","itemListElement":[{"@type":"ListItem","position":1,"name":"Portada","item":"https:\/\/naturalbikes.cl\/"},{"@type":"ListItem","position":2,"name":"Tienda NB","item":"https:\/\/naturalbikes.cl\/?page_id=7843"},{"@type":"ListItem","position":3,"name":"KANO","item":"https:\/\/naturalbikes.cl\/?product_brand=kano"},{"@type":"ListItem","position":4,"name":"Pad porta Bicicleta camioneta portalon KANO"}]},{"@type":"WebSite","@id":"https:\/\/naturalbikes.cl\/#website","url":"https:\/\/naturalbikes.cl\/","name":"Natural Bikes","description":"Tienda de bicicletas repuestos accesorios taller mantenimiento clases salidas","publisher":{"@id":"https:\/\/naturalbikes.cl\/#organization"},"alternateName":"Natural Bikes","potentialAction":[{"@type":"SearchAction","target":{"@type":"EntryPoint","urlTemplate":"https:\/\/naturalbikes.cl\/?s={search_term_string}"},"query-input":{"@type":"PropertyValueSpecification","valueRequired":true,"valueName":"search_term_string"}}],"inLanguage":"es"},{"@type":"Organization","@id":"https:\/\/naturalbikes.cl\/#organization","name":"Natural Bikes","alternateName":"Natural Bikes","url":"https:\/\/naturalbikes.cl\/","logo":{"@type":"ImageObject","inLanguage":"es","@id":"https:\/\/naturalbikes.cl\/#\/schema\/logo\/image\/","url":"https:\/\/naturalbikes.cl\/wp-content\/uploads\/2024\/05\/2023-10-10-10.44.12.jpg","contentUrl":"https:\/\/naturalbikes.cl\/wp-content\/uploads\/2024\/05\/2023-10-10-10.44.12.jpg","width":650,"height":650,"caption":"Natural Bikes"},"image":{"@id":"https:\/\/naturalbikes.cl\/#\/schema\/logo\/image\/"},"sameAs":["https:\/\/www.facebook.com\/naturalbikescl","https:\/\/www.instagram.com\/natural.bikes","https:\/\/www.tiktok.com\/@natural.bikes"],"description":"Ofrecer a nuestros clientes apasionados por el ciclismo de monta\u00f1a la mejor experiencia en productos, conocimientos especializados y servicios excepcionales. Nos comprometemos a proporcionar una amplia gama de bicicletas, accesorios y equipo de alta calidad, junto con asesoramiento experto y atenci\u00f3n personalizada para cada ciclista, para que puedan explorar, disfrutar y maximizar su aventura en el mundo del MTB","email":"naturalbikes1@gmail.com","telephone":"56977043878","legalName":"Natural Bikes Limitada","foundingDate":"2024-01-01","vatID":"76699553-5","taxID":"76699553-5","numberOfEmployees":{"@type":"QuantitativeValue","minValue":"1","maxValue":"10"},"publishingPrinciples":"https:\/\/naturalbikes.cl\/?page_id=7843","ownershipFundingInfo":"https:\/\/naturalbikes.cl\/?page_id=7843","actionableFeedbackPolicy":"https:\/\/naturalbikes.cl\/?page_id=14797","correctionsPolicy":"https:\/\/naturalbikes.cl\/?page_id=3","ethicsPolicy":"https:\/\/naturalbikes.cl\/?page_id=7843","diversityPolicy":"https:\/\/naturalbikes.cl\/?page_id=11734","diversityStaffingReport":"https:\/\/naturalbikes.cl\/?page_id=12161"}]}},"_links":{"self":[{"href":"https:\/\/naturalbikes.cl\/index.php?rest_route=\/wp\/v2\/product\/15436"}],"collection":[{"href":"https:\/\/naturalbikes.cl\/index.php?rest_route=\/wp\/v2\/product"}],"about":[{"href":"https:\/\/naturalbikes.cl\/index.php?rest_route=\/wp\/v2\/types\/product"}],"replies":[{"embeddable":true,"href":"https:\/\/naturalbikes.cl\/index.php?rest_route=%2Fwp%2Fv2%2Fcomments&post=15436"}],"wp:featuredmedia":[{"embeddable":true,"href":"https:\/\/naturalbikes.cl\/index.php?rest_route=\/wp\/v2\/media\/15438"}],"wp:attachment":[{"href":"https:\/\/naturalbikes.cl\/index.php?rest_route=%2Fwp%2Fv2%2Fmedia&parent=15436"}],"wp:term":[{"taxonomy":"product_cat","embeddable":true,"href":"https:\/\/naturalbikes.cl\/index.php?rest_route=%2Fwp%2Fv2%2Fproduct_cat&post=15436"},{"taxonomy":"product_tag","embeddable":true,"href":"https:\/\/naturalbikes.cl\/index.php?rest_route=%2Fwp%2Fv2%2Fproduct_tag&post=15436"}],"curies":[{"name":"wp","href":"https:\/\/api.w.org\/{rel}","templated":true}]}}