{"id":10979,"date":"2023-11-14T09:15:59","date_gmt":"2023-11-14T12:15:59","guid":{"rendered":"https:\/\/naturalbikes.cl\/?product=orbea-orca-2024-m30i"},"modified":"2026-01-06T17:12:16","modified_gmt":"2026-01-06T20:12:16","slug":"orbea-orca-2024-m30i","status":"publish","type":"product","link":"https:\/\/naturalbikes.cl\/?product=orbea-orca-2024-m30i","title":{"rendered":"Bicicleta Orbea Orca M30i"},"content":{"rendered":"<p><a href=\"https:\/\/naturalbikes.cl\/wp-content\/uploads\/2023\/11\/orbea-logo.svg\"><img decoding=\"async\" class=\"size-full wp-image-15040 alignleft\" src=\"https:\/\/naturalbikes.cl\/wp-content\/uploads\/2023\/11\/orbea-logo.svg\" alt=\"\" width=\"148\" height=\"16\" \/><\/a><\/p>\n<h5>PRAISE THE LIGHT<\/h5>\n<p>&nbsp;<\/p>\n<p>La nueva Orca no es simplemente ligera. Es una bici de 6,7Kg de pura tecnolog\u00eda que cambiar\u00e1 la forma en la que llegas a la cima. Esa sensaci\u00f3n que transmite una bici ligera y eficiente es insuperable. La aceleraci\u00f3n instant\u00e1nea, absorci\u00f3n de vibraciones y conducci\u00f3n reactiva proviene de un cuadro dise\u00f1ado para reducir el peso y reforzar la rigidez.<\/p>\n<div class=\"image\"><img fetchpriority=\"high\" decoding=\"async\" class=\"aligncenter\" src=\"https:\/\/www.orbea.com\/img\/technologies\/orca_24_powerspine.jpg\" alt=\"Powerspine\" width=\"410\" height=\"451\" \/><span style=\"font-family: var(--e-global-typography-accent-font-family); font-size: 40px; font-weight: bold; letter-spacing: -1px;\">POWERSPINE<\/span><\/div>\n<div class=\"datas\">\n<p>La parte inferior del cuadro soporta la mayor\u00eda de las cargas torsionales y laterales.<\/p>\n<\/div>\n<div class=\"image\"><img decoding=\"async\" class=\"aligncenter\" src=\"https:\/\/www.orbea.com\/img\/technologies\/orca_24_icr-plus.jpg\" alt=\"ICR Plus\" width=\"410\" height=\"451\" \/><\/div>\n<div class=\"datas\">\n<h3>ICR PLUS<\/h3>\n<p>El cableado interno va cuidadosamente guiado por debajo de la potencia y por dentro del tubo de direcci\u00f3n, sin rozaduras ni ruidos, y est\u00e1 optimizado para cambios tanto mec\u00e1nicos como electr\u00f3nicos.<\/p>\n<\/div>\n<div class=\"image\"><img loading=\"lazy\" decoding=\"async\" class=\"aligncenter\" src=\"https:\/\/www.orbea.com\/img\/technologies\/orca_24_tire-clearance.jpg\" alt=\"Paso de rueda de 32mm\" width=\"410\" height=\"451\" \/><\/div>\n<div class=\"datas\">\n<h3>PASO DE RUEDA DE 32MM<\/h3>\n<p>Como ciclistas conocemos las ventajas de montar cubiertas m\u00e1s anchas en superficies irregulares.<\/p>\n<\/div>\n<div class=\"image\"><img loading=\"lazy\" decoding=\"async\" class=\"aligncenter\" src=\"https:\/\/www.orbea.com\/img\/technologies\/orca_24_seat-clamp.jpg\" alt=\"Abrazadera de la tija\" width=\"410\" height=\"451\" \/><\/div>\n<div class=\"datas\">\n<h3>ABRAZADERA DE LA TIJA<\/h3>\n<p>La abrazadera de la tija, adem\u00e1s de reducir el peso, tiene un estilo \u00fanico.<\/p>\n<\/div>\n<div class=\"image\"><img loading=\"lazy\" decoding=\"async\" class=\"aligncenter\" src=\"https:\/\/www.orbea.com\/img\/technologies\/orca_24_saddle-clamp.jpg\" alt=\"Abrazadera del sill\u00edn\" width=\"410\" height=\"451\" \/><span style=\"font-family: var(--e-global-typography-accent-font-family); font-size: 40px; font-weight: bold; letter-spacing: -1px;\">ABRAZADERA DEL SILL\u00cdN<\/span><\/div>\n<div class=\"datas\">\n<p>La nuez de la tija es m\u00e1s ligera que nunca y funciona perfectamente, tanto para ra\u00edles redondos como ovalados<\/p>\n<h5>ESPECIFICACIONES<\/h5>\n<h5>CONJUNTO CUADRO<\/h5>\n<p>CUADRO<br \/>\nOrbea Orca carbon OMR 2024, monocoque construction, HS 1,5&#8243;, BB 386mm, powermeter compatible, Rear Thru Axle 12x142mm, thread M12x2 P1, internal cable routing.<\/p>\n<p>HORQUILLA<br \/>\nOrbea Orca OMR ICR 2024, full carbon, 1-1\/8&#8243; &#8211; 1,5&#8243; tappered head tube compatible, Thru axle 12x100mm, thread M12x2 P1.<\/p>\n<p>DIRECCION<br \/>\nFSA 1-1\/2&#8243; Integrated Aluminium Cup<\/p>\n<h5>TRANSMISI\u00d3N<\/h5>\n<p>PLATO\/BIELA<br \/>\nShimano 105 R7100 34x50t<\/p>\n<p>MANETAS<br \/>\nShimano Di2 R7170<\/p>\n<p>PI\u00d1ON<br \/>\nShimano 105 R7100 11-34t 12-Speed<\/p>\n<p>CAMBIO<br \/>\nShimano 105 Di2 R7150<\/p>\n<p>DESVIADOR<br \/>\nShimano 105 Di2 R7150<\/p>\n<p>CADENA<br \/>\nShimano M6100<\/p>\n<h5>COCKPIT<\/h5>\n<p>MANILLAR<br \/>\nOC Road Perfornace RP31-R, Rise 15, Reach 70, Drop 125<\/p>\n<p>POTENCIA<br \/>\nOC Road Performance RP21, -6\u00ba<\/p>\n<h5>FRENOS<\/h5>\n<p>FRENO<br \/>\nShimano R7170 Hydraulic Disc<\/p>\n<h5>RUEDAS<\/h5>\n<p>RUEDA<br \/>\nAlloy, Tubeless, 700c, 19c, 28H<\/p>\n<p>CUBIERTA<br \/>\nVittoria Zafiro V Rigid bead 700x28c<\/p>\n<p>EJE RUEDA DELANTERO<br \/>\nOrbea Thru Axle 12x100mm M12x2 P1 Solid<\/p>\n<p>EJE RUEDA TRASERO<br \/>\nOrbea Thru Axle 12x142mm M12x2 P1 Solid<\/p>\n<h5>COMPONENTES<\/h5>\n<p>TIJA SILLIN<br \/>\nCarbon, 27.2mm, Setback 20<\/p>\n<p>SILLIN<br \/>\nFizik Aliante R5<\/p>\n<h5>ACCESORIOS<\/h5>\n<p>CINTA MANILLAR<br \/>\nOrbea Eva<\/p>\n<p>Nos reservamos el derecho a modificar la informaci\u00f3n y los componentes de los productos que aparecen en esta web sin previo aviso, incluido el equipamiento, las especificaciones, modelos, colores y materiales.<\/p>\n<\/div>\n","protected":false},"excerpt":{"rendered":"<p><a href=\"https:\/\/naturalbikes.cl\/wp-content\/uploads\/2023\/11\/orbea-logo.svg\"><img decoding=\"async\" class=\"size-full wp-image-15040 alignleft\" src=\"https:\/\/naturalbikes.cl\/wp-content\/uploads\/2023\/11\/orbea-logo.svg\" alt=\"\" width=\"148\" height=\"16\" \/><\/a><\/p>\n<p><strong>Descubre la excelencia en el ciclismo de ruta con la bicicleta Orbea Orca M30i. Equipada con tecnolog\u00eda de vanguardia y componentes de alta gama, esta bicicleta te brinda un rendimiento excepcional en cada pedalada. Con un dise\u00f1o aerodin\u00e1mico y materiales de primera calidad, la Orbea Orca M30i es la compa\u00f1era perfecta para tus aventuras en carretera. Prep\u00e1rate para alcanzar nuevas alturas en tu rendimiento con la Orca M30i.<\/strong><\/p>\n","protected":false},"featured_media":11533,"comment_status":"open","ping_status":"closed","template":"","meta":[],"product_cat":[204,195,298],"product_tag":[817,35,36,822,828,826],"class_list":{"0":"post-10979","1":"product","2":"type-product","3":"status-publish","4":"has-post-thumbnail","6":"product_brand-orbea","7":"product_cat-bicicleta-ruta","8":"product_cat-bicicletas","9":"product_cat-orbea-bicicleta-ruta","10":"product_tag-bicicleta","11":"product_tag-bicycle","12":"product_tag-bike","13":"product_tag-orbea","14":"product_tag-orca","15":"product_tag-ruta","17":"first","18":"instock","19":"taxable","20":"shipping-taxable","21":"purchasable","22":"product-type-variable","23":"rtwpvg-product"},"yoast_head":"<!-- This site is optimized with the Yoast SEO Premium plugin v24.8 (Yoast SEO v25.6) - https:\/\/yoast.com\/wordpress\/plugins\/seo\/ -->\n<title>Bicicleta Orbea Orca M30i - NaturalBikes<\/title>\n<meta name=\"description\" content=\"Descubre la excelencia en el ciclismo de ruta con la bicicleta Orbea Orca M30i. Equipada con tecnolog\u00eda de vanguardia y componentes de alta gama, esta bicicleta te brinda un rendimiento excepcional en cada pedalada. Con un dise\u00f1o aerodin\u00e1mico y materiales de primera calidad, la Orbea Orca M30i es la compa\u00f1era perfecta para tus aventuras en carretera. Prep\u00e1rate para alcanzar nuevas alturas en tu rendimiento con la Orca M30i.\" \/>\n<meta name=\"robots\" content=\"index, follow, max-snippet:-1, max-image-preview:large, max-video-preview:-1\" \/>\n<link rel=\"canonical\" href=\"https:\/\/naturalbikes.cl\/?product=orbea-orca-2024-m30i\" \/>\n<meta property=\"og:locale\" content=\"es_ES\" \/>\n<meta property=\"og:type\" content=\"article\" \/>\n<meta property=\"og:title\" content=\"Bicicleta Orbea Orca M30i\" \/>\n<meta property=\"og:description\" content=\"Ofrecer a nuestros clientes apasionados por el ciclismo de monta\u00f1a la mejor experiencia en productos, conocimientos especializados y servicios excepcionales. Nos comprometemos a proporcionar una amplia gama de bicicletas, accesorios y equipo de alta calidad, junto con asesoramiento experto y atenci\u00f3n personalizada para cada ciclista, para que puedan explorar, disfrutar y maximizar su aventura en el mundo del MTB\" \/>\n<meta property=\"og:url\" content=\"https:\/\/naturalbikes.cl\/?product=orbea-orca-2024-m30i\" \/>\n<meta property=\"og:site_name\" content=\"NaturalBikes\" \/>\n<meta property=\"article:publisher\" content=\"https:\/\/www.facebook.com\/naturalbikescl\" \/>\n<meta property=\"article:modified_time\" content=\"2026-01-06T20:12:16+00:00\" \/>\n<meta property=\"og:image\" content=\"https:\/\/naturalbikes.cl\/wp-content\/uploads\/2023\/11\/R108TTCC-AJ-SIDE-ORCA_M30i.jpg\" \/>\n\t<meta property=\"og:image:width\" content=\"2500\" \/>\n\t<meta property=\"og:image:height\" content=\"2160\" \/>\n\t<meta property=\"og:image:type\" content=\"image\/jpeg\" \/>\n<meta name=\"twitter:card\" content=\"summary_large_image\" \/>\n<meta name=\"twitter:label1\" content=\"Tiempo de lectura\" \/>\n\t<meta name=\"twitter:data1\" content=\"4 minutos\" \/>\n<script type=\"application\/ld+json\" class=\"yoast-schema-graph\">{\"@context\":\"https:\/\/schema.org\",\"@graph\":[{\"@type\":\"WebPage\",\"@id\":\"https:\/\/naturalbikes.cl\/?product=orbea-orca-2024-m30i\",\"url\":\"https:\/\/naturalbikes.cl\/?product=orbea-orca-2024-m30i\",\"name\":\"Bicicleta Orbea Orca M30i - NaturalBikes\",\"isPartOf\":{\"@id\":\"https:\/\/naturalbikes.cl\/#website\"},\"primaryImageOfPage\":{\"@id\":\"https:\/\/naturalbikes.cl\/?product=orbea-orca-2024-m30i#primaryimage\"},\"image\":{\"@id\":\"https:\/\/naturalbikes.cl\/?product=orbea-orca-2024-m30i#primaryimage\"},\"thumbnailUrl\":\"https:\/\/naturalbikes.cl\/wp-content\/uploads\/2023\/11\/R108TTCC-AJ-SIDE-ORCA_M30i.jpg\",\"datePublished\":\"2023-11-14T12:15:59+00:00\",\"dateModified\":\"2026-01-06T20:12:16+00:00\",\"description\":\"Descubre la excelencia en el ciclismo de ruta con la bicicleta Orbea Orca M30i. Equipada con tecnolog\u00eda de vanguardia y componentes de alta gama, esta bicicleta te brinda un rendimiento excepcional en cada pedalada. Con un dise\u00f1o aerodin\u00e1mico y materiales de primera calidad, la Orbea Orca M30i es la compa\u00f1era perfecta para tus aventuras en carretera. Prep\u00e1rate para alcanzar nuevas alturas en tu rendimiento con la Orca M30i.\",\"breadcrumb\":{\"@id\":\"https:\/\/naturalbikes.cl\/?product=orbea-orca-2024-m30i#breadcrumb\"},\"inLanguage\":\"es\",\"potentialAction\":[{\"@type\":\"ReadAction\",\"target\":[\"https:\/\/naturalbikes.cl\/?product=orbea-orca-2024-m30i\"]}]},{\"@type\":\"ImageObject\",\"inLanguage\":\"es\",\"@id\":\"https:\/\/naturalbikes.cl\/?product=orbea-orca-2024-m30i#primaryimage\",\"url\":\"https:\/\/naturalbikes.cl\/wp-content\/uploads\/2023\/11\/R108TTCC-AJ-SIDE-ORCA_M30i.jpg\",\"contentUrl\":\"https:\/\/naturalbikes.cl\/wp-content\/uploads\/2023\/11\/R108TTCC-AJ-SIDE-ORCA_M30i.jpg\",\"width\":2500,\"height\":2160},{\"@type\":\"BreadcrumbList\",\"@id\":\"https:\/\/naturalbikes.cl\/?product=orbea-orca-2024-m30i#breadcrumb\",\"itemListElement\":[{\"@type\":\"ListItem\",\"position\":1,\"name\":\"Portada\",\"item\":\"https:\/\/naturalbikes.cl\/\"},{\"@type\":\"ListItem\",\"position\":2,\"name\":\"Tienda NB\",\"item\":\"https:\/\/naturalbikes.cl\/?page_id=7843\"},{\"@type\":\"ListItem\",\"position\":3,\"name\":\"Orbea\",\"item\":\"https:\/\/naturalbikes.cl\/?product_brand=orbea\"},{\"@type\":\"ListItem\",\"position\":4,\"name\":\"Bicicleta Orbea Orca M30i\"}]},{\"@type\":\"WebSite\",\"@id\":\"https:\/\/naturalbikes.cl\/#website\",\"url\":\"https:\/\/naturalbikes.cl\/\",\"name\":\"Natural Bikes\",\"description\":\"Tienda de bicicletas repuestos accesorios taller mantenimiento clases salidas\",\"publisher\":{\"@id\":\"https:\/\/naturalbikes.cl\/#organization\"},\"alternateName\":\"Natural Bikes\",\"potentialAction\":[{\"@type\":\"SearchAction\",\"target\":{\"@type\":\"EntryPoint\",\"urlTemplate\":\"https:\/\/naturalbikes.cl\/?s={search_term_string}\"},\"query-input\":{\"@type\":\"PropertyValueSpecification\",\"valueRequired\":true,\"valueName\":\"search_term_string\"}}],\"inLanguage\":\"es\"},{\"@type\":\"Organization\",\"@id\":\"https:\/\/naturalbikes.cl\/#organization\",\"name\":\"Natural Bikes\",\"alternateName\":\"Natural Bikes\",\"url\":\"https:\/\/naturalbikes.cl\/\",\"logo\":{\"@type\":\"ImageObject\",\"inLanguage\":\"es\",\"@id\":\"https:\/\/naturalbikes.cl\/#\/schema\/logo\/image\/\",\"url\":\"https:\/\/naturalbikes.cl\/wp-content\/uploads\/2024\/05\/2023-10-10-10.44.12.jpg\",\"contentUrl\":\"https:\/\/naturalbikes.cl\/wp-content\/uploads\/2024\/05\/2023-10-10-10.44.12.jpg\",\"width\":650,\"height\":650,\"caption\":\"Natural Bikes\"},\"image\":{\"@id\":\"https:\/\/naturalbikes.cl\/#\/schema\/logo\/image\/\"},\"sameAs\":[\"https:\/\/www.facebook.com\/naturalbikescl\",\"https:\/\/www.instagram.com\/natural.bikes\",\"https:\/\/www.tiktok.com\/@natural.bikes\"],\"description\":\"Ofrecer a nuestros clientes apasionados por el ciclismo de monta\u00f1a la mejor experiencia en productos, conocimientos especializados y servicios excepcionales. Nos comprometemos a proporcionar una amplia gama de bicicletas, accesorios y equipo de alta calidad, junto con asesoramiento experto y atenci\u00f3n personalizada para cada ciclista, para que puedan explorar, disfrutar y maximizar su aventura en el mundo del MTB\",\"email\":\"naturalbikes1@gmail.com\",\"telephone\":\"56977043878\",\"legalName\":\"Natural Bikes Limitada\",\"foundingDate\":\"2024-01-01\",\"vatID\":\"76699553-5\",\"taxID\":\"76699553-5\",\"numberOfEmployees\":{\"@type\":\"QuantitativeValue\",\"minValue\":\"1\",\"maxValue\":\"10\"},\"publishingPrinciples\":\"https:\/\/naturalbikes.cl\/?page_id=7843\",\"ownershipFundingInfo\":\"https:\/\/naturalbikes.cl\/?page_id=7843\",\"actionableFeedbackPolicy\":\"https:\/\/naturalbikes.cl\/?page_id=14797\",\"correctionsPolicy\":\"https:\/\/naturalbikes.cl\/?page_id=3\",\"ethicsPolicy\":\"https:\/\/naturalbikes.cl\/?page_id=7843\",\"diversityPolicy\":\"https:\/\/naturalbikes.cl\/?page_id=11734\",\"diversityStaffingReport\":\"https:\/\/naturalbikes.cl\/?page_id=12161\"}]}<\/script>\n<!-- \/ Yoast SEO Premium plugin. -->","yoast_head_json":{"title":"Bicicleta Orbea Orca M30i - NaturalBikes","description":"Descubre la excelencia en el ciclismo de ruta con la bicicleta Orbea Orca M30i. Equipada con tecnolog\u00eda de vanguardia y componentes de alta gama, esta bicicleta te brinda un rendimiento excepcional en cada pedalada. Con un dise\u00f1o aerodin\u00e1mico y materiales de primera calidad, la Orbea Orca M30i es la compa\u00f1era perfecta para tus aventuras en carretera. Prep\u00e1rate para alcanzar nuevas alturas en tu rendimiento con la Orca M30i.","robots":{"index":"index","follow":"follow","max-snippet":"max-snippet:-1","max-image-preview":"max-image-preview:large","max-video-preview":"max-video-preview:-1"},"canonical":"https:\/\/naturalbikes.cl\/?product=orbea-orca-2024-m30i","og_locale":"es_ES","og_type":"article","og_title":"Bicicleta Orbea Orca M30i","og_description":"Ofrecer a nuestros clientes apasionados por el ciclismo de monta\u00f1a la mejor experiencia en productos, conocimientos especializados y servicios excepcionales. Nos comprometemos a proporcionar una amplia gama de bicicletas, accesorios y equipo de alta calidad, junto con asesoramiento experto y atenci\u00f3n personalizada para cada ciclista, para que puedan explorar, disfrutar y maximizar su aventura en el mundo del MTB","og_url":"https:\/\/naturalbikes.cl\/?product=orbea-orca-2024-m30i","og_site_name":"NaturalBikes","article_publisher":"https:\/\/www.facebook.com\/naturalbikescl","article_modified_time":"2026-01-06T20:12:16+00:00","og_image":[{"width":2500,"height":2160,"url":"https:\/\/naturalbikes.cl\/wp-content\/uploads\/2023\/11\/R108TTCC-AJ-SIDE-ORCA_M30i.jpg","type":"image\/jpeg"}],"twitter_card":"summary_large_image","twitter_misc":{"Tiempo de lectura":"4 minutos"},"schema":{"@context":"https:\/\/schema.org","@graph":[{"@type":"WebPage","@id":"https:\/\/naturalbikes.cl\/?product=orbea-orca-2024-m30i","url":"https:\/\/naturalbikes.cl\/?product=orbea-orca-2024-m30i","name":"Bicicleta Orbea Orca M30i - NaturalBikes","isPartOf":{"@id":"https:\/\/naturalbikes.cl\/#website"},"primaryImageOfPage":{"@id":"https:\/\/naturalbikes.cl\/?product=orbea-orca-2024-m30i#primaryimage"},"image":{"@id":"https:\/\/naturalbikes.cl\/?product=orbea-orca-2024-m30i#primaryimage"},"thumbnailUrl":"https:\/\/naturalbikes.cl\/wp-content\/uploads\/2023\/11\/R108TTCC-AJ-SIDE-ORCA_M30i.jpg","datePublished":"2023-11-14T12:15:59+00:00","dateModified":"2026-01-06T20:12:16+00:00","description":"Descubre la excelencia en el ciclismo de ruta con la bicicleta Orbea Orca M30i. Equipada con tecnolog\u00eda de vanguardia y componentes de alta gama, esta bicicleta te brinda un rendimiento excepcional en cada pedalada. Con un dise\u00f1o aerodin\u00e1mico y materiales de primera calidad, la Orbea Orca M30i es la compa\u00f1era perfecta para tus aventuras en carretera. Prep\u00e1rate para alcanzar nuevas alturas en tu rendimiento con la Orca M30i.","breadcrumb":{"@id":"https:\/\/naturalbikes.cl\/?product=orbea-orca-2024-m30i#breadcrumb"},"inLanguage":"es","potentialAction":[{"@type":"ReadAction","target":["https:\/\/naturalbikes.cl\/?product=orbea-orca-2024-m30i"]}]},{"@type":"ImageObject","inLanguage":"es","@id":"https:\/\/naturalbikes.cl\/?product=orbea-orca-2024-m30i#primaryimage","url":"https:\/\/naturalbikes.cl\/wp-content\/uploads\/2023\/11\/R108TTCC-AJ-SIDE-ORCA_M30i.jpg","contentUrl":"https:\/\/naturalbikes.cl\/wp-content\/uploads\/2023\/11\/R108TTCC-AJ-SIDE-ORCA_M30i.jpg","width":2500,"height":2160},{"@type":"BreadcrumbList","@id":"https:\/\/naturalbikes.cl\/?product=orbea-orca-2024-m30i#breadcrumb","itemListElement":[{"@type":"ListItem","position":1,"name":"Portada","item":"https:\/\/naturalbikes.cl\/"},{"@type":"ListItem","position":2,"name":"Tienda NB","item":"https:\/\/naturalbikes.cl\/?page_id=7843"},{"@type":"ListItem","position":3,"name":"Orbea","item":"https:\/\/naturalbikes.cl\/?product_brand=orbea"},{"@type":"ListItem","position":4,"name":"Bicicleta Orbea Orca M30i"}]},{"@type":"WebSite","@id":"https:\/\/naturalbikes.cl\/#website","url":"https:\/\/naturalbikes.cl\/","name":"Natural Bikes","description":"Tienda de bicicletas repuestos accesorios taller mantenimiento clases salidas","publisher":{"@id":"https:\/\/naturalbikes.cl\/#organization"},"alternateName":"Natural Bikes","potentialAction":[{"@type":"SearchAction","target":{"@type":"EntryPoint","urlTemplate":"https:\/\/naturalbikes.cl\/?s={search_term_string}"},"query-input":{"@type":"PropertyValueSpecification","valueRequired":true,"valueName":"search_term_string"}}],"inLanguage":"es"},{"@type":"Organization","@id":"https:\/\/naturalbikes.cl\/#organization","name":"Natural Bikes","alternateName":"Natural Bikes","url":"https:\/\/naturalbikes.cl\/","logo":{"@type":"ImageObject","inLanguage":"es","@id":"https:\/\/naturalbikes.cl\/#\/schema\/logo\/image\/","url":"https:\/\/naturalbikes.cl\/wp-content\/uploads\/2024\/05\/2023-10-10-10.44.12.jpg","contentUrl":"https:\/\/naturalbikes.cl\/wp-content\/uploads\/2024\/05\/2023-10-10-10.44.12.jpg","width":650,"height":650,"caption":"Natural Bikes"},"image":{"@id":"https:\/\/naturalbikes.cl\/#\/schema\/logo\/image\/"},"sameAs":["https:\/\/www.facebook.com\/naturalbikescl","https:\/\/www.instagram.com\/natural.bikes","https:\/\/www.tiktok.com\/@natural.bikes"],"description":"Ofrecer a nuestros clientes apasionados por el ciclismo de monta\u00f1a la mejor experiencia en productos, conocimientos especializados y servicios excepcionales. Nos comprometemos a proporcionar una amplia gama de bicicletas, accesorios y equipo de alta calidad, junto con asesoramiento experto y atenci\u00f3n personalizada para cada ciclista, para que puedan explorar, disfrutar y maximizar su aventura en el mundo del MTB","email":"naturalbikes1@gmail.com","telephone":"56977043878","legalName":"Natural Bikes Limitada","foundingDate":"2024-01-01","vatID":"76699553-5","taxID":"76699553-5","numberOfEmployees":{"@type":"QuantitativeValue","minValue":"1","maxValue":"10"},"publishingPrinciples":"https:\/\/naturalbikes.cl\/?page_id=7843","ownershipFundingInfo":"https:\/\/naturalbikes.cl\/?page_id=7843","actionableFeedbackPolicy":"https:\/\/naturalbikes.cl\/?page_id=14797","correctionsPolicy":"https:\/\/naturalbikes.cl\/?page_id=3","ethicsPolicy":"https:\/\/naturalbikes.cl\/?page_id=7843","diversityPolicy":"https:\/\/naturalbikes.cl\/?page_id=11734","diversityStaffingReport":"https:\/\/naturalbikes.cl\/?page_id=12161"}]}},"_links":{"self":[{"href":"https:\/\/naturalbikes.cl\/index.php?rest_route=\/wp\/v2\/product\/10979"}],"collection":[{"href":"https:\/\/naturalbikes.cl\/index.php?rest_route=\/wp\/v2\/product"}],"about":[{"href":"https:\/\/naturalbikes.cl\/index.php?rest_route=\/wp\/v2\/types\/product"}],"replies":[{"embeddable":true,"href":"https:\/\/naturalbikes.cl\/index.php?rest_route=%2Fwp%2Fv2%2Fcomments&post=10979"}],"wp:featuredmedia":[{"embeddable":true,"href":"https:\/\/naturalbikes.cl\/index.php?rest_route=\/wp\/v2\/media\/11533"}],"wp:attachment":[{"href":"https:\/\/naturalbikes.cl\/index.php?rest_route=%2Fwp%2Fv2%2Fmedia&parent=10979"}],"wp:term":[{"taxonomy":"product_cat","embeddable":true,"href":"https:\/\/naturalbikes.cl\/index.php?rest_route=%2Fwp%2Fv2%2Fproduct_cat&post=10979"},{"taxonomy":"product_tag","embeddable":true,"href":"https:\/\/naturalbikes.cl\/index.php?rest_route=%2Fwp%2Fv2%2Fproduct_tag&post=10979"}],"curies":[{"name":"wp","href":"https:\/\/api.w.org\/{rel}","templated":true}]}}