{"id":10972,"date":"2023-11-14T09:15:59","date_gmt":"2023-11-14T12:15:59","guid":{"rendered":"https:\/\/naturalbikes.cl\/?product=orbea-oiz-carbon-m30"},"modified":"2026-01-06T17:12:43","modified_gmt":"2026-01-06T20:12:43","slug":"orbea-oiz-carbon-m30","status":"publish","type":"product","link":"https:\/\/naturalbikes.cl\/?product=orbea-oiz-carbon-m30","title":{"rendered":"Bicicleta Orbea Oiz Carbon M30"},"content":{"rendered":"<h2 style=\"text-align: center;\"><a style=\"font-size: 16px;\" href=\"https:\/\/naturalbikes.cl\/wp-content\/uploads\/2023\/11\/orbea-logo.svg\"><img decoding=\"async\" class=\"size-full wp-image-15040 alignleft\" src=\"https:\/\/naturalbikes.cl\/wp-content\/uploads\/2023\/11\/orbea-logo.svg\" alt=\"\" width=\"148\" height=\"16\" \/><\/a><\/h2>\n<h5><span style=\"color: #000000;\"><a style=\"color: #000000;\" href=\"https:\/\/naturalbikes.cl\/wp-content\/uploads\/2023\/11\/orbea-logo.svg\">BUILT TO FLY<\/a><\/span><\/h5>\n<p><a href=\"https:\/\/naturalbikes.cl\/wp-content\/uploads\/2023\/11\/orbea-logo.svg\"><br \/>\n<span style=\"color: #000000;\">Toma el control sin concesiones. Oiz no es una bici de down country ni de trail, es la m\u00e1quina de competici\u00f3n de XC de 120 mm m\u00e1s elegante y veloz. Con una geometr\u00eda moderna, una suspensi\u00f3n inteligente y dise\u00f1ada teniendo en cuenta los 120 mm desde su concepci\u00f3n, con Oiz conseguimos una dosis adicional de diversi\u00f3n sin comprometer el peso ni la eficiencia. En pocas palabras: Oiz es la bici de XC m\u00e1s r\u00e1pida que hayamos creado en nuestros m\u00e1s de 180 a\u00f1os de historia.<\/span><\/a><\/p>\n<div class=\"image\"><img fetchpriority=\"high\" decoding=\"async\" class=\"aligncenter\" src=\"https:\/\/www.orbea.com\/img\/technologies\/01_travel.jpg\" alt=\"120 mm de recorrido sin concesiones\" width=\"410\" height=\"451\" \/><\/div>\n<div class=\"datas\">\n<h5>120 MM DE RECORRIDO SIN CONCESIONES<\/h5>\n<p>En el pasado, tener que elegir entre 100 mm y 120 mm obligaba a renunciar a algo, ya fuera el control de los 120 mm o la ligereza y la eficiencia de los 100 mm. Con un dise\u00f1o basado desde su concepci\u00f3n en un recorrido m\u00e1s largo, pero a la vez m\u00e1s ligero y eficiente que nunca, Oiz se opone rotundamente a esta clase de concesiones.<\/p>\n<\/div>\n<div class=\"image\"><img decoding=\"async\" class=\"aligncenter\" src=\"https:\/\/www.orbea.com\/img\/technologies\/02_sic_2.jpg\" alt=\"SIC System\" width=\"410\" height=\"451\" \/><\/div>\n<div class=\"datas\">\n<h5>SIC SYSTEM<\/h5>\n<p>El SIC System optimiza el recorrido de los cables por la direcci\u00f3n y las gu\u00edas internas, y del tri\u00e1ngulo delantero al trasero a trav\u00e9s de nuestro sistema de tendido de cables.<\/p>\n<\/div>\n<div class=\"image\"><img loading=\"lazy\" decoding=\"async\" class=\"aligncenter\" src=\"https:\/\/www.orbea.com\/img\/technologies\/03_I-line.jpg\" alt=\"I-Line\" width=\"410\" height=\"451\" \/><\/div>\n<div class=\"datas\">\n<h5>I-LINE<\/h5>\n<p>Nuestra tecnolog\u00eda patentada I-Line de bloqueo de la suspensi\u00f3n es la m\u00e1s estilizada e integrada que encontrar\u00e1s en el mercado.<\/p>\n<div class=\"image\"><img loading=\"lazy\" decoding=\"async\" class=\"aligncenter\" src=\"https:\/\/www.orbea.com\/img\/technologies\/04_simple.jpg\" alt=\"La b\u00fasqueda de la simplicidad\" width=\"410\" height=\"451\" \/><\/div>\n<div class=\"datas\">\n<h5>LA B\u00daSQUEDA DE LA SIMPLICIDAD<\/h5>\n<p>Al eliminar todo lo superfluo y a\u00f1adir \u00fanicamente caracter\u00edsticas que mejoran la experiencia sobre dos ruedas, el cuadro de Oiz es, con 1740 gramos, uno de los m\u00e1s ligeros que existen en el XC. Y es que la ligereza es esencial para que una bici de Cross Country sea r\u00e1pida y, gracias a nuestra incesante b\u00fasqueda de la simplicidad, Oiz no compromete ning\u00fan otro aspecto para conseguirlo.<\/p>\n<\/div>\n<h5>ESPECIFICACIONES<\/h5>\n<h5>CONJUNTO CUADRO<\/h5>\n<p>CUADRO<br \/>\nOrbea Oiz Carbon OMR, Fiberlink, Boost, BSA, SIC, UFO, I-line shock<\/p>\n<p>AMORTIGUADOR<br \/>\nFox Float SL Performance 120mm Remote Push-lock Evol custom tune190x45mm<\/p>\n<p>HORQUILLA<br \/>\nFox 34 Float SC Performance 120 Grip Remote Push to Lock QR15x110<\/p>\n<p>DIRECCION<br \/>\nAlloy 1-1\/2&#8243;, Black Oxidated Bearing<\/p>\n<h5>TRANSMISI\u00d3N<\/h5>\n<p>PLATO\/BIELA<br \/>\nShimano MT511 32t<\/p>\n<p>MANETAS<br \/>\nShimano Deore M6100 I-Spec EV<\/p>\n<p>PI\u00d1ON<br \/>\nShimano CS-M6100 10-51t 12-Speed<\/p>\n<p>CAMBIO<br \/>\nShimano SLX M7100 SGS Shadow Plus<\/p>\n<p>CADENA<br \/>\nShimano M6100<\/p>\n<h5>COCKPIT<\/h5>\n<p>MANILLAR<br \/>\nOC Mountain Performance MP30, Width 760<\/p>\n<p>POTENCIA<br \/>\nOC Mountain Performance MP21, -6\u00ba<\/p>\n<h5>FRENOS<\/h5>\n<p>FRENO<br \/>\nShimano M6100 Hydraulic Disc<\/p>\n<h5>RUEDAS<\/h5>\n<p>RUEDA<br \/>\nAlloy, Tubeless, 25c, 32H<\/p>\n<p>CUBIERTA<br \/>\nMaxxis Rekon Race 2.40&#8243; WT 120 TPI Exo TLR<\/p>\n<h5>COMPONENTES<\/h5>\n<p>TIJA SILLIN<br \/>\nOC Mountain Control MC21, 31.6mm, Dropper<\/p>\n<p>SILLIN<br \/>\nSelle Italia Model X FecAlloy Rail 145x248mm<\/p>\n<p>PU\u00d1OS<br \/>\nOC Lock On<\/p>\n<p>BLOQUEO REMOTO<br \/>\nOC Squidlock MP20 Remote, Dropper, Suspension 3 Pos<\/p>\n<p>Nos reservamos el derecho a modificar la informaci\u00f3n y los componentes de los productos que aparecen en esta web sin previo aviso, incluido el equipamiento, las especificaciones, modelos, colores y materiales.<\/p>\n<\/div>\n","protected":false},"excerpt":{"rendered":"<p><a href=\"https:\/\/naturalbikes.cl\/wp-content\/uploads\/2023\/11\/orbea-logo.svg\"><img decoding=\"async\" class=\"size-full wp-image-15040 alignleft\" src=\"https:\/\/naturalbikes.cl\/wp-content\/uploads\/2023\/11\/orbea-logo.svg\" alt=\"\" width=\"148\" height=\"16\" \/><\/a><\/p>\n<p><strong>Descubre el equilibrio perfecto entre rendimiento y versatilidad con la bicicleta MTB XC XCO Orbea Oiz Carbon M30. Dise\u00f1ada para conquistar los terrenos m\u00e1s desafiantes, esta bicicleta ofrece un cuadro de carbono de alta calidad y componentes de primera l\u00ednea que te brindan un control excepcional y una experiencia de conducci\u00f3n sin igual. Prep\u00e1rate para elevar tu juego en competiciones de XC y XCO con la Orbea Oiz Carbon M30.<\/strong><\/p>\n","protected":false},"featured_media":11202,"comment_status":"open","ping_status":"closed","template":"","meta":[],"product_cat":[206,195,296],"product_tag":[817,35,36,849,851,822,852,853],"class_list":{"0":"post-10972","1":"product","2":"type-product","3":"status-publish","4":"has-post-thumbnail","6":"product_brand-orbea","7":"product_cat-bicicleta-xc","8":"product_cat-bicicletas","9":"product_cat-orbea-bicicleta-xc","10":"product_tag-bicicleta","11":"product_tag-bicycle","12":"product_tag-bike","13":"product_tag-mtb","14":"product_tag-oiz","15":"product_tag-orbea","16":"product_tag-xc","17":"product_tag-xco","19":"first","20":"instock","21":"taxable","22":"shipping-taxable","23":"purchasable","24":"product-type-variable","25":"rtwpvg-product"},"yoast_head":"<!-- This site is optimized with the Yoast SEO Premium plugin v24.8 (Yoast SEO v25.6) - https:\/\/yoast.com\/wordpress\/plugins\/seo\/ -->\n<title>Bicicleta Orbea Oiz Carbon M30 - NaturalBikes<\/title>\n<meta name=\"description\" content=\"Descubre el equilibrio perfecto entre rendimiento y versatilidad con la bicicleta MTB XC XCO Orbea Oiz Carbon M30. Dise\u00f1ada para conquistar los terrenos m\u00e1s desafiantes, esta bicicleta ofrece un cuadro de carbono de alta calidad y componentes de primera l\u00ednea que te brindan un control excepcional y una experiencia de conducci\u00f3n sin igual. Prep\u00e1rate para elevar tu juego en competiciones de XC y XCO con la Orbea Oiz Carbon M30.\" \/>\n<meta name=\"robots\" content=\"index, follow, max-snippet:-1, max-image-preview:large, max-video-preview:-1\" \/>\n<link rel=\"canonical\" href=\"https:\/\/naturalbikes.cl\/?product=orbea-oiz-carbon-m30\" \/>\n<meta property=\"og:locale\" content=\"es_ES\" \/>\n<meta property=\"og:type\" content=\"article\" \/>\n<meta property=\"og:title\" content=\"Bicicleta Orbea Oiz Carbon M30\" \/>\n<meta property=\"og:description\" content=\"Ofrecer a nuestros clientes apasionados por el ciclismo de monta\u00f1a la mejor experiencia en productos, conocimientos especializados y servicios excepcionales. Nos comprometemos a proporcionar una amplia gama de bicicletas, accesorios y equipo de alta calidad, junto con asesoramiento experto y atenci\u00f3n personalizada para cada ciclista, para que puedan explorar, disfrutar y maximizar su aventura en el mundo del MTB\" \/>\n<meta property=\"og:url\" content=\"https:\/\/naturalbikes.cl\/?product=orbea-oiz-carbon-m30\" \/>\n<meta property=\"og:site_name\" content=\"NaturalBikes\" \/>\n<meta property=\"article:publisher\" content=\"https:\/\/www.facebook.com\/naturalbikescl\" \/>\n<meta property=\"article:modified_time\" content=\"2026-01-06T20:12:43+00:00\" \/>\n<meta property=\"og:image\" content=\"https:\/\/naturalbikes.cl\/wp-content\/uploads\/2023\/11\/N237TTCC-N1-SIDE-OIZ_M30.jpg\" \/>\n\t<meta property=\"og:image:width\" content=\"2000\" \/>\n\t<meta property=\"og:image:height\" content=\"1728\" \/>\n\t<meta property=\"og:image:type\" content=\"image\/jpeg\" \/>\n<meta name=\"twitter:card\" content=\"summary_large_image\" \/>\n<meta name=\"twitter:label1\" content=\"Tiempo de lectura\" \/>\n\t<meta name=\"twitter:data1\" content=\"4 minutos\" \/>\n<script type=\"application\/ld+json\" class=\"yoast-schema-graph\">{\"@context\":\"https:\/\/schema.org\",\"@graph\":[{\"@type\":\"WebPage\",\"@id\":\"https:\/\/naturalbikes.cl\/?product=orbea-oiz-carbon-m30\",\"url\":\"https:\/\/naturalbikes.cl\/?product=orbea-oiz-carbon-m30\",\"name\":\"Bicicleta Orbea Oiz Carbon M30 - NaturalBikes\",\"isPartOf\":{\"@id\":\"https:\/\/naturalbikes.cl\/#website\"},\"primaryImageOfPage\":{\"@id\":\"https:\/\/naturalbikes.cl\/?product=orbea-oiz-carbon-m30#primaryimage\"},\"image\":{\"@id\":\"https:\/\/naturalbikes.cl\/?product=orbea-oiz-carbon-m30#primaryimage\"},\"thumbnailUrl\":\"https:\/\/naturalbikes.cl\/wp-content\/uploads\/2023\/11\/N237TTCC-N1-SIDE-OIZ_M30.jpg\",\"datePublished\":\"2023-11-14T12:15:59+00:00\",\"dateModified\":\"2026-01-06T20:12:43+00:00\",\"description\":\"Descubre el equilibrio perfecto entre rendimiento y versatilidad con la bicicleta MTB XC XCO Orbea Oiz Carbon M30. Dise\u00f1ada para conquistar los terrenos m\u00e1s desafiantes, esta bicicleta ofrece un cuadro de carbono de alta calidad y componentes de primera l\u00ednea que te brindan un control excepcional y una experiencia de conducci\u00f3n sin igual. Prep\u00e1rate para elevar tu juego en competiciones de XC y XCO con la Orbea Oiz Carbon M30.\",\"breadcrumb\":{\"@id\":\"https:\/\/naturalbikes.cl\/?product=orbea-oiz-carbon-m30#breadcrumb\"},\"inLanguage\":\"es\",\"potentialAction\":[{\"@type\":\"ReadAction\",\"target\":[\"https:\/\/naturalbikes.cl\/?product=orbea-oiz-carbon-m30\"]}]},{\"@type\":\"ImageObject\",\"inLanguage\":\"es\",\"@id\":\"https:\/\/naturalbikes.cl\/?product=orbea-oiz-carbon-m30#primaryimage\",\"url\":\"https:\/\/naturalbikes.cl\/wp-content\/uploads\/2023\/11\/N237TTCC-N1-SIDE-OIZ_M30.jpg\",\"contentUrl\":\"https:\/\/naturalbikes.cl\/wp-content\/uploads\/2023\/11\/N237TTCC-N1-SIDE-OIZ_M30.jpg\",\"width\":2000,\"height\":1728},{\"@type\":\"BreadcrumbList\",\"@id\":\"https:\/\/naturalbikes.cl\/?product=orbea-oiz-carbon-m30#breadcrumb\",\"itemListElement\":[{\"@type\":\"ListItem\",\"position\":1,\"name\":\"Portada\",\"item\":\"https:\/\/naturalbikes.cl\/\"},{\"@type\":\"ListItem\",\"position\":2,\"name\":\"Tienda NB\",\"item\":\"https:\/\/naturalbikes.cl\/?page_id=7843\"},{\"@type\":\"ListItem\",\"position\":3,\"name\":\"Orbea\",\"item\":\"https:\/\/naturalbikes.cl\/?product_brand=orbea\"},{\"@type\":\"ListItem\",\"position\":4,\"name\":\"Bicicleta Orbea Oiz Carbon M30\"}]},{\"@type\":\"WebSite\",\"@id\":\"https:\/\/naturalbikes.cl\/#website\",\"url\":\"https:\/\/naturalbikes.cl\/\",\"name\":\"Natural Bikes\",\"description\":\"Tienda de bicicletas repuestos accesorios taller mantenimiento clases salidas\",\"publisher\":{\"@id\":\"https:\/\/naturalbikes.cl\/#organization\"},\"alternateName\":\"Natural Bikes\",\"potentialAction\":[{\"@type\":\"SearchAction\",\"target\":{\"@type\":\"EntryPoint\",\"urlTemplate\":\"https:\/\/naturalbikes.cl\/?s={search_term_string}\"},\"query-input\":{\"@type\":\"PropertyValueSpecification\",\"valueRequired\":true,\"valueName\":\"search_term_string\"}}],\"inLanguage\":\"es\"},{\"@type\":\"Organization\",\"@id\":\"https:\/\/naturalbikes.cl\/#organization\",\"name\":\"Natural Bikes\",\"alternateName\":\"Natural Bikes\",\"url\":\"https:\/\/naturalbikes.cl\/\",\"logo\":{\"@type\":\"ImageObject\",\"inLanguage\":\"es\",\"@id\":\"https:\/\/naturalbikes.cl\/#\/schema\/logo\/image\/\",\"url\":\"https:\/\/naturalbikes.cl\/wp-content\/uploads\/2024\/05\/2023-10-10-10.44.12.jpg\",\"contentUrl\":\"https:\/\/naturalbikes.cl\/wp-content\/uploads\/2024\/05\/2023-10-10-10.44.12.jpg\",\"width\":650,\"height\":650,\"caption\":\"Natural Bikes\"},\"image\":{\"@id\":\"https:\/\/naturalbikes.cl\/#\/schema\/logo\/image\/\"},\"sameAs\":[\"https:\/\/www.facebook.com\/naturalbikescl\",\"https:\/\/www.instagram.com\/natural.bikes\",\"https:\/\/www.tiktok.com\/@natural.bikes\"],\"description\":\"Ofrecer a nuestros clientes apasionados por el ciclismo de monta\u00f1a la mejor experiencia en productos, conocimientos especializados y servicios excepcionales. Nos comprometemos a proporcionar una amplia gama de bicicletas, accesorios y equipo de alta calidad, junto con asesoramiento experto y atenci\u00f3n personalizada para cada ciclista, para que puedan explorar, disfrutar y maximizar su aventura en el mundo del MTB\",\"email\":\"naturalbikes1@gmail.com\",\"telephone\":\"56977043878\",\"legalName\":\"Natural Bikes Limitada\",\"foundingDate\":\"2024-01-01\",\"vatID\":\"76699553-5\",\"taxID\":\"76699553-5\",\"numberOfEmployees\":{\"@type\":\"QuantitativeValue\",\"minValue\":\"1\",\"maxValue\":\"10\"},\"publishingPrinciples\":\"https:\/\/naturalbikes.cl\/?page_id=7843\",\"ownershipFundingInfo\":\"https:\/\/naturalbikes.cl\/?page_id=7843\",\"actionableFeedbackPolicy\":\"https:\/\/naturalbikes.cl\/?page_id=14797\",\"correctionsPolicy\":\"https:\/\/naturalbikes.cl\/?page_id=3\",\"ethicsPolicy\":\"https:\/\/naturalbikes.cl\/?page_id=7843\",\"diversityPolicy\":\"https:\/\/naturalbikes.cl\/?page_id=11734\",\"diversityStaffingReport\":\"https:\/\/naturalbikes.cl\/?page_id=12161\"}]}<\/script>\n<!-- \/ Yoast SEO Premium plugin. -->","yoast_head_json":{"title":"Bicicleta Orbea Oiz Carbon M30 - NaturalBikes","description":"Descubre el equilibrio perfecto entre rendimiento y versatilidad con la bicicleta MTB XC XCO Orbea Oiz Carbon M30. Dise\u00f1ada para conquistar los terrenos m\u00e1s desafiantes, esta bicicleta ofrece un cuadro de carbono de alta calidad y componentes de primera l\u00ednea que te brindan un control excepcional y una experiencia de conducci\u00f3n sin igual. Prep\u00e1rate para elevar tu juego en competiciones de XC y XCO con la Orbea Oiz Carbon M30.","robots":{"index":"index","follow":"follow","max-snippet":"max-snippet:-1","max-image-preview":"max-image-preview:large","max-video-preview":"max-video-preview:-1"},"canonical":"https:\/\/naturalbikes.cl\/?product=orbea-oiz-carbon-m30","og_locale":"es_ES","og_type":"article","og_title":"Bicicleta Orbea Oiz Carbon M30","og_description":"Ofrecer a nuestros clientes apasionados por el ciclismo de monta\u00f1a la mejor experiencia en productos, conocimientos especializados y servicios excepcionales. Nos comprometemos a proporcionar una amplia gama de bicicletas, accesorios y equipo de alta calidad, junto con asesoramiento experto y atenci\u00f3n personalizada para cada ciclista, para que puedan explorar, disfrutar y maximizar su aventura en el mundo del MTB","og_url":"https:\/\/naturalbikes.cl\/?product=orbea-oiz-carbon-m30","og_site_name":"NaturalBikes","article_publisher":"https:\/\/www.facebook.com\/naturalbikescl","article_modified_time":"2026-01-06T20:12:43+00:00","og_image":[{"width":2000,"height":1728,"url":"https:\/\/naturalbikes.cl\/wp-content\/uploads\/2023\/11\/N237TTCC-N1-SIDE-OIZ_M30.jpg","type":"image\/jpeg"}],"twitter_card":"summary_large_image","twitter_misc":{"Tiempo de lectura":"4 minutos"},"schema":{"@context":"https:\/\/schema.org","@graph":[{"@type":"WebPage","@id":"https:\/\/naturalbikes.cl\/?product=orbea-oiz-carbon-m30","url":"https:\/\/naturalbikes.cl\/?product=orbea-oiz-carbon-m30","name":"Bicicleta Orbea Oiz Carbon M30 - NaturalBikes","isPartOf":{"@id":"https:\/\/naturalbikes.cl\/#website"},"primaryImageOfPage":{"@id":"https:\/\/naturalbikes.cl\/?product=orbea-oiz-carbon-m30#primaryimage"},"image":{"@id":"https:\/\/naturalbikes.cl\/?product=orbea-oiz-carbon-m30#primaryimage"},"thumbnailUrl":"https:\/\/naturalbikes.cl\/wp-content\/uploads\/2023\/11\/N237TTCC-N1-SIDE-OIZ_M30.jpg","datePublished":"2023-11-14T12:15:59+00:00","dateModified":"2026-01-06T20:12:43+00:00","description":"Descubre el equilibrio perfecto entre rendimiento y versatilidad con la bicicleta MTB XC XCO Orbea Oiz Carbon M30. Dise\u00f1ada para conquistar los terrenos m\u00e1s desafiantes, esta bicicleta ofrece un cuadro de carbono de alta calidad y componentes de primera l\u00ednea que te brindan un control excepcional y una experiencia de conducci\u00f3n sin igual. Prep\u00e1rate para elevar tu juego en competiciones de XC y XCO con la Orbea Oiz Carbon M30.","breadcrumb":{"@id":"https:\/\/naturalbikes.cl\/?product=orbea-oiz-carbon-m30#breadcrumb"},"inLanguage":"es","potentialAction":[{"@type":"ReadAction","target":["https:\/\/naturalbikes.cl\/?product=orbea-oiz-carbon-m30"]}]},{"@type":"ImageObject","inLanguage":"es","@id":"https:\/\/naturalbikes.cl\/?product=orbea-oiz-carbon-m30#primaryimage","url":"https:\/\/naturalbikes.cl\/wp-content\/uploads\/2023\/11\/N237TTCC-N1-SIDE-OIZ_M30.jpg","contentUrl":"https:\/\/naturalbikes.cl\/wp-content\/uploads\/2023\/11\/N237TTCC-N1-SIDE-OIZ_M30.jpg","width":2000,"height":1728},{"@type":"BreadcrumbList","@id":"https:\/\/naturalbikes.cl\/?product=orbea-oiz-carbon-m30#breadcrumb","itemListElement":[{"@type":"ListItem","position":1,"name":"Portada","item":"https:\/\/naturalbikes.cl\/"},{"@type":"ListItem","position":2,"name":"Tienda NB","item":"https:\/\/naturalbikes.cl\/?page_id=7843"},{"@type":"ListItem","position":3,"name":"Orbea","item":"https:\/\/naturalbikes.cl\/?product_brand=orbea"},{"@type":"ListItem","position":4,"name":"Bicicleta Orbea Oiz Carbon M30"}]},{"@type":"WebSite","@id":"https:\/\/naturalbikes.cl\/#website","url":"https:\/\/naturalbikes.cl\/","name":"Natural Bikes","description":"Tienda de bicicletas repuestos accesorios taller mantenimiento clases salidas","publisher":{"@id":"https:\/\/naturalbikes.cl\/#organization"},"alternateName":"Natural Bikes","potentialAction":[{"@type":"SearchAction","target":{"@type":"EntryPoint","urlTemplate":"https:\/\/naturalbikes.cl\/?s={search_term_string}"},"query-input":{"@type":"PropertyValueSpecification","valueRequired":true,"valueName":"search_term_string"}}],"inLanguage":"es"},{"@type":"Organization","@id":"https:\/\/naturalbikes.cl\/#organization","name":"Natural Bikes","alternateName":"Natural Bikes","url":"https:\/\/naturalbikes.cl\/","logo":{"@type":"ImageObject","inLanguage":"es","@id":"https:\/\/naturalbikes.cl\/#\/schema\/logo\/image\/","url":"https:\/\/naturalbikes.cl\/wp-content\/uploads\/2024\/05\/2023-10-10-10.44.12.jpg","contentUrl":"https:\/\/naturalbikes.cl\/wp-content\/uploads\/2024\/05\/2023-10-10-10.44.12.jpg","width":650,"height":650,"caption":"Natural Bikes"},"image":{"@id":"https:\/\/naturalbikes.cl\/#\/schema\/logo\/image\/"},"sameAs":["https:\/\/www.facebook.com\/naturalbikescl","https:\/\/www.instagram.com\/natural.bikes","https:\/\/www.tiktok.com\/@natural.bikes"],"description":"Ofrecer a nuestros clientes apasionados por el ciclismo de monta\u00f1a la mejor experiencia en productos, conocimientos especializados y servicios excepcionales. Nos comprometemos a proporcionar una amplia gama de bicicletas, accesorios y equipo de alta calidad, junto con asesoramiento experto y atenci\u00f3n personalizada para cada ciclista, para que puedan explorar, disfrutar y maximizar su aventura en el mundo del MTB","email":"naturalbikes1@gmail.com","telephone":"56977043878","legalName":"Natural Bikes Limitada","foundingDate":"2024-01-01","vatID":"76699553-5","taxID":"76699553-5","numberOfEmployees":{"@type":"QuantitativeValue","minValue":"1","maxValue":"10"},"publishingPrinciples":"https:\/\/naturalbikes.cl\/?page_id=7843","ownershipFundingInfo":"https:\/\/naturalbikes.cl\/?page_id=7843","actionableFeedbackPolicy":"https:\/\/naturalbikes.cl\/?page_id=14797","correctionsPolicy":"https:\/\/naturalbikes.cl\/?page_id=3","ethicsPolicy":"https:\/\/naturalbikes.cl\/?page_id=7843","diversityPolicy":"https:\/\/naturalbikes.cl\/?page_id=11734","diversityStaffingReport":"https:\/\/naturalbikes.cl\/?page_id=12161"}]}},"_links":{"self":[{"href":"https:\/\/naturalbikes.cl\/index.php?rest_route=\/wp\/v2\/product\/10972"}],"collection":[{"href":"https:\/\/naturalbikes.cl\/index.php?rest_route=\/wp\/v2\/product"}],"about":[{"href":"https:\/\/naturalbikes.cl\/index.php?rest_route=\/wp\/v2\/types\/product"}],"replies":[{"embeddable":true,"href":"https:\/\/naturalbikes.cl\/index.php?rest_route=%2Fwp%2Fv2%2Fcomments&post=10972"}],"wp:featuredmedia":[{"embeddable":true,"href":"https:\/\/naturalbikes.cl\/index.php?rest_route=\/wp\/v2\/media\/11202"}],"wp:attachment":[{"href":"https:\/\/naturalbikes.cl\/index.php?rest_route=%2Fwp%2Fv2%2Fmedia&parent=10972"}],"wp:term":[{"taxonomy":"product_cat","embeddable":true,"href":"https:\/\/naturalbikes.cl\/index.php?rest_route=%2Fwp%2Fv2%2Fproduct_cat&post=10972"},{"taxonomy":"product_tag","embeddable":true,"href":"https:\/\/naturalbikes.cl\/index.php?rest_route=%2Fwp%2Fv2%2Fproduct_tag&post=10972"}],"curies":[{"name":"wp","href":"https:\/\/api.w.org\/{rel}","templated":true}]}}