{"id":3,"date":"2023-10-02T00:20:47","date_gmt":"2023-10-02T00:20:47","guid":{"rendered":"https:\/\/naturalbikes.cl\/?page_id=3"},"modified":"2023-12-27T09:58:07","modified_gmt":"2023-12-27T12:58:07","slug":"privacy-policy","status":"publish","type":"page","link":"https:\/\/naturalbikes.cl\/?page_id=3","title":{"rendered":"Pol\u00edtica de devoluci\u00f3n y reembolso"},"content":{"rendered":"\t\t<div data-elementor-type=\"wp-page\" data-elementor-id=\"3\" class=\"elementor elementor-3\" data-elementor-post-type=\"page\">\n\t\t\t\t<div class=\"elementor-element elementor-element-49ef6071 e-flex e-con-boxed e-con e-parent\" data-id=\"49ef6071\" data-element_type=\"container\">\n\t\t\t\t\t<div class=\"e-con-inner\">\n\t\t\n\t\t<div class=\"elementor-element elementor-element-4590d8f6 elementor-widget elementor-widget-text-editor\" data-id=\"4590d8f6\" data-element_type=\"widget\" data-widget_type=\"text-editor.default\">\n\t\t\t\t<div class=\"elementor-widget-container\"><h2 class=\"wp-block-heading\">T\u00e9rminos y Condiciones de Uso \/ Condiciones Generales de Venta<\/h2><p><strong class=\"privacy-policy-tutorial\">\u00a0<\/strong><\/p><h2 class=\"wp-block-heading\">1. Condiciones Generales<\/h2>\n<p>Al utilizar el sitio web naturalbikes.cl, usted (\u00abCliente\u00bb) acepta los t\u00e9rminos y condiciones establecidos por NATURAL BIKES LTDA, en adelante NATURAL BIKES LTDA. La oferta y adquisici\u00f3n de productos y servicios a trav\u00e9s de este sitio se considera completa cuando el Cliente agrega los productos al carrito, proporciona los datos para el despacho o retiro, acepta los T\u00e9rminos y Condiciones de Uso y realiza el pago de manera efectiva (ver punto 3).<\/p>\n<p><br \/>NATURAL BIKES LTDA se reserva el derecho de cancelar compras sospechosas de fraude o que no cumplen con las garant\u00edas de seriedad. En tales casos, se solicitar\u00e1n los antecedentes necesarios para asegurar una entrega adecuada.<\/p><h2 class=\"wp-block-heading\">2. Entrega y Despacho de los Productos<\/h2><p>Retiro en Tienda: Los productos deben retirarse en un plazo m\u00e1ximo de 15 d\u00edas h\u00e1biles desde la compra en la direcci\u00f3n Las olas 78, local 202, Vi\u00f1a del Mar, en horarios espec\u00edficos de lunes a viernes. Se requiere presentar la orden de compra, identificaci\u00f3n v\u00e1lida y, en casos de dudas sobre la forma de pago, mostrar la tarjeta de cr\u00e9dito.<br \/>Despacho V\u00eda STARKEN con pago en destino: Los productos se entregan embalados en la oficina de STARKEN. Una vez recibidos por la empresa de transporte, la responsabilidad por p\u00e9rdidas o da\u00f1os recae en esta \u00faltima. El pago se realiza al momento del retiro o recepci\u00f3n en la oficina de STARKEN.<br \/>Despacho V\u00eda STARKEN prepagado: Los productos se entregan embalados en la oficina de STARKEN, y el pago a STARKEN se realiza al momento de la entrega seg\u00fan la tarifa indicada por ellos.<br \/>Excepciones: NATURAL BIKES LTDA se reserva el derecho de cambiar el transporte en casos de seguridad, riesgo de p\u00e9rdida o posibles fraudes, solicitando al cliente retirar los productos en tienda.<\/p><h2 class=\"wp-block-heading\">3. Pagos<\/h2><p>NATURAL BIKES LTDA acepta pagos mediante transferencia bancaria, tarjetas de d\u00e9bito o cr\u00e9dito, Mercado Pago y efectivo en tienda.<\/p><p>\u00a0<\/p><h2 class=\"wp-block-heading\">4. Garant\u00edas<\/h2><p>Todos los productos tienen la garant\u00eda legal de 3 meses para productos nuevos y 30 d\u00edas h\u00e1biles para servicios y reparaciones. NATURAL BIKES LTDA puede ofrecer garant\u00edas extendidas en casos especiales.<\/p><h2 class=\"wp-block-heading\">5. Derechos del Consumidor<\/h2><p>NATURAL BIKES LTDA respeta los derechos del consumidor seg\u00fan la ley chilena. Para m\u00e1s informaci\u00f3n, consulte: Enlace a la Ley del Consumidor<\/p><h2 class=\"wp-block-heading\">6. Consultas Espec\u00edficas<\/h2><p>Para cualquier duda, consulta o reclamo, nuestros canales de atenci\u00f3n son:<\/p>\n<p>Celular o WhatsApp: +56 9 77043878<br \/>Correo Electr\u00f3nico: naturalbikes1@gmail.com<\/p><p>\u00a0<\/p><\/div>\n\t\t\t\t<\/div>\n\t\t\t\t\t<\/div>\n\t\t\t\t<\/div>\t\t<\/div>\n\t\t","protected":false},"excerpt":{"rendered":"<p>T\u00e9rminos y Condiciones de Uso \/ Condiciones Generales de Venta \u00a0 1. Condiciones Generales Al utilizar el sitio web naturalbikes.cl, usted (\u00abCliente\u00bb) acepta los t\u00e9rminos y condiciones establecidos por NATURAL BIKES LTDA, en adelante NATURAL BIKES LTDA. La oferta y adquisici\u00f3n de productos y servicios a trav\u00e9s de este sitio se considera completa cuando el [&hellip;]<\/p>\n","protected":false},"author":1,"featured_media":0,"parent":0,"menu_order":0,"comment_status":"closed","ping_status":"open","template":"","meta":{"footnotes":""},"class_list":["post-3","page","type-page","status-publish","hentry"],"yoast_head":"<!-- This site is optimized with the Yoast SEO Premium plugin v24.8 (Yoast SEO v25.6) - https:\/\/yoast.com\/wordpress\/plugins\/seo\/ -->\n<title>Pol\u00edtica de devoluci\u00f3n y reembolso -<\/title>\n<meta name=\"robots\" content=\"index, follow, max-snippet:-1, max-image-preview:large, max-video-preview:-1\" \/>\n<link rel=\"canonical\" href=\"https:\/\/naturalbikes.cl\/?page_id=3\" \/>\n<meta property=\"og:locale\" content=\"es_ES\" \/>\n<meta property=\"og:type\" content=\"article\" \/>\n<meta property=\"og:title\" content=\"Pol\u00edtica de devoluci\u00f3n y reembolso\" \/>\n<meta property=\"og:description\" content=\"Hemos estado motivando a la gente a andar en bicicleta desde siempre, tarea de todos los d\u00edas.\" \/>\n<meta property=\"og:url\" content=\"https:\/\/naturalbikes.cl\/?page_id=3\" \/>\n<meta property=\"og:site_name\" content=\"NaturalBikes\" \/>\n<meta property=\"article:publisher\" content=\"https:\/\/www.facebook.com\/naturalbikescl\" \/>\n<meta property=\"article:modified_time\" content=\"2023-12-27T12:58:07+00:00\" \/>\n<meta property=\"og:image\" content=\"https:\/\/naturalbikes.cl\/wp-content\/uploads\/2024\/05\/2023-10-10-10.44.12.jpg\" \/>\n\t<meta property=\"og:image:width\" content=\"650\" \/>\n\t<meta property=\"og:image:height\" content=\"650\" \/>\n\t<meta property=\"og:image:type\" content=\"image\/jpeg\" \/>\n<meta name=\"twitter:card\" content=\"summary_large_image\" \/>\n<meta name=\"twitter:label1\" content=\"Tiempo de lectura\" \/>\n\t<meta name=\"twitter:data1\" content=\"2 minutos\" \/>\n<script type=\"application\/ld+json\" class=\"yoast-schema-graph\">{\"@context\":\"https:\/\/schema.org\",\"@graph\":[{\"@type\":\"WebPage\",\"@id\":\"https:\/\/naturalbikes.cl\/?page_id=3\",\"url\":\"https:\/\/naturalbikes.cl\/?page_id=3\",\"name\":\"Pol\u00edtica de devoluci\u00f3n y reembolso -\",\"isPartOf\":{\"@id\":\"https:\/\/naturalbikes.cl\/#website\"},\"datePublished\":\"2023-10-02T00:20:47+00:00\",\"dateModified\":\"2023-12-27T12:58:07+00:00\",\"breadcrumb\":{\"@id\":\"https:\/\/naturalbikes.cl\/?page_id=3#breadcrumb\"},\"inLanguage\":\"es\",\"potentialAction\":[{\"@type\":\"ReadAction\",\"target\":[\"https:\/\/naturalbikes.cl\/?page_id=3\"]}]},{\"@type\":\"BreadcrumbList\",\"@id\":\"https:\/\/naturalbikes.cl\/?page_id=3#breadcrumb\",\"itemListElement\":[{\"@type\":\"ListItem\",\"position\":1,\"name\":\"Portada\",\"item\":\"https:\/\/naturalbikes.cl\/\"},{\"@type\":\"ListItem\",\"position\":2,\"name\":\"Pol\u00edtica de devoluci\u00f3n y reembolso\"}]},{\"@type\":\"WebSite\",\"@id\":\"https:\/\/naturalbikes.cl\/#website\",\"url\":\"https:\/\/naturalbikes.cl\/\",\"name\":\"Natural Bikes\",\"description\":\"Tienda de bicicletas repuestos accesorios taller mantenimiento clases salidas\",\"publisher\":{\"@id\":\"https:\/\/naturalbikes.cl\/#organization\"},\"alternateName\":\"Natural Bikes\",\"potentialAction\":[{\"@type\":\"SearchAction\",\"target\":{\"@type\":\"EntryPoint\",\"urlTemplate\":\"https:\/\/naturalbikes.cl\/?s={search_term_string}\"},\"query-input\":{\"@type\":\"PropertyValueSpecification\",\"valueRequired\":true,\"valueName\":\"search_term_string\"}}],\"inLanguage\":\"es\"},{\"@type\":\"Organization\",\"@id\":\"https:\/\/naturalbikes.cl\/#organization\",\"name\":\"Natural Bikes\",\"alternateName\":\"Natural Bikes\",\"url\":\"https:\/\/naturalbikes.cl\/\",\"logo\":{\"@type\":\"ImageObject\",\"inLanguage\":\"es\",\"@id\":\"https:\/\/naturalbikes.cl\/#\/schema\/logo\/image\/\",\"url\":\"https:\/\/naturalbikes.cl\/wp-content\/uploads\/2024\/05\/2023-10-10-10.44.12.jpg\",\"contentUrl\":\"https:\/\/naturalbikes.cl\/wp-content\/uploads\/2024\/05\/2023-10-10-10.44.12.jpg\",\"width\":650,\"height\":650,\"caption\":\"Natural Bikes\"},\"image\":{\"@id\":\"https:\/\/naturalbikes.cl\/#\/schema\/logo\/image\/\"},\"sameAs\":[\"https:\/\/www.facebook.com\/naturalbikescl\",\"https:\/\/www.instagram.com\/natural.bikes\",\"https:\/\/www.tiktok.com\/@natural.bikes\"],\"description\":\"Ofrecer a nuestros clientes apasionados por el ciclismo de monta\u00f1a la mejor experiencia en productos, conocimientos especializados y servicios excepcionales. Nos comprometemos a proporcionar una amplia gama de bicicletas, accesorios y equipo de alta calidad, junto con asesoramiento experto y atenci\u00f3n personalizada para cada ciclista, para que puedan explorar, disfrutar y maximizar su aventura en el mundo del MTB\",\"email\":\"naturalbikes1@gmail.com\",\"telephone\":\"56977043878\",\"legalName\":\"Natural Bikes Limitada\",\"foundingDate\":\"2024-01-01\",\"vatID\":\"76699553-5\",\"taxID\":\"76699553-5\",\"numberOfEmployees\":{\"@type\":\"QuantitativeValue\",\"minValue\":\"1\",\"maxValue\":\"10\"},\"publishingPrinciples\":\"https:\/\/naturalbikes.cl\/?page_id=7843\",\"ownershipFundingInfo\":\"https:\/\/naturalbikes.cl\/?page_id=7843\",\"actionableFeedbackPolicy\":\"https:\/\/naturalbikes.cl\/?page_id=14797\",\"correctionsPolicy\":\"https:\/\/naturalbikes.cl\/?page_id=3\",\"ethicsPolicy\":\"https:\/\/naturalbikes.cl\/?page_id=7843\",\"diversityPolicy\":\"https:\/\/naturalbikes.cl\/?page_id=11734\",\"diversityStaffingReport\":\"https:\/\/naturalbikes.cl\/?page_id=12161\"}]}<\/script>\n<!-- \/ Yoast SEO Premium plugin. -->","yoast_head_json":{"title":"Pol\u00edtica de devoluci\u00f3n y reembolso -","robots":{"index":"index","follow":"follow","max-snippet":"max-snippet:-1","max-image-preview":"max-image-preview:large","max-video-preview":"max-video-preview:-1"},"canonical":"https:\/\/naturalbikes.cl\/?page_id=3","og_locale":"es_ES","og_type":"article","og_title":"Pol\u00edtica de devoluci\u00f3n y reembolso","og_description":"Hemos estado motivando a la gente a andar en bicicleta desde siempre, tarea de todos los d\u00edas.","og_url":"https:\/\/naturalbikes.cl\/?page_id=3","og_site_name":"NaturalBikes","article_publisher":"https:\/\/www.facebook.com\/naturalbikescl","article_modified_time":"2023-12-27T12:58:07+00:00","og_image":[{"width":650,"height":650,"url":"https:\/\/naturalbikes.cl\/wp-content\/uploads\/2024\/05\/2023-10-10-10.44.12.jpg","type":"image\/jpeg"}],"twitter_card":"summary_large_image","twitter_misc":{"Tiempo de lectura":"2 minutos"},"schema":{"@context":"https:\/\/schema.org","@graph":[{"@type":"WebPage","@id":"https:\/\/naturalbikes.cl\/?page_id=3","url":"https:\/\/naturalbikes.cl\/?page_id=3","name":"Pol\u00edtica de devoluci\u00f3n y reembolso -","isPartOf":{"@id":"https:\/\/naturalbikes.cl\/#website"},"datePublished":"2023-10-02T00:20:47+00:00","dateModified":"2023-12-27T12:58:07+00:00","breadcrumb":{"@id":"https:\/\/naturalbikes.cl\/?page_id=3#breadcrumb"},"inLanguage":"es","potentialAction":[{"@type":"ReadAction","target":["https:\/\/naturalbikes.cl\/?page_id=3"]}]},{"@type":"BreadcrumbList","@id":"https:\/\/naturalbikes.cl\/?page_id=3#breadcrumb","itemListElement":[{"@type":"ListItem","position":1,"name":"Portada","item":"https:\/\/naturalbikes.cl\/"},{"@type":"ListItem","position":2,"name":"Pol\u00edtica de devoluci\u00f3n y reembolso"}]},{"@type":"WebSite","@id":"https:\/\/naturalbikes.cl\/#website","url":"https:\/\/naturalbikes.cl\/","name":"Natural Bikes","description":"Tienda de bicicletas repuestos accesorios taller mantenimiento clases salidas","publisher":{"@id":"https:\/\/naturalbikes.cl\/#organization"},"alternateName":"Natural Bikes","potentialAction":[{"@type":"SearchAction","target":{"@type":"EntryPoint","urlTemplate":"https:\/\/naturalbikes.cl\/?s={search_term_string}"},"query-input":{"@type":"PropertyValueSpecification","valueRequired":true,"valueName":"search_term_string"}}],"inLanguage":"es"},{"@type":"Organization","@id":"https:\/\/naturalbikes.cl\/#organization","name":"Natural Bikes","alternateName":"Natural Bikes","url":"https:\/\/naturalbikes.cl\/","logo":{"@type":"ImageObject","inLanguage":"es","@id":"https:\/\/naturalbikes.cl\/#\/schema\/logo\/image\/","url":"https:\/\/naturalbikes.cl\/wp-content\/uploads\/2024\/05\/2023-10-10-10.44.12.jpg","contentUrl":"https:\/\/naturalbikes.cl\/wp-content\/uploads\/2024\/05\/2023-10-10-10.44.12.jpg","width":650,"height":650,"caption":"Natural Bikes"},"image":{"@id":"https:\/\/naturalbikes.cl\/#\/schema\/logo\/image\/"},"sameAs":["https:\/\/www.facebook.com\/naturalbikescl","https:\/\/www.instagram.com\/natural.bikes","https:\/\/www.tiktok.com\/@natural.bikes"],"description":"Ofrecer a nuestros clientes apasionados por el ciclismo de monta\u00f1a la mejor experiencia en productos, conocimientos especializados y servicios excepcionales. Nos comprometemos a proporcionar una amplia gama de bicicletas, accesorios y equipo de alta calidad, junto con asesoramiento experto y atenci\u00f3n personalizada para cada ciclista, para que puedan explorar, disfrutar y maximizar su aventura en el mundo del MTB","email":"naturalbikes1@gmail.com","telephone":"56977043878","legalName":"Natural Bikes Limitada","foundingDate":"2024-01-01","vatID":"76699553-5","taxID":"76699553-5","numberOfEmployees":{"@type":"QuantitativeValue","minValue":"1","maxValue":"10"},"publishingPrinciples":"https:\/\/naturalbikes.cl\/?page_id=7843","ownershipFundingInfo":"https:\/\/naturalbikes.cl\/?page_id=7843","actionableFeedbackPolicy":"https:\/\/naturalbikes.cl\/?page_id=14797","correctionsPolicy":"https:\/\/naturalbikes.cl\/?page_id=3","ethicsPolicy":"https:\/\/naturalbikes.cl\/?page_id=7843","diversityPolicy":"https:\/\/naturalbikes.cl\/?page_id=11734","diversityStaffingReport":"https:\/\/naturalbikes.cl\/?page_id=12161"}]}},"_links":{"self":[{"href":"https:\/\/naturalbikes.cl\/index.php?rest_route=\/wp\/v2\/pages\/3"}],"collection":[{"href":"https:\/\/naturalbikes.cl\/index.php?rest_route=\/wp\/v2\/pages"}],"about":[{"href":"https:\/\/naturalbikes.cl\/index.php?rest_route=\/wp\/v2\/types\/page"}],"author":[{"embeddable":true,"href":"https:\/\/naturalbikes.cl\/index.php?rest_route=\/wp\/v2\/users\/1"}],"replies":[{"embeddable":true,"href":"https:\/\/naturalbikes.cl\/index.php?rest_route=%2Fwp%2Fv2%2Fcomments&post=3"}],"version-history":[{"count":7,"href":"https:\/\/naturalbikes.cl\/index.php?rest_route=\/wp\/v2\/pages\/3\/revisions"}],"predecessor-version":[{"id":15001,"href":"https:\/\/naturalbikes.cl\/index.php?rest_route=\/wp\/v2\/pages\/3\/revisions\/15001"}],"wp:attachment":[{"href":"https:\/\/naturalbikes.cl\/index.php?rest_route=%2Fwp%2Fv2%2Fmedia&parent=3"}],"curies":[{"name":"wp","href":"https:\/\/api.w.org\/{rel}","templated":true}]}}